{"id":21428,"date":"2025-10-10T19:17:44","date_gmt":"2025-10-10T16:17:44","guid":{"rendered":"https:\/\/skaitytaknyga.lt\/?post_type=product&#038;p=21428"},"modified":"2026-02-26T10:10:25","modified_gmt":"2026-02-26T08:10:25","slug":"vidinio-isgijimo-kelias-kad-geriau-sutartume-su-savimi","status":"publish","type":"product","link":"https:\/\/skaitytaknyga.lt\/en\/produktas\/vidinio-isgijimo-kelias-kad-geriau-sutartume-su-savimi\/","title":{"rendered":"Vidinio i\u0161gijimo kelias. Kad geriau sutartume su savimi"},"content":{"rendered":"<p>Yra kan\u010dia, nuo kurios negalime apsisaugoti. Tai kan\u010dia, kuri\u0105 gyvenimas yra paruo\u0161\u0119s kiekvienam: liga, nelaim\u0117, brangaus \u017emogaus netektis, nemalonumai. Bet yra ir kitokia kan\u010dia, kurios \u017eingsnius ir takus gerai pa\u017e\u012fstame ir kurios galime i\u0161vengti. Tai blogis, kur\u012f mums teikia \u012fvair\u016bs jausmai, pvz., godumas, neapykanta, pavydas, perd\u0117tas \u012ftarumas, noras visur bet kokia kaina pirmauti, prie\u0161i\u0161kumas, neuroti\u0161ka baim\u0117. Bet mes galime sunaikinti t\u0105 pra\u017e\u016bting\u0105 raizgin\u012f neigiamybi\u0173, kurios u\u017eter\u0161ia m\u016bs\u0173 vid\u0173 ir m\u016bs\u0173 santykius su kitais.<\/p>\n<p>\u0160ia knyga siekiama nurodyti t\u0105 ka\u017ek\u0105 &#8211; daug ar ma\u017eai &#8211; k\u0105 kiekvienas i\u0161 m\u016bs\u0173 galime padaryti, kad i\u0161gydytume savo vid\u0173 ir i\u0161vengtume nereikaling\u0173 kan\u010di\u0173, kad vidinis gyvenimas tapt\u0173 geresnis. Bet kad tai \u012fvykt\u0173, yra viena b\u016btina s\u0105lyga: tik\u0117ti, kad taip gali b\u016bti.<\/p>\n<p>\u0160i knyga yra daugyb\u0117s susitikim\u0173 su ken\u010dian\u010diais \u017emon\u0117mis, prie kuri\u0173 autorius, tur\u0117jo progos prisiartinti kaip kunigas ir psichoterapeutas, patirties vaisius. \u0160iais puslapiais jis sako skaitytojui, kad tai, ko ie\u0161kote, yra visai \u0161alia. Tik reikia atpa\u017einti. Nereikia ie\u0161koti kitur. Kitur yra tavyje.<\/p>\n<p>Giuseppe Colombero &#8211; kunigas, teologijos, filosofijos ir psichologijos moksl\u0173 daktaras. Gyvena ir jau daugel\u012f met\u0173 dirba ligonini\u0173 kapelionu Turine, Italijoje.<\/p>\n","protected":false},"excerpt":{"rendered":"<p>Yra kan\u010dia, nuo kurios negalime apsisaugoti. Tai kan\u010dia, kuri\u0105 gyvenimas yra paruo\u0161\u0119s kiekvienam: liga, nelaim\u0117, brangaus \u017emogaus netektis, nemalonumai. Bet yra ir kitokia kan\u010dia, kurios \u017eingsnius ir takus gerai pa\u017e\u012fstame ir kurios galime i\u0161vengti. Tai blogis, kur\u012f mums teikia \u012fvair\u016bs jausmai, pvz., godumas, neapykanta, pavydas, perd\u0117tas \u012ftarumas, noras visur bet kokia kaina pirmauti, prie\u0161i\u0161kumas, neuroti\u0161ka baim\u0117. Bet mes galime sunaikinti t\u0105 pra\u017e\u016bting\u0105 raizgin\u012f neigiamybi\u0173, kurios u\u017eter\u0161ia m\u016bs\u0173 vid\u0173 ir m\u016bs\u0173 santykius su kitais. \u0160ia knyga siekiama nurodyti t\u0105 ka\u017ek\u0105 &#8211; daug ar ma\u017eai &#8211; k\u0105 kiekvienas i\u0161 m\u016bs\u0173 galime padaryti, kad i\u0161gydytume savo vid\u0173 ir i\u0161vengtume nereikaling\u0173 kan\u010di\u0173, kad vidinis gyvenimas tapt\u0173 geresnis. Bet kad tai \u012fvykt\u0173, yra viena b\u016btina s\u0105lyga: tik\u0117ti, kad taip gali b\u016bti. \u0160i knyga yra daugyb\u0117s susitikim\u0173 su ken\u010dian\u010diais \u017emon\u0117mis, prie kuri\u0173 autorius, tur\u0117jo progos prisiartinti kaip kunigas ir psichoterapeutas, patirties vaisius. \u0160iais puslapiais jis sako skaitytojui, kad tai, ko ie\u0161kote, yra visai \u0161alia. Tik reikia atpa\u017einti. Nereikia ie\u0161koti kitur. Kitur yra tavyje. Giuseppe Colombero &#8211; kunigas, teologijos, filosofijos ir psichologijos moksl\u0173 daktaras. Gyvena ir jau daugel\u012f met\u0173 dirba ligonini\u0173 kapelionu Turine, Italijoje.<\/p>\n","protected":false},"featured_media":21433,"comment_status":"open","ping_status":"closed","template":"","meta":{"_acf_changed":false,"site-sidebar-layout":"default","site-content-layout":"","ast-site-content-layout":"default","site-content-style":"default","site-sidebar-style":"default","ast-global-header-display":"","ast-banner-title-visibility":"","ast-main-header-display":"","ast-hfb-above-header-display":"","ast-hfb-below-header-display":"","ast-hfb-mobile-header-display":"","site-post-title":"","ast-breadcrumbs-content":"","ast-featured-img":"","footer-sml-layout":"","ast-disable-related-posts":"","theme-transparent-header-meta":"","adv-header-id-meta":"","stick-header-meta":"","header-above-stick-meta":"","header-main-stick-meta":"","header-below-stick-meta":"","astra-migrate-meta-layouts":"default","ast-page-background-enabled":"default","ast-page-background-meta":{"desktop":{"background-color":"","background-image":"","background-repeat":"repeat","background-position":"center center","background-size":"auto","background-attachment":"scroll","background-type":"","background-media":"","overlay-type":"","overlay-color":"","overlay-opacity":"","overlay-gradient":""},"tablet":{"background-color":"","background-image":"","background-repeat":"repeat","background-position":"center center","background-size":"auto","background-attachment":"scroll","background-type":"","background-media":"","overlay-type":"","overlay-color":"","overlay-opacity":"","overlay-gradient":""},"mobile":{"background-color":"","background-image":"","background-repeat":"repeat","background-position":"center center","background-size":"auto","background-attachment":"scroll","background-type":"","background-media":"","overlay-type":"","overlay-color":"","overlay-opacity":"","overlay-gradient":""}},"ast-content-background-meta":{"desktop":{"background-color":"var(--ast-global-color-4)","background-image":"","background-repeat":"repeat","background-position":"center center","background-size":"auto","background-attachment":"scroll","background-type":"","background-media":"","overlay-type":"","overlay-color":"","overlay-opacity":"","overlay-gradient":""},"tablet":{"background-color":"var(--ast-global-color-4)","background-image":"","background-repeat":"repeat","background-position":"center center","background-size":"auto","background-attachment":"scroll","background-type":"","background-media":"","overlay-type":"","overlay-color":"","overlay-opacity":"","overlay-gradient":""},"mobile":{"background-color":"var(--ast-global-color-4)","background-image":"","background-repeat":"repeat","background-position":"center center","background-size":"auto","background-attachment":"scroll","background-type":"","background-media":"","overlay-type":"","overlay-color":"","overlay-opacity":"","overlay-gradient":""}}},"product_brand":[],"product_cat":[165],"product_tag":[],"class_list":{"0":"post-21428","1":"product","2":"type-product","3":"status-publish","4":"has-post-thumbnail","6":"product_cat-religija-filosofija-ir-ezoterika","7":"desktop-align-left","8":"tablet-align-left","9":"mobile-align-left","11":"first","12":"instock","13":"shipping-taxable","14":"purchasable","15":"product-type-simple"},"acf":[],"yoast_head":"<!-- This site is optimized with the Yoast SEO plugin v27.0 - https:\/\/yoast.com\/product\/yoast-seo-wordpress\/ -->\n<title>Vidinio i\u0161gijimo kelias. Kad geriau sutartume su savimi<\/title>\n<meta name=\"description\" content=\"Yra kan\u010dia, nuo kurios negalime apsisaugoti. Tai kan\u010dia, kuri\u0105 gyvenimas yra paruo\u0161\u0119s kiekvienam: liga, nelaim\u0117, brangaus \u017emogaus netektis, nemalonumai.\" \/>\n<meta name=\"robots\" content=\"index, follow, max-snippet:-1, max-image-preview:large, max-video-preview:-1\" \/>\n<link rel=\"canonical\" href=\"https:\/\/skaitytaknyga.lt\/en\/produktas\/vidinio-isgijimo-kelias-kad-geriau-sutartume-su-savimi\/\" \/>\n<meta property=\"og:locale\" content=\"en_GB\" \/>\n<meta property=\"og:locale:alternate\" content=\"lt_LT\" \/>\n<meta property=\"og:type\" content=\"article\" \/>\n<meta property=\"og:title\" content=\"Vidinio i\u0161gijimo kelias. Kad geriau sutartume su savimi\" \/>\n<meta property=\"og:description\" content=\"Yra kan\u010dia, nuo kurios negalime apsisaugoti. Tai kan\u010dia, kuri\u0105 gyvenimas yra paruo\u0161\u0119s kiekvienam: liga, nelaim\u0117, brangaus \u017emogaus netektis, nemalonumai.\" \/>\n<meta property=\"og:url\" content=\"https:\/\/skaitytaknyga.lt\/en\/produktas\/vidinio-isgijimo-kelias-kad-geriau-sutartume-su-savimi\/\" \/>\n<meta property=\"og:site_name\" content=\"Skaitytaknyga\" \/>\n<meta property=\"article:publisher\" content=\"https:\/\/www.facebook.com\/skaitytaknyga\/\" \/>\n<meta property=\"article:modified_time\" content=\"2026-02-26T08:10:25+00:00\" \/>\n<meta property=\"og:image\" content=\"https:\/\/skaitytaknyga.lt\/wp-content\/uploads\/2025\/10\/Vidinio-isgijimo-kelias.-Kad-geriau-sutartume-su-savimi-1.webp\" \/>\n\t<meta property=\"og:image:width\" content=\"300\" \/>\n\t<meta property=\"og:image:height\" content=\"483\" \/>\n\t<meta property=\"og:image:type\" content=\"image\/webp\" \/>\n<meta name=\"twitter:card\" content=\"summary_large_image\" \/>\n<meta name=\"twitter:label1\" content=\"Estimated reading time\" \/>\n\t<meta name=\"twitter:data1\" content=\"1 minute\" \/>\n<script type=\"application\/ld+json\" class=\"yoast-schema-graph\">{\"@context\":\"https:\/\/schema.org\",\"@graph\":[{\"@type\":\"WebPage\",\"@id\":\"https:\/\/skaitytaknyga.lt\/produktas\/vidinio-isgijimo-kelias-kad-geriau-sutartume-su-savimi\/\",\"url\":\"https:\/\/skaitytaknyga.lt\/produktas\/vidinio-isgijimo-kelias-kad-geriau-sutartume-su-savimi\/\",\"name\":\"Vidinio i\u0161gijimo kelias. Kad geriau sutartume su savimi\",\"isPartOf\":{\"@id\":\"https:\/\/skaitytaknyga.lt\/#website\"},\"primaryImageOfPage\":{\"@id\":\"https:\/\/skaitytaknyga.lt\/produktas\/vidinio-isgijimo-kelias-kad-geriau-sutartume-su-savimi\/#primaryimage\"},\"image\":{\"@id\":\"https:\/\/skaitytaknyga.lt\/produktas\/vidinio-isgijimo-kelias-kad-geriau-sutartume-su-savimi\/#primaryimage\"},\"thumbnailUrl\":\"https:\/\/skaitytaknyga.lt\/wp-content\/uploads\/2025\/10\/Vidinio-isgijimo-kelias.-Kad-geriau-sutartume-su-savimi-1.webp\",\"datePublished\":\"2025-10-10T16:17:44+00:00\",\"dateModified\":\"2026-02-26T08:10:25+00:00\",\"description\":\"Yra kan\u010dia, nuo kurios negalime apsisaugoti. Tai kan\u010dia, kuri\u0105 gyvenimas yra paruo\u0161\u0119s kiekvienam: liga, nelaim\u0117, brangaus \u017emogaus netektis, nemalonumai.\",\"breadcrumb\":{\"@id\":\"https:\/\/skaitytaknyga.lt\/produktas\/vidinio-isgijimo-kelias-kad-geriau-sutartume-su-savimi\/#breadcrumb\"},\"inLanguage\":\"en-GB\",\"potentialAction\":[{\"@type\":\"ReadAction\",\"target\":[\"https:\/\/skaitytaknyga.lt\/produktas\/vidinio-isgijimo-kelias-kad-geriau-sutartume-su-savimi\/\"]}]},{\"@type\":\"ImageObject\",\"inLanguage\":\"en-GB\",\"@id\":\"https:\/\/skaitytaknyga.lt\/produktas\/vidinio-isgijimo-kelias-kad-geriau-sutartume-su-savimi\/#primaryimage\",\"url\":\"https:\/\/skaitytaknyga.lt\/wp-content\/uploads\/2025\/10\/Vidinio-isgijimo-kelias.-Kad-geriau-sutartume-su-savimi-1.webp\",\"contentUrl\":\"https:\/\/skaitytaknyga.lt\/wp-content\/uploads\/2025\/10\/Vidinio-isgijimo-kelias.-Kad-geriau-sutartume-su-savimi-1.webp\",\"width\":300,\"height\":483,\"caption\":\"Vidinio i\u0161gijimo kelias. Kad geriau sutartume su savimi\"},{\"@type\":\"BreadcrumbList\",\"@id\":\"https:\/\/skaitytaknyga.lt\/produktas\/vidinio-isgijimo-kelias-kad-geriau-sutartume-su-savimi\/#breadcrumb\",\"itemListElement\":[{\"@type\":\"ListItem\",\"position\":1,\"name\":\"Home\",\"item\":\"https:\/\/skaitytaknyga.lt\/\"},{\"@type\":\"ListItem\",\"position\":2,\"name\":\"Parduotuv\u0117\",\"item\":\"https:\/\/skaitytaknyga.lt\/knygu-parduotuve\/\"},{\"@type\":\"ListItem\",\"position\":3,\"name\":\"Vidinio i\u0161gijimo kelias. Kad geriau sutartume su savimi\"}]},{\"@type\":\"WebSite\",\"@id\":\"https:\/\/skaitytaknyga.lt\/#website\",\"url\":\"https:\/\/skaitytaknyga.lt\/\",\"name\":\"skaitytaknyga.lt\",\"description\":\"Skaitytaknyga.lt \u2013 tai ma\u017eas \u0161eimos verslas, kuris prasid\u0117jo nuo meil\u0117s knygoms ir siekio i\u0161gelb\u0117ti knygas nuo likimo prie konteinerio. Kas vienam nereikalingas daiktas \u2013 kitam lobis, o mes esame tarpininkai, kurie padeda abiems tapti laimingesniems ???? \u017dinome kaip nelengva i\u0161gyventi ma\u017eiems verslams, tad nuo \u0161iol, \u010dia rasite ir kit\u0173, ma\u017e\u0173 \u0161eim\u0173 versl\u0173, rank\u0173 darbo, dovan\u0173 sau ir artimiesiems.\",\"publisher\":{\"@id\":\"https:\/\/skaitytaknyga.lt\/#organization\"},\"potentialAction\":[{\"@type\":\"SearchAction\",\"target\":{\"@type\":\"EntryPoint\",\"urlTemplate\":\"https:\/\/skaitytaknyga.lt\/?s={search_term_string}\"},\"query-input\":{\"@type\":\"PropertyValueSpecification\",\"valueRequired\":true,\"valueName\":\"search_term_string\"}}],\"inLanguage\":\"en-GB\"},{\"@type\":\"Organization\",\"@id\":\"https:\/\/skaitytaknyga.lt\/#organization\",\"name\":\"skaitytaknyga.lt\",\"url\":\"https:\/\/skaitytaknyga.lt\/\",\"logo\":{\"@type\":\"ImageObject\",\"inLanguage\":\"en-GB\",\"@id\":\"https:\/\/skaitytaknyga.lt\/#\/schema\/logo\/image\/\",\"url\":\"https:\/\/skaitytaknyga.lt\/wp-content\/uploads\/2024\/05\/cropped-cropped-cropped-02_00843_jt3bggkj1j3HLc7SyY6rEUpg.jpeg\",\"contentUrl\":\"https:\/\/skaitytaknyga.lt\/wp-content\/uploads\/2024\/05\/cropped-cropped-cropped-02_00843_jt3bggkj1j3HLc7SyY6rEUpg.jpeg\",\"width\":1600,\"height\":1600,\"caption\":\"skaitytaknyga.lt\"},\"image\":{\"@id\":\"https:\/\/skaitytaknyga.lt\/#\/schema\/logo\/image\/\"},\"sameAs\":[\"https:\/\/www.facebook.com\/skaitytaknyga\/\"]}]}<\/script>\n<!-- \/ Yoast SEO plugin. -->","yoast_head_json":{"title":"Vidinio i\u0161gijimo kelias. Kad geriau sutartume su savimi","description":"Yra kan\u010dia, nuo kurios negalime apsisaugoti. Tai kan\u010dia, kuri\u0105 gyvenimas yra paruo\u0161\u0119s kiekvienam: liga, nelaim\u0117, brangaus \u017emogaus netektis, nemalonumai.","robots":{"index":"index","follow":"follow","max-snippet":"max-snippet:-1","max-image-preview":"max-image-preview:large","max-video-preview":"max-video-preview:-1"},"canonical":"https:\/\/skaitytaknyga.lt\/en\/produktas\/vidinio-isgijimo-kelias-kad-geriau-sutartume-su-savimi\/","og_locale":"en_GB","og_type":"article","og_title":"[:lt]Vidinio i\u0161gijimo kelias. Kad geriau sutartume su savimi[:] - Skaitytaknyga","og_description":"Yra kan\u010dia, nuo kurios negalime apsisaugoti. Tai kan\u010dia, kuri\u0105 gyvenimas yra paruo\u0161\u0119s kiekvienam: liga, nelaim\u0117, brangaus \u017emogaus netektis, nemalonumai.","og_url":"https:\/\/skaitytaknyga.lt\/en\/produktas\/vidinio-isgijimo-kelias-kad-geriau-sutartume-su-savimi\/","og_site_name":"Skaitytaknyga","article_publisher":"https:\/\/www.facebook.com\/skaitytaknyga\/","article_modified_time":"2026-02-26T08:10:25+00:00","og_image":[{"width":300,"height":483,"url":"https:\/\/skaitytaknyga.lt\/wp-content\/uploads\/2025\/10\/Vidinio-isgijimo-kelias.-Kad-geriau-sutartume-su-savimi-1.webp","type":"image\/webp"}],"twitter_card":"summary_large_image","twitter_misc":{"Estimated reading time":"1 minute"},"schema":{"@context":"https:\/\/schema.org","@graph":[{"@type":"WebPage","@id":"https:\/\/skaitytaknyga.lt\/produktas\/vidinio-isgijimo-kelias-kad-geriau-sutartume-su-savimi\/","url":"https:\/\/skaitytaknyga.lt\/produktas\/vidinio-isgijimo-kelias-kad-geriau-sutartume-su-savimi\/","name":"Vidinio i\u0161gijimo kelias. Kad geriau sutartume su savimi","isPartOf":{"@id":"https:\/\/skaitytaknyga.lt\/#website"},"primaryImageOfPage":{"@id":"https:\/\/skaitytaknyga.lt\/produktas\/vidinio-isgijimo-kelias-kad-geriau-sutartume-su-savimi\/#primaryimage"},"image":{"@id":"https:\/\/skaitytaknyga.lt\/produktas\/vidinio-isgijimo-kelias-kad-geriau-sutartume-su-savimi\/#primaryimage"},"thumbnailUrl":"https:\/\/skaitytaknyga.lt\/wp-content\/uploads\/2025\/10\/Vidinio-isgijimo-kelias.-Kad-geriau-sutartume-su-savimi-1.webp","datePublished":"2025-10-10T16:17:44+00:00","dateModified":"2026-02-26T08:10:25+00:00","description":"Yra kan\u010dia, nuo kurios negalime apsisaugoti. Tai kan\u010dia, kuri\u0105 gyvenimas yra paruo\u0161\u0119s kiekvienam: liga, nelaim\u0117, brangaus \u017emogaus netektis, nemalonumai.","breadcrumb":{"@id":"https:\/\/skaitytaknyga.lt\/produktas\/vidinio-isgijimo-kelias-kad-geriau-sutartume-su-savimi\/#breadcrumb"},"inLanguage":"en-GB","potentialAction":[{"@type":"ReadAction","target":["https:\/\/skaitytaknyga.lt\/produktas\/vidinio-isgijimo-kelias-kad-geriau-sutartume-su-savimi\/"]}]},{"@type":"ImageObject","inLanguage":"en-GB","@id":"https:\/\/skaitytaknyga.lt\/produktas\/vidinio-isgijimo-kelias-kad-geriau-sutartume-su-savimi\/#primaryimage","url":"https:\/\/skaitytaknyga.lt\/wp-content\/uploads\/2025\/10\/Vidinio-isgijimo-kelias.-Kad-geriau-sutartume-su-savimi-1.webp","contentUrl":"https:\/\/skaitytaknyga.lt\/wp-content\/uploads\/2025\/10\/Vidinio-isgijimo-kelias.-Kad-geriau-sutartume-su-savimi-1.webp","width":300,"height":483,"caption":"Vidinio i\u0161gijimo kelias. Kad geriau sutartume su savimi"},{"@type":"BreadcrumbList","@id":"https:\/\/skaitytaknyga.lt\/produktas\/vidinio-isgijimo-kelias-kad-geriau-sutartume-su-savimi\/#breadcrumb","itemListElement":[{"@type":"ListItem","position":1,"name":"Home","item":"https:\/\/skaitytaknyga.lt\/"},{"@type":"ListItem","position":2,"name":"Parduotuv\u0117","item":"https:\/\/skaitytaknyga.lt\/knygu-parduotuve\/"},{"@type":"ListItem","position":3,"name":"Vidinio i\u0161gijimo kelias. Kad geriau sutartume su savimi"}]},{"@type":"WebSite","@id":"https:\/\/skaitytaknyga.lt\/#website","url":"https:\/\/skaitytaknyga.lt\/","name":"skaitytaknyga.lt","description":"Skaitytaknyga.lt \u2013 tai ma\u017eas \u0161eimos verslas, kuris prasid\u0117jo nuo meil\u0117s knygoms ir siekio i\u0161gelb\u0117ti knygas nuo likimo prie konteinerio. Kas vienam nereikalingas daiktas \u2013 kitam lobis, o mes esame tarpininkai, kurie padeda abiems tapti laimingesniems ???? \u017dinome kaip nelengva i\u0161gyventi ma\u017eiems verslams, tad nuo \u0161iol, \u010dia rasite ir kit\u0173, ma\u017e\u0173 \u0161eim\u0173 versl\u0173, rank\u0173 darbo, dovan\u0173 sau ir artimiesiems.","publisher":{"@id":"https:\/\/skaitytaknyga.lt\/#organization"},"potentialAction":[{"@type":"SearchAction","target":{"@type":"EntryPoint","urlTemplate":"https:\/\/skaitytaknyga.lt\/?s={search_term_string}"},"query-input":{"@type":"PropertyValueSpecification","valueRequired":true,"valueName":"search_term_string"}}],"inLanguage":"en-GB"},{"@type":"Organization","@id":"https:\/\/skaitytaknyga.lt\/#organization","name":"skaitytaknyga.lt","url":"https:\/\/skaitytaknyga.lt\/","logo":{"@type":"ImageObject","inLanguage":"en-GB","@id":"https:\/\/skaitytaknyga.lt\/#\/schema\/logo\/image\/","url":"https:\/\/skaitytaknyga.lt\/wp-content\/uploads\/2024\/05\/cropped-cropped-cropped-02_00843_jt3bggkj1j3HLc7SyY6rEUpg.jpeg","contentUrl":"https:\/\/skaitytaknyga.lt\/wp-content\/uploads\/2024\/05\/cropped-cropped-cropped-02_00843_jt3bggkj1j3HLc7SyY6rEUpg.jpeg","width":1600,"height":1600,"caption":"skaitytaknyga.lt"},"image":{"@id":"https:\/\/skaitytaknyga.lt\/#\/schema\/logo\/image\/"},"sameAs":["https:\/\/www.facebook.com\/skaitytaknyga\/"]}]}},"_links":{"self":[{"href":"https:\/\/skaitytaknyga.lt\/en\/wp-json\/wp\/v2\/product\/21428","targetHints":{"allow":["GET"]}}],"collection":[{"href":"https:\/\/skaitytaknyga.lt\/en\/wp-json\/wp\/v2\/product"}],"about":[{"href":"https:\/\/skaitytaknyga.lt\/en\/wp-json\/wp\/v2\/types\/product"}],"replies":[{"embeddable":true,"href":"https:\/\/skaitytaknyga.lt\/en\/wp-json\/wp\/v2\/comments?post=21428"}],"wp:featuredmedia":[{"embeddable":true,"href":"https:\/\/skaitytaknyga.lt\/en\/wp-json\/wp\/v2\/media\/21433"}],"wp:attachment":[{"href":"https:\/\/skaitytaknyga.lt\/en\/wp-json\/wp\/v2\/media?parent=21428"}],"wp:term":[{"taxonomy":"product_brand","embeddable":true,"href":"https:\/\/skaitytaknyga.lt\/en\/wp-json\/wp\/v2\/product_brand?post=21428"},{"taxonomy":"product_cat","embeddable":true,"href":"https:\/\/skaitytaknyga.lt\/en\/wp-json\/wp\/v2\/product_cat?post=21428"},{"taxonomy":"product_tag","embeddable":true,"href":"https:\/\/skaitytaknyga.lt\/en\/wp-json\/wp\/v2\/product_tag?post=21428"}],"curies":[{"name":"wp","href":"https:\/\/api.w.org\/{rel}","templated":true}]}}