{"id":21425,"date":"2025-10-10T19:17:43","date_gmt":"2025-10-10T16:17:43","guid":{"rendered":"https:\/\/skaitytaknyga.lt\/?post_type=product&#038;p=21425"},"modified":"2025-10-10T19:36:07","modified_gmt":"2025-10-10T16:36:07","slug":"avangardizmas-xx-amziaus-lietuviu-poezijoje-yra-kelios-demeles","status":"publish","type":"product","link":"https:\/\/skaitytaknyga.lt\/en\/produktas\/avangardizmas-xx-amziaus-lietuviu-poezijoje-yra-kelios-demeles\/","title":{"rendered":"Avangardizmas XX am\u017eiaus lietuvi\u0173 poezijoje (yra kelios d\u0117mel\u0117s)"},"content":{"rendered":"<p>Knygoje \u201eAvangardizmas XX am\u017eiaus lietuvi\u0173 poezijoje\u201c aptariamas avangardizmo modelio susidarymas XX a. pirm\u0173j\u0173 de\u0161imtme\u010di\u0173 lietuvi\u0173 poezijoje ir jo recepcija pokario lietuvi\u0173 i\u0161eivijos bei sovietin\u0117s Lietuvos poezijoje. Knygoje tai pat ie\u0161koma interpretuojam\u0173 XX a. lietuvi\u0173 poezijos rei\u0161kini\u0173 ry\u0161i\u0173 su nelietuvi\u0161kais kult\u016bros rei\u0161kiniais, tradici\u0161kai priskiriamais avangardizmo ar avangardo meno kryptims.<\/p>\n<p>Keturiose knygos dalyse ap\u017evelgiama avangardizmo samprata, kai kurie moksliniai tyrimai ir tekst\u0173 atrankos principai; avangardizmo modelio susidarymas lietuvi\u0173 poezijoje ir avangardin\u0117s literat\u016bros kryptys (ekspresionizmas, dadaizmas, futurizmas, konstruktyvizmas, siurrealizmas); avangardizmo recepcija i\u0161eivijos poezijoje \u2013 Henriko Radausko, be\u017eemi\u0173, Jono Meko, Tomo Venclovos, Albino Baranausko, Rimo V\u0117\u017eio poezijoje; avangardizmo recepcija sovietin\u0117s Lietuvos poezijoje \u2013 Vytauto Montvilos, Eduardo Mie\u017eelai\u010dio, Juditos Vai\u010di\u016bnait\u0117s, Vytauto Blo\u017e\u0117s, Marcelijaus Martinai\u010dio, Sigito Gedos, Gintaro Patacko k\u016bryboje. Kiekviena dalis u\u017ebaigiama apibendrinamojo pob\u016bd\u017eio skyriumi, kurio pagrindin\u0117s tez\u0117s pakartojamos ir i\u0161vadose. Apibendrintai teigiama, kad lietuvi\u0173 avangardizmas skirstytinas \u012f du laikotarpius: formavimosi (keturv\u0117jininkai) ir kriz\u0117s (tre\u010diafrontininkai). Susiformavusi lietuvi\u0173 avangardizmo estetika d\u0117l susiklos\u010diusi\u0173 istorini\u0173 ir kult\u016brini\u0173 aplinkybi\u0173 nesulauk\u0117 nat\u016bralios t\u0105sos: i\u0161eivijoje lietuvi\u0161kosios kult\u016bros kontekst\u0105 pakeit\u0117 pokario Amerikos kult\u016bra, o sovietin\u0117je Lietuvoje autenti\u0161k\u0105 savos kult\u016bros patirt\u012f smarkiai veik\u0117 hibridi\u0161ka sovietin\u0117 kult\u016bra.<\/p>\n","protected":false},"excerpt":{"rendered":"<p>Knygoje \u201eAvangardizmas XX am\u017eiaus lietuvi\u0173 poezijoje\u201c aptariamas avangardizmo modelio susidarymas XX a. pirm\u0173j\u0173 de\u0161imtme\u010di\u0173 lietuvi\u0173 poezijoje ir jo recepcija pokario lietuvi\u0173 i\u0161eivijos bei sovietin\u0117s Lietuvos poezijoje. Knygoje tai pat ie\u0161koma interpretuojam\u0173 XX a. lietuvi\u0173 poezijos rei\u0161kini\u0173 ry\u0161i\u0173 su nelietuvi\u0161kais kult\u016bros rei\u0161kiniais, tradici\u0161kai priskiriamais avangardizmo ar avangardo meno kryptims. Keturiose knygos dalyse ap\u017evelgiama avangardizmo samprata, kai kurie moksliniai tyrimai ir tekst\u0173 atrankos principai; avangardizmo modelio susidarymas lietuvi\u0173 poezijoje ir avangardin\u0117s literat\u016bros kryptys (ekspresionizmas, dadaizmas, futurizmas, konstruktyvizmas, siurrealizmas); avangardizmo recepcija i\u0161eivijos poezijoje \u2013 Henriko Radausko, be\u017eemi\u0173, Jono Meko, Tomo Venclovos, Albino Baranausko, Rimo V\u0117\u017eio poezijoje; avangardizmo recepcija sovietin\u0117s Lietuvos poezijoje \u2013 Vytauto Montvilos, Eduardo Mie\u017eelai\u010dio, Juditos Vai\u010di\u016bnait\u0117s, Vytauto Blo\u017e\u0117s, Marcelijaus Martinai\u010dio, Sigito Gedos, Gintaro Patacko k\u016bryboje. Kiekviena dalis u\u017ebaigiama apibendrinamojo pob\u016bd\u017eio skyriumi, kurio pagrindin\u0117s tez\u0117s pakartojamos ir i\u0161vadose. Apibendrintai teigiama, kad lietuvi\u0173 avangardizmas skirstytinas \u012f du laikotarpius: formavimosi (keturv\u0117jininkai) ir kriz\u0117s (tre\u010diafrontininkai). Susiformavusi lietuvi\u0173 avangardizmo estetika d\u0117l susiklos\u010diusi\u0173 istorini\u0173 ir kult\u016brini\u0173 aplinkybi\u0173 nesulauk\u0117 nat\u016bralios t\u0105sos: i\u0161eivijoje lietuvi\u0161kosios kult\u016bros kontekst\u0105 pakeit\u0117 pokario Amerikos kult\u016bra, o sovietin\u0117je Lietuvoje autenti\u0161k\u0105 savos kult\u016bros patirt\u012f smarkiai veik\u0117 hibridi\u0161ka sovietin\u0117 kult\u016bra.<\/p>\n","protected":false},"featured_media":21430,"comment_status":"open","ping_status":"closed","template":"","meta":{"_acf_changed":false,"site-sidebar-layout":"default","site-content-layout":"","ast-site-content-layout":"default","site-content-style":"default","site-sidebar-style":"default","ast-global-header-display":"","ast-banner-title-visibility":"","ast-main-header-display":"","ast-hfb-above-header-display":"","ast-hfb-below-header-display":"","ast-hfb-mobile-header-display":"","site-post-title":"","ast-breadcrumbs-content":"","ast-featured-img":"","footer-sml-layout":"","ast-disable-related-posts":"","theme-transparent-header-meta":"","adv-header-id-meta":"","stick-header-meta":"","header-above-stick-meta":"","header-main-stick-meta":"","header-below-stick-meta":"","astra-migrate-meta-layouts":"default","ast-page-background-enabled":"default","ast-page-background-meta":{"desktop":{"background-color":"","background-image":"","background-repeat":"repeat","background-position":"center center","background-size":"auto","background-attachment":"scroll","background-type":"","background-media":"","overlay-type":"","overlay-color":"","overlay-opacity":"","overlay-gradient":""},"tablet":{"background-color":"","background-image":"","background-repeat":"repeat","background-position":"center center","background-size":"auto","background-attachment":"scroll","background-type":"","background-media":"","overlay-type":"","overlay-color":"","overlay-opacity":"","overlay-gradient":""},"mobile":{"background-color":"","background-image":"","background-repeat":"repeat","background-position":"center center","background-size":"auto","background-attachment":"scroll","background-type":"","background-media":"","overlay-type":"","overlay-color":"","overlay-opacity":"","overlay-gradient":""}},"ast-content-background-meta":{"desktop":{"background-color":"var(--ast-global-color-4)","background-image":"","background-repeat":"repeat","background-position":"center center","background-size":"auto","background-attachment":"scroll","background-type":"","background-media":"","overlay-type":"","overlay-color":"","overlay-opacity":"","overlay-gradient":""},"tablet":{"background-color":"var(--ast-global-color-4)","background-image":"","background-repeat":"repeat","background-position":"center center","background-size":"auto","background-attachment":"scroll","background-type":"","background-media":"","overlay-type":"","overlay-color":"","overlay-opacity":"","overlay-gradient":""},"mobile":{"background-color":"var(--ast-global-color-4)","background-image":"","background-repeat":"repeat","background-position":"center center","background-size":"auto","background-attachment":"scroll","background-type":"","background-media":"","overlay-type":"","overlay-color":"","overlay-opacity":"","overlay-gradient":""}}},"product_brand":[],"product_cat":[2836],"product_tag":[],"class_list":{"0":"post-21425","1":"product","2":"type-product","3":"status-publish","4":"has-post-thumbnail","6":"product_cat-kalba-kalbotyra-zodynai-2","7":"desktop-align-left","8":"tablet-align-left","9":"mobile-align-left","11":"first","12":"instock","13":"shipping-taxable","14":"purchasable","15":"product-type-simple"},"acf":[],"yoast_head":"<!-- This site is optimized with the Yoast SEO plugin v27.4 - https:\/\/yoast.com\/product\/yoast-seo-wordpress\/ -->\n<title>Avangardizmas XX am\u017eiaus lietuvi\u0173 poezijoje (yra kelios d\u0117mel\u0117s)<\/title>\n<meta name=\"description\" content=\"Knygoje \u201eAvangardizmas XX am\u017eiaus lietuvi\u0173 poezijoje\u201c aptariamas avangardizmo modelio susidarymas XX a. pirm\u0173j\u0173 de\u0161imtme\u010di\u0173 lietuvi\u0173 poezijoje ir jo\" \/>\n<meta name=\"robots\" content=\"index, follow, max-snippet:-1, max-image-preview:large, max-video-preview:-1\" \/>\n<link rel=\"canonical\" href=\"https:\/\/skaitytaknyga.lt\/en\/produktas\/avangardizmas-xx-amziaus-lietuviu-poezijoje-yra-kelios-demeles\/\" \/>\n<meta property=\"og:locale\" content=\"en_GB\" \/>\n<meta property=\"og:locale:alternate\" content=\"lt_LT\" \/>\n<meta property=\"og:type\" content=\"article\" \/>\n<meta property=\"og:title\" content=\"Avangardizmas XX am\u017eiaus lietuvi\u0173 poezijoje (yra kelios d\u0117mel\u0117s)\" \/>\n<meta property=\"og:description\" content=\"Knygoje \u201eAvangardizmas XX am\u017eiaus lietuvi\u0173 poezijoje\u201c aptariamas avangardizmo modelio susidarymas XX a. pirm\u0173j\u0173 de\u0161imtme\u010di\u0173 lietuvi\u0173 poezijoje ir jo\" \/>\n<meta property=\"og:url\" content=\"https:\/\/skaitytaknyga.lt\/en\/produktas\/avangardizmas-xx-amziaus-lietuviu-poezijoje-yra-kelios-demeles\/\" \/>\n<meta property=\"og:site_name\" content=\"Skaitytaknyga\" \/>\n<meta property=\"article:publisher\" content=\"https:\/\/www.facebook.com\/skaitytaknyga\/\" \/>\n<meta property=\"article:modified_time\" content=\"2025-10-10T16:36:07+00:00\" \/>\n<meta property=\"og:image\" content=\"https:\/\/skaitytaknyga.lt\/wp-content\/uploads\/2025\/10\/Avangardizmas-XX-amziaus-lietuviu-poezijoje.webp\" \/>\n\t<meta property=\"og:image:width\" content=\"415\" \/>\n\t<meta property=\"og:image:height\" content=\"600\" \/>\n\t<meta property=\"og:image:type\" content=\"image\/webp\" \/>\n<meta name=\"twitter:card\" content=\"summary_large_image\" \/>\n<meta name=\"twitter:label1\" content=\"Estimated reading time\" \/>\n\t<meta name=\"twitter:data1\" content=\"1 minute\" \/>\n<script type=\"application\/ld+json\" class=\"yoast-schema-graph\">{\"@context\":\"https:\\\/\\\/schema.org\",\"@graph\":[{\"@type\":\"WebPage\",\"@id\":\"https:\\\/\\\/skaitytaknyga.lt\\\/produktas\\\/avangardizmas-xx-amziaus-lietuviu-poezijoje-yra-kelios-demeles\\\/\",\"url\":\"https:\\\/\\\/skaitytaknyga.lt\\\/produktas\\\/avangardizmas-xx-amziaus-lietuviu-poezijoje-yra-kelios-demeles\\\/\",\"name\":\"Avangardizmas XX am\u017eiaus lietuvi\u0173 poezijoje (yra kelios d\u0117mel\u0117s)\",\"isPartOf\":{\"@id\":\"https:\\\/\\\/skaitytaknyga.lt\\\/#website\"},\"primaryImageOfPage\":{\"@id\":\"https:\\\/\\\/skaitytaknyga.lt\\\/produktas\\\/avangardizmas-xx-amziaus-lietuviu-poezijoje-yra-kelios-demeles\\\/#primaryimage\"},\"image\":{\"@id\":\"https:\\\/\\\/skaitytaknyga.lt\\\/produktas\\\/avangardizmas-xx-amziaus-lietuviu-poezijoje-yra-kelios-demeles\\\/#primaryimage\"},\"thumbnailUrl\":\"https:\\\/\\\/skaitytaknyga.lt\\\/wp-content\\\/uploads\\\/2025\\\/10\\\/Avangardizmas-XX-amziaus-lietuviu-poezijoje.webp\",\"datePublished\":\"2025-10-10T16:17:43+00:00\",\"dateModified\":\"2025-10-10T16:36:07+00:00\",\"description\":\"Knygoje \u201eAvangardizmas XX am\u017eiaus lietuvi\u0173 poezijoje\u201c aptariamas avangardizmo modelio susidarymas XX a. pirm\u0173j\u0173 de\u0161imtme\u010di\u0173 lietuvi\u0173 poezijoje ir jo\",\"breadcrumb\":{\"@id\":\"https:\\\/\\\/skaitytaknyga.lt\\\/produktas\\\/avangardizmas-xx-amziaus-lietuviu-poezijoje-yra-kelios-demeles\\\/#breadcrumb\"},\"inLanguage\":\"en-GB\",\"potentialAction\":[{\"@type\":\"ReadAction\",\"target\":[\"https:\\\/\\\/skaitytaknyga.lt\\\/produktas\\\/avangardizmas-xx-amziaus-lietuviu-poezijoje-yra-kelios-demeles\\\/\"]}]},{\"@type\":\"ImageObject\",\"inLanguage\":\"en-GB\",\"@id\":\"https:\\\/\\\/skaitytaknyga.lt\\\/produktas\\\/avangardizmas-xx-amziaus-lietuviu-poezijoje-yra-kelios-demeles\\\/#primaryimage\",\"url\":\"https:\\\/\\\/skaitytaknyga.lt\\\/wp-content\\\/uploads\\\/2025\\\/10\\\/Avangardizmas-XX-amziaus-lietuviu-poezijoje.webp\",\"contentUrl\":\"https:\\\/\\\/skaitytaknyga.lt\\\/wp-content\\\/uploads\\\/2025\\\/10\\\/Avangardizmas-XX-amziaus-lietuviu-poezijoje.webp\",\"width\":415,\"height\":600},{\"@type\":\"BreadcrumbList\",\"@id\":\"https:\\\/\\\/skaitytaknyga.lt\\\/produktas\\\/avangardizmas-xx-amziaus-lietuviu-poezijoje-yra-kelios-demeles\\\/#breadcrumb\",\"itemListElement\":[{\"@type\":\"ListItem\",\"position\":1,\"name\":\"Home\",\"item\":\"https:\\\/\\\/skaitytaknyga.lt\\\/\"},{\"@type\":\"ListItem\",\"position\":2,\"name\":\"Parduotuv\u0117\",\"item\":\"https:\\\/\\\/skaitytaknyga.lt\\\/knygu-parduotuve\\\/\"},{\"@type\":\"ListItem\",\"position\":3,\"name\":\"Avangardizmas XX am\u017eiaus lietuvi\u0173 poezijoje (yra kelios d\u0117mel\u0117s)\"}]},{\"@type\":\"WebSite\",\"@id\":\"https:\\\/\\\/skaitytaknyga.lt\\\/#website\",\"url\":\"https:\\\/\\\/skaitytaknyga.lt\\\/\",\"name\":\"skaitytaknyga.lt\",\"description\":\"Skaitytaknyga.lt \u2013 tai ma\u017eas \u0161eimos verslas, kuris prasid\u0117jo nuo meil\u0117s knygoms ir siekio i\u0161gelb\u0117ti knygas nuo likimo prie konteinerio. Kas vienam nereikalingas daiktas \u2013 kitam lobis, o mes esame tarpininkai, kurie padeda abiems tapti laimingesniems ???? \u017dinome kaip nelengva i\u0161gyventi ma\u017eiems verslams, tad nuo \u0161iol, \u010dia rasite ir kit\u0173, ma\u017e\u0173 \u0161eim\u0173 versl\u0173, rank\u0173 darbo, dovan\u0173 sau ir artimiesiems.\",\"publisher\":{\"@id\":\"https:\\\/\\\/skaitytaknyga.lt\\\/#organization\"},\"potentialAction\":[{\"@type\":\"SearchAction\",\"target\":{\"@type\":\"EntryPoint\",\"urlTemplate\":\"https:\\\/\\\/skaitytaknyga.lt\\\/?s={search_term_string}\"},\"query-input\":{\"@type\":\"PropertyValueSpecification\",\"valueRequired\":true,\"valueName\":\"search_term_string\"}}],\"inLanguage\":\"en-GB\"},{\"@type\":\"Organization\",\"@id\":\"https:\\\/\\\/skaitytaknyga.lt\\\/#organization\",\"name\":\"skaitytaknyga.lt\",\"url\":\"https:\\\/\\\/skaitytaknyga.lt\\\/\",\"logo\":{\"@type\":\"ImageObject\",\"inLanguage\":\"en-GB\",\"@id\":\"https:\\\/\\\/skaitytaknyga.lt\\\/#\\\/schema\\\/logo\\\/image\\\/\",\"url\":\"https:\\\/\\\/skaitytaknyga.lt\\\/wp-content\\\/uploads\\\/2024\\\/05\\\/cropped-cropped-cropped-02_00843_jt3bggkj1j3HLc7SyY6rEUpg.jpeg\",\"contentUrl\":\"https:\\\/\\\/skaitytaknyga.lt\\\/wp-content\\\/uploads\\\/2024\\\/05\\\/cropped-cropped-cropped-02_00843_jt3bggkj1j3HLc7SyY6rEUpg.jpeg\",\"width\":1600,\"height\":1600,\"caption\":\"skaitytaknyga.lt\"},\"image\":{\"@id\":\"https:\\\/\\\/skaitytaknyga.lt\\\/#\\\/schema\\\/logo\\\/image\\\/\"},\"sameAs\":[\"https:\\\/\\\/www.facebook.com\\\/skaitytaknyga\\\/\"]}]}<\/script>\n<!-- \/ Yoast SEO plugin. -->","yoast_head_json":{"title":"Avangardizmas XX am\u017eiaus lietuvi\u0173 poezijoje (yra kelios d\u0117mel\u0117s)","description":"Knygoje \u201eAvangardizmas XX am\u017eiaus lietuvi\u0173 poezijoje\u201c aptariamas avangardizmo modelio susidarymas XX a. pirm\u0173j\u0173 de\u0161imtme\u010di\u0173 lietuvi\u0173 poezijoje ir jo","robots":{"index":"index","follow":"follow","max-snippet":"max-snippet:-1","max-image-preview":"max-image-preview:large","max-video-preview":"max-video-preview:-1"},"canonical":"https:\/\/skaitytaknyga.lt\/en\/produktas\/avangardizmas-xx-amziaus-lietuviu-poezijoje-yra-kelios-demeles\/","og_locale":"en_GB","og_type":"article","og_title":"[:lt]Avangardizmas XX am\u017eiaus lietuvi\u0173 poezijoje (yra kelios d\u0117mel\u0117s)[:] - Skaitytaknyga","og_description":"Knygoje \u201eAvangardizmas XX am\u017eiaus lietuvi\u0173 poezijoje\u201c aptariamas avangardizmo modelio susidarymas XX a. pirm\u0173j\u0173 de\u0161imtme\u010di\u0173 lietuvi\u0173 poezijoje ir jo","og_url":"https:\/\/skaitytaknyga.lt\/en\/produktas\/avangardizmas-xx-amziaus-lietuviu-poezijoje-yra-kelios-demeles\/","og_site_name":"Skaitytaknyga","article_publisher":"https:\/\/www.facebook.com\/skaitytaknyga\/","article_modified_time":"2025-10-10T16:36:07+00:00","og_image":[{"width":415,"height":600,"url":"https:\/\/skaitytaknyga.lt\/wp-content\/uploads\/2025\/10\/Avangardizmas-XX-amziaus-lietuviu-poezijoje.webp","type":"image\/webp"}],"twitter_card":"summary_large_image","twitter_misc":{"Estimated reading time":"1 minute"},"schema":{"@context":"https:\/\/schema.org","@graph":[{"@type":"WebPage","@id":"https:\/\/skaitytaknyga.lt\/produktas\/avangardizmas-xx-amziaus-lietuviu-poezijoje-yra-kelios-demeles\/","url":"https:\/\/skaitytaknyga.lt\/produktas\/avangardizmas-xx-amziaus-lietuviu-poezijoje-yra-kelios-demeles\/","name":"Avangardizmas XX am\u017eiaus lietuvi\u0173 poezijoje (yra kelios d\u0117mel\u0117s)","isPartOf":{"@id":"https:\/\/skaitytaknyga.lt\/#website"},"primaryImageOfPage":{"@id":"https:\/\/skaitytaknyga.lt\/produktas\/avangardizmas-xx-amziaus-lietuviu-poezijoje-yra-kelios-demeles\/#primaryimage"},"image":{"@id":"https:\/\/skaitytaknyga.lt\/produktas\/avangardizmas-xx-amziaus-lietuviu-poezijoje-yra-kelios-demeles\/#primaryimage"},"thumbnailUrl":"https:\/\/skaitytaknyga.lt\/wp-content\/uploads\/2025\/10\/Avangardizmas-XX-amziaus-lietuviu-poezijoje.webp","datePublished":"2025-10-10T16:17:43+00:00","dateModified":"2025-10-10T16:36:07+00:00","description":"Knygoje \u201eAvangardizmas XX am\u017eiaus lietuvi\u0173 poezijoje\u201c aptariamas avangardizmo modelio susidarymas XX a. pirm\u0173j\u0173 de\u0161imtme\u010di\u0173 lietuvi\u0173 poezijoje ir jo","breadcrumb":{"@id":"https:\/\/skaitytaknyga.lt\/produktas\/avangardizmas-xx-amziaus-lietuviu-poezijoje-yra-kelios-demeles\/#breadcrumb"},"inLanguage":"en-GB","potentialAction":[{"@type":"ReadAction","target":["https:\/\/skaitytaknyga.lt\/produktas\/avangardizmas-xx-amziaus-lietuviu-poezijoje-yra-kelios-demeles\/"]}]},{"@type":"ImageObject","inLanguage":"en-GB","@id":"https:\/\/skaitytaknyga.lt\/produktas\/avangardizmas-xx-amziaus-lietuviu-poezijoje-yra-kelios-demeles\/#primaryimage","url":"https:\/\/skaitytaknyga.lt\/wp-content\/uploads\/2025\/10\/Avangardizmas-XX-amziaus-lietuviu-poezijoje.webp","contentUrl":"https:\/\/skaitytaknyga.lt\/wp-content\/uploads\/2025\/10\/Avangardizmas-XX-amziaus-lietuviu-poezijoje.webp","width":415,"height":600},{"@type":"BreadcrumbList","@id":"https:\/\/skaitytaknyga.lt\/produktas\/avangardizmas-xx-amziaus-lietuviu-poezijoje-yra-kelios-demeles\/#breadcrumb","itemListElement":[{"@type":"ListItem","position":1,"name":"Home","item":"https:\/\/skaitytaknyga.lt\/"},{"@type":"ListItem","position":2,"name":"Parduotuv\u0117","item":"https:\/\/skaitytaknyga.lt\/knygu-parduotuve\/"},{"@type":"ListItem","position":3,"name":"Avangardizmas XX am\u017eiaus lietuvi\u0173 poezijoje (yra kelios d\u0117mel\u0117s)"}]},{"@type":"WebSite","@id":"https:\/\/skaitytaknyga.lt\/#website","url":"https:\/\/skaitytaknyga.lt\/","name":"skaitytaknyga.lt","description":"Skaitytaknyga.lt \u2013 tai ma\u017eas \u0161eimos verslas, kuris prasid\u0117jo nuo meil\u0117s knygoms ir siekio i\u0161gelb\u0117ti knygas nuo likimo prie konteinerio. Kas vienam nereikalingas daiktas \u2013 kitam lobis, o mes esame tarpininkai, kurie padeda abiems tapti laimingesniems ???? \u017dinome kaip nelengva i\u0161gyventi ma\u017eiems verslams, tad nuo \u0161iol, \u010dia rasite ir kit\u0173, ma\u017e\u0173 \u0161eim\u0173 versl\u0173, rank\u0173 darbo, dovan\u0173 sau ir artimiesiems.","publisher":{"@id":"https:\/\/skaitytaknyga.lt\/#organization"},"potentialAction":[{"@type":"SearchAction","target":{"@type":"EntryPoint","urlTemplate":"https:\/\/skaitytaknyga.lt\/?s={search_term_string}"},"query-input":{"@type":"PropertyValueSpecification","valueRequired":true,"valueName":"search_term_string"}}],"inLanguage":"en-GB"},{"@type":"Organization","@id":"https:\/\/skaitytaknyga.lt\/#organization","name":"skaitytaknyga.lt","url":"https:\/\/skaitytaknyga.lt\/","logo":{"@type":"ImageObject","inLanguage":"en-GB","@id":"https:\/\/skaitytaknyga.lt\/#\/schema\/logo\/image\/","url":"https:\/\/skaitytaknyga.lt\/wp-content\/uploads\/2024\/05\/cropped-cropped-cropped-02_00843_jt3bggkj1j3HLc7SyY6rEUpg.jpeg","contentUrl":"https:\/\/skaitytaknyga.lt\/wp-content\/uploads\/2024\/05\/cropped-cropped-cropped-02_00843_jt3bggkj1j3HLc7SyY6rEUpg.jpeg","width":1600,"height":1600,"caption":"skaitytaknyga.lt"},"image":{"@id":"https:\/\/skaitytaknyga.lt\/#\/schema\/logo\/image\/"},"sameAs":["https:\/\/www.facebook.com\/skaitytaknyga\/"]}]}},"_links":{"self":[{"href":"https:\/\/skaitytaknyga.lt\/en\/wp-json\/wp\/v2\/product\/21425","targetHints":{"allow":["GET"]}}],"collection":[{"href":"https:\/\/skaitytaknyga.lt\/en\/wp-json\/wp\/v2\/product"}],"about":[{"href":"https:\/\/skaitytaknyga.lt\/en\/wp-json\/wp\/v2\/types\/product"}],"replies":[{"embeddable":true,"href":"https:\/\/skaitytaknyga.lt\/en\/wp-json\/wp\/v2\/comments?post=21425"}],"wp:featuredmedia":[{"embeddable":true,"href":"https:\/\/skaitytaknyga.lt\/en\/wp-json\/wp\/v2\/media\/21430"}],"wp:attachment":[{"href":"https:\/\/skaitytaknyga.lt\/en\/wp-json\/wp\/v2\/media?parent=21425"}],"wp:term":[{"taxonomy":"product_brand","embeddable":true,"href":"https:\/\/skaitytaknyga.lt\/en\/wp-json\/wp\/v2\/product_brand?post=21425"},{"taxonomy":"product_cat","embeddable":true,"href":"https:\/\/skaitytaknyga.lt\/en\/wp-json\/wp\/v2\/product_cat?post=21425"},{"taxonomy":"product_tag","embeddable":true,"href":"https:\/\/skaitytaknyga.lt\/en\/wp-json\/wp\/v2\/product_tag?post=21425"}],"curies":[{"name":"wp","href":"https:\/\/api.w.org\/{rel}","templated":true}]}}