{"id":21424,"date":"2025-10-10T19:17:43","date_gmt":"2025-10-10T16:17:43","guid":{"rendered":"https:\/\/skaitytaknyga.lt\/?post_type=product&#038;p=21424"},"modified":"2026-02-26T10:10:25","modified_gmt":"2026-02-26T08:10:25","slug":"aiskinimo-ratas","status":"publish","type":"product","link":"https:\/\/skaitytaknyga.lt\/en\/produktas\/aiskinimo-ratas\/","title":{"rendered":"Ai\u0161kinimo ratas"},"content":{"rendered":"<p>Pirmojoje, pavadintoje B\u016bti ir klausti, sud\u0117tos svarbiausi\u0173j\u0173 hermeneutin\u0117s filosofijos k\u016br\u0117j\u0173 id\u0117j\u0173 apybrai\u017eos. \u0160i, antroji, skiriama i\u0161samesn\u0117ms atskir\u0173 problem\u0173 analiz\u0117ms, m\u0117ginant taikyti hermeneutinio m\u0105stymo principus: istorijos, tradicijos, meno k\u016brinio, dirbinio, tik\u0117jimo, filosofijos ir humanistikos santykio. \u0160ia proga taip pat pristatoma hermeneutin\u0117s filosofijos ir kritin\u0117s teorijos polemika d\u0117l dialogo ir komunikacijos prigimties bei rib\u0173 apm\u0105stymo, taip pat hermeneutin\u0117s folosofijos bendradarbiavimo su semiotika ir diskurso teorija galimyb\u0117s ir prielaidos.<\/p>\n","protected":false},"excerpt":{"rendered":"<p>Pirmojoje, pavadintoje B\u016bti ir klausti, sud\u0117tos svarbiausi\u0173j\u0173 hermeneutin\u0117s filosofijos k\u016br\u0117j\u0173 id\u0117j\u0173 apybrai\u017eos. \u0160i, antroji, skiriama i\u0161samesn\u0117ms atskir\u0173 problem\u0173 analiz\u0117ms, m\u0117ginant taikyti hermeneutinio m\u0105stymo principus: istorijos, tradicijos, meno k\u016brinio, dirbinio, tik\u0117jimo, filosofijos ir humanistikos santykio. \u0160ia proga taip pat pristatoma hermeneutin\u0117s filosofijos ir kritin\u0117s teorijos polemika d\u0117l dialogo ir komunikacijos prigimties bei rib\u0173 apm\u0105stymo, taip pat hermeneutin\u0117s folosofijos bendradarbiavimo su semiotika ir diskurso teorija galimyb\u0117s ir prielaidos.<\/p>\n","protected":false},"featured_media":21429,"comment_status":"open","ping_status":"closed","template":"","meta":{"_acf_changed":false,"site-sidebar-layout":"default","site-content-layout":"","ast-site-content-layout":"default","site-content-style":"default","site-sidebar-style":"default","ast-global-header-display":"","ast-banner-title-visibility":"","ast-main-header-display":"","ast-hfb-above-header-display":"","ast-hfb-below-header-display":"","ast-hfb-mobile-header-display":"","site-post-title":"","ast-breadcrumbs-content":"","ast-featured-img":"","footer-sml-layout":"","ast-disable-related-posts":"","theme-transparent-header-meta":"","adv-header-id-meta":"","stick-header-meta":"","header-above-stick-meta":"","header-main-stick-meta":"","header-below-stick-meta":"","astra-migrate-meta-layouts":"default","ast-page-background-enabled":"default","ast-page-background-meta":{"desktop":{"background-color":"","background-image":"","background-repeat":"repeat","background-position":"center center","background-size":"auto","background-attachment":"scroll","background-type":"","background-media":"","overlay-type":"","overlay-color":"","overlay-opacity":"","overlay-gradient":""},"tablet":{"background-color":"","background-image":"","background-repeat":"repeat","background-position":"center center","background-size":"auto","background-attachment":"scroll","background-type":"","background-media":"","overlay-type":"","overlay-color":"","overlay-opacity":"","overlay-gradient":""},"mobile":{"background-color":"","background-image":"","background-repeat":"repeat","background-position":"center center","background-size":"auto","background-attachment":"scroll","background-type":"","background-media":"","overlay-type":"","overlay-color":"","overlay-opacity":"","overlay-gradient":""}},"ast-content-background-meta":{"desktop":{"background-color":"var(--ast-global-color-4)","background-image":"","background-repeat":"repeat","background-position":"center center","background-size":"auto","background-attachment":"scroll","background-type":"","background-media":"","overlay-type":"","overlay-color":"","overlay-opacity":"","overlay-gradient":""},"tablet":{"background-color":"var(--ast-global-color-4)","background-image":"","background-repeat":"repeat","background-position":"center center","background-size":"auto","background-attachment":"scroll","background-type":"","background-media":"","overlay-type":"","overlay-color":"","overlay-opacity":"","overlay-gradient":""},"mobile":{"background-color":"var(--ast-global-color-4)","background-image":"","background-repeat":"repeat","background-position":"center center","background-size":"auto","background-attachment":"scroll","background-type":"","background-media":"","overlay-type":"","overlay-color":"","overlay-opacity":"","overlay-gradient":""}}},"product_brand":[],"product_cat":[165],"product_tag":[],"class_list":{"0":"post-21424","1":"product","2":"type-product","3":"status-publish","4":"has-post-thumbnail","6":"product_cat-religija-filosofija-ir-ezoterika","7":"desktop-align-left","8":"tablet-align-left","9":"mobile-align-left","11":"first","12":"instock","13":"shipping-taxable","14":"purchasable","15":"product-type-simple"},"acf":[],"yoast_head":"<!-- This site is optimized with the Yoast SEO plugin v27.0 - https:\/\/yoast.com\/product\/yoast-seo-wordpress\/ -->\n<title>Ai\u0161kinimo ratas<\/title>\n<meta name=\"description\" content=\"Pirmojoje, pavadintoje B\u016bti ir klausti, sud\u0117tos svarbiausi\u0173j\u0173 hermeneutin\u0117s filosofijos k\u016br\u0117j\u0173 id\u0117j\u0173 apybrai\u017eos. \u0160i, antroji, skiriama i\u0161samesn\u0117ms atskir\u0173\" \/>\n<meta name=\"robots\" content=\"index, follow, max-snippet:-1, max-image-preview:large, max-video-preview:-1\" \/>\n<link rel=\"canonical\" href=\"https:\/\/skaitytaknyga.lt\/en\/produktas\/aiskinimo-ratas\/\" \/>\n<meta property=\"og:locale\" content=\"en_GB\" \/>\n<meta property=\"og:locale:alternate\" content=\"lt_LT\" \/>\n<meta property=\"og:type\" content=\"article\" \/>\n<meta property=\"og:title\" content=\"Ai\u0161kinimo ratas\" \/>\n<meta property=\"og:description\" content=\"Pirmojoje, pavadintoje B\u016bti ir klausti, sud\u0117tos svarbiausi\u0173j\u0173 hermeneutin\u0117s filosofijos k\u016br\u0117j\u0173 id\u0117j\u0173 apybrai\u017eos. \u0160i, antroji, skiriama i\u0161samesn\u0117ms atskir\u0173\" \/>\n<meta property=\"og:url\" content=\"https:\/\/skaitytaknyga.lt\/en\/produktas\/aiskinimo-ratas\/\" \/>\n<meta property=\"og:site_name\" content=\"Skaitytaknyga\" \/>\n<meta property=\"article:publisher\" content=\"https:\/\/www.facebook.com\/skaitytaknyga\/\" \/>\n<meta property=\"article:modified_time\" content=\"2026-02-26T08:10:25+00:00\" \/>\n<meta property=\"og:image\" content=\"https:\/\/skaitytaknyga.lt\/wp-content\/uploads\/2025\/10\/Aiskinimo-ratas-e1760113090499.webp\" \/>\n\t<meta property=\"og:image:width\" content=\"432\" \/>\n\t<meta property=\"og:image:height\" content=\"644\" \/>\n\t<meta property=\"og:image:type\" content=\"image\/webp\" \/>\n<meta name=\"twitter:card\" content=\"summary_large_image\" \/>\n<script type=\"application\/ld+json\" class=\"yoast-schema-graph\">{\"@context\":\"https:\/\/schema.org\",\"@graph\":[{\"@type\":\"WebPage\",\"@id\":\"https:\/\/skaitytaknyga.lt\/produktas\/aiskinimo-ratas\/\",\"url\":\"https:\/\/skaitytaknyga.lt\/produktas\/aiskinimo-ratas\/\",\"name\":\"Ai\u0161kinimo ratas\",\"isPartOf\":{\"@id\":\"https:\/\/skaitytaknyga.lt\/#website\"},\"primaryImageOfPage\":{\"@id\":\"https:\/\/skaitytaknyga.lt\/produktas\/aiskinimo-ratas\/#primaryimage\"},\"image\":{\"@id\":\"https:\/\/skaitytaknyga.lt\/produktas\/aiskinimo-ratas\/#primaryimage\"},\"thumbnailUrl\":\"https:\/\/skaitytaknyga.lt\/wp-content\/uploads\/2025\/10\/Aiskinimo-ratas-e1760113090499.webp\",\"datePublished\":\"2025-10-10T16:17:43+00:00\",\"dateModified\":\"2026-02-26T08:10:25+00:00\",\"description\":\"Pirmojoje, pavadintoje B\u016bti ir klausti, sud\u0117tos svarbiausi\u0173j\u0173 hermeneutin\u0117s filosofijos k\u016br\u0117j\u0173 id\u0117j\u0173 apybrai\u017eos. \u0160i, antroji, skiriama i\u0161samesn\u0117ms atskir\u0173\",\"breadcrumb\":{\"@id\":\"https:\/\/skaitytaknyga.lt\/produktas\/aiskinimo-ratas\/#breadcrumb\"},\"inLanguage\":\"en-GB\",\"potentialAction\":[{\"@type\":\"ReadAction\",\"target\":[\"https:\/\/skaitytaknyga.lt\/produktas\/aiskinimo-ratas\/\"]}]},{\"@type\":\"ImageObject\",\"inLanguage\":\"en-GB\",\"@id\":\"https:\/\/skaitytaknyga.lt\/produktas\/aiskinimo-ratas\/#primaryimage\",\"url\":\"https:\/\/skaitytaknyga.lt\/wp-content\/uploads\/2025\/10\/Aiskinimo-ratas-e1760113090499.webp\",\"contentUrl\":\"https:\/\/skaitytaknyga.lt\/wp-content\/uploads\/2025\/10\/Aiskinimo-ratas-e1760113090499.webp\",\"width\":432,\"height\":644,\"caption\":\"Ai\u0161kinimo ratas\"},{\"@type\":\"BreadcrumbList\",\"@id\":\"https:\/\/skaitytaknyga.lt\/produktas\/aiskinimo-ratas\/#breadcrumb\",\"itemListElement\":[{\"@type\":\"ListItem\",\"position\":1,\"name\":\"Home\",\"item\":\"https:\/\/skaitytaknyga.lt\/\"},{\"@type\":\"ListItem\",\"position\":2,\"name\":\"Parduotuv\u0117\",\"item\":\"https:\/\/skaitytaknyga.lt\/knygu-parduotuve\/\"},{\"@type\":\"ListItem\",\"position\":3,\"name\":\"Ai\u0161kinimo ratas\"}]},{\"@type\":\"WebSite\",\"@id\":\"https:\/\/skaitytaknyga.lt\/#website\",\"url\":\"https:\/\/skaitytaknyga.lt\/\",\"name\":\"skaitytaknyga.lt\",\"description\":\"Skaitytaknyga.lt \u2013 tai ma\u017eas \u0161eimos verslas, kuris prasid\u0117jo nuo meil\u0117s knygoms ir siekio i\u0161gelb\u0117ti knygas nuo likimo prie konteinerio. Kas vienam nereikalingas daiktas \u2013 kitam lobis, o mes esame tarpininkai, kurie padeda abiems tapti laimingesniems ???? \u017dinome kaip nelengva i\u0161gyventi ma\u017eiems verslams, tad nuo \u0161iol, \u010dia rasite ir kit\u0173, ma\u017e\u0173 \u0161eim\u0173 versl\u0173, rank\u0173 darbo, dovan\u0173 sau ir artimiesiems.\",\"publisher\":{\"@id\":\"https:\/\/skaitytaknyga.lt\/#organization\"},\"potentialAction\":[{\"@type\":\"SearchAction\",\"target\":{\"@type\":\"EntryPoint\",\"urlTemplate\":\"https:\/\/skaitytaknyga.lt\/?s={search_term_string}\"},\"query-input\":{\"@type\":\"PropertyValueSpecification\",\"valueRequired\":true,\"valueName\":\"search_term_string\"}}],\"inLanguage\":\"en-GB\"},{\"@type\":\"Organization\",\"@id\":\"https:\/\/skaitytaknyga.lt\/#organization\",\"name\":\"skaitytaknyga.lt\",\"url\":\"https:\/\/skaitytaknyga.lt\/\",\"logo\":{\"@type\":\"ImageObject\",\"inLanguage\":\"en-GB\",\"@id\":\"https:\/\/skaitytaknyga.lt\/#\/schema\/logo\/image\/\",\"url\":\"https:\/\/skaitytaknyga.lt\/wp-content\/uploads\/2024\/05\/cropped-cropped-cropped-02_00843_jt3bggkj1j3HLc7SyY6rEUpg.jpeg\",\"contentUrl\":\"https:\/\/skaitytaknyga.lt\/wp-content\/uploads\/2024\/05\/cropped-cropped-cropped-02_00843_jt3bggkj1j3HLc7SyY6rEUpg.jpeg\",\"width\":1600,\"height\":1600,\"caption\":\"skaitytaknyga.lt\"},\"image\":{\"@id\":\"https:\/\/skaitytaknyga.lt\/#\/schema\/logo\/image\/\"},\"sameAs\":[\"https:\/\/www.facebook.com\/skaitytaknyga\/\"]}]}<\/script>\n<!-- \/ Yoast SEO plugin. -->","yoast_head_json":{"title":"Ai\u0161kinimo ratas","description":"Pirmojoje, pavadintoje B\u016bti ir klausti, sud\u0117tos svarbiausi\u0173j\u0173 hermeneutin\u0117s filosofijos k\u016br\u0117j\u0173 id\u0117j\u0173 apybrai\u017eos. \u0160i, antroji, skiriama i\u0161samesn\u0117ms atskir\u0173","robots":{"index":"index","follow":"follow","max-snippet":"max-snippet:-1","max-image-preview":"max-image-preview:large","max-video-preview":"max-video-preview:-1"},"canonical":"https:\/\/skaitytaknyga.lt\/en\/produktas\/aiskinimo-ratas\/","og_locale":"en_GB","og_type":"article","og_title":"[:lt]Ai\u0161kinimo ratas[:] - Skaitytaknyga","og_description":"Pirmojoje, pavadintoje B\u016bti ir klausti, sud\u0117tos svarbiausi\u0173j\u0173 hermeneutin\u0117s filosofijos k\u016br\u0117j\u0173 id\u0117j\u0173 apybrai\u017eos. \u0160i, antroji, skiriama i\u0161samesn\u0117ms atskir\u0173","og_url":"https:\/\/skaitytaknyga.lt\/en\/produktas\/aiskinimo-ratas\/","og_site_name":"Skaitytaknyga","article_publisher":"https:\/\/www.facebook.com\/skaitytaknyga\/","article_modified_time":"2026-02-26T08:10:25+00:00","og_image":[{"width":432,"height":644,"url":"https:\/\/skaitytaknyga.lt\/wp-content\/uploads\/2025\/10\/Aiskinimo-ratas-e1760113090499.webp","type":"image\/webp"}],"twitter_card":"summary_large_image","schema":{"@context":"https:\/\/schema.org","@graph":[{"@type":"WebPage","@id":"https:\/\/skaitytaknyga.lt\/produktas\/aiskinimo-ratas\/","url":"https:\/\/skaitytaknyga.lt\/produktas\/aiskinimo-ratas\/","name":"Ai\u0161kinimo ratas","isPartOf":{"@id":"https:\/\/skaitytaknyga.lt\/#website"},"primaryImageOfPage":{"@id":"https:\/\/skaitytaknyga.lt\/produktas\/aiskinimo-ratas\/#primaryimage"},"image":{"@id":"https:\/\/skaitytaknyga.lt\/produktas\/aiskinimo-ratas\/#primaryimage"},"thumbnailUrl":"https:\/\/skaitytaknyga.lt\/wp-content\/uploads\/2025\/10\/Aiskinimo-ratas-e1760113090499.webp","datePublished":"2025-10-10T16:17:43+00:00","dateModified":"2026-02-26T08:10:25+00:00","description":"Pirmojoje, pavadintoje B\u016bti ir klausti, sud\u0117tos svarbiausi\u0173j\u0173 hermeneutin\u0117s filosofijos k\u016br\u0117j\u0173 id\u0117j\u0173 apybrai\u017eos. \u0160i, antroji, skiriama i\u0161samesn\u0117ms atskir\u0173","breadcrumb":{"@id":"https:\/\/skaitytaknyga.lt\/produktas\/aiskinimo-ratas\/#breadcrumb"},"inLanguage":"en-GB","potentialAction":[{"@type":"ReadAction","target":["https:\/\/skaitytaknyga.lt\/produktas\/aiskinimo-ratas\/"]}]},{"@type":"ImageObject","inLanguage":"en-GB","@id":"https:\/\/skaitytaknyga.lt\/produktas\/aiskinimo-ratas\/#primaryimage","url":"https:\/\/skaitytaknyga.lt\/wp-content\/uploads\/2025\/10\/Aiskinimo-ratas-e1760113090499.webp","contentUrl":"https:\/\/skaitytaknyga.lt\/wp-content\/uploads\/2025\/10\/Aiskinimo-ratas-e1760113090499.webp","width":432,"height":644,"caption":"Ai\u0161kinimo ratas"},{"@type":"BreadcrumbList","@id":"https:\/\/skaitytaknyga.lt\/produktas\/aiskinimo-ratas\/#breadcrumb","itemListElement":[{"@type":"ListItem","position":1,"name":"Home","item":"https:\/\/skaitytaknyga.lt\/"},{"@type":"ListItem","position":2,"name":"Parduotuv\u0117","item":"https:\/\/skaitytaknyga.lt\/knygu-parduotuve\/"},{"@type":"ListItem","position":3,"name":"Ai\u0161kinimo ratas"}]},{"@type":"WebSite","@id":"https:\/\/skaitytaknyga.lt\/#website","url":"https:\/\/skaitytaknyga.lt\/","name":"skaitytaknyga.lt","description":"Skaitytaknyga.lt \u2013 tai ma\u017eas \u0161eimos verslas, kuris prasid\u0117jo nuo meil\u0117s knygoms ir siekio i\u0161gelb\u0117ti knygas nuo likimo prie konteinerio. Kas vienam nereikalingas daiktas \u2013 kitam lobis, o mes esame tarpininkai, kurie padeda abiems tapti laimingesniems ???? \u017dinome kaip nelengva i\u0161gyventi ma\u017eiems verslams, tad nuo \u0161iol, \u010dia rasite ir kit\u0173, ma\u017e\u0173 \u0161eim\u0173 versl\u0173, rank\u0173 darbo, dovan\u0173 sau ir artimiesiems.","publisher":{"@id":"https:\/\/skaitytaknyga.lt\/#organization"},"potentialAction":[{"@type":"SearchAction","target":{"@type":"EntryPoint","urlTemplate":"https:\/\/skaitytaknyga.lt\/?s={search_term_string}"},"query-input":{"@type":"PropertyValueSpecification","valueRequired":true,"valueName":"search_term_string"}}],"inLanguage":"en-GB"},{"@type":"Organization","@id":"https:\/\/skaitytaknyga.lt\/#organization","name":"skaitytaknyga.lt","url":"https:\/\/skaitytaknyga.lt\/","logo":{"@type":"ImageObject","inLanguage":"en-GB","@id":"https:\/\/skaitytaknyga.lt\/#\/schema\/logo\/image\/","url":"https:\/\/skaitytaknyga.lt\/wp-content\/uploads\/2024\/05\/cropped-cropped-cropped-02_00843_jt3bggkj1j3HLc7SyY6rEUpg.jpeg","contentUrl":"https:\/\/skaitytaknyga.lt\/wp-content\/uploads\/2024\/05\/cropped-cropped-cropped-02_00843_jt3bggkj1j3HLc7SyY6rEUpg.jpeg","width":1600,"height":1600,"caption":"skaitytaknyga.lt"},"image":{"@id":"https:\/\/skaitytaknyga.lt\/#\/schema\/logo\/image\/"},"sameAs":["https:\/\/www.facebook.com\/skaitytaknyga\/"]}]}},"_links":{"self":[{"href":"https:\/\/skaitytaknyga.lt\/en\/wp-json\/wp\/v2\/product\/21424","targetHints":{"allow":["GET"]}}],"collection":[{"href":"https:\/\/skaitytaknyga.lt\/en\/wp-json\/wp\/v2\/product"}],"about":[{"href":"https:\/\/skaitytaknyga.lt\/en\/wp-json\/wp\/v2\/types\/product"}],"replies":[{"embeddable":true,"href":"https:\/\/skaitytaknyga.lt\/en\/wp-json\/wp\/v2\/comments?post=21424"}],"wp:featuredmedia":[{"embeddable":true,"href":"https:\/\/skaitytaknyga.lt\/en\/wp-json\/wp\/v2\/media\/21429"}],"wp:attachment":[{"href":"https:\/\/skaitytaknyga.lt\/en\/wp-json\/wp\/v2\/media?parent=21424"}],"wp:term":[{"taxonomy":"product_brand","embeddable":true,"href":"https:\/\/skaitytaknyga.lt\/en\/wp-json\/wp\/v2\/product_brand?post=21424"},{"taxonomy":"product_cat","embeddable":true,"href":"https:\/\/skaitytaknyga.lt\/en\/wp-json\/wp\/v2\/product_cat?post=21424"},{"taxonomy":"product_tag","embeddable":true,"href":"https:\/\/skaitytaknyga.lt\/en\/wp-json\/wp\/v2\/product_tag?post=21424"}],"curies":[{"name":"wp","href":"https:\/\/api.w.org\/{rel}","templated":true}]}}