{"id":21363,"date":"2025-10-07T11:35:05","date_gmt":"2025-10-07T08:35:05","guid":{"rendered":"https:\/\/skaitytaknyga.lt\/?post_type=product&#038;p=21363"},"modified":"2025-10-07T12:40:17","modified_gmt":"2025-10-07T09:40:17","slug":"sirdies-nerimas-2","status":"publish","type":"product","link":"https:\/\/skaitytaknyga.lt\/en\/produktas\/sirdies-nerimas-2\/","title":{"rendered":"\u0160irdies nerimas"},"content":{"rendered":"<p>XIX ir XX am\u017ei\u0173 sand\u016broje gyvenanti Es\u0117 Sprekelmejer &#8211; viena t\u0173 moter\u0173, kurias \u012fsikibusias vyrui \u012f parank\u0119 pamatyti tikiesi ma\u017eiausiai. B\u016bdama nepriklausomo ir tiesaus b\u016bdo, ji atrodo aik\u0161tinga ir nepasiekiama.<\/p>\n<p>Ta\u010diau vien\u0105 dien\u0105 Es\u0117s t\u0117vas &#8211; naft\u0105 i\u0161gaunan\u010dios \u012fmon\u0117s savininkas &#8211; priima \u012f darb\u0105 Ton\u012f Morgan\u0105. Tonis, naftos magnato s\u016bnus, t\u0117vo paliktas be palikimo, trok\u0161ta pats nusipelnyti ger\u0105 vard\u0105 ir savo pastangomis u\u017egyventi turtus. Ir ma\u017eiausiai nori pamilti \u0161i\u0105 u\u017esispyrusi\u0105 \u0161viesiaplauk\u0119 darbdavio dukter\u012f.<\/p>\n<p>Bet \u0161ird\u017eiai ne\u012fsakysi&#8230; Es\u0117 stulbina, trikdo, prie\u0161gyniauja. Ir jis nebe\u017eino, ar jai mergintis, ar netekus kantryb\u0117s visk\u0105 mesti. Santykius ir \u012fvyki\u0173 eig\u0105 dar labiau komplikuoja paslaptys, kuri\u0173 turi abu, ir kurias akylai vienas nuo kito slepia&#8230;<\/p>\n<p>Tai toks gyvenimas&#8230; Vien nerimas \u0161irdy&#8230;<\/p>\n","protected":false},"excerpt":{"rendered":"<p>XIX ir XX am\u017ei\u0173 sand\u016broje gyvenanti Es\u0117 Sprekelmejer &#8211; viena t\u0173 moter\u0173, kurias \u012fsikibusias vyrui \u012f parank\u0119 pamatyti tikiesi ma\u017eiausiai. B\u016bdama nepriklausomo ir tiesaus b\u016bdo, ji atrodo aik\u0161tinga ir nepasiekiama. Ta\u010diau vien\u0105 dien\u0105 Es\u0117s t\u0117vas &#8211; naft\u0105 i\u0161gaunan\u010dios \u012fmon\u0117s savininkas &#8211; priima \u012f darb\u0105 Ton\u012f Morgan\u0105. Tonis, naftos magnato s\u016bnus, t\u0117vo paliktas be palikimo, trok\u0161ta pats nusipelnyti ger\u0105 vard\u0105 ir savo pastangomis u\u017egyventi turtus. Ir ma\u017eiausiai nori pamilti \u0161i\u0105 u\u017esispyrusi\u0105 \u0161viesiaplauk\u0119 darbdavio dukter\u012f. Bet \u0161ird\u017eiai ne\u012fsakysi&#8230; Es\u0117 stulbina, trikdo, prie\u0161gyniauja. Ir jis nebe\u017eino, ar jai mergintis, ar netekus kantryb\u0117s visk\u0105 mesti. Santykius ir \u012fvyki\u0173 eig\u0105 dar labiau komplikuoja paslaptys, kuri\u0173 turi abu, ir kurias akylai vienas nuo kito slepia&#8230; Tai toks gyvenimas&#8230; Vien nerimas \u0161irdy&#8230;<\/p>\n","protected":false},"featured_media":21368,"comment_status":"open","ping_status":"closed","template":"","meta":{"_acf_changed":false,"site-sidebar-layout":"default","site-content-layout":"","ast-site-content-layout":"default","site-content-style":"default","site-sidebar-style":"default","ast-global-header-display":"","ast-banner-title-visibility":"","ast-main-header-display":"","ast-hfb-above-header-display":"","ast-hfb-below-header-display":"","ast-hfb-mobile-header-display":"","site-post-title":"","ast-breadcrumbs-content":"","ast-featured-img":"","footer-sml-layout":"","ast-disable-related-posts":"","theme-transparent-header-meta":"","adv-header-id-meta":"","stick-header-meta":"","header-above-stick-meta":"","header-main-stick-meta":"","header-below-stick-meta":"","astra-migrate-meta-layouts":"default","ast-page-background-enabled":"default","ast-page-background-meta":{"desktop":{"background-color":"","background-image":"","background-repeat":"repeat","background-position":"center center","background-size":"auto","background-attachment":"scroll","background-type":"","background-media":"","overlay-type":"","overlay-color":"","overlay-opacity":"","overlay-gradient":""},"tablet":{"background-color":"","background-image":"","background-repeat":"repeat","background-position":"center center","background-size":"auto","background-attachment":"scroll","background-type":"","background-media":"","overlay-type":"","overlay-color":"","overlay-opacity":"","overlay-gradient":""},"mobile":{"background-color":"","background-image":"","background-repeat":"repeat","background-position":"center center","background-size":"auto","background-attachment":"scroll","background-type":"","background-media":"","overlay-type":"","overlay-color":"","overlay-opacity":"","overlay-gradient":""}},"ast-content-background-meta":{"desktop":{"background-color":"var(--ast-global-color-4)","background-image":"","background-repeat":"repeat","background-position":"center center","background-size":"auto","background-attachment":"scroll","background-type":"","background-media":"","overlay-type":"","overlay-color":"","overlay-opacity":"","overlay-gradient":""},"tablet":{"background-color":"var(--ast-global-color-4)","background-image":"","background-repeat":"repeat","background-position":"center center","background-size":"auto","background-attachment":"scroll","background-type":"","background-media":"","overlay-type":"","overlay-color":"","overlay-opacity":"","overlay-gradient":""},"mobile":{"background-color":"var(--ast-global-color-4)","background-image":"","background-repeat":"repeat","background-position":"center center","background-size":"auto","background-attachment":"scroll","background-type":"","background-media":"","overlay-type":"","overlay-color":"","overlay-opacity":"","overlay-gradient":""}}},"product_brand":[],"product_cat":[31],"product_tag":[],"class_list":{"0":"post-21363","1":"product","2":"type-product","3":"status-publish","4":"has-post-thumbnail","6":"product_cat-grozine-literatura","7":"desktop-align-left","8":"tablet-align-left","9":"mobile-align-left","11":"first","12":"instock","13":"shipping-taxable","14":"purchasable","15":"product-type-simple"},"acf":[],"yoast_head":"<!-- This site is optimized with the Yoast SEO plugin v27.0 - https:\/\/yoast.com\/product\/yoast-seo-wordpress\/ -->\n<title>\u0160irdies nerimas<\/title>\n<meta name=\"description\" content=\"XIX ir XX am\u017ei\u0173 sand\u016broje gyvenanti Es\u0117 Sprekelmejer - viena t\u0173 moter\u0173, kurias \u012fsikibusias vyrui \u012f parank\u0119 pamatyti tikiesi ma\u017eiausiai. B\u016bdama\" \/>\n<meta name=\"robots\" content=\"index, follow, max-snippet:-1, max-image-preview:large, max-video-preview:-1\" \/>\n<link rel=\"canonical\" href=\"https:\/\/skaitytaknyga.lt\/en\/produktas\/sirdies-nerimas-2\/\" \/>\n<meta property=\"og:locale\" content=\"en_GB\" \/>\n<meta property=\"og:locale:alternate\" content=\"lt_LT\" \/>\n<meta property=\"og:type\" content=\"article\" \/>\n<meta property=\"og:title\" content=\"\u0160irdies nerimas\" \/>\n<meta property=\"og:description\" content=\"XIX ir XX am\u017ei\u0173 sand\u016broje gyvenanti Es\u0117 Sprekelmejer - viena t\u0173 moter\u0173, kurias \u012fsikibusias vyrui \u012f parank\u0119 pamatyti tikiesi ma\u017eiausiai. B\u016bdama\" \/>\n<meta property=\"og:url\" content=\"https:\/\/skaitytaknyga.lt\/en\/produktas\/sirdies-nerimas-2\/\" \/>\n<meta property=\"og:site_name\" content=\"Skaitytaknyga\" \/>\n<meta property=\"article:publisher\" content=\"https:\/\/www.facebook.com\/skaitytaknyga\/\" \/>\n<meta property=\"article:modified_time\" content=\"2025-10-07T09:40:17+00:00\" \/>\n<meta property=\"og:image\" content=\"https:\/\/skaitytaknyga.lt\/wp-content\/uploads\/2025\/10\/Sirdies-nerimas-1.webp\" \/>\n\t<meta property=\"og:image:width\" content=\"300\" \/>\n\t<meta property=\"og:image:height\" content=\"494\" \/>\n\t<meta property=\"og:image:type\" content=\"image\/webp\" \/>\n<meta name=\"twitter:card\" content=\"summary_large_image\" \/>\n<meta name=\"twitter:label1\" content=\"Estimated reading time\" \/>\n\t<meta name=\"twitter:data1\" content=\"1 minute\" \/>\n<script type=\"application\/ld+json\" class=\"yoast-schema-graph\">{\"@context\":\"https:\/\/schema.org\",\"@graph\":[{\"@type\":\"WebPage\",\"@id\":\"https:\/\/skaitytaknyga.lt\/produktas\/sirdies-nerimas-2\/\",\"url\":\"https:\/\/skaitytaknyga.lt\/produktas\/sirdies-nerimas-2\/\",\"name\":\"\u0160irdies nerimas\",\"isPartOf\":{\"@id\":\"https:\/\/skaitytaknyga.lt\/#website\"},\"primaryImageOfPage\":{\"@id\":\"https:\/\/skaitytaknyga.lt\/produktas\/sirdies-nerimas-2\/#primaryimage\"},\"image\":{\"@id\":\"https:\/\/skaitytaknyga.lt\/produktas\/sirdies-nerimas-2\/#primaryimage\"},\"thumbnailUrl\":\"https:\/\/skaitytaknyga.lt\/wp-content\/uploads\/2025\/10\/Sirdies-nerimas-1.webp\",\"datePublished\":\"2025-10-07T08:35:05+00:00\",\"dateModified\":\"2025-10-07T09:40:17+00:00\",\"description\":\"XIX ir XX am\u017ei\u0173 sand\u016broje gyvenanti Es\u0117 Sprekelmejer - viena t\u0173 moter\u0173, kurias \u012fsikibusias vyrui \u012f parank\u0119 pamatyti tikiesi ma\u017eiausiai. B\u016bdama\",\"breadcrumb\":{\"@id\":\"https:\/\/skaitytaknyga.lt\/produktas\/sirdies-nerimas-2\/#breadcrumb\"},\"inLanguage\":\"en-GB\",\"potentialAction\":[{\"@type\":\"ReadAction\",\"target\":[\"https:\/\/skaitytaknyga.lt\/produktas\/sirdies-nerimas-2\/\"]}]},{\"@type\":\"ImageObject\",\"inLanguage\":\"en-GB\",\"@id\":\"https:\/\/skaitytaknyga.lt\/produktas\/sirdies-nerimas-2\/#primaryimage\",\"url\":\"https:\/\/skaitytaknyga.lt\/wp-content\/uploads\/2025\/10\/Sirdies-nerimas-1.webp\",\"contentUrl\":\"https:\/\/skaitytaknyga.lt\/wp-content\/uploads\/2025\/10\/Sirdies-nerimas-1.webp\",\"width\":300,\"height\":494,\"caption\":\"\u0160irdies nerimas\"},{\"@type\":\"BreadcrumbList\",\"@id\":\"https:\/\/skaitytaknyga.lt\/produktas\/sirdies-nerimas-2\/#breadcrumb\",\"itemListElement\":[{\"@type\":\"ListItem\",\"position\":1,\"name\":\"Home\",\"item\":\"https:\/\/skaitytaknyga.lt\/\"},{\"@type\":\"ListItem\",\"position\":2,\"name\":\"Parduotuv\u0117\",\"item\":\"https:\/\/skaitytaknyga.lt\/knygu-parduotuve\/\"},{\"@type\":\"ListItem\",\"position\":3,\"name\":\"\u0160irdies nerimas\"}]},{\"@type\":\"WebSite\",\"@id\":\"https:\/\/skaitytaknyga.lt\/#website\",\"url\":\"https:\/\/skaitytaknyga.lt\/\",\"name\":\"skaitytaknyga.lt\",\"description\":\"Skaitytaknyga.lt \u2013 tai ma\u017eas \u0161eimos verslas, kuris prasid\u0117jo nuo meil\u0117s knygoms ir siekio i\u0161gelb\u0117ti knygas nuo likimo prie konteinerio. Kas vienam nereikalingas daiktas \u2013 kitam lobis, o mes esame tarpininkai, kurie padeda abiems tapti laimingesniems ???? \u017dinome kaip nelengva i\u0161gyventi ma\u017eiems verslams, tad nuo \u0161iol, \u010dia rasite ir kit\u0173, ma\u017e\u0173 \u0161eim\u0173 versl\u0173, rank\u0173 darbo, dovan\u0173 sau ir artimiesiems.\",\"publisher\":{\"@id\":\"https:\/\/skaitytaknyga.lt\/#organization\"},\"potentialAction\":[{\"@type\":\"SearchAction\",\"target\":{\"@type\":\"EntryPoint\",\"urlTemplate\":\"https:\/\/skaitytaknyga.lt\/?s={search_term_string}\"},\"query-input\":{\"@type\":\"PropertyValueSpecification\",\"valueRequired\":true,\"valueName\":\"search_term_string\"}}],\"inLanguage\":\"en-GB\"},{\"@type\":\"Organization\",\"@id\":\"https:\/\/skaitytaknyga.lt\/#organization\",\"name\":\"skaitytaknyga.lt\",\"url\":\"https:\/\/skaitytaknyga.lt\/\",\"logo\":{\"@type\":\"ImageObject\",\"inLanguage\":\"en-GB\",\"@id\":\"https:\/\/skaitytaknyga.lt\/#\/schema\/logo\/image\/\",\"url\":\"https:\/\/skaitytaknyga.lt\/wp-content\/uploads\/2024\/05\/cropped-cropped-cropped-02_00843_jt3bggkj1j3HLc7SyY6rEUpg.jpeg\",\"contentUrl\":\"https:\/\/skaitytaknyga.lt\/wp-content\/uploads\/2024\/05\/cropped-cropped-cropped-02_00843_jt3bggkj1j3HLc7SyY6rEUpg.jpeg\",\"width\":1600,\"height\":1600,\"caption\":\"skaitytaknyga.lt\"},\"image\":{\"@id\":\"https:\/\/skaitytaknyga.lt\/#\/schema\/logo\/image\/\"},\"sameAs\":[\"https:\/\/www.facebook.com\/skaitytaknyga\/\"]}]}<\/script>\n<!-- \/ Yoast SEO plugin. -->","yoast_head_json":{"title":"\u0160irdies nerimas","description":"XIX ir XX am\u017ei\u0173 sand\u016broje gyvenanti Es\u0117 Sprekelmejer - viena t\u0173 moter\u0173, kurias \u012fsikibusias vyrui \u012f parank\u0119 pamatyti tikiesi ma\u017eiausiai. B\u016bdama","robots":{"index":"index","follow":"follow","max-snippet":"max-snippet:-1","max-image-preview":"max-image-preview:large","max-video-preview":"max-video-preview:-1"},"canonical":"https:\/\/skaitytaknyga.lt\/en\/produktas\/sirdies-nerimas-2\/","og_locale":"en_GB","og_type":"article","og_title":"[:lt]\u0160irdies nerimas[:] - Skaitytaknyga","og_description":"XIX ir XX am\u017ei\u0173 sand\u016broje gyvenanti Es\u0117 Sprekelmejer - viena t\u0173 moter\u0173, kurias \u012fsikibusias vyrui \u012f parank\u0119 pamatyti tikiesi ma\u017eiausiai. B\u016bdama","og_url":"https:\/\/skaitytaknyga.lt\/en\/produktas\/sirdies-nerimas-2\/","og_site_name":"Skaitytaknyga","article_publisher":"https:\/\/www.facebook.com\/skaitytaknyga\/","article_modified_time":"2025-10-07T09:40:17+00:00","og_image":[{"width":300,"height":494,"url":"https:\/\/skaitytaknyga.lt\/wp-content\/uploads\/2025\/10\/Sirdies-nerimas-1.webp","type":"image\/webp"}],"twitter_card":"summary_large_image","twitter_misc":{"Estimated reading time":"1 minute"},"schema":{"@context":"https:\/\/schema.org","@graph":[{"@type":"WebPage","@id":"https:\/\/skaitytaknyga.lt\/produktas\/sirdies-nerimas-2\/","url":"https:\/\/skaitytaknyga.lt\/produktas\/sirdies-nerimas-2\/","name":"\u0160irdies nerimas","isPartOf":{"@id":"https:\/\/skaitytaknyga.lt\/#website"},"primaryImageOfPage":{"@id":"https:\/\/skaitytaknyga.lt\/produktas\/sirdies-nerimas-2\/#primaryimage"},"image":{"@id":"https:\/\/skaitytaknyga.lt\/produktas\/sirdies-nerimas-2\/#primaryimage"},"thumbnailUrl":"https:\/\/skaitytaknyga.lt\/wp-content\/uploads\/2025\/10\/Sirdies-nerimas-1.webp","datePublished":"2025-10-07T08:35:05+00:00","dateModified":"2025-10-07T09:40:17+00:00","description":"XIX ir XX am\u017ei\u0173 sand\u016broje gyvenanti Es\u0117 Sprekelmejer - viena t\u0173 moter\u0173, kurias \u012fsikibusias vyrui \u012f parank\u0119 pamatyti tikiesi ma\u017eiausiai. B\u016bdama","breadcrumb":{"@id":"https:\/\/skaitytaknyga.lt\/produktas\/sirdies-nerimas-2\/#breadcrumb"},"inLanguage":"en-GB","potentialAction":[{"@type":"ReadAction","target":["https:\/\/skaitytaknyga.lt\/produktas\/sirdies-nerimas-2\/"]}]},{"@type":"ImageObject","inLanguage":"en-GB","@id":"https:\/\/skaitytaknyga.lt\/produktas\/sirdies-nerimas-2\/#primaryimage","url":"https:\/\/skaitytaknyga.lt\/wp-content\/uploads\/2025\/10\/Sirdies-nerimas-1.webp","contentUrl":"https:\/\/skaitytaknyga.lt\/wp-content\/uploads\/2025\/10\/Sirdies-nerimas-1.webp","width":300,"height":494,"caption":"\u0160irdies nerimas"},{"@type":"BreadcrumbList","@id":"https:\/\/skaitytaknyga.lt\/produktas\/sirdies-nerimas-2\/#breadcrumb","itemListElement":[{"@type":"ListItem","position":1,"name":"Home","item":"https:\/\/skaitytaknyga.lt\/"},{"@type":"ListItem","position":2,"name":"Parduotuv\u0117","item":"https:\/\/skaitytaknyga.lt\/knygu-parduotuve\/"},{"@type":"ListItem","position":3,"name":"\u0160irdies nerimas"}]},{"@type":"WebSite","@id":"https:\/\/skaitytaknyga.lt\/#website","url":"https:\/\/skaitytaknyga.lt\/","name":"skaitytaknyga.lt","description":"Skaitytaknyga.lt \u2013 tai ma\u017eas \u0161eimos verslas, kuris prasid\u0117jo nuo meil\u0117s knygoms ir siekio i\u0161gelb\u0117ti knygas nuo likimo prie konteinerio. Kas vienam nereikalingas daiktas \u2013 kitam lobis, o mes esame tarpininkai, kurie padeda abiems tapti laimingesniems ???? \u017dinome kaip nelengva i\u0161gyventi ma\u017eiems verslams, tad nuo \u0161iol, \u010dia rasite ir kit\u0173, ma\u017e\u0173 \u0161eim\u0173 versl\u0173, rank\u0173 darbo, dovan\u0173 sau ir artimiesiems.","publisher":{"@id":"https:\/\/skaitytaknyga.lt\/#organization"},"potentialAction":[{"@type":"SearchAction","target":{"@type":"EntryPoint","urlTemplate":"https:\/\/skaitytaknyga.lt\/?s={search_term_string}"},"query-input":{"@type":"PropertyValueSpecification","valueRequired":true,"valueName":"search_term_string"}}],"inLanguage":"en-GB"},{"@type":"Organization","@id":"https:\/\/skaitytaknyga.lt\/#organization","name":"skaitytaknyga.lt","url":"https:\/\/skaitytaknyga.lt\/","logo":{"@type":"ImageObject","inLanguage":"en-GB","@id":"https:\/\/skaitytaknyga.lt\/#\/schema\/logo\/image\/","url":"https:\/\/skaitytaknyga.lt\/wp-content\/uploads\/2024\/05\/cropped-cropped-cropped-02_00843_jt3bggkj1j3HLc7SyY6rEUpg.jpeg","contentUrl":"https:\/\/skaitytaknyga.lt\/wp-content\/uploads\/2024\/05\/cropped-cropped-cropped-02_00843_jt3bggkj1j3HLc7SyY6rEUpg.jpeg","width":1600,"height":1600,"caption":"skaitytaknyga.lt"},"image":{"@id":"https:\/\/skaitytaknyga.lt\/#\/schema\/logo\/image\/"},"sameAs":["https:\/\/www.facebook.com\/skaitytaknyga\/"]}]}},"_links":{"self":[{"href":"https:\/\/skaitytaknyga.lt\/en\/wp-json\/wp\/v2\/product\/21363","targetHints":{"allow":["GET"]}}],"collection":[{"href":"https:\/\/skaitytaknyga.lt\/en\/wp-json\/wp\/v2\/product"}],"about":[{"href":"https:\/\/skaitytaknyga.lt\/en\/wp-json\/wp\/v2\/types\/product"}],"replies":[{"embeddable":true,"href":"https:\/\/skaitytaknyga.lt\/en\/wp-json\/wp\/v2\/comments?post=21363"}],"wp:featuredmedia":[{"embeddable":true,"href":"https:\/\/skaitytaknyga.lt\/en\/wp-json\/wp\/v2\/media\/21368"}],"wp:attachment":[{"href":"https:\/\/skaitytaknyga.lt\/en\/wp-json\/wp\/v2\/media?parent=21363"}],"wp:term":[{"taxonomy":"product_brand","embeddable":true,"href":"https:\/\/skaitytaknyga.lt\/en\/wp-json\/wp\/v2\/product_brand?post=21363"},{"taxonomy":"product_cat","embeddable":true,"href":"https:\/\/skaitytaknyga.lt\/en\/wp-json\/wp\/v2\/product_cat?post=21363"},{"taxonomy":"product_tag","embeddable":true,"href":"https:\/\/skaitytaknyga.lt\/en\/wp-json\/wp\/v2\/product_tag?post=21363"}],"curies":[{"name":"wp","href":"https:\/\/api.w.org\/{rel}","templated":true}]}}