{"id":21362,"date":"2025-10-07T11:35:05","date_gmt":"2025-10-07T08:35:05","guid":{"rendered":"https:\/\/skaitytaknyga.lt\/?post_type=product&#038;p=21362"},"modified":"2026-03-18T11:02:12","modified_gmt":"2026-03-18T09:02:12","slug":"pribuvejos-prakeiksmas","status":"publish","type":"product","link":"https:\/\/skaitytaknyga.lt\/en\/produktas\/pribuvejos-prakeiksmas\/","title":{"rendered":"Raganos \u0161irdis"},"content":{"rendered":"<p>Barbora Radvilait\u0117 m\u016bs\u0173 istorin\u0117je ir literat\u016brin\u0117je tradicijoje \u2013 bent jau kol kas \u2013 priklauso vyri\u0161kajai paradigmai. Pasitelkiant vyri\u0161k\u0105 logik\u0105 ir fiziologij\u0105, ne kart\u0105 buvo bandyta \u012fsp\u0117ti ir paai\u0161kinti \u0161ios moters paslapt\u012f. \u017dinodama, kad tokie bandymai ne visada s\u0117kmingi, \u0161iame romane nesistengiau nieko \u201ei\u0161ai\u0161kinti&#8221;, \u2013 juk paslaptys mieliau pakl\u016bsta intuicijai nei logikai.<\/p>\n<p>Renata \u0160erelyt\u0117<\/p>\n<p>Barbora Radvilait\u0117 \u2013 viena m\u012fslingiausi\u0173 m\u016bs\u0173 istorijos asmenybi\u0173. Apipinta pasakojimais ir gandais, \u201ebalt\u0173j\u0173&#8221; legend\u0173 ji buvo stigmatizuota, o \u201ejuod\u0173j\u0173&#8221; \u2013 nuvertinta ir paniekinta. Jos gyvenimas \u2013 tai paslaptis, liksianti gl\u016bd\u0117ti nesugr\u0105\u017einamoje praeityje. Barboros paslapt\u012f gal\u0117jo \u012fsp\u0117ti tik ta, kuri buvo \u0161alia jos, \u2013 kaip atspindys veidrodyje, kaip \u0161e\u0161\u0117lis, antrinink\u0117. Nieko nebeliko mums i\u0161 tos moters \u2013 nei vardo, nei aido. \u0160vystel\u0117jo ir pranyko kaip er\u0161k\u0117tro\u017e\u0117s \u017eiedas nakt\u012f. Vis d\u0117lto \u2013 kas gi tu esi, Magdalena? Ragana ar \u017einiuon\u0117? Karalien\u0117s patik\u0117tin\u0117 ar i\u0161davik\u0117? Dvasios sesuo ar prie\u0161\u0117? Sunku, o podraug smalsu ir baisu brautis su tavimi per sustingusi\u0105 laiko tams\u0105 ir patik\u0117ti, kad nieko n\u0117ra svarbiau u\u017e meil\u0119 ir mirt\u012f, nes viena j\u0173 pla\u010diai atveria am\u017einyb\u0117s vartus, o kita juos aklinai u\u017edaro.<\/p>\n<p>Paslaptingoje istorijoje \u201eRaganos \u0161irdis\u201c susipina i\u0161tikimyb\u0117 ir i\u0161davyst\u0117, klasta ir meil\u0117, garb\u0117 ir nuopuolis, nuodai ir \u0161pagos. Visa tai, kas spindi i\u0161 am\u017ei\u0173 gelm\u0117s raudonu kraujo karbunkulu.<\/p>\n","protected":false},"excerpt":{"rendered":"<p>Barbora Radvilait\u0117 m\u016bs\u0173 istorin\u0117je ir literat\u016brin\u0117je tradicijoje \u2013 bent jau kol kas \u2013 priklauso vyri\u0161kajai paradigmai. Pasitelkiant vyri\u0161k\u0105 logik\u0105 ir fiziologij\u0105, ne kart\u0105 buvo bandyta \u012fsp\u0117ti ir paai\u0161kinti \u0161ios moters paslapt\u012f. \u017dinodama, kad tokie bandymai ne visada s\u0117kmingi, \u0161iame romane nesistengiau nieko \u201ei\u0161ai\u0161kinti&#8221;, \u2013 juk paslaptys mieliau pakl\u016bsta intuicijai nei logikai. Renata \u0160erelyt\u0117 Barbora Radvilait\u0117 \u2013 viena m\u012fslingiausi\u0173 m\u016bs\u0173 istorijos asmenybi\u0173. Apipinta pasakojimais ir gandais, \u201ebalt\u0173j\u0173&#8221; legend\u0173 ji buvo stigmatizuota, o \u201ejuod\u0173j\u0173&#8221; \u2013 nuvertinta ir paniekinta. Jos gyvenimas \u2013 tai paslaptis, liksianti gl\u016bd\u0117ti nesugr\u0105\u017einamoje praeityje. Barboros paslapt\u012f gal\u0117jo \u012fsp\u0117ti tik ta, kuri buvo \u0161alia jos, \u2013 kaip atspindys veidrodyje, kaip \u0161e\u0161\u0117lis, antrinink\u0117. Nieko nebeliko mums i\u0161 tos moters \u2013 nei vardo, nei aido. \u0160vystel\u0117jo ir pranyko kaip er\u0161k\u0117tro\u017e\u0117s \u017eiedas nakt\u012f. Vis d\u0117lto \u2013 kas gi tu esi, Magdalena? Ragana ar \u017einiuon\u0117? Karalien\u0117s patik\u0117tin\u0117 ar i\u0161davik\u0117? Dvasios sesuo ar prie\u0161\u0117? Sunku, o podraug smalsu ir baisu brautis su tavimi per sustingusi\u0105 laiko tams\u0105 ir patik\u0117ti, kad nieko n\u0117ra svarbiau u\u017e meil\u0119 ir mirt\u012f, nes viena j\u0173 pla\u010diai atveria am\u017einyb\u0117s vartus, o kita juos aklinai u\u017edaro. Paslaptingoje istorijoje \u201eRaganos \u0161irdis\u201c susipina i\u0161tikimyb\u0117 ir i\u0161davyst\u0117, klasta ir meil\u0117, garb\u0117 ir nuopuolis, nuodai ir \u0161pagos. Visa tai, kas spindi i\u0161 am\u017ei\u0173 gelm\u0117s raudonu kraujo karbunkulu.<\/p>\n","protected":false},"featured_media":21370,"comment_status":"open","ping_status":"closed","template":"","meta":{"_acf_changed":false,"site-sidebar-layout":"default","site-content-layout":"","ast-site-content-layout":"default","site-content-style":"default","site-sidebar-style":"default","ast-global-header-display":"","ast-banner-title-visibility":"","ast-main-header-display":"","ast-hfb-above-header-display":"","ast-hfb-below-header-display":"","ast-hfb-mobile-header-display":"","site-post-title":"","ast-breadcrumbs-content":"","ast-featured-img":"","footer-sml-layout":"","ast-disable-related-posts":"","theme-transparent-header-meta":"","adv-header-id-meta":"","stick-header-meta":"","header-above-stick-meta":"","header-main-stick-meta":"","header-below-stick-meta":"","astra-migrate-meta-layouts":"default","ast-page-background-enabled":"default","ast-page-background-meta":{"desktop":{"background-color":"","background-image":"","background-repeat":"repeat","background-position":"center center","background-size":"auto","background-attachment":"scroll","background-type":"","background-media":"","overlay-type":"","overlay-color":"","overlay-opacity":"","overlay-gradient":""},"tablet":{"background-color":"","background-image":"","background-repeat":"repeat","background-position":"center center","background-size":"auto","background-attachment":"scroll","background-type":"","background-media":"","overlay-type":"","overlay-color":"","overlay-opacity":"","overlay-gradient":""},"mobile":{"background-color":"","background-image":"","background-repeat":"repeat","background-position":"center center","background-size":"auto","background-attachment":"scroll","background-type":"","background-media":"","overlay-type":"","overlay-color":"","overlay-opacity":"","overlay-gradient":""}},"ast-content-background-meta":{"desktop":{"background-color":"var(--ast-global-color-4)","background-image":"","background-repeat":"repeat","background-position":"center center","background-size":"auto","background-attachment":"scroll","background-type":"","background-media":"","overlay-type":"","overlay-color":"","overlay-opacity":"","overlay-gradient":""},"tablet":{"background-color":"var(--ast-global-color-4)","background-image":"","background-repeat":"repeat","background-position":"center center","background-size":"auto","background-attachment":"scroll","background-type":"","background-media":"","overlay-type":"","overlay-color":"","overlay-opacity":"","overlay-gradient":""},"mobile":{"background-color":"var(--ast-global-color-4)","background-image":"","background-repeat":"repeat","background-position":"center center","background-size":"auto","background-attachment":"scroll","background-type":"","background-media":"","overlay-type":"","overlay-color":"","overlay-opacity":"","overlay-gradient":""}}},"product_brand":[],"product_cat":[9618,9590],"product_tag":[],"class_list":{"0":"post-21362","1":"product","2":"type-product","3":"status-publish","4":"has-post-thumbnail","6":"product_cat-istoriniai-romanai","7":"product_cat-lietuviu-literatura","8":"desktop-align-left","9":"tablet-align-left","10":"mobile-align-left","12":"first","13":"instock","14":"shipping-taxable","15":"purchasable","16":"product-type-simple"},"acf":[],"yoast_head":"<!-- This site is optimized with the Yoast SEO plugin v27.0 - https:\/\/yoast.com\/product\/yoast-seo-wordpress\/ -->\n<title>Raganos \u0161irdis<\/title>\n<meta name=\"description\" content=\"Barbora Radvilait\u0117 m\u016bs\u0173 istorin\u0117je ir literat\u016brin\u0117je tradicijoje \u2013 bent jau kol kas \u2013 priklauso vyri\u0161kajai paradigmai. Pasitelkiant vyri\u0161k\u0105 logik\u0105 ir\" \/>\n<meta name=\"robots\" content=\"index, follow, max-snippet:-1, max-image-preview:large, max-video-preview:-1\" \/>\n<link rel=\"canonical\" href=\"https:\/\/skaitytaknyga.lt\/en\/produktas\/pribuvejos-prakeiksmas\/\" \/>\n<meta property=\"og:locale\" content=\"en_GB\" \/>\n<meta property=\"og:locale:alternate\" content=\"lt_LT\" \/>\n<meta property=\"og:type\" content=\"article\" \/>\n<meta property=\"og:title\" content=\"Raganos \u0161irdis\" \/>\n<meta property=\"og:description\" content=\"Barbora Radvilait\u0117 m\u016bs\u0173 istorin\u0117je ir literat\u016brin\u0117je tradicijoje \u2013 bent jau kol kas \u2013 priklauso vyri\u0161kajai paradigmai. Pasitelkiant vyri\u0161k\u0105 logik\u0105 ir\" \/>\n<meta property=\"og:url\" content=\"https:\/\/skaitytaknyga.lt\/en\/produktas\/pribuvejos-prakeiksmas\/\" \/>\n<meta property=\"og:site_name\" content=\"Skaitytaknyga\" \/>\n<meta property=\"article:publisher\" content=\"https:\/\/www.facebook.com\/skaitytaknyga\/\" \/>\n<meta property=\"article:modified_time\" content=\"2026-03-18T09:02:12+00:00\" \/>\n<meta property=\"og:image\" content=\"https:\/\/skaitytaknyga.lt\/wp-content\/uploads\/2025\/10\/Raganos-sirdis-1.webp\" \/>\n\t<meta property=\"og:image:width\" content=\"300\" \/>\n\t<meta property=\"og:image:height\" content=\"492\" \/>\n\t<meta property=\"og:image:type\" content=\"image\/webp\" \/>\n<meta name=\"twitter:card\" content=\"summary_large_image\" \/>\n<meta name=\"twitter:label1\" content=\"Estimated reading time\" \/>\n\t<meta name=\"twitter:data1\" content=\"1 minute\" \/>\n<script type=\"application\/ld+json\" class=\"yoast-schema-graph\">{\"@context\":\"https:\/\/schema.org\",\"@graph\":[{\"@type\":\"WebPage\",\"@id\":\"https:\/\/skaitytaknyga.lt\/produktas\/pribuvejos-prakeiksmas\/\",\"url\":\"https:\/\/skaitytaknyga.lt\/produktas\/pribuvejos-prakeiksmas\/\",\"name\":\"Raganos \u0161irdis\",\"isPartOf\":{\"@id\":\"https:\/\/skaitytaknyga.lt\/#website\"},\"primaryImageOfPage\":{\"@id\":\"https:\/\/skaitytaknyga.lt\/produktas\/pribuvejos-prakeiksmas\/#primaryimage\"},\"image\":{\"@id\":\"https:\/\/skaitytaknyga.lt\/produktas\/pribuvejos-prakeiksmas\/#primaryimage\"},\"thumbnailUrl\":\"https:\/\/skaitytaknyga.lt\/wp-content\/uploads\/2025\/10\/Raganos-sirdis-1.webp\",\"datePublished\":\"2025-10-07T08:35:05+00:00\",\"dateModified\":\"2026-03-18T09:02:12+00:00\",\"description\":\"Barbora Radvilait\u0117 m\u016bs\u0173 istorin\u0117je ir literat\u016brin\u0117je tradicijoje \u2013 bent jau kol kas \u2013 priklauso vyri\u0161kajai paradigmai. Pasitelkiant vyri\u0161k\u0105 logik\u0105 ir\",\"breadcrumb\":{\"@id\":\"https:\/\/skaitytaknyga.lt\/produktas\/pribuvejos-prakeiksmas\/#breadcrumb\"},\"inLanguage\":\"en-GB\",\"potentialAction\":[{\"@type\":\"ReadAction\",\"target\":[\"https:\/\/skaitytaknyga.lt\/produktas\/pribuvejos-prakeiksmas\/\"]}]},{\"@type\":\"ImageObject\",\"inLanguage\":\"en-GB\",\"@id\":\"https:\/\/skaitytaknyga.lt\/produktas\/pribuvejos-prakeiksmas\/#primaryimage\",\"url\":\"https:\/\/skaitytaknyga.lt\/wp-content\/uploads\/2025\/10\/Raganos-sirdis-1.webp\",\"contentUrl\":\"https:\/\/skaitytaknyga.lt\/wp-content\/uploads\/2025\/10\/Raganos-sirdis-1.webp\",\"width\":300,\"height\":492,\"caption\":\"Raganos \u0161irdis\"},{\"@type\":\"BreadcrumbList\",\"@id\":\"https:\/\/skaitytaknyga.lt\/produktas\/pribuvejos-prakeiksmas\/#breadcrumb\",\"itemListElement\":[{\"@type\":\"ListItem\",\"position\":1,\"name\":\"Home\",\"item\":\"https:\/\/skaitytaknyga.lt\/\"},{\"@type\":\"ListItem\",\"position\":2,\"name\":\"Parduotuv\u0117\",\"item\":\"https:\/\/skaitytaknyga.lt\/knygu-parduotuve\/\"},{\"@type\":\"ListItem\",\"position\":3,\"name\":\"Raganos \u0161irdis\"}]},{\"@type\":\"WebSite\",\"@id\":\"https:\/\/skaitytaknyga.lt\/#website\",\"url\":\"https:\/\/skaitytaknyga.lt\/\",\"name\":\"skaitytaknyga.lt\",\"description\":\"Skaitytaknyga.lt \u2013 tai ma\u017eas \u0161eimos verslas, kuris prasid\u0117jo nuo meil\u0117s knygoms ir siekio i\u0161gelb\u0117ti knygas nuo likimo prie konteinerio. Kas vienam nereikalingas daiktas \u2013 kitam lobis, o mes esame tarpininkai, kurie padeda abiems tapti laimingesniems ???? \u017dinome kaip nelengva i\u0161gyventi ma\u017eiems verslams, tad nuo \u0161iol, \u010dia rasite ir kit\u0173, ma\u017e\u0173 \u0161eim\u0173 versl\u0173, rank\u0173 darbo, dovan\u0173 sau ir artimiesiems.\",\"publisher\":{\"@id\":\"https:\/\/skaitytaknyga.lt\/#organization\"},\"potentialAction\":[{\"@type\":\"SearchAction\",\"target\":{\"@type\":\"EntryPoint\",\"urlTemplate\":\"https:\/\/skaitytaknyga.lt\/?s={search_term_string}\"},\"query-input\":{\"@type\":\"PropertyValueSpecification\",\"valueRequired\":true,\"valueName\":\"search_term_string\"}}],\"inLanguage\":\"en-GB\"},{\"@type\":\"Organization\",\"@id\":\"https:\/\/skaitytaknyga.lt\/#organization\",\"name\":\"skaitytaknyga.lt\",\"url\":\"https:\/\/skaitytaknyga.lt\/\",\"logo\":{\"@type\":\"ImageObject\",\"inLanguage\":\"en-GB\",\"@id\":\"https:\/\/skaitytaknyga.lt\/#\/schema\/logo\/image\/\",\"url\":\"https:\/\/skaitytaknyga.lt\/wp-content\/uploads\/2024\/05\/cropped-cropped-cropped-02_00843_jt3bggkj1j3HLc7SyY6rEUpg.jpeg\",\"contentUrl\":\"https:\/\/skaitytaknyga.lt\/wp-content\/uploads\/2024\/05\/cropped-cropped-cropped-02_00843_jt3bggkj1j3HLc7SyY6rEUpg.jpeg\",\"width\":1600,\"height\":1600,\"caption\":\"skaitytaknyga.lt\"},\"image\":{\"@id\":\"https:\/\/skaitytaknyga.lt\/#\/schema\/logo\/image\/\"},\"sameAs\":[\"https:\/\/www.facebook.com\/skaitytaknyga\/\"]}]}<\/script>\n<!-- \/ Yoast SEO plugin. -->","yoast_head_json":{"title":"Raganos \u0161irdis","description":"Barbora Radvilait\u0117 m\u016bs\u0173 istorin\u0117je ir literat\u016brin\u0117je tradicijoje \u2013 bent jau kol kas \u2013 priklauso vyri\u0161kajai paradigmai. Pasitelkiant vyri\u0161k\u0105 logik\u0105 ir","robots":{"index":"index","follow":"follow","max-snippet":"max-snippet:-1","max-image-preview":"max-image-preview:large","max-video-preview":"max-video-preview:-1"},"canonical":"https:\/\/skaitytaknyga.lt\/en\/produktas\/pribuvejos-prakeiksmas\/","og_locale":"en_GB","og_type":"article","og_title":"[:lt]Raganos \u0161irdis[:] - Skaitytaknyga","og_description":"Barbora Radvilait\u0117 m\u016bs\u0173 istorin\u0117je ir literat\u016brin\u0117je tradicijoje \u2013 bent jau kol kas \u2013 priklauso vyri\u0161kajai paradigmai. Pasitelkiant vyri\u0161k\u0105 logik\u0105 ir","og_url":"https:\/\/skaitytaknyga.lt\/en\/produktas\/pribuvejos-prakeiksmas\/","og_site_name":"Skaitytaknyga","article_publisher":"https:\/\/www.facebook.com\/skaitytaknyga\/","article_modified_time":"2026-03-18T09:02:12+00:00","og_image":[{"width":300,"height":492,"url":"https:\/\/skaitytaknyga.lt\/wp-content\/uploads\/2025\/10\/Raganos-sirdis-1.webp","type":"image\/webp"}],"twitter_card":"summary_large_image","twitter_misc":{"Estimated reading time":"1 minute"},"schema":{"@context":"https:\/\/schema.org","@graph":[{"@type":"WebPage","@id":"https:\/\/skaitytaknyga.lt\/produktas\/pribuvejos-prakeiksmas\/","url":"https:\/\/skaitytaknyga.lt\/produktas\/pribuvejos-prakeiksmas\/","name":"Raganos \u0161irdis","isPartOf":{"@id":"https:\/\/skaitytaknyga.lt\/#website"},"primaryImageOfPage":{"@id":"https:\/\/skaitytaknyga.lt\/produktas\/pribuvejos-prakeiksmas\/#primaryimage"},"image":{"@id":"https:\/\/skaitytaknyga.lt\/produktas\/pribuvejos-prakeiksmas\/#primaryimage"},"thumbnailUrl":"https:\/\/skaitytaknyga.lt\/wp-content\/uploads\/2025\/10\/Raganos-sirdis-1.webp","datePublished":"2025-10-07T08:35:05+00:00","dateModified":"2026-03-18T09:02:12+00:00","description":"Barbora Radvilait\u0117 m\u016bs\u0173 istorin\u0117je ir literat\u016brin\u0117je tradicijoje \u2013 bent jau kol kas \u2013 priklauso vyri\u0161kajai paradigmai. Pasitelkiant vyri\u0161k\u0105 logik\u0105 ir","breadcrumb":{"@id":"https:\/\/skaitytaknyga.lt\/produktas\/pribuvejos-prakeiksmas\/#breadcrumb"},"inLanguage":"en-GB","potentialAction":[{"@type":"ReadAction","target":["https:\/\/skaitytaknyga.lt\/produktas\/pribuvejos-prakeiksmas\/"]}]},{"@type":"ImageObject","inLanguage":"en-GB","@id":"https:\/\/skaitytaknyga.lt\/produktas\/pribuvejos-prakeiksmas\/#primaryimage","url":"https:\/\/skaitytaknyga.lt\/wp-content\/uploads\/2025\/10\/Raganos-sirdis-1.webp","contentUrl":"https:\/\/skaitytaknyga.lt\/wp-content\/uploads\/2025\/10\/Raganos-sirdis-1.webp","width":300,"height":492,"caption":"Raganos \u0161irdis"},{"@type":"BreadcrumbList","@id":"https:\/\/skaitytaknyga.lt\/produktas\/pribuvejos-prakeiksmas\/#breadcrumb","itemListElement":[{"@type":"ListItem","position":1,"name":"Home","item":"https:\/\/skaitytaknyga.lt\/"},{"@type":"ListItem","position":2,"name":"Parduotuv\u0117","item":"https:\/\/skaitytaknyga.lt\/knygu-parduotuve\/"},{"@type":"ListItem","position":3,"name":"Raganos \u0161irdis"}]},{"@type":"WebSite","@id":"https:\/\/skaitytaknyga.lt\/#website","url":"https:\/\/skaitytaknyga.lt\/","name":"skaitytaknyga.lt","description":"Skaitytaknyga.lt \u2013 tai ma\u017eas \u0161eimos verslas, kuris prasid\u0117jo nuo meil\u0117s knygoms ir siekio i\u0161gelb\u0117ti knygas nuo likimo prie konteinerio. Kas vienam nereikalingas daiktas \u2013 kitam lobis, o mes esame tarpininkai, kurie padeda abiems tapti laimingesniems ???? \u017dinome kaip nelengva i\u0161gyventi ma\u017eiems verslams, tad nuo \u0161iol, \u010dia rasite ir kit\u0173, ma\u017e\u0173 \u0161eim\u0173 versl\u0173, rank\u0173 darbo, dovan\u0173 sau ir artimiesiems.","publisher":{"@id":"https:\/\/skaitytaknyga.lt\/#organization"},"potentialAction":[{"@type":"SearchAction","target":{"@type":"EntryPoint","urlTemplate":"https:\/\/skaitytaknyga.lt\/?s={search_term_string}"},"query-input":{"@type":"PropertyValueSpecification","valueRequired":true,"valueName":"search_term_string"}}],"inLanguage":"en-GB"},{"@type":"Organization","@id":"https:\/\/skaitytaknyga.lt\/#organization","name":"skaitytaknyga.lt","url":"https:\/\/skaitytaknyga.lt\/","logo":{"@type":"ImageObject","inLanguage":"en-GB","@id":"https:\/\/skaitytaknyga.lt\/#\/schema\/logo\/image\/","url":"https:\/\/skaitytaknyga.lt\/wp-content\/uploads\/2024\/05\/cropped-cropped-cropped-02_00843_jt3bggkj1j3HLc7SyY6rEUpg.jpeg","contentUrl":"https:\/\/skaitytaknyga.lt\/wp-content\/uploads\/2024\/05\/cropped-cropped-cropped-02_00843_jt3bggkj1j3HLc7SyY6rEUpg.jpeg","width":1600,"height":1600,"caption":"skaitytaknyga.lt"},"image":{"@id":"https:\/\/skaitytaknyga.lt\/#\/schema\/logo\/image\/"},"sameAs":["https:\/\/www.facebook.com\/skaitytaknyga\/"]}]}},"_links":{"self":[{"href":"https:\/\/skaitytaknyga.lt\/en\/wp-json\/wp\/v2\/product\/21362","targetHints":{"allow":["GET"]}}],"collection":[{"href":"https:\/\/skaitytaknyga.lt\/en\/wp-json\/wp\/v2\/product"}],"about":[{"href":"https:\/\/skaitytaknyga.lt\/en\/wp-json\/wp\/v2\/types\/product"}],"replies":[{"embeddable":true,"href":"https:\/\/skaitytaknyga.lt\/en\/wp-json\/wp\/v2\/comments?post=21362"}],"wp:featuredmedia":[{"embeddable":true,"href":"https:\/\/skaitytaknyga.lt\/en\/wp-json\/wp\/v2\/media\/21370"}],"wp:attachment":[{"href":"https:\/\/skaitytaknyga.lt\/en\/wp-json\/wp\/v2\/media?parent=21362"}],"wp:term":[{"taxonomy":"product_brand","embeddable":true,"href":"https:\/\/skaitytaknyga.lt\/en\/wp-json\/wp\/v2\/product_brand?post=21362"},{"taxonomy":"product_cat","embeddable":true,"href":"https:\/\/skaitytaknyga.lt\/en\/wp-json\/wp\/v2\/product_cat?post=21362"},{"taxonomy":"product_tag","embeddable":true,"href":"https:\/\/skaitytaknyga.lt\/en\/wp-json\/wp\/v2\/product_tag?post=21362"}],"curies":[{"name":"wp","href":"https:\/\/api.w.org\/{rel}","templated":true}]}}