{"id":21361,"date":"2025-10-07T11:35:05","date_gmt":"2025-10-07T08:35:05","guid":{"rendered":"https:\/\/skaitytaknyga.lt\/?post_type=product&#038;p=21361"},"modified":"2025-10-07T12:40:17","modified_gmt":"2025-10-07T09:40:17","slug":"prancuziska-siuita","status":"publish","type":"product","link":"https:\/\/skaitytaknyga.lt\/en\/produktas\/prancuziska-siuita\/","title":{"rendered":"Pranc\u016bzi\u0161ka siuita"},"content":{"rendered":"<p>\u201ePranc\u016bzi\u0161ka siuita\u201c \u2013 romanas, autor\u0117s dienora\u0161\u010di\u0173 fragmentai, lai\u0161kai, siejami vienos skausmingos temos. Ra\u0161ytoja be gailes\u010dio kuria i\u0161sekusios, nugal\u0117tos ir okupuotos Pranc\u016bzijos portret\u0105.<\/p>\n<p>1940-ieji, naciai u\u017eima Pranc\u016bzij\u0105. I\u0161 Pary\u017eiaus pl\u016bsta minios pab\u0117g\u0117li\u0173: miesteliuose gr\u016bdasi alkanos moterys su vaikais, greta \u2013 turting\u0173 miestie\u010di\u0173 automobiliai, apkarstyti baldais, \u010diu\u017einiais, porcelianiniais indais, pauk\u0161\u010di\u0173 narveliais; \u010dia ir i\u0161laikytin\u0117s, paliktos meilu\u017ei\u0173, ir \u017emonos, abejojan\u010dios vyr\u0173 s\u0105\u017einingumu; vokie\u010di\u0173 kareivis, apsistoj\u0119s miestie\u010di\u0173 name ir u\u017ekariav\u0119s jaunos karo belaisvio \u017emonos pranc\u016bz\u0117s \u0161ird\u012f&#8230; Viskas greta. \u0160iame apokaliptiniame paveiksle \u017emogi\u0161k\u0105j\u012f orum\u0105 i\u0161saugo tik viena neturtinga sutuoktini\u0173 pora, veltui bandanti surasti s\u016bn\u0173, su\u017eeist\u0105 per pirmuosius m\u016b\u0161ius&#8230;<\/p>\n","protected":false},"excerpt":{"rendered":"<p>\u201ePranc\u016bzi\u0161ka siuita\u201c \u2013 romanas, autor\u0117s dienora\u0161\u010di\u0173 fragmentai, lai\u0161kai, siejami vienos skausmingos temos. Ra\u0161ytoja be gailes\u010dio kuria i\u0161sekusios, nugal\u0117tos ir okupuotos Pranc\u016bzijos portret\u0105. 1940-ieji, naciai u\u017eima Pranc\u016bzij\u0105. I\u0161 Pary\u017eiaus pl\u016bsta minios pab\u0117g\u0117li\u0173: miesteliuose gr\u016bdasi alkanos moterys su vaikais, greta \u2013 turting\u0173 miestie\u010di\u0173 automobiliai, apkarstyti baldais, \u010diu\u017einiais, porcelianiniais indais, pauk\u0161\u010di\u0173 narveliais; \u010dia ir i\u0161laikytin\u0117s, paliktos meilu\u017ei\u0173, ir \u017emonos, abejojan\u010dios vyr\u0173 s\u0105\u017einingumu; vokie\u010di\u0173 kareivis, apsistoj\u0119s miestie\u010di\u0173 name ir u\u017ekariav\u0119s jaunos karo belaisvio \u017emonos pranc\u016bz\u0117s \u0161ird\u012f&#8230; Viskas greta. \u0160iame apokaliptiniame paveiksle \u017emogi\u0161k\u0105j\u012f orum\u0105 i\u0161saugo tik viena neturtinga sutuoktini\u0173 pora, veltui bandanti surasti s\u016bn\u0173, su\u017eeist\u0105 per pirmuosius m\u016b\u0161ius&#8230;<\/p>\n","protected":false},"featured_media":21366,"comment_status":"open","ping_status":"closed","template":"","meta":{"_acf_changed":false,"site-sidebar-layout":"default","site-content-layout":"","ast-site-content-layout":"default","site-content-style":"default","site-sidebar-style":"default","ast-global-header-display":"","ast-banner-title-visibility":"","ast-main-header-display":"","ast-hfb-above-header-display":"","ast-hfb-below-header-display":"","ast-hfb-mobile-header-display":"","site-post-title":"","ast-breadcrumbs-content":"","ast-featured-img":"","footer-sml-layout":"","ast-disable-related-posts":"","theme-transparent-header-meta":"","adv-header-id-meta":"","stick-header-meta":"","header-above-stick-meta":"","header-main-stick-meta":"","header-below-stick-meta":"","astra-migrate-meta-layouts":"default","ast-page-background-enabled":"default","ast-page-background-meta":{"desktop":{"background-color":"","background-image":"","background-repeat":"repeat","background-position":"center center","background-size":"auto","background-attachment":"scroll","background-type":"","background-media":"","overlay-type":"","overlay-color":"","overlay-opacity":"","overlay-gradient":""},"tablet":{"background-color":"","background-image":"","background-repeat":"repeat","background-position":"center center","background-size":"auto","background-attachment":"scroll","background-type":"","background-media":"","overlay-type":"","overlay-color":"","overlay-opacity":"","overlay-gradient":""},"mobile":{"background-color":"","background-image":"","background-repeat":"repeat","background-position":"center center","background-size":"auto","background-attachment":"scroll","background-type":"","background-media":"","overlay-type":"","overlay-color":"","overlay-opacity":"","overlay-gradient":""}},"ast-content-background-meta":{"desktop":{"background-color":"var(--ast-global-color-4)","background-image":"","background-repeat":"repeat","background-position":"center center","background-size":"auto","background-attachment":"scroll","background-type":"","background-media":"","overlay-type":"","overlay-color":"","overlay-opacity":"","overlay-gradient":""},"tablet":{"background-color":"var(--ast-global-color-4)","background-image":"","background-repeat":"repeat","background-position":"center center","background-size":"auto","background-attachment":"scroll","background-type":"","background-media":"","overlay-type":"","overlay-color":"","overlay-opacity":"","overlay-gradient":""},"mobile":{"background-color":"var(--ast-global-color-4)","background-image":"","background-repeat":"repeat","background-position":"center center","background-size":"auto","background-attachment":"scroll","background-type":"","background-media":"","overlay-type":"","overlay-color":"","overlay-opacity":"","overlay-gradient":""}}},"product_brand":[],"product_cat":[31],"product_tag":[],"class_list":{"0":"post-21361","1":"product","2":"type-product","3":"status-publish","4":"has-post-thumbnail","6":"product_cat-grozine-literatura","7":"desktop-align-left","8":"tablet-align-left","9":"mobile-align-left","11":"first","12":"instock","13":"shipping-taxable","14":"purchasable","15":"product-type-simple"},"acf":[],"yoast_head":"<!-- This site is optimized with the Yoast SEO plugin v27.0 - https:\/\/yoast.com\/product\/yoast-seo-wordpress\/ -->\n<title>Pranc\u016bzi\u0161ka siuita<\/title>\n<meta name=\"description\" content=\"\u201ePranc\u016bzi\u0161ka siuita\u201c \u2013 romanas, autor\u0117s dienora\u0161\u010di\u0173 fragmentai, lai\u0161kai, siejami vienos skausmingos temos. Ra\u0161ytoja be gailes\u010dio kuria i\u0161sekusios,\" \/>\n<meta name=\"robots\" content=\"index, follow, max-snippet:-1, max-image-preview:large, max-video-preview:-1\" \/>\n<link rel=\"canonical\" href=\"https:\/\/skaitytaknyga.lt\/en\/produktas\/prancuziska-siuita\/\" \/>\n<meta property=\"og:locale\" content=\"en_GB\" \/>\n<meta property=\"og:locale:alternate\" content=\"lt_LT\" \/>\n<meta property=\"og:type\" content=\"article\" \/>\n<meta property=\"og:title\" content=\"Pranc\u016bzi\u0161ka siuita\" \/>\n<meta property=\"og:description\" content=\"\u201ePranc\u016bzi\u0161ka siuita\u201c \u2013 romanas, autor\u0117s dienora\u0161\u010di\u0173 fragmentai, lai\u0161kai, siejami vienos skausmingos temos. Ra\u0161ytoja be gailes\u010dio kuria i\u0161sekusios,\" \/>\n<meta property=\"og:url\" content=\"https:\/\/skaitytaknyga.lt\/en\/produktas\/prancuziska-siuita\/\" \/>\n<meta property=\"og:site_name\" content=\"Skaitytaknyga\" \/>\n<meta property=\"article:publisher\" content=\"https:\/\/www.facebook.com\/skaitytaknyga\/\" \/>\n<meta property=\"article:modified_time\" content=\"2025-10-07T09:40:17+00:00\" \/>\n<meta property=\"og:image\" content=\"https:\/\/skaitytaknyga.lt\/wp-content\/uploads\/2025\/10\/Prancuziska-siuita-1.webp\" \/>\n\t<meta property=\"og:image:width\" content=\"300\" \/>\n\t<meta property=\"og:image:height\" content=\"453\" \/>\n\t<meta property=\"og:image:type\" content=\"image\/webp\" \/>\n<meta name=\"twitter:card\" content=\"summary_large_image\" \/>\n<meta name=\"twitter:label1\" content=\"Estimated reading time\" \/>\n\t<meta name=\"twitter:data1\" content=\"1 minute\" \/>\n<script type=\"application\/ld+json\" class=\"yoast-schema-graph\">{\"@context\":\"https:\/\/schema.org\",\"@graph\":[{\"@type\":\"WebPage\",\"@id\":\"https:\/\/skaitytaknyga.lt\/produktas\/prancuziska-siuita\/\",\"url\":\"https:\/\/skaitytaknyga.lt\/produktas\/prancuziska-siuita\/\",\"name\":\"Pranc\u016bzi\u0161ka siuita\",\"isPartOf\":{\"@id\":\"https:\/\/skaitytaknyga.lt\/#website\"},\"primaryImageOfPage\":{\"@id\":\"https:\/\/skaitytaknyga.lt\/produktas\/prancuziska-siuita\/#primaryimage\"},\"image\":{\"@id\":\"https:\/\/skaitytaknyga.lt\/produktas\/prancuziska-siuita\/#primaryimage\"},\"thumbnailUrl\":\"https:\/\/skaitytaknyga.lt\/wp-content\/uploads\/2025\/10\/Prancuziska-siuita-1.webp\",\"datePublished\":\"2025-10-07T08:35:05+00:00\",\"dateModified\":\"2025-10-07T09:40:17+00:00\",\"description\":\"\u201ePranc\u016bzi\u0161ka siuita\u201c \u2013 romanas, autor\u0117s dienora\u0161\u010di\u0173 fragmentai, lai\u0161kai, siejami vienos skausmingos temos. Ra\u0161ytoja be gailes\u010dio kuria i\u0161sekusios,\",\"breadcrumb\":{\"@id\":\"https:\/\/skaitytaknyga.lt\/produktas\/prancuziska-siuita\/#breadcrumb\"},\"inLanguage\":\"en-GB\",\"potentialAction\":[{\"@type\":\"ReadAction\",\"target\":[\"https:\/\/skaitytaknyga.lt\/produktas\/prancuziska-siuita\/\"]}]},{\"@type\":\"ImageObject\",\"inLanguage\":\"en-GB\",\"@id\":\"https:\/\/skaitytaknyga.lt\/produktas\/prancuziska-siuita\/#primaryimage\",\"url\":\"https:\/\/skaitytaknyga.lt\/wp-content\/uploads\/2025\/10\/Prancuziska-siuita-1.webp\",\"contentUrl\":\"https:\/\/skaitytaknyga.lt\/wp-content\/uploads\/2025\/10\/Prancuziska-siuita-1.webp\",\"width\":300,\"height\":453,\"caption\":\"Pranc\u016bzi\u0161ka siuita\"},{\"@type\":\"BreadcrumbList\",\"@id\":\"https:\/\/skaitytaknyga.lt\/produktas\/prancuziska-siuita\/#breadcrumb\",\"itemListElement\":[{\"@type\":\"ListItem\",\"position\":1,\"name\":\"Home\",\"item\":\"https:\/\/skaitytaknyga.lt\/\"},{\"@type\":\"ListItem\",\"position\":2,\"name\":\"Parduotuv\u0117\",\"item\":\"https:\/\/skaitytaknyga.lt\/knygu-parduotuve\/\"},{\"@type\":\"ListItem\",\"position\":3,\"name\":\"Pranc\u016bzi\u0161ka siuita\"}]},{\"@type\":\"WebSite\",\"@id\":\"https:\/\/skaitytaknyga.lt\/#website\",\"url\":\"https:\/\/skaitytaknyga.lt\/\",\"name\":\"skaitytaknyga.lt\",\"description\":\"Skaitytaknyga.lt \u2013 tai ma\u017eas \u0161eimos verslas, kuris prasid\u0117jo nuo meil\u0117s knygoms ir siekio i\u0161gelb\u0117ti knygas nuo likimo prie konteinerio. Kas vienam nereikalingas daiktas \u2013 kitam lobis, o mes esame tarpininkai, kurie padeda abiems tapti laimingesniems ???? \u017dinome kaip nelengva i\u0161gyventi ma\u017eiems verslams, tad nuo \u0161iol, \u010dia rasite ir kit\u0173, ma\u017e\u0173 \u0161eim\u0173 versl\u0173, rank\u0173 darbo, dovan\u0173 sau ir artimiesiems.\",\"publisher\":{\"@id\":\"https:\/\/skaitytaknyga.lt\/#organization\"},\"potentialAction\":[{\"@type\":\"SearchAction\",\"target\":{\"@type\":\"EntryPoint\",\"urlTemplate\":\"https:\/\/skaitytaknyga.lt\/?s={search_term_string}\"},\"query-input\":{\"@type\":\"PropertyValueSpecification\",\"valueRequired\":true,\"valueName\":\"search_term_string\"}}],\"inLanguage\":\"en-GB\"},{\"@type\":\"Organization\",\"@id\":\"https:\/\/skaitytaknyga.lt\/#organization\",\"name\":\"skaitytaknyga.lt\",\"url\":\"https:\/\/skaitytaknyga.lt\/\",\"logo\":{\"@type\":\"ImageObject\",\"inLanguage\":\"en-GB\",\"@id\":\"https:\/\/skaitytaknyga.lt\/#\/schema\/logo\/image\/\",\"url\":\"https:\/\/skaitytaknyga.lt\/wp-content\/uploads\/2024\/05\/cropped-cropped-cropped-02_00843_jt3bggkj1j3HLc7SyY6rEUpg.jpeg\",\"contentUrl\":\"https:\/\/skaitytaknyga.lt\/wp-content\/uploads\/2024\/05\/cropped-cropped-cropped-02_00843_jt3bggkj1j3HLc7SyY6rEUpg.jpeg\",\"width\":1600,\"height\":1600,\"caption\":\"skaitytaknyga.lt\"},\"image\":{\"@id\":\"https:\/\/skaitytaknyga.lt\/#\/schema\/logo\/image\/\"},\"sameAs\":[\"https:\/\/www.facebook.com\/skaitytaknyga\/\"]}]}<\/script>\n<!-- \/ Yoast SEO plugin. -->","yoast_head_json":{"title":"Pranc\u016bzi\u0161ka siuita","description":"\u201ePranc\u016bzi\u0161ka siuita\u201c \u2013 romanas, autor\u0117s dienora\u0161\u010di\u0173 fragmentai, lai\u0161kai, siejami vienos skausmingos temos. Ra\u0161ytoja be gailes\u010dio kuria i\u0161sekusios,","robots":{"index":"index","follow":"follow","max-snippet":"max-snippet:-1","max-image-preview":"max-image-preview:large","max-video-preview":"max-video-preview:-1"},"canonical":"https:\/\/skaitytaknyga.lt\/en\/produktas\/prancuziska-siuita\/","og_locale":"en_GB","og_type":"article","og_title":"[:lt]Pranc\u016bzi\u0161ka siuita[:] - Skaitytaknyga","og_description":"\u201ePranc\u016bzi\u0161ka siuita\u201c \u2013 romanas, autor\u0117s dienora\u0161\u010di\u0173 fragmentai, lai\u0161kai, siejami vienos skausmingos temos. Ra\u0161ytoja be gailes\u010dio kuria i\u0161sekusios,","og_url":"https:\/\/skaitytaknyga.lt\/en\/produktas\/prancuziska-siuita\/","og_site_name":"Skaitytaknyga","article_publisher":"https:\/\/www.facebook.com\/skaitytaknyga\/","article_modified_time":"2025-10-07T09:40:17+00:00","og_image":[{"width":300,"height":453,"url":"https:\/\/skaitytaknyga.lt\/wp-content\/uploads\/2025\/10\/Prancuziska-siuita-1.webp","type":"image\/webp"}],"twitter_card":"summary_large_image","twitter_misc":{"Estimated reading time":"1 minute"},"schema":{"@context":"https:\/\/schema.org","@graph":[{"@type":"WebPage","@id":"https:\/\/skaitytaknyga.lt\/produktas\/prancuziska-siuita\/","url":"https:\/\/skaitytaknyga.lt\/produktas\/prancuziska-siuita\/","name":"Pranc\u016bzi\u0161ka siuita","isPartOf":{"@id":"https:\/\/skaitytaknyga.lt\/#website"},"primaryImageOfPage":{"@id":"https:\/\/skaitytaknyga.lt\/produktas\/prancuziska-siuita\/#primaryimage"},"image":{"@id":"https:\/\/skaitytaknyga.lt\/produktas\/prancuziska-siuita\/#primaryimage"},"thumbnailUrl":"https:\/\/skaitytaknyga.lt\/wp-content\/uploads\/2025\/10\/Prancuziska-siuita-1.webp","datePublished":"2025-10-07T08:35:05+00:00","dateModified":"2025-10-07T09:40:17+00:00","description":"\u201ePranc\u016bzi\u0161ka siuita\u201c \u2013 romanas, autor\u0117s dienora\u0161\u010di\u0173 fragmentai, lai\u0161kai, siejami vienos skausmingos temos. Ra\u0161ytoja be gailes\u010dio kuria i\u0161sekusios,","breadcrumb":{"@id":"https:\/\/skaitytaknyga.lt\/produktas\/prancuziska-siuita\/#breadcrumb"},"inLanguage":"en-GB","potentialAction":[{"@type":"ReadAction","target":["https:\/\/skaitytaknyga.lt\/produktas\/prancuziska-siuita\/"]}]},{"@type":"ImageObject","inLanguage":"en-GB","@id":"https:\/\/skaitytaknyga.lt\/produktas\/prancuziska-siuita\/#primaryimage","url":"https:\/\/skaitytaknyga.lt\/wp-content\/uploads\/2025\/10\/Prancuziska-siuita-1.webp","contentUrl":"https:\/\/skaitytaknyga.lt\/wp-content\/uploads\/2025\/10\/Prancuziska-siuita-1.webp","width":300,"height":453,"caption":"Pranc\u016bzi\u0161ka siuita"},{"@type":"BreadcrumbList","@id":"https:\/\/skaitytaknyga.lt\/produktas\/prancuziska-siuita\/#breadcrumb","itemListElement":[{"@type":"ListItem","position":1,"name":"Home","item":"https:\/\/skaitytaknyga.lt\/"},{"@type":"ListItem","position":2,"name":"Parduotuv\u0117","item":"https:\/\/skaitytaknyga.lt\/knygu-parduotuve\/"},{"@type":"ListItem","position":3,"name":"Pranc\u016bzi\u0161ka siuita"}]},{"@type":"WebSite","@id":"https:\/\/skaitytaknyga.lt\/#website","url":"https:\/\/skaitytaknyga.lt\/","name":"skaitytaknyga.lt","description":"Skaitytaknyga.lt \u2013 tai ma\u017eas \u0161eimos verslas, kuris prasid\u0117jo nuo meil\u0117s knygoms ir siekio i\u0161gelb\u0117ti knygas nuo likimo prie konteinerio. Kas vienam nereikalingas daiktas \u2013 kitam lobis, o mes esame tarpininkai, kurie padeda abiems tapti laimingesniems ???? \u017dinome kaip nelengva i\u0161gyventi ma\u017eiems verslams, tad nuo \u0161iol, \u010dia rasite ir kit\u0173, ma\u017e\u0173 \u0161eim\u0173 versl\u0173, rank\u0173 darbo, dovan\u0173 sau ir artimiesiems.","publisher":{"@id":"https:\/\/skaitytaknyga.lt\/#organization"},"potentialAction":[{"@type":"SearchAction","target":{"@type":"EntryPoint","urlTemplate":"https:\/\/skaitytaknyga.lt\/?s={search_term_string}"},"query-input":{"@type":"PropertyValueSpecification","valueRequired":true,"valueName":"search_term_string"}}],"inLanguage":"en-GB"},{"@type":"Organization","@id":"https:\/\/skaitytaknyga.lt\/#organization","name":"skaitytaknyga.lt","url":"https:\/\/skaitytaknyga.lt\/","logo":{"@type":"ImageObject","inLanguage":"en-GB","@id":"https:\/\/skaitytaknyga.lt\/#\/schema\/logo\/image\/","url":"https:\/\/skaitytaknyga.lt\/wp-content\/uploads\/2024\/05\/cropped-cropped-cropped-02_00843_jt3bggkj1j3HLc7SyY6rEUpg.jpeg","contentUrl":"https:\/\/skaitytaknyga.lt\/wp-content\/uploads\/2024\/05\/cropped-cropped-cropped-02_00843_jt3bggkj1j3HLc7SyY6rEUpg.jpeg","width":1600,"height":1600,"caption":"skaitytaknyga.lt"},"image":{"@id":"https:\/\/skaitytaknyga.lt\/#\/schema\/logo\/image\/"},"sameAs":["https:\/\/www.facebook.com\/skaitytaknyga\/"]}]}},"_links":{"self":[{"href":"https:\/\/skaitytaknyga.lt\/en\/wp-json\/wp\/v2\/product\/21361","targetHints":{"allow":["GET"]}}],"collection":[{"href":"https:\/\/skaitytaknyga.lt\/en\/wp-json\/wp\/v2\/product"}],"about":[{"href":"https:\/\/skaitytaknyga.lt\/en\/wp-json\/wp\/v2\/types\/product"}],"replies":[{"embeddable":true,"href":"https:\/\/skaitytaknyga.lt\/en\/wp-json\/wp\/v2\/comments?post=21361"}],"wp:featuredmedia":[{"embeddable":true,"href":"https:\/\/skaitytaknyga.lt\/en\/wp-json\/wp\/v2\/media\/21366"}],"wp:attachment":[{"href":"https:\/\/skaitytaknyga.lt\/en\/wp-json\/wp\/v2\/media?parent=21361"}],"wp:term":[{"taxonomy":"product_brand","embeddable":true,"href":"https:\/\/skaitytaknyga.lt\/en\/wp-json\/wp\/v2\/product_brand?post=21361"},{"taxonomy":"product_cat","embeddable":true,"href":"https:\/\/skaitytaknyga.lt\/en\/wp-json\/wp\/v2\/product_cat?post=21361"},{"taxonomy":"product_tag","embeddable":true,"href":"https:\/\/skaitytaknyga.lt\/en\/wp-json\/wp\/v2\/product_tag?post=21361"}],"curies":[{"name":"wp","href":"https:\/\/api.w.org\/{rel}","templated":true}]}}