{"id":21360,"date":"2025-10-07T11:35:05","date_gmt":"2025-10-07T08:35:05","guid":{"rendered":"https:\/\/skaitytaknyga.lt\/?post_type=product&#038;p=21360"},"modified":"2025-10-07T12:40:17","modified_gmt":"2025-10-07T09:40:17","slug":"tevynes-tustejimo-metas-2000-2017-m","status":"publish","type":"product","link":"https:\/\/skaitytaknyga.lt\/en\/produktas\/tevynes-tustejimo-metas-2000-2017-m\/","title":{"rendered":"T\u0117vyn\u0117s tu\u0161t\u0117jimo metas, 2000\u20132017 m"},"content":{"rendered":"<p>\u201eT\u0117vyn\u0117s tu\u0161t\u0117jimo metas&#8221; \u2013 knyga takoskyra, kuri\u0105 Arvydas Juozaitis ra\u0161\u0117 septyniolika met\u0173. Joje sud\u0117tos es\u0117 ra\u0161ytos i\u0161gyvenant n\u016bdienio Lietuvos valstybingumo zenit\u0105 ir valstybingumo nuosmuk\u012f. Kar\u010dioji m\u016bs\u0173 gyvenimo tiesa \u2013 iki \u0161iol nereg\u0117tai gausus jaunosios lietuvi\u0173 kartos emigravimas i\u0161 T\u0117vyn\u0117s suprantamas kaip nacionalin\u0117s id\u0117jos kriz\u0117. Ar Lietuva i\u0161liks i\u0161gyvendama ir Europos tapatumo nuosmuk\u012f? Kur tie \u0161altiniai, i\u0161 kuri\u0173 galime semtis j\u0117g\u0173 spart\u0117jan\u010diam T\u0117vyn\u0117s nykimui sustabdyti? V\u0117l prad\u0117ti gimdyti, dauginti gyvenim\u0105 nepaisant nieko \u2013 ar ne to pra\u0161o i\u0161 m\u016bs\u0173 ir \u201eTauti\u0161ka giesm\u0117&#8221;, m\u016bs\u0173 himnas?<\/p>\n<p>Autorius \u012fsitikin\u0119s, kad 2018 metais, skai\u010diuodama savo naujojo valstybingumo \u0161imtmet\u012f, Lietuva patiria ir savo paskutini\u0105j\u0105 lemt\u012f \u2013 gyvena be rezerv\u0173. Visa tai, k\u0105 smagiai ir noriai demonstruojame socialiniuose tinkluose, \u2013 ir viskas. U\u017enugario neb\u0117ra.<\/p>\n<p>Arvydas Juozaitis \u2013 filosofas, ra\u0161ytojas, publicistas, politinis ir visuomen\u0117s veik\u0117jas, humanitarini\u0173 moksl\u0173 daktaras. Para\u0161\u0117 ne vien\u0105 de\u0161imt\u012f knyg\u0173. Suk\u016br\u0117 istorin\u0119 literat\u016brin\u0119 \u201eBaltijos trilogij\u0105&#8221;: \u201eKarali\u0173 miestas be karali\u0173&#8221; (I. Simonaityt\u0117s premija), \u201eRyga \u2013 niekieno civilizacija&#8221; (Baltijos Asambl\u0117jos premija), \u201eKlaip\u0117da \u2013 M\u0117melio paslaptis&#8221;.<\/p>\n","protected":false},"excerpt":{"rendered":"<p>\u201eT\u0117vyn\u0117s tu\u0161t\u0117jimo metas&#8221; \u2013 knyga takoskyra, kuri\u0105 Arvydas Juozaitis ra\u0161\u0117 septyniolika met\u0173. Joje sud\u0117tos es\u0117 ra\u0161ytos i\u0161gyvenant n\u016bdienio Lietuvos valstybingumo zenit\u0105 ir valstybingumo nuosmuk\u012f. Kar\u010dioji m\u016bs\u0173 gyvenimo tiesa \u2013 iki \u0161iol nereg\u0117tai gausus jaunosios lietuvi\u0173 kartos emigravimas i\u0161 T\u0117vyn\u0117s suprantamas kaip nacionalin\u0117s id\u0117jos kriz\u0117. Ar Lietuva i\u0161liks i\u0161gyvendama ir Europos tapatumo nuosmuk\u012f? Kur tie \u0161altiniai, i\u0161 kuri\u0173 galime semtis j\u0117g\u0173 spart\u0117jan\u010diam T\u0117vyn\u0117s nykimui sustabdyti? V\u0117l prad\u0117ti gimdyti, dauginti gyvenim\u0105 nepaisant nieko \u2013 ar ne to pra\u0161o i\u0161 m\u016bs\u0173 ir \u201eTauti\u0161ka giesm\u0117&#8221;, m\u016bs\u0173 himnas? Autorius \u012fsitikin\u0119s, kad 2018 metais, skai\u010diuodama savo naujojo valstybingumo \u0161imtmet\u012f, Lietuva patiria ir savo paskutini\u0105j\u0105 lemt\u012f \u2013 gyvena be rezerv\u0173. Visa tai, k\u0105 smagiai ir noriai demonstruojame socialiniuose tinkluose, \u2013 ir viskas. U\u017enugario neb\u0117ra. Arvydas Juozaitis \u2013 filosofas, ra\u0161ytojas, publicistas, politinis ir visuomen\u0117s veik\u0117jas, humanitarini\u0173 moksl\u0173 daktaras. Para\u0161\u0117 ne vien\u0105 de\u0161imt\u012f knyg\u0173. Suk\u016br\u0117 istorin\u0119 literat\u016brin\u0119 \u201eBaltijos trilogij\u0105&#8221;: \u201eKarali\u0173 miestas be karali\u0173&#8221; (I. Simonaityt\u0117s premija), \u201eRyga \u2013 niekieno civilizacija&#8221; (Baltijos Asambl\u0117jos premija), \u201eKlaip\u0117da \u2013 M\u0117melio paslaptis&#8221;.<\/p>\n","protected":false},"featured_media":21365,"comment_status":"open","ping_status":"closed","template":"","meta":{"_acf_changed":false,"site-sidebar-layout":"default","site-content-layout":"","ast-site-content-layout":"default","site-content-style":"default","site-sidebar-style":"default","ast-global-header-display":"","ast-banner-title-visibility":"","ast-main-header-display":"","ast-hfb-above-header-display":"","ast-hfb-below-header-display":"","ast-hfb-mobile-header-display":"","site-post-title":"","ast-breadcrumbs-content":"","ast-featured-img":"","footer-sml-layout":"","ast-disable-related-posts":"","theme-transparent-header-meta":"","adv-header-id-meta":"","stick-header-meta":"","header-above-stick-meta":"","header-main-stick-meta":"","header-below-stick-meta":"","astra-migrate-meta-layouts":"default","ast-page-background-enabled":"default","ast-page-background-meta":{"desktop":{"background-color":"","background-image":"","background-repeat":"repeat","background-position":"center center","background-size":"auto","background-attachment":"scroll","background-type":"","background-media":"","overlay-type":"","overlay-color":"","overlay-opacity":"","overlay-gradient":""},"tablet":{"background-color":"","background-image":"","background-repeat":"repeat","background-position":"center center","background-size":"auto","background-attachment":"scroll","background-type":"","background-media":"","overlay-type":"","overlay-color":"","overlay-opacity":"","overlay-gradient":""},"mobile":{"background-color":"","background-image":"","background-repeat":"repeat","background-position":"center center","background-size":"auto","background-attachment":"scroll","background-type":"","background-media":"","overlay-type":"","overlay-color":"","overlay-opacity":"","overlay-gradient":""}},"ast-content-background-meta":{"desktop":{"background-color":"var(--ast-global-color-4)","background-image":"","background-repeat":"repeat","background-position":"center center","background-size":"auto","background-attachment":"scroll","background-type":"","background-media":"","overlay-type":"","overlay-color":"","overlay-opacity":"","overlay-gradient":""},"tablet":{"background-color":"var(--ast-global-color-4)","background-image":"","background-repeat":"repeat","background-position":"center center","background-size":"auto","background-attachment":"scroll","background-type":"","background-media":"","overlay-type":"","overlay-color":"","overlay-opacity":"","overlay-gradient":""},"mobile":{"background-color":"var(--ast-global-color-4)","background-image":"","background-repeat":"repeat","background-position":"center center","background-size":"auto","background-attachment":"scroll","background-type":"","background-media":"","overlay-type":"","overlay-color":"","overlay-opacity":"","overlay-gradient":""}}},"product_brand":[],"product_cat":[31],"product_tag":[],"class_list":{"0":"post-21360","1":"product","2":"type-product","3":"status-publish","4":"has-post-thumbnail","6":"product_cat-grozine-literatura","7":"desktop-align-left","8":"tablet-align-left","9":"mobile-align-left","11":"first","12":"instock","13":"shipping-taxable","14":"purchasable","15":"product-type-simple"},"acf":[],"yoast_head":"<!-- This site is optimized with the Yoast SEO plugin v27.0 - https:\/\/yoast.com\/product\/yoast-seo-wordpress\/ -->\n<title>T\u0117vyn\u0117s tu\u0161t\u0117jimo metas, 2000\u20132017 m<\/title>\n<meta name=\"description\" content=\"\u201eT\u0117vyn\u0117s tu\u0161t\u0117jimo metas&quot; \u2013 knyga takoskyra, kuri\u0105 Arvydas Juozaitis ra\u0161\u0117 septyniolika met\u0173. Joje sud\u0117tos es\u0117 ra\u0161ytos i\u0161gyvenant n\u016bdienio Lietuvos\" \/>\n<meta name=\"robots\" content=\"index, follow, max-snippet:-1, max-image-preview:large, max-video-preview:-1\" \/>\n<link rel=\"canonical\" href=\"https:\/\/skaitytaknyga.lt\/en\/produktas\/tevynes-tustejimo-metas-2000-2017-m\/\" \/>\n<meta property=\"og:locale\" content=\"en_GB\" \/>\n<meta property=\"og:locale:alternate\" content=\"lt_LT\" \/>\n<meta property=\"og:type\" content=\"article\" \/>\n<meta property=\"og:title\" content=\"T\u0117vyn\u0117s tu\u0161t\u0117jimo metas, 2000\u20132017 m\" \/>\n<meta property=\"og:description\" content=\"\u201eT\u0117vyn\u0117s tu\u0161t\u0117jimo metas&quot; \u2013 knyga takoskyra, kuri\u0105 Arvydas Juozaitis ra\u0161\u0117 septyniolika met\u0173. Joje sud\u0117tos es\u0117 ra\u0161ytos i\u0161gyvenant n\u016bdienio Lietuvos\" \/>\n<meta property=\"og:url\" content=\"https:\/\/skaitytaknyga.lt\/en\/produktas\/tevynes-tustejimo-metas-2000-2017-m\/\" \/>\n<meta property=\"og:site_name\" content=\"Skaitytaknyga\" \/>\n<meta property=\"article:publisher\" content=\"https:\/\/www.facebook.com\/skaitytaknyga\/\" \/>\n<meta property=\"article:modified_time\" content=\"2025-10-07T09:40:17+00:00\" \/>\n<meta property=\"og:image\" content=\"https:\/\/skaitytaknyga.lt\/wp-content\/uploads\/2025\/10\/Tevynes-tustejimo-metas-2000\u20132017-m-1.webp\" \/>\n\t<meta property=\"og:image:width\" content=\"300\" \/>\n\t<meta property=\"og:image:height\" content=\"427\" \/>\n\t<meta property=\"og:image:type\" content=\"image\/webp\" \/>\n<meta name=\"twitter:card\" content=\"summary_large_image\" \/>\n<meta name=\"twitter:label1\" content=\"Estimated reading time\" \/>\n\t<meta name=\"twitter:data1\" content=\"1 minute\" \/>\n<script type=\"application\/ld+json\" class=\"yoast-schema-graph\">{\"@context\":\"https:\/\/schema.org\",\"@graph\":[{\"@type\":\"WebPage\",\"@id\":\"https:\/\/skaitytaknyga.lt\/produktas\/tevynes-tustejimo-metas-2000-2017-m\/\",\"url\":\"https:\/\/skaitytaknyga.lt\/produktas\/tevynes-tustejimo-metas-2000-2017-m\/\",\"name\":\"T\u0117vyn\u0117s tu\u0161t\u0117jimo metas, 2000\u20132017 m\",\"isPartOf\":{\"@id\":\"https:\/\/skaitytaknyga.lt\/#website\"},\"primaryImageOfPage\":{\"@id\":\"https:\/\/skaitytaknyga.lt\/produktas\/tevynes-tustejimo-metas-2000-2017-m\/#primaryimage\"},\"image\":{\"@id\":\"https:\/\/skaitytaknyga.lt\/produktas\/tevynes-tustejimo-metas-2000-2017-m\/#primaryimage\"},\"thumbnailUrl\":\"https:\/\/skaitytaknyga.lt\/wp-content\/uploads\/2025\/10\/Tevynes-tustejimo-metas-2000\u20132017-m-1.webp\",\"datePublished\":\"2025-10-07T08:35:05+00:00\",\"dateModified\":\"2025-10-07T09:40:17+00:00\",\"description\":\"\u201eT\u0117vyn\u0117s tu\u0161t\u0117jimo metas\\\" \u2013 knyga takoskyra, kuri\u0105 Arvydas Juozaitis ra\u0161\u0117 septyniolika met\u0173. Joje sud\u0117tos es\u0117 ra\u0161ytos i\u0161gyvenant n\u016bdienio Lietuvos\",\"breadcrumb\":{\"@id\":\"https:\/\/skaitytaknyga.lt\/produktas\/tevynes-tustejimo-metas-2000-2017-m\/#breadcrumb\"},\"inLanguage\":\"en-GB\",\"potentialAction\":[{\"@type\":\"ReadAction\",\"target\":[\"https:\/\/skaitytaknyga.lt\/produktas\/tevynes-tustejimo-metas-2000-2017-m\/\"]}]},{\"@type\":\"ImageObject\",\"inLanguage\":\"en-GB\",\"@id\":\"https:\/\/skaitytaknyga.lt\/produktas\/tevynes-tustejimo-metas-2000-2017-m\/#primaryimage\",\"url\":\"https:\/\/skaitytaknyga.lt\/wp-content\/uploads\/2025\/10\/Tevynes-tustejimo-metas-2000\u20132017-m-1.webp\",\"contentUrl\":\"https:\/\/skaitytaknyga.lt\/wp-content\/uploads\/2025\/10\/Tevynes-tustejimo-metas-2000\u20132017-m-1.webp\",\"width\":300,\"height\":427},{\"@type\":\"BreadcrumbList\",\"@id\":\"https:\/\/skaitytaknyga.lt\/produktas\/tevynes-tustejimo-metas-2000-2017-m\/#breadcrumb\",\"itemListElement\":[{\"@type\":\"ListItem\",\"position\":1,\"name\":\"Home\",\"item\":\"https:\/\/skaitytaknyga.lt\/\"},{\"@type\":\"ListItem\",\"position\":2,\"name\":\"Parduotuv\u0117\",\"item\":\"https:\/\/skaitytaknyga.lt\/knygu-parduotuve\/\"},{\"@type\":\"ListItem\",\"position\":3,\"name\":\"T\u0117vyn\u0117s tu\u0161t\u0117jimo metas, 2000\u20132017 m\"}]},{\"@type\":\"WebSite\",\"@id\":\"https:\/\/skaitytaknyga.lt\/#website\",\"url\":\"https:\/\/skaitytaknyga.lt\/\",\"name\":\"skaitytaknyga.lt\",\"description\":\"Skaitytaknyga.lt \u2013 tai ma\u017eas \u0161eimos verslas, kuris prasid\u0117jo nuo meil\u0117s knygoms ir siekio i\u0161gelb\u0117ti knygas nuo likimo prie konteinerio. Kas vienam nereikalingas daiktas \u2013 kitam lobis, o mes esame tarpininkai, kurie padeda abiems tapti laimingesniems ???? \u017dinome kaip nelengva i\u0161gyventi ma\u017eiems verslams, tad nuo \u0161iol, \u010dia rasite ir kit\u0173, ma\u017e\u0173 \u0161eim\u0173 versl\u0173, rank\u0173 darbo, dovan\u0173 sau ir artimiesiems.\",\"publisher\":{\"@id\":\"https:\/\/skaitytaknyga.lt\/#organization\"},\"potentialAction\":[{\"@type\":\"SearchAction\",\"target\":{\"@type\":\"EntryPoint\",\"urlTemplate\":\"https:\/\/skaitytaknyga.lt\/?s={search_term_string}\"},\"query-input\":{\"@type\":\"PropertyValueSpecification\",\"valueRequired\":true,\"valueName\":\"search_term_string\"}}],\"inLanguage\":\"en-GB\"},{\"@type\":\"Organization\",\"@id\":\"https:\/\/skaitytaknyga.lt\/#organization\",\"name\":\"skaitytaknyga.lt\",\"url\":\"https:\/\/skaitytaknyga.lt\/\",\"logo\":{\"@type\":\"ImageObject\",\"inLanguage\":\"en-GB\",\"@id\":\"https:\/\/skaitytaknyga.lt\/#\/schema\/logo\/image\/\",\"url\":\"https:\/\/skaitytaknyga.lt\/wp-content\/uploads\/2024\/05\/cropped-cropped-cropped-02_00843_jt3bggkj1j3HLc7SyY6rEUpg.jpeg\",\"contentUrl\":\"https:\/\/skaitytaknyga.lt\/wp-content\/uploads\/2024\/05\/cropped-cropped-cropped-02_00843_jt3bggkj1j3HLc7SyY6rEUpg.jpeg\",\"width\":1600,\"height\":1600,\"caption\":\"skaitytaknyga.lt\"},\"image\":{\"@id\":\"https:\/\/skaitytaknyga.lt\/#\/schema\/logo\/image\/\"},\"sameAs\":[\"https:\/\/www.facebook.com\/skaitytaknyga\/\"]}]}<\/script>\n<!-- \/ Yoast SEO plugin. -->","yoast_head_json":{"title":"T\u0117vyn\u0117s tu\u0161t\u0117jimo metas, 2000\u20132017 m","description":"\u201eT\u0117vyn\u0117s tu\u0161t\u0117jimo metas\" \u2013 knyga takoskyra, kuri\u0105 Arvydas Juozaitis ra\u0161\u0117 septyniolika met\u0173. Joje sud\u0117tos es\u0117 ra\u0161ytos i\u0161gyvenant n\u016bdienio Lietuvos","robots":{"index":"index","follow":"follow","max-snippet":"max-snippet:-1","max-image-preview":"max-image-preview:large","max-video-preview":"max-video-preview:-1"},"canonical":"https:\/\/skaitytaknyga.lt\/en\/produktas\/tevynes-tustejimo-metas-2000-2017-m\/","og_locale":"en_GB","og_type":"article","og_title":"[:lt]T\u0117vyn\u0117s tu\u0161t\u0117jimo metas, 2000\u20132017 m[:] - Skaitytaknyga","og_description":"\u201eT\u0117vyn\u0117s tu\u0161t\u0117jimo metas\" \u2013 knyga takoskyra, kuri\u0105 Arvydas Juozaitis ra\u0161\u0117 septyniolika met\u0173. Joje sud\u0117tos es\u0117 ra\u0161ytos i\u0161gyvenant n\u016bdienio Lietuvos","og_url":"https:\/\/skaitytaknyga.lt\/en\/produktas\/tevynes-tustejimo-metas-2000-2017-m\/","og_site_name":"Skaitytaknyga","article_publisher":"https:\/\/www.facebook.com\/skaitytaknyga\/","article_modified_time":"2025-10-07T09:40:17+00:00","og_image":[{"width":300,"height":427,"url":"https:\/\/skaitytaknyga.lt\/wp-content\/uploads\/2025\/10\/Tevynes-tustejimo-metas-2000\u20132017-m-1.webp","type":"image\/webp"}],"twitter_card":"summary_large_image","twitter_misc":{"Estimated reading time":"1 minute"},"schema":{"@context":"https:\/\/schema.org","@graph":[{"@type":"WebPage","@id":"https:\/\/skaitytaknyga.lt\/produktas\/tevynes-tustejimo-metas-2000-2017-m\/","url":"https:\/\/skaitytaknyga.lt\/produktas\/tevynes-tustejimo-metas-2000-2017-m\/","name":"T\u0117vyn\u0117s tu\u0161t\u0117jimo metas, 2000\u20132017 m","isPartOf":{"@id":"https:\/\/skaitytaknyga.lt\/#website"},"primaryImageOfPage":{"@id":"https:\/\/skaitytaknyga.lt\/produktas\/tevynes-tustejimo-metas-2000-2017-m\/#primaryimage"},"image":{"@id":"https:\/\/skaitytaknyga.lt\/produktas\/tevynes-tustejimo-metas-2000-2017-m\/#primaryimage"},"thumbnailUrl":"https:\/\/skaitytaknyga.lt\/wp-content\/uploads\/2025\/10\/Tevynes-tustejimo-metas-2000\u20132017-m-1.webp","datePublished":"2025-10-07T08:35:05+00:00","dateModified":"2025-10-07T09:40:17+00:00","description":"\u201eT\u0117vyn\u0117s tu\u0161t\u0117jimo metas\" \u2013 knyga takoskyra, kuri\u0105 Arvydas Juozaitis ra\u0161\u0117 septyniolika met\u0173. Joje sud\u0117tos es\u0117 ra\u0161ytos i\u0161gyvenant n\u016bdienio Lietuvos","breadcrumb":{"@id":"https:\/\/skaitytaknyga.lt\/produktas\/tevynes-tustejimo-metas-2000-2017-m\/#breadcrumb"},"inLanguage":"en-GB","potentialAction":[{"@type":"ReadAction","target":["https:\/\/skaitytaknyga.lt\/produktas\/tevynes-tustejimo-metas-2000-2017-m\/"]}]},{"@type":"ImageObject","inLanguage":"en-GB","@id":"https:\/\/skaitytaknyga.lt\/produktas\/tevynes-tustejimo-metas-2000-2017-m\/#primaryimage","url":"https:\/\/skaitytaknyga.lt\/wp-content\/uploads\/2025\/10\/Tevynes-tustejimo-metas-2000\u20132017-m-1.webp","contentUrl":"https:\/\/skaitytaknyga.lt\/wp-content\/uploads\/2025\/10\/Tevynes-tustejimo-metas-2000\u20132017-m-1.webp","width":300,"height":427},{"@type":"BreadcrumbList","@id":"https:\/\/skaitytaknyga.lt\/produktas\/tevynes-tustejimo-metas-2000-2017-m\/#breadcrumb","itemListElement":[{"@type":"ListItem","position":1,"name":"Home","item":"https:\/\/skaitytaknyga.lt\/"},{"@type":"ListItem","position":2,"name":"Parduotuv\u0117","item":"https:\/\/skaitytaknyga.lt\/knygu-parduotuve\/"},{"@type":"ListItem","position":3,"name":"T\u0117vyn\u0117s tu\u0161t\u0117jimo metas, 2000\u20132017 m"}]},{"@type":"WebSite","@id":"https:\/\/skaitytaknyga.lt\/#website","url":"https:\/\/skaitytaknyga.lt\/","name":"skaitytaknyga.lt","description":"Skaitytaknyga.lt \u2013 tai ma\u017eas \u0161eimos verslas, kuris prasid\u0117jo nuo meil\u0117s knygoms ir siekio i\u0161gelb\u0117ti knygas nuo likimo prie konteinerio. Kas vienam nereikalingas daiktas \u2013 kitam lobis, o mes esame tarpininkai, kurie padeda abiems tapti laimingesniems ???? \u017dinome kaip nelengva i\u0161gyventi ma\u017eiems verslams, tad nuo \u0161iol, \u010dia rasite ir kit\u0173, ma\u017e\u0173 \u0161eim\u0173 versl\u0173, rank\u0173 darbo, dovan\u0173 sau ir artimiesiems.","publisher":{"@id":"https:\/\/skaitytaknyga.lt\/#organization"},"potentialAction":[{"@type":"SearchAction","target":{"@type":"EntryPoint","urlTemplate":"https:\/\/skaitytaknyga.lt\/?s={search_term_string}"},"query-input":{"@type":"PropertyValueSpecification","valueRequired":true,"valueName":"search_term_string"}}],"inLanguage":"en-GB"},{"@type":"Organization","@id":"https:\/\/skaitytaknyga.lt\/#organization","name":"skaitytaknyga.lt","url":"https:\/\/skaitytaknyga.lt\/","logo":{"@type":"ImageObject","inLanguage":"en-GB","@id":"https:\/\/skaitytaknyga.lt\/#\/schema\/logo\/image\/","url":"https:\/\/skaitytaknyga.lt\/wp-content\/uploads\/2024\/05\/cropped-cropped-cropped-02_00843_jt3bggkj1j3HLc7SyY6rEUpg.jpeg","contentUrl":"https:\/\/skaitytaknyga.lt\/wp-content\/uploads\/2024\/05\/cropped-cropped-cropped-02_00843_jt3bggkj1j3HLc7SyY6rEUpg.jpeg","width":1600,"height":1600,"caption":"skaitytaknyga.lt"},"image":{"@id":"https:\/\/skaitytaknyga.lt\/#\/schema\/logo\/image\/"},"sameAs":["https:\/\/www.facebook.com\/skaitytaknyga\/"]}]}},"_links":{"self":[{"href":"https:\/\/skaitytaknyga.lt\/en\/wp-json\/wp\/v2\/product\/21360","targetHints":{"allow":["GET"]}}],"collection":[{"href":"https:\/\/skaitytaknyga.lt\/en\/wp-json\/wp\/v2\/product"}],"about":[{"href":"https:\/\/skaitytaknyga.lt\/en\/wp-json\/wp\/v2\/types\/product"}],"replies":[{"embeddable":true,"href":"https:\/\/skaitytaknyga.lt\/en\/wp-json\/wp\/v2\/comments?post=21360"}],"wp:featuredmedia":[{"embeddable":true,"href":"https:\/\/skaitytaknyga.lt\/en\/wp-json\/wp\/v2\/media\/21365"}],"wp:attachment":[{"href":"https:\/\/skaitytaknyga.lt\/en\/wp-json\/wp\/v2\/media?parent=21360"}],"wp:term":[{"taxonomy":"product_brand","embeddable":true,"href":"https:\/\/skaitytaknyga.lt\/en\/wp-json\/wp\/v2\/product_brand?post=21360"},{"taxonomy":"product_cat","embeddable":true,"href":"https:\/\/skaitytaknyga.lt\/en\/wp-json\/wp\/v2\/product_cat?post=21360"},{"taxonomy":"product_tag","embeddable":true,"href":"https:\/\/skaitytaknyga.lt\/en\/wp-json\/wp\/v2\/product_tag?post=21360"}],"curies":[{"name":"wp","href":"https:\/\/api.w.org\/{rel}","templated":true}]}}