{"id":21340,"date":"2025-10-06T14:36:23","date_gmt":"2025-10-06T11:36:23","guid":{"rendered":"https:\/\/skaitytaknyga.lt\/?post_type=product&#038;p=21340"},"modified":"2025-10-07T11:39:14","modified_gmt":"2025-10-07T08:39:14","slug":"amo-supuokles","status":"publish","type":"product","link":"https:\/\/skaitytaknyga.lt\/en\/produktas\/amo-supuokles\/","title":{"rendered":"Amo s\u016bpuokl\u0117s"},"content":{"rendered":"<p>Nobelio premijos laureat\u0117 Herta M\u00fcller knygoje \u201eAmo s\u016bpuokl\u0117s\u201c pasakoja apie jauno rumuno, i\u0161gyvenusio soviet\u0173 lageryje, patirt\u012f. Ra\u0161ytoja roman\u0105 k\u016br\u0117 remdamasi savo kra\u0161tie\u010dio Oskaro Pastioro bei kit\u0173 li\u016bdno likimo \u017emoni\u0173 pasakojimais.<\/p>\n<p>Septyniolikmetis rumunas Leopoldas Aubergas skub\u0117jo palikti t\u0117v\u0173 namus ir tapti savaranki\u0161ku, ta\u010diau lemtis pasisuko kitaip. 1945-tais metais jis buvo suimtas ir i\u0161tremtas \u012f soviet\u0173 lager\u012f, kuriame praleido penkerius metus.<\/p>\n<p>Romane \u201eAmo s\u016bpuokl\u0117s\u201c ra\u0161ytoja Herta M\u00fcller pasakoja apie Novogorlovkos lagerio ir \u012f j\u012f nublok\u0161t\u0173 veik\u0117j\u0173 kasdienyb\u0119. \u010cia \u0161altis ir badas. \u010cia \u017eiaur\u016bs sargybiniai. \u010cia angli\u0173 vagyst\u0117s vardan dar vienos gyvenimo dienos. \u010cia kirm\u0117l\u0117s po tvars\u010diais, ut\u0117l\u0117s k\u016bnuose, r\u016bbuose ir pataluose. \u010cia blak\u0117s ir nu\u0161alimai. \u010cia mirtis ir smurtas. \u010cia nepakeliamai sunk\u016bs darbai. \u010cia ir nenoras gyventi, ir stiprus bandymas i\u0161likti. \u010cia pa\u017eintys ir, sunku patik\u0117ti, bet meil\u0117 bei juokas.<\/p>\n<p>Ar dar yra vilties po lagerio sugr\u012f\u017eti \u012f normal\u0173 gyvenim\u0105? Leo kabinosi \u012f senel\u0117s i\u0161tartus \u017eod\u017eius. Atsisveikindama ji tik\u0117jo, kad an\u016bkas gr\u012f\u0161. Ir jis tur\u0117jo gr\u012f\u017eti.<\/p>\n<p>Knyga \u201eAmo s\u016bpuokl\u0117s\u201c atima \u017eada. Siu\u017eetas nesvarbus \u2013 svarbios detal\u0117s, kurios, pasak ap\u017evalg\u0173, ilgai nei\u0161eina i\u0161 galvos. Knyga nepatogi, jaudinanti, \u012ftaigi, kupina metafor\u0173 ir \u017eod\u017ei\u0173 \u017eaismo \u2013 literat\u016bros gurmanams.<\/p>\n<p>Autor\u0117s kuriamas paveikslas liudija skaud\u0173 Rumunijos vokie\u010di\u0173 likim\u0105. Daugyb\u0117 17-45 am\u017eiaus gyventoj\u0173 buvo i\u0161ve\u017eti \u012f lagerius. Ra\u0161ydama knyg\u0105 Herta M\u00fcller susitikin\u0117jo su kra\u0161tie\u010diu Oskaru Pastioru, kuris dalijosi savo atsiminimais ir pagrindin\u0117s buities detal\u0117s \u2013 jo ind\u0117lis. Pa\u010dios autor\u0117s mama taip pat buvo i\u0161tremta \u012f darbo stovykl\u0105.<\/p>\n","protected":false},"excerpt":{"rendered":"<p>Nobelio premijos laureat\u0117 Herta M\u00fcller knygoje \u201eAmo s\u016bpuokl\u0117s\u201c pasakoja apie jauno rumuno, i\u0161gyvenusio soviet\u0173 lageryje, patirt\u012f. Ra\u0161ytoja roman\u0105 k\u016br\u0117 remdamasi savo kra\u0161tie\u010dio Oskaro Pastioro bei kit\u0173 li\u016bdno likimo \u017emoni\u0173 pasakojimais. Septyniolikmetis rumunas Leopoldas Aubergas skub\u0117jo palikti t\u0117v\u0173 namus ir tapti savaranki\u0161ku, ta\u010diau lemtis pasisuko kitaip. 1945-tais metais jis buvo suimtas ir i\u0161tremtas \u012f soviet\u0173 lager\u012f, kuriame praleido penkerius metus. Romane \u201eAmo s\u016bpuokl\u0117s\u201c ra\u0161ytoja Herta M\u00fcller pasakoja apie Novogorlovkos lagerio ir \u012f j\u012f nublok\u0161t\u0173 veik\u0117j\u0173 kasdienyb\u0119. \u010cia \u0161altis ir badas. \u010cia \u017eiaur\u016bs sargybiniai. \u010cia angli\u0173 vagyst\u0117s vardan dar vienos gyvenimo dienos. \u010cia kirm\u0117l\u0117s po tvars\u010diais, ut\u0117l\u0117s k\u016bnuose, r\u016bbuose ir pataluose. \u010cia blak\u0117s ir nu\u0161alimai. \u010cia mirtis ir smurtas. \u010cia nepakeliamai sunk\u016bs darbai. \u010cia ir nenoras gyventi, ir stiprus bandymas i\u0161likti. \u010cia pa\u017eintys ir, sunku patik\u0117ti, bet meil\u0117 bei juokas. Ar dar yra vilties po lagerio sugr\u012f\u017eti \u012f normal\u0173 gyvenim\u0105? Leo kabinosi \u012f senel\u0117s i\u0161tartus \u017eod\u017eius. Atsisveikindama ji tik\u0117jo, kad an\u016bkas gr\u012f\u0161. Ir jis tur\u0117jo gr\u012f\u017eti. Knyga \u201eAmo s\u016bpuokl\u0117s\u201c atima \u017eada. Siu\u017eetas nesvarbus \u2013 svarbios detal\u0117s, kurios, pasak ap\u017evalg\u0173, ilgai nei\u0161eina i\u0161 galvos. Knyga nepatogi, jaudinanti, \u012ftaigi, kupina metafor\u0173 ir \u017eod\u017ei\u0173 \u017eaismo \u2013 literat\u016bros gurmanams. Autor\u0117s kuriamas paveikslas liudija skaud\u0173 Rumunijos vokie\u010di\u0173 likim\u0105. Daugyb\u0117 17-45 am\u017eiaus gyventoj\u0173 buvo i\u0161ve\u017eti \u012f lagerius. Ra\u0161ydama knyg\u0105 Herta M\u00fcller susitikin\u0117jo su kra\u0161tie\u010diu Oskaru Pastioru, kuris dalijosi savo atsiminimais ir pagrindin\u0117s buities detal\u0117s \u2013 jo ind\u0117lis. Pa\u010dios autor\u0117s mama taip pat buvo i\u0161tremta \u012f darbo stovykl\u0105.<\/p>\n","protected":false},"featured_media":21359,"comment_status":"open","ping_status":"closed","template":"","meta":{"_acf_changed":false,"site-sidebar-layout":"default","site-content-layout":"","ast-site-content-layout":"default","site-content-style":"default","site-sidebar-style":"default","ast-global-header-display":"","ast-banner-title-visibility":"","ast-main-header-display":"","ast-hfb-above-header-display":"","ast-hfb-below-header-display":"","ast-hfb-mobile-header-display":"","site-post-title":"","ast-breadcrumbs-content":"","ast-featured-img":"","footer-sml-layout":"","ast-disable-related-posts":"","theme-transparent-header-meta":"","adv-header-id-meta":"","stick-header-meta":"","header-above-stick-meta":"","header-main-stick-meta":"","header-below-stick-meta":"","astra-migrate-meta-layouts":"default","ast-page-background-enabled":"default","ast-page-background-meta":{"desktop":{"background-color":"","background-image":"","background-repeat":"repeat","background-position":"center center","background-size":"auto","background-attachment":"scroll","background-type":"","background-media":"","overlay-type":"","overlay-color":"","overlay-opacity":"","overlay-gradient":""},"tablet":{"background-color":"","background-image":"","background-repeat":"repeat","background-position":"center center","background-size":"auto","background-attachment":"scroll","background-type":"","background-media":"","overlay-type":"","overlay-color":"","overlay-opacity":"","overlay-gradient":""},"mobile":{"background-color":"","background-image":"","background-repeat":"repeat","background-position":"center center","background-size":"auto","background-attachment":"scroll","background-type":"","background-media":"","overlay-type":"","overlay-color":"","overlay-opacity":"","overlay-gradient":""}},"ast-content-background-meta":{"desktop":{"background-color":"var(--ast-global-color-4)","background-image":"","background-repeat":"repeat","background-position":"center center","background-size":"auto","background-attachment":"scroll","background-type":"","background-media":"","overlay-type":"","overlay-color":"","overlay-opacity":"","overlay-gradient":""},"tablet":{"background-color":"var(--ast-global-color-4)","background-image":"","background-repeat":"repeat","background-position":"center center","background-size":"auto","background-attachment":"scroll","background-type":"","background-media":"","overlay-type":"","overlay-color":"","overlay-opacity":"","overlay-gradient":""},"mobile":{"background-color":"var(--ast-global-color-4)","background-image":"","background-repeat":"repeat","background-position":"center center","background-size":"auto","background-attachment":"scroll","background-type":"","background-media":"","overlay-type":"","overlay-color":"","overlay-opacity":"","overlay-gradient":""}}},"product_brand":[],"product_cat":[31],"product_tag":[],"class_list":{"0":"post-21340","1":"product","2":"type-product","3":"status-publish","4":"has-post-thumbnail","6":"product_cat-grozine-literatura","7":"desktop-align-left","8":"tablet-align-left","9":"mobile-align-left","11":"first","12":"instock","13":"shipping-taxable","14":"purchasable","15":"product-type-simple"},"acf":[],"yoast_head":"<!-- This site is optimized with the Yoast SEO plugin v27.0 - https:\/\/yoast.com\/product\/yoast-seo-wordpress\/ -->\n<title>Amo s\u016bpuokl\u0117s<\/title>\n<meta name=\"description\" content=\"Nobelio premijos laureat\u0117 Herta M\u00fcller knygoje \u201eAmo s\u016bpuokl\u0117s\u201c pasakoja apie jauno rumuno, i\u0161gyvenusio soviet\u0173 lageryje, patirt\u012f. Ra\u0161ytoja roman\u0105 k\u016br\u0117\" \/>\n<meta name=\"robots\" content=\"index, follow, max-snippet:-1, max-image-preview:large, max-video-preview:-1\" \/>\n<link rel=\"canonical\" href=\"https:\/\/skaitytaknyga.lt\/en\/produktas\/amo-supuokles\/\" \/>\n<meta property=\"og:locale\" content=\"en_GB\" \/>\n<meta property=\"og:locale:alternate\" content=\"lt_LT\" \/>\n<meta property=\"og:type\" content=\"article\" \/>\n<meta property=\"og:title\" content=\"Amo s\u016bpuokl\u0117s\" \/>\n<meta property=\"og:description\" content=\"Nobelio premijos laureat\u0117 Herta M\u00fcller knygoje \u201eAmo s\u016bpuokl\u0117s\u201c pasakoja apie jauno rumuno, i\u0161gyvenusio soviet\u0173 lageryje, patirt\u012f. Ra\u0161ytoja roman\u0105 k\u016br\u0117\" \/>\n<meta property=\"og:url\" content=\"https:\/\/skaitytaknyga.lt\/en\/produktas\/amo-supuokles\/\" \/>\n<meta property=\"og:site_name\" content=\"Skaitytaknyga\" \/>\n<meta property=\"article:publisher\" content=\"https:\/\/www.facebook.com\/skaitytaknyga\/\" \/>\n<meta property=\"article:modified_time\" content=\"2025-10-07T08:39:14+00:00\" \/>\n<meta property=\"og:image\" content=\"https:\/\/skaitytaknyga.lt\/wp-content\/uploads\/2025\/10\/Amo-supuokles.webp\" \/>\n\t<meta property=\"og:image:width\" content=\"300\" \/>\n\t<meta property=\"og:image:height\" content=\"435\" \/>\n\t<meta property=\"og:image:type\" content=\"image\/webp\" \/>\n<meta name=\"twitter:card\" content=\"summary_large_image\" \/>\n<meta name=\"twitter:label1\" content=\"Estimated reading time\" \/>\n\t<meta name=\"twitter:data1\" content=\"1 minute\" \/>\n<script type=\"application\/ld+json\" class=\"yoast-schema-graph\">{\"@context\":\"https:\/\/schema.org\",\"@graph\":[{\"@type\":\"WebPage\",\"@id\":\"https:\/\/skaitytaknyga.lt\/produktas\/amo-supuokles\/\",\"url\":\"https:\/\/skaitytaknyga.lt\/produktas\/amo-supuokles\/\",\"name\":\"Amo s\u016bpuokl\u0117s\",\"isPartOf\":{\"@id\":\"https:\/\/skaitytaknyga.lt\/#website\"},\"primaryImageOfPage\":{\"@id\":\"https:\/\/skaitytaknyga.lt\/produktas\/amo-supuokles\/#primaryimage\"},\"image\":{\"@id\":\"https:\/\/skaitytaknyga.lt\/produktas\/amo-supuokles\/#primaryimage\"},\"thumbnailUrl\":\"https:\/\/skaitytaknyga.lt\/wp-content\/uploads\/2025\/10\/Amo-supuokles.webp\",\"datePublished\":\"2025-10-06T11:36:23+00:00\",\"dateModified\":\"2025-10-07T08:39:14+00:00\",\"description\":\"Nobelio premijos laureat\u0117 Herta M\u00fcller knygoje \u201eAmo s\u016bpuokl\u0117s\u201c pasakoja apie jauno rumuno, i\u0161gyvenusio soviet\u0173 lageryje, patirt\u012f. Ra\u0161ytoja roman\u0105 k\u016br\u0117\",\"breadcrumb\":{\"@id\":\"https:\/\/skaitytaknyga.lt\/produktas\/amo-supuokles\/#breadcrumb\"},\"inLanguage\":\"en-GB\",\"potentialAction\":[{\"@type\":\"ReadAction\",\"target\":[\"https:\/\/skaitytaknyga.lt\/produktas\/amo-supuokles\/\"]}]},{\"@type\":\"ImageObject\",\"inLanguage\":\"en-GB\",\"@id\":\"https:\/\/skaitytaknyga.lt\/produktas\/amo-supuokles\/#primaryimage\",\"url\":\"https:\/\/skaitytaknyga.lt\/wp-content\/uploads\/2025\/10\/Amo-supuokles.webp\",\"contentUrl\":\"https:\/\/skaitytaknyga.lt\/wp-content\/uploads\/2025\/10\/Amo-supuokles.webp\",\"width\":300,\"height\":435,\"caption\":\"Amo s\u016bpuokl\u0117s\"},{\"@type\":\"BreadcrumbList\",\"@id\":\"https:\/\/skaitytaknyga.lt\/produktas\/amo-supuokles\/#breadcrumb\",\"itemListElement\":[{\"@type\":\"ListItem\",\"position\":1,\"name\":\"Home\",\"item\":\"https:\/\/skaitytaknyga.lt\/\"},{\"@type\":\"ListItem\",\"position\":2,\"name\":\"Parduotuv\u0117\",\"item\":\"https:\/\/skaitytaknyga.lt\/knygu-parduotuve\/\"},{\"@type\":\"ListItem\",\"position\":3,\"name\":\"Amo s\u016bpuokl\u0117s\"}]},{\"@type\":\"WebSite\",\"@id\":\"https:\/\/skaitytaknyga.lt\/#website\",\"url\":\"https:\/\/skaitytaknyga.lt\/\",\"name\":\"skaitytaknyga.lt\",\"description\":\"Skaitytaknyga.lt \u2013 tai ma\u017eas \u0161eimos verslas, kuris prasid\u0117jo nuo meil\u0117s knygoms ir siekio i\u0161gelb\u0117ti knygas nuo likimo prie konteinerio. Kas vienam nereikalingas daiktas \u2013 kitam lobis, o mes esame tarpininkai, kurie padeda abiems tapti laimingesniems ???? \u017dinome kaip nelengva i\u0161gyventi ma\u017eiems verslams, tad nuo \u0161iol, \u010dia rasite ir kit\u0173, ma\u017e\u0173 \u0161eim\u0173 versl\u0173, rank\u0173 darbo, dovan\u0173 sau ir artimiesiems.\",\"publisher\":{\"@id\":\"https:\/\/skaitytaknyga.lt\/#organization\"},\"potentialAction\":[{\"@type\":\"SearchAction\",\"target\":{\"@type\":\"EntryPoint\",\"urlTemplate\":\"https:\/\/skaitytaknyga.lt\/?s={search_term_string}\"},\"query-input\":{\"@type\":\"PropertyValueSpecification\",\"valueRequired\":true,\"valueName\":\"search_term_string\"}}],\"inLanguage\":\"en-GB\"},{\"@type\":\"Organization\",\"@id\":\"https:\/\/skaitytaknyga.lt\/#organization\",\"name\":\"skaitytaknyga.lt\",\"url\":\"https:\/\/skaitytaknyga.lt\/\",\"logo\":{\"@type\":\"ImageObject\",\"inLanguage\":\"en-GB\",\"@id\":\"https:\/\/skaitytaknyga.lt\/#\/schema\/logo\/image\/\",\"url\":\"https:\/\/skaitytaknyga.lt\/wp-content\/uploads\/2024\/05\/cropped-cropped-cropped-02_00843_jt3bggkj1j3HLc7SyY6rEUpg.jpeg\",\"contentUrl\":\"https:\/\/skaitytaknyga.lt\/wp-content\/uploads\/2024\/05\/cropped-cropped-cropped-02_00843_jt3bggkj1j3HLc7SyY6rEUpg.jpeg\",\"width\":1600,\"height\":1600,\"caption\":\"skaitytaknyga.lt\"},\"image\":{\"@id\":\"https:\/\/skaitytaknyga.lt\/#\/schema\/logo\/image\/\"},\"sameAs\":[\"https:\/\/www.facebook.com\/skaitytaknyga\/\"]}]}<\/script>\n<!-- \/ Yoast SEO plugin. -->","yoast_head_json":{"title":"Amo s\u016bpuokl\u0117s","description":"Nobelio premijos laureat\u0117 Herta M\u00fcller knygoje \u201eAmo s\u016bpuokl\u0117s\u201c pasakoja apie jauno rumuno, i\u0161gyvenusio soviet\u0173 lageryje, patirt\u012f. Ra\u0161ytoja roman\u0105 k\u016br\u0117","robots":{"index":"index","follow":"follow","max-snippet":"max-snippet:-1","max-image-preview":"max-image-preview:large","max-video-preview":"max-video-preview:-1"},"canonical":"https:\/\/skaitytaknyga.lt\/en\/produktas\/amo-supuokles\/","og_locale":"en_GB","og_type":"article","og_title":"[:lt]Amo s\u016bpuokl\u0117s[:] - Skaitytaknyga","og_description":"Nobelio premijos laureat\u0117 Herta M\u00fcller knygoje \u201eAmo s\u016bpuokl\u0117s\u201c pasakoja apie jauno rumuno, i\u0161gyvenusio soviet\u0173 lageryje, patirt\u012f. Ra\u0161ytoja roman\u0105 k\u016br\u0117","og_url":"https:\/\/skaitytaknyga.lt\/en\/produktas\/amo-supuokles\/","og_site_name":"Skaitytaknyga","article_publisher":"https:\/\/www.facebook.com\/skaitytaknyga\/","article_modified_time":"2025-10-07T08:39:14+00:00","og_image":[{"width":300,"height":435,"url":"https:\/\/skaitytaknyga.lt\/wp-content\/uploads\/2025\/10\/Amo-supuokles.webp","type":"image\/webp"}],"twitter_card":"summary_large_image","twitter_misc":{"Estimated reading time":"1 minute"},"schema":{"@context":"https:\/\/schema.org","@graph":[{"@type":"WebPage","@id":"https:\/\/skaitytaknyga.lt\/produktas\/amo-supuokles\/","url":"https:\/\/skaitytaknyga.lt\/produktas\/amo-supuokles\/","name":"Amo s\u016bpuokl\u0117s","isPartOf":{"@id":"https:\/\/skaitytaknyga.lt\/#website"},"primaryImageOfPage":{"@id":"https:\/\/skaitytaknyga.lt\/produktas\/amo-supuokles\/#primaryimage"},"image":{"@id":"https:\/\/skaitytaknyga.lt\/produktas\/amo-supuokles\/#primaryimage"},"thumbnailUrl":"https:\/\/skaitytaknyga.lt\/wp-content\/uploads\/2025\/10\/Amo-supuokles.webp","datePublished":"2025-10-06T11:36:23+00:00","dateModified":"2025-10-07T08:39:14+00:00","description":"Nobelio premijos laureat\u0117 Herta M\u00fcller knygoje \u201eAmo s\u016bpuokl\u0117s\u201c pasakoja apie jauno rumuno, i\u0161gyvenusio soviet\u0173 lageryje, patirt\u012f. Ra\u0161ytoja roman\u0105 k\u016br\u0117","breadcrumb":{"@id":"https:\/\/skaitytaknyga.lt\/produktas\/amo-supuokles\/#breadcrumb"},"inLanguage":"en-GB","potentialAction":[{"@type":"ReadAction","target":["https:\/\/skaitytaknyga.lt\/produktas\/amo-supuokles\/"]}]},{"@type":"ImageObject","inLanguage":"en-GB","@id":"https:\/\/skaitytaknyga.lt\/produktas\/amo-supuokles\/#primaryimage","url":"https:\/\/skaitytaknyga.lt\/wp-content\/uploads\/2025\/10\/Amo-supuokles.webp","contentUrl":"https:\/\/skaitytaknyga.lt\/wp-content\/uploads\/2025\/10\/Amo-supuokles.webp","width":300,"height":435,"caption":"Amo s\u016bpuokl\u0117s"},{"@type":"BreadcrumbList","@id":"https:\/\/skaitytaknyga.lt\/produktas\/amo-supuokles\/#breadcrumb","itemListElement":[{"@type":"ListItem","position":1,"name":"Home","item":"https:\/\/skaitytaknyga.lt\/"},{"@type":"ListItem","position":2,"name":"Parduotuv\u0117","item":"https:\/\/skaitytaknyga.lt\/knygu-parduotuve\/"},{"@type":"ListItem","position":3,"name":"Amo s\u016bpuokl\u0117s"}]},{"@type":"WebSite","@id":"https:\/\/skaitytaknyga.lt\/#website","url":"https:\/\/skaitytaknyga.lt\/","name":"skaitytaknyga.lt","description":"Skaitytaknyga.lt \u2013 tai ma\u017eas \u0161eimos verslas, kuris prasid\u0117jo nuo meil\u0117s knygoms ir siekio i\u0161gelb\u0117ti knygas nuo likimo prie konteinerio. Kas vienam nereikalingas daiktas \u2013 kitam lobis, o mes esame tarpininkai, kurie padeda abiems tapti laimingesniems ???? \u017dinome kaip nelengva i\u0161gyventi ma\u017eiems verslams, tad nuo \u0161iol, \u010dia rasite ir kit\u0173, ma\u017e\u0173 \u0161eim\u0173 versl\u0173, rank\u0173 darbo, dovan\u0173 sau ir artimiesiems.","publisher":{"@id":"https:\/\/skaitytaknyga.lt\/#organization"},"potentialAction":[{"@type":"SearchAction","target":{"@type":"EntryPoint","urlTemplate":"https:\/\/skaitytaknyga.lt\/?s={search_term_string}"},"query-input":{"@type":"PropertyValueSpecification","valueRequired":true,"valueName":"search_term_string"}}],"inLanguage":"en-GB"},{"@type":"Organization","@id":"https:\/\/skaitytaknyga.lt\/#organization","name":"skaitytaknyga.lt","url":"https:\/\/skaitytaknyga.lt\/","logo":{"@type":"ImageObject","inLanguage":"en-GB","@id":"https:\/\/skaitytaknyga.lt\/#\/schema\/logo\/image\/","url":"https:\/\/skaitytaknyga.lt\/wp-content\/uploads\/2024\/05\/cropped-cropped-cropped-02_00843_jt3bggkj1j3HLc7SyY6rEUpg.jpeg","contentUrl":"https:\/\/skaitytaknyga.lt\/wp-content\/uploads\/2024\/05\/cropped-cropped-cropped-02_00843_jt3bggkj1j3HLc7SyY6rEUpg.jpeg","width":1600,"height":1600,"caption":"skaitytaknyga.lt"},"image":{"@id":"https:\/\/skaitytaknyga.lt\/#\/schema\/logo\/image\/"},"sameAs":["https:\/\/www.facebook.com\/skaitytaknyga\/"]}]}},"_links":{"self":[{"href":"https:\/\/skaitytaknyga.lt\/en\/wp-json\/wp\/v2\/product\/21340","targetHints":{"allow":["GET"]}}],"collection":[{"href":"https:\/\/skaitytaknyga.lt\/en\/wp-json\/wp\/v2\/product"}],"about":[{"href":"https:\/\/skaitytaknyga.lt\/en\/wp-json\/wp\/v2\/types\/product"}],"replies":[{"embeddable":true,"href":"https:\/\/skaitytaknyga.lt\/en\/wp-json\/wp\/v2\/comments?post=21340"}],"wp:featuredmedia":[{"embeddable":true,"href":"https:\/\/skaitytaknyga.lt\/en\/wp-json\/wp\/v2\/media\/21359"}],"wp:attachment":[{"href":"https:\/\/skaitytaknyga.lt\/en\/wp-json\/wp\/v2\/media?parent=21340"}],"wp:term":[{"taxonomy":"product_brand","embeddable":true,"href":"https:\/\/skaitytaknyga.lt\/en\/wp-json\/wp\/v2\/product_brand?post=21340"},{"taxonomy":"product_cat","embeddable":true,"href":"https:\/\/skaitytaknyga.lt\/en\/wp-json\/wp\/v2\/product_cat?post=21340"},{"taxonomy":"product_tag","embeddable":true,"href":"https:\/\/skaitytaknyga.lt\/en\/wp-json\/wp\/v2\/product_tag?post=21340"}],"curies":[{"name":"wp","href":"https:\/\/api.w.org\/{rel}","templated":true}]}}