{"id":21339,"date":"2025-10-06T14:36:23","date_gmt":"2025-10-06T11:36:23","guid":{"rendered":"https:\/\/skaitytaknyga.lt\/?post_type=product&#038;p=21339"},"modified":"2025-10-31T08:01:18","modified_gmt":"2025-10-31T06:01:18","slug":"sumanus-kortu-triukai-beviltiskai-nevikriems","status":"publish","type":"product","link":"https:\/\/skaitytaknyga.lt\/en\/produktas\/sumanus-kortu-triukai-beviltiskai-nevikriems\/","title":{"rendered":"Suman\u016bs kort\u0173 triukai bevilti\u0161kai nevikriems"},"content":{"rendered":"<p>\u0160iuos nuostabius triukus su kortomis galite atlikti be jokio rank\u0173 miklumo, koordinacijos ar fizini\u0173 sugeb\u0117jim\u0173! I\u0161 ties\u0173 visai nereikia ypating\u0173 sugeb\u0117jim\u0173, kad gal\u0117tum\u0117te valdyti kort\u0173 malk\u0105 ir stulbinti aplinkinius.<\/p>\n<p>\u0160iuose triukuose yra subtili\u0173 element\u0173, sava tvarka ir paslaptys, kurios apgauna netgi pa\u010dius fokusininkus, o ne vien eilinius steb\u0117tojus.<\/p>\n<p>Skaitydami knyg\u0105 su\u017einosite, k\u0105 sakyti \u017ei\u016brovams, kad juos sudomintum\u0117te, kaip pasiteisinti, kai nepasiseka. Dabar j\u016bs jau pasiruo\u0161\u0119s apdumti miniai akis ir apstulbinti triukais su skai\u010diais, sutapim\u0173, i\u0161d\u0117stymo ir kitokiais triukais.<\/p>\n","protected":false},"excerpt":{"rendered":"<p>\u0160iuos nuostabius triukus su kortomis galite atlikti be jokio rank\u0173 miklumo, koordinacijos ar fizini\u0173 sugeb\u0117jim\u0173! I\u0161 ties\u0173 visai nereikia ypating\u0173 sugeb\u0117jim\u0173, kad gal\u0117tum\u0117te valdyti kort\u0173 malk\u0105 ir stulbinti aplinkinius. \u0160iuose triukuose yra subtili\u0173 element\u0173, sava tvarka ir paslaptys, kurios apgauna netgi pa\u010dius fokusininkus, o ne vien eilinius steb\u0117tojus. Skaitydami knyg\u0105 su\u017einosite, k\u0105 sakyti \u017ei\u016brovams, kad juos sudomintum\u0117te, kaip pasiteisinti, kai nepasiseka. Dabar j\u016bs jau pasiruo\u0161\u0119s apdumti miniai akis ir apstulbinti triukais su skai\u010diais, sutapim\u0173, i\u0161d\u0117stymo ir kitokiais triukais.<\/p>\n","protected":false},"featured_media":21358,"comment_status":"open","ping_status":"closed","template":"","meta":{"_acf_changed":false,"site-sidebar-layout":"default","site-content-layout":"","ast-site-content-layout":"default","site-content-style":"default","site-sidebar-style":"default","ast-global-header-display":"","ast-banner-title-visibility":"","ast-main-header-display":"","ast-hfb-above-header-display":"","ast-hfb-below-header-display":"","ast-hfb-mobile-header-display":"","site-post-title":"","ast-breadcrumbs-content":"","ast-featured-img":"","footer-sml-layout":"","ast-disable-related-posts":"","theme-transparent-header-meta":"","adv-header-id-meta":"","stick-header-meta":"","header-above-stick-meta":"","header-main-stick-meta":"","header-below-stick-meta":"","astra-migrate-meta-layouts":"default","ast-page-background-enabled":"default","ast-page-background-meta":{"desktop":{"background-color":"","background-image":"","background-repeat":"repeat","background-position":"center center","background-size":"auto","background-attachment":"scroll","background-type":"","background-media":"","overlay-type":"","overlay-color":"","overlay-opacity":"","overlay-gradient":""},"tablet":{"background-color":"","background-image":"","background-repeat":"repeat","background-position":"center center","background-size":"auto","background-attachment":"scroll","background-type":"","background-media":"","overlay-type":"","overlay-color":"","overlay-opacity":"","overlay-gradient":""},"mobile":{"background-color":"","background-image":"","background-repeat":"repeat","background-position":"center center","background-size":"auto","background-attachment":"scroll","background-type":"","background-media":"","overlay-type":"","overlay-color":"","overlay-opacity":"","overlay-gradient":""}},"ast-content-background-meta":{"desktop":{"background-color":"var(--ast-global-color-4)","background-image":"","background-repeat":"repeat","background-position":"center center","background-size":"auto","background-attachment":"scroll","background-type":"","background-media":"","overlay-type":"","overlay-color":"","overlay-opacity":"","overlay-gradient":""},"tablet":{"background-color":"var(--ast-global-color-4)","background-image":"","background-repeat":"repeat","background-position":"center center","background-size":"auto","background-attachment":"scroll","background-type":"","background-media":"","overlay-type":"","overlay-color":"","overlay-opacity":"","overlay-gradient":""},"mobile":{"background-color":"var(--ast-global-color-4)","background-image":"","background-repeat":"repeat","background-position":"center center","background-size":"auto","background-attachment":"scroll","background-type":"","background-media":"","overlay-type":"","overlay-color":"","overlay-opacity":"","overlay-gradient":""}}},"product_brand":[],"product_cat":[15],"product_tag":[],"class_list":{"0":"post-21339","1":"product","2":"type-product","3":"status-publish","4":"has-post-thumbnail","6":"product_cat-uncategorized","7":"desktop-align-left","8":"tablet-align-left","9":"mobile-align-left","11":"first","12":"outofstock","13":"shipping-taxable","14":"purchasable","15":"product-type-simple"},"acf":[],"yoast_head":"<!-- This site is optimized with the Yoast SEO plugin v27.0 - https:\/\/yoast.com\/product\/yoast-seo-wordpress\/ -->\n<title>Suman\u016bs kort\u0173 triukai bevilti\u0161kai nevikriems<\/title>\n<meta name=\"description\" content=\"\u0160iuos nuostabius triukus su kortomis galite atlikti be jokio rank\u0173 miklumo, koordinacijos ar fizini\u0173 sugeb\u0117jim\u0173! I\u0161 ties\u0173 visai nereikia ypating\u0173\" \/>\n<meta name=\"robots\" content=\"index, follow, max-snippet:-1, max-image-preview:large, max-video-preview:-1\" \/>\n<link rel=\"canonical\" href=\"https:\/\/skaitytaknyga.lt\/en\/produktas\/sumanus-kortu-triukai-beviltiskai-nevikriems\/\" \/>\n<meta property=\"og:locale\" content=\"en_GB\" \/>\n<meta property=\"og:locale:alternate\" content=\"lt_LT\" \/>\n<meta property=\"og:type\" content=\"article\" \/>\n<meta property=\"og:title\" content=\"Suman\u016bs kort\u0173 triukai bevilti\u0161kai nevikriems\" \/>\n<meta property=\"og:description\" content=\"\u0160iuos nuostabius triukus su kortomis galite atlikti be jokio rank\u0173 miklumo, koordinacijos ar fizini\u0173 sugeb\u0117jim\u0173! I\u0161 ties\u0173 visai nereikia ypating\u0173\" \/>\n<meta property=\"og:url\" content=\"https:\/\/skaitytaknyga.lt\/en\/produktas\/sumanus-kortu-triukai-beviltiskai-nevikriems\/\" \/>\n<meta property=\"og:site_name\" content=\"Skaitytaknyga\" \/>\n<meta property=\"article:publisher\" content=\"https:\/\/www.facebook.com\/skaitytaknyga\/\" \/>\n<meta property=\"article:modified_time\" content=\"2025-10-31T06:01:18+00:00\" \/>\n<meta property=\"og:image\" content=\"https:\/\/skaitytaknyga.lt\/wp-content\/uploads\/2025\/10\/Sumanus-kortu-triukai-beviltiskai-nevikriems-1.webp\" \/>\n\t<meta property=\"og:image:width\" content=\"300\" \/>\n\t<meta property=\"og:image:height\" content=\"453\" \/>\n\t<meta property=\"og:image:type\" content=\"image\/webp\" \/>\n<meta name=\"twitter:card\" content=\"summary_large_image\" \/>\n<script type=\"application\/ld+json\" class=\"yoast-schema-graph\">{\"@context\":\"https:\/\/schema.org\",\"@graph\":[{\"@type\":\"WebPage\",\"@id\":\"https:\/\/skaitytaknyga.lt\/produktas\/sumanus-kortu-triukai-beviltiskai-nevikriems\/\",\"url\":\"https:\/\/skaitytaknyga.lt\/produktas\/sumanus-kortu-triukai-beviltiskai-nevikriems\/\",\"name\":\"Suman\u016bs kort\u0173 triukai bevilti\u0161kai nevikriems\",\"isPartOf\":{\"@id\":\"https:\/\/skaitytaknyga.lt\/#website\"},\"primaryImageOfPage\":{\"@id\":\"https:\/\/skaitytaknyga.lt\/produktas\/sumanus-kortu-triukai-beviltiskai-nevikriems\/#primaryimage\"},\"image\":{\"@id\":\"https:\/\/skaitytaknyga.lt\/produktas\/sumanus-kortu-triukai-beviltiskai-nevikriems\/#primaryimage\"},\"thumbnailUrl\":\"https:\/\/skaitytaknyga.lt\/wp-content\/uploads\/2025\/10\/Sumanus-kortu-triukai-beviltiskai-nevikriems-1.webp\",\"datePublished\":\"2025-10-06T11:36:23+00:00\",\"dateModified\":\"2025-10-31T06:01:18+00:00\",\"description\":\"\u0160iuos nuostabius triukus su kortomis galite atlikti be jokio rank\u0173 miklumo, koordinacijos ar fizini\u0173 sugeb\u0117jim\u0173! I\u0161 ties\u0173 visai nereikia ypating\u0173\",\"breadcrumb\":{\"@id\":\"https:\/\/skaitytaknyga.lt\/produktas\/sumanus-kortu-triukai-beviltiskai-nevikriems\/#breadcrumb\"},\"inLanguage\":\"en-GB\",\"potentialAction\":[{\"@type\":\"ReadAction\",\"target\":[\"https:\/\/skaitytaknyga.lt\/produktas\/sumanus-kortu-triukai-beviltiskai-nevikriems\/\"]}]},{\"@type\":\"ImageObject\",\"inLanguage\":\"en-GB\",\"@id\":\"https:\/\/skaitytaknyga.lt\/produktas\/sumanus-kortu-triukai-beviltiskai-nevikriems\/#primaryimage\",\"url\":\"https:\/\/skaitytaknyga.lt\/wp-content\/uploads\/2025\/10\/Sumanus-kortu-triukai-beviltiskai-nevikriems-1.webp\",\"contentUrl\":\"https:\/\/skaitytaknyga.lt\/wp-content\/uploads\/2025\/10\/Sumanus-kortu-triukai-beviltiskai-nevikriems-1.webp\",\"width\":300,\"height\":453},{\"@type\":\"BreadcrumbList\",\"@id\":\"https:\/\/skaitytaknyga.lt\/produktas\/sumanus-kortu-triukai-beviltiskai-nevikriems\/#breadcrumb\",\"itemListElement\":[{\"@type\":\"ListItem\",\"position\":1,\"name\":\"Home\",\"item\":\"https:\/\/skaitytaknyga.lt\/\"},{\"@type\":\"ListItem\",\"position\":2,\"name\":\"Parduotuv\u0117\",\"item\":\"https:\/\/skaitytaknyga.lt\/knygu-parduotuve\/\"},{\"@type\":\"ListItem\",\"position\":3,\"name\":\"Suman\u016bs kort\u0173 triukai bevilti\u0161kai nevikriems\"}]},{\"@type\":\"WebSite\",\"@id\":\"https:\/\/skaitytaknyga.lt\/#website\",\"url\":\"https:\/\/skaitytaknyga.lt\/\",\"name\":\"skaitytaknyga.lt\",\"description\":\"Skaitytaknyga.lt \u2013 tai ma\u017eas \u0161eimos verslas, kuris prasid\u0117jo nuo meil\u0117s knygoms ir siekio i\u0161gelb\u0117ti knygas nuo likimo prie konteinerio. Kas vienam nereikalingas daiktas \u2013 kitam lobis, o mes esame tarpininkai, kurie padeda abiems tapti laimingesniems ???? \u017dinome kaip nelengva i\u0161gyventi ma\u017eiems verslams, tad nuo \u0161iol, \u010dia rasite ir kit\u0173, ma\u017e\u0173 \u0161eim\u0173 versl\u0173, rank\u0173 darbo, dovan\u0173 sau ir artimiesiems.\",\"publisher\":{\"@id\":\"https:\/\/skaitytaknyga.lt\/#organization\"},\"potentialAction\":[{\"@type\":\"SearchAction\",\"target\":{\"@type\":\"EntryPoint\",\"urlTemplate\":\"https:\/\/skaitytaknyga.lt\/?s={search_term_string}\"},\"query-input\":{\"@type\":\"PropertyValueSpecification\",\"valueRequired\":true,\"valueName\":\"search_term_string\"}}],\"inLanguage\":\"en-GB\"},{\"@type\":\"Organization\",\"@id\":\"https:\/\/skaitytaknyga.lt\/#organization\",\"name\":\"skaitytaknyga.lt\",\"url\":\"https:\/\/skaitytaknyga.lt\/\",\"logo\":{\"@type\":\"ImageObject\",\"inLanguage\":\"en-GB\",\"@id\":\"https:\/\/skaitytaknyga.lt\/#\/schema\/logo\/image\/\",\"url\":\"https:\/\/skaitytaknyga.lt\/wp-content\/uploads\/2024\/05\/cropped-cropped-cropped-02_00843_jt3bggkj1j3HLc7SyY6rEUpg.jpeg\",\"contentUrl\":\"https:\/\/skaitytaknyga.lt\/wp-content\/uploads\/2024\/05\/cropped-cropped-cropped-02_00843_jt3bggkj1j3HLc7SyY6rEUpg.jpeg\",\"width\":1600,\"height\":1600,\"caption\":\"skaitytaknyga.lt\"},\"image\":{\"@id\":\"https:\/\/skaitytaknyga.lt\/#\/schema\/logo\/image\/\"},\"sameAs\":[\"https:\/\/www.facebook.com\/skaitytaknyga\/\"]}]}<\/script>\n<!-- \/ Yoast SEO plugin. -->","yoast_head_json":{"title":"Suman\u016bs kort\u0173 triukai bevilti\u0161kai nevikriems","description":"\u0160iuos nuostabius triukus su kortomis galite atlikti be jokio rank\u0173 miklumo, koordinacijos ar fizini\u0173 sugeb\u0117jim\u0173! I\u0161 ties\u0173 visai nereikia ypating\u0173","robots":{"index":"index","follow":"follow","max-snippet":"max-snippet:-1","max-image-preview":"max-image-preview:large","max-video-preview":"max-video-preview:-1"},"canonical":"https:\/\/skaitytaknyga.lt\/en\/produktas\/sumanus-kortu-triukai-beviltiskai-nevikriems\/","og_locale":"en_GB","og_type":"article","og_title":"[:lt]Suman\u016bs kort\u0173 triukai bevilti\u0161kai nevikriems[:] - Skaitytaknyga","og_description":"\u0160iuos nuostabius triukus su kortomis galite atlikti be jokio rank\u0173 miklumo, koordinacijos ar fizini\u0173 sugeb\u0117jim\u0173! I\u0161 ties\u0173 visai nereikia ypating\u0173","og_url":"https:\/\/skaitytaknyga.lt\/en\/produktas\/sumanus-kortu-triukai-beviltiskai-nevikriems\/","og_site_name":"Skaitytaknyga","article_publisher":"https:\/\/www.facebook.com\/skaitytaknyga\/","article_modified_time":"2025-10-31T06:01:18+00:00","og_image":[{"width":300,"height":453,"url":"https:\/\/skaitytaknyga.lt\/wp-content\/uploads\/2025\/10\/Sumanus-kortu-triukai-beviltiskai-nevikriems-1.webp","type":"image\/webp"}],"twitter_card":"summary_large_image","schema":{"@context":"https:\/\/schema.org","@graph":[{"@type":"WebPage","@id":"https:\/\/skaitytaknyga.lt\/produktas\/sumanus-kortu-triukai-beviltiskai-nevikriems\/","url":"https:\/\/skaitytaknyga.lt\/produktas\/sumanus-kortu-triukai-beviltiskai-nevikriems\/","name":"Suman\u016bs kort\u0173 triukai bevilti\u0161kai nevikriems","isPartOf":{"@id":"https:\/\/skaitytaknyga.lt\/#website"},"primaryImageOfPage":{"@id":"https:\/\/skaitytaknyga.lt\/produktas\/sumanus-kortu-triukai-beviltiskai-nevikriems\/#primaryimage"},"image":{"@id":"https:\/\/skaitytaknyga.lt\/produktas\/sumanus-kortu-triukai-beviltiskai-nevikriems\/#primaryimage"},"thumbnailUrl":"https:\/\/skaitytaknyga.lt\/wp-content\/uploads\/2025\/10\/Sumanus-kortu-triukai-beviltiskai-nevikriems-1.webp","datePublished":"2025-10-06T11:36:23+00:00","dateModified":"2025-10-31T06:01:18+00:00","description":"\u0160iuos nuostabius triukus su kortomis galite atlikti be jokio rank\u0173 miklumo, koordinacijos ar fizini\u0173 sugeb\u0117jim\u0173! I\u0161 ties\u0173 visai nereikia ypating\u0173","breadcrumb":{"@id":"https:\/\/skaitytaknyga.lt\/produktas\/sumanus-kortu-triukai-beviltiskai-nevikriems\/#breadcrumb"},"inLanguage":"en-GB","potentialAction":[{"@type":"ReadAction","target":["https:\/\/skaitytaknyga.lt\/produktas\/sumanus-kortu-triukai-beviltiskai-nevikriems\/"]}]},{"@type":"ImageObject","inLanguage":"en-GB","@id":"https:\/\/skaitytaknyga.lt\/produktas\/sumanus-kortu-triukai-beviltiskai-nevikriems\/#primaryimage","url":"https:\/\/skaitytaknyga.lt\/wp-content\/uploads\/2025\/10\/Sumanus-kortu-triukai-beviltiskai-nevikriems-1.webp","contentUrl":"https:\/\/skaitytaknyga.lt\/wp-content\/uploads\/2025\/10\/Sumanus-kortu-triukai-beviltiskai-nevikriems-1.webp","width":300,"height":453},{"@type":"BreadcrumbList","@id":"https:\/\/skaitytaknyga.lt\/produktas\/sumanus-kortu-triukai-beviltiskai-nevikriems\/#breadcrumb","itemListElement":[{"@type":"ListItem","position":1,"name":"Home","item":"https:\/\/skaitytaknyga.lt\/"},{"@type":"ListItem","position":2,"name":"Parduotuv\u0117","item":"https:\/\/skaitytaknyga.lt\/knygu-parduotuve\/"},{"@type":"ListItem","position":3,"name":"Suman\u016bs kort\u0173 triukai bevilti\u0161kai nevikriems"}]},{"@type":"WebSite","@id":"https:\/\/skaitytaknyga.lt\/#website","url":"https:\/\/skaitytaknyga.lt\/","name":"skaitytaknyga.lt","description":"Skaitytaknyga.lt \u2013 tai ma\u017eas \u0161eimos verslas, kuris prasid\u0117jo nuo meil\u0117s knygoms ir siekio i\u0161gelb\u0117ti knygas nuo likimo prie konteinerio. Kas vienam nereikalingas daiktas \u2013 kitam lobis, o mes esame tarpininkai, kurie padeda abiems tapti laimingesniems ???? \u017dinome kaip nelengva i\u0161gyventi ma\u017eiems verslams, tad nuo \u0161iol, \u010dia rasite ir kit\u0173, ma\u017e\u0173 \u0161eim\u0173 versl\u0173, rank\u0173 darbo, dovan\u0173 sau ir artimiesiems.","publisher":{"@id":"https:\/\/skaitytaknyga.lt\/#organization"},"potentialAction":[{"@type":"SearchAction","target":{"@type":"EntryPoint","urlTemplate":"https:\/\/skaitytaknyga.lt\/?s={search_term_string}"},"query-input":{"@type":"PropertyValueSpecification","valueRequired":true,"valueName":"search_term_string"}}],"inLanguage":"en-GB"},{"@type":"Organization","@id":"https:\/\/skaitytaknyga.lt\/#organization","name":"skaitytaknyga.lt","url":"https:\/\/skaitytaknyga.lt\/","logo":{"@type":"ImageObject","inLanguage":"en-GB","@id":"https:\/\/skaitytaknyga.lt\/#\/schema\/logo\/image\/","url":"https:\/\/skaitytaknyga.lt\/wp-content\/uploads\/2024\/05\/cropped-cropped-cropped-02_00843_jt3bggkj1j3HLc7SyY6rEUpg.jpeg","contentUrl":"https:\/\/skaitytaknyga.lt\/wp-content\/uploads\/2024\/05\/cropped-cropped-cropped-02_00843_jt3bggkj1j3HLc7SyY6rEUpg.jpeg","width":1600,"height":1600,"caption":"skaitytaknyga.lt"},"image":{"@id":"https:\/\/skaitytaknyga.lt\/#\/schema\/logo\/image\/"},"sameAs":["https:\/\/www.facebook.com\/skaitytaknyga\/"]}]}},"_links":{"self":[{"href":"https:\/\/skaitytaknyga.lt\/en\/wp-json\/wp\/v2\/product\/21339","targetHints":{"allow":["GET"]}}],"collection":[{"href":"https:\/\/skaitytaknyga.lt\/en\/wp-json\/wp\/v2\/product"}],"about":[{"href":"https:\/\/skaitytaknyga.lt\/en\/wp-json\/wp\/v2\/types\/product"}],"replies":[{"embeddable":true,"href":"https:\/\/skaitytaknyga.lt\/en\/wp-json\/wp\/v2\/comments?post=21339"}],"wp:featuredmedia":[{"embeddable":true,"href":"https:\/\/skaitytaknyga.lt\/en\/wp-json\/wp\/v2\/media\/21358"}],"wp:attachment":[{"href":"https:\/\/skaitytaknyga.lt\/en\/wp-json\/wp\/v2\/media?parent=21339"}],"wp:term":[{"taxonomy":"product_brand","embeddable":true,"href":"https:\/\/skaitytaknyga.lt\/en\/wp-json\/wp\/v2\/product_brand?post=21339"},{"taxonomy":"product_cat","embeddable":true,"href":"https:\/\/skaitytaknyga.lt\/en\/wp-json\/wp\/v2\/product_cat?post=21339"},{"taxonomy":"product_tag","embeddable":true,"href":"https:\/\/skaitytaknyga.lt\/en\/wp-json\/wp\/v2\/product_tag?post=21339"}],"curies":[{"name":"wp","href":"https:\/\/api.w.org\/{rel}","templated":true}]}}