{"id":21337,"date":"2025-10-06T14:36:22","date_gmt":"2025-10-06T11:36:22","guid":{"rendered":"https:\/\/skaitytaknyga.lt\/?post_type=product&#038;p=21337"},"modified":"2025-10-07T10:23:20","modified_gmt":"2025-10-07T07:23:20","slug":"herbe-su-didele-skrybele","status":"publish","type":"product","link":"https:\/\/skaitytaknyga.lt\/en\/produktas\/herbe-su-didele-skrybele\/","title":{"rendered":"Herb\u0117 su didele skryb\u0117le"},"content":{"rendered":"<p>Ma\u017euosius skaitytojus nud\u017eiugins dar viena nuotaikinga j\u0173 mylimo ra\u0161ytojo Otfrydo Proislerio knygel\u0117.<br \/>\nVien\u0105 gra\u017ei\u0105 rudens dien\u0105 nyk\u0161tukas Herb\u0117 nusprend\u0117 pasivaik\u0161\u010dioti po Septynmyl\u0119 giri\u0105. Kadangi visi nyk\u0161tukai tri\u016bs\u0117, jis i\u0161keliavo vienas. Pasirod\u0117, jog pasaulis pilnas netik\u0117\u010diausi\u0173 dalyk\u0173 ir kas \u017eingsnis vis kas nors nutinka.<br \/>\nTa\u010diau paai\u0161k\u0117jo, jog baim\u0117s akys didel\u0117s \u2013 gretimose Vorlico giriose nesama jokio bais\u016bno Plampa\u010do, u\u017etat visur randi ger\u0173 draug\u0173<\/p>\n","protected":false},"excerpt":{"rendered":"<p>Ma\u017euosius skaitytojus nud\u017eiugins dar viena nuotaikinga j\u0173 mylimo ra\u0161ytojo Otfrydo Proislerio knygel\u0117. Vien\u0105 gra\u017ei\u0105 rudens dien\u0105 nyk\u0161tukas Herb\u0117 nusprend\u0117 pasivaik\u0161\u010dioti po Septynmyl\u0119 giri\u0105. Kadangi visi nyk\u0161tukai tri\u016bs\u0117, jis i\u0161keliavo vienas. Pasirod\u0117, jog pasaulis pilnas netik\u0117\u010diausi\u0173 dalyk\u0173 ir kas \u017eingsnis vis kas nors nutinka. Ta\u010diau paai\u0161k\u0117jo, jog baim\u0117s akys didel\u0117s \u2013 gretimose Vorlico giriose nesama jokio bais\u016bno Plampa\u010do, u\u017etat visur randi ger\u0173 draug\u0173<\/p>\n","protected":false},"featured_media":21356,"comment_status":"open","ping_status":"closed","template":"","meta":{"_acf_changed":false,"site-sidebar-layout":"default","site-content-layout":"","ast-site-content-layout":"default","site-content-style":"default","site-sidebar-style":"default","ast-global-header-display":"","ast-banner-title-visibility":"","ast-main-header-display":"","ast-hfb-above-header-display":"","ast-hfb-below-header-display":"","ast-hfb-mobile-header-display":"","site-post-title":"","ast-breadcrumbs-content":"","ast-featured-img":"","footer-sml-layout":"","ast-disable-related-posts":"","theme-transparent-header-meta":"","adv-header-id-meta":"","stick-header-meta":"","header-above-stick-meta":"","header-main-stick-meta":"","header-below-stick-meta":"","astra-migrate-meta-layouts":"default","ast-page-background-enabled":"default","ast-page-background-meta":{"desktop":{"background-color":"","background-image":"","background-repeat":"repeat","background-position":"center center","background-size":"auto","background-attachment":"scroll","background-type":"","background-media":"","overlay-type":"","overlay-color":"","overlay-opacity":"","overlay-gradient":""},"tablet":{"background-color":"","background-image":"","background-repeat":"repeat","background-position":"center center","background-size":"auto","background-attachment":"scroll","background-type":"","background-media":"","overlay-type":"","overlay-color":"","overlay-opacity":"","overlay-gradient":""},"mobile":{"background-color":"","background-image":"","background-repeat":"repeat","background-position":"center center","background-size":"auto","background-attachment":"scroll","background-type":"","background-media":"","overlay-type":"","overlay-color":"","overlay-opacity":"","overlay-gradient":""}},"ast-content-background-meta":{"desktop":{"background-color":"var(--ast-global-color-4)","background-image":"","background-repeat":"repeat","background-position":"center center","background-size":"auto","background-attachment":"scroll","background-type":"","background-media":"","overlay-type":"","overlay-color":"","overlay-opacity":"","overlay-gradient":""},"tablet":{"background-color":"var(--ast-global-color-4)","background-image":"","background-repeat":"repeat","background-position":"center center","background-size":"auto","background-attachment":"scroll","background-type":"","background-media":"","overlay-type":"","overlay-color":"","overlay-opacity":"","overlay-gradient":""},"mobile":{"background-color":"var(--ast-global-color-4)","background-image":"","background-repeat":"repeat","background-position":"center center","background-size":"auto","background-attachment":"scroll","background-type":"","background-media":"","overlay-type":"","overlay-color":"","overlay-opacity":"","overlay-gradient":""}}},"product_brand":[],"product_cat":[35],"product_tag":[],"class_list":{"0":"post-21337","1":"product","2":"type-product","3":"status-publish","4":"has-post-thumbnail","6":"product_cat-vaikams-ir-paaugliams","7":"desktop-align-left","8":"tablet-align-left","9":"mobile-align-left","11":"first","12":"instock","13":"shipping-taxable","14":"purchasable","15":"product-type-simple"},"acf":[],"yoast_head":"<!-- This site is optimized with the Yoast SEO plugin v27.0 - https:\/\/yoast.com\/product\/yoast-seo-wordpress\/ -->\n<title>Herb\u0117 su didele skryb\u0117le<\/title>\n<meta name=\"description\" content=\"Ma\u017euosius skaitytojus nud\u017eiugins dar viena nuotaikinga j\u0173 mylimo ra\u0161ytojo Otfrydo Proislerio knygel\u0117. Vien\u0105 gra\u017ei\u0105 rudens dien\u0105 nyk\u0161tukas Herb\u0117 nusprend\u0117\" \/>\n<meta name=\"robots\" content=\"index, follow, max-snippet:-1, max-image-preview:large, max-video-preview:-1\" \/>\n<link rel=\"canonical\" href=\"https:\/\/skaitytaknyga.lt\/en\/produktas\/herbe-su-didele-skrybele\/\" \/>\n<meta property=\"og:locale\" content=\"en_GB\" \/>\n<meta property=\"og:locale:alternate\" content=\"lt_LT\" \/>\n<meta property=\"og:type\" content=\"article\" \/>\n<meta property=\"og:title\" content=\"Herb\u0117 su didele skryb\u0117le\" \/>\n<meta property=\"og:description\" content=\"Ma\u017euosius skaitytojus nud\u017eiugins dar viena nuotaikinga j\u0173 mylimo ra\u0161ytojo Otfrydo Proislerio knygel\u0117. Vien\u0105 gra\u017ei\u0105 rudens dien\u0105 nyk\u0161tukas Herb\u0117 nusprend\u0117\" \/>\n<meta property=\"og:url\" content=\"https:\/\/skaitytaknyga.lt\/en\/produktas\/herbe-su-didele-skrybele\/\" \/>\n<meta property=\"og:site_name\" content=\"Skaitytaknyga\" \/>\n<meta property=\"article:publisher\" content=\"https:\/\/www.facebook.com\/skaitytaknyga\/\" \/>\n<meta property=\"article:modified_time\" content=\"2025-10-07T07:23:20+00:00\" \/>\n<meta property=\"og:image\" content=\"https:\/\/skaitytaknyga.lt\/wp-content\/uploads\/2025\/10\/Herbe-su-didele-skrybele-2.webp\" \/>\n\t<meta property=\"og:image:width\" content=\"300\" \/>\n\t<meta property=\"og:image:height\" content=\"439\" \/>\n\t<meta property=\"og:image:type\" content=\"image\/webp\" \/>\n<meta name=\"twitter:card\" content=\"summary_large_image\" \/>\n<script type=\"application\/ld+json\" class=\"yoast-schema-graph\">{\"@context\":\"https:\/\/schema.org\",\"@graph\":[{\"@type\":\"WebPage\",\"@id\":\"https:\/\/skaitytaknyga.lt\/produktas\/herbe-su-didele-skrybele\/\",\"url\":\"https:\/\/skaitytaknyga.lt\/produktas\/herbe-su-didele-skrybele\/\",\"name\":\"Herb\u0117 su didele skryb\u0117le\",\"isPartOf\":{\"@id\":\"https:\/\/skaitytaknyga.lt\/#website\"},\"primaryImageOfPage\":{\"@id\":\"https:\/\/skaitytaknyga.lt\/produktas\/herbe-su-didele-skrybele\/#primaryimage\"},\"image\":{\"@id\":\"https:\/\/skaitytaknyga.lt\/produktas\/herbe-su-didele-skrybele\/#primaryimage\"},\"thumbnailUrl\":\"https:\/\/skaitytaknyga.lt\/wp-content\/uploads\/2025\/10\/Herbe-su-didele-skrybele-2.webp\",\"datePublished\":\"2025-10-06T11:36:22+00:00\",\"dateModified\":\"2025-10-07T07:23:20+00:00\",\"description\":\"Ma\u017euosius skaitytojus nud\u017eiugins dar viena nuotaikinga j\u0173 mylimo ra\u0161ytojo Otfrydo Proislerio knygel\u0117. Vien\u0105 gra\u017ei\u0105 rudens dien\u0105 nyk\u0161tukas Herb\u0117 nusprend\u0117\",\"breadcrumb\":{\"@id\":\"https:\/\/skaitytaknyga.lt\/produktas\/herbe-su-didele-skrybele\/#breadcrumb\"},\"inLanguage\":\"en-GB\",\"potentialAction\":[{\"@type\":\"ReadAction\",\"target\":[\"https:\/\/skaitytaknyga.lt\/produktas\/herbe-su-didele-skrybele\/\"]}]},{\"@type\":\"ImageObject\",\"inLanguage\":\"en-GB\",\"@id\":\"https:\/\/skaitytaknyga.lt\/produktas\/herbe-su-didele-skrybele\/#primaryimage\",\"url\":\"https:\/\/skaitytaknyga.lt\/wp-content\/uploads\/2025\/10\/Herbe-su-didele-skrybele-2.webp\",\"contentUrl\":\"https:\/\/skaitytaknyga.lt\/wp-content\/uploads\/2025\/10\/Herbe-su-didele-skrybele-2.webp\",\"width\":300,\"height\":439,\"caption\":\"Herb\u0117 su didele skryb\u0117le\"},{\"@type\":\"BreadcrumbList\",\"@id\":\"https:\/\/skaitytaknyga.lt\/produktas\/herbe-su-didele-skrybele\/#breadcrumb\",\"itemListElement\":[{\"@type\":\"ListItem\",\"position\":1,\"name\":\"Home\",\"item\":\"https:\/\/skaitytaknyga.lt\/\"},{\"@type\":\"ListItem\",\"position\":2,\"name\":\"Parduotuv\u0117\",\"item\":\"https:\/\/skaitytaknyga.lt\/knygu-parduotuve\/\"},{\"@type\":\"ListItem\",\"position\":3,\"name\":\"Herb\u0117 su didele skryb\u0117le\"}]},{\"@type\":\"WebSite\",\"@id\":\"https:\/\/skaitytaknyga.lt\/#website\",\"url\":\"https:\/\/skaitytaknyga.lt\/\",\"name\":\"skaitytaknyga.lt\",\"description\":\"Skaitytaknyga.lt \u2013 tai ma\u017eas \u0161eimos verslas, kuris prasid\u0117jo nuo meil\u0117s knygoms ir siekio i\u0161gelb\u0117ti knygas nuo likimo prie konteinerio. Kas vienam nereikalingas daiktas \u2013 kitam lobis, o mes esame tarpininkai, kurie padeda abiems tapti laimingesniems ???? \u017dinome kaip nelengva i\u0161gyventi ma\u017eiems verslams, tad nuo \u0161iol, \u010dia rasite ir kit\u0173, ma\u017e\u0173 \u0161eim\u0173 versl\u0173, rank\u0173 darbo, dovan\u0173 sau ir artimiesiems.\",\"publisher\":{\"@id\":\"https:\/\/skaitytaknyga.lt\/#organization\"},\"potentialAction\":[{\"@type\":\"SearchAction\",\"target\":{\"@type\":\"EntryPoint\",\"urlTemplate\":\"https:\/\/skaitytaknyga.lt\/?s={search_term_string}\"},\"query-input\":{\"@type\":\"PropertyValueSpecification\",\"valueRequired\":true,\"valueName\":\"search_term_string\"}}],\"inLanguage\":\"en-GB\"},{\"@type\":\"Organization\",\"@id\":\"https:\/\/skaitytaknyga.lt\/#organization\",\"name\":\"skaitytaknyga.lt\",\"url\":\"https:\/\/skaitytaknyga.lt\/\",\"logo\":{\"@type\":\"ImageObject\",\"inLanguage\":\"en-GB\",\"@id\":\"https:\/\/skaitytaknyga.lt\/#\/schema\/logo\/image\/\",\"url\":\"https:\/\/skaitytaknyga.lt\/wp-content\/uploads\/2024\/05\/cropped-cropped-cropped-02_00843_jt3bggkj1j3HLc7SyY6rEUpg.jpeg\",\"contentUrl\":\"https:\/\/skaitytaknyga.lt\/wp-content\/uploads\/2024\/05\/cropped-cropped-cropped-02_00843_jt3bggkj1j3HLc7SyY6rEUpg.jpeg\",\"width\":1600,\"height\":1600,\"caption\":\"skaitytaknyga.lt\"},\"image\":{\"@id\":\"https:\/\/skaitytaknyga.lt\/#\/schema\/logo\/image\/\"},\"sameAs\":[\"https:\/\/www.facebook.com\/skaitytaknyga\/\"]}]}<\/script>\n<!-- \/ Yoast SEO plugin. -->","yoast_head_json":{"title":"Herb\u0117 su didele skryb\u0117le","description":"Ma\u017euosius skaitytojus nud\u017eiugins dar viena nuotaikinga j\u0173 mylimo ra\u0161ytojo Otfrydo Proislerio knygel\u0117. Vien\u0105 gra\u017ei\u0105 rudens dien\u0105 nyk\u0161tukas Herb\u0117 nusprend\u0117","robots":{"index":"index","follow":"follow","max-snippet":"max-snippet:-1","max-image-preview":"max-image-preview:large","max-video-preview":"max-video-preview:-1"},"canonical":"https:\/\/skaitytaknyga.lt\/en\/produktas\/herbe-su-didele-skrybele\/","og_locale":"en_GB","og_type":"article","og_title":"[:lt]Herb\u0117 su didele skryb\u0117le[:] - Skaitytaknyga","og_description":"Ma\u017euosius skaitytojus nud\u017eiugins dar viena nuotaikinga j\u0173 mylimo ra\u0161ytojo Otfrydo Proislerio knygel\u0117. Vien\u0105 gra\u017ei\u0105 rudens dien\u0105 nyk\u0161tukas Herb\u0117 nusprend\u0117","og_url":"https:\/\/skaitytaknyga.lt\/en\/produktas\/herbe-su-didele-skrybele\/","og_site_name":"Skaitytaknyga","article_publisher":"https:\/\/www.facebook.com\/skaitytaknyga\/","article_modified_time":"2025-10-07T07:23:20+00:00","og_image":[{"width":300,"height":439,"url":"https:\/\/skaitytaknyga.lt\/wp-content\/uploads\/2025\/10\/Herbe-su-didele-skrybele-2.webp","type":"image\/webp"}],"twitter_card":"summary_large_image","schema":{"@context":"https:\/\/schema.org","@graph":[{"@type":"WebPage","@id":"https:\/\/skaitytaknyga.lt\/produktas\/herbe-su-didele-skrybele\/","url":"https:\/\/skaitytaknyga.lt\/produktas\/herbe-su-didele-skrybele\/","name":"Herb\u0117 su didele skryb\u0117le","isPartOf":{"@id":"https:\/\/skaitytaknyga.lt\/#website"},"primaryImageOfPage":{"@id":"https:\/\/skaitytaknyga.lt\/produktas\/herbe-su-didele-skrybele\/#primaryimage"},"image":{"@id":"https:\/\/skaitytaknyga.lt\/produktas\/herbe-su-didele-skrybele\/#primaryimage"},"thumbnailUrl":"https:\/\/skaitytaknyga.lt\/wp-content\/uploads\/2025\/10\/Herbe-su-didele-skrybele-2.webp","datePublished":"2025-10-06T11:36:22+00:00","dateModified":"2025-10-07T07:23:20+00:00","description":"Ma\u017euosius skaitytojus nud\u017eiugins dar viena nuotaikinga j\u0173 mylimo ra\u0161ytojo Otfrydo Proislerio knygel\u0117. Vien\u0105 gra\u017ei\u0105 rudens dien\u0105 nyk\u0161tukas Herb\u0117 nusprend\u0117","breadcrumb":{"@id":"https:\/\/skaitytaknyga.lt\/produktas\/herbe-su-didele-skrybele\/#breadcrumb"},"inLanguage":"en-GB","potentialAction":[{"@type":"ReadAction","target":["https:\/\/skaitytaknyga.lt\/produktas\/herbe-su-didele-skrybele\/"]}]},{"@type":"ImageObject","inLanguage":"en-GB","@id":"https:\/\/skaitytaknyga.lt\/produktas\/herbe-su-didele-skrybele\/#primaryimage","url":"https:\/\/skaitytaknyga.lt\/wp-content\/uploads\/2025\/10\/Herbe-su-didele-skrybele-2.webp","contentUrl":"https:\/\/skaitytaknyga.lt\/wp-content\/uploads\/2025\/10\/Herbe-su-didele-skrybele-2.webp","width":300,"height":439,"caption":"Herb\u0117 su didele skryb\u0117le"},{"@type":"BreadcrumbList","@id":"https:\/\/skaitytaknyga.lt\/produktas\/herbe-su-didele-skrybele\/#breadcrumb","itemListElement":[{"@type":"ListItem","position":1,"name":"Home","item":"https:\/\/skaitytaknyga.lt\/"},{"@type":"ListItem","position":2,"name":"Parduotuv\u0117","item":"https:\/\/skaitytaknyga.lt\/knygu-parduotuve\/"},{"@type":"ListItem","position":3,"name":"Herb\u0117 su didele skryb\u0117le"}]},{"@type":"WebSite","@id":"https:\/\/skaitytaknyga.lt\/#website","url":"https:\/\/skaitytaknyga.lt\/","name":"skaitytaknyga.lt","description":"Skaitytaknyga.lt \u2013 tai ma\u017eas \u0161eimos verslas, kuris prasid\u0117jo nuo meil\u0117s knygoms ir siekio i\u0161gelb\u0117ti knygas nuo likimo prie konteinerio. Kas vienam nereikalingas daiktas \u2013 kitam lobis, o mes esame tarpininkai, kurie padeda abiems tapti laimingesniems ???? \u017dinome kaip nelengva i\u0161gyventi ma\u017eiems verslams, tad nuo \u0161iol, \u010dia rasite ir kit\u0173, ma\u017e\u0173 \u0161eim\u0173 versl\u0173, rank\u0173 darbo, dovan\u0173 sau ir artimiesiems.","publisher":{"@id":"https:\/\/skaitytaknyga.lt\/#organization"},"potentialAction":[{"@type":"SearchAction","target":{"@type":"EntryPoint","urlTemplate":"https:\/\/skaitytaknyga.lt\/?s={search_term_string}"},"query-input":{"@type":"PropertyValueSpecification","valueRequired":true,"valueName":"search_term_string"}}],"inLanguage":"en-GB"},{"@type":"Organization","@id":"https:\/\/skaitytaknyga.lt\/#organization","name":"skaitytaknyga.lt","url":"https:\/\/skaitytaknyga.lt\/","logo":{"@type":"ImageObject","inLanguage":"en-GB","@id":"https:\/\/skaitytaknyga.lt\/#\/schema\/logo\/image\/","url":"https:\/\/skaitytaknyga.lt\/wp-content\/uploads\/2024\/05\/cropped-cropped-cropped-02_00843_jt3bggkj1j3HLc7SyY6rEUpg.jpeg","contentUrl":"https:\/\/skaitytaknyga.lt\/wp-content\/uploads\/2024\/05\/cropped-cropped-cropped-02_00843_jt3bggkj1j3HLc7SyY6rEUpg.jpeg","width":1600,"height":1600,"caption":"skaitytaknyga.lt"},"image":{"@id":"https:\/\/skaitytaknyga.lt\/#\/schema\/logo\/image\/"},"sameAs":["https:\/\/www.facebook.com\/skaitytaknyga\/"]}]}},"_links":{"self":[{"href":"https:\/\/skaitytaknyga.lt\/en\/wp-json\/wp\/v2\/product\/21337","targetHints":{"allow":["GET"]}}],"collection":[{"href":"https:\/\/skaitytaknyga.lt\/en\/wp-json\/wp\/v2\/product"}],"about":[{"href":"https:\/\/skaitytaknyga.lt\/en\/wp-json\/wp\/v2\/types\/product"}],"replies":[{"embeddable":true,"href":"https:\/\/skaitytaknyga.lt\/en\/wp-json\/wp\/v2\/comments?post=21337"}],"wp:featuredmedia":[{"embeddable":true,"href":"https:\/\/skaitytaknyga.lt\/en\/wp-json\/wp\/v2\/media\/21356"}],"wp:attachment":[{"href":"https:\/\/skaitytaknyga.lt\/en\/wp-json\/wp\/v2\/media?parent=21337"}],"wp:term":[{"taxonomy":"product_brand","embeddable":true,"href":"https:\/\/skaitytaknyga.lt\/en\/wp-json\/wp\/v2\/product_brand?post=21337"},{"taxonomy":"product_cat","embeddable":true,"href":"https:\/\/skaitytaknyga.lt\/en\/wp-json\/wp\/v2\/product_cat?post=21337"},{"taxonomy":"product_tag","embeddable":true,"href":"https:\/\/skaitytaknyga.lt\/en\/wp-json\/wp\/v2\/product_tag?post=21337"}],"curies":[{"name":"wp","href":"https:\/\/api.w.org\/{rel}","templated":true}]}}