{"id":21336,"date":"2025-10-06T14:36:22","date_gmt":"2025-10-06T11:36:22","guid":{"rendered":"https:\/\/skaitytaknyga.lt\/?post_type=product&#038;p=21336"},"modified":"2025-10-07T10:23:20","modified_gmt":"2025-10-07T07:23:20","slug":"as-fellini","status":"publish","type":"product","link":"https:\/\/skaitytaknyga.lt\/en\/produktas\/as-fellini\/","title":{"rendered":"A\u0161, Fellini"},"content":{"rendered":"<p>Garsaus XX a. ital\u0173 kino re\u017eisieriaus Federico Fellini filmai \u201eKelias\u201c, \u201eKabirijos naktys\u201c, \u201eSaldus gyvenimas\u201c, \u201e8 \u00bd\u201c ir kiti yra peln\u0119 daugyb\u0119 tarptautini\u0173 apdovanojim\u0173, jais \u017eavimasi visame pasaulyje.<\/p>\n<p>\u0160ioje knygoje \u2013 Federico Fellini kelias nuo nedr\u0105saus svajotojo berniuko i\u0161 Riminio iki visi\u0161kai savo darbui atsidavusio legendinio re\u017eisieriaus, kurio asmenyb\u0117 ker\u0117jo net labiau u\u017e jo filmus. Visi\u0161kai atvirai jis apm\u0105sto esminius b\u016bties ir k\u016brybos klausimus ir savo asmenin\u012f gyvenim\u0105, 50 met\u0173 trukusi\u0105 santuok\u0105 su aktore Giulietta Masina, vaidinusia svarbiausi\u0105 vaidmen\u012f ir re\u017eisieriaus gyvenime, ir reik\u0161mingiausiuose jo filmuose, kuriuos juodu vadina savo vaikais. Su meile ir pagarba pasakoja apie savo bi\u010diulius ir kolegas re\u017eisierius Roberto Rossellini, Michelangelo Antonioni, Ingmar\u0105 Bergman\u0105, Billy Wilder\u012f, aktorius Marcello Mastroianni, Anit\u0105 Ekberg, Alberto Sordi, Ann\u0105 Magnani, Claudi\u0105 Cardinale ir daugel\u012f kit\u0173.<\/p>\n<p>Knygoje \u201eA\u0161, Fellini\u201c apibendrinama viskas, k\u0105 garsusis re\u017eisierius Charlottei Chandler \u2013 \u017eurnalistei ir puiki\u0173 knyg\u0173 apie \u012f\u017eymius \u017emones autorei \u2013 papasakojo per keturiolika j\u0173dviej\u0173 bendravimo met\u0173.<\/p>\n","protected":false},"excerpt":{"rendered":"<p>Garsaus XX a. ital\u0173 kino re\u017eisieriaus Federico Fellini filmai \u201eKelias\u201c, \u201eKabirijos naktys\u201c, \u201eSaldus gyvenimas\u201c, \u201e8 \u00bd\u201c ir kiti yra peln\u0119 daugyb\u0119 tarptautini\u0173 apdovanojim\u0173, jais \u017eavimasi visame pasaulyje. \u0160ioje knygoje \u2013 Federico Fellini kelias nuo nedr\u0105saus svajotojo berniuko i\u0161 Riminio iki visi\u0161kai savo darbui atsidavusio legendinio re\u017eisieriaus, kurio asmenyb\u0117 ker\u0117jo net labiau u\u017e jo filmus. Visi\u0161kai atvirai jis apm\u0105sto esminius b\u016bties ir k\u016brybos klausimus ir savo asmenin\u012f gyvenim\u0105, 50 met\u0173 trukusi\u0105 santuok\u0105 su aktore Giulietta Masina, vaidinusia svarbiausi\u0105 vaidmen\u012f ir re\u017eisieriaus gyvenime, ir reik\u0161mingiausiuose jo filmuose, kuriuos juodu vadina savo vaikais. Su meile ir pagarba pasakoja apie savo bi\u010diulius ir kolegas re\u017eisierius Roberto Rossellini, Michelangelo Antonioni, Ingmar\u0105 Bergman\u0105, Billy Wilder\u012f, aktorius Marcello Mastroianni, Anit\u0105 Ekberg, Alberto Sordi, Ann\u0105 Magnani, Claudi\u0105 Cardinale ir daugel\u012f kit\u0173. Knygoje \u201eA\u0161, Fellini\u201c apibendrinama viskas, k\u0105 garsusis re\u017eisierius Charlottei Chandler \u2013 \u017eurnalistei ir puiki\u0173 knyg\u0173 apie \u012f\u017eymius \u017emones autorei \u2013 papasakojo per keturiolika j\u0173dviej\u0173 bendravimo met\u0173.<\/p>\n","protected":false},"featured_media":21341,"comment_status":"open","ping_status":"closed","template":"","meta":{"_acf_changed":false,"site-sidebar-layout":"default","site-content-layout":"","ast-site-content-layout":"default","site-content-style":"default","site-sidebar-style":"default","ast-global-header-display":"","ast-banner-title-visibility":"","ast-main-header-display":"","ast-hfb-above-header-display":"","ast-hfb-below-header-display":"","ast-hfb-mobile-header-display":"","site-post-title":"","ast-breadcrumbs-content":"","ast-featured-img":"","footer-sml-layout":"","ast-disable-related-posts":"","theme-transparent-header-meta":"","adv-header-id-meta":"","stick-header-meta":"","header-above-stick-meta":"","header-main-stick-meta":"","header-below-stick-meta":"","astra-migrate-meta-layouts":"default","ast-page-background-enabled":"default","ast-page-background-meta":{"desktop":{"background-color":"","background-image":"","background-repeat":"repeat","background-position":"center center","background-size":"auto","background-attachment":"scroll","background-type":"","background-media":"","overlay-type":"","overlay-color":"","overlay-opacity":"","overlay-gradient":""},"tablet":{"background-color":"","background-image":"","background-repeat":"repeat","background-position":"center center","background-size":"auto","background-attachment":"scroll","background-type":"","background-media":"","overlay-type":"","overlay-color":"","overlay-opacity":"","overlay-gradient":""},"mobile":{"background-color":"","background-image":"","background-repeat":"repeat","background-position":"center center","background-size":"auto","background-attachment":"scroll","background-type":"","background-media":"","overlay-type":"","overlay-color":"","overlay-opacity":"","overlay-gradient":""}},"ast-content-background-meta":{"desktop":{"background-color":"var(--ast-global-color-4)","background-image":"","background-repeat":"repeat","background-position":"center center","background-size":"auto","background-attachment":"scroll","background-type":"","background-media":"","overlay-type":"","overlay-color":"","overlay-opacity":"","overlay-gradient":""},"tablet":{"background-color":"var(--ast-global-color-4)","background-image":"","background-repeat":"repeat","background-position":"center center","background-size":"auto","background-attachment":"scroll","background-type":"","background-media":"","overlay-type":"","overlay-color":"","overlay-opacity":"","overlay-gradient":""},"mobile":{"background-color":"var(--ast-global-color-4)","background-image":"","background-repeat":"repeat","background-position":"center center","background-size":"auto","background-attachment":"scroll","background-type":"","background-media":"","overlay-type":"","overlay-color":"","overlay-opacity":"","overlay-gradient":""}}},"product_brand":[],"product_cat":[15],"product_tag":[],"class_list":{"0":"post-21336","1":"product","2":"type-product","3":"status-publish","4":"has-post-thumbnail","6":"product_cat-uncategorized","7":"desktop-align-left","8":"tablet-align-left","9":"mobile-align-left","11":"first","12":"instock","13":"shipping-taxable","14":"purchasable","15":"product-type-simple"},"acf":[],"yoast_head":"<!-- This site is optimized with the Yoast SEO plugin v27.0 - https:\/\/yoast.com\/product\/yoast-seo-wordpress\/ -->\n<title>A\u0161, Fellini<\/title>\n<meta name=\"description\" content=\"Garsaus XX a. ital\u0173 kino re\u017eisieriaus Federico Fellini filmai \u201eKelias\u201c, \u201eKabirijos naktys\u201c, \u201eSaldus gyvenimas\u201c, \u201e8 \u00bd\u201c ir kiti yra peln\u0119 daugyb\u0119\" \/>\n<meta name=\"robots\" content=\"index, follow, max-snippet:-1, max-image-preview:large, max-video-preview:-1\" \/>\n<link rel=\"canonical\" href=\"https:\/\/skaitytaknyga.lt\/en\/produktas\/as-fellini\/\" \/>\n<meta property=\"og:locale\" content=\"en_GB\" \/>\n<meta property=\"og:locale:alternate\" content=\"lt_LT\" \/>\n<meta property=\"og:type\" content=\"article\" \/>\n<meta property=\"og:title\" content=\"A\u0161, Fellini\" \/>\n<meta property=\"og:description\" content=\"Garsaus XX a. ital\u0173 kino re\u017eisieriaus Federico Fellini filmai \u201eKelias\u201c, \u201eKabirijos naktys\u201c, \u201eSaldus gyvenimas\u201c, \u201e8 \u00bd\u201c ir kiti yra peln\u0119 daugyb\u0119\" \/>\n<meta property=\"og:url\" content=\"https:\/\/skaitytaknyga.lt\/en\/produktas\/as-fellini\/\" \/>\n<meta property=\"og:site_name\" content=\"Skaitytaknyga\" \/>\n<meta property=\"article:publisher\" content=\"https:\/\/www.facebook.com\/skaitytaknyga\/\" \/>\n<meta property=\"article:modified_time\" content=\"2025-10-07T07:23:20+00:00\" \/>\n<meta property=\"og:image\" content=\"https:\/\/skaitytaknyga.lt\/wp-content\/uploads\/2025\/10\/As-Fellini-1.webp\" \/>\n\t<meta property=\"og:image:width\" content=\"300\" \/>\n\t<meta property=\"og:image:height\" content=\"520\" \/>\n\t<meta property=\"og:image:type\" content=\"image\/webp\" \/>\n<meta name=\"twitter:card\" content=\"summary_large_image\" \/>\n<meta name=\"twitter:label1\" content=\"Estimated reading time\" \/>\n\t<meta name=\"twitter:data1\" content=\"1 minute\" \/>\n<script type=\"application\/ld+json\" class=\"yoast-schema-graph\">{\"@context\":\"https:\/\/schema.org\",\"@graph\":[{\"@type\":\"WebPage\",\"@id\":\"https:\/\/skaitytaknyga.lt\/produktas\/as-fellini\/\",\"url\":\"https:\/\/skaitytaknyga.lt\/produktas\/as-fellini\/\",\"name\":\"A\u0161, Fellini\",\"isPartOf\":{\"@id\":\"https:\/\/skaitytaknyga.lt\/#website\"},\"primaryImageOfPage\":{\"@id\":\"https:\/\/skaitytaknyga.lt\/produktas\/as-fellini\/#primaryimage\"},\"image\":{\"@id\":\"https:\/\/skaitytaknyga.lt\/produktas\/as-fellini\/#primaryimage\"},\"thumbnailUrl\":\"https:\/\/skaitytaknyga.lt\/wp-content\/uploads\/2025\/10\/As-Fellini-1.webp\",\"datePublished\":\"2025-10-06T11:36:22+00:00\",\"dateModified\":\"2025-10-07T07:23:20+00:00\",\"description\":\"Garsaus XX a. ital\u0173 kino re\u017eisieriaus Federico Fellini filmai \u201eKelias\u201c, \u201eKabirijos naktys\u201c, \u201eSaldus gyvenimas\u201c, \u201e8 \u00bd\u201c ir kiti yra peln\u0119 daugyb\u0119\",\"breadcrumb\":{\"@id\":\"https:\/\/skaitytaknyga.lt\/produktas\/as-fellini\/#breadcrumb\"},\"inLanguage\":\"en-GB\",\"potentialAction\":[{\"@type\":\"ReadAction\",\"target\":[\"https:\/\/skaitytaknyga.lt\/produktas\/as-fellini\/\"]}]},{\"@type\":\"ImageObject\",\"inLanguage\":\"en-GB\",\"@id\":\"https:\/\/skaitytaknyga.lt\/produktas\/as-fellini\/#primaryimage\",\"url\":\"https:\/\/skaitytaknyga.lt\/wp-content\/uploads\/2025\/10\/As-Fellini-1.webp\",\"contentUrl\":\"https:\/\/skaitytaknyga.lt\/wp-content\/uploads\/2025\/10\/As-Fellini-1.webp\",\"width\":300,\"height\":520,\"caption\":\"A\u0161, Fellini\"},{\"@type\":\"BreadcrumbList\",\"@id\":\"https:\/\/skaitytaknyga.lt\/produktas\/as-fellini\/#breadcrumb\",\"itemListElement\":[{\"@type\":\"ListItem\",\"position\":1,\"name\":\"Home\",\"item\":\"https:\/\/skaitytaknyga.lt\/\"},{\"@type\":\"ListItem\",\"position\":2,\"name\":\"Parduotuv\u0117\",\"item\":\"https:\/\/skaitytaknyga.lt\/knygu-parduotuve\/\"},{\"@type\":\"ListItem\",\"position\":3,\"name\":\"A\u0161, Fellini\"}]},{\"@type\":\"WebSite\",\"@id\":\"https:\/\/skaitytaknyga.lt\/#website\",\"url\":\"https:\/\/skaitytaknyga.lt\/\",\"name\":\"skaitytaknyga.lt\",\"description\":\"Skaitytaknyga.lt \u2013 tai ma\u017eas \u0161eimos verslas, kuris prasid\u0117jo nuo meil\u0117s knygoms ir siekio i\u0161gelb\u0117ti knygas nuo likimo prie konteinerio. Kas vienam nereikalingas daiktas \u2013 kitam lobis, o mes esame tarpininkai, kurie padeda abiems tapti laimingesniems ???? \u017dinome kaip nelengva i\u0161gyventi ma\u017eiems verslams, tad nuo \u0161iol, \u010dia rasite ir kit\u0173, ma\u017e\u0173 \u0161eim\u0173 versl\u0173, rank\u0173 darbo, dovan\u0173 sau ir artimiesiems.\",\"publisher\":{\"@id\":\"https:\/\/skaitytaknyga.lt\/#organization\"},\"potentialAction\":[{\"@type\":\"SearchAction\",\"target\":{\"@type\":\"EntryPoint\",\"urlTemplate\":\"https:\/\/skaitytaknyga.lt\/?s={search_term_string}\"},\"query-input\":{\"@type\":\"PropertyValueSpecification\",\"valueRequired\":true,\"valueName\":\"search_term_string\"}}],\"inLanguage\":\"en-GB\"},{\"@type\":\"Organization\",\"@id\":\"https:\/\/skaitytaknyga.lt\/#organization\",\"name\":\"skaitytaknyga.lt\",\"url\":\"https:\/\/skaitytaknyga.lt\/\",\"logo\":{\"@type\":\"ImageObject\",\"inLanguage\":\"en-GB\",\"@id\":\"https:\/\/skaitytaknyga.lt\/#\/schema\/logo\/image\/\",\"url\":\"https:\/\/skaitytaknyga.lt\/wp-content\/uploads\/2024\/05\/cropped-cropped-cropped-02_00843_jt3bggkj1j3HLc7SyY6rEUpg.jpeg\",\"contentUrl\":\"https:\/\/skaitytaknyga.lt\/wp-content\/uploads\/2024\/05\/cropped-cropped-cropped-02_00843_jt3bggkj1j3HLc7SyY6rEUpg.jpeg\",\"width\":1600,\"height\":1600,\"caption\":\"skaitytaknyga.lt\"},\"image\":{\"@id\":\"https:\/\/skaitytaknyga.lt\/#\/schema\/logo\/image\/\"},\"sameAs\":[\"https:\/\/www.facebook.com\/skaitytaknyga\/\"]}]}<\/script>\n<!-- \/ Yoast SEO plugin. -->","yoast_head_json":{"title":"A\u0161, Fellini","description":"Garsaus XX a. ital\u0173 kino re\u017eisieriaus Federico Fellini filmai \u201eKelias\u201c, \u201eKabirijos naktys\u201c, \u201eSaldus gyvenimas\u201c, \u201e8 \u00bd\u201c ir kiti yra peln\u0119 daugyb\u0119","robots":{"index":"index","follow":"follow","max-snippet":"max-snippet:-1","max-image-preview":"max-image-preview:large","max-video-preview":"max-video-preview:-1"},"canonical":"https:\/\/skaitytaknyga.lt\/en\/produktas\/as-fellini\/","og_locale":"en_GB","og_type":"article","og_title":"[:lt]A\u0161, Fellini[:] - Skaitytaknyga","og_description":"Garsaus XX a. ital\u0173 kino re\u017eisieriaus Federico Fellini filmai \u201eKelias\u201c, \u201eKabirijos naktys\u201c, \u201eSaldus gyvenimas\u201c, \u201e8 \u00bd\u201c ir kiti yra peln\u0119 daugyb\u0119","og_url":"https:\/\/skaitytaknyga.lt\/en\/produktas\/as-fellini\/","og_site_name":"Skaitytaknyga","article_publisher":"https:\/\/www.facebook.com\/skaitytaknyga\/","article_modified_time":"2025-10-07T07:23:20+00:00","og_image":[{"width":300,"height":520,"url":"https:\/\/skaitytaknyga.lt\/wp-content\/uploads\/2025\/10\/As-Fellini-1.webp","type":"image\/webp"}],"twitter_card":"summary_large_image","twitter_misc":{"Estimated reading time":"1 minute"},"schema":{"@context":"https:\/\/schema.org","@graph":[{"@type":"WebPage","@id":"https:\/\/skaitytaknyga.lt\/produktas\/as-fellini\/","url":"https:\/\/skaitytaknyga.lt\/produktas\/as-fellini\/","name":"A\u0161, Fellini","isPartOf":{"@id":"https:\/\/skaitytaknyga.lt\/#website"},"primaryImageOfPage":{"@id":"https:\/\/skaitytaknyga.lt\/produktas\/as-fellini\/#primaryimage"},"image":{"@id":"https:\/\/skaitytaknyga.lt\/produktas\/as-fellini\/#primaryimage"},"thumbnailUrl":"https:\/\/skaitytaknyga.lt\/wp-content\/uploads\/2025\/10\/As-Fellini-1.webp","datePublished":"2025-10-06T11:36:22+00:00","dateModified":"2025-10-07T07:23:20+00:00","description":"Garsaus XX a. ital\u0173 kino re\u017eisieriaus Federico Fellini filmai \u201eKelias\u201c, \u201eKabirijos naktys\u201c, \u201eSaldus gyvenimas\u201c, \u201e8 \u00bd\u201c ir kiti yra peln\u0119 daugyb\u0119","breadcrumb":{"@id":"https:\/\/skaitytaknyga.lt\/produktas\/as-fellini\/#breadcrumb"},"inLanguage":"en-GB","potentialAction":[{"@type":"ReadAction","target":["https:\/\/skaitytaknyga.lt\/produktas\/as-fellini\/"]}]},{"@type":"ImageObject","inLanguage":"en-GB","@id":"https:\/\/skaitytaknyga.lt\/produktas\/as-fellini\/#primaryimage","url":"https:\/\/skaitytaknyga.lt\/wp-content\/uploads\/2025\/10\/As-Fellini-1.webp","contentUrl":"https:\/\/skaitytaknyga.lt\/wp-content\/uploads\/2025\/10\/As-Fellini-1.webp","width":300,"height":520,"caption":"A\u0161, Fellini"},{"@type":"BreadcrumbList","@id":"https:\/\/skaitytaknyga.lt\/produktas\/as-fellini\/#breadcrumb","itemListElement":[{"@type":"ListItem","position":1,"name":"Home","item":"https:\/\/skaitytaknyga.lt\/"},{"@type":"ListItem","position":2,"name":"Parduotuv\u0117","item":"https:\/\/skaitytaknyga.lt\/knygu-parduotuve\/"},{"@type":"ListItem","position":3,"name":"A\u0161, Fellini"}]},{"@type":"WebSite","@id":"https:\/\/skaitytaknyga.lt\/#website","url":"https:\/\/skaitytaknyga.lt\/","name":"skaitytaknyga.lt","description":"Skaitytaknyga.lt \u2013 tai ma\u017eas \u0161eimos verslas, kuris prasid\u0117jo nuo meil\u0117s knygoms ir siekio i\u0161gelb\u0117ti knygas nuo likimo prie konteinerio. Kas vienam nereikalingas daiktas \u2013 kitam lobis, o mes esame tarpininkai, kurie padeda abiems tapti laimingesniems ???? \u017dinome kaip nelengva i\u0161gyventi ma\u017eiems verslams, tad nuo \u0161iol, \u010dia rasite ir kit\u0173, ma\u017e\u0173 \u0161eim\u0173 versl\u0173, rank\u0173 darbo, dovan\u0173 sau ir artimiesiems.","publisher":{"@id":"https:\/\/skaitytaknyga.lt\/#organization"},"potentialAction":[{"@type":"SearchAction","target":{"@type":"EntryPoint","urlTemplate":"https:\/\/skaitytaknyga.lt\/?s={search_term_string}"},"query-input":{"@type":"PropertyValueSpecification","valueRequired":true,"valueName":"search_term_string"}}],"inLanguage":"en-GB"},{"@type":"Organization","@id":"https:\/\/skaitytaknyga.lt\/#organization","name":"skaitytaknyga.lt","url":"https:\/\/skaitytaknyga.lt\/","logo":{"@type":"ImageObject","inLanguage":"en-GB","@id":"https:\/\/skaitytaknyga.lt\/#\/schema\/logo\/image\/","url":"https:\/\/skaitytaknyga.lt\/wp-content\/uploads\/2024\/05\/cropped-cropped-cropped-02_00843_jt3bggkj1j3HLc7SyY6rEUpg.jpeg","contentUrl":"https:\/\/skaitytaknyga.lt\/wp-content\/uploads\/2024\/05\/cropped-cropped-cropped-02_00843_jt3bggkj1j3HLc7SyY6rEUpg.jpeg","width":1600,"height":1600,"caption":"skaitytaknyga.lt"},"image":{"@id":"https:\/\/skaitytaknyga.lt\/#\/schema\/logo\/image\/"},"sameAs":["https:\/\/www.facebook.com\/skaitytaknyga\/"]}]}},"_links":{"self":[{"href":"https:\/\/skaitytaknyga.lt\/en\/wp-json\/wp\/v2\/product\/21336","targetHints":{"allow":["GET"]}}],"collection":[{"href":"https:\/\/skaitytaknyga.lt\/en\/wp-json\/wp\/v2\/product"}],"about":[{"href":"https:\/\/skaitytaknyga.lt\/en\/wp-json\/wp\/v2\/types\/product"}],"replies":[{"embeddable":true,"href":"https:\/\/skaitytaknyga.lt\/en\/wp-json\/wp\/v2\/comments?post=21336"}],"wp:featuredmedia":[{"embeddable":true,"href":"https:\/\/skaitytaknyga.lt\/en\/wp-json\/wp\/v2\/media\/21341"}],"wp:attachment":[{"href":"https:\/\/skaitytaknyga.lt\/en\/wp-json\/wp\/v2\/media?parent=21336"}],"wp:term":[{"taxonomy":"product_brand","embeddable":true,"href":"https:\/\/skaitytaknyga.lt\/en\/wp-json\/wp\/v2\/product_brand?post=21336"},{"taxonomy":"product_cat","embeddable":true,"href":"https:\/\/skaitytaknyga.lt\/en\/wp-json\/wp\/v2\/product_cat?post=21336"},{"taxonomy":"product_tag","embeddable":true,"href":"https:\/\/skaitytaknyga.lt\/en\/wp-json\/wp\/v2\/product_tag?post=21336"}],"curies":[{"name":"wp","href":"https:\/\/api.w.org\/{rel}","templated":true}]}}