{"id":21327,"date":"2025-10-06T14:19:03","date_gmt":"2025-10-06T11:19:03","guid":{"rendered":"https:\/\/skaitytaknyga.lt\/?post_type=product&#038;p=21327"},"modified":"2025-10-06T14:35:13","modified_gmt":"2025-10-06T11:35:13","slug":"pyktis-jai-tinka","status":"publish","type":"product","link":"https:\/\/skaitytaknyga.lt\/en\/produktas\/pyktis-jai-tinka\/","title":{"rendered":"Pyktis jai tinka"},"content":{"rendered":"<p>\u201ePyktis tarsi vanduo. Kad ir kaip \u017emogus bandyt\u0173 j\u012f u\u017etvenkti, nukreipti ar paneigti \u2013 jis vis tiek ras b\u016bd\u0173 prasiver\u017eti ir paprastai ten, kur susiduria su ma\u017eiausiu pasiprie\u0161inimu.\u201c<br \/>\nSoraya Chemaly<\/p>\n<p>Knyga \u201ePyktis jai tinka\u201c ragina XXI am\u017eiaus moteris PRIIMTI  SAVO PYKT\u012e ir PASINAUDOTI JUO SIEKIANT POKY\u010cI\u0172. \u0160i knyga yra apie tai, koki\u0173 poky\u010di\u0173 reikia, kad visuomen\u0117 susim\u0105styt\u0173. Ji yra apie tai, kod\u0117l mergait\u0117s ir moterys, sakan\u010dios \u201ea\u0161 pykstu\u201c, yra svarbios kaip asmenyb\u0117s ir reik\u0161mingos m\u016bs\u0173 kult\u016brai. Mes taip stengiam\u0117s mergait\u0117ms \u012fkalti b\u016bti malonioms, kad da\u017enai pamir\u0161tame jas i\u0161mokyti to, ko mokome berniukus, \u2013 b\u016bti gerbiamoms.<\/p>\n<p>Piktas vyras \u2013 rimtas vyras, pikta moteris \u2013 bjauri kal\u0117. Kod\u0117l? MOTERYS PYKSTA ir turi teis\u0119 taip jaustis. PYKTIS YRA EMOCIJA, ir ji n\u0117ra nei gera, nei bloga.<\/p>\n<p>Soraya Chemaly analizuoja, kod\u0117l mergait\u0117s ir moterys tam, kad i\u0161likt\u0173 neva moteri\u0161kos, taip da\u017enai atkertamos nuo \u0161io jausmo. K\u0105 mes asmeni\u0161kai ir kaip visuomen\u0117 prarandame nepaisydami moter\u0173 pyk\u010dio ir nuolat versdami jas b\u016bti nuolankiomis avel\u0117mis?<br \/>\nJei kada ir buvo tinkama akimirka LIAUTIS SAVE TILD\u017dIUS ir NUKREIPTI SAVO PYKT\u012e \u012f sveik\u0105 gyvenim\u0105 bei sveikus pasirinkimus, ji yra DABAR.<\/p>\n","protected":false},"excerpt":{"rendered":"<p>\u201ePyktis tarsi vanduo. Kad ir kaip \u017emogus bandyt\u0173 j\u012f u\u017etvenkti, nukreipti ar paneigti \u2013 jis vis tiek ras b\u016bd\u0173 prasiver\u017eti ir paprastai ten, kur susiduria su ma\u017eiausiu pasiprie\u0161inimu.\u201c Soraya Chemaly Knyga \u201ePyktis jai tinka\u201c ragina XXI am\u017eiaus moteris PRIIMTI SAVO PYKT\u012e ir PASINAUDOTI JUO SIEKIANT POKY\u010cI\u0172. \u0160i knyga yra apie tai, koki\u0173 poky\u010di\u0173 reikia, kad visuomen\u0117 susim\u0105styt\u0173. Ji yra apie tai, kod\u0117l mergait\u0117s ir moterys, sakan\u010dios \u201ea\u0161 pykstu\u201c, yra svarbios kaip asmenyb\u0117s ir reik\u0161mingos m\u016bs\u0173 kult\u016brai. Mes taip stengiam\u0117s mergait\u0117ms \u012fkalti b\u016bti malonioms, kad da\u017enai pamir\u0161tame jas i\u0161mokyti to, ko mokome berniukus, \u2013 b\u016bti gerbiamoms. Piktas vyras \u2013 rimtas vyras, pikta moteris \u2013 bjauri kal\u0117. Kod\u0117l? MOTERYS PYKSTA ir turi teis\u0119 taip jaustis. PYKTIS YRA EMOCIJA, ir ji n\u0117ra nei gera, nei bloga. Soraya Chemaly analizuoja, kod\u0117l mergait\u0117s ir moterys tam, kad i\u0161likt\u0173 neva moteri\u0161kos, taip da\u017enai atkertamos nuo \u0161io jausmo. K\u0105 mes asmeni\u0161kai ir kaip visuomen\u0117 prarandame nepaisydami moter\u0173 pyk\u010dio ir nuolat versdami jas b\u016bti nuolankiomis avel\u0117mis? Jei kada ir buvo tinkama akimirka LIAUTIS SAVE TILD\u017dIUS ir NUKREIPTI SAVO PYKT\u012e \u012f sveik\u0105 gyvenim\u0105 bei sveikus pasirinkimus, ji yra DABAR.<\/p>\n","protected":false},"featured_media":21332,"comment_status":"open","ping_status":"closed","template":"","meta":{"_acf_changed":false,"site-sidebar-layout":"default","site-content-layout":"","ast-site-content-layout":"default","site-content-style":"default","site-sidebar-style":"default","ast-global-header-display":"","ast-banner-title-visibility":"","ast-main-header-display":"","ast-hfb-above-header-display":"","ast-hfb-below-header-display":"","ast-hfb-mobile-header-display":"","site-post-title":"","ast-breadcrumbs-content":"","ast-featured-img":"","footer-sml-layout":"","ast-disable-related-posts":"","theme-transparent-header-meta":"","adv-header-id-meta":"","stick-header-meta":"","header-above-stick-meta":"","header-main-stick-meta":"","header-below-stick-meta":"","astra-migrate-meta-layouts":"default","ast-page-background-enabled":"default","ast-page-background-meta":{"desktop":{"background-color":"","background-image":"","background-repeat":"repeat","background-position":"center center","background-size":"auto","background-attachment":"scroll","background-type":"","background-media":"","overlay-type":"","overlay-color":"","overlay-opacity":"","overlay-gradient":""},"tablet":{"background-color":"","background-image":"","background-repeat":"repeat","background-position":"center center","background-size":"auto","background-attachment":"scroll","background-type":"","background-media":"","overlay-type":"","overlay-color":"","overlay-opacity":"","overlay-gradient":""},"mobile":{"background-color":"","background-image":"","background-repeat":"repeat","background-position":"center center","background-size":"auto","background-attachment":"scroll","background-type":"","background-media":"","overlay-type":"","overlay-color":"","overlay-opacity":"","overlay-gradient":""}},"ast-content-background-meta":{"desktop":{"background-color":"var(--ast-global-color-4)","background-image":"","background-repeat":"repeat","background-position":"center center","background-size":"auto","background-attachment":"scroll","background-type":"","background-media":"","overlay-type":"","overlay-color":"","overlay-opacity":"","overlay-gradient":""},"tablet":{"background-color":"var(--ast-global-color-4)","background-image":"","background-repeat":"repeat","background-position":"center center","background-size":"auto","background-attachment":"scroll","background-type":"","background-media":"","overlay-type":"","overlay-color":"","overlay-opacity":"","overlay-gradient":""},"mobile":{"background-color":"var(--ast-global-color-4)","background-image":"","background-repeat":"repeat","background-position":"center center","background-size":"auto","background-attachment":"scroll","background-type":"","background-media":"","overlay-type":"","overlay-color":"","overlay-opacity":"","overlay-gradient":""}}},"product_brand":[],"product_cat":[30],"product_tag":[],"class_list":{"0":"post-21327","1":"product","2":"type-product","3":"status-publish","4":"has-post-thumbnail","6":"product_cat-psichologija-ir-saviugda","7":"desktop-align-left","8":"tablet-align-left","9":"mobile-align-left","11":"first","12":"instock","13":"shipping-taxable","14":"purchasable","15":"product-type-simple"},"acf":[],"yoast_head":"<!-- This site is optimized with the Yoast SEO plugin v27.0 - https:\/\/yoast.com\/product\/yoast-seo-wordpress\/ -->\n<title>Pyktis jai tinka<\/title>\n<meta name=\"description\" content=\"\u201ePyktis tarsi vanduo. Kad ir kaip \u017emogus bandyt\u0173 j\u012f u\u017etvenkti, nukreipti ar paneigti \u2013 jis vis tiek ras b\u016bd\u0173 prasiver\u017eti ir paprastai ten, kur susiduria\" \/>\n<meta name=\"robots\" content=\"index, follow, max-snippet:-1, max-image-preview:large, max-video-preview:-1\" \/>\n<link rel=\"canonical\" href=\"https:\/\/skaitytaknyga.lt\/en\/produktas\/pyktis-jai-tinka\/\" \/>\n<meta property=\"og:locale\" content=\"en_GB\" \/>\n<meta property=\"og:locale:alternate\" content=\"lt_LT\" \/>\n<meta property=\"og:type\" content=\"article\" \/>\n<meta property=\"og:title\" content=\"Pyktis jai tinka\" \/>\n<meta property=\"og:description\" content=\"\u201ePyktis tarsi vanduo. Kad ir kaip \u017emogus bandyt\u0173 j\u012f u\u017etvenkti, nukreipti ar paneigti \u2013 jis vis tiek ras b\u016bd\u0173 prasiver\u017eti ir paprastai ten, kur susiduria\" \/>\n<meta property=\"og:url\" content=\"https:\/\/skaitytaknyga.lt\/en\/produktas\/pyktis-jai-tinka\/\" \/>\n<meta property=\"og:site_name\" content=\"Skaitytaknyga\" \/>\n<meta property=\"article:publisher\" content=\"https:\/\/www.facebook.com\/skaitytaknyga\/\" \/>\n<meta property=\"article:modified_time\" content=\"2025-10-06T11:35:13+00:00\" \/>\n<meta property=\"og:image\" content=\"https:\/\/skaitytaknyga.lt\/wp-content\/uploads\/2025\/10\/Pyktis-jai-tinka-1.webp\" \/>\n\t<meta property=\"og:image:width\" content=\"300\" \/>\n\t<meta property=\"og:image:height\" content=\"447\" \/>\n\t<meta property=\"og:image:type\" content=\"image\/webp\" \/>\n<meta name=\"twitter:card\" content=\"summary_large_image\" \/>\n<meta name=\"twitter:label1\" content=\"Estimated reading time\" \/>\n\t<meta name=\"twitter:data1\" content=\"1 minute\" \/>\n<script type=\"application\/ld+json\" class=\"yoast-schema-graph\">{\"@context\":\"https:\/\/schema.org\",\"@graph\":[{\"@type\":\"WebPage\",\"@id\":\"https:\/\/skaitytaknyga.lt\/produktas\/pyktis-jai-tinka\/\",\"url\":\"https:\/\/skaitytaknyga.lt\/produktas\/pyktis-jai-tinka\/\",\"name\":\"Pyktis jai tinka\",\"isPartOf\":{\"@id\":\"https:\/\/skaitytaknyga.lt\/#website\"},\"primaryImageOfPage\":{\"@id\":\"https:\/\/skaitytaknyga.lt\/produktas\/pyktis-jai-tinka\/#primaryimage\"},\"image\":{\"@id\":\"https:\/\/skaitytaknyga.lt\/produktas\/pyktis-jai-tinka\/#primaryimage\"},\"thumbnailUrl\":\"https:\/\/skaitytaknyga.lt\/wp-content\/uploads\/2025\/10\/Pyktis-jai-tinka-1.webp\",\"datePublished\":\"2025-10-06T11:19:03+00:00\",\"dateModified\":\"2025-10-06T11:35:13+00:00\",\"description\":\"\u201ePyktis tarsi vanduo. Kad ir kaip \u017emogus bandyt\u0173 j\u012f u\u017etvenkti, nukreipti ar paneigti \u2013 jis vis tiek ras b\u016bd\u0173 prasiver\u017eti ir paprastai ten, kur susiduria\",\"breadcrumb\":{\"@id\":\"https:\/\/skaitytaknyga.lt\/produktas\/pyktis-jai-tinka\/#breadcrumb\"},\"inLanguage\":\"en-GB\",\"potentialAction\":[{\"@type\":\"ReadAction\",\"target\":[\"https:\/\/skaitytaknyga.lt\/produktas\/pyktis-jai-tinka\/\"]}]},{\"@type\":\"ImageObject\",\"inLanguage\":\"en-GB\",\"@id\":\"https:\/\/skaitytaknyga.lt\/produktas\/pyktis-jai-tinka\/#primaryimage\",\"url\":\"https:\/\/skaitytaknyga.lt\/wp-content\/uploads\/2025\/10\/Pyktis-jai-tinka-1.webp\",\"contentUrl\":\"https:\/\/skaitytaknyga.lt\/wp-content\/uploads\/2025\/10\/Pyktis-jai-tinka-1.webp\",\"width\":300,\"height\":447,\"caption\":\"Pyktis jai tinka\"},{\"@type\":\"BreadcrumbList\",\"@id\":\"https:\/\/skaitytaknyga.lt\/produktas\/pyktis-jai-tinka\/#breadcrumb\",\"itemListElement\":[{\"@type\":\"ListItem\",\"position\":1,\"name\":\"Home\",\"item\":\"https:\/\/skaitytaknyga.lt\/\"},{\"@type\":\"ListItem\",\"position\":2,\"name\":\"Parduotuv\u0117\",\"item\":\"https:\/\/skaitytaknyga.lt\/knygu-parduotuve\/\"},{\"@type\":\"ListItem\",\"position\":3,\"name\":\"Pyktis jai tinka\"}]},{\"@type\":\"WebSite\",\"@id\":\"https:\/\/skaitytaknyga.lt\/#website\",\"url\":\"https:\/\/skaitytaknyga.lt\/\",\"name\":\"skaitytaknyga.lt\",\"description\":\"Skaitytaknyga.lt \u2013 tai ma\u017eas \u0161eimos verslas, kuris prasid\u0117jo nuo meil\u0117s knygoms ir siekio i\u0161gelb\u0117ti knygas nuo likimo prie konteinerio. Kas vienam nereikalingas daiktas \u2013 kitam lobis, o mes esame tarpininkai, kurie padeda abiems tapti laimingesniems ???? \u017dinome kaip nelengva i\u0161gyventi ma\u017eiems verslams, tad nuo \u0161iol, \u010dia rasite ir kit\u0173, ma\u017e\u0173 \u0161eim\u0173 versl\u0173, rank\u0173 darbo, dovan\u0173 sau ir artimiesiems.\",\"publisher\":{\"@id\":\"https:\/\/skaitytaknyga.lt\/#organization\"},\"potentialAction\":[{\"@type\":\"SearchAction\",\"target\":{\"@type\":\"EntryPoint\",\"urlTemplate\":\"https:\/\/skaitytaknyga.lt\/?s={search_term_string}\"},\"query-input\":{\"@type\":\"PropertyValueSpecification\",\"valueRequired\":true,\"valueName\":\"search_term_string\"}}],\"inLanguage\":\"en-GB\"},{\"@type\":\"Organization\",\"@id\":\"https:\/\/skaitytaknyga.lt\/#organization\",\"name\":\"skaitytaknyga.lt\",\"url\":\"https:\/\/skaitytaknyga.lt\/\",\"logo\":{\"@type\":\"ImageObject\",\"inLanguage\":\"en-GB\",\"@id\":\"https:\/\/skaitytaknyga.lt\/#\/schema\/logo\/image\/\",\"url\":\"https:\/\/skaitytaknyga.lt\/wp-content\/uploads\/2024\/05\/cropped-cropped-cropped-02_00843_jt3bggkj1j3HLc7SyY6rEUpg.jpeg\",\"contentUrl\":\"https:\/\/skaitytaknyga.lt\/wp-content\/uploads\/2024\/05\/cropped-cropped-cropped-02_00843_jt3bggkj1j3HLc7SyY6rEUpg.jpeg\",\"width\":1600,\"height\":1600,\"caption\":\"skaitytaknyga.lt\"},\"image\":{\"@id\":\"https:\/\/skaitytaknyga.lt\/#\/schema\/logo\/image\/\"},\"sameAs\":[\"https:\/\/www.facebook.com\/skaitytaknyga\/\"]}]}<\/script>\n<!-- \/ Yoast SEO plugin. -->","yoast_head_json":{"title":"Pyktis jai tinka","description":"\u201ePyktis tarsi vanduo. Kad ir kaip \u017emogus bandyt\u0173 j\u012f u\u017etvenkti, nukreipti ar paneigti \u2013 jis vis tiek ras b\u016bd\u0173 prasiver\u017eti ir paprastai ten, kur susiduria","robots":{"index":"index","follow":"follow","max-snippet":"max-snippet:-1","max-image-preview":"max-image-preview:large","max-video-preview":"max-video-preview:-1"},"canonical":"https:\/\/skaitytaknyga.lt\/en\/produktas\/pyktis-jai-tinka\/","og_locale":"en_GB","og_type":"article","og_title":"[:lt]Pyktis jai tinka[:] - Skaitytaknyga","og_description":"\u201ePyktis tarsi vanduo. Kad ir kaip \u017emogus bandyt\u0173 j\u012f u\u017etvenkti, nukreipti ar paneigti \u2013 jis vis tiek ras b\u016bd\u0173 prasiver\u017eti ir paprastai ten, kur susiduria","og_url":"https:\/\/skaitytaknyga.lt\/en\/produktas\/pyktis-jai-tinka\/","og_site_name":"Skaitytaknyga","article_publisher":"https:\/\/www.facebook.com\/skaitytaknyga\/","article_modified_time":"2025-10-06T11:35:13+00:00","og_image":[{"width":300,"height":447,"url":"https:\/\/skaitytaknyga.lt\/wp-content\/uploads\/2025\/10\/Pyktis-jai-tinka-1.webp","type":"image\/webp"}],"twitter_card":"summary_large_image","twitter_misc":{"Estimated reading time":"1 minute"},"schema":{"@context":"https:\/\/schema.org","@graph":[{"@type":"WebPage","@id":"https:\/\/skaitytaknyga.lt\/produktas\/pyktis-jai-tinka\/","url":"https:\/\/skaitytaknyga.lt\/produktas\/pyktis-jai-tinka\/","name":"Pyktis jai tinka","isPartOf":{"@id":"https:\/\/skaitytaknyga.lt\/#website"},"primaryImageOfPage":{"@id":"https:\/\/skaitytaknyga.lt\/produktas\/pyktis-jai-tinka\/#primaryimage"},"image":{"@id":"https:\/\/skaitytaknyga.lt\/produktas\/pyktis-jai-tinka\/#primaryimage"},"thumbnailUrl":"https:\/\/skaitytaknyga.lt\/wp-content\/uploads\/2025\/10\/Pyktis-jai-tinka-1.webp","datePublished":"2025-10-06T11:19:03+00:00","dateModified":"2025-10-06T11:35:13+00:00","description":"\u201ePyktis tarsi vanduo. Kad ir kaip \u017emogus bandyt\u0173 j\u012f u\u017etvenkti, nukreipti ar paneigti \u2013 jis vis tiek ras b\u016bd\u0173 prasiver\u017eti ir paprastai ten, kur susiduria","breadcrumb":{"@id":"https:\/\/skaitytaknyga.lt\/produktas\/pyktis-jai-tinka\/#breadcrumb"},"inLanguage":"en-GB","potentialAction":[{"@type":"ReadAction","target":["https:\/\/skaitytaknyga.lt\/produktas\/pyktis-jai-tinka\/"]}]},{"@type":"ImageObject","inLanguage":"en-GB","@id":"https:\/\/skaitytaknyga.lt\/produktas\/pyktis-jai-tinka\/#primaryimage","url":"https:\/\/skaitytaknyga.lt\/wp-content\/uploads\/2025\/10\/Pyktis-jai-tinka-1.webp","contentUrl":"https:\/\/skaitytaknyga.lt\/wp-content\/uploads\/2025\/10\/Pyktis-jai-tinka-1.webp","width":300,"height":447,"caption":"Pyktis jai tinka"},{"@type":"BreadcrumbList","@id":"https:\/\/skaitytaknyga.lt\/produktas\/pyktis-jai-tinka\/#breadcrumb","itemListElement":[{"@type":"ListItem","position":1,"name":"Home","item":"https:\/\/skaitytaknyga.lt\/"},{"@type":"ListItem","position":2,"name":"Parduotuv\u0117","item":"https:\/\/skaitytaknyga.lt\/knygu-parduotuve\/"},{"@type":"ListItem","position":3,"name":"Pyktis jai tinka"}]},{"@type":"WebSite","@id":"https:\/\/skaitytaknyga.lt\/#website","url":"https:\/\/skaitytaknyga.lt\/","name":"skaitytaknyga.lt","description":"Skaitytaknyga.lt \u2013 tai ma\u017eas \u0161eimos verslas, kuris prasid\u0117jo nuo meil\u0117s knygoms ir siekio i\u0161gelb\u0117ti knygas nuo likimo prie konteinerio. Kas vienam nereikalingas daiktas \u2013 kitam lobis, o mes esame tarpininkai, kurie padeda abiems tapti laimingesniems ???? \u017dinome kaip nelengva i\u0161gyventi ma\u017eiems verslams, tad nuo \u0161iol, \u010dia rasite ir kit\u0173, ma\u017e\u0173 \u0161eim\u0173 versl\u0173, rank\u0173 darbo, dovan\u0173 sau ir artimiesiems.","publisher":{"@id":"https:\/\/skaitytaknyga.lt\/#organization"},"potentialAction":[{"@type":"SearchAction","target":{"@type":"EntryPoint","urlTemplate":"https:\/\/skaitytaknyga.lt\/?s={search_term_string}"},"query-input":{"@type":"PropertyValueSpecification","valueRequired":true,"valueName":"search_term_string"}}],"inLanguage":"en-GB"},{"@type":"Organization","@id":"https:\/\/skaitytaknyga.lt\/#organization","name":"skaitytaknyga.lt","url":"https:\/\/skaitytaknyga.lt\/","logo":{"@type":"ImageObject","inLanguage":"en-GB","@id":"https:\/\/skaitytaknyga.lt\/#\/schema\/logo\/image\/","url":"https:\/\/skaitytaknyga.lt\/wp-content\/uploads\/2024\/05\/cropped-cropped-cropped-02_00843_jt3bggkj1j3HLc7SyY6rEUpg.jpeg","contentUrl":"https:\/\/skaitytaknyga.lt\/wp-content\/uploads\/2024\/05\/cropped-cropped-cropped-02_00843_jt3bggkj1j3HLc7SyY6rEUpg.jpeg","width":1600,"height":1600,"caption":"skaitytaknyga.lt"},"image":{"@id":"https:\/\/skaitytaknyga.lt\/#\/schema\/logo\/image\/"},"sameAs":["https:\/\/www.facebook.com\/skaitytaknyga\/"]}]}},"_links":{"self":[{"href":"https:\/\/skaitytaknyga.lt\/en\/wp-json\/wp\/v2\/product\/21327","targetHints":{"allow":["GET"]}}],"collection":[{"href":"https:\/\/skaitytaknyga.lt\/en\/wp-json\/wp\/v2\/product"}],"about":[{"href":"https:\/\/skaitytaknyga.lt\/en\/wp-json\/wp\/v2\/types\/product"}],"replies":[{"embeddable":true,"href":"https:\/\/skaitytaknyga.lt\/en\/wp-json\/wp\/v2\/comments?post=21327"}],"wp:featuredmedia":[{"embeddable":true,"href":"https:\/\/skaitytaknyga.lt\/en\/wp-json\/wp\/v2\/media\/21332"}],"wp:attachment":[{"href":"https:\/\/skaitytaknyga.lt\/en\/wp-json\/wp\/v2\/media?parent=21327"}],"wp:term":[{"taxonomy":"product_brand","embeddable":true,"href":"https:\/\/skaitytaknyga.lt\/en\/wp-json\/wp\/v2\/product_brand?post=21327"},{"taxonomy":"product_cat","embeddable":true,"href":"https:\/\/skaitytaknyga.lt\/en\/wp-json\/wp\/v2\/product_cat?post=21327"},{"taxonomy":"product_tag","embeddable":true,"href":"https:\/\/skaitytaknyga.lt\/en\/wp-json\/wp\/v2\/product_tag?post=21327"}],"curies":[{"name":"wp","href":"https:\/\/api.w.org\/{rel}","templated":true}]}}