{"id":21320,"date":"2025-10-06T13:49:04","date_gmt":"2025-10-06T10:49:04","guid":{"rendered":"https:\/\/skaitytaknyga.lt\/?post_type=product&#038;p=21320"},"modified":"2025-10-06T14:21:40","modified_gmt":"2025-10-06T11:21:40","slug":"as-tu-ir-virtuve","status":"publish","type":"product","link":"https:\/\/skaitytaknyga.lt\/en\/produktas\/as-tu-ir-virtuve\/","title":{"rendered":"A\u0161, tu ir virtuv\u0117"},"content":{"rendered":"<p>Lietuvos \u0161efu Nr. 1 Deivydas Praspaliauskas buvo pripa\u017eintas vos 22-ej\u0173. Netrukus duris atv\u0117r\u0117 pirmas jo restoranas.<\/p>\n<p>Vienas geriausi\u0173 Lietuvos \u0161ef\u0173:<\/p>\n<p>atveria savo restorano bei \u0161irdies duris ir pasakoja, kiek daug \u010dia gali nuveikti, jei tik turi pakankamai parako.<br \/>\nstebina savo stebuklingais ir kartu paprastais receptais.<br \/>\nkvie\u010dia \u012f kelion\u0119, kupin\u0105 kvap\u0105 gniau\u017eian\u010di\u0173 susitikim\u0173 ir nutikim\u0173, nuopuoli\u0173 ir pakilim\u0173.<br \/>\nragina patirti tikr\u0105j\u012f restorano virtuv\u0117s gyvenim\u0105, \u012fsileisdamas \u012f slap\u010diausias jos kerteles, kur kiekviena smulkmena gali b\u016bti lemtinga.<br \/>\nNepaprasto gro\u017eio nuotraukos ir prakti\u0161ki, nesud\u0117tingi RECEPTAI tiesiai i\u0161 Deivydo virtuv\u0117s!<\/p>\n<p>Pajusite, k\u0105 patiria auk\u0161\u010diausios klas\u0117s restorano sve\u010diai.<\/p>\n","protected":false},"excerpt":{"rendered":"<p>Lietuvos \u0161efu Nr. 1 Deivydas Praspaliauskas buvo pripa\u017eintas vos 22-ej\u0173. Netrukus duris atv\u0117r\u0117 pirmas jo restoranas. Vienas geriausi\u0173 Lietuvos \u0161ef\u0173: atveria savo restorano bei \u0161irdies duris ir pasakoja, kiek daug \u010dia gali nuveikti, jei tik turi pakankamai parako. stebina savo stebuklingais ir kartu paprastais receptais. kvie\u010dia \u012f kelion\u0119, kupin\u0105 kvap\u0105 gniau\u017eian\u010di\u0173 susitikim\u0173 ir nutikim\u0173, nuopuoli\u0173 ir pakilim\u0173. ragina patirti tikr\u0105j\u012f restorano virtuv\u0117s gyvenim\u0105, \u012fsileisdamas \u012f slap\u010diausias jos kerteles, kur kiekviena smulkmena gali b\u016bti lemtinga. Nepaprasto gro\u017eio nuotraukos ir prakti\u0161ki, nesud\u0117tingi RECEPTAI tiesiai i\u0161 Deivydo virtuv\u0117s! Pajusite, k\u0105 patiria auk\u0161\u010diausios klas\u0117s restorano sve\u010diai.<\/p>\n","protected":false},"featured_media":21325,"comment_status":"open","ping_status":"closed","template":"","meta":{"_acf_changed":false,"site-sidebar-layout":"default","site-content-layout":"","ast-site-content-layout":"default","site-content-style":"default","site-sidebar-style":"default","ast-global-header-display":"","ast-banner-title-visibility":"","ast-main-header-display":"","ast-hfb-above-header-display":"","ast-hfb-below-header-display":"","ast-hfb-mobile-header-display":"","site-post-title":"","ast-breadcrumbs-content":"","ast-featured-img":"","footer-sml-layout":"","ast-disable-related-posts":"","theme-transparent-header-meta":"","adv-header-id-meta":"","stick-header-meta":"","header-above-stick-meta":"","header-main-stick-meta":"","header-below-stick-meta":"","astra-migrate-meta-layouts":"default","ast-page-background-enabled":"default","ast-page-background-meta":{"desktop":{"background-color":"","background-image":"","background-repeat":"repeat","background-position":"center center","background-size":"auto","background-attachment":"scroll","background-type":"","background-media":"","overlay-type":"","overlay-color":"","overlay-opacity":"","overlay-gradient":""},"tablet":{"background-color":"","background-image":"","background-repeat":"repeat","background-position":"center center","background-size":"auto","background-attachment":"scroll","background-type":"","background-media":"","overlay-type":"","overlay-color":"","overlay-opacity":"","overlay-gradient":""},"mobile":{"background-color":"","background-image":"","background-repeat":"repeat","background-position":"center center","background-size":"auto","background-attachment":"scroll","background-type":"","background-media":"","overlay-type":"","overlay-color":"","overlay-opacity":"","overlay-gradient":""}},"ast-content-background-meta":{"desktop":{"background-color":"var(--ast-global-color-4)","background-image":"","background-repeat":"repeat","background-position":"center center","background-size":"auto","background-attachment":"scroll","background-type":"","background-media":"","overlay-type":"","overlay-color":"","overlay-opacity":"","overlay-gradient":""},"tablet":{"background-color":"var(--ast-global-color-4)","background-image":"","background-repeat":"repeat","background-position":"center center","background-size":"auto","background-attachment":"scroll","background-type":"","background-media":"","overlay-type":"","overlay-color":"","overlay-opacity":"","overlay-gradient":""},"mobile":{"background-color":"var(--ast-global-color-4)","background-image":"","background-repeat":"repeat","background-position":"center center","background-size":"auto","background-attachment":"scroll","background-type":"","background-media":"","overlay-type":"","overlay-color":"","overlay-opacity":"","overlay-gradient":""}}},"product_brand":[],"product_cat":[15],"product_tag":[],"class_list":{"0":"post-21320","1":"product","2":"type-product","3":"status-publish","4":"has-post-thumbnail","6":"product_cat-uncategorized","7":"desktop-align-left","8":"tablet-align-left","9":"mobile-align-left","11":"first","12":"instock","13":"shipping-taxable","14":"purchasable","15":"product-type-simple"},"acf":[],"yoast_head":"<!-- This site is optimized with the Yoast SEO plugin v27.0 - https:\/\/yoast.com\/product\/yoast-seo-wordpress\/ -->\n<title>A\u0161, tu ir virtuv\u0117<\/title>\n<meta name=\"description\" content=\"Lietuvos \u0161efu Nr. 1 Deivydas Praspaliauskas buvo pripa\u017eintas vos 22-ej\u0173. Netrukus duris atv\u0117r\u0117 pirmas jo restoranas. Vienas geriausi\u0173 Lietuvos \u0161ef\u0173:\" \/>\n<meta name=\"robots\" content=\"index, follow, max-snippet:-1, max-image-preview:large, max-video-preview:-1\" \/>\n<link rel=\"canonical\" href=\"https:\/\/skaitytaknyga.lt\/en\/produktas\/as-tu-ir-virtuve\/\" \/>\n<meta property=\"og:locale\" content=\"en_GB\" \/>\n<meta property=\"og:locale:alternate\" content=\"lt_LT\" \/>\n<meta property=\"og:type\" content=\"article\" \/>\n<meta property=\"og:title\" content=\"A\u0161, tu ir virtuv\u0117\" \/>\n<meta property=\"og:description\" content=\"Lietuvos \u0161efu Nr. 1 Deivydas Praspaliauskas buvo pripa\u017eintas vos 22-ej\u0173. Netrukus duris atv\u0117r\u0117 pirmas jo restoranas. Vienas geriausi\u0173 Lietuvos \u0161ef\u0173:\" \/>\n<meta property=\"og:url\" content=\"https:\/\/skaitytaknyga.lt\/en\/produktas\/as-tu-ir-virtuve\/\" \/>\n<meta property=\"og:site_name\" content=\"Skaitytaknyga\" \/>\n<meta property=\"article:publisher\" content=\"https:\/\/www.facebook.com\/skaitytaknyga\/\" \/>\n<meta property=\"article:modified_time\" content=\"2025-10-06T11:21:40+00:00\" \/>\n<meta property=\"og:image\" content=\"https:\/\/skaitytaknyga.lt\/wp-content\/uploads\/2025\/10\/As-tu-ir-virtuve-1.webp\" \/>\n\t<meta property=\"og:image:width\" content=\"300\" \/>\n\t<meta property=\"og:image:height\" content=\"422\" \/>\n\t<meta property=\"og:image:type\" content=\"image\/webp\" \/>\n<meta name=\"twitter:card\" content=\"summary_large_image\" \/>\n<meta name=\"twitter:label1\" content=\"Estimated reading time\" \/>\n\t<meta name=\"twitter:data1\" content=\"1 minute\" \/>\n<script type=\"application\/ld+json\" class=\"yoast-schema-graph\">{\"@context\":\"https:\/\/schema.org\",\"@graph\":[{\"@type\":\"WebPage\",\"@id\":\"https:\/\/skaitytaknyga.lt\/produktas\/as-tu-ir-virtuve\/\",\"url\":\"https:\/\/skaitytaknyga.lt\/produktas\/as-tu-ir-virtuve\/\",\"name\":\"A\u0161, tu ir virtuv\u0117\",\"isPartOf\":{\"@id\":\"https:\/\/skaitytaknyga.lt\/#website\"},\"primaryImageOfPage\":{\"@id\":\"https:\/\/skaitytaknyga.lt\/produktas\/as-tu-ir-virtuve\/#primaryimage\"},\"image\":{\"@id\":\"https:\/\/skaitytaknyga.lt\/produktas\/as-tu-ir-virtuve\/#primaryimage\"},\"thumbnailUrl\":\"https:\/\/skaitytaknyga.lt\/wp-content\/uploads\/2025\/10\/As-tu-ir-virtuve-1.webp\",\"datePublished\":\"2025-10-06T10:49:04+00:00\",\"dateModified\":\"2025-10-06T11:21:40+00:00\",\"description\":\"Lietuvos \u0161efu Nr. 1 Deivydas Praspaliauskas buvo pripa\u017eintas vos 22-ej\u0173. Netrukus duris atv\u0117r\u0117 pirmas jo restoranas. Vienas geriausi\u0173 Lietuvos \u0161ef\u0173:\",\"breadcrumb\":{\"@id\":\"https:\/\/skaitytaknyga.lt\/produktas\/as-tu-ir-virtuve\/#breadcrumb\"},\"inLanguage\":\"en-GB\",\"potentialAction\":[{\"@type\":\"ReadAction\",\"target\":[\"https:\/\/skaitytaknyga.lt\/produktas\/as-tu-ir-virtuve\/\"]}]},{\"@type\":\"ImageObject\",\"inLanguage\":\"en-GB\",\"@id\":\"https:\/\/skaitytaknyga.lt\/produktas\/as-tu-ir-virtuve\/#primaryimage\",\"url\":\"https:\/\/skaitytaknyga.lt\/wp-content\/uploads\/2025\/10\/As-tu-ir-virtuve-1.webp\",\"contentUrl\":\"https:\/\/skaitytaknyga.lt\/wp-content\/uploads\/2025\/10\/As-tu-ir-virtuve-1.webp\",\"width\":300,\"height\":422},{\"@type\":\"BreadcrumbList\",\"@id\":\"https:\/\/skaitytaknyga.lt\/produktas\/as-tu-ir-virtuve\/#breadcrumb\",\"itemListElement\":[{\"@type\":\"ListItem\",\"position\":1,\"name\":\"Home\",\"item\":\"https:\/\/skaitytaknyga.lt\/\"},{\"@type\":\"ListItem\",\"position\":2,\"name\":\"Parduotuv\u0117\",\"item\":\"https:\/\/skaitytaknyga.lt\/knygu-parduotuve\/\"},{\"@type\":\"ListItem\",\"position\":3,\"name\":\"A\u0161, tu ir virtuv\u0117\"}]},{\"@type\":\"WebSite\",\"@id\":\"https:\/\/skaitytaknyga.lt\/#website\",\"url\":\"https:\/\/skaitytaknyga.lt\/\",\"name\":\"skaitytaknyga.lt\",\"description\":\"Skaitytaknyga.lt \u2013 tai ma\u017eas \u0161eimos verslas, kuris prasid\u0117jo nuo meil\u0117s knygoms ir siekio i\u0161gelb\u0117ti knygas nuo likimo prie konteinerio. Kas vienam nereikalingas daiktas \u2013 kitam lobis, o mes esame tarpininkai, kurie padeda abiems tapti laimingesniems ???? \u017dinome kaip nelengva i\u0161gyventi ma\u017eiems verslams, tad nuo \u0161iol, \u010dia rasite ir kit\u0173, ma\u017e\u0173 \u0161eim\u0173 versl\u0173, rank\u0173 darbo, dovan\u0173 sau ir artimiesiems.\",\"publisher\":{\"@id\":\"https:\/\/skaitytaknyga.lt\/#organization\"},\"potentialAction\":[{\"@type\":\"SearchAction\",\"target\":{\"@type\":\"EntryPoint\",\"urlTemplate\":\"https:\/\/skaitytaknyga.lt\/?s={search_term_string}\"},\"query-input\":{\"@type\":\"PropertyValueSpecification\",\"valueRequired\":true,\"valueName\":\"search_term_string\"}}],\"inLanguage\":\"en-GB\"},{\"@type\":\"Organization\",\"@id\":\"https:\/\/skaitytaknyga.lt\/#organization\",\"name\":\"skaitytaknyga.lt\",\"url\":\"https:\/\/skaitytaknyga.lt\/\",\"logo\":{\"@type\":\"ImageObject\",\"inLanguage\":\"en-GB\",\"@id\":\"https:\/\/skaitytaknyga.lt\/#\/schema\/logo\/image\/\",\"url\":\"https:\/\/skaitytaknyga.lt\/wp-content\/uploads\/2024\/05\/cropped-cropped-cropped-02_00843_jt3bggkj1j3HLc7SyY6rEUpg.jpeg\",\"contentUrl\":\"https:\/\/skaitytaknyga.lt\/wp-content\/uploads\/2024\/05\/cropped-cropped-cropped-02_00843_jt3bggkj1j3HLc7SyY6rEUpg.jpeg\",\"width\":1600,\"height\":1600,\"caption\":\"skaitytaknyga.lt\"},\"image\":{\"@id\":\"https:\/\/skaitytaknyga.lt\/#\/schema\/logo\/image\/\"},\"sameAs\":[\"https:\/\/www.facebook.com\/skaitytaknyga\/\"]}]}<\/script>\n<!-- \/ Yoast SEO plugin. -->","yoast_head_json":{"title":"A\u0161, tu ir virtuv\u0117","description":"Lietuvos \u0161efu Nr. 1 Deivydas Praspaliauskas buvo pripa\u017eintas vos 22-ej\u0173. Netrukus duris atv\u0117r\u0117 pirmas jo restoranas. Vienas geriausi\u0173 Lietuvos \u0161ef\u0173:","robots":{"index":"index","follow":"follow","max-snippet":"max-snippet:-1","max-image-preview":"max-image-preview:large","max-video-preview":"max-video-preview:-1"},"canonical":"https:\/\/skaitytaknyga.lt\/en\/produktas\/as-tu-ir-virtuve\/","og_locale":"en_GB","og_type":"article","og_title":"[:lt]A\u0161, tu ir virtuv\u0117[:] - Skaitytaknyga","og_description":"Lietuvos \u0161efu Nr. 1 Deivydas Praspaliauskas buvo pripa\u017eintas vos 22-ej\u0173. Netrukus duris atv\u0117r\u0117 pirmas jo restoranas. Vienas geriausi\u0173 Lietuvos \u0161ef\u0173:","og_url":"https:\/\/skaitytaknyga.lt\/en\/produktas\/as-tu-ir-virtuve\/","og_site_name":"Skaitytaknyga","article_publisher":"https:\/\/www.facebook.com\/skaitytaknyga\/","article_modified_time":"2025-10-06T11:21:40+00:00","og_image":[{"width":300,"height":422,"url":"https:\/\/skaitytaknyga.lt\/wp-content\/uploads\/2025\/10\/As-tu-ir-virtuve-1.webp","type":"image\/webp"}],"twitter_card":"summary_large_image","twitter_misc":{"Estimated reading time":"1 minute"},"schema":{"@context":"https:\/\/schema.org","@graph":[{"@type":"WebPage","@id":"https:\/\/skaitytaknyga.lt\/produktas\/as-tu-ir-virtuve\/","url":"https:\/\/skaitytaknyga.lt\/produktas\/as-tu-ir-virtuve\/","name":"A\u0161, tu ir virtuv\u0117","isPartOf":{"@id":"https:\/\/skaitytaknyga.lt\/#website"},"primaryImageOfPage":{"@id":"https:\/\/skaitytaknyga.lt\/produktas\/as-tu-ir-virtuve\/#primaryimage"},"image":{"@id":"https:\/\/skaitytaknyga.lt\/produktas\/as-tu-ir-virtuve\/#primaryimage"},"thumbnailUrl":"https:\/\/skaitytaknyga.lt\/wp-content\/uploads\/2025\/10\/As-tu-ir-virtuve-1.webp","datePublished":"2025-10-06T10:49:04+00:00","dateModified":"2025-10-06T11:21:40+00:00","description":"Lietuvos \u0161efu Nr. 1 Deivydas Praspaliauskas buvo pripa\u017eintas vos 22-ej\u0173. Netrukus duris atv\u0117r\u0117 pirmas jo restoranas. Vienas geriausi\u0173 Lietuvos \u0161ef\u0173:","breadcrumb":{"@id":"https:\/\/skaitytaknyga.lt\/produktas\/as-tu-ir-virtuve\/#breadcrumb"},"inLanguage":"en-GB","potentialAction":[{"@type":"ReadAction","target":["https:\/\/skaitytaknyga.lt\/produktas\/as-tu-ir-virtuve\/"]}]},{"@type":"ImageObject","inLanguage":"en-GB","@id":"https:\/\/skaitytaknyga.lt\/produktas\/as-tu-ir-virtuve\/#primaryimage","url":"https:\/\/skaitytaknyga.lt\/wp-content\/uploads\/2025\/10\/As-tu-ir-virtuve-1.webp","contentUrl":"https:\/\/skaitytaknyga.lt\/wp-content\/uploads\/2025\/10\/As-tu-ir-virtuve-1.webp","width":300,"height":422},{"@type":"BreadcrumbList","@id":"https:\/\/skaitytaknyga.lt\/produktas\/as-tu-ir-virtuve\/#breadcrumb","itemListElement":[{"@type":"ListItem","position":1,"name":"Home","item":"https:\/\/skaitytaknyga.lt\/"},{"@type":"ListItem","position":2,"name":"Parduotuv\u0117","item":"https:\/\/skaitytaknyga.lt\/knygu-parduotuve\/"},{"@type":"ListItem","position":3,"name":"A\u0161, tu ir virtuv\u0117"}]},{"@type":"WebSite","@id":"https:\/\/skaitytaknyga.lt\/#website","url":"https:\/\/skaitytaknyga.lt\/","name":"skaitytaknyga.lt","description":"Skaitytaknyga.lt \u2013 tai ma\u017eas \u0161eimos verslas, kuris prasid\u0117jo nuo meil\u0117s knygoms ir siekio i\u0161gelb\u0117ti knygas nuo likimo prie konteinerio. Kas vienam nereikalingas daiktas \u2013 kitam lobis, o mes esame tarpininkai, kurie padeda abiems tapti laimingesniems ???? \u017dinome kaip nelengva i\u0161gyventi ma\u017eiems verslams, tad nuo \u0161iol, \u010dia rasite ir kit\u0173, ma\u017e\u0173 \u0161eim\u0173 versl\u0173, rank\u0173 darbo, dovan\u0173 sau ir artimiesiems.","publisher":{"@id":"https:\/\/skaitytaknyga.lt\/#organization"},"potentialAction":[{"@type":"SearchAction","target":{"@type":"EntryPoint","urlTemplate":"https:\/\/skaitytaknyga.lt\/?s={search_term_string}"},"query-input":{"@type":"PropertyValueSpecification","valueRequired":true,"valueName":"search_term_string"}}],"inLanguage":"en-GB"},{"@type":"Organization","@id":"https:\/\/skaitytaknyga.lt\/#organization","name":"skaitytaknyga.lt","url":"https:\/\/skaitytaknyga.lt\/","logo":{"@type":"ImageObject","inLanguage":"en-GB","@id":"https:\/\/skaitytaknyga.lt\/#\/schema\/logo\/image\/","url":"https:\/\/skaitytaknyga.lt\/wp-content\/uploads\/2024\/05\/cropped-cropped-cropped-02_00843_jt3bggkj1j3HLc7SyY6rEUpg.jpeg","contentUrl":"https:\/\/skaitytaknyga.lt\/wp-content\/uploads\/2024\/05\/cropped-cropped-cropped-02_00843_jt3bggkj1j3HLc7SyY6rEUpg.jpeg","width":1600,"height":1600,"caption":"skaitytaknyga.lt"},"image":{"@id":"https:\/\/skaitytaknyga.lt\/#\/schema\/logo\/image\/"},"sameAs":["https:\/\/www.facebook.com\/skaitytaknyga\/"]}]}},"_links":{"self":[{"href":"https:\/\/skaitytaknyga.lt\/en\/wp-json\/wp\/v2\/product\/21320","targetHints":{"allow":["GET"]}}],"collection":[{"href":"https:\/\/skaitytaknyga.lt\/en\/wp-json\/wp\/v2\/product"}],"about":[{"href":"https:\/\/skaitytaknyga.lt\/en\/wp-json\/wp\/v2\/types\/product"}],"replies":[{"embeddable":true,"href":"https:\/\/skaitytaknyga.lt\/en\/wp-json\/wp\/v2\/comments?post=21320"}],"wp:featuredmedia":[{"embeddable":true,"href":"https:\/\/skaitytaknyga.lt\/en\/wp-json\/wp\/v2\/media\/21325"}],"wp:attachment":[{"href":"https:\/\/skaitytaknyga.lt\/en\/wp-json\/wp\/v2\/media?parent=21320"}],"wp:term":[{"taxonomy":"product_brand","embeddable":true,"href":"https:\/\/skaitytaknyga.lt\/en\/wp-json\/wp\/v2\/product_brand?post=21320"},{"taxonomy":"product_cat","embeddable":true,"href":"https:\/\/skaitytaknyga.lt\/en\/wp-json\/wp\/v2\/product_cat?post=21320"},{"taxonomy":"product_tag","embeddable":true,"href":"https:\/\/skaitytaknyga.lt\/en\/wp-json\/wp\/v2\/product_tag?post=21320"}],"curies":[{"name":"wp","href":"https:\/\/api.w.org\/{rel}","templated":true}]}}