{"id":21319,"date":"2025-10-06T13:49:04","date_gmt":"2025-10-06T10:49:04","guid":{"rendered":"https:\/\/skaitytaknyga.lt\/?post_type=product&#038;p=21319"},"modified":"2026-02-26T10:10:26","modified_gmt":"2026-02-26T08:10:26","slug":"tikejimo-slepinys","status":"publish","type":"product","link":"https:\/\/skaitytaknyga.lt\/en\/produktas\/tikejimo-slepinys\/","title":{"rendered":"Tik\u0117jimo sl\u0117pinys"},"content":{"rendered":"<p>Skirtingai nei kitose knygose apie Eucharistij\u0105, svarbiausia \u201eTik\u0117jimo sl\u0117pinio\u201c tema &#8211; \u017emogaus atsiv\u0117rimas \u0161iam Sakramentui arba jo nusiteikimas priimti Sakramento malones.<\/p>\n<p>Eucharistija &#8211; vis dar neatrasta \u017eem\u0117, ne\u017einomas pasaulis. Norint gyventi Eucharistija, reikia \u012fsiklausyti \u012f malon\u0117s bals\u0105, kuris ragina: \u012f\u017eenk \u012f t\u0105 neatrast\u0105 \u017eem\u0119, \u017eenk pirm\u0105, antr\u0105, tre\u010di\u0105 \u017eingsn\u012f, ir Jis ims tave vesti. Jis, tavo Dievas, prisik\u0117l\u0119s i\u0161 numirusi\u0173, taigi nugal\u0117j\u0119s visas kli\u016btis ir dabar norintis atskleisti tau t\u0105 stulbinan\u010di\u0105, ant altoriaus vykstan\u010di\u0105 tikrov\u0119.<\/p>\n<p>Knygoje pasakojama, kaip atsiverti ant altoriaus ir tabernakulyje esan\u010diam Dievui, kaip nesiprie\u0161inti malonei. Autorius ne tik pateik\u0117 \u017einomas tik\u0117jimo tiesas apie \u0160v\u010d. Eucharistij\u0105, rimt\u0173 teologini\u0173 i\u0161ai\u0161kinim\u0173 ir autoritet\u0173 liudijim\u0173, bet padar\u0117 tai naujai, sukre\u010dian\u010dia j\u0117ga: kalba labiau sau nei skaitytojui, tod\u0117l stipriau j\u012f jaudina.<\/p>\n<p>Kunigas Tadeu\u0161as Daj\u010deris (Tadeusz Dajczer) gim\u0117 1931 m. Baig\u0119s Teologijos fakultet\u0105 Var\u0161uvoje, studijavo Romos Grigaliaus universitete ir \u012fgijo daktaro laipsn\u012f. Daug met\u0173 d\u0117st\u0117 Var\u0161uvos Katalik\u0173 teologijos akademijoje ir Kardinolo Stefano Vi\u0161inskio universitete. 1994 m. Lenkijos Respublikos prezidentas suteik\u0117 jam teologijos profesoriaus laipsn\u012f.<\/p>\n","protected":false},"excerpt":{"rendered":"<p>Skirtingai nei kitose knygose apie Eucharistij\u0105, svarbiausia \u201eTik\u0117jimo sl\u0117pinio\u201c tema &#8211; \u017emogaus atsiv\u0117rimas \u0161iam Sakramentui arba jo nusiteikimas priimti Sakramento malones. Eucharistija &#8211; vis dar neatrasta \u017eem\u0117, ne\u017einomas pasaulis. Norint gyventi Eucharistija, reikia \u012fsiklausyti \u012f malon\u0117s bals\u0105, kuris ragina: \u012f\u017eenk \u012f t\u0105 neatrast\u0105 \u017eem\u0119, \u017eenk pirm\u0105, antr\u0105, tre\u010di\u0105 \u017eingsn\u012f, ir Jis ims tave vesti. Jis, tavo Dievas, prisik\u0117l\u0119s i\u0161 numirusi\u0173, taigi nugal\u0117j\u0119s visas kli\u016btis ir dabar norintis atskleisti tau t\u0105 stulbinan\u010di\u0105, ant altoriaus vykstan\u010di\u0105 tikrov\u0119. Knygoje pasakojama, kaip atsiverti ant altoriaus ir tabernakulyje esan\u010diam Dievui, kaip nesiprie\u0161inti malonei. Autorius ne tik pateik\u0117 \u017einomas tik\u0117jimo tiesas apie \u0160v\u010d. Eucharistij\u0105, rimt\u0173 teologini\u0173 i\u0161ai\u0161kinim\u0173 ir autoritet\u0173 liudijim\u0173, bet padar\u0117 tai naujai, sukre\u010dian\u010dia j\u0117ga: kalba labiau sau nei skaitytojui, tod\u0117l stipriau j\u012f jaudina. Kunigas Tadeu\u0161as Daj\u010deris (Tadeusz Dajczer) gim\u0117 1931 m. Baig\u0119s Teologijos fakultet\u0105 Var\u0161uvoje, studijavo Romos Grigaliaus universitete ir \u012fgijo daktaro laipsn\u012f. Daug met\u0173 d\u0117st\u0117 Var\u0161uvos Katalik\u0173 teologijos akademijoje ir Kardinolo Stefano Vi\u0161inskio universitete. 1994 m. Lenkijos Respublikos prezidentas suteik\u0117 jam teologijos profesoriaus laipsn\u012f.<\/p>\n","protected":false},"featured_media":21324,"comment_status":"open","ping_status":"closed","template":"","meta":{"_acf_changed":false,"site-sidebar-layout":"default","site-content-layout":"","ast-site-content-layout":"default","site-content-style":"default","site-sidebar-style":"default","ast-global-header-display":"","ast-banner-title-visibility":"","ast-main-header-display":"","ast-hfb-above-header-display":"","ast-hfb-below-header-display":"","ast-hfb-mobile-header-display":"","site-post-title":"","ast-breadcrumbs-content":"","ast-featured-img":"","footer-sml-layout":"","ast-disable-related-posts":"","theme-transparent-header-meta":"","adv-header-id-meta":"","stick-header-meta":"","header-above-stick-meta":"","header-main-stick-meta":"","header-below-stick-meta":"","astra-migrate-meta-layouts":"default","ast-page-background-enabled":"default","ast-page-background-meta":{"desktop":{"background-color":"","background-image":"","background-repeat":"repeat","background-position":"center center","background-size":"auto","background-attachment":"scroll","background-type":"","background-media":"","overlay-type":"","overlay-color":"","overlay-opacity":"","overlay-gradient":""},"tablet":{"background-color":"","background-image":"","background-repeat":"repeat","background-position":"center center","background-size":"auto","background-attachment":"scroll","background-type":"","background-media":"","overlay-type":"","overlay-color":"","overlay-opacity":"","overlay-gradient":""},"mobile":{"background-color":"","background-image":"","background-repeat":"repeat","background-position":"center center","background-size":"auto","background-attachment":"scroll","background-type":"","background-media":"","overlay-type":"","overlay-color":"","overlay-opacity":"","overlay-gradient":""}},"ast-content-background-meta":{"desktop":{"background-color":"var(--ast-global-color-4)","background-image":"","background-repeat":"repeat","background-position":"center center","background-size":"auto","background-attachment":"scroll","background-type":"","background-media":"","overlay-type":"","overlay-color":"","overlay-opacity":"","overlay-gradient":""},"tablet":{"background-color":"var(--ast-global-color-4)","background-image":"","background-repeat":"repeat","background-position":"center center","background-size":"auto","background-attachment":"scroll","background-type":"","background-media":"","overlay-type":"","overlay-color":"","overlay-opacity":"","overlay-gradient":""},"mobile":{"background-color":"var(--ast-global-color-4)","background-image":"","background-repeat":"repeat","background-position":"center center","background-size":"auto","background-attachment":"scroll","background-type":"","background-media":"","overlay-type":"","overlay-color":"","overlay-opacity":"","overlay-gradient":""}}},"product_brand":[],"product_cat":[165],"product_tag":[],"class_list":{"0":"post-21319","1":"product","2":"type-product","3":"status-publish","4":"has-post-thumbnail","6":"product_cat-religija-filosofija-ir-ezoterika","7":"desktop-align-left","8":"tablet-align-left","9":"mobile-align-left","11":"first","12":"outofstock","13":"shipping-taxable","14":"purchasable","15":"product-type-simple"},"acf":[],"yoast_head":"<!-- This site is optimized with the Yoast SEO plugin v27.0 - https:\/\/yoast.com\/product\/yoast-seo-wordpress\/ -->\n<title>Tik\u0117jimo sl\u0117pinys<\/title>\n<meta name=\"description\" content=\"Skirtingai nei kitose knygose apie Eucharistij\u0105, svarbiausia \u201eTik\u0117jimo sl\u0117pinio\u201c tema - \u017emogaus atsiv\u0117rimas \u0161iam Sakramentui arba jo nusiteikimas priimti\" \/>\n<meta name=\"robots\" content=\"index, follow, max-snippet:-1, max-image-preview:large, max-video-preview:-1\" \/>\n<link rel=\"canonical\" href=\"https:\/\/skaitytaknyga.lt\/en\/produktas\/tikejimo-slepinys\/\" \/>\n<meta property=\"og:locale\" content=\"en_GB\" \/>\n<meta property=\"og:locale:alternate\" content=\"lt_LT\" \/>\n<meta property=\"og:type\" content=\"article\" \/>\n<meta property=\"og:title\" content=\"Tik\u0117jimo sl\u0117pinys\" \/>\n<meta property=\"og:description\" content=\"Skirtingai nei kitose knygose apie Eucharistij\u0105, svarbiausia \u201eTik\u0117jimo sl\u0117pinio\u201c tema - \u017emogaus atsiv\u0117rimas \u0161iam Sakramentui arba jo nusiteikimas priimti\" \/>\n<meta property=\"og:url\" content=\"https:\/\/skaitytaknyga.lt\/en\/produktas\/tikejimo-slepinys\/\" \/>\n<meta property=\"og:site_name\" content=\"Skaitytaknyga\" \/>\n<meta property=\"article:publisher\" content=\"https:\/\/www.facebook.com\/skaitytaknyga\/\" \/>\n<meta property=\"article:modified_time\" content=\"2026-02-26T08:10:26+00:00\" \/>\n<meta property=\"og:image\" content=\"https:\/\/skaitytaknyga.lt\/wp-content\/uploads\/2025\/10\/Tikejimo-slepinys-1.webp\" \/>\n\t<meta property=\"og:image:width\" content=\"300\" \/>\n\t<meta property=\"og:image:height\" content=\"443\" \/>\n\t<meta property=\"og:image:type\" content=\"image\/webp\" \/>\n<meta name=\"twitter:card\" content=\"summary_large_image\" \/>\n<meta name=\"twitter:label1\" content=\"Estimated reading time\" \/>\n\t<meta name=\"twitter:data1\" content=\"1 minute\" \/>\n<script type=\"application\/ld+json\" class=\"yoast-schema-graph\">{\"@context\":\"https:\/\/schema.org\",\"@graph\":[{\"@type\":\"WebPage\",\"@id\":\"https:\/\/skaitytaknyga.lt\/produktas\/tikejimo-slepinys\/\",\"url\":\"https:\/\/skaitytaknyga.lt\/produktas\/tikejimo-slepinys\/\",\"name\":\"Tik\u0117jimo sl\u0117pinys\",\"isPartOf\":{\"@id\":\"https:\/\/skaitytaknyga.lt\/#website\"},\"primaryImageOfPage\":{\"@id\":\"https:\/\/skaitytaknyga.lt\/produktas\/tikejimo-slepinys\/#primaryimage\"},\"image\":{\"@id\":\"https:\/\/skaitytaknyga.lt\/produktas\/tikejimo-slepinys\/#primaryimage\"},\"thumbnailUrl\":\"https:\/\/skaitytaknyga.lt\/wp-content\/uploads\/2025\/10\/Tikejimo-slepinys-1.webp\",\"datePublished\":\"2025-10-06T10:49:04+00:00\",\"dateModified\":\"2026-02-26T08:10:26+00:00\",\"description\":\"Skirtingai nei kitose knygose apie Eucharistij\u0105, svarbiausia \u201eTik\u0117jimo sl\u0117pinio\u201c tema - \u017emogaus atsiv\u0117rimas \u0161iam Sakramentui arba jo nusiteikimas priimti\",\"breadcrumb\":{\"@id\":\"https:\/\/skaitytaknyga.lt\/produktas\/tikejimo-slepinys\/#breadcrumb\"},\"inLanguage\":\"en-GB\",\"potentialAction\":[{\"@type\":\"ReadAction\",\"target\":[\"https:\/\/skaitytaknyga.lt\/produktas\/tikejimo-slepinys\/\"]}]},{\"@type\":\"ImageObject\",\"inLanguage\":\"en-GB\",\"@id\":\"https:\/\/skaitytaknyga.lt\/produktas\/tikejimo-slepinys\/#primaryimage\",\"url\":\"https:\/\/skaitytaknyga.lt\/wp-content\/uploads\/2025\/10\/Tikejimo-slepinys-1.webp\",\"contentUrl\":\"https:\/\/skaitytaknyga.lt\/wp-content\/uploads\/2025\/10\/Tikejimo-slepinys-1.webp\",\"width\":300,\"height\":443,\"caption\":\"Tik\u0117jimo sl\u0117pinys\"},{\"@type\":\"BreadcrumbList\",\"@id\":\"https:\/\/skaitytaknyga.lt\/produktas\/tikejimo-slepinys\/#breadcrumb\",\"itemListElement\":[{\"@type\":\"ListItem\",\"position\":1,\"name\":\"Home\",\"item\":\"https:\/\/skaitytaknyga.lt\/\"},{\"@type\":\"ListItem\",\"position\":2,\"name\":\"Parduotuv\u0117\",\"item\":\"https:\/\/skaitytaknyga.lt\/knygu-parduotuve\/\"},{\"@type\":\"ListItem\",\"position\":3,\"name\":\"Tik\u0117jimo sl\u0117pinys\"}]},{\"@type\":\"WebSite\",\"@id\":\"https:\/\/skaitytaknyga.lt\/#website\",\"url\":\"https:\/\/skaitytaknyga.lt\/\",\"name\":\"skaitytaknyga.lt\",\"description\":\"Skaitytaknyga.lt \u2013 tai ma\u017eas \u0161eimos verslas, kuris prasid\u0117jo nuo meil\u0117s knygoms ir siekio i\u0161gelb\u0117ti knygas nuo likimo prie konteinerio. Kas vienam nereikalingas daiktas \u2013 kitam lobis, o mes esame tarpininkai, kurie padeda abiems tapti laimingesniems ???? \u017dinome kaip nelengva i\u0161gyventi ma\u017eiems verslams, tad nuo \u0161iol, \u010dia rasite ir kit\u0173, ma\u017e\u0173 \u0161eim\u0173 versl\u0173, rank\u0173 darbo, dovan\u0173 sau ir artimiesiems.\",\"publisher\":{\"@id\":\"https:\/\/skaitytaknyga.lt\/#organization\"},\"potentialAction\":[{\"@type\":\"SearchAction\",\"target\":{\"@type\":\"EntryPoint\",\"urlTemplate\":\"https:\/\/skaitytaknyga.lt\/?s={search_term_string}\"},\"query-input\":{\"@type\":\"PropertyValueSpecification\",\"valueRequired\":true,\"valueName\":\"search_term_string\"}}],\"inLanguage\":\"en-GB\"},{\"@type\":\"Organization\",\"@id\":\"https:\/\/skaitytaknyga.lt\/#organization\",\"name\":\"skaitytaknyga.lt\",\"url\":\"https:\/\/skaitytaknyga.lt\/\",\"logo\":{\"@type\":\"ImageObject\",\"inLanguage\":\"en-GB\",\"@id\":\"https:\/\/skaitytaknyga.lt\/#\/schema\/logo\/image\/\",\"url\":\"https:\/\/skaitytaknyga.lt\/wp-content\/uploads\/2024\/05\/cropped-cropped-cropped-02_00843_jt3bggkj1j3HLc7SyY6rEUpg.jpeg\",\"contentUrl\":\"https:\/\/skaitytaknyga.lt\/wp-content\/uploads\/2024\/05\/cropped-cropped-cropped-02_00843_jt3bggkj1j3HLc7SyY6rEUpg.jpeg\",\"width\":1600,\"height\":1600,\"caption\":\"skaitytaknyga.lt\"},\"image\":{\"@id\":\"https:\/\/skaitytaknyga.lt\/#\/schema\/logo\/image\/\"},\"sameAs\":[\"https:\/\/www.facebook.com\/skaitytaknyga\/\"]}]}<\/script>\n<!-- \/ Yoast SEO plugin. -->","yoast_head_json":{"title":"Tik\u0117jimo sl\u0117pinys","description":"Skirtingai nei kitose knygose apie Eucharistij\u0105, svarbiausia \u201eTik\u0117jimo sl\u0117pinio\u201c tema - \u017emogaus atsiv\u0117rimas \u0161iam Sakramentui arba jo nusiteikimas priimti","robots":{"index":"index","follow":"follow","max-snippet":"max-snippet:-1","max-image-preview":"max-image-preview:large","max-video-preview":"max-video-preview:-1"},"canonical":"https:\/\/skaitytaknyga.lt\/en\/produktas\/tikejimo-slepinys\/","og_locale":"en_GB","og_type":"article","og_title":"[:lt]Tik\u0117jimo sl\u0117pinys[:] - Skaitytaknyga","og_description":"Skirtingai nei kitose knygose apie Eucharistij\u0105, svarbiausia \u201eTik\u0117jimo sl\u0117pinio\u201c tema - \u017emogaus atsiv\u0117rimas \u0161iam Sakramentui arba jo nusiteikimas priimti","og_url":"https:\/\/skaitytaknyga.lt\/en\/produktas\/tikejimo-slepinys\/","og_site_name":"Skaitytaknyga","article_publisher":"https:\/\/www.facebook.com\/skaitytaknyga\/","article_modified_time":"2026-02-26T08:10:26+00:00","og_image":[{"width":300,"height":443,"url":"https:\/\/skaitytaknyga.lt\/wp-content\/uploads\/2025\/10\/Tikejimo-slepinys-1.webp","type":"image\/webp"}],"twitter_card":"summary_large_image","twitter_misc":{"Estimated reading time":"1 minute"},"schema":{"@context":"https:\/\/schema.org","@graph":[{"@type":"WebPage","@id":"https:\/\/skaitytaknyga.lt\/produktas\/tikejimo-slepinys\/","url":"https:\/\/skaitytaknyga.lt\/produktas\/tikejimo-slepinys\/","name":"Tik\u0117jimo sl\u0117pinys","isPartOf":{"@id":"https:\/\/skaitytaknyga.lt\/#website"},"primaryImageOfPage":{"@id":"https:\/\/skaitytaknyga.lt\/produktas\/tikejimo-slepinys\/#primaryimage"},"image":{"@id":"https:\/\/skaitytaknyga.lt\/produktas\/tikejimo-slepinys\/#primaryimage"},"thumbnailUrl":"https:\/\/skaitytaknyga.lt\/wp-content\/uploads\/2025\/10\/Tikejimo-slepinys-1.webp","datePublished":"2025-10-06T10:49:04+00:00","dateModified":"2026-02-26T08:10:26+00:00","description":"Skirtingai nei kitose knygose apie Eucharistij\u0105, svarbiausia \u201eTik\u0117jimo sl\u0117pinio\u201c tema - \u017emogaus atsiv\u0117rimas \u0161iam Sakramentui arba jo nusiteikimas priimti","breadcrumb":{"@id":"https:\/\/skaitytaknyga.lt\/produktas\/tikejimo-slepinys\/#breadcrumb"},"inLanguage":"en-GB","potentialAction":[{"@type":"ReadAction","target":["https:\/\/skaitytaknyga.lt\/produktas\/tikejimo-slepinys\/"]}]},{"@type":"ImageObject","inLanguage":"en-GB","@id":"https:\/\/skaitytaknyga.lt\/produktas\/tikejimo-slepinys\/#primaryimage","url":"https:\/\/skaitytaknyga.lt\/wp-content\/uploads\/2025\/10\/Tikejimo-slepinys-1.webp","contentUrl":"https:\/\/skaitytaknyga.lt\/wp-content\/uploads\/2025\/10\/Tikejimo-slepinys-1.webp","width":300,"height":443,"caption":"Tik\u0117jimo sl\u0117pinys"},{"@type":"BreadcrumbList","@id":"https:\/\/skaitytaknyga.lt\/produktas\/tikejimo-slepinys\/#breadcrumb","itemListElement":[{"@type":"ListItem","position":1,"name":"Home","item":"https:\/\/skaitytaknyga.lt\/"},{"@type":"ListItem","position":2,"name":"Parduotuv\u0117","item":"https:\/\/skaitytaknyga.lt\/knygu-parduotuve\/"},{"@type":"ListItem","position":3,"name":"Tik\u0117jimo sl\u0117pinys"}]},{"@type":"WebSite","@id":"https:\/\/skaitytaknyga.lt\/#website","url":"https:\/\/skaitytaknyga.lt\/","name":"skaitytaknyga.lt","description":"Skaitytaknyga.lt \u2013 tai ma\u017eas \u0161eimos verslas, kuris prasid\u0117jo nuo meil\u0117s knygoms ir siekio i\u0161gelb\u0117ti knygas nuo likimo prie konteinerio. Kas vienam nereikalingas daiktas \u2013 kitam lobis, o mes esame tarpininkai, kurie padeda abiems tapti laimingesniems ???? \u017dinome kaip nelengva i\u0161gyventi ma\u017eiems verslams, tad nuo \u0161iol, \u010dia rasite ir kit\u0173, ma\u017e\u0173 \u0161eim\u0173 versl\u0173, rank\u0173 darbo, dovan\u0173 sau ir artimiesiems.","publisher":{"@id":"https:\/\/skaitytaknyga.lt\/#organization"},"potentialAction":[{"@type":"SearchAction","target":{"@type":"EntryPoint","urlTemplate":"https:\/\/skaitytaknyga.lt\/?s={search_term_string}"},"query-input":{"@type":"PropertyValueSpecification","valueRequired":true,"valueName":"search_term_string"}}],"inLanguage":"en-GB"},{"@type":"Organization","@id":"https:\/\/skaitytaknyga.lt\/#organization","name":"skaitytaknyga.lt","url":"https:\/\/skaitytaknyga.lt\/","logo":{"@type":"ImageObject","inLanguage":"en-GB","@id":"https:\/\/skaitytaknyga.lt\/#\/schema\/logo\/image\/","url":"https:\/\/skaitytaknyga.lt\/wp-content\/uploads\/2024\/05\/cropped-cropped-cropped-02_00843_jt3bggkj1j3HLc7SyY6rEUpg.jpeg","contentUrl":"https:\/\/skaitytaknyga.lt\/wp-content\/uploads\/2024\/05\/cropped-cropped-cropped-02_00843_jt3bggkj1j3HLc7SyY6rEUpg.jpeg","width":1600,"height":1600,"caption":"skaitytaknyga.lt"},"image":{"@id":"https:\/\/skaitytaknyga.lt\/#\/schema\/logo\/image\/"},"sameAs":["https:\/\/www.facebook.com\/skaitytaknyga\/"]}]}},"_links":{"self":[{"href":"https:\/\/skaitytaknyga.lt\/en\/wp-json\/wp\/v2\/product\/21319","targetHints":{"allow":["GET"]}}],"collection":[{"href":"https:\/\/skaitytaknyga.lt\/en\/wp-json\/wp\/v2\/product"}],"about":[{"href":"https:\/\/skaitytaknyga.lt\/en\/wp-json\/wp\/v2\/types\/product"}],"replies":[{"embeddable":true,"href":"https:\/\/skaitytaknyga.lt\/en\/wp-json\/wp\/v2\/comments?post=21319"}],"wp:featuredmedia":[{"embeddable":true,"href":"https:\/\/skaitytaknyga.lt\/en\/wp-json\/wp\/v2\/media\/21324"}],"wp:attachment":[{"href":"https:\/\/skaitytaknyga.lt\/en\/wp-json\/wp\/v2\/media?parent=21319"}],"wp:term":[{"taxonomy":"product_brand","embeddable":true,"href":"https:\/\/skaitytaknyga.lt\/en\/wp-json\/wp\/v2\/product_brand?post=21319"},{"taxonomy":"product_cat","embeddable":true,"href":"https:\/\/skaitytaknyga.lt\/en\/wp-json\/wp\/v2\/product_cat?post=21319"},{"taxonomy":"product_tag","embeddable":true,"href":"https:\/\/skaitytaknyga.lt\/en\/wp-json\/wp\/v2\/product_tag?post=21319"}],"curies":[{"name":"wp","href":"https:\/\/api.w.org\/{rel}","templated":true}]}}