{"id":21306,"date":"2025-10-06T10:34:46","date_gmt":"2025-10-06T07:34:46","guid":{"rendered":"https:\/\/skaitytaknyga.lt\/?post_type=product&#038;p=21306"},"modified":"2026-02-26T10:10:26","modified_gmt":"2026-02-26T08:10:26","slug":"laukiantys-tevo-namai-apie-sunaus-palaiduno-sugrizima","status":"publish","type":"product","link":"https:\/\/skaitytaknyga.lt\/en\/produktas\/laukiantys-tevo-namai-apie-sunaus-palaiduno-sugrizima\/","title":{"rendered":"Laukiantys t\u0117vo namai. Apie s\u016bnaus palaid\u016bno sugr\u012f\u017eim\u0105"},"content":{"rendered":"<p>Nors ir nelengva savo vidin\u0119 patirt\u012f i\u0161sakyti \u017eod\u017eiais, apm\u0105stydamas Evangelijos pagal Luk\u0105 i\u0161trauk\u0105 apie s\u016bn\u0173 palaid\u016bn\u0105 ir Rembranto paveiksl\u0105 \u201eS\u016bnaus palaid\u016bno sugr\u012f\u017eimas\u201c, autorius ry\u017eosi rizikuoti: jam pavyko surasti originali\u0173 min\u010di\u0173 i\u0161rai\u0161kos b\u016bd\u0105 bei kuo suprantamiau perteikti asmeni\u0161kus i\u0161gyvenimus apie tai, kaip jis suprato es\u0105s Dievo numyl\u0117tinis s\u016bnus.<\/p>\n<p>Henris Nouvenas (Henri J. M. Nouwen) tetrok\u0161ta vieno &#8211; kiekvienam pad\u0117ti atrasti savo asmenines s\u0105sajas tarp \u012f\u017eymiojo biblinio palyginimo ir savo pa\u010di\u0173 gyvenimo. Jis ragina visus \u0161\u012f pasakojim\u0105 apie s\u016bn\u0173 palaid\u016bn\u0105 paversti pa\u010dia esmingiausia savo sielos istorija. Atskleid\u017eia, k\u0105 i\u0161ties rei\u0161kia nam\u0173 s\u0105voka ir sugr\u012f\u017eimas \u012f juos dvasine prasme. Tai kvietimas gyventi savo \u0161irdimi n\u0117 kiek ne ma\u017eiau nei protu, o praktine patirtimi remtis ne daugiau nei savo \u012fsitikinimais ir visi\u0161kai atsiduoti nenusp\u0117jamam Vie\u0161paties apvaizdos vadovavimui.<\/p>\n","protected":false},"excerpt":{"rendered":"<p>Nors ir nelengva savo vidin\u0119 patirt\u012f i\u0161sakyti \u017eod\u017eiais, apm\u0105stydamas Evangelijos pagal Luk\u0105 i\u0161trauk\u0105 apie s\u016bn\u0173 palaid\u016bn\u0105 ir Rembranto paveiksl\u0105 \u201eS\u016bnaus palaid\u016bno sugr\u012f\u017eimas\u201c, autorius ry\u017eosi rizikuoti: jam pavyko surasti originali\u0173 min\u010di\u0173 i\u0161rai\u0161kos b\u016bd\u0105 bei kuo suprantamiau perteikti asmeni\u0161kus i\u0161gyvenimus apie tai, kaip jis suprato es\u0105s Dievo numyl\u0117tinis s\u016bnus. Henris Nouvenas (Henri J. M. Nouwen) tetrok\u0161ta vieno &#8211; kiekvienam pad\u0117ti atrasti savo asmenines s\u0105sajas tarp \u012f\u017eymiojo biblinio palyginimo ir savo pa\u010di\u0173 gyvenimo. Jis ragina visus \u0161\u012f pasakojim\u0105 apie s\u016bn\u0173 palaid\u016bn\u0105 paversti pa\u010dia esmingiausia savo sielos istorija. Atskleid\u017eia, k\u0105 i\u0161ties rei\u0161kia nam\u0173 s\u0105voka ir sugr\u012f\u017eimas \u012f juos dvasine prasme. Tai kvietimas gyventi savo \u0161irdimi n\u0117 kiek ne ma\u017eiau nei protu, o praktine patirtimi remtis ne daugiau nei savo \u012fsitikinimais ir visi\u0161kai atsiduoti nenusp\u0117jamam Vie\u0161paties apvaizdos vadovavimui.<\/p>\n","protected":false},"featured_media":21310,"comment_status":"open","ping_status":"closed","template":"","meta":{"_acf_changed":false,"site-sidebar-layout":"default","site-content-layout":"","ast-site-content-layout":"default","site-content-style":"default","site-sidebar-style":"default","ast-global-header-display":"","ast-banner-title-visibility":"","ast-main-header-display":"","ast-hfb-above-header-display":"","ast-hfb-below-header-display":"","ast-hfb-mobile-header-display":"","site-post-title":"","ast-breadcrumbs-content":"","ast-featured-img":"","footer-sml-layout":"","ast-disable-related-posts":"","theme-transparent-header-meta":"","adv-header-id-meta":"","stick-header-meta":"","header-above-stick-meta":"","header-main-stick-meta":"","header-below-stick-meta":"","astra-migrate-meta-layouts":"default","ast-page-background-enabled":"default","ast-page-background-meta":{"desktop":{"background-color":"","background-image":"","background-repeat":"repeat","background-position":"center center","background-size":"auto","background-attachment":"scroll","background-type":"","background-media":"","overlay-type":"","overlay-color":"","overlay-opacity":"","overlay-gradient":""},"tablet":{"background-color":"","background-image":"","background-repeat":"repeat","background-position":"center center","background-size":"auto","background-attachment":"scroll","background-type":"","background-media":"","overlay-type":"","overlay-color":"","overlay-opacity":"","overlay-gradient":""},"mobile":{"background-color":"","background-image":"","background-repeat":"repeat","background-position":"center center","background-size":"auto","background-attachment":"scroll","background-type":"","background-media":"","overlay-type":"","overlay-color":"","overlay-opacity":"","overlay-gradient":""}},"ast-content-background-meta":{"desktop":{"background-color":"var(--ast-global-color-4)","background-image":"","background-repeat":"repeat","background-position":"center center","background-size":"auto","background-attachment":"scroll","background-type":"","background-media":"","overlay-type":"","overlay-color":"","overlay-opacity":"","overlay-gradient":""},"tablet":{"background-color":"var(--ast-global-color-4)","background-image":"","background-repeat":"repeat","background-position":"center center","background-size":"auto","background-attachment":"scroll","background-type":"","background-media":"","overlay-type":"","overlay-color":"","overlay-opacity":"","overlay-gradient":""},"mobile":{"background-color":"var(--ast-global-color-4)","background-image":"","background-repeat":"repeat","background-position":"center center","background-size":"auto","background-attachment":"scroll","background-type":"","background-media":"","overlay-type":"","overlay-color":"","overlay-opacity":"","overlay-gradient":""}}},"product_brand":[],"product_cat":[165],"product_tag":[1994,8302,8300,1942,8290,8301],"class_list":{"0":"post-21306","1":"product","2":"type-product","3":"status-publish","4":"has-post-thumbnail","6":"product_cat-religija-filosofija-ir-ezoterika","7":"product_tag-dvasinis-augimas","8":"product_tag-evangelija-pagal-luka","9":"product_tag-henri-j-m-nouwen","10":"product_tag-krikscionybe","11":"product_tag-religine-patirtis","12":"product_tag-sunus-palaidunas","13":"desktop-align-left","14":"tablet-align-left","15":"mobile-align-left","17":"first","18":"outofstock","19":"shipping-taxable","20":"purchasable","21":"product-type-simple"},"acf":[],"yoast_head":"<!-- This site is optimized with the Yoast SEO plugin v27.0 - https:\/\/yoast.com\/product\/yoast-seo-wordpress\/ -->\n<title>Laukiantys t\u0117vo namai. Apie s\u016bnaus palaid\u016bno sugr\u012f\u017eim\u0105<\/title>\n<meta name=\"description\" content=\"Nors ir nelengva savo vidin\u0119 patirt\u012f i\u0161sakyti \u017eod\u017eiais, apm\u0105stydamas Evangelijos pagal Luk\u0105 i\u0161trauk\u0105 apie s\u016bn\u0173 palaid\u016bn\u0105 ir Rembranto paveiksl\u0105 \u201eS\u016bnaus\" \/>\n<meta name=\"robots\" content=\"index, follow, max-snippet:-1, max-image-preview:large, max-video-preview:-1\" \/>\n<link rel=\"canonical\" href=\"https:\/\/skaitytaknyga.lt\/en\/produktas\/laukiantys-tevo-namai-apie-sunaus-palaiduno-sugrizima\/\" \/>\n<meta property=\"og:locale\" content=\"en_GB\" \/>\n<meta property=\"og:locale:alternate\" content=\"lt_LT\" \/>\n<meta property=\"og:type\" content=\"article\" \/>\n<meta property=\"og:title\" content=\"Laukiantys t\u0117vo namai. Apie s\u016bnaus palaid\u016bno sugr\u012f\u017eim\u0105\" \/>\n<meta property=\"og:description\" content=\"Nors ir nelengva savo vidin\u0119 patirt\u012f i\u0161sakyti \u017eod\u017eiais, apm\u0105stydamas Evangelijos pagal Luk\u0105 i\u0161trauk\u0105 apie s\u016bn\u0173 palaid\u016bn\u0105 ir Rembranto paveiksl\u0105 \u201eS\u016bnaus\" \/>\n<meta property=\"og:url\" content=\"https:\/\/skaitytaknyga.lt\/en\/produktas\/laukiantys-tevo-namai-apie-sunaus-palaiduno-sugrizima\/\" \/>\n<meta property=\"og:site_name\" content=\"Skaitytaknyga\" \/>\n<meta property=\"article:publisher\" content=\"https:\/\/www.facebook.com\/skaitytaknyga\/\" \/>\n<meta property=\"article:modified_time\" content=\"2026-02-26T08:10:26+00:00\" \/>\n<meta property=\"og:image\" content=\"https:\/\/skaitytaknyga.lt\/wp-content\/uploads\/2025\/10\/Laukiantys-tevo-namai.-Apie-sunaus-palaiduno-sugrizima.jpg\" \/>\n\t<meta property=\"og:image:width\" content=\"300\" \/>\n\t<meta property=\"og:image:height\" content=\"478\" \/>\n\t<meta property=\"og:image:type\" content=\"image\/jpeg\" \/>\n<meta name=\"twitter:card\" content=\"summary_large_image\" \/>\n<meta name=\"twitter:label1\" content=\"Estimated reading time\" \/>\n\t<meta name=\"twitter:data1\" content=\"1 minute\" \/>\n<script type=\"application\/ld+json\" class=\"yoast-schema-graph\">{\"@context\":\"https:\/\/schema.org\",\"@graph\":[{\"@type\":\"WebPage\",\"@id\":\"https:\/\/skaitytaknyga.lt\/produktas\/laukiantys-tevo-namai-apie-sunaus-palaiduno-sugrizima\/\",\"url\":\"https:\/\/skaitytaknyga.lt\/produktas\/laukiantys-tevo-namai-apie-sunaus-palaiduno-sugrizima\/\",\"name\":\"Laukiantys t\u0117vo namai. Apie s\u016bnaus palaid\u016bno sugr\u012f\u017eim\u0105\",\"isPartOf\":{\"@id\":\"https:\/\/skaitytaknyga.lt\/#website\"},\"primaryImageOfPage\":{\"@id\":\"https:\/\/skaitytaknyga.lt\/produktas\/laukiantys-tevo-namai-apie-sunaus-palaiduno-sugrizima\/#primaryimage\"},\"image\":{\"@id\":\"https:\/\/skaitytaknyga.lt\/produktas\/laukiantys-tevo-namai-apie-sunaus-palaiduno-sugrizima\/#primaryimage\"},\"thumbnailUrl\":\"https:\/\/skaitytaknyga.lt\/wp-content\/uploads\/2025\/10\/Laukiantys-tevo-namai.-Apie-sunaus-palaiduno-sugrizima.jpg\",\"datePublished\":\"2025-10-06T07:34:46+00:00\",\"dateModified\":\"2026-02-26T08:10:26+00:00\",\"description\":\"Nors ir nelengva savo vidin\u0119 patirt\u012f i\u0161sakyti \u017eod\u017eiais, apm\u0105stydamas Evangelijos pagal Luk\u0105 i\u0161trauk\u0105 apie s\u016bn\u0173 palaid\u016bn\u0105 ir Rembranto paveiksl\u0105 \u201eS\u016bnaus\",\"breadcrumb\":{\"@id\":\"https:\/\/skaitytaknyga.lt\/produktas\/laukiantys-tevo-namai-apie-sunaus-palaiduno-sugrizima\/#breadcrumb\"},\"inLanguage\":\"en-GB\",\"potentialAction\":[{\"@type\":\"ReadAction\",\"target\":[\"https:\/\/skaitytaknyga.lt\/produktas\/laukiantys-tevo-namai-apie-sunaus-palaiduno-sugrizima\/\"]}]},{\"@type\":\"ImageObject\",\"inLanguage\":\"en-GB\",\"@id\":\"https:\/\/skaitytaknyga.lt\/produktas\/laukiantys-tevo-namai-apie-sunaus-palaiduno-sugrizima\/#primaryimage\",\"url\":\"https:\/\/skaitytaknyga.lt\/wp-content\/uploads\/2025\/10\/Laukiantys-tevo-namai.-Apie-sunaus-palaiduno-sugrizima.jpg\",\"contentUrl\":\"https:\/\/skaitytaknyga.lt\/wp-content\/uploads\/2025\/10\/Laukiantys-tevo-namai.-Apie-sunaus-palaiduno-sugrizima.jpg\",\"width\":300,\"height\":478},{\"@type\":\"BreadcrumbList\",\"@id\":\"https:\/\/skaitytaknyga.lt\/produktas\/laukiantys-tevo-namai-apie-sunaus-palaiduno-sugrizima\/#breadcrumb\",\"itemListElement\":[{\"@type\":\"ListItem\",\"position\":1,\"name\":\"Home\",\"item\":\"https:\/\/skaitytaknyga.lt\/\"},{\"@type\":\"ListItem\",\"position\":2,\"name\":\"Parduotuv\u0117\",\"item\":\"https:\/\/skaitytaknyga.lt\/knygu-parduotuve\/\"},{\"@type\":\"ListItem\",\"position\":3,\"name\":\"Laukiantys t\u0117vo namai. Apie s\u016bnaus palaid\u016bno sugr\u012f\u017eim\u0105\"}]},{\"@type\":\"WebSite\",\"@id\":\"https:\/\/skaitytaknyga.lt\/#website\",\"url\":\"https:\/\/skaitytaknyga.lt\/\",\"name\":\"skaitytaknyga.lt\",\"description\":\"Skaitytaknyga.lt \u2013 tai ma\u017eas \u0161eimos verslas, kuris prasid\u0117jo nuo meil\u0117s knygoms ir siekio i\u0161gelb\u0117ti knygas nuo likimo prie konteinerio. Kas vienam nereikalingas daiktas \u2013 kitam lobis, o mes esame tarpininkai, kurie padeda abiems tapti laimingesniems ???? \u017dinome kaip nelengva i\u0161gyventi ma\u017eiems verslams, tad nuo \u0161iol, \u010dia rasite ir kit\u0173, ma\u017e\u0173 \u0161eim\u0173 versl\u0173, rank\u0173 darbo, dovan\u0173 sau ir artimiesiems.\",\"publisher\":{\"@id\":\"https:\/\/skaitytaknyga.lt\/#organization\"},\"potentialAction\":[{\"@type\":\"SearchAction\",\"target\":{\"@type\":\"EntryPoint\",\"urlTemplate\":\"https:\/\/skaitytaknyga.lt\/?s={search_term_string}\"},\"query-input\":{\"@type\":\"PropertyValueSpecification\",\"valueRequired\":true,\"valueName\":\"search_term_string\"}}],\"inLanguage\":\"en-GB\"},{\"@type\":\"Organization\",\"@id\":\"https:\/\/skaitytaknyga.lt\/#organization\",\"name\":\"skaitytaknyga.lt\",\"url\":\"https:\/\/skaitytaknyga.lt\/\",\"logo\":{\"@type\":\"ImageObject\",\"inLanguage\":\"en-GB\",\"@id\":\"https:\/\/skaitytaknyga.lt\/#\/schema\/logo\/image\/\",\"url\":\"https:\/\/skaitytaknyga.lt\/wp-content\/uploads\/2024\/05\/cropped-cropped-cropped-02_00843_jt3bggkj1j3HLc7SyY6rEUpg.jpeg\",\"contentUrl\":\"https:\/\/skaitytaknyga.lt\/wp-content\/uploads\/2024\/05\/cropped-cropped-cropped-02_00843_jt3bggkj1j3HLc7SyY6rEUpg.jpeg\",\"width\":1600,\"height\":1600,\"caption\":\"skaitytaknyga.lt\"},\"image\":{\"@id\":\"https:\/\/skaitytaknyga.lt\/#\/schema\/logo\/image\/\"},\"sameAs\":[\"https:\/\/www.facebook.com\/skaitytaknyga\/\"]}]}<\/script>\n<!-- \/ Yoast SEO plugin. -->","yoast_head_json":{"title":"Laukiantys t\u0117vo namai. Apie s\u016bnaus palaid\u016bno sugr\u012f\u017eim\u0105","description":"Nors ir nelengva savo vidin\u0119 patirt\u012f i\u0161sakyti \u017eod\u017eiais, apm\u0105stydamas Evangelijos pagal Luk\u0105 i\u0161trauk\u0105 apie s\u016bn\u0173 palaid\u016bn\u0105 ir Rembranto paveiksl\u0105 \u201eS\u016bnaus","robots":{"index":"index","follow":"follow","max-snippet":"max-snippet:-1","max-image-preview":"max-image-preview:large","max-video-preview":"max-video-preview:-1"},"canonical":"https:\/\/skaitytaknyga.lt\/en\/produktas\/laukiantys-tevo-namai-apie-sunaus-palaiduno-sugrizima\/","og_locale":"en_GB","og_type":"article","og_title":"[:lt]Laukiantys t\u0117vo namai. Apie s\u016bnaus palaid\u016bno sugr\u012f\u017eim\u0105[:] - Skaitytaknyga","og_description":"Nors ir nelengva savo vidin\u0119 patirt\u012f i\u0161sakyti \u017eod\u017eiais, apm\u0105stydamas Evangelijos pagal Luk\u0105 i\u0161trauk\u0105 apie s\u016bn\u0173 palaid\u016bn\u0105 ir Rembranto paveiksl\u0105 \u201eS\u016bnaus","og_url":"https:\/\/skaitytaknyga.lt\/en\/produktas\/laukiantys-tevo-namai-apie-sunaus-palaiduno-sugrizima\/","og_site_name":"Skaitytaknyga","article_publisher":"https:\/\/www.facebook.com\/skaitytaknyga\/","article_modified_time":"2026-02-26T08:10:26+00:00","og_image":[{"width":300,"height":478,"url":"https:\/\/skaitytaknyga.lt\/wp-content\/uploads\/2025\/10\/Laukiantys-tevo-namai.-Apie-sunaus-palaiduno-sugrizima.jpg","type":"image\/jpeg"}],"twitter_card":"summary_large_image","twitter_misc":{"Estimated reading time":"1 minute"},"schema":{"@context":"https:\/\/schema.org","@graph":[{"@type":"WebPage","@id":"https:\/\/skaitytaknyga.lt\/produktas\/laukiantys-tevo-namai-apie-sunaus-palaiduno-sugrizima\/","url":"https:\/\/skaitytaknyga.lt\/produktas\/laukiantys-tevo-namai-apie-sunaus-palaiduno-sugrizima\/","name":"Laukiantys t\u0117vo namai. Apie s\u016bnaus palaid\u016bno sugr\u012f\u017eim\u0105","isPartOf":{"@id":"https:\/\/skaitytaknyga.lt\/#website"},"primaryImageOfPage":{"@id":"https:\/\/skaitytaknyga.lt\/produktas\/laukiantys-tevo-namai-apie-sunaus-palaiduno-sugrizima\/#primaryimage"},"image":{"@id":"https:\/\/skaitytaknyga.lt\/produktas\/laukiantys-tevo-namai-apie-sunaus-palaiduno-sugrizima\/#primaryimage"},"thumbnailUrl":"https:\/\/skaitytaknyga.lt\/wp-content\/uploads\/2025\/10\/Laukiantys-tevo-namai.-Apie-sunaus-palaiduno-sugrizima.jpg","datePublished":"2025-10-06T07:34:46+00:00","dateModified":"2026-02-26T08:10:26+00:00","description":"Nors ir nelengva savo vidin\u0119 patirt\u012f i\u0161sakyti \u017eod\u017eiais, apm\u0105stydamas Evangelijos pagal Luk\u0105 i\u0161trauk\u0105 apie s\u016bn\u0173 palaid\u016bn\u0105 ir Rembranto paveiksl\u0105 \u201eS\u016bnaus","breadcrumb":{"@id":"https:\/\/skaitytaknyga.lt\/produktas\/laukiantys-tevo-namai-apie-sunaus-palaiduno-sugrizima\/#breadcrumb"},"inLanguage":"en-GB","potentialAction":[{"@type":"ReadAction","target":["https:\/\/skaitytaknyga.lt\/produktas\/laukiantys-tevo-namai-apie-sunaus-palaiduno-sugrizima\/"]}]},{"@type":"ImageObject","inLanguage":"en-GB","@id":"https:\/\/skaitytaknyga.lt\/produktas\/laukiantys-tevo-namai-apie-sunaus-palaiduno-sugrizima\/#primaryimage","url":"https:\/\/skaitytaknyga.lt\/wp-content\/uploads\/2025\/10\/Laukiantys-tevo-namai.-Apie-sunaus-palaiduno-sugrizima.jpg","contentUrl":"https:\/\/skaitytaknyga.lt\/wp-content\/uploads\/2025\/10\/Laukiantys-tevo-namai.-Apie-sunaus-palaiduno-sugrizima.jpg","width":300,"height":478},{"@type":"BreadcrumbList","@id":"https:\/\/skaitytaknyga.lt\/produktas\/laukiantys-tevo-namai-apie-sunaus-palaiduno-sugrizima\/#breadcrumb","itemListElement":[{"@type":"ListItem","position":1,"name":"Home","item":"https:\/\/skaitytaknyga.lt\/"},{"@type":"ListItem","position":2,"name":"Parduotuv\u0117","item":"https:\/\/skaitytaknyga.lt\/knygu-parduotuve\/"},{"@type":"ListItem","position":3,"name":"Laukiantys t\u0117vo namai. Apie s\u016bnaus palaid\u016bno sugr\u012f\u017eim\u0105"}]},{"@type":"WebSite","@id":"https:\/\/skaitytaknyga.lt\/#website","url":"https:\/\/skaitytaknyga.lt\/","name":"skaitytaknyga.lt","description":"Skaitytaknyga.lt \u2013 tai ma\u017eas \u0161eimos verslas, kuris prasid\u0117jo nuo meil\u0117s knygoms ir siekio i\u0161gelb\u0117ti knygas nuo likimo prie konteinerio. Kas vienam nereikalingas daiktas \u2013 kitam lobis, o mes esame tarpininkai, kurie padeda abiems tapti laimingesniems ???? \u017dinome kaip nelengva i\u0161gyventi ma\u017eiems verslams, tad nuo \u0161iol, \u010dia rasite ir kit\u0173, ma\u017e\u0173 \u0161eim\u0173 versl\u0173, rank\u0173 darbo, dovan\u0173 sau ir artimiesiems.","publisher":{"@id":"https:\/\/skaitytaknyga.lt\/#organization"},"potentialAction":[{"@type":"SearchAction","target":{"@type":"EntryPoint","urlTemplate":"https:\/\/skaitytaknyga.lt\/?s={search_term_string}"},"query-input":{"@type":"PropertyValueSpecification","valueRequired":true,"valueName":"search_term_string"}}],"inLanguage":"en-GB"},{"@type":"Organization","@id":"https:\/\/skaitytaknyga.lt\/#organization","name":"skaitytaknyga.lt","url":"https:\/\/skaitytaknyga.lt\/","logo":{"@type":"ImageObject","inLanguage":"en-GB","@id":"https:\/\/skaitytaknyga.lt\/#\/schema\/logo\/image\/","url":"https:\/\/skaitytaknyga.lt\/wp-content\/uploads\/2024\/05\/cropped-cropped-cropped-02_00843_jt3bggkj1j3HLc7SyY6rEUpg.jpeg","contentUrl":"https:\/\/skaitytaknyga.lt\/wp-content\/uploads\/2024\/05\/cropped-cropped-cropped-02_00843_jt3bggkj1j3HLc7SyY6rEUpg.jpeg","width":1600,"height":1600,"caption":"skaitytaknyga.lt"},"image":{"@id":"https:\/\/skaitytaknyga.lt\/#\/schema\/logo\/image\/"},"sameAs":["https:\/\/www.facebook.com\/skaitytaknyga\/"]}]}},"_links":{"self":[{"href":"https:\/\/skaitytaknyga.lt\/en\/wp-json\/wp\/v2\/product\/21306","targetHints":{"allow":["GET"]}}],"collection":[{"href":"https:\/\/skaitytaknyga.lt\/en\/wp-json\/wp\/v2\/product"}],"about":[{"href":"https:\/\/skaitytaknyga.lt\/en\/wp-json\/wp\/v2\/types\/product"}],"replies":[{"embeddable":true,"href":"https:\/\/skaitytaknyga.lt\/en\/wp-json\/wp\/v2\/comments?post=21306"}],"wp:featuredmedia":[{"embeddable":true,"href":"https:\/\/skaitytaknyga.lt\/en\/wp-json\/wp\/v2\/media\/21310"}],"wp:attachment":[{"href":"https:\/\/skaitytaknyga.lt\/en\/wp-json\/wp\/v2\/media?parent=21306"}],"wp:term":[{"taxonomy":"product_brand","embeddable":true,"href":"https:\/\/skaitytaknyga.lt\/en\/wp-json\/wp\/v2\/product_brand?post=21306"},{"taxonomy":"product_cat","embeddable":true,"href":"https:\/\/skaitytaknyga.lt\/en\/wp-json\/wp\/v2\/product_cat?post=21306"},{"taxonomy":"product_tag","embeddable":true,"href":"https:\/\/skaitytaknyga.lt\/en\/wp-json\/wp\/v2\/product_tag?post=21306"}],"curies":[{"name":"wp","href":"https:\/\/api.w.org\/{rel}","templated":true}]}}