{"id":21305,"date":"2025-10-06T10:34:46","date_gmt":"2025-10-06T07:34:46","guid":{"rendered":"https:\/\/skaitytaknyga.lt\/?post_type=product&#038;p=21305"},"modified":"2026-04-13T21:37:17","modified_gmt":"2026-04-13T18:37:17","slug":"kas-siela-skaudina-ir-kas-gydo","status":"publish","type":"product","link":"https:\/\/skaitytaknyga.lt\/en\/produktas\/kas-siela-skaudina-ir-kas-gydo\/","title":{"rendered":"Kas siel\u0105 skaudina ir kas gydo"},"content":{"rendered":"<p>Joks kitas psichoterapeutas paskutiniaisiais metais terapijos srityje nesulauk\u0117 tokio pripa\u017einimo kaip Bertas Hellingeris.<\/p>\n<p>Psichoterapeutas ir praktikuojantis gydytojas Thomas Schaferis pla\u010diam skaitytoj\u0173 ratui prieinama forma pateikia B. Hellingerio darbo metod\u0173 pagrindus.<\/p>\n<p>Kokie yra sunki\u0173 susirgim\u0173 \u0161eiminiai u\u017ekulisiai?<\/p>\n<p>Kod\u0117l vieni ry\u0161iai tarp vyro ir \u017emonos, vaik\u0173 ir t\u0117v\u0173 klostosi harmoningai, o kiti nutr\u016bksta?<\/p>\n<p>Kok\u012f vaidmen\u012f \u017emogaus gyvenime vaidina religija?<\/p>\n<p>Koks turi b\u016bti po\u017ei\u016bris \u012f mirt\u012f ir gyvenim\u0105.<\/p>\n","protected":false},"excerpt":{"rendered":"<p>Joks kitas psichoterapeutas paskutiniaisiais metais terapijos srityje nesulauk\u0117 tokio pripa\u017einimo kaip Bertas Hellingeris. Psichoterapeutas ir praktikuojantis gydytojas Thomas Schaferis pla\u010diam skaitytoj\u0173 ratui prieinama forma pateikia B. Hellingerio darbo metod\u0173 pagrindus. Kokie yra sunki\u0173 susirgim\u0173 \u0161eiminiai u\u017ekulisiai? Kod\u0117l vieni ry\u0161iai tarp vyro ir \u017emonos, vaik\u0173 ir t\u0117v\u0173 klostosi harmoningai, o kiti nutr\u016bksta? Kok\u012f vaidmen\u012f \u017emogaus gyvenime vaidina religija? Koks turi b\u016bti po\u017ei\u016bris \u012f mirt\u012f ir gyvenim\u0105.<\/p>\n","protected":false},"featured_media":21312,"comment_status":"open","ping_status":"closed","template":"","meta":{"_acf_changed":false,"site-sidebar-layout":"default","site-content-layout":"","ast-site-content-layout":"default","site-content-style":"default","site-sidebar-style":"default","ast-global-header-display":"","ast-banner-title-visibility":"","ast-main-header-display":"","ast-hfb-above-header-display":"","ast-hfb-below-header-display":"","ast-hfb-mobile-header-display":"","site-post-title":"","ast-breadcrumbs-content":"","ast-featured-img":"","footer-sml-layout":"","ast-disable-related-posts":"","theme-transparent-header-meta":"","adv-header-id-meta":"","stick-header-meta":"","header-above-stick-meta":"","header-main-stick-meta":"","header-below-stick-meta":"","astra-migrate-meta-layouts":"default","ast-page-background-enabled":"default","ast-page-background-meta":{"desktop":{"background-color":"","background-image":"","background-repeat":"repeat","background-position":"center center","background-size":"auto","background-attachment":"scroll","background-type":"","background-media":"","overlay-type":"","overlay-color":"","overlay-opacity":"","overlay-gradient":""},"tablet":{"background-color":"","background-image":"","background-repeat":"repeat","background-position":"center center","background-size":"auto","background-attachment":"scroll","background-type":"","background-media":"","overlay-type":"","overlay-color":"","overlay-opacity":"","overlay-gradient":""},"mobile":{"background-color":"","background-image":"","background-repeat":"repeat","background-position":"center center","background-size":"auto","background-attachment":"scroll","background-type":"","background-media":"","overlay-type":"","overlay-color":"","overlay-opacity":"","overlay-gradient":""}},"ast-content-background-meta":{"desktop":{"background-color":"var(--ast-global-color-4)","background-image":"","background-repeat":"repeat","background-position":"center center","background-size":"auto","background-attachment":"scroll","background-type":"","background-media":"","overlay-type":"","overlay-color":"","overlay-opacity":"","overlay-gradient":""},"tablet":{"background-color":"var(--ast-global-color-4)","background-image":"","background-repeat":"repeat","background-position":"center center","background-size":"auto","background-attachment":"scroll","background-type":"","background-media":"","overlay-type":"","overlay-color":"","overlay-opacity":"","overlay-gradient":""},"mobile":{"background-color":"var(--ast-global-color-4)","background-image":"","background-repeat":"repeat","background-position":"center center","background-size":"auto","background-attachment":"scroll","background-type":"","background-media":"","overlay-type":"","overlay-color":"","overlay-opacity":"","overlay-gradient":""}}},"product_brand":[],"product_cat":[30],"product_tag":[8299,4915,1627,3429,2277,1707,8298],"class_list":{"0":"post-21305","1":"product","2":"type-product","3":"status-publish","4":"has-post-thumbnail","6":"product_cat-psichologija-ir-saviugda","7":"product_tag-bert-hellinger","8":"product_tag-dvasinis-gydymas","9":"product_tag-gyvenimo-prasme","10":"product_tag-psichoterapija","11":"product_tag-religija","12":"product_tag-seimos-santykiai","13":"product_tag-thomas-schafer","14":"desktop-align-left","15":"tablet-align-left","16":"mobile-align-left","18":"first","19":"outofstock","20":"shipping-taxable","21":"purchasable","22":"product-type-simple"},"acf":[],"yoast_head":"<!-- This site is optimized with the Yoast SEO plugin v27.4 - https:\/\/yoast.com\/product\/yoast-seo-wordpress\/ -->\n<title>Kas siel\u0105 skaudina ir kas gydo<\/title>\n<meta name=\"description\" content=\"Joks kitas psichoterapeutas paskutiniaisiais metais terapijos srityje nesulauk\u0117 tokio pripa\u017einimo kaip Bertas Hellingeris. Psichoterapeutas ir\" \/>\n<meta name=\"robots\" content=\"index, follow, max-snippet:-1, max-image-preview:large, max-video-preview:-1\" \/>\n<link rel=\"canonical\" href=\"https:\/\/skaitytaknyga.lt\/en\/produktas\/kas-siela-skaudina-ir-kas-gydo\/\" \/>\n<meta property=\"og:locale\" content=\"en_GB\" \/>\n<meta property=\"og:locale:alternate\" content=\"lt_LT\" \/>\n<meta property=\"og:type\" content=\"article\" \/>\n<meta property=\"og:title\" content=\"Kas siel\u0105 skaudina ir kas gydo\" \/>\n<meta property=\"og:description\" content=\"Joks kitas psichoterapeutas paskutiniaisiais metais terapijos srityje nesulauk\u0117 tokio pripa\u017einimo kaip Bertas Hellingeris. Psichoterapeutas ir\" \/>\n<meta property=\"og:url\" content=\"https:\/\/skaitytaknyga.lt\/en\/produktas\/kas-siela-skaudina-ir-kas-gydo\/\" \/>\n<meta property=\"og:site_name\" content=\"Skaitytaknyga\" \/>\n<meta property=\"article:publisher\" content=\"https:\/\/www.facebook.com\/skaitytaknyga\/\" \/>\n<meta property=\"article:modified_time\" content=\"2026-04-13T18:37:17+00:00\" \/>\n<meta property=\"og:image\" content=\"https:\/\/skaitytaknyga.lt\/wp-content\/uploads\/2025\/10\/Kas-siela-skaudina-ir-kas-gydo-1.webp\" \/>\n\t<meta property=\"og:image:width\" content=\"297\" \/>\n\t<meta property=\"og:image:height\" content=\"487\" \/>\n\t<meta property=\"og:image:type\" content=\"image\/webp\" \/>\n<meta name=\"twitter:card\" content=\"summary_large_image\" \/>\n<script type=\"application\/ld+json\" class=\"yoast-schema-graph\">{\"@context\":\"https:\\\/\\\/schema.org\",\"@graph\":[{\"@type\":\"WebPage\",\"@id\":\"https:\\\/\\\/skaitytaknyga.lt\\\/produktas\\\/kas-siela-skaudina-ir-kas-gydo\\\/\",\"url\":\"https:\\\/\\\/skaitytaknyga.lt\\\/produktas\\\/kas-siela-skaudina-ir-kas-gydo\\\/\",\"name\":\"Kas siel\u0105 skaudina ir kas gydo\",\"isPartOf\":{\"@id\":\"https:\\\/\\\/skaitytaknyga.lt\\\/#website\"},\"primaryImageOfPage\":{\"@id\":\"https:\\\/\\\/skaitytaknyga.lt\\\/produktas\\\/kas-siela-skaudina-ir-kas-gydo\\\/#primaryimage\"},\"image\":{\"@id\":\"https:\\\/\\\/skaitytaknyga.lt\\\/produktas\\\/kas-siela-skaudina-ir-kas-gydo\\\/#primaryimage\"},\"thumbnailUrl\":\"https:\\\/\\\/skaitytaknyga.lt\\\/wp-content\\\/uploads\\\/2025\\\/10\\\/Kas-siela-skaudina-ir-kas-gydo-1.webp\",\"datePublished\":\"2025-10-06T07:34:46+00:00\",\"dateModified\":\"2026-04-13T18:37:17+00:00\",\"description\":\"Joks kitas psichoterapeutas paskutiniaisiais metais terapijos srityje nesulauk\u0117 tokio pripa\u017einimo kaip Bertas Hellingeris. Psichoterapeutas ir\",\"breadcrumb\":{\"@id\":\"https:\\\/\\\/skaitytaknyga.lt\\\/produktas\\\/kas-siela-skaudina-ir-kas-gydo\\\/#breadcrumb\"},\"inLanguage\":\"en-GB\",\"potentialAction\":[{\"@type\":\"ReadAction\",\"target\":[\"https:\\\/\\\/skaitytaknyga.lt\\\/produktas\\\/kas-siela-skaudina-ir-kas-gydo\\\/\"]}]},{\"@type\":\"ImageObject\",\"inLanguage\":\"en-GB\",\"@id\":\"https:\\\/\\\/skaitytaknyga.lt\\\/produktas\\\/kas-siela-skaudina-ir-kas-gydo\\\/#primaryimage\",\"url\":\"https:\\\/\\\/skaitytaknyga.lt\\\/wp-content\\\/uploads\\\/2025\\\/10\\\/Kas-siela-skaudina-ir-kas-gydo-1.webp\",\"contentUrl\":\"https:\\\/\\\/skaitytaknyga.lt\\\/wp-content\\\/uploads\\\/2025\\\/10\\\/Kas-siela-skaudina-ir-kas-gydo-1.webp\",\"width\":297,\"height\":487,\"caption\":\"Kas siel\u0105 skaudina ir kas gydo\"},{\"@type\":\"BreadcrumbList\",\"@id\":\"https:\\\/\\\/skaitytaknyga.lt\\\/produktas\\\/kas-siela-skaudina-ir-kas-gydo\\\/#breadcrumb\",\"itemListElement\":[{\"@type\":\"ListItem\",\"position\":1,\"name\":\"Home\",\"item\":\"https:\\\/\\\/skaitytaknyga.lt\\\/\"},{\"@type\":\"ListItem\",\"position\":2,\"name\":\"Parduotuv\u0117\",\"item\":\"https:\\\/\\\/skaitytaknyga.lt\\\/knygu-parduotuve\\\/\"},{\"@type\":\"ListItem\",\"position\":3,\"name\":\"Kas siel\u0105 skaudina ir kas gydo\"}]},{\"@type\":\"WebSite\",\"@id\":\"https:\\\/\\\/skaitytaknyga.lt\\\/#website\",\"url\":\"https:\\\/\\\/skaitytaknyga.lt\\\/\",\"name\":\"skaitytaknyga.lt\",\"description\":\"Skaitytaknyga.lt \u2013 tai ma\u017eas \u0161eimos verslas, kuris prasid\u0117jo nuo meil\u0117s knygoms ir siekio i\u0161gelb\u0117ti knygas nuo likimo prie konteinerio. Kas vienam nereikalingas daiktas \u2013 kitam lobis, o mes esame tarpininkai, kurie padeda abiems tapti laimingesniems ???? \u017dinome kaip nelengva i\u0161gyventi ma\u017eiems verslams, tad nuo \u0161iol, \u010dia rasite ir kit\u0173, ma\u017e\u0173 \u0161eim\u0173 versl\u0173, rank\u0173 darbo, dovan\u0173 sau ir artimiesiems.\",\"publisher\":{\"@id\":\"https:\\\/\\\/skaitytaknyga.lt\\\/#organization\"},\"potentialAction\":[{\"@type\":\"SearchAction\",\"target\":{\"@type\":\"EntryPoint\",\"urlTemplate\":\"https:\\\/\\\/skaitytaknyga.lt\\\/?s={search_term_string}\"},\"query-input\":{\"@type\":\"PropertyValueSpecification\",\"valueRequired\":true,\"valueName\":\"search_term_string\"}}],\"inLanguage\":\"en-GB\"},{\"@type\":\"Organization\",\"@id\":\"https:\\\/\\\/skaitytaknyga.lt\\\/#organization\",\"name\":\"skaitytaknyga.lt\",\"url\":\"https:\\\/\\\/skaitytaknyga.lt\\\/\",\"logo\":{\"@type\":\"ImageObject\",\"inLanguage\":\"en-GB\",\"@id\":\"https:\\\/\\\/skaitytaknyga.lt\\\/#\\\/schema\\\/logo\\\/image\\\/\",\"url\":\"https:\\\/\\\/skaitytaknyga.lt\\\/wp-content\\\/uploads\\\/2024\\\/05\\\/cropped-cropped-cropped-02_00843_jt3bggkj1j3HLc7SyY6rEUpg.jpeg\",\"contentUrl\":\"https:\\\/\\\/skaitytaknyga.lt\\\/wp-content\\\/uploads\\\/2024\\\/05\\\/cropped-cropped-cropped-02_00843_jt3bggkj1j3HLc7SyY6rEUpg.jpeg\",\"width\":1600,\"height\":1600,\"caption\":\"skaitytaknyga.lt\"},\"image\":{\"@id\":\"https:\\\/\\\/skaitytaknyga.lt\\\/#\\\/schema\\\/logo\\\/image\\\/\"},\"sameAs\":[\"https:\\\/\\\/www.facebook.com\\\/skaitytaknyga\\\/\"]}]}<\/script>\n<!-- \/ Yoast SEO plugin. -->","yoast_head_json":{"title":"Kas siel\u0105 skaudina ir kas gydo","description":"Joks kitas psichoterapeutas paskutiniaisiais metais terapijos srityje nesulauk\u0117 tokio pripa\u017einimo kaip Bertas Hellingeris. Psichoterapeutas ir","robots":{"index":"index","follow":"follow","max-snippet":"max-snippet:-1","max-image-preview":"max-image-preview:large","max-video-preview":"max-video-preview:-1"},"canonical":"https:\/\/skaitytaknyga.lt\/en\/produktas\/kas-siela-skaudina-ir-kas-gydo\/","og_locale":"en_GB","og_type":"article","og_title":"[:lt]Kas siel\u0105 skaudina ir kas gydo[:] - Skaitytaknyga","og_description":"Joks kitas psichoterapeutas paskutiniaisiais metais terapijos srityje nesulauk\u0117 tokio pripa\u017einimo kaip Bertas Hellingeris. Psichoterapeutas ir","og_url":"https:\/\/skaitytaknyga.lt\/en\/produktas\/kas-siela-skaudina-ir-kas-gydo\/","og_site_name":"Skaitytaknyga","article_publisher":"https:\/\/www.facebook.com\/skaitytaknyga\/","article_modified_time":"2026-04-13T18:37:17+00:00","og_image":[{"width":297,"height":487,"url":"https:\/\/skaitytaknyga.lt\/wp-content\/uploads\/2025\/10\/Kas-siela-skaudina-ir-kas-gydo-1.webp","type":"image\/webp"}],"twitter_card":"summary_large_image","schema":{"@context":"https:\/\/schema.org","@graph":[{"@type":"WebPage","@id":"https:\/\/skaitytaknyga.lt\/produktas\/kas-siela-skaudina-ir-kas-gydo\/","url":"https:\/\/skaitytaknyga.lt\/produktas\/kas-siela-skaudina-ir-kas-gydo\/","name":"Kas siel\u0105 skaudina ir kas gydo","isPartOf":{"@id":"https:\/\/skaitytaknyga.lt\/#website"},"primaryImageOfPage":{"@id":"https:\/\/skaitytaknyga.lt\/produktas\/kas-siela-skaudina-ir-kas-gydo\/#primaryimage"},"image":{"@id":"https:\/\/skaitytaknyga.lt\/produktas\/kas-siela-skaudina-ir-kas-gydo\/#primaryimage"},"thumbnailUrl":"https:\/\/skaitytaknyga.lt\/wp-content\/uploads\/2025\/10\/Kas-siela-skaudina-ir-kas-gydo-1.webp","datePublished":"2025-10-06T07:34:46+00:00","dateModified":"2026-04-13T18:37:17+00:00","description":"Joks kitas psichoterapeutas paskutiniaisiais metais terapijos srityje nesulauk\u0117 tokio pripa\u017einimo kaip Bertas Hellingeris. Psichoterapeutas ir","breadcrumb":{"@id":"https:\/\/skaitytaknyga.lt\/produktas\/kas-siela-skaudina-ir-kas-gydo\/#breadcrumb"},"inLanguage":"en-GB","potentialAction":[{"@type":"ReadAction","target":["https:\/\/skaitytaknyga.lt\/produktas\/kas-siela-skaudina-ir-kas-gydo\/"]}]},{"@type":"ImageObject","inLanguage":"en-GB","@id":"https:\/\/skaitytaknyga.lt\/produktas\/kas-siela-skaudina-ir-kas-gydo\/#primaryimage","url":"https:\/\/skaitytaknyga.lt\/wp-content\/uploads\/2025\/10\/Kas-siela-skaudina-ir-kas-gydo-1.webp","contentUrl":"https:\/\/skaitytaknyga.lt\/wp-content\/uploads\/2025\/10\/Kas-siela-skaudina-ir-kas-gydo-1.webp","width":297,"height":487,"caption":"Kas siel\u0105 skaudina ir kas gydo"},{"@type":"BreadcrumbList","@id":"https:\/\/skaitytaknyga.lt\/produktas\/kas-siela-skaudina-ir-kas-gydo\/#breadcrumb","itemListElement":[{"@type":"ListItem","position":1,"name":"Home","item":"https:\/\/skaitytaknyga.lt\/"},{"@type":"ListItem","position":2,"name":"Parduotuv\u0117","item":"https:\/\/skaitytaknyga.lt\/knygu-parduotuve\/"},{"@type":"ListItem","position":3,"name":"Kas siel\u0105 skaudina ir kas gydo"}]},{"@type":"WebSite","@id":"https:\/\/skaitytaknyga.lt\/#website","url":"https:\/\/skaitytaknyga.lt\/","name":"skaitytaknyga.lt","description":"Skaitytaknyga.lt \u2013 tai ma\u017eas \u0161eimos verslas, kuris prasid\u0117jo nuo meil\u0117s knygoms ir siekio i\u0161gelb\u0117ti knygas nuo likimo prie konteinerio. Kas vienam nereikalingas daiktas \u2013 kitam lobis, o mes esame tarpininkai, kurie padeda abiems tapti laimingesniems ???? \u017dinome kaip nelengva i\u0161gyventi ma\u017eiems verslams, tad nuo \u0161iol, \u010dia rasite ir kit\u0173, ma\u017e\u0173 \u0161eim\u0173 versl\u0173, rank\u0173 darbo, dovan\u0173 sau ir artimiesiems.","publisher":{"@id":"https:\/\/skaitytaknyga.lt\/#organization"},"potentialAction":[{"@type":"SearchAction","target":{"@type":"EntryPoint","urlTemplate":"https:\/\/skaitytaknyga.lt\/?s={search_term_string}"},"query-input":{"@type":"PropertyValueSpecification","valueRequired":true,"valueName":"search_term_string"}}],"inLanguage":"en-GB"},{"@type":"Organization","@id":"https:\/\/skaitytaknyga.lt\/#organization","name":"skaitytaknyga.lt","url":"https:\/\/skaitytaknyga.lt\/","logo":{"@type":"ImageObject","inLanguage":"en-GB","@id":"https:\/\/skaitytaknyga.lt\/#\/schema\/logo\/image\/","url":"https:\/\/skaitytaknyga.lt\/wp-content\/uploads\/2024\/05\/cropped-cropped-cropped-02_00843_jt3bggkj1j3HLc7SyY6rEUpg.jpeg","contentUrl":"https:\/\/skaitytaknyga.lt\/wp-content\/uploads\/2024\/05\/cropped-cropped-cropped-02_00843_jt3bggkj1j3HLc7SyY6rEUpg.jpeg","width":1600,"height":1600,"caption":"skaitytaknyga.lt"},"image":{"@id":"https:\/\/skaitytaknyga.lt\/#\/schema\/logo\/image\/"},"sameAs":["https:\/\/www.facebook.com\/skaitytaknyga\/"]}]}},"_links":{"self":[{"href":"https:\/\/skaitytaknyga.lt\/en\/wp-json\/wp\/v2\/product\/21305","targetHints":{"allow":["GET"]}}],"collection":[{"href":"https:\/\/skaitytaknyga.lt\/en\/wp-json\/wp\/v2\/product"}],"about":[{"href":"https:\/\/skaitytaknyga.lt\/en\/wp-json\/wp\/v2\/types\/product"}],"replies":[{"embeddable":true,"href":"https:\/\/skaitytaknyga.lt\/en\/wp-json\/wp\/v2\/comments?post=21305"}],"wp:featuredmedia":[{"embeddable":true,"href":"https:\/\/skaitytaknyga.lt\/en\/wp-json\/wp\/v2\/media\/21312"}],"wp:attachment":[{"href":"https:\/\/skaitytaknyga.lt\/en\/wp-json\/wp\/v2\/media?parent=21305"}],"wp:term":[{"taxonomy":"product_brand","embeddable":true,"href":"https:\/\/skaitytaknyga.lt\/en\/wp-json\/wp\/v2\/product_brand?post=21305"},{"taxonomy":"product_cat","embeddable":true,"href":"https:\/\/skaitytaknyga.lt\/en\/wp-json\/wp\/v2\/product_cat?post=21305"},{"taxonomy":"product_tag","embeddable":true,"href":"https:\/\/skaitytaknyga.lt\/en\/wp-json\/wp\/v2\/product_tag?post=21305"}],"curies":[{"name":"wp","href":"https:\/\/api.w.org\/{rel}","templated":true}]}}