{"id":21304,"date":"2025-10-06T10:34:45","date_gmt":"2025-10-06T07:34:45","guid":{"rendered":"https:\/\/skaitytaknyga.lt\/?post_type=product&#038;p=21304"},"modified":"2026-02-26T10:10:26","modified_gmt":"2026-02-26T08:10:26","slug":"peizazas-su-slibinais","status":"publish","type":"product","link":"https:\/\/skaitytaknyga.lt\/en\/produktas\/peizazas-su-slibinais\/","title":{"rendered":"Peiza\u017eas su slibinais"},"content":{"rendered":"<p>\u201ePeiza\u017eas su slibinais\u201c \u2013 tai knyga apie kult\u016bros poslinkius nuo krik\u0161\u010dioni\u0161kosios pasaul\u0117\u017ei\u016bros prie pagoni\u0161kosios, pasi\u017eymin\u010dios naujais bruo\u017eais.<\/p>\n<p>Knygos autorius nagrin\u0117ja \u0161i\u0173 dviej\u0173 pasaul\u0117\u017ei\u016br\u0173 skirtumus, taip pat atskleid\u017eia, kaip neopagonyb\u0117s id\u0117jos yra \u012fpinamos \u012f menamai \u201ekrik\u0161\u010dioni\u0161k\u0105\u201c ra\u0161tij\u0105. Sutelk\u0119s d\u0117mes\u012f \u012f krik\u0161\u010dioni\u0161k\u0105j\u0105 fantastik\u0105 jis tyrin\u0117ja jos \u012ftak\u0105 vaik\u0173 ugdymui, persp\u0117ja ne tik apie spausdinto \u017eod\u017eio, bet ir kino, televizijos bei video veikimo principus ir gali\u0105, persp\u0117ja apie j\u0173 darom\u0105 poveik\u012f br\u0119stan\u010diam vaiko protui. Pagrindin\u0117 knygos mintis \u2013 kad yra riba, kurios sveika krik\u0161\u010dioni\u0161koji kult\u016bra netur\u0117t\u0173 per\u017eengti.<\/p>\n","protected":false},"excerpt":{"rendered":"<p>\u201ePeiza\u017eas su slibinais\u201c \u2013 tai knyga apie kult\u016bros poslinkius nuo krik\u0161\u010dioni\u0161kosios pasaul\u0117\u017ei\u016bros prie pagoni\u0161kosios, pasi\u017eymin\u010dios naujais bruo\u017eais. Knygos autorius nagrin\u0117ja \u0161i\u0173 dviej\u0173 pasaul\u0117\u017ei\u016br\u0173 skirtumus, taip pat atskleid\u017eia, kaip neopagonyb\u0117s id\u0117jos yra \u012fpinamos \u012f menamai \u201ekrik\u0161\u010dioni\u0161k\u0105\u201c ra\u0161tij\u0105. Sutelk\u0119s d\u0117mes\u012f \u012f krik\u0161\u010dioni\u0161k\u0105j\u0105 fantastik\u0105 jis tyrin\u0117ja jos \u012ftak\u0105 vaik\u0173 ugdymui, persp\u0117ja ne tik apie spausdinto \u017eod\u017eio, bet ir kino, televizijos bei video veikimo principus ir gali\u0105, persp\u0117ja apie j\u0173 darom\u0105 poveik\u012f br\u0119stan\u010diam vaiko protui. Pagrindin\u0117 knygos mintis \u2013 kad yra riba, kurios sveika krik\u0161\u010dioni\u0161koji kult\u016bra netur\u0117t\u0173 per\u017eengti.<\/p>\n","protected":false},"featured_media":21309,"comment_status":"open","ping_status":"closed","template":"","meta":{"_acf_changed":false,"site-sidebar-layout":"default","site-content-layout":"","ast-site-content-layout":"default","site-content-style":"default","site-sidebar-style":"default","ast-global-header-display":"","ast-banner-title-visibility":"","ast-main-header-display":"","ast-hfb-above-header-display":"","ast-hfb-below-header-display":"","ast-hfb-mobile-header-display":"","site-post-title":"","ast-breadcrumbs-content":"","ast-featured-img":"","footer-sml-layout":"","ast-disable-related-posts":"","theme-transparent-header-meta":"","adv-header-id-meta":"","stick-header-meta":"","header-above-stick-meta":"","header-main-stick-meta":"","header-below-stick-meta":"","astra-migrate-meta-layouts":"default","ast-page-background-enabled":"default","ast-page-background-meta":{"desktop":{"background-color":"","background-image":"","background-repeat":"repeat","background-position":"center center","background-size":"auto","background-attachment":"scroll","background-type":"","background-media":"","overlay-type":"","overlay-color":"","overlay-opacity":"","overlay-gradient":""},"tablet":{"background-color":"","background-image":"","background-repeat":"repeat","background-position":"center center","background-size":"auto","background-attachment":"scroll","background-type":"","background-media":"","overlay-type":"","overlay-color":"","overlay-opacity":"","overlay-gradient":""},"mobile":{"background-color":"","background-image":"","background-repeat":"repeat","background-position":"center center","background-size":"auto","background-attachment":"scroll","background-type":"","background-media":"","overlay-type":"","overlay-color":"","overlay-opacity":"","overlay-gradient":""}},"ast-content-background-meta":{"desktop":{"background-color":"var(--ast-global-color-4)","background-image":"","background-repeat":"repeat","background-position":"center center","background-size":"auto","background-attachment":"scroll","background-type":"","background-media":"","overlay-type":"","overlay-color":"","overlay-opacity":"","overlay-gradient":""},"tablet":{"background-color":"var(--ast-global-color-4)","background-image":"","background-repeat":"repeat","background-position":"center center","background-size":"auto","background-attachment":"scroll","background-type":"","background-media":"","overlay-type":"","overlay-color":"","overlay-opacity":"","overlay-gradient":""},"mobile":{"background-color":"var(--ast-global-color-4)","background-image":"","background-repeat":"repeat","background-position":"center center","background-size":"auto","background-attachment":"scroll","background-type":"","background-media":"","overlay-type":"","overlay-color":"","overlay-opacity":"","overlay-gradient":""}}},"product_brand":[],"product_cat":[165],"product_tag":[1504,1942,2376,8297,8295,8296,7297],"class_list":{"0":"post-21304","1":"product","2":"type-product","3":"status-publish","4":"has-post-thumbnail","6":"product_cat-religija-filosofija-ir-ezoterika","7":"product_tag-fantastika","8":"product_tag-krikscionybe","9":"product_tag-kultura","10":"product_tag-medijos-itaka","11":"product_tag-michaelis-d-obrienas","12":"product_tag-neopagonybe","13":"product_tag-vaiku-ugdymas","14":"desktop-align-left","15":"tablet-align-left","16":"mobile-align-left","18":"first","19":"instock","20":"shipping-taxable","21":"purchasable","22":"product-type-simple"},"acf":[],"yoast_head":"<!-- This site is optimized with the Yoast SEO plugin v27.0 - https:\/\/yoast.com\/product\/yoast-seo-wordpress\/ -->\n<title>Peiza\u017eas su slibinais<\/title>\n<meta name=\"description\" content=\"\u201ePeiza\u017eas su slibinais\u201c \u2013 tai knyga apie kult\u016bros poslinkius nuo krik\u0161\u010dioni\u0161kosios pasaul\u0117\u017ei\u016bros prie pagoni\u0161kosios, pasi\u017eymin\u010dios naujais bruo\u017eais.\" \/>\n<meta name=\"robots\" content=\"index, follow, max-snippet:-1, max-image-preview:large, max-video-preview:-1\" \/>\n<link rel=\"canonical\" href=\"https:\/\/skaitytaknyga.lt\/en\/produktas\/peizazas-su-slibinais\/\" \/>\n<meta property=\"og:locale\" content=\"en_GB\" \/>\n<meta property=\"og:locale:alternate\" content=\"lt_LT\" \/>\n<meta property=\"og:type\" content=\"article\" \/>\n<meta property=\"og:title\" content=\"Peiza\u017eas su slibinais\" \/>\n<meta property=\"og:description\" content=\"\u201ePeiza\u017eas su slibinais\u201c \u2013 tai knyga apie kult\u016bros poslinkius nuo krik\u0161\u010dioni\u0161kosios pasaul\u0117\u017ei\u016bros prie pagoni\u0161kosios, pasi\u017eymin\u010dios naujais bruo\u017eais.\" \/>\n<meta property=\"og:url\" content=\"https:\/\/skaitytaknyga.lt\/en\/produktas\/peizazas-su-slibinais\/\" \/>\n<meta property=\"og:site_name\" content=\"Skaitytaknyga\" \/>\n<meta property=\"article:publisher\" content=\"https:\/\/www.facebook.com\/skaitytaknyga\/\" \/>\n<meta property=\"article:modified_time\" content=\"2026-02-26T08:10:26+00:00\" \/>\n<meta property=\"og:image\" content=\"https:\/\/skaitytaknyga.lt\/wp-content\/uploads\/2025\/10\/Peizazas-su-slibinais.jpg\" \/>\n\t<meta property=\"og:image:width\" content=\"317\" \/>\n\t<meta property=\"og:image:height\" content=\"468\" \/>\n\t<meta property=\"og:image:type\" content=\"image\/jpeg\" \/>\n<meta name=\"twitter:card\" content=\"summary_large_image\" \/>\n<meta name=\"twitter:label1\" content=\"Estimated reading time\" \/>\n\t<meta name=\"twitter:data1\" content=\"1 minute\" \/>\n<script type=\"application\/ld+json\" class=\"yoast-schema-graph\">{\"@context\":\"https:\/\/schema.org\",\"@graph\":[{\"@type\":\"WebPage\",\"@id\":\"https:\/\/skaitytaknyga.lt\/produktas\/peizazas-su-slibinais\/\",\"url\":\"https:\/\/skaitytaknyga.lt\/produktas\/peizazas-su-slibinais\/\",\"name\":\"Peiza\u017eas su slibinais\",\"isPartOf\":{\"@id\":\"https:\/\/skaitytaknyga.lt\/#website\"},\"primaryImageOfPage\":{\"@id\":\"https:\/\/skaitytaknyga.lt\/produktas\/peizazas-su-slibinais\/#primaryimage\"},\"image\":{\"@id\":\"https:\/\/skaitytaknyga.lt\/produktas\/peizazas-su-slibinais\/#primaryimage\"},\"thumbnailUrl\":\"https:\/\/skaitytaknyga.lt\/wp-content\/uploads\/2025\/10\/Peizazas-su-slibinais.jpg\",\"datePublished\":\"2025-10-06T07:34:45+00:00\",\"dateModified\":\"2026-02-26T08:10:26+00:00\",\"description\":\"\u201ePeiza\u017eas su slibinais\u201c \u2013 tai knyga apie kult\u016bros poslinkius nuo krik\u0161\u010dioni\u0161kosios pasaul\u0117\u017ei\u016bros prie pagoni\u0161kosios, pasi\u017eymin\u010dios naujais bruo\u017eais.\",\"breadcrumb\":{\"@id\":\"https:\/\/skaitytaknyga.lt\/produktas\/peizazas-su-slibinais\/#breadcrumb\"},\"inLanguage\":\"en-GB\",\"potentialAction\":[{\"@type\":\"ReadAction\",\"target\":[\"https:\/\/skaitytaknyga.lt\/produktas\/peizazas-su-slibinais\/\"]}]},{\"@type\":\"ImageObject\",\"inLanguage\":\"en-GB\",\"@id\":\"https:\/\/skaitytaknyga.lt\/produktas\/peizazas-su-slibinais\/#primaryimage\",\"url\":\"https:\/\/skaitytaknyga.lt\/wp-content\/uploads\/2025\/10\/Peizazas-su-slibinais.jpg\",\"contentUrl\":\"https:\/\/skaitytaknyga.lt\/wp-content\/uploads\/2025\/10\/Peizazas-su-slibinais.jpg\",\"width\":317,\"height\":468,\"caption\":\"Peiza\u017eas su slibinais\"},{\"@type\":\"BreadcrumbList\",\"@id\":\"https:\/\/skaitytaknyga.lt\/produktas\/peizazas-su-slibinais\/#breadcrumb\",\"itemListElement\":[{\"@type\":\"ListItem\",\"position\":1,\"name\":\"Home\",\"item\":\"https:\/\/skaitytaknyga.lt\/\"},{\"@type\":\"ListItem\",\"position\":2,\"name\":\"Parduotuv\u0117\",\"item\":\"https:\/\/skaitytaknyga.lt\/knygu-parduotuve\/\"},{\"@type\":\"ListItem\",\"position\":3,\"name\":\"Peiza\u017eas su slibinais\"}]},{\"@type\":\"WebSite\",\"@id\":\"https:\/\/skaitytaknyga.lt\/#website\",\"url\":\"https:\/\/skaitytaknyga.lt\/\",\"name\":\"skaitytaknyga.lt\",\"description\":\"Skaitytaknyga.lt \u2013 tai ma\u017eas \u0161eimos verslas, kuris prasid\u0117jo nuo meil\u0117s knygoms ir siekio i\u0161gelb\u0117ti knygas nuo likimo prie konteinerio. Kas vienam nereikalingas daiktas \u2013 kitam lobis, o mes esame tarpininkai, kurie padeda abiems tapti laimingesniems ???? \u017dinome kaip nelengva i\u0161gyventi ma\u017eiems verslams, tad nuo \u0161iol, \u010dia rasite ir kit\u0173, ma\u017e\u0173 \u0161eim\u0173 versl\u0173, rank\u0173 darbo, dovan\u0173 sau ir artimiesiems.\",\"publisher\":{\"@id\":\"https:\/\/skaitytaknyga.lt\/#organization\"},\"potentialAction\":[{\"@type\":\"SearchAction\",\"target\":{\"@type\":\"EntryPoint\",\"urlTemplate\":\"https:\/\/skaitytaknyga.lt\/?s={search_term_string}\"},\"query-input\":{\"@type\":\"PropertyValueSpecification\",\"valueRequired\":true,\"valueName\":\"search_term_string\"}}],\"inLanguage\":\"en-GB\"},{\"@type\":\"Organization\",\"@id\":\"https:\/\/skaitytaknyga.lt\/#organization\",\"name\":\"skaitytaknyga.lt\",\"url\":\"https:\/\/skaitytaknyga.lt\/\",\"logo\":{\"@type\":\"ImageObject\",\"inLanguage\":\"en-GB\",\"@id\":\"https:\/\/skaitytaknyga.lt\/#\/schema\/logo\/image\/\",\"url\":\"https:\/\/skaitytaknyga.lt\/wp-content\/uploads\/2024\/05\/cropped-cropped-cropped-02_00843_jt3bggkj1j3HLc7SyY6rEUpg.jpeg\",\"contentUrl\":\"https:\/\/skaitytaknyga.lt\/wp-content\/uploads\/2024\/05\/cropped-cropped-cropped-02_00843_jt3bggkj1j3HLc7SyY6rEUpg.jpeg\",\"width\":1600,\"height\":1600,\"caption\":\"skaitytaknyga.lt\"},\"image\":{\"@id\":\"https:\/\/skaitytaknyga.lt\/#\/schema\/logo\/image\/\"},\"sameAs\":[\"https:\/\/www.facebook.com\/skaitytaknyga\/\"]}]}<\/script>\n<!-- \/ Yoast SEO plugin. -->","yoast_head_json":{"title":"Peiza\u017eas su slibinais","description":"\u201ePeiza\u017eas su slibinais\u201c \u2013 tai knyga apie kult\u016bros poslinkius nuo krik\u0161\u010dioni\u0161kosios pasaul\u0117\u017ei\u016bros prie pagoni\u0161kosios, pasi\u017eymin\u010dios naujais bruo\u017eais.","robots":{"index":"index","follow":"follow","max-snippet":"max-snippet:-1","max-image-preview":"max-image-preview:large","max-video-preview":"max-video-preview:-1"},"canonical":"https:\/\/skaitytaknyga.lt\/en\/produktas\/peizazas-su-slibinais\/","og_locale":"en_GB","og_type":"article","og_title":"[:lt]Peiza\u017eas su slibinais[:] - Skaitytaknyga","og_description":"\u201ePeiza\u017eas su slibinais\u201c \u2013 tai knyga apie kult\u016bros poslinkius nuo krik\u0161\u010dioni\u0161kosios pasaul\u0117\u017ei\u016bros prie pagoni\u0161kosios, pasi\u017eymin\u010dios naujais bruo\u017eais.","og_url":"https:\/\/skaitytaknyga.lt\/en\/produktas\/peizazas-su-slibinais\/","og_site_name":"Skaitytaknyga","article_publisher":"https:\/\/www.facebook.com\/skaitytaknyga\/","article_modified_time":"2026-02-26T08:10:26+00:00","og_image":[{"width":317,"height":468,"url":"https:\/\/skaitytaknyga.lt\/wp-content\/uploads\/2025\/10\/Peizazas-su-slibinais.jpg","type":"image\/jpeg"}],"twitter_card":"summary_large_image","twitter_misc":{"Estimated reading time":"1 minute"},"schema":{"@context":"https:\/\/schema.org","@graph":[{"@type":"WebPage","@id":"https:\/\/skaitytaknyga.lt\/produktas\/peizazas-su-slibinais\/","url":"https:\/\/skaitytaknyga.lt\/produktas\/peizazas-su-slibinais\/","name":"Peiza\u017eas su slibinais","isPartOf":{"@id":"https:\/\/skaitytaknyga.lt\/#website"},"primaryImageOfPage":{"@id":"https:\/\/skaitytaknyga.lt\/produktas\/peizazas-su-slibinais\/#primaryimage"},"image":{"@id":"https:\/\/skaitytaknyga.lt\/produktas\/peizazas-su-slibinais\/#primaryimage"},"thumbnailUrl":"https:\/\/skaitytaknyga.lt\/wp-content\/uploads\/2025\/10\/Peizazas-su-slibinais.jpg","datePublished":"2025-10-06T07:34:45+00:00","dateModified":"2026-02-26T08:10:26+00:00","description":"\u201ePeiza\u017eas su slibinais\u201c \u2013 tai knyga apie kult\u016bros poslinkius nuo krik\u0161\u010dioni\u0161kosios pasaul\u0117\u017ei\u016bros prie pagoni\u0161kosios, pasi\u017eymin\u010dios naujais bruo\u017eais.","breadcrumb":{"@id":"https:\/\/skaitytaknyga.lt\/produktas\/peizazas-su-slibinais\/#breadcrumb"},"inLanguage":"en-GB","potentialAction":[{"@type":"ReadAction","target":["https:\/\/skaitytaknyga.lt\/produktas\/peizazas-su-slibinais\/"]}]},{"@type":"ImageObject","inLanguage":"en-GB","@id":"https:\/\/skaitytaknyga.lt\/produktas\/peizazas-su-slibinais\/#primaryimage","url":"https:\/\/skaitytaknyga.lt\/wp-content\/uploads\/2025\/10\/Peizazas-su-slibinais.jpg","contentUrl":"https:\/\/skaitytaknyga.lt\/wp-content\/uploads\/2025\/10\/Peizazas-su-slibinais.jpg","width":317,"height":468,"caption":"Peiza\u017eas su slibinais"},{"@type":"BreadcrumbList","@id":"https:\/\/skaitytaknyga.lt\/produktas\/peizazas-su-slibinais\/#breadcrumb","itemListElement":[{"@type":"ListItem","position":1,"name":"Home","item":"https:\/\/skaitytaknyga.lt\/"},{"@type":"ListItem","position":2,"name":"Parduotuv\u0117","item":"https:\/\/skaitytaknyga.lt\/knygu-parduotuve\/"},{"@type":"ListItem","position":3,"name":"Peiza\u017eas su slibinais"}]},{"@type":"WebSite","@id":"https:\/\/skaitytaknyga.lt\/#website","url":"https:\/\/skaitytaknyga.lt\/","name":"skaitytaknyga.lt","description":"Skaitytaknyga.lt \u2013 tai ma\u017eas \u0161eimos verslas, kuris prasid\u0117jo nuo meil\u0117s knygoms ir siekio i\u0161gelb\u0117ti knygas nuo likimo prie konteinerio. Kas vienam nereikalingas daiktas \u2013 kitam lobis, o mes esame tarpininkai, kurie padeda abiems tapti laimingesniems ???? \u017dinome kaip nelengva i\u0161gyventi ma\u017eiems verslams, tad nuo \u0161iol, \u010dia rasite ir kit\u0173, ma\u017e\u0173 \u0161eim\u0173 versl\u0173, rank\u0173 darbo, dovan\u0173 sau ir artimiesiems.","publisher":{"@id":"https:\/\/skaitytaknyga.lt\/#organization"},"potentialAction":[{"@type":"SearchAction","target":{"@type":"EntryPoint","urlTemplate":"https:\/\/skaitytaknyga.lt\/?s={search_term_string}"},"query-input":{"@type":"PropertyValueSpecification","valueRequired":true,"valueName":"search_term_string"}}],"inLanguage":"en-GB"},{"@type":"Organization","@id":"https:\/\/skaitytaknyga.lt\/#organization","name":"skaitytaknyga.lt","url":"https:\/\/skaitytaknyga.lt\/","logo":{"@type":"ImageObject","inLanguage":"en-GB","@id":"https:\/\/skaitytaknyga.lt\/#\/schema\/logo\/image\/","url":"https:\/\/skaitytaknyga.lt\/wp-content\/uploads\/2024\/05\/cropped-cropped-cropped-02_00843_jt3bggkj1j3HLc7SyY6rEUpg.jpeg","contentUrl":"https:\/\/skaitytaknyga.lt\/wp-content\/uploads\/2024\/05\/cropped-cropped-cropped-02_00843_jt3bggkj1j3HLc7SyY6rEUpg.jpeg","width":1600,"height":1600,"caption":"skaitytaknyga.lt"},"image":{"@id":"https:\/\/skaitytaknyga.lt\/#\/schema\/logo\/image\/"},"sameAs":["https:\/\/www.facebook.com\/skaitytaknyga\/"]}]}},"_links":{"self":[{"href":"https:\/\/skaitytaknyga.lt\/en\/wp-json\/wp\/v2\/product\/21304","targetHints":{"allow":["GET"]}}],"collection":[{"href":"https:\/\/skaitytaknyga.lt\/en\/wp-json\/wp\/v2\/product"}],"about":[{"href":"https:\/\/skaitytaknyga.lt\/en\/wp-json\/wp\/v2\/types\/product"}],"replies":[{"embeddable":true,"href":"https:\/\/skaitytaknyga.lt\/en\/wp-json\/wp\/v2\/comments?post=21304"}],"wp:featuredmedia":[{"embeddable":true,"href":"https:\/\/skaitytaknyga.lt\/en\/wp-json\/wp\/v2\/media\/21309"}],"wp:attachment":[{"href":"https:\/\/skaitytaknyga.lt\/en\/wp-json\/wp\/v2\/media?parent=21304"}],"wp:term":[{"taxonomy":"product_brand","embeddable":true,"href":"https:\/\/skaitytaknyga.lt\/en\/wp-json\/wp\/v2\/product_brand?post=21304"},{"taxonomy":"product_cat","embeddable":true,"href":"https:\/\/skaitytaknyga.lt\/en\/wp-json\/wp\/v2\/product_cat?post=21304"},{"taxonomy":"product_tag","embeddable":true,"href":"https:\/\/skaitytaknyga.lt\/en\/wp-json\/wp\/v2\/product_tag?post=21304"}],"curies":[{"name":"wp","href":"https:\/\/api.w.org\/{rel}","templated":true}]}}