{"id":21303,"date":"2025-10-06T10:34:45","date_gmt":"2025-10-06T07:34:45","guid":{"rendered":"https:\/\/skaitytaknyga.lt\/?post_type=product&#038;p=21303"},"modified":"2026-02-26T10:10:26","modified_gmt":"2026-02-26T08:10:26","slug":"melstis-ir-myleti-pokalbiai-apie-malda-su-ankstyvaja-baznycia","status":"publish","type":"product","link":"https:\/\/skaitytaknyga.lt\/en\/produktas\/melstis-ir-myleti-pokalbiai-apie-malda-su-ankstyvaja-baznycia\/","title":{"rendered":"Melstis ir myl\u0117ti. Pokalbiai apie mald\u0105 su ankstyv\u0105ja Ba\u017eny\u010dia"},"content":{"rendered":"<p>Paulius mums sako: \u201eNepaliaujamai melskim\u0117s\u201c. K\u0105 rei\u0161kia \u0161ie Pauliaus \u017eod\u017eiai, ir kaip mums der\u0117t\u0173 melstis?<\/p>\n<p>Dykumoje gyven\u0119 ankstyvosios Ba\u017eny\u010dios T\u0117vai ir Motinos man\u0117, kad teisingus atsakymus \u012f \u0161iuos klausimus lemia juos u\u017eduodan\u010dio asmens poreikiai bei asmenyb\u0117s bruo\u017eai.<\/p>\n<p>\u0160i knyga &#8220;Melstis ir myl\u0117ti. Pokalbiai apie mald\u0105 su ankstyv\u0105ja Ba\u017eny\u010dia&#8221; para\u0161yta visiems norintiems melstis, ta\u010diau ne\u017einantiems kaip, besimeld\u017eiantiems, ta\u010diau \u0161iuo atveju stokojantiems tikrumo, bei visai patenkintiems savo malda, ta\u010diau trok\u0161tantiems j\u0105 i\u0161gyventi giliau.<\/p>\n<p>Autor\u0117 perteikia nauj\u0105 maldos samprat\u0105, dalijasi ankstyvosios vienuolyst\u0117s pradinink\u0173 apie mald\u0105 bei krik\u0161\u010dioni\u0161k\u0105j\u0105 meil\u0119 i\u0161sakytomis mintimis.<\/p>\n","protected":false},"excerpt":{"rendered":"<p>Paulius mums sako: \u201eNepaliaujamai melskim\u0117s\u201c. K\u0105 rei\u0161kia \u0161ie Pauliaus \u017eod\u017eiai, ir kaip mums der\u0117t\u0173 melstis? Dykumoje gyven\u0119 ankstyvosios Ba\u017eny\u010dios T\u0117vai ir Motinos man\u0117, kad teisingus atsakymus \u012f \u0161iuos klausimus lemia juos u\u017eduodan\u010dio asmens poreikiai bei asmenyb\u0117s bruo\u017eai. \u0160i knyga &#8220;Melstis ir myl\u0117ti. Pokalbiai apie mald\u0105 su ankstyv\u0105ja Ba\u017eny\u010dia&#8221; para\u0161yta visiems norintiems melstis, ta\u010diau ne\u017einantiems kaip, besimeld\u017eiantiems, ta\u010diau \u0161iuo atveju stokojantiems tikrumo, bei visai patenkintiems savo malda, ta\u010diau trok\u0161tantiems j\u0105 i\u0161gyventi giliau. Autor\u0117 perteikia nauj\u0105 maldos samprat\u0105, dalijasi ankstyvosios vienuolyst\u0117s pradinink\u0173 apie mald\u0105 bei krik\u0161\u010dioni\u0161k\u0105j\u0105 meil\u0119 i\u0161sakytomis mintimis.<\/p>\n","protected":false},"featured_media":21308,"comment_status":"open","ping_status":"closed","template":"","meta":{"_acf_changed":false,"site-sidebar-layout":"default","site-content-layout":"","ast-site-content-layout":"default","site-content-style":"default","site-sidebar-style":"default","ast-global-header-display":"","ast-banner-title-visibility":"","ast-main-header-display":"","ast-hfb-above-header-display":"","ast-hfb-below-header-display":"","ast-hfb-mobile-header-display":"","site-post-title":"","ast-breadcrumbs-content":"","ast-featured-img":"","footer-sml-layout":"","ast-disable-related-posts":"","theme-transparent-header-meta":"","adv-header-id-meta":"","stick-header-meta":"","header-above-stick-meta":"","header-main-stick-meta":"","header-below-stick-meta":"","astra-migrate-meta-layouts":"default","ast-page-background-enabled":"default","ast-page-background-meta":{"desktop":{"background-color":"","background-image":"","background-repeat":"repeat","background-position":"center center","background-size":"auto","background-attachment":"scroll","background-type":"","background-media":"","overlay-type":"","overlay-color":"","overlay-opacity":"","overlay-gradient":""},"tablet":{"background-color":"","background-image":"","background-repeat":"repeat","background-position":"center center","background-size":"auto","background-attachment":"scroll","background-type":"","background-media":"","overlay-type":"","overlay-color":"","overlay-opacity":"","overlay-gradient":""},"mobile":{"background-color":"","background-image":"","background-repeat":"repeat","background-position":"center center","background-size":"auto","background-attachment":"scroll","background-type":"","background-media":"","overlay-type":"","overlay-color":"","overlay-opacity":"","overlay-gradient":""}},"ast-content-background-meta":{"desktop":{"background-color":"var(--ast-global-color-4)","background-image":"","background-repeat":"repeat","background-position":"center center","background-size":"auto","background-attachment":"scroll","background-type":"","background-media":"","overlay-type":"","overlay-color":"","overlay-opacity":"","overlay-gradient":""},"tablet":{"background-color":"var(--ast-global-color-4)","background-image":"","background-repeat":"repeat","background-position":"center center","background-size":"auto","background-attachment":"scroll","background-type":"","background-media":"","overlay-type":"","overlay-color":"","overlay-opacity":"","overlay-gradient":""},"mobile":{"background-color":"var(--ast-global-color-4)","background-image":"","background-repeat":"repeat","background-position":"center center","background-size":"auto","background-attachment":"scroll","background-type":"","background-media":"","overlay-type":"","overlay-color":"","overlay-opacity":"","overlay-gradient":""}}},"product_brand":[],"product_cat":[165],"product_tag":[8293,2257,1942,8292,8291,8294],"class_list":{"0":"post-21303","1":"product","2":"type-product","3":"status-publish","4":"has-post-thumbnail","6":"product_cat-religija-filosofija-ir-ezoterika","7":"product_tag-ankstyvoji-baznycia","8":"product_tag-dvasinis-gyvenimas","9":"product_tag-krikscionybe","10":"product_tag-maldos-menas","11":"product_tag-roberta-c-bondi","12":"product_tag-vienuolyste","13":"desktop-align-left","14":"tablet-align-left","15":"mobile-align-left","17":"first","18":"instock","19":"shipping-taxable","20":"purchasable","21":"product-type-simple"},"acf":[],"yoast_head":"<!-- This site is optimized with the Yoast SEO plugin v27.0 - https:\/\/yoast.com\/product\/yoast-seo-wordpress\/ -->\n<title>Melstis ir myl\u0117ti. Pokalbiai apie mald\u0105 su ankstyv\u0105ja Ba\u017eny\u010dia<\/title>\n<meta name=\"description\" content=\"Paulius mums sako: \u201eNepaliaujamai melskim\u0117s\u201c. K\u0105 rei\u0161kia \u0161ie Pauliaus \u017eod\u017eiai, ir kaip mums der\u0117t\u0173 melstis? Dykumoje gyven\u0119 ankstyvosios Ba\u017eny\u010dios T\u0117vai\" \/>\n<meta name=\"robots\" content=\"index, follow, max-snippet:-1, max-image-preview:large, max-video-preview:-1\" \/>\n<link rel=\"canonical\" href=\"https:\/\/skaitytaknyga.lt\/en\/produktas\/melstis-ir-myleti-pokalbiai-apie-malda-su-ankstyvaja-baznycia\/\" \/>\n<meta property=\"og:locale\" content=\"en_GB\" \/>\n<meta property=\"og:locale:alternate\" content=\"lt_LT\" \/>\n<meta property=\"og:type\" content=\"article\" \/>\n<meta property=\"og:title\" content=\"Melstis ir myl\u0117ti. Pokalbiai apie mald\u0105 su ankstyv\u0105ja Ba\u017eny\u010dia\" \/>\n<meta property=\"og:description\" content=\"Paulius mums sako: \u201eNepaliaujamai melskim\u0117s\u201c. K\u0105 rei\u0161kia \u0161ie Pauliaus \u017eod\u017eiai, ir kaip mums der\u0117t\u0173 melstis? Dykumoje gyven\u0119 ankstyvosios Ba\u017eny\u010dios T\u0117vai\" \/>\n<meta property=\"og:url\" content=\"https:\/\/skaitytaknyga.lt\/en\/produktas\/melstis-ir-myleti-pokalbiai-apie-malda-su-ankstyvaja-baznycia\/\" \/>\n<meta property=\"og:site_name\" content=\"Skaitytaknyga\" \/>\n<meta property=\"article:publisher\" content=\"https:\/\/www.facebook.com\/skaitytaknyga\/\" \/>\n<meta property=\"article:modified_time\" content=\"2026-02-26T08:10:26+00:00\" \/>\n<meta property=\"og:image\" content=\"https:\/\/skaitytaknyga.lt\/wp-content\/uploads\/2025\/10\/Melstis-ir-myleti.-Pokalbiai-apie-malda-su-ankstyvaja-Baznycia.jpg\" \/>\n\t<meta property=\"og:image:width\" content=\"288\" \/>\n\t<meta property=\"og:image:height\" content=\"450\" \/>\n\t<meta property=\"og:image:type\" content=\"image\/jpeg\" \/>\n<meta name=\"twitter:card\" content=\"summary_large_image\" \/>\n<meta name=\"twitter:label1\" content=\"Estimated reading time\" \/>\n\t<meta name=\"twitter:data1\" content=\"1 minute\" \/>\n<script type=\"application\/ld+json\" class=\"yoast-schema-graph\">{\"@context\":\"https:\/\/schema.org\",\"@graph\":[{\"@type\":\"WebPage\",\"@id\":\"https:\/\/skaitytaknyga.lt\/produktas\/melstis-ir-myleti-pokalbiai-apie-malda-su-ankstyvaja-baznycia\/\",\"url\":\"https:\/\/skaitytaknyga.lt\/produktas\/melstis-ir-myleti-pokalbiai-apie-malda-su-ankstyvaja-baznycia\/\",\"name\":\"Melstis ir myl\u0117ti. Pokalbiai apie mald\u0105 su ankstyv\u0105ja Ba\u017eny\u010dia\",\"isPartOf\":{\"@id\":\"https:\/\/skaitytaknyga.lt\/#website\"},\"primaryImageOfPage\":{\"@id\":\"https:\/\/skaitytaknyga.lt\/produktas\/melstis-ir-myleti-pokalbiai-apie-malda-su-ankstyvaja-baznycia\/#primaryimage\"},\"image\":{\"@id\":\"https:\/\/skaitytaknyga.lt\/produktas\/melstis-ir-myleti-pokalbiai-apie-malda-su-ankstyvaja-baznycia\/#primaryimage\"},\"thumbnailUrl\":\"https:\/\/skaitytaknyga.lt\/wp-content\/uploads\/2025\/10\/Melstis-ir-myleti.-Pokalbiai-apie-malda-su-ankstyvaja-Baznycia.jpg\",\"datePublished\":\"2025-10-06T07:34:45+00:00\",\"dateModified\":\"2026-02-26T08:10:26+00:00\",\"description\":\"Paulius mums sako: \u201eNepaliaujamai melskim\u0117s\u201c. K\u0105 rei\u0161kia \u0161ie Pauliaus \u017eod\u017eiai, ir kaip mums der\u0117t\u0173 melstis? Dykumoje gyven\u0119 ankstyvosios Ba\u017eny\u010dios T\u0117vai\",\"breadcrumb\":{\"@id\":\"https:\/\/skaitytaknyga.lt\/produktas\/melstis-ir-myleti-pokalbiai-apie-malda-su-ankstyvaja-baznycia\/#breadcrumb\"},\"inLanguage\":\"en-GB\",\"potentialAction\":[{\"@type\":\"ReadAction\",\"target\":[\"https:\/\/skaitytaknyga.lt\/produktas\/melstis-ir-myleti-pokalbiai-apie-malda-su-ankstyvaja-baznycia\/\"]}]},{\"@type\":\"ImageObject\",\"inLanguage\":\"en-GB\",\"@id\":\"https:\/\/skaitytaknyga.lt\/produktas\/melstis-ir-myleti-pokalbiai-apie-malda-su-ankstyvaja-baznycia\/#primaryimage\",\"url\":\"https:\/\/skaitytaknyga.lt\/wp-content\/uploads\/2025\/10\/Melstis-ir-myleti.-Pokalbiai-apie-malda-su-ankstyvaja-Baznycia.jpg\",\"contentUrl\":\"https:\/\/skaitytaknyga.lt\/wp-content\/uploads\/2025\/10\/Melstis-ir-myleti.-Pokalbiai-apie-malda-su-ankstyvaja-Baznycia.jpg\",\"width\":288,\"height\":450,\"caption\":\"Melstis ir myl\u0117ti. Pokalbiai apie mald\u0105 su ankstyv\u0105ja Ba\u017eny\u010dia\"},{\"@type\":\"BreadcrumbList\",\"@id\":\"https:\/\/skaitytaknyga.lt\/produktas\/melstis-ir-myleti-pokalbiai-apie-malda-su-ankstyvaja-baznycia\/#breadcrumb\",\"itemListElement\":[{\"@type\":\"ListItem\",\"position\":1,\"name\":\"Home\",\"item\":\"https:\/\/skaitytaknyga.lt\/\"},{\"@type\":\"ListItem\",\"position\":2,\"name\":\"Parduotuv\u0117\",\"item\":\"https:\/\/skaitytaknyga.lt\/knygu-parduotuve\/\"},{\"@type\":\"ListItem\",\"position\":3,\"name\":\"Melstis ir myl\u0117ti. Pokalbiai apie mald\u0105 su ankstyv\u0105ja Ba\u017eny\u010dia\"}]},{\"@type\":\"WebSite\",\"@id\":\"https:\/\/skaitytaknyga.lt\/#website\",\"url\":\"https:\/\/skaitytaknyga.lt\/\",\"name\":\"skaitytaknyga.lt\",\"description\":\"Skaitytaknyga.lt \u2013 tai ma\u017eas \u0161eimos verslas, kuris prasid\u0117jo nuo meil\u0117s knygoms ir siekio i\u0161gelb\u0117ti knygas nuo likimo prie konteinerio. Kas vienam nereikalingas daiktas \u2013 kitam lobis, o mes esame tarpininkai, kurie padeda abiems tapti laimingesniems ???? \u017dinome kaip nelengva i\u0161gyventi ma\u017eiems verslams, tad nuo \u0161iol, \u010dia rasite ir kit\u0173, ma\u017e\u0173 \u0161eim\u0173 versl\u0173, rank\u0173 darbo, dovan\u0173 sau ir artimiesiems.\",\"publisher\":{\"@id\":\"https:\/\/skaitytaknyga.lt\/#organization\"},\"potentialAction\":[{\"@type\":\"SearchAction\",\"target\":{\"@type\":\"EntryPoint\",\"urlTemplate\":\"https:\/\/skaitytaknyga.lt\/?s={search_term_string}\"},\"query-input\":{\"@type\":\"PropertyValueSpecification\",\"valueRequired\":true,\"valueName\":\"search_term_string\"}}],\"inLanguage\":\"en-GB\"},{\"@type\":\"Organization\",\"@id\":\"https:\/\/skaitytaknyga.lt\/#organization\",\"name\":\"skaitytaknyga.lt\",\"url\":\"https:\/\/skaitytaknyga.lt\/\",\"logo\":{\"@type\":\"ImageObject\",\"inLanguage\":\"en-GB\",\"@id\":\"https:\/\/skaitytaknyga.lt\/#\/schema\/logo\/image\/\",\"url\":\"https:\/\/skaitytaknyga.lt\/wp-content\/uploads\/2024\/05\/cropped-cropped-cropped-02_00843_jt3bggkj1j3HLc7SyY6rEUpg.jpeg\",\"contentUrl\":\"https:\/\/skaitytaknyga.lt\/wp-content\/uploads\/2024\/05\/cropped-cropped-cropped-02_00843_jt3bggkj1j3HLc7SyY6rEUpg.jpeg\",\"width\":1600,\"height\":1600,\"caption\":\"skaitytaknyga.lt\"},\"image\":{\"@id\":\"https:\/\/skaitytaknyga.lt\/#\/schema\/logo\/image\/\"},\"sameAs\":[\"https:\/\/www.facebook.com\/skaitytaknyga\/\"]}]}<\/script>\n<!-- \/ Yoast SEO plugin. -->","yoast_head_json":{"title":"Melstis ir myl\u0117ti. Pokalbiai apie mald\u0105 su ankstyv\u0105ja Ba\u017eny\u010dia","description":"Paulius mums sako: \u201eNepaliaujamai melskim\u0117s\u201c. K\u0105 rei\u0161kia \u0161ie Pauliaus \u017eod\u017eiai, ir kaip mums der\u0117t\u0173 melstis? Dykumoje gyven\u0119 ankstyvosios Ba\u017eny\u010dios T\u0117vai","robots":{"index":"index","follow":"follow","max-snippet":"max-snippet:-1","max-image-preview":"max-image-preview:large","max-video-preview":"max-video-preview:-1"},"canonical":"https:\/\/skaitytaknyga.lt\/en\/produktas\/melstis-ir-myleti-pokalbiai-apie-malda-su-ankstyvaja-baznycia\/","og_locale":"en_GB","og_type":"article","og_title":"[:lt]Melstis ir myl\u0117ti. Pokalbiai apie mald\u0105 su ankstyv\u0105ja Ba\u017eny\u010dia[:] - Skaitytaknyga","og_description":"Paulius mums sako: \u201eNepaliaujamai melskim\u0117s\u201c. K\u0105 rei\u0161kia \u0161ie Pauliaus \u017eod\u017eiai, ir kaip mums der\u0117t\u0173 melstis? Dykumoje gyven\u0119 ankstyvosios Ba\u017eny\u010dios T\u0117vai","og_url":"https:\/\/skaitytaknyga.lt\/en\/produktas\/melstis-ir-myleti-pokalbiai-apie-malda-su-ankstyvaja-baznycia\/","og_site_name":"Skaitytaknyga","article_publisher":"https:\/\/www.facebook.com\/skaitytaknyga\/","article_modified_time":"2026-02-26T08:10:26+00:00","og_image":[{"width":288,"height":450,"url":"https:\/\/skaitytaknyga.lt\/wp-content\/uploads\/2025\/10\/Melstis-ir-myleti.-Pokalbiai-apie-malda-su-ankstyvaja-Baznycia.jpg","type":"image\/jpeg"}],"twitter_card":"summary_large_image","twitter_misc":{"Estimated reading time":"1 minute"},"schema":{"@context":"https:\/\/schema.org","@graph":[{"@type":"WebPage","@id":"https:\/\/skaitytaknyga.lt\/produktas\/melstis-ir-myleti-pokalbiai-apie-malda-su-ankstyvaja-baznycia\/","url":"https:\/\/skaitytaknyga.lt\/produktas\/melstis-ir-myleti-pokalbiai-apie-malda-su-ankstyvaja-baznycia\/","name":"Melstis ir myl\u0117ti. Pokalbiai apie mald\u0105 su ankstyv\u0105ja Ba\u017eny\u010dia","isPartOf":{"@id":"https:\/\/skaitytaknyga.lt\/#website"},"primaryImageOfPage":{"@id":"https:\/\/skaitytaknyga.lt\/produktas\/melstis-ir-myleti-pokalbiai-apie-malda-su-ankstyvaja-baznycia\/#primaryimage"},"image":{"@id":"https:\/\/skaitytaknyga.lt\/produktas\/melstis-ir-myleti-pokalbiai-apie-malda-su-ankstyvaja-baznycia\/#primaryimage"},"thumbnailUrl":"https:\/\/skaitytaknyga.lt\/wp-content\/uploads\/2025\/10\/Melstis-ir-myleti.-Pokalbiai-apie-malda-su-ankstyvaja-Baznycia.jpg","datePublished":"2025-10-06T07:34:45+00:00","dateModified":"2026-02-26T08:10:26+00:00","description":"Paulius mums sako: \u201eNepaliaujamai melskim\u0117s\u201c. K\u0105 rei\u0161kia \u0161ie Pauliaus \u017eod\u017eiai, ir kaip mums der\u0117t\u0173 melstis? Dykumoje gyven\u0119 ankstyvosios Ba\u017eny\u010dios T\u0117vai","breadcrumb":{"@id":"https:\/\/skaitytaknyga.lt\/produktas\/melstis-ir-myleti-pokalbiai-apie-malda-su-ankstyvaja-baznycia\/#breadcrumb"},"inLanguage":"en-GB","potentialAction":[{"@type":"ReadAction","target":["https:\/\/skaitytaknyga.lt\/produktas\/melstis-ir-myleti-pokalbiai-apie-malda-su-ankstyvaja-baznycia\/"]}]},{"@type":"ImageObject","inLanguage":"en-GB","@id":"https:\/\/skaitytaknyga.lt\/produktas\/melstis-ir-myleti-pokalbiai-apie-malda-su-ankstyvaja-baznycia\/#primaryimage","url":"https:\/\/skaitytaknyga.lt\/wp-content\/uploads\/2025\/10\/Melstis-ir-myleti.-Pokalbiai-apie-malda-su-ankstyvaja-Baznycia.jpg","contentUrl":"https:\/\/skaitytaknyga.lt\/wp-content\/uploads\/2025\/10\/Melstis-ir-myleti.-Pokalbiai-apie-malda-su-ankstyvaja-Baznycia.jpg","width":288,"height":450,"caption":"Melstis ir myl\u0117ti. Pokalbiai apie mald\u0105 su ankstyv\u0105ja Ba\u017eny\u010dia"},{"@type":"BreadcrumbList","@id":"https:\/\/skaitytaknyga.lt\/produktas\/melstis-ir-myleti-pokalbiai-apie-malda-su-ankstyvaja-baznycia\/#breadcrumb","itemListElement":[{"@type":"ListItem","position":1,"name":"Home","item":"https:\/\/skaitytaknyga.lt\/"},{"@type":"ListItem","position":2,"name":"Parduotuv\u0117","item":"https:\/\/skaitytaknyga.lt\/knygu-parduotuve\/"},{"@type":"ListItem","position":3,"name":"Melstis ir myl\u0117ti. Pokalbiai apie mald\u0105 su ankstyv\u0105ja Ba\u017eny\u010dia"}]},{"@type":"WebSite","@id":"https:\/\/skaitytaknyga.lt\/#website","url":"https:\/\/skaitytaknyga.lt\/","name":"skaitytaknyga.lt","description":"Skaitytaknyga.lt \u2013 tai ma\u017eas \u0161eimos verslas, kuris prasid\u0117jo nuo meil\u0117s knygoms ir siekio i\u0161gelb\u0117ti knygas nuo likimo prie konteinerio. Kas vienam nereikalingas daiktas \u2013 kitam lobis, o mes esame tarpininkai, kurie padeda abiems tapti laimingesniems ???? \u017dinome kaip nelengva i\u0161gyventi ma\u017eiems verslams, tad nuo \u0161iol, \u010dia rasite ir kit\u0173, ma\u017e\u0173 \u0161eim\u0173 versl\u0173, rank\u0173 darbo, dovan\u0173 sau ir artimiesiems.","publisher":{"@id":"https:\/\/skaitytaknyga.lt\/#organization"},"potentialAction":[{"@type":"SearchAction","target":{"@type":"EntryPoint","urlTemplate":"https:\/\/skaitytaknyga.lt\/?s={search_term_string}"},"query-input":{"@type":"PropertyValueSpecification","valueRequired":true,"valueName":"search_term_string"}}],"inLanguage":"en-GB"},{"@type":"Organization","@id":"https:\/\/skaitytaknyga.lt\/#organization","name":"skaitytaknyga.lt","url":"https:\/\/skaitytaknyga.lt\/","logo":{"@type":"ImageObject","inLanguage":"en-GB","@id":"https:\/\/skaitytaknyga.lt\/#\/schema\/logo\/image\/","url":"https:\/\/skaitytaknyga.lt\/wp-content\/uploads\/2024\/05\/cropped-cropped-cropped-02_00843_jt3bggkj1j3HLc7SyY6rEUpg.jpeg","contentUrl":"https:\/\/skaitytaknyga.lt\/wp-content\/uploads\/2024\/05\/cropped-cropped-cropped-02_00843_jt3bggkj1j3HLc7SyY6rEUpg.jpeg","width":1600,"height":1600,"caption":"skaitytaknyga.lt"},"image":{"@id":"https:\/\/skaitytaknyga.lt\/#\/schema\/logo\/image\/"},"sameAs":["https:\/\/www.facebook.com\/skaitytaknyga\/"]}]}},"_links":{"self":[{"href":"https:\/\/skaitytaknyga.lt\/en\/wp-json\/wp\/v2\/product\/21303","targetHints":{"allow":["GET"]}}],"collection":[{"href":"https:\/\/skaitytaknyga.lt\/en\/wp-json\/wp\/v2\/product"}],"about":[{"href":"https:\/\/skaitytaknyga.lt\/en\/wp-json\/wp\/v2\/types\/product"}],"replies":[{"embeddable":true,"href":"https:\/\/skaitytaknyga.lt\/en\/wp-json\/wp\/v2\/comments?post=21303"}],"wp:featuredmedia":[{"embeddable":true,"href":"https:\/\/skaitytaknyga.lt\/en\/wp-json\/wp\/v2\/media\/21308"}],"wp:attachment":[{"href":"https:\/\/skaitytaknyga.lt\/en\/wp-json\/wp\/v2\/media?parent=21303"}],"wp:term":[{"taxonomy":"product_brand","embeddable":true,"href":"https:\/\/skaitytaknyga.lt\/en\/wp-json\/wp\/v2\/product_brand?post=21303"},{"taxonomy":"product_cat","embeddable":true,"href":"https:\/\/skaitytaknyga.lt\/en\/wp-json\/wp\/v2\/product_cat?post=21303"},{"taxonomy":"product_tag","embeddable":true,"href":"https:\/\/skaitytaknyga.lt\/en\/wp-json\/wp\/v2\/product_tag?post=21303"}],"curies":[{"name":"wp","href":"https:\/\/api.w.org\/{rel}","templated":true}]}}