{"id":21296,"date":"2025-10-06T09:35:24","date_gmt":"2025-10-06T06:35:24","guid":{"rendered":"https:\/\/skaitytaknyga.lt\/?post_type=product&#038;p=21296"},"modified":"2026-02-26T10:10:27","modified_gmt":"2026-02-26T08:10:27","slug":"kipso-laiskai","status":"publish","type":"product","link":"https:\/\/skaitytaknyga.lt\/en\/produktas\/kipso-laiskai\/","title":{"rendered":"Kip\u0161o lai\u0161kai"},"content":{"rendered":"<p>Seno velnio patarimai jaunam velniukui<\/p>\n<p>\u017dinomo angl\u0173 ra\u0161ytojo ir religinio m\u0105stytojoClive Staples Lewiso (1898-1963) alegorija \u2013 tai patyrusio kip\u0161o lai\u0161kai jaunam kip\u0161ui-gundytojui, k\u0105 tik prad\u0117jusiam savo praktik\u0105. Vos pasirod\u0119 \u201eKip\u0161o lai\u0161kai\u201c i\u0161kart tapo ir teb\u0117ra populiariosios teologijos ir religin\u0117s patirties gair\u0117 daugeliui \u017emoni\u0173, kurie galb\u016bt dar svyruoja, d\u0117l religijos n\u0117ra tvirtai apsisprend\u0119. C.S.Lewisas meistri\u0161kai kuria intrig\u0105, velnio \u017eod\u017eiais pateikdamas prie\u0161ing\u0105 savo po\u017ei\u016br\u012f \u012f meil\u0119, draugyst\u0119, mald\u0105, pramogas, socialin\u012f gyvenim\u0105, malonum\u0105, darb\u0105, kar\u0105, visur pribarstydamas angli\u0161kojo s\u0105mojo druskos. Taip skaitytojas ir \u0161maik\u0161\u010diai, ir teologi\u0161kai nepriekai\u0161ingai supa\u017eindinamas su pasaulio, k\u016bno ir velnio pagundomis ir b\u016bdais joms \u012fveikti, arba su kai kuriais tradicin\u0117s asketikos bruo\u017eais. Pra\u0117jo daugiau nei pus\u0117 am\u017eiaus nuo knygos i\u0161leidimo, o \u0161is nepakartojama kip\u0161o \u201evademecum\u201c vis i\u0161eina ir i\u0161eina \u012fvairiomis kalbomis ir \u012fsitvirtino kaip krik\u0161\u010dioni\u0161kosios literat\u016bros klasika.<\/p>\n","protected":false},"excerpt":{"rendered":"<p>Seno velnio patarimai jaunam velniukui \u017dinomo angl\u0173 ra\u0161ytojo ir religinio m\u0105stytojoClive Staples Lewiso (1898-1963) alegorija \u2013 tai patyrusio kip\u0161o lai\u0161kai jaunam kip\u0161ui-gundytojui, k\u0105 tik prad\u0117jusiam savo praktik\u0105. Vos pasirod\u0119 \u201eKip\u0161o lai\u0161kai\u201c i\u0161kart tapo ir teb\u0117ra populiariosios teologijos ir religin\u0117s patirties gair\u0117 daugeliui \u017emoni\u0173, kurie galb\u016bt dar svyruoja, d\u0117l religijos n\u0117ra tvirtai apsisprend\u0119. C.S.Lewisas meistri\u0161kai kuria intrig\u0105, velnio \u017eod\u017eiais pateikdamas prie\u0161ing\u0105 savo po\u017ei\u016br\u012f \u012f meil\u0119, draugyst\u0119, mald\u0105, pramogas, socialin\u012f gyvenim\u0105, malonum\u0105, darb\u0105, kar\u0105, visur pribarstydamas angli\u0161kojo s\u0105mojo druskos. Taip skaitytojas ir \u0161maik\u0161\u010diai, ir teologi\u0161kai nepriekai\u0161ingai supa\u017eindinamas su pasaulio, k\u016bno ir velnio pagundomis ir b\u016bdais joms \u012fveikti, arba su kai kuriais tradicin\u0117s asketikos bruo\u017eais. Pra\u0117jo daugiau nei pus\u0117 am\u017eiaus nuo knygos i\u0161leidimo, o \u0161is nepakartojama kip\u0161o \u201evademecum\u201c vis i\u0161eina ir i\u0161eina \u012fvairiomis kalbomis ir \u012fsitvirtino kaip krik\u0161\u010dioni\u0161kosios literat\u016bros klasika.<\/p>\n","protected":false},"featured_media":21302,"comment_status":"open","ping_status":"closed","template":"","meta":{"_acf_changed":false,"site-sidebar-layout":"default","site-content-layout":"","ast-site-content-layout":"default","site-content-style":"default","site-sidebar-style":"default","ast-global-header-display":"","ast-banner-title-visibility":"","ast-main-header-display":"","ast-hfb-above-header-display":"","ast-hfb-below-header-display":"","ast-hfb-mobile-header-display":"","site-post-title":"","ast-breadcrumbs-content":"","ast-featured-img":"","footer-sml-layout":"","ast-disable-related-posts":"","theme-transparent-header-meta":"","adv-header-id-meta":"","stick-header-meta":"","header-above-stick-meta":"","header-main-stick-meta":"","header-below-stick-meta":"","astra-migrate-meta-layouts":"default","ast-page-background-enabled":"default","ast-page-background-meta":{"desktop":{"background-color":"","background-image":"","background-repeat":"repeat","background-position":"center center","background-size":"auto","background-attachment":"scroll","background-type":"","background-media":"","overlay-type":"","overlay-color":"","overlay-opacity":"","overlay-gradient":""},"tablet":{"background-color":"","background-image":"","background-repeat":"repeat","background-position":"center center","background-size":"auto","background-attachment":"scroll","background-type":"","background-media":"","overlay-type":"","overlay-color":"","overlay-opacity":"","overlay-gradient":""},"mobile":{"background-color":"","background-image":"","background-repeat":"repeat","background-position":"center center","background-size":"auto","background-attachment":"scroll","background-type":"","background-media":"","overlay-type":"","overlay-color":"","overlay-opacity":"","overlay-gradient":""}},"ast-content-background-meta":{"desktop":{"background-color":"var(--ast-global-color-4)","background-image":"","background-repeat":"repeat","background-position":"center center","background-size":"auto","background-attachment":"scroll","background-type":"","background-media":"","overlay-type":"","overlay-color":"","overlay-opacity":"","overlay-gradient":""},"tablet":{"background-color":"var(--ast-global-color-4)","background-image":"","background-repeat":"repeat","background-position":"center center","background-size":"auto","background-attachment":"scroll","background-type":"","background-media":"","overlay-type":"","overlay-color":"","overlay-opacity":"","overlay-gradient":""},"mobile":{"background-color":"var(--ast-global-color-4)","background-image":"","background-repeat":"repeat","background-position":"center center","background-size":"auto","background-attachment":"scroll","background-type":"","background-media":"","overlay-type":"","overlay-color":"","overlay-opacity":"","overlay-gradient":""}}},"product_brand":[],"product_cat":[165],"product_tag":[4783,8288,8289,1437,1942,8290,2259],"class_list":{"0":"post-21296","1":"product","2":"type-product","3":"status-publish","4":"has-post-thumbnail","6":"product_cat-religija-filosofija-ir-ezoterika","7":"product_tag-alegorija","8":"product_tag-c-s-lewis","9":"product_tag-gundymai","10":"product_tag-klasika","11":"product_tag-krikscionybe","12":"product_tag-religine-patirtis","13":"product_tag-teologija","14":"desktop-align-left","15":"tablet-align-left","16":"mobile-align-left","18":"first","19":"instock","20":"shipping-taxable","21":"purchasable","22":"product-type-simple"},"acf":[],"yoast_head":"<!-- This site is optimized with the Yoast SEO plugin v27.0 - https:\/\/yoast.com\/product\/yoast-seo-wordpress\/ -->\n<title>Kip\u0161o lai\u0161kai<\/title>\n<meta name=\"description\" content=\"Seno velnio patarimai jaunam velniukui \u017dinomo angl\u0173 ra\u0161ytojo ir religinio m\u0105stytojoClive Staples Lewiso (1898-1963) alegorija \u2013 tai patyrusio kip\u0161o\" \/>\n<meta name=\"robots\" content=\"index, follow, max-snippet:-1, max-image-preview:large, max-video-preview:-1\" \/>\n<link rel=\"canonical\" href=\"https:\/\/skaitytaknyga.lt\/en\/produktas\/kipso-laiskai\/\" \/>\n<meta property=\"og:locale\" content=\"en_GB\" \/>\n<meta property=\"og:locale:alternate\" content=\"lt_LT\" \/>\n<meta property=\"og:type\" content=\"article\" \/>\n<meta property=\"og:title\" content=\"Kip\u0161o lai\u0161kai\" \/>\n<meta property=\"og:description\" content=\"Seno velnio patarimai jaunam velniukui \u017dinomo angl\u0173 ra\u0161ytojo ir religinio m\u0105stytojoClive Staples Lewiso (1898-1963) alegorija \u2013 tai patyrusio kip\u0161o\" \/>\n<meta property=\"og:url\" content=\"https:\/\/skaitytaknyga.lt\/en\/produktas\/kipso-laiskai\/\" \/>\n<meta property=\"og:site_name\" content=\"Skaitytaknyga\" \/>\n<meta property=\"article:publisher\" content=\"https:\/\/www.facebook.com\/skaitytaknyga\/\" \/>\n<meta property=\"article:modified_time\" content=\"2026-02-26T08:10:27+00:00\" \/>\n<meta property=\"og:image\" content=\"https:\/\/skaitytaknyga.lt\/wp-content\/uploads\/2025\/10\/Kipso-laiskai-1.jpg\" \/>\n\t<meta property=\"og:image:width\" content=\"300\" \/>\n\t<meta property=\"og:image:height\" content=\"450\" \/>\n\t<meta property=\"og:image:type\" content=\"image\/jpeg\" \/>\n<meta name=\"twitter:card\" content=\"summary_large_image\" \/>\n<meta name=\"twitter:label1\" content=\"Estimated reading time\" \/>\n\t<meta name=\"twitter:data1\" content=\"1 minute\" \/>\n<script type=\"application\/ld+json\" class=\"yoast-schema-graph\">{\"@context\":\"https:\/\/schema.org\",\"@graph\":[{\"@type\":\"WebPage\",\"@id\":\"https:\/\/skaitytaknyga.lt\/produktas\/kipso-laiskai\/\",\"url\":\"https:\/\/skaitytaknyga.lt\/produktas\/kipso-laiskai\/\",\"name\":\"Kip\u0161o lai\u0161kai\",\"isPartOf\":{\"@id\":\"https:\/\/skaitytaknyga.lt\/#website\"},\"primaryImageOfPage\":{\"@id\":\"https:\/\/skaitytaknyga.lt\/produktas\/kipso-laiskai\/#primaryimage\"},\"image\":{\"@id\":\"https:\/\/skaitytaknyga.lt\/produktas\/kipso-laiskai\/#primaryimage\"},\"thumbnailUrl\":\"https:\/\/skaitytaknyga.lt\/wp-content\/uploads\/2025\/10\/Kipso-laiskai-1.jpg\",\"datePublished\":\"2025-10-06T06:35:24+00:00\",\"dateModified\":\"2026-02-26T08:10:27+00:00\",\"description\":\"Seno velnio patarimai jaunam velniukui \u017dinomo angl\u0173 ra\u0161ytojo ir religinio m\u0105stytojoClive Staples Lewiso (1898-1963) alegorija \u2013 tai patyrusio kip\u0161o\",\"breadcrumb\":{\"@id\":\"https:\/\/skaitytaknyga.lt\/produktas\/kipso-laiskai\/#breadcrumb\"},\"inLanguage\":\"en-GB\",\"potentialAction\":[{\"@type\":\"ReadAction\",\"target\":[\"https:\/\/skaitytaknyga.lt\/produktas\/kipso-laiskai\/\"]}]},{\"@type\":\"ImageObject\",\"inLanguage\":\"en-GB\",\"@id\":\"https:\/\/skaitytaknyga.lt\/produktas\/kipso-laiskai\/#primaryimage\",\"url\":\"https:\/\/skaitytaknyga.lt\/wp-content\/uploads\/2025\/10\/Kipso-laiskai-1.jpg\",\"contentUrl\":\"https:\/\/skaitytaknyga.lt\/wp-content\/uploads\/2025\/10\/Kipso-laiskai-1.jpg\",\"width\":300,\"height\":450,\"caption\":\"Kip\u0161o lai\u0161kai\"},{\"@type\":\"BreadcrumbList\",\"@id\":\"https:\/\/skaitytaknyga.lt\/produktas\/kipso-laiskai\/#breadcrumb\",\"itemListElement\":[{\"@type\":\"ListItem\",\"position\":1,\"name\":\"Home\",\"item\":\"https:\/\/skaitytaknyga.lt\/\"},{\"@type\":\"ListItem\",\"position\":2,\"name\":\"Parduotuv\u0117\",\"item\":\"https:\/\/skaitytaknyga.lt\/knygu-parduotuve\/\"},{\"@type\":\"ListItem\",\"position\":3,\"name\":\"Kip\u0161o lai\u0161kai\"}]},{\"@type\":\"WebSite\",\"@id\":\"https:\/\/skaitytaknyga.lt\/#website\",\"url\":\"https:\/\/skaitytaknyga.lt\/\",\"name\":\"skaitytaknyga.lt\",\"description\":\"Skaitytaknyga.lt \u2013 tai ma\u017eas \u0161eimos verslas, kuris prasid\u0117jo nuo meil\u0117s knygoms ir siekio i\u0161gelb\u0117ti knygas nuo likimo prie konteinerio. Kas vienam nereikalingas daiktas \u2013 kitam lobis, o mes esame tarpininkai, kurie padeda abiems tapti laimingesniems ???? \u017dinome kaip nelengva i\u0161gyventi ma\u017eiems verslams, tad nuo \u0161iol, \u010dia rasite ir kit\u0173, ma\u017e\u0173 \u0161eim\u0173 versl\u0173, rank\u0173 darbo, dovan\u0173 sau ir artimiesiems.\",\"publisher\":{\"@id\":\"https:\/\/skaitytaknyga.lt\/#organization\"},\"potentialAction\":[{\"@type\":\"SearchAction\",\"target\":{\"@type\":\"EntryPoint\",\"urlTemplate\":\"https:\/\/skaitytaknyga.lt\/?s={search_term_string}\"},\"query-input\":{\"@type\":\"PropertyValueSpecification\",\"valueRequired\":true,\"valueName\":\"search_term_string\"}}],\"inLanguage\":\"en-GB\"},{\"@type\":\"Organization\",\"@id\":\"https:\/\/skaitytaknyga.lt\/#organization\",\"name\":\"skaitytaknyga.lt\",\"url\":\"https:\/\/skaitytaknyga.lt\/\",\"logo\":{\"@type\":\"ImageObject\",\"inLanguage\":\"en-GB\",\"@id\":\"https:\/\/skaitytaknyga.lt\/#\/schema\/logo\/image\/\",\"url\":\"https:\/\/skaitytaknyga.lt\/wp-content\/uploads\/2024\/05\/cropped-cropped-cropped-02_00843_jt3bggkj1j3HLc7SyY6rEUpg.jpeg\",\"contentUrl\":\"https:\/\/skaitytaknyga.lt\/wp-content\/uploads\/2024\/05\/cropped-cropped-cropped-02_00843_jt3bggkj1j3HLc7SyY6rEUpg.jpeg\",\"width\":1600,\"height\":1600,\"caption\":\"skaitytaknyga.lt\"},\"image\":{\"@id\":\"https:\/\/skaitytaknyga.lt\/#\/schema\/logo\/image\/\"},\"sameAs\":[\"https:\/\/www.facebook.com\/skaitytaknyga\/\"]}]}<\/script>\n<!-- \/ Yoast SEO plugin. -->","yoast_head_json":{"title":"Kip\u0161o lai\u0161kai","description":"Seno velnio patarimai jaunam velniukui \u017dinomo angl\u0173 ra\u0161ytojo ir religinio m\u0105stytojoClive Staples Lewiso (1898-1963) alegorija \u2013 tai patyrusio kip\u0161o","robots":{"index":"index","follow":"follow","max-snippet":"max-snippet:-1","max-image-preview":"max-image-preview:large","max-video-preview":"max-video-preview:-1"},"canonical":"https:\/\/skaitytaknyga.lt\/en\/produktas\/kipso-laiskai\/","og_locale":"en_GB","og_type":"article","og_title":"[:lt]Kip\u0161o lai\u0161kai[:] - Skaitytaknyga","og_description":"Seno velnio patarimai jaunam velniukui \u017dinomo angl\u0173 ra\u0161ytojo ir religinio m\u0105stytojoClive Staples Lewiso (1898-1963) alegorija \u2013 tai patyrusio kip\u0161o","og_url":"https:\/\/skaitytaknyga.lt\/en\/produktas\/kipso-laiskai\/","og_site_name":"Skaitytaknyga","article_publisher":"https:\/\/www.facebook.com\/skaitytaknyga\/","article_modified_time":"2026-02-26T08:10:27+00:00","og_image":[{"width":300,"height":450,"url":"https:\/\/skaitytaknyga.lt\/wp-content\/uploads\/2025\/10\/Kipso-laiskai-1.jpg","type":"image\/jpeg"}],"twitter_card":"summary_large_image","twitter_misc":{"Estimated reading time":"1 minute"},"schema":{"@context":"https:\/\/schema.org","@graph":[{"@type":"WebPage","@id":"https:\/\/skaitytaknyga.lt\/produktas\/kipso-laiskai\/","url":"https:\/\/skaitytaknyga.lt\/produktas\/kipso-laiskai\/","name":"Kip\u0161o lai\u0161kai","isPartOf":{"@id":"https:\/\/skaitytaknyga.lt\/#website"},"primaryImageOfPage":{"@id":"https:\/\/skaitytaknyga.lt\/produktas\/kipso-laiskai\/#primaryimage"},"image":{"@id":"https:\/\/skaitytaknyga.lt\/produktas\/kipso-laiskai\/#primaryimage"},"thumbnailUrl":"https:\/\/skaitytaknyga.lt\/wp-content\/uploads\/2025\/10\/Kipso-laiskai-1.jpg","datePublished":"2025-10-06T06:35:24+00:00","dateModified":"2026-02-26T08:10:27+00:00","description":"Seno velnio patarimai jaunam velniukui \u017dinomo angl\u0173 ra\u0161ytojo ir religinio m\u0105stytojoClive Staples Lewiso (1898-1963) alegorija \u2013 tai patyrusio kip\u0161o","breadcrumb":{"@id":"https:\/\/skaitytaknyga.lt\/produktas\/kipso-laiskai\/#breadcrumb"},"inLanguage":"en-GB","potentialAction":[{"@type":"ReadAction","target":["https:\/\/skaitytaknyga.lt\/produktas\/kipso-laiskai\/"]}]},{"@type":"ImageObject","inLanguage":"en-GB","@id":"https:\/\/skaitytaknyga.lt\/produktas\/kipso-laiskai\/#primaryimage","url":"https:\/\/skaitytaknyga.lt\/wp-content\/uploads\/2025\/10\/Kipso-laiskai-1.jpg","contentUrl":"https:\/\/skaitytaknyga.lt\/wp-content\/uploads\/2025\/10\/Kipso-laiskai-1.jpg","width":300,"height":450,"caption":"Kip\u0161o lai\u0161kai"},{"@type":"BreadcrumbList","@id":"https:\/\/skaitytaknyga.lt\/produktas\/kipso-laiskai\/#breadcrumb","itemListElement":[{"@type":"ListItem","position":1,"name":"Home","item":"https:\/\/skaitytaknyga.lt\/"},{"@type":"ListItem","position":2,"name":"Parduotuv\u0117","item":"https:\/\/skaitytaknyga.lt\/knygu-parduotuve\/"},{"@type":"ListItem","position":3,"name":"Kip\u0161o lai\u0161kai"}]},{"@type":"WebSite","@id":"https:\/\/skaitytaknyga.lt\/#website","url":"https:\/\/skaitytaknyga.lt\/","name":"skaitytaknyga.lt","description":"Skaitytaknyga.lt \u2013 tai ma\u017eas \u0161eimos verslas, kuris prasid\u0117jo nuo meil\u0117s knygoms ir siekio i\u0161gelb\u0117ti knygas nuo likimo prie konteinerio. Kas vienam nereikalingas daiktas \u2013 kitam lobis, o mes esame tarpininkai, kurie padeda abiems tapti laimingesniems ???? \u017dinome kaip nelengva i\u0161gyventi ma\u017eiems verslams, tad nuo \u0161iol, \u010dia rasite ir kit\u0173, ma\u017e\u0173 \u0161eim\u0173 versl\u0173, rank\u0173 darbo, dovan\u0173 sau ir artimiesiems.","publisher":{"@id":"https:\/\/skaitytaknyga.lt\/#organization"},"potentialAction":[{"@type":"SearchAction","target":{"@type":"EntryPoint","urlTemplate":"https:\/\/skaitytaknyga.lt\/?s={search_term_string}"},"query-input":{"@type":"PropertyValueSpecification","valueRequired":true,"valueName":"search_term_string"}}],"inLanguage":"en-GB"},{"@type":"Organization","@id":"https:\/\/skaitytaknyga.lt\/#organization","name":"skaitytaknyga.lt","url":"https:\/\/skaitytaknyga.lt\/","logo":{"@type":"ImageObject","inLanguage":"en-GB","@id":"https:\/\/skaitytaknyga.lt\/#\/schema\/logo\/image\/","url":"https:\/\/skaitytaknyga.lt\/wp-content\/uploads\/2024\/05\/cropped-cropped-cropped-02_00843_jt3bggkj1j3HLc7SyY6rEUpg.jpeg","contentUrl":"https:\/\/skaitytaknyga.lt\/wp-content\/uploads\/2024\/05\/cropped-cropped-cropped-02_00843_jt3bggkj1j3HLc7SyY6rEUpg.jpeg","width":1600,"height":1600,"caption":"skaitytaknyga.lt"},"image":{"@id":"https:\/\/skaitytaknyga.lt\/#\/schema\/logo\/image\/"},"sameAs":["https:\/\/www.facebook.com\/skaitytaknyga\/"]}]}},"_links":{"self":[{"href":"https:\/\/skaitytaknyga.lt\/en\/wp-json\/wp\/v2\/product\/21296","targetHints":{"allow":["GET"]}}],"collection":[{"href":"https:\/\/skaitytaknyga.lt\/en\/wp-json\/wp\/v2\/product"}],"about":[{"href":"https:\/\/skaitytaknyga.lt\/en\/wp-json\/wp\/v2\/types\/product"}],"replies":[{"embeddable":true,"href":"https:\/\/skaitytaknyga.lt\/en\/wp-json\/wp\/v2\/comments?post=21296"}],"wp:featuredmedia":[{"embeddable":true,"href":"https:\/\/skaitytaknyga.lt\/en\/wp-json\/wp\/v2\/media\/21302"}],"wp:attachment":[{"href":"https:\/\/skaitytaknyga.lt\/en\/wp-json\/wp\/v2\/media?parent=21296"}],"wp:term":[{"taxonomy":"product_brand","embeddable":true,"href":"https:\/\/skaitytaknyga.lt\/en\/wp-json\/wp\/v2\/product_brand?post=21296"},{"taxonomy":"product_cat","embeddable":true,"href":"https:\/\/skaitytaknyga.lt\/en\/wp-json\/wp\/v2\/product_cat?post=21296"},{"taxonomy":"product_tag","embeddable":true,"href":"https:\/\/skaitytaknyga.lt\/en\/wp-json\/wp\/v2\/product_tag?post=21296"}],"curies":[{"name":"wp","href":"https:\/\/api.w.org\/{rel}","templated":true}]}}