{"id":21295,"date":"2025-10-06T09:35:24","date_gmt":"2025-10-06T06:35:24","guid":{"rendered":"https:\/\/skaitytaknyga.lt\/?post_type=product&#038;p=21295"},"modified":"2026-02-26T10:10:27","modified_gmt":"2026-02-26T08:10:27","slug":"malda-su-ignacu-lojola","status":"publish","type":"product","link":"https:\/\/skaitytaknyga.lt\/en\/produktas\/malda-su-ignacu-lojola\/","title":{"rendered":"Malda su Ignacu Lojola"},"content":{"rendered":"<p>Prie\u0161 penkis \u0161imtus met\u0173 para\u0161ytos \u0161v. Ignaco Lojolos Dvasin\u0117s pratybos ne tik neprarado aktualumo, bet \u0161iandien labiau nei bet kada yra reikalingos ir naudingos moderniam \u017emogui. Jos moko ir padeda melstis, o ne vien kalb\u0117ti apie mald\u0105, veda vis \u012f gilesn\u012f J\u0117zaus Kristaus pa\u017einim\u0105, atskleid\u017eia begalin\u0119 Dievo meil\u0119 \u017emogui ir rodo meil\u0117s kitiems \u017emon\u0117ms pavyzd\u012f. Ignacas kiekvien\u0105 skatina i\u0161girsti nepakartojam\u0105 Dievo kvietim\u0105, \u012f j\u012f atsiliepti ir savo gyvenim\u0105 skirti didesnei Dievo garbei.<\/p>\n<p>\u0160ios knygos tikslas &#8211; nuteikti melstis taip, kaip meld\u0117si \u0161ventasis, t. y. sujungti mald\u0105 su svarbiausiais savo gyvenimo dalykais, sritimis, \u012fvykiais. Kiekviena meditacija \u012fne\u0161 \u0161viesos ir pad\u0117s suvokti ignaci\u0161k\u0105j\u012f dvasingum\u0105, paskatins apm\u0105styti savo paties patirt\u012f. Knyga pad\u0117s tiek melstis asmeni\u0161kai vienumoje, tiek lavintis ma\u017eose maldos grupel\u0117se.<\/p>\n<p>\u017daklina Sirop Bega (Jacqueline Syrup Bergan) ir Mari Skvan (Marie Schwan) CSJ yra \u201eTake and Receive\u201c serijos bestseleri\u0173, pagr\u012fst\u0173 \u0161v. Ignaco \u201eDvasin\u0117mis pratybomis\u201c, autor\u0117s.<\/p>\n","protected":false},"excerpt":{"rendered":"<p>Prie\u0161 penkis \u0161imtus met\u0173 para\u0161ytos \u0161v. Ignaco Lojolos Dvasin\u0117s pratybos ne tik neprarado aktualumo, bet \u0161iandien labiau nei bet kada yra reikalingos ir naudingos moderniam \u017emogui. Jos moko ir padeda melstis, o ne vien kalb\u0117ti apie mald\u0105, veda vis \u012f gilesn\u012f J\u0117zaus Kristaus pa\u017einim\u0105, atskleid\u017eia begalin\u0119 Dievo meil\u0119 \u017emogui ir rodo meil\u0117s kitiems \u017emon\u0117ms pavyzd\u012f. Ignacas kiekvien\u0105 skatina i\u0161girsti nepakartojam\u0105 Dievo kvietim\u0105, \u012f j\u012f atsiliepti ir savo gyvenim\u0105 skirti didesnei Dievo garbei. \u0160ios knygos tikslas &#8211; nuteikti melstis taip, kaip meld\u0117si \u0161ventasis, t. y. sujungti mald\u0105 su svarbiausiais savo gyvenimo dalykais, sritimis, \u012fvykiais. Kiekviena meditacija \u012fne\u0161 \u0161viesos ir pad\u0117s suvokti ignaci\u0161k\u0105j\u012f dvasingum\u0105, paskatins apm\u0105styti savo paties patirt\u012f. Knyga pad\u0117s tiek melstis asmeni\u0161kai vienumoje, tiek lavintis ma\u017eose maldos grupel\u0117se. \u017daklina Sirop Bega (Jacqueline Syrup Bergan) ir Mari Skvan (Marie Schwan) CSJ yra \u201eTake and Receive\u201c serijos bestseleri\u0173, pagr\u012fst\u0173 \u0161v. Ignaco \u201eDvasin\u0117mis pratybomis\u201c, autor\u0117s.<\/p>\n","protected":false},"featured_media":21301,"comment_status":"open","ping_status":"closed","template":"","meta":{"_acf_changed":false,"site-sidebar-layout":"default","site-content-layout":"","ast-site-content-layout":"default","site-content-style":"default","site-sidebar-style":"default","ast-global-header-display":"","ast-banner-title-visibility":"","ast-main-header-display":"","ast-hfb-above-header-display":"","ast-hfb-below-header-display":"","ast-hfb-mobile-header-display":"","site-post-title":"","ast-breadcrumbs-content":"","ast-featured-img":"","footer-sml-layout":"","ast-disable-related-posts":"","theme-transparent-header-meta":"","adv-header-id-meta":"","stick-header-meta":"","header-above-stick-meta":"","header-main-stick-meta":"","header-below-stick-meta":"","astra-migrate-meta-layouts":"default","ast-page-background-enabled":"default","ast-page-background-meta":{"desktop":{"background-color":"","background-image":"","background-repeat":"repeat","background-position":"center center","background-size":"auto","background-attachment":"scroll","background-type":"","background-media":"","overlay-type":"","overlay-color":"","overlay-opacity":"","overlay-gradient":""},"tablet":{"background-color":"","background-image":"","background-repeat":"repeat","background-position":"center center","background-size":"auto","background-attachment":"scroll","background-type":"","background-media":"","overlay-type":"","overlay-color":"","overlay-opacity":"","overlay-gradient":""},"mobile":{"background-color":"","background-image":"","background-repeat":"repeat","background-position":"center center","background-size":"auto","background-attachment":"scroll","background-type":"","background-media":"","overlay-type":"","overlay-color":"","overlay-opacity":"","overlay-gradient":""}},"ast-content-background-meta":{"desktop":{"background-color":"var(--ast-global-color-4)","background-image":"","background-repeat":"repeat","background-position":"center center","background-size":"auto","background-attachment":"scroll","background-type":"","background-media":"","overlay-type":"","overlay-color":"","overlay-opacity":"","overlay-gradient":""},"tablet":{"background-color":"var(--ast-global-color-4)","background-image":"","background-repeat":"repeat","background-position":"center center","background-size":"auto","background-attachment":"scroll","background-type":"","background-media":"","overlay-type":"","overlay-color":"","overlay-opacity":"","overlay-gradient":""},"mobile":{"background-color":"var(--ast-global-color-4)","background-image":"","background-repeat":"repeat","background-position":"center center","background-size":"auto","background-attachment":"scroll","background-type":"","background-media":"","overlay-type":"","overlay-color":"","overlay-opacity":"","overlay-gradient":""}}},"product_brand":[],"product_cat":[165],"product_tag":[8286,8285,8283,8287,2799,8284],"class_list":{"0":"post-21295","1":"product","2":"type-product","3":"status-publish","4":"has-post-thumbnail","6":"product_cat-religija-filosofija-ir-ezoterika","7":"product_tag-dvasines-pratybos","8":"product_tag-ignacas-lojola","9":"product_tag-jacqueline-syrup-bergan","10":"product_tag-krikscioniskas-dvasingumas","11":"product_tag-malda","12":"product_tag-marie-schwan","13":"desktop-align-left","14":"tablet-align-left","15":"mobile-align-left","17":"first","18":"outofstock","19":"shipping-taxable","20":"purchasable","21":"product-type-simple"},"acf":[],"yoast_head":"<!-- This site is optimized with the Yoast SEO plugin v27.0 - https:\/\/yoast.com\/product\/yoast-seo-wordpress\/ -->\n<title>Malda su Ignacu Lojola<\/title>\n<meta name=\"description\" content=\"Prie\u0161 penkis \u0161imtus met\u0173 para\u0161ytos \u0161v. Ignaco Lojolos Dvasin\u0117s pratybos ne tik neprarado aktualumo, bet \u0161iandien labiau nei bet kada yra reikalingos ir\" \/>\n<meta name=\"robots\" content=\"index, follow, max-snippet:-1, max-image-preview:large, max-video-preview:-1\" \/>\n<link rel=\"canonical\" href=\"https:\/\/skaitytaknyga.lt\/en\/produktas\/malda-su-ignacu-lojola\/\" \/>\n<meta property=\"og:locale\" content=\"en_GB\" \/>\n<meta property=\"og:locale:alternate\" content=\"lt_LT\" \/>\n<meta property=\"og:type\" content=\"article\" \/>\n<meta property=\"og:title\" content=\"Malda su Ignacu Lojola\" \/>\n<meta property=\"og:description\" content=\"Prie\u0161 penkis \u0161imtus met\u0173 para\u0161ytos \u0161v. Ignaco Lojolos Dvasin\u0117s pratybos ne tik neprarado aktualumo, bet \u0161iandien labiau nei bet kada yra reikalingos ir\" \/>\n<meta property=\"og:url\" content=\"https:\/\/skaitytaknyga.lt\/en\/produktas\/malda-su-ignacu-lojola\/\" \/>\n<meta property=\"og:site_name\" content=\"Skaitytaknyga\" \/>\n<meta property=\"article:publisher\" content=\"https:\/\/www.facebook.com\/skaitytaknyga\/\" \/>\n<meta property=\"article:modified_time\" content=\"2026-02-26T08:10:27+00:00\" \/>\n<meta property=\"og:image\" content=\"https:\/\/skaitytaknyga.lt\/wp-content\/uploads\/2025\/10\/Malda-su-Ignacu-Lojola.jpg\" \/>\n\t<meta property=\"og:image:width\" content=\"300\" \/>\n\t<meta property=\"og:image:height\" content=\"507\" \/>\n\t<meta property=\"og:image:type\" content=\"image\/jpeg\" \/>\n<meta name=\"twitter:card\" content=\"summary_large_image\" \/>\n<meta name=\"twitter:label1\" content=\"Estimated reading time\" \/>\n\t<meta name=\"twitter:data1\" content=\"1 minute\" \/>\n<script type=\"application\/ld+json\" class=\"yoast-schema-graph\">{\"@context\":\"https:\/\/schema.org\",\"@graph\":[{\"@type\":\"WebPage\",\"@id\":\"https:\/\/skaitytaknyga.lt\/produktas\/malda-su-ignacu-lojola\/\",\"url\":\"https:\/\/skaitytaknyga.lt\/produktas\/malda-su-ignacu-lojola\/\",\"name\":\"Malda su Ignacu Lojola\",\"isPartOf\":{\"@id\":\"https:\/\/skaitytaknyga.lt\/#website\"},\"primaryImageOfPage\":{\"@id\":\"https:\/\/skaitytaknyga.lt\/produktas\/malda-su-ignacu-lojola\/#primaryimage\"},\"image\":{\"@id\":\"https:\/\/skaitytaknyga.lt\/produktas\/malda-su-ignacu-lojola\/#primaryimage\"},\"thumbnailUrl\":\"https:\/\/skaitytaknyga.lt\/wp-content\/uploads\/2025\/10\/Malda-su-Ignacu-Lojola.jpg\",\"datePublished\":\"2025-10-06T06:35:24+00:00\",\"dateModified\":\"2026-02-26T08:10:27+00:00\",\"description\":\"Prie\u0161 penkis \u0161imtus met\u0173 para\u0161ytos \u0161v. Ignaco Lojolos Dvasin\u0117s pratybos ne tik neprarado aktualumo, bet \u0161iandien labiau nei bet kada yra reikalingos ir\",\"breadcrumb\":{\"@id\":\"https:\/\/skaitytaknyga.lt\/produktas\/malda-su-ignacu-lojola\/#breadcrumb\"},\"inLanguage\":\"en-GB\",\"potentialAction\":[{\"@type\":\"ReadAction\",\"target\":[\"https:\/\/skaitytaknyga.lt\/produktas\/malda-su-ignacu-lojola\/\"]}]},{\"@type\":\"ImageObject\",\"inLanguage\":\"en-GB\",\"@id\":\"https:\/\/skaitytaknyga.lt\/produktas\/malda-su-ignacu-lojola\/#primaryimage\",\"url\":\"https:\/\/skaitytaknyga.lt\/wp-content\/uploads\/2025\/10\/Malda-su-Ignacu-Lojola.jpg\",\"contentUrl\":\"https:\/\/skaitytaknyga.lt\/wp-content\/uploads\/2025\/10\/Malda-su-Ignacu-Lojola.jpg\",\"width\":300,\"height\":507},{\"@type\":\"BreadcrumbList\",\"@id\":\"https:\/\/skaitytaknyga.lt\/produktas\/malda-su-ignacu-lojola\/#breadcrumb\",\"itemListElement\":[{\"@type\":\"ListItem\",\"position\":1,\"name\":\"Home\",\"item\":\"https:\/\/skaitytaknyga.lt\/\"},{\"@type\":\"ListItem\",\"position\":2,\"name\":\"Parduotuv\u0117\",\"item\":\"https:\/\/skaitytaknyga.lt\/knygu-parduotuve\/\"},{\"@type\":\"ListItem\",\"position\":3,\"name\":\"Malda su Ignacu Lojola\"}]},{\"@type\":\"WebSite\",\"@id\":\"https:\/\/skaitytaknyga.lt\/#website\",\"url\":\"https:\/\/skaitytaknyga.lt\/\",\"name\":\"skaitytaknyga.lt\",\"description\":\"Skaitytaknyga.lt \u2013 tai ma\u017eas \u0161eimos verslas, kuris prasid\u0117jo nuo meil\u0117s knygoms ir siekio i\u0161gelb\u0117ti knygas nuo likimo prie konteinerio. Kas vienam nereikalingas daiktas \u2013 kitam lobis, o mes esame tarpininkai, kurie padeda abiems tapti laimingesniems ???? \u017dinome kaip nelengva i\u0161gyventi ma\u017eiems verslams, tad nuo \u0161iol, \u010dia rasite ir kit\u0173, ma\u017e\u0173 \u0161eim\u0173 versl\u0173, rank\u0173 darbo, dovan\u0173 sau ir artimiesiems.\",\"publisher\":{\"@id\":\"https:\/\/skaitytaknyga.lt\/#organization\"},\"potentialAction\":[{\"@type\":\"SearchAction\",\"target\":{\"@type\":\"EntryPoint\",\"urlTemplate\":\"https:\/\/skaitytaknyga.lt\/?s={search_term_string}\"},\"query-input\":{\"@type\":\"PropertyValueSpecification\",\"valueRequired\":true,\"valueName\":\"search_term_string\"}}],\"inLanguage\":\"en-GB\"},{\"@type\":\"Organization\",\"@id\":\"https:\/\/skaitytaknyga.lt\/#organization\",\"name\":\"skaitytaknyga.lt\",\"url\":\"https:\/\/skaitytaknyga.lt\/\",\"logo\":{\"@type\":\"ImageObject\",\"inLanguage\":\"en-GB\",\"@id\":\"https:\/\/skaitytaknyga.lt\/#\/schema\/logo\/image\/\",\"url\":\"https:\/\/skaitytaknyga.lt\/wp-content\/uploads\/2024\/05\/cropped-cropped-cropped-02_00843_jt3bggkj1j3HLc7SyY6rEUpg.jpeg\",\"contentUrl\":\"https:\/\/skaitytaknyga.lt\/wp-content\/uploads\/2024\/05\/cropped-cropped-cropped-02_00843_jt3bggkj1j3HLc7SyY6rEUpg.jpeg\",\"width\":1600,\"height\":1600,\"caption\":\"skaitytaknyga.lt\"},\"image\":{\"@id\":\"https:\/\/skaitytaknyga.lt\/#\/schema\/logo\/image\/\"},\"sameAs\":[\"https:\/\/www.facebook.com\/skaitytaknyga\/\"]}]}<\/script>\n<!-- \/ Yoast SEO plugin. -->","yoast_head_json":{"title":"Malda su Ignacu Lojola","description":"Prie\u0161 penkis \u0161imtus met\u0173 para\u0161ytos \u0161v. Ignaco Lojolos Dvasin\u0117s pratybos ne tik neprarado aktualumo, bet \u0161iandien labiau nei bet kada yra reikalingos ir","robots":{"index":"index","follow":"follow","max-snippet":"max-snippet:-1","max-image-preview":"max-image-preview:large","max-video-preview":"max-video-preview:-1"},"canonical":"https:\/\/skaitytaknyga.lt\/en\/produktas\/malda-su-ignacu-lojola\/","og_locale":"en_GB","og_type":"article","og_title":"[:lt]Malda su Ignacu Lojola[:] - Skaitytaknyga","og_description":"Prie\u0161 penkis \u0161imtus met\u0173 para\u0161ytos \u0161v. Ignaco Lojolos Dvasin\u0117s pratybos ne tik neprarado aktualumo, bet \u0161iandien labiau nei bet kada yra reikalingos ir","og_url":"https:\/\/skaitytaknyga.lt\/en\/produktas\/malda-su-ignacu-lojola\/","og_site_name":"Skaitytaknyga","article_publisher":"https:\/\/www.facebook.com\/skaitytaknyga\/","article_modified_time":"2026-02-26T08:10:27+00:00","og_image":[{"width":300,"height":507,"url":"https:\/\/skaitytaknyga.lt\/wp-content\/uploads\/2025\/10\/Malda-su-Ignacu-Lojola.jpg","type":"image\/jpeg"}],"twitter_card":"summary_large_image","twitter_misc":{"Estimated reading time":"1 minute"},"schema":{"@context":"https:\/\/schema.org","@graph":[{"@type":"WebPage","@id":"https:\/\/skaitytaknyga.lt\/produktas\/malda-su-ignacu-lojola\/","url":"https:\/\/skaitytaknyga.lt\/produktas\/malda-su-ignacu-lojola\/","name":"Malda su Ignacu Lojola","isPartOf":{"@id":"https:\/\/skaitytaknyga.lt\/#website"},"primaryImageOfPage":{"@id":"https:\/\/skaitytaknyga.lt\/produktas\/malda-su-ignacu-lojola\/#primaryimage"},"image":{"@id":"https:\/\/skaitytaknyga.lt\/produktas\/malda-su-ignacu-lojola\/#primaryimage"},"thumbnailUrl":"https:\/\/skaitytaknyga.lt\/wp-content\/uploads\/2025\/10\/Malda-su-Ignacu-Lojola.jpg","datePublished":"2025-10-06T06:35:24+00:00","dateModified":"2026-02-26T08:10:27+00:00","description":"Prie\u0161 penkis \u0161imtus met\u0173 para\u0161ytos \u0161v. Ignaco Lojolos Dvasin\u0117s pratybos ne tik neprarado aktualumo, bet \u0161iandien labiau nei bet kada yra reikalingos ir","breadcrumb":{"@id":"https:\/\/skaitytaknyga.lt\/produktas\/malda-su-ignacu-lojola\/#breadcrumb"},"inLanguage":"en-GB","potentialAction":[{"@type":"ReadAction","target":["https:\/\/skaitytaknyga.lt\/produktas\/malda-su-ignacu-lojola\/"]}]},{"@type":"ImageObject","inLanguage":"en-GB","@id":"https:\/\/skaitytaknyga.lt\/produktas\/malda-su-ignacu-lojola\/#primaryimage","url":"https:\/\/skaitytaknyga.lt\/wp-content\/uploads\/2025\/10\/Malda-su-Ignacu-Lojola.jpg","contentUrl":"https:\/\/skaitytaknyga.lt\/wp-content\/uploads\/2025\/10\/Malda-su-Ignacu-Lojola.jpg","width":300,"height":507},{"@type":"BreadcrumbList","@id":"https:\/\/skaitytaknyga.lt\/produktas\/malda-su-ignacu-lojola\/#breadcrumb","itemListElement":[{"@type":"ListItem","position":1,"name":"Home","item":"https:\/\/skaitytaknyga.lt\/"},{"@type":"ListItem","position":2,"name":"Parduotuv\u0117","item":"https:\/\/skaitytaknyga.lt\/knygu-parduotuve\/"},{"@type":"ListItem","position":3,"name":"Malda su Ignacu Lojola"}]},{"@type":"WebSite","@id":"https:\/\/skaitytaknyga.lt\/#website","url":"https:\/\/skaitytaknyga.lt\/","name":"skaitytaknyga.lt","description":"Skaitytaknyga.lt \u2013 tai ma\u017eas \u0161eimos verslas, kuris prasid\u0117jo nuo meil\u0117s knygoms ir siekio i\u0161gelb\u0117ti knygas nuo likimo prie konteinerio. Kas vienam nereikalingas daiktas \u2013 kitam lobis, o mes esame tarpininkai, kurie padeda abiems tapti laimingesniems ???? \u017dinome kaip nelengva i\u0161gyventi ma\u017eiems verslams, tad nuo \u0161iol, \u010dia rasite ir kit\u0173, ma\u017e\u0173 \u0161eim\u0173 versl\u0173, rank\u0173 darbo, dovan\u0173 sau ir artimiesiems.","publisher":{"@id":"https:\/\/skaitytaknyga.lt\/#organization"},"potentialAction":[{"@type":"SearchAction","target":{"@type":"EntryPoint","urlTemplate":"https:\/\/skaitytaknyga.lt\/?s={search_term_string}"},"query-input":{"@type":"PropertyValueSpecification","valueRequired":true,"valueName":"search_term_string"}}],"inLanguage":"en-GB"},{"@type":"Organization","@id":"https:\/\/skaitytaknyga.lt\/#organization","name":"skaitytaknyga.lt","url":"https:\/\/skaitytaknyga.lt\/","logo":{"@type":"ImageObject","inLanguage":"en-GB","@id":"https:\/\/skaitytaknyga.lt\/#\/schema\/logo\/image\/","url":"https:\/\/skaitytaknyga.lt\/wp-content\/uploads\/2024\/05\/cropped-cropped-cropped-02_00843_jt3bggkj1j3HLc7SyY6rEUpg.jpeg","contentUrl":"https:\/\/skaitytaknyga.lt\/wp-content\/uploads\/2024\/05\/cropped-cropped-cropped-02_00843_jt3bggkj1j3HLc7SyY6rEUpg.jpeg","width":1600,"height":1600,"caption":"skaitytaknyga.lt"},"image":{"@id":"https:\/\/skaitytaknyga.lt\/#\/schema\/logo\/image\/"},"sameAs":["https:\/\/www.facebook.com\/skaitytaknyga\/"]}]}},"_links":{"self":[{"href":"https:\/\/skaitytaknyga.lt\/en\/wp-json\/wp\/v2\/product\/21295","targetHints":{"allow":["GET"]}}],"collection":[{"href":"https:\/\/skaitytaknyga.lt\/en\/wp-json\/wp\/v2\/product"}],"about":[{"href":"https:\/\/skaitytaknyga.lt\/en\/wp-json\/wp\/v2\/types\/product"}],"replies":[{"embeddable":true,"href":"https:\/\/skaitytaknyga.lt\/en\/wp-json\/wp\/v2\/comments?post=21295"}],"wp:featuredmedia":[{"embeddable":true,"href":"https:\/\/skaitytaknyga.lt\/en\/wp-json\/wp\/v2\/media\/21301"}],"wp:attachment":[{"href":"https:\/\/skaitytaknyga.lt\/en\/wp-json\/wp\/v2\/media?parent=21295"}],"wp:term":[{"taxonomy":"product_brand","embeddable":true,"href":"https:\/\/skaitytaknyga.lt\/en\/wp-json\/wp\/v2\/product_brand?post=21295"},{"taxonomy":"product_cat","embeddable":true,"href":"https:\/\/skaitytaknyga.lt\/en\/wp-json\/wp\/v2\/product_cat?post=21295"},{"taxonomy":"product_tag","embeddable":true,"href":"https:\/\/skaitytaknyga.lt\/en\/wp-json\/wp\/v2\/product_tag?post=21295"}],"curies":[{"name":"wp","href":"https:\/\/api.w.org\/{rel}","templated":true}]}}