{"id":21284,"date":"2025-10-05T19:45:58","date_gmt":"2025-10-05T16:45:58","guid":{"rendered":"https:\/\/skaitytaknyga.lt\/?post_type=product&#038;p=21284"},"modified":"2026-03-06T16:25:00","modified_gmt":"2026-03-06T14:25:00","slug":"dunojus","status":"publish","type":"product","link":"https:\/\/skaitytaknyga.lt\/en\/produktas\/dunojus\/","title":{"rendered":"Dunojus"},"content":{"rendered":"<p>Skaitytojas nukeliamas \u012f region\u0105, esant\u012f imperi\u0161kosios, \u201em\u0117lynojo kraujo&#8221; up\u0117s \u2013 Dunojaus \u2013 baseino teritorijoje: kelion\u0117 driekiasi per Bavarijos \u017eemes, Austrij\u0105 ir Vengrij\u0105, Balkan\u0173 \u0161alis, Vidurio Europ\u0105 \u2013 nuo Juodosios Girios iki Juodosios j\u016bros.<\/p>\n<p>Claudio Magris \u2013 enciklopedini\u0173 \u017eini\u0173 ir k\u016brybingo smalsumo nestokojantis autorius, o Dunojus \u2013 nepaprasto dosnumo gyvenimo kelion\u0117s vadovas. Hipnotizuojan\u010diame C. Magrio pasakojime, kuris buvo ra\u0161omas daugiau nei 20 met\u0173, \u012f vien\u0105 vag\u0105 susilieja asmeniniai \u012fsp\u016bd\u017eiai, meno ir mokslo faktai, vienas kitas anekdotas, istoriniai pasa\u017eai ir literat\u016brin\u0117s aliuzijos.<\/p>\n<p>Aplankyta daug gyv\u0173j\u0173 ir prakalbinti vaiduokliai: lombardininkas i\u0161 Canetti romano, vaist\u0173 ar nusikaltim\u0173 muziejai, varp\u0173 lydytojas savo dirbtuv\u0117se, \u0161ik\u0161nosparni\u0173 privisusios nykstan\u010dios katedros, Vienos kapini\u0173 sargas, padunojo pelki\u0173 pauk\u0161\u010diai. O pakeliui vis nuolatiniai svarstymai: apie epin\u012f ar net familiar\u0173 europie\u010dio santyk\u012f su mirtimi, am\u017ein\u0105j\u0105 melancholij\u0105, ideologij\u0173 na\u0161laityst\u0119 ir literat\u016brin\u0119 benamyst\u0119, Wiener Gruppe ir \u201eautostop\u0173 romanus&#8221; ar \u201ed\u017einsin\u0119 proz\u0105&#8221;, apie fotografijos meno ar medicinos mokslo iliuzi\u0161kum\u0105, architekt\u0173 ir restauratori\u0173 nuopelnus, nacizmo randus ir tikrojo \u00e9lite prigimt\u012f bei paskirt\u012f, \u017emogaus vidujyb\u0117s dram\u0105 ir autenti\u0161kumo paie\u0161kas, kraujo ry\u0161\u012f ir \u0161eimos \u017eidin\u012f. Gvildenant \u0161ias ir daugyb\u0119 kit\u0173 tem\u0173, Dunojuje rikiuojasi nuostabi praeities ir \u201e\u012fstabiojo XX a.&#8221; ekspozicija \u2013 nuo Marko Aurelijaus ir Ovidijaus, L. von Beethoveno, B. Brechto, E. Canetti, L. F. C\u00e9line\u2019o, S. Freudo,  F. Kafkos, R. Musilio ir kit\u0173. Nuo j\u0173 \u2013 iki m\u016bs\u0173&#8230;<\/p>\n","protected":false},"excerpt":{"rendered":"<p>Skaitytojas nukeliamas \u012f region\u0105, esant\u012f imperi\u0161kosios, \u201em\u0117lynojo kraujo&#8221; up\u0117s \u2013 Dunojaus \u2013 baseino teritorijoje: kelion\u0117 driekiasi per Bavarijos \u017eemes, Austrij\u0105 ir Vengrij\u0105, Balkan\u0173 \u0161alis, Vidurio Europ\u0105 \u2013 nuo Juodosios Girios iki Juodosios j\u016bros. Claudio Magris \u2013 enciklopedini\u0173 \u017eini\u0173 ir k\u016brybingo smalsumo nestokojantis autorius, o Dunojus \u2013 nepaprasto dosnumo gyvenimo kelion\u0117s vadovas. Hipnotizuojan\u010diame C. Magrio pasakojime, kuris buvo ra\u0161omas daugiau nei 20 met\u0173, \u012f vien\u0105 vag\u0105 susilieja asmeniniai \u012fsp\u016bd\u017eiai, meno ir mokslo faktai, vienas kitas anekdotas, istoriniai pasa\u017eai ir literat\u016brin\u0117s aliuzijos. Aplankyta daug gyv\u0173j\u0173 ir prakalbinti vaiduokliai: lombardininkas i\u0161 Canetti romano, vaist\u0173 ar nusikaltim\u0173 muziejai, varp\u0173 lydytojas savo dirbtuv\u0117se, \u0161ik\u0161nosparni\u0173 privisusios nykstan\u010dios katedros, Vienos kapini\u0173 sargas, padunojo pelki\u0173 pauk\u0161\u010diai. O pakeliui vis nuolatiniai svarstymai: apie epin\u012f ar net familiar\u0173 europie\u010dio santyk\u012f su mirtimi, am\u017ein\u0105j\u0105 melancholij\u0105, ideologij\u0173 na\u0161laityst\u0119 ir literat\u016brin\u0119 benamyst\u0119, Wiener Gruppe ir \u201eautostop\u0173 romanus&#8221; ar \u201ed\u017einsin\u0119 proz\u0105&#8221;, apie fotografijos meno ar medicinos mokslo iliuzi\u0161kum\u0105, architekt\u0173 ir restauratori\u0173 nuopelnus, nacizmo randus ir tikrojo \u00e9lite prigimt\u012f bei paskirt\u012f, \u017emogaus vidujyb\u0117s dram\u0105 ir autenti\u0161kumo paie\u0161kas, kraujo ry\u0161\u012f ir \u0161eimos \u017eidin\u012f. Gvildenant \u0161ias ir daugyb\u0119 kit\u0173 tem\u0173, Dunojuje rikiuojasi nuostabi praeities ir \u201e\u012fstabiojo XX a.&#8221; ekspozicija \u2013 nuo Marko Aurelijaus ir Ovidijaus, L. von Beethoveno, B. Brechto, E. Canetti, L. F. C\u00e9line\u2019o, S. Freudo, F. Kafkos, R. Musilio ir kit\u0173. Nuo j\u0173 \u2013 iki m\u016bs\u0173&#8230;<\/p>\n","protected":false},"featured_media":21289,"comment_status":"open","ping_status":"closed","template":"","meta":{"_acf_changed":false,"site-sidebar-layout":"default","site-content-layout":"","ast-site-content-layout":"default","site-content-style":"default","site-sidebar-style":"default","ast-global-header-display":"","ast-banner-title-visibility":"","ast-main-header-display":"","ast-hfb-above-header-display":"","ast-hfb-below-header-display":"","ast-hfb-mobile-header-display":"","site-post-title":"","ast-breadcrumbs-content":"","ast-featured-img":"","footer-sml-layout":"","ast-disable-related-posts":"","theme-transparent-header-meta":"","adv-header-id-meta":"","stick-header-meta":"","header-above-stick-meta":"","header-main-stick-meta":"","header-below-stick-meta":"","astra-migrate-meta-layouts":"default","ast-page-background-enabled":"default","ast-page-background-meta":{"desktop":{"background-color":"","background-image":"","background-repeat":"repeat","background-position":"center center","background-size":"auto","background-attachment":"scroll","background-type":"","background-media":"","overlay-type":"","overlay-color":"","overlay-opacity":"","overlay-gradient":""},"tablet":{"background-color":"","background-image":"","background-repeat":"repeat","background-position":"center center","background-size":"auto","background-attachment":"scroll","background-type":"","background-media":"","overlay-type":"","overlay-color":"","overlay-opacity":"","overlay-gradient":""},"mobile":{"background-color":"","background-image":"","background-repeat":"repeat","background-position":"center center","background-size":"auto","background-attachment":"scroll","background-type":"","background-media":"","overlay-type":"","overlay-color":"","overlay-opacity":"","overlay-gradient":""}},"ast-content-background-meta":{"desktop":{"background-color":"var(--ast-global-color-4)","background-image":"","background-repeat":"repeat","background-position":"center center","background-size":"auto","background-attachment":"scroll","background-type":"","background-media":"","overlay-type":"","overlay-color":"","overlay-opacity":"","overlay-gradient":""},"tablet":{"background-color":"var(--ast-global-color-4)","background-image":"","background-repeat":"repeat","background-position":"center center","background-size":"auto","background-attachment":"scroll","background-type":"","background-media":"","overlay-type":"","overlay-color":"","overlay-opacity":"","overlay-gradient":""},"mobile":{"background-color":"var(--ast-global-color-4)","background-image":"","background-repeat":"repeat","background-position":"center center","background-size":"auto","background-attachment":"scroll","background-type":"","background-media":"","overlay-type":"","overlay-color":"","overlay-opacity":"","overlay-gradient":""}}},"product_brand":[],"product_cat":[269],"product_tag":[8275,2008,2425,2224,1445,2376,1492],"class_list":{"0":"post-21284","1":"product","2":"type-product","3":"status-publish","4":"has-post-thumbnail","6":"product_cat-gamtos-mokslai","7":"product_tag-claudio-magris","8":"product_tag-eseistika","9":"product_tag-europa","10":"product_tag-istorija","11":"product_tag-keliones","12":"product_tag-kultura","13":"product_tag-literatura","14":"desktop-align-left","15":"tablet-align-left","16":"mobile-align-left","18":"first","19":"instock","20":"shipping-taxable","21":"purchasable","22":"product-type-simple"},"acf":[],"yoast_head":"<!-- This site is optimized with the Yoast SEO plugin v27.0 - https:\/\/yoast.com\/product\/yoast-seo-wordpress\/ -->\n<title>Dunojus<\/title>\n<meta name=\"description\" content=\"Skaitytojas nukeliamas \u012f region\u0105, esant\u012f imperi\u0161kosios, \u201em\u0117lynojo kraujo&quot; up\u0117s \u2013 Dunojaus \u2013 baseino teritorijoje: kelion\u0117 driekiasi per Bavarijos \u017eemes,\" \/>\n<meta name=\"robots\" content=\"index, follow, max-snippet:-1, max-image-preview:large, max-video-preview:-1\" \/>\n<link rel=\"canonical\" href=\"https:\/\/skaitytaknyga.lt\/en\/produktas\/dunojus\/\" \/>\n<meta property=\"og:locale\" content=\"en_GB\" \/>\n<meta property=\"og:locale:alternate\" content=\"lt_LT\" \/>\n<meta property=\"og:type\" content=\"article\" \/>\n<meta property=\"og:title\" content=\"Dunojus\" \/>\n<meta property=\"og:description\" content=\"Skaitytojas nukeliamas \u012f region\u0105, esant\u012f imperi\u0161kosios, \u201em\u0117lynojo kraujo&quot; up\u0117s \u2013 Dunojaus \u2013 baseino teritorijoje: kelion\u0117 driekiasi per Bavarijos \u017eemes,\" \/>\n<meta property=\"og:url\" content=\"https:\/\/skaitytaknyga.lt\/en\/produktas\/dunojus\/\" \/>\n<meta property=\"og:site_name\" content=\"Skaitytaknyga\" \/>\n<meta property=\"article:publisher\" content=\"https:\/\/www.facebook.com\/skaitytaknyga\/\" \/>\n<meta property=\"article:modified_time\" content=\"2026-03-06T14:25:00+00:00\" \/>\n<meta property=\"og:image\" content=\"https:\/\/skaitytaknyga.lt\/wp-content\/uploads\/2025\/10\/Dunojus-1.webp\" \/>\n\t<meta property=\"og:image:width\" content=\"300\" \/>\n\t<meta property=\"og:image:height\" content=\"421\" \/>\n\t<meta property=\"og:image:type\" content=\"image\/webp\" \/>\n<meta name=\"twitter:card\" content=\"summary_large_image\" \/>\n<meta name=\"twitter:label1\" content=\"Estimated reading time\" \/>\n\t<meta name=\"twitter:data1\" content=\"1 minute\" \/>\n<script type=\"application\/ld+json\" class=\"yoast-schema-graph\">{\"@context\":\"https:\/\/schema.org\",\"@graph\":[{\"@type\":\"WebPage\",\"@id\":\"https:\/\/skaitytaknyga.lt\/produktas\/dunojus\/\",\"url\":\"https:\/\/skaitytaknyga.lt\/produktas\/dunojus\/\",\"name\":\"Dunojus\",\"isPartOf\":{\"@id\":\"https:\/\/skaitytaknyga.lt\/#website\"},\"primaryImageOfPage\":{\"@id\":\"https:\/\/skaitytaknyga.lt\/produktas\/dunojus\/#primaryimage\"},\"image\":{\"@id\":\"https:\/\/skaitytaknyga.lt\/produktas\/dunojus\/#primaryimage\"},\"thumbnailUrl\":\"https:\/\/skaitytaknyga.lt\/wp-content\/uploads\/2025\/10\/Dunojus-1.webp\",\"datePublished\":\"2025-10-05T16:45:58+00:00\",\"dateModified\":\"2026-03-06T14:25:00+00:00\",\"description\":\"Skaitytojas nukeliamas \u012f region\u0105, esant\u012f imperi\u0161kosios, \u201em\u0117lynojo kraujo\\\" up\u0117s \u2013 Dunojaus \u2013 baseino teritorijoje: kelion\u0117 driekiasi per Bavarijos \u017eemes,\",\"breadcrumb\":{\"@id\":\"https:\/\/skaitytaknyga.lt\/produktas\/dunojus\/#breadcrumb\"},\"inLanguage\":\"en-GB\",\"potentialAction\":[{\"@type\":\"ReadAction\",\"target\":[\"https:\/\/skaitytaknyga.lt\/produktas\/dunojus\/\"]}]},{\"@type\":\"ImageObject\",\"inLanguage\":\"en-GB\",\"@id\":\"https:\/\/skaitytaknyga.lt\/produktas\/dunojus\/#primaryimage\",\"url\":\"https:\/\/skaitytaknyga.lt\/wp-content\/uploads\/2025\/10\/Dunojus-1.webp\",\"contentUrl\":\"https:\/\/skaitytaknyga.lt\/wp-content\/uploads\/2025\/10\/Dunojus-1.webp\",\"width\":300,\"height\":421,\"caption\":\"Dunojus\"},{\"@type\":\"BreadcrumbList\",\"@id\":\"https:\/\/skaitytaknyga.lt\/produktas\/dunojus\/#breadcrumb\",\"itemListElement\":[{\"@type\":\"ListItem\",\"position\":1,\"name\":\"Home\",\"item\":\"https:\/\/skaitytaknyga.lt\/\"},{\"@type\":\"ListItem\",\"position\":2,\"name\":\"Parduotuv\u0117\",\"item\":\"https:\/\/skaitytaknyga.lt\/knygu-parduotuve\/\"},{\"@type\":\"ListItem\",\"position\":3,\"name\":\"Dunojus\"}]},{\"@type\":\"WebSite\",\"@id\":\"https:\/\/skaitytaknyga.lt\/#website\",\"url\":\"https:\/\/skaitytaknyga.lt\/\",\"name\":\"skaitytaknyga.lt\",\"description\":\"Skaitytaknyga.lt \u2013 tai ma\u017eas \u0161eimos verslas, kuris prasid\u0117jo nuo meil\u0117s knygoms ir siekio i\u0161gelb\u0117ti knygas nuo likimo prie konteinerio. Kas vienam nereikalingas daiktas \u2013 kitam lobis, o mes esame tarpininkai, kurie padeda abiems tapti laimingesniems ???? \u017dinome kaip nelengva i\u0161gyventi ma\u017eiems verslams, tad nuo \u0161iol, \u010dia rasite ir kit\u0173, ma\u017e\u0173 \u0161eim\u0173 versl\u0173, rank\u0173 darbo, dovan\u0173 sau ir artimiesiems.\",\"publisher\":{\"@id\":\"https:\/\/skaitytaknyga.lt\/#organization\"},\"potentialAction\":[{\"@type\":\"SearchAction\",\"target\":{\"@type\":\"EntryPoint\",\"urlTemplate\":\"https:\/\/skaitytaknyga.lt\/?s={search_term_string}\"},\"query-input\":{\"@type\":\"PropertyValueSpecification\",\"valueRequired\":true,\"valueName\":\"search_term_string\"}}],\"inLanguage\":\"en-GB\"},{\"@type\":\"Organization\",\"@id\":\"https:\/\/skaitytaknyga.lt\/#organization\",\"name\":\"skaitytaknyga.lt\",\"url\":\"https:\/\/skaitytaknyga.lt\/\",\"logo\":{\"@type\":\"ImageObject\",\"inLanguage\":\"en-GB\",\"@id\":\"https:\/\/skaitytaknyga.lt\/#\/schema\/logo\/image\/\",\"url\":\"https:\/\/skaitytaknyga.lt\/wp-content\/uploads\/2024\/05\/cropped-cropped-cropped-02_00843_jt3bggkj1j3HLc7SyY6rEUpg.jpeg\",\"contentUrl\":\"https:\/\/skaitytaknyga.lt\/wp-content\/uploads\/2024\/05\/cropped-cropped-cropped-02_00843_jt3bggkj1j3HLc7SyY6rEUpg.jpeg\",\"width\":1600,\"height\":1600,\"caption\":\"skaitytaknyga.lt\"},\"image\":{\"@id\":\"https:\/\/skaitytaknyga.lt\/#\/schema\/logo\/image\/\"},\"sameAs\":[\"https:\/\/www.facebook.com\/skaitytaknyga\/\"]}]}<\/script>\n<!-- \/ Yoast SEO plugin. -->","yoast_head_json":{"title":"Dunojus","description":"Skaitytojas nukeliamas \u012f region\u0105, esant\u012f imperi\u0161kosios, \u201em\u0117lynojo kraujo\" up\u0117s \u2013 Dunojaus \u2013 baseino teritorijoje: kelion\u0117 driekiasi per Bavarijos \u017eemes,","robots":{"index":"index","follow":"follow","max-snippet":"max-snippet:-1","max-image-preview":"max-image-preview:large","max-video-preview":"max-video-preview:-1"},"canonical":"https:\/\/skaitytaknyga.lt\/en\/produktas\/dunojus\/","og_locale":"en_GB","og_type":"article","og_title":"[:lt]Dunojus[:] - Skaitytaknyga","og_description":"Skaitytojas nukeliamas \u012f region\u0105, esant\u012f imperi\u0161kosios, \u201em\u0117lynojo kraujo\" up\u0117s \u2013 Dunojaus \u2013 baseino teritorijoje: kelion\u0117 driekiasi per Bavarijos \u017eemes,","og_url":"https:\/\/skaitytaknyga.lt\/en\/produktas\/dunojus\/","og_site_name":"Skaitytaknyga","article_publisher":"https:\/\/www.facebook.com\/skaitytaknyga\/","article_modified_time":"2026-03-06T14:25:00+00:00","og_image":[{"width":300,"height":421,"url":"https:\/\/skaitytaknyga.lt\/wp-content\/uploads\/2025\/10\/Dunojus-1.webp","type":"image\/webp"}],"twitter_card":"summary_large_image","twitter_misc":{"Estimated reading time":"1 minute"},"schema":{"@context":"https:\/\/schema.org","@graph":[{"@type":"WebPage","@id":"https:\/\/skaitytaknyga.lt\/produktas\/dunojus\/","url":"https:\/\/skaitytaknyga.lt\/produktas\/dunojus\/","name":"Dunojus","isPartOf":{"@id":"https:\/\/skaitytaknyga.lt\/#website"},"primaryImageOfPage":{"@id":"https:\/\/skaitytaknyga.lt\/produktas\/dunojus\/#primaryimage"},"image":{"@id":"https:\/\/skaitytaknyga.lt\/produktas\/dunojus\/#primaryimage"},"thumbnailUrl":"https:\/\/skaitytaknyga.lt\/wp-content\/uploads\/2025\/10\/Dunojus-1.webp","datePublished":"2025-10-05T16:45:58+00:00","dateModified":"2026-03-06T14:25:00+00:00","description":"Skaitytojas nukeliamas \u012f region\u0105, esant\u012f imperi\u0161kosios, \u201em\u0117lynojo kraujo\" up\u0117s \u2013 Dunojaus \u2013 baseino teritorijoje: kelion\u0117 driekiasi per Bavarijos \u017eemes,","breadcrumb":{"@id":"https:\/\/skaitytaknyga.lt\/produktas\/dunojus\/#breadcrumb"},"inLanguage":"en-GB","potentialAction":[{"@type":"ReadAction","target":["https:\/\/skaitytaknyga.lt\/produktas\/dunojus\/"]}]},{"@type":"ImageObject","inLanguage":"en-GB","@id":"https:\/\/skaitytaknyga.lt\/produktas\/dunojus\/#primaryimage","url":"https:\/\/skaitytaknyga.lt\/wp-content\/uploads\/2025\/10\/Dunojus-1.webp","contentUrl":"https:\/\/skaitytaknyga.lt\/wp-content\/uploads\/2025\/10\/Dunojus-1.webp","width":300,"height":421,"caption":"Dunojus"},{"@type":"BreadcrumbList","@id":"https:\/\/skaitytaknyga.lt\/produktas\/dunojus\/#breadcrumb","itemListElement":[{"@type":"ListItem","position":1,"name":"Home","item":"https:\/\/skaitytaknyga.lt\/"},{"@type":"ListItem","position":2,"name":"Parduotuv\u0117","item":"https:\/\/skaitytaknyga.lt\/knygu-parduotuve\/"},{"@type":"ListItem","position":3,"name":"Dunojus"}]},{"@type":"WebSite","@id":"https:\/\/skaitytaknyga.lt\/#website","url":"https:\/\/skaitytaknyga.lt\/","name":"skaitytaknyga.lt","description":"Skaitytaknyga.lt \u2013 tai ma\u017eas \u0161eimos verslas, kuris prasid\u0117jo nuo meil\u0117s knygoms ir siekio i\u0161gelb\u0117ti knygas nuo likimo prie konteinerio. Kas vienam nereikalingas daiktas \u2013 kitam lobis, o mes esame tarpininkai, kurie padeda abiems tapti laimingesniems ???? \u017dinome kaip nelengva i\u0161gyventi ma\u017eiems verslams, tad nuo \u0161iol, \u010dia rasite ir kit\u0173, ma\u017e\u0173 \u0161eim\u0173 versl\u0173, rank\u0173 darbo, dovan\u0173 sau ir artimiesiems.","publisher":{"@id":"https:\/\/skaitytaknyga.lt\/#organization"},"potentialAction":[{"@type":"SearchAction","target":{"@type":"EntryPoint","urlTemplate":"https:\/\/skaitytaknyga.lt\/?s={search_term_string}"},"query-input":{"@type":"PropertyValueSpecification","valueRequired":true,"valueName":"search_term_string"}}],"inLanguage":"en-GB"},{"@type":"Organization","@id":"https:\/\/skaitytaknyga.lt\/#organization","name":"skaitytaknyga.lt","url":"https:\/\/skaitytaknyga.lt\/","logo":{"@type":"ImageObject","inLanguage":"en-GB","@id":"https:\/\/skaitytaknyga.lt\/#\/schema\/logo\/image\/","url":"https:\/\/skaitytaknyga.lt\/wp-content\/uploads\/2024\/05\/cropped-cropped-cropped-02_00843_jt3bggkj1j3HLc7SyY6rEUpg.jpeg","contentUrl":"https:\/\/skaitytaknyga.lt\/wp-content\/uploads\/2024\/05\/cropped-cropped-cropped-02_00843_jt3bggkj1j3HLc7SyY6rEUpg.jpeg","width":1600,"height":1600,"caption":"skaitytaknyga.lt"},"image":{"@id":"https:\/\/skaitytaknyga.lt\/#\/schema\/logo\/image\/"},"sameAs":["https:\/\/www.facebook.com\/skaitytaknyga\/"]}]}},"_links":{"self":[{"href":"https:\/\/skaitytaknyga.lt\/en\/wp-json\/wp\/v2\/product\/21284","targetHints":{"allow":["GET"]}}],"collection":[{"href":"https:\/\/skaitytaknyga.lt\/en\/wp-json\/wp\/v2\/product"}],"about":[{"href":"https:\/\/skaitytaknyga.lt\/en\/wp-json\/wp\/v2\/types\/product"}],"replies":[{"embeddable":true,"href":"https:\/\/skaitytaknyga.lt\/en\/wp-json\/wp\/v2\/comments?post=21284"}],"wp:featuredmedia":[{"embeddable":true,"href":"https:\/\/skaitytaknyga.lt\/en\/wp-json\/wp\/v2\/media\/21289"}],"wp:attachment":[{"href":"https:\/\/skaitytaknyga.lt\/en\/wp-json\/wp\/v2\/media?parent=21284"}],"wp:term":[{"taxonomy":"product_brand","embeddable":true,"href":"https:\/\/skaitytaknyga.lt\/en\/wp-json\/wp\/v2\/product_brand?post=21284"},{"taxonomy":"product_cat","embeddable":true,"href":"https:\/\/skaitytaknyga.lt\/en\/wp-json\/wp\/v2\/product_cat?post=21284"},{"taxonomy":"product_tag","embeddable":true,"href":"https:\/\/skaitytaknyga.lt\/en\/wp-json\/wp\/v2\/product_tag?post=21284"}],"curies":[{"name":"wp","href":"https:\/\/api.w.org\/{rel}","templated":true}]}}