{"id":21282,"date":"2025-10-05T19:45:58","date_gmt":"2025-10-05T16:45:58","guid":{"rendered":"https:\/\/skaitytaknyga.lt\/?post_type=product&#038;p=21282"},"modified":"2025-10-06T10:58:47","modified_gmt":"2025-10-06T07:58:47","slug":"sirdies-pavasaris","status":"publish","type":"product","link":"https:\/\/skaitytaknyga.lt\/en\/produktas\/sirdies-pavasaris\/","title":{"rendered":"\u0160irdies pavasaris"},"content":{"rendered":"<p>Rankose laikote Ryt\u0173 i\u0161minties ir Vakar\u0173 psichologijos bei kau\u010dingo sintez\u0119, gimusi\u0105 per ilgus Vasantos tyrin\u0117jim\u0173 ir darbo su \u017emon\u0117mis metus. Pastar\u0105j\u012f de\u0161imtmet\u012f Lietuvoje gyvenantis, kra\u0161tie\u010di\u0173 itin vertinamas ir mylimas mokytojas \u0161iandien \u0161imtams \u017emoni\u0173 padeda geriau pa\u017einti save ir atrasti keli\u0105 \u012f laiming\u0105 gyvenim\u0105.<\/p>\n<p> \u201eTikiu, kad kiekvienas m\u016bs\u0173 \u0161irdyse turime begalin\u0119 gali\u0105 myl\u0117ti, b\u016bti laimingi ir gyventi sklidini pilnatv\u0117s\u201c, \u2013 teigia autorius. \u0160ioje knygoje jis dalijasi praktiniais Ryt\u0173 i\u0161minties principais, pad\u0117sian\u010diais geriau suprasti ir pa\u017einti save.<\/p>\n<p>Vasanta paprasta, kiekvienam suprantama kalba pasidalins:<br \/>\n\u2022 Kod\u0117l esame \u010dia, kur esame, arba kas yra karmin\u0117 \u201ebanko s\u0105skaita\u201c.<br \/>\n\u2022 Ar egzistuoja likimas, ar esame paj\u0117g\u016bs j\u012f keisti.<br \/>\n\u2022 Kaip nustoti reaguoti \u012f kasdienes smulkmenas ir tapti s\u0105moningais savo likimo k\u016br\u0117jais.<br \/>\n\u2022 Kaip i\u0161sivaduoti i\u0161 \u201egyvenimas u\u017eknisa\u201c ir kit\u0173  \u012fsitikinim\u0173.<br \/>\n\u2022 Kaip rasti vienov\u0119 tarp savo tro\u0161kim\u0173 ir vertybi\u0173, pasiekti pilnatv\u0119 ir kitas darnias s\u0105mon\u0117s b\u016bsenas.<br \/>\n\u2022 Kaip \u012f\u017evelgti tikr\u0105j\u0105 savo prigimt\u012f, potencialus, unikalum\u0105 ir atskleisti juos visomis spalvomis.<\/p>\n<p>\u201eGyvendamas \u012fsitikinau \u2013 \u0161iame pasaulyje niekas nevyksta veltui. Galb\u016bt \u0161i knyga \u2013 tai atsakas \u012f J\u016bs\u0173 vidinius klausimus, kuriuos jau seniai puosel\u0117jate savo \u0161irdyje?\u201c<\/p>\n","protected":false},"excerpt":{"rendered":"<p>Rankose laikote Ryt\u0173 i\u0161minties ir Vakar\u0173 psichologijos bei kau\u010dingo sintez\u0119, gimusi\u0105 per ilgus Vasantos tyrin\u0117jim\u0173 ir darbo su \u017emon\u0117mis metus. Pastar\u0105j\u012f de\u0161imtmet\u012f Lietuvoje gyvenantis, kra\u0161tie\u010di\u0173 itin vertinamas ir mylimas mokytojas \u0161iandien \u0161imtams \u017emoni\u0173 padeda geriau pa\u017einti save ir atrasti keli\u0105 \u012f laiming\u0105 gyvenim\u0105. \u201eTikiu, kad kiekvienas m\u016bs\u0173 \u0161irdyse turime begalin\u0119 gali\u0105 myl\u0117ti, b\u016bti laimingi ir gyventi sklidini pilnatv\u0117s\u201c, \u2013 teigia autorius. \u0160ioje knygoje jis dalijasi praktiniais Ryt\u0173 i\u0161minties principais, pad\u0117sian\u010diais geriau suprasti ir pa\u017einti save. Vasanta paprasta, kiekvienam suprantama kalba pasidalins: \u2022 Kod\u0117l esame \u010dia, kur esame, arba kas yra karmin\u0117 \u201ebanko s\u0105skaita\u201c. \u2022 Ar egzistuoja likimas, ar esame paj\u0117g\u016bs j\u012f keisti. \u2022 Kaip nustoti reaguoti \u012f kasdienes smulkmenas ir tapti s\u0105moningais savo likimo k\u016br\u0117jais. \u2022 Kaip i\u0161sivaduoti i\u0161 \u201egyvenimas u\u017eknisa\u201c ir kit\u0173 \u012fsitikinim\u0173. \u2022 Kaip rasti vienov\u0119 tarp savo tro\u0161kim\u0173 ir vertybi\u0173, pasiekti pilnatv\u0119 ir kitas darnias s\u0105mon\u0117s b\u016bsenas. \u2022 Kaip \u012f\u017evelgti tikr\u0105j\u0105 savo prigimt\u012f, potencialus, unikalum\u0105 ir atskleisti juos visomis spalvomis. \u201eGyvendamas \u012fsitikinau \u2013 \u0161iame pasaulyje niekas nevyksta veltui. Galb\u016bt \u0161i knyga \u2013 tai atsakas \u012f J\u016bs\u0173 vidinius klausimus, kuriuos jau seniai puosel\u0117jate savo \u0161irdyje?\u201c<\/p>\n","protected":false},"featured_media":21287,"comment_status":"open","ping_status":"closed","template":"","meta":{"_acf_changed":false,"site-sidebar-layout":"default","site-content-layout":"","ast-site-content-layout":"default","site-content-style":"default","site-sidebar-style":"default","ast-global-header-display":"","ast-banner-title-visibility":"","ast-main-header-display":"","ast-hfb-above-header-display":"","ast-hfb-below-header-display":"","ast-hfb-mobile-header-display":"","site-post-title":"","ast-breadcrumbs-content":"","ast-featured-img":"","footer-sml-layout":"","ast-disable-related-posts":"","theme-transparent-header-meta":"","adv-header-id-meta":"","stick-header-meta":"","header-above-stick-meta":"","header-main-stick-meta":"","header-below-stick-meta":"","astra-migrate-meta-layouts":"default","ast-page-background-enabled":"default","ast-page-background-meta":{"desktop":{"background-color":"","background-image":"","background-repeat":"repeat","background-position":"center center","background-size":"auto","background-attachment":"scroll","background-type":"","background-media":"","overlay-type":"","overlay-color":"","overlay-opacity":"","overlay-gradient":""},"tablet":{"background-color":"","background-image":"","background-repeat":"repeat","background-position":"center center","background-size":"auto","background-attachment":"scroll","background-type":"","background-media":"","overlay-type":"","overlay-color":"","overlay-opacity":"","overlay-gradient":""},"mobile":{"background-color":"","background-image":"","background-repeat":"repeat","background-position":"center center","background-size":"auto","background-attachment":"scroll","background-type":"","background-media":"","overlay-type":"","overlay-color":"","overlay-opacity":"","overlay-gradient":""}},"ast-content-background-meta":{"desktop":{"background-color":"var(--ast-global-color-4)","background-image":"","background-repeat":"repeat","background-position":"center center","background-size":"auto","background-attachment":"scroll","background-type":"","background-media":"","overlay-type":"","overlay-color":"","overlay-opacity":"","overlay-gradient":""},"tablet":{"background-color":"var(--ast-global-color-4)","background-image":"","background-repeat":"repeat","background-position":"center center","background-size":"auto","background-attachment":"scroll","background-type":"","background-media":"","overlay-type":"","overlay-color":"","overlay-opacity":"","overlay-gradient":""},"mobile":{"background-color":"var(--ast-global-color-4)","background-image":"","background-repeat":"repeat","background-position":"center center","background-size":"auto","background-attachment":"scroll","background-type":"","background-media":"","overlay-type":"","overlay-color":"","overlay-opacity":"","overlay-gradient":""}}},"product_brand":[],"product_cat":[30],"product_tag":[1994,8271,1392,8270,1968,8269],"class_list":{"0":"post-21282","1":"product","2":"type-product","3":"status-publish","4":"has-post-thumbnail","6":"product_cat-psichologija-ir-saviugda","7":"product_tag-dvasinis-augimas","8":"product_tag-kaucingas","9":"product_tag-psichologija","10":"product_tag-rytu-ismintis","11":"product_tag-samoningumas","12":"product_tag-vasanta-das","13":"desktop-align-left","14":"tablet-align-left","15":"mobile-align-left","17":"first","18":"instock","19":"shipping-taxable","20":"purchasable","21":"product-type-simple"},"acf":[],"yoast_head":"<!-- This site is optimized with the Yoast SEO plugin v27.4 - https:\/\/yoast.com\/product\/yoast-seo-wordpress\/ -->\n<title>\u0160irdies pavasaris<\/title>\n<meta name=\"description\" content=\"Rankose laikote Ryt\u0173 i\u0161minties ir Vakar\u0173 psichologijos bei kau\u010dingo sintez\u0119, gimusi\u0105 per ilgus Vasantos tyrin\u0117jim\u0173 ir darbo su \u017emon\u0117mis metus. Pastar\u0105j\u012f\" \/>\n<meta name=\"robots\" content=\"index, follow, max-snippet:-1, max-image-preview:large, max-video-preview:-1\" \/>\n<link rel=\"canonical\" href=\"https:\/\/skaitytaknyga.lt\/en\/produktas\/sirdies-pavasaris\/\" \/>\n<meta property=\"og:locale\" content=\"en_GB\" \/>\n<meta property=\"og:locale:alternate\" content=\"lt_LT\" \/>\n<meta property=\"og:type\" content=\"article\" \/>\n<meta property=\"og:title\" content=\"\u0160irdies pavasaris\" \/>\n<meta property=\"og:description\" content=\"Rankose laikote Ryt\u0173 i\u0161minties ir Vakar\u0173 psichologijos bei kau\u010dingo sintez\u0119, gimusi\u0105 per ilgus Vasantos tyrin\u0117jim\u0173 ir darbo su \u017emon\u0117mis metus. Pastar\u0105j\u012f\" \/>\n<meta property=\"og:url\" content=\"https:\/\/skaitytaknyga.lt\/en\/produktas\/sirdies-pavasaris\/\" \/>\n<meta property=\"og:site_name\" content=\"Skaitytaknyga\" \/>\n<meta property=\"article:publisher\" content=\"https:\/\/www.facebook.com\/skaitytaknyga\/\" \/>\n<meta property=\"article:modified_time\" content=\"2025-10-06T07:58:47+00:00\" \/>\n<meta property=\"og:image\" content=\"https:\/\/skaitytaknyga.lt\/wp-content\/uploads\/2025\/10\/Sirdies-pavasaris-1.webp\" \/>\n\t<meta property=\"og:image:width\" content=\"300\" \/>\n\t<meta property=\"og:image:height\" content=\"441\" \/>\n\t<meta property=\"og:image:type\" content=\"image\/webp\" \/>\n<meta name=\"twitter:card\" content=\"summary_large_image\" \/>\n<meta name=\"twitter:label1\" content=\"Estimated reading time\" \/>\n\t<meta name=\"twitter:data1\" content=\"1 minute\" \/>\n<script type=\"application\/ld+json\" class=\"yoast-schema-graph\">{\"@context\":\"https:\\\/\\\/schema.org\",\"@graph\":[{\"@type\":\"WebPage\",\"@id\":\"https:\\\/\\\/skaitytaknyga.lt\\\/produktas\\\/sirdies-pavasaris\\\/\",\"url\":\"https:\\\/\\\/skaitytaknyga.lt\\\/produktas\\\/sirdies-pavasaris\\\/\",\"name\":\"\u0160irdies pavasaris\",\"isPartOf\":{\"@id\":\"https:\\\/\\\/skaitytaknyga.lt\\\/#website\"},\"primaryImageOfPage\":{\"@id\":\"https:\\\/\\\/skaitytaknyga.lt\\\/produktas\\\/sirdies-pavasaris\\\/#primaryimage\"},\"image\":{\"@id\":\"https:\\\/\\\/skaitytaknyga.lt\\\/produktas\\\/sirdies-pavasaris\\\/#primaryimage\"},\"thumbnailUrl\":\"https:\\\/\\\/skaitytaknyga.lt\\\/wp-content\\\/uploads\\\/2025\\\/10\\\/Sirdies-pavasaris-1.webp\",\"datePublished\":\"2025-10-05T16:45:58+00:00\",\"dateModified\":\"2025-10-06T07:58:47+00:00\",\"description\":\"Rankose laikote Ryt\u0173 i\u0161minties ir Vakar\u0173 psichologijos bei kau\u010dingo sintez\u0119, gimusi\u0105 per ilgus Vasantos tyrin\u0117jim\u0173 ir darbo su \u017emon\u0117mis metus. Pastar\u0105j\u012f\",\"breadcrumb\":{\"@id\":\"https:\\\/\\\/skaitytaknyga.lt\\\/produktas\\\/sirdies-pavasaris\\\/#breadcrumb\"},\"inLanguage\":\"en-GB\",\"potentialAction\":[{\"@type\":\"ReadAction\",\"target\":[\"https:\\\/\\\/skaitytaknyga.lt\\\/produktas\\\/sirdies-pavasaris\\\/\"]}]},{\"@type\":\"ImageObject\",\"inLanguage\":\"en-GB\",\"@id\":\"https:\\\/\\\/skaitytaknyga.lt\\\/produktas\\\/sirdies-pavasaris\\\/#primaryimage\",\"url\":\"https:\\\/\\\/skaitytaknyga.lt\\\/wp-content\\\/uploads\\\/2025\\\/10\\\/Sirdies-pavasaris-1.webp\",\"contentUrl\":\"https:\\\/\\\/skaitytaknyga.lt\\\/wp-content\\\/uploads\\\/2025\\\/10\\\/Sirdies-pavasaris-1.webp\",\"width\":300,\"height\":441,\"caption\":\"\u0160irdies pavasaris\"},{\"@type\":\"BreadcrumbList\",\"@id\":\"https:\\\/\\\/skaitytaknyga.lt\\\/produktas\\\/sirdies-pavasaris\\\/#breadcrumb\",\"itemListElement\":[{\"@type\":\"ListItem\",\"position\":1,\"name\":\"Home\",\"item\":\"https:\\\/\\\/skaitytaknyga.lt\\\/\"},{\"@type\":\"ListItem\",\"position\":2,\"name\":\"Parduotuv\u0117\",\"item\":\"https:\\\/\\\/skaitytaknyga.lt\\\/knygu-parduotuve\\\/\"},{\"@type\":\"ListItem\",\"position\":3,\"name\":\"\u0160irdies pavasaris\"}]},{\"@type\":\"WebSite\",\"@id\":\"https:\\\/\\\/skaitytaknyga.lt\\\/#website\",\"url\":\"https:\\\/\\\/skaitytaknyga.lt\\\/\",\"name\":\"skaitytaknyga.lt\",\"description\":\"Skaitytaknyga.lt \u2013 tai ma\u017eas \u0161eimos verslas, kuris prasid\u0117jo nuo meil\u0117s knygoms ir siekio i\u0161gelb\u0117ti knygas nuo likimo prie konteinerio. Kas vienam nereikalingas daiktas \u2013 kitam lobis, o mes esame tarpininkai, kurie padeda abiems tapti laimingesniems ???? \u017dinome kaip nelengva i\u0161gyventi ma\u017eiems verslams, tad nuo \u0161iol, \u010dia rasite ir kit\u0173, ma\u017e\u0173 \u0161eim\u0173 versl\u0173, rank\u0173 darbo, dovan\u0173 sau ir artimiesiems.\",\"publisher\":{\"@id\":\"https:\\\/\\\/skaitytaknyga.lt\\\/#organization\"},\"potentialAction\":[{\"@type\":\"SearchAction\",\"target\":{\"@type\":\"EntryPoint\",\"urlTemplate\":\"https:\\\/\\\/skaitytaknyga.lt\\\/?s={search_term_string}\"},\"query-input\":{\"@type\":\"PropertyValueSpecification\",\"valueRequired\":true,\"valueName\":\"search_term_string\"}}],\"inLanguage\":\"en-GB\"},{\"@type\":\"Organization\",\"@id\":\"https:\\\/\\\/skaitytaknyga.lt\\\/#organization\",\"name\":\"skaitytaknyga.lt\",\"url\":\"https:\\\/\\\/skaitytaknyga.lt\\\/\",\"logo\":{\"@type\":\"ImageObject\",\"inLanguage\":\"en-GB\",\"@id\":\"https:\\\/\\\/skaitytaknyga.lt\\\/#\\\/schema\\\/logo\\\/image\\\/\",\"url\":\"https:\\\/\\\/skaitytaknyga.lt\\\/wp-content\\\/uploads\\\/2024\\\/05\\\/cropped-cropped-cropped-02_00843_jt3bggkj1j3HLc7SyY6rEUpg.jpeg\",\"contentUrl\":\"https:\\\/\\\/skaitytaknyga.lt\\\/wp-content\\\/uploads\\\/2024\\\/05\\\/cropped-cropped-cropped-02_00843_jt3bggkj1j3HLc7SyY6rEUpg.jpeg\",\"width\":1600,\"height\":1600,\"caption\":\"skaitytaknyga.lt\"},\"image\":{\"@id\":\"https:\\\/\\\/skaitytaknyga.lt\\\/#\\\/schema\\\/logo\\\/image\\\/\"},\"sameAs\":[\"https:\\\/\\\/www.facebook.com\\\/skaitytaknyga\\\/\"]}]}<\/script>\n<!-- \/ Yoast SEO plugin. -->","yoast_head_json":{"title":"\u0160irdies pavasaris","description":"Rankose laikote Ryt\u0173 i\u0161minties ir Vakar\u0173 psichologijos bei kau\u010dingo sintez\u0119, gimusi\u0105 per ilgus Vasantos tyrin\u0117jim\u0173 ir darbo su \u017emon\u0117mis metus. Pastar\u0105j\u012f","robots":{"index":"index","follow":"follow","max-snippet":"max-snippet:-1","max-image-preview":"max-image-preview:large","max-video-preview":"max-video-preview:-1"},"canonical":"https:\/\/skaitytaknyga.lt\/en\/produktas\/sirdies-pavasaris\/","og_locale":"en_GB","og_type":"article","og_title":"[:lt]\u0160irdies pavasaris[:] - Skaitytaknyga","og_description":"Rankose laikote Ryt\u0173 i\u0161minties ir Vakar\u0173 psichologijos bei kau\u010dingo sintez\u0119, gimusi\u0105 per ilgus Vasantos tyrin\u0117jim\u0173 ir darbo su \u017emon\u0117mis metus. Pastar\u0105j\u012f","og_url":"https:\/\/skaitytaknyga.lt\/en\/produktas\/sirdies-pavasaris\/","og_site_name":"Skaitytaknyga","article_publisher":"https:\/\/www.facebook.com\/skaitytaknyga\/","article_modified_time":"2025-10-06T07:58:47+00:00","og_image":[{"width":300,"height":441,"url":"https:\/\/skaitytaknyga.lt\/wp-content\/uploads\/2025\/10\/Sirdies-pavasaris-1.webp","type":"image\/webp"}],"twitter_card":"summary_large_image","twitter_misc":{"Estimated reading time":"1 minute"},"schema":{"@context":"https:\/\/schema.org","@graph":[{"@type":"WebPage","@id":"https:\/\/skaitytaknyga.lt\/produktas\/sirdies-pavasaris\/","url":"https:\/\/skaitytaknyga.lt\/produktas\/sirdies-pavasaris\/","name":"\u0160irdies pavasaris","isPartOf":{"@id":"https:\/\/skaitytaknyga.lt\/#website"},"primaryImageOfPage":{"@id":"https:\/\/skaitytaknyga.lt\/produktas\/sirdies-pavasaris\/#primaryimage"},"image":{"@id":"https:\/\/skaitytaknyga.lt\/produktas\/sirdies-pavasaris\/#primaryimage"},"thumbnailUrl":"https:\/\/skaitytaknyga.lt\/wp-content\/uploads\/2025\/10\/Sirdies-pavasaris-1.webp","datePublished":"2025-10-05T16:45:58+00:00","dateModified":"2025-10-06T07:58:47+00:00","description":"Rankose laikote Ryt\u0173 i\u0161minties ir Vakar\u0173 psichologijos bei kau\u010dingo sintez\u0119, gimusi\u0105 per ilgus Vasantos tyrin\u0117jim\u0173 ir darbo su \u017emon\u0117mis metus. Pastar\u0105j\u012f","breadcrumb":{"@id":"https:\/\/skaitytaknyga.lt\/produktas\/sirdies-pavasaris\/#breadcrumb"},"inLanguage":"en-GB","potentialAction":[{"@type":"ReadAction","target":["https:\/\/skaitytaknyga.lt\/produktas\/sirdies-pavasaris\/"]}]},{"@type":"ImageObject","inLanguage":"en-GB","@id":"https:\/\/skaitytaknyga.lt\/produktas\/sirdies-pavasaris\/#primaryimage","url":"https:\/\/skaitytaknyga.lt\/wp-content\/uploads\/2025\/10\/Sirdies-pavasaris-1.webp","contentUrl":"https:\/\/skaitytaknyga.lt\/wp-content\/uploads\/2025\/10\/Sirdies-pavasaris-1.webp","width":300,"height":441,"caption":"\u0160irdies pavasaris"},{"@type":"BreadcrumbList","@id":"https:\/\/skaitytaknyga.lt\/produktas\/sirdies-pavasaris\/#breadcrumb","itemListElement":[{"@type":"ListItem","position":1,"name":"Home","item":"https:\/\/skaitytaknyga.lt\/"},{"@type":"ListItem","position":2,"name":"Parduotuv\u0117","item":"https:\/\/skaitytaknyga.lt\/knygu-parduotuve\/"},{"@type":"ListItem","position":3,"name":"\u0160irdies pavasaris"}]},{"@type":"WebSite","@id":"https:\/\/skaitytaknyga.lt\/#website","url":"https:\/\/skaitytaknyga.lt\/","name":"skaitytaknyga.lt","description":"Skaitytaknyga.lt \u2013 tai ma\u017eas \u0161eimos verslas, kuris prasid\u0117jo nuo meil\u0117s knygoms ir siekio i\u0161gelb\u0117ti knygas nuo likimo prie konteinerio. Kas vienam nereikalingas daiktas \u2013 kitam lobis, o mes esame tarpininkai, kurie padeda abiems tapti laimingesniems ???? \u017dinome kaip nelengva i\u0161gyventi ma\u017eiems verslams, tad nuo \u0161iol, \u010dia rasite ir kit\u0173, ma\u017e\u0173 \u0161eim\u0173 versl\u0173, rank\u0173 darbo, dovan\u0173 sau ir artimiesiems.","publisher":{"@id":"https:\/\/skaitytaknyga.lt\/#organization"},"potentialAction":[{"@type":"SearchAction","target":{"@type":"EntryPoint","urlTemplate":"https:\/\/skaitytaknyga.lt\/?s={search_term_string}"},"query-input":{"@type":"PropertyValueSpecification","valueRequired":true,"valueName":"search_term_string"}}],"inLanguage":"en-GB"},{"@type":"Organization","@id":"https:\/\/skaitytaknyga.lt\/#organization","name":"skaitytaknyga.lt","url":"https:\/\/skaitytaknyga.lt\/","logo":{"@type":"ImageObject","inLanguage":"en-GB","@id":"https:\/\/skaitytaknyga.lt\/#\/schema\/logo\/image\/","url":"https:\/\/skaitytaknyga.lt\/wp-content\/uploads\/2024\/05\/cropped-cropped-cropped-02_00843_jt3bggkj1j3HLc7SyY6rEUpg.jpeg","contentUrl":"https:\/\/skaitytaknyga.lt\/wp-content\/uploads\/2024\/05\/cropped-cropped-cropped-02_00843_jt3bggkj1j3HLc7SyY6rEUpg.jpeg","width":1600,"height":1600,"caption":"skaitytaknyga.lt"},"image":{"@id":"https:\/\/skaitytaknyga.lt\/#\/schema\/logo\/image\/"},"sameAs":["https:\/\/www.facebook.com\/skaitytaknyga\/"]}]}},"_links":{"self":[{"href":"https:\/\/skaitytaknyga.lt\/en\/wp-json\/wp\/v2\/product\/21282","targetHints":{"allow":["GET"]}}],"collection":[{"href":"https:\/\/skaitytaknyga.lt\/en\/wp-json\/wp\/v2\/product"}],"about":[{"href":"https:\/\/skaitytaknyga.lt\/en\/wp-json\/wp\/v2\/types\/product"}],"replies":[{"embeddable":true,"href":"https:\/\/skaitytaknyga.lt\/en\/wp-json\/wp\/v2\/comments?post=21282"}],"wp:featuredmedia":[{"embeddable":true,"href":"https:\/\/skaitytaknyga.lt\/en\/wp-json\/wp\/v2\/media\/21287"}],"wp:attachment":[{"href":"https:\/\/skaitytaknyga.lt\/en\/wp-json\/wp\/v2\/media?parent=21282"}],"wp:term":[{"taxonomy":"product_brand","embeddable":true,"href":"https:\/\/skaitytaknyga.lt\/en\/wp-json\/wp\/v2\/product_brand?post=21282"},{"taxonomy":"product_cat","embeddable":true,"href":"https:\/\/skaitytaknyga.lt\/en\/wp-json\/wp\/v2\/product_cat?post=21282"},{"taxonomy":"product_tag","embeddable":true,"href":"https:\/\/skaitytaknyga.lt\/en\/wp-json\/wp\/v2\/product_tag?post=21282"}],"curies":[{"name":"wp","href":"https:\/\/api.w.org\/{rel}","templated":true}]}}