{"id":21278,"date":"2025-10-05T19:01:38","date_gmt":"2025-10-05T16:01:38","guid":{"rendered":"https:\/\/skaitytaknyga.lt\/?post_type=product&#038;p=21278"},"modified":"2025-10-06T10:58:47","modified_gmt":"2025-10-06T07:58:47","slug":"kate-vyras-ir-dvi-moterys","status":"publish","type":"product","link":"https:\/\/skaitytaknyga.lt\/en\/produktas\/kate-vyras-ir-dvi-moterys\/","title":{"rendered":"Kat\u0117, vyras ir dvi moterys"},"content":{"rendered":"<p>Jun\u2019ichiro Tanizaki (1886\u20131965) &#8211; vienas i\u0161kiliausi\u0173 dvide\u0161imto am\u017eiaus japon\u0173 ra\u0161ytoj\u0173, kurio k\u016bryba pasi\u017eymi eroti\u0161kumu ir ironi\u0161ku s\u0105moju. Japoni\u0161k\u0173 ka\u010di\u0173 galvos pailgos, siauros, o Lili galvyt\u0117 nedidel\u0117 ir kompakti\u0161ka.<\/p>\n<p>Snukis &#8211; tartum apverstas moliusko kiautas, r\u0117minantis nuostabiai gra\u017eias aukso spalvos akis ir i\u0161rai\u0161kingai virp\u010diojan\u010di\u0105 nos\u012f. Bet ne katyt\u0117s kailis, snukis ar k\u016bnas \u0161itaip paker\u0117jo \u0160iodz\u0105. Ne i\u0161vaizda svarbu, buvo mat\u0119s ir persi\u0161k\u0173, ir Siamo ka\u010di\u0173, kurios gal net gra\u017eesn\u0117s. Labiausiai \u017eav\u0117jo Lili charakteris.<\/p>\n<p>Apysaka \u201eKat\u0117, vyras ir dvi moterys\u201c &#8211; vienas puikiausi\u0173 literat\u016bros k\u016brini\u0173, kada nors para\u0161yt\u0173 apie kates.<\/p>\n","protected":false},"excerpt":{"rendered":"<p>Jun\u2019ichiro Tanizaki (1886\u20131965) &#8211; vienas i\u0161kiliausi\u0173 dvide\u0161imto am\u017eiaus japon\u0173 ra\u0161ytoj\u0173, kurio k\u016bryba pasi\u017eymi eroti\u0161kumu ir ironi\u0161ku s\u0105moju. Japoni\u0161k\u0173 ka\u010di\u0173 galvos pailgos, siauros, o Lili galvyt\u0117 nedidel\u0117 ir kompakti\u0161ka. Snukis &#8211; tartum apverstas moliusko kiautas, r\u0117minantis nuostabiai gra\u017eias aukso spalvos akis ir i\u0161rai\u0161kingai virp\u010diojan\u010di\u0105 nos\u012f. Bet ne katyt\u0117s kailis, snukis ar k\u016bnas \u0161itaip paker\u0117jo \u0160iodz\u0105. Ne i\u0161vaizda svarbu, buvo mat\u0119s ir persi\u0161k\u0173, ir Siamo ka\u010di\u0173, kurios gal net gra\u017eesn\u0117s. Labiausiai \u017eav\u0117jo Lili charakteris. Apysaka \u201eKat\u0117, vyras ir dvi moterys\u201c &#8211; vienas puikiausi\u0173 literat\u016bros k\u016brini\u0173, kada nors para\u0161yt\u0173 apie kates.<\/p>\n","protected":false},"featured_media":21279,"comment_status":"open","ping_status":"closed","template":"","meta":{"_acf_changed":false,"site-sidebar-layout":"default","site-content-layout":"","ast-site-content-layout":"default","site-content-style":"default","site-sidebar-style":"default","ast-global-header-display":"","ast-banner-title-visibility":"","ast-main-header-display":"","ast-hfb-above-header-display":"","ast-hfb-below-header-display":"","ast-hfb-mobile-header-display":"","site-post-title":"","ast-breadcrumbs-content":"","ast-featured-img":"","footer-sml-layout":"","ast-disable-related-posts":"","theme-transparent-header-meta":"","adv-header-id-meta":"","stick-header-meta":"","header-above-stick-meta":"","header-main-stick-meta":"","header-below-stick-meta":"","astra-migrate-meta-layouts":"default","ast-page-background-enabled":"default","ast-page-background-meta":{"desktop":{"background-color":"","background-image":"","background-repeat":"repeat","background-position":"center center","background-size":"auto","background-attachment":"scroll","background-type":"","background-media":"","overlay-type":"","overlay-color":"","overlay-opacity":"","overlay-gradient":""},"tablet":{"background-color":"","background-image":"","background-repeat":"repeat","background-position":"center center","background-size":"auto","background-attachment":"scroll","background-type":"","background-media":"","overlay-type":"","overlay-color":"","overlay-opacity":"","overlay-gradient":""},"mobile":{"background-color":"","background-image":"","background-repeat":"repeat","background-position":"center center","background-size":"auto","background-attachment":"scroll","background-type":"","background-media":"","overlay-type":"","overlay-color":"","overlay-opacity":"","overlay-gradient":""}},"ast-content-background-meta":{"desktop":{"background-color":"var(--ast-global-color-4)","background-image":"","background-repeat":"repeat","background-position":"center center","background-size":"auto","background-attachment":"scroll","background-type":"","background-media":"","overlay-type":"","overlay-color":"","overlay-opacity":"","overlay-gradient":""},"tablet":{"background-color":"var(--ast-global-color-4)","background-image":"","background-repeat":"repeat","background-position":"center center","background-size":"auto","background-attachment":"scroll","background-type":"","background-media":"","overlay-type":"","overlay-color":"","overlay-opacity":"","overlay-gradient":""},"mobile":{"background-color":"var(--ast-global-color-4)","background-image":"","background-repeat":"repeat","background-position":"center center","background-size":"auto","background-attachment":"scroll","background-type":"","background-media":"","overlay-type":"","overlay-color":"","overlay-opacity":"","overlay-gradient":""}}},"product_brand":[],"product_cat":[31],"product_tag":[4817,4085,5898,8263,6309,4467],"class_list":{"0":"post-21278","1":"product","2":"type-product","3":"status-publish","4":"has-post-thumbnail","6":"product_cat-grozine-literatura","7":"product_tag-apysaka","8":"product_tag-ironija","9":"product_tag-japonu-literatura","10":"product_tag-junichiro-tanizaki","11":"product_tag-kates","12":"product_tag-meiles-trikampis","13":"desktop-align-left","14":"tablet-align-left","15":"mobile-align-left","17":"first","18":"instock","19":"shipping-taxable","20":"purchasable","21":"product-type-simple"},"acf":[],"yoast_head":"<!-- This site is optimized with the Yoast SEO plugin v27.0 - https:\/\/yoast.com\/product\/yoast-seo-wordpress\/ -->\n<title>Kat\u0117, vyras ir dvi moterys<\/title>\n<meta name=\"description\" content=\"Jun\u2019ichiro Tanizaki (1886\u20131965) - vienas i\u0161kiliausi\u0173 dvide\u0161imto am\u017eiaus japon\u0173 ra\u0161ytoj\u0173, kurio k\u016bryba pasi\u017eymi eroti\u0161kumu ir ironi\u0161ku s\u0105moju. Japoni\u0161k\u0173\" \/>\n<meta name=\"robots\" content=\"index, follow, max-snippet:-1, max-image-preview:large, max-video-preview:-1\" \/>\n<link rel=\"canonical\" href=\"https:\/\/skaitytaknyga.lt\/en\/produktas\/kate-vyras-ir-dvi-moterys\/\" \/>\n<meta property=\"og:locale\" content=\"en_GB\" \/>\n<meta property=\"og:locale:alternate\" content=\"lt_LT\" \/>\n<meta property=\"og:type\" content=\"article\" \/>\n<meta property=\"og:title\" content=\"Kat\u0117, vyras ir dvi moterys\" \/>\n<meta property=\"og:description\" content=\"Jun\u2019ichiro Tanizaki (1886\u20131965) - vienas i\u0161kiliausi\u0173 dvide\u0161imto am\u017eiaus japon\u0173 ra\u0161ytoj\u0173, kurio k\u016bryba pasi\u017eymi eroti\u0161kumu ir ironi\u0161ku s\u0105moju. Japoni\u0161k\u0173\" \/>\n<meta property=\"og:url\" content=\"https:\/\/skaitytaknyga.lt\/en\/produktas\/kate-vyras-ir-dvi-moterys\/\" \/>\n<meta property=\"og:site_name\" content=\"Skaitytaknyga\" \/>\n<meta property=\"article:publisher\" content=\"https:\/\/www.facebook.com\/skaitytaknyga\/\" \/>\n<meta property=\"article:modified_time\" content=\"2025-10-06T07:58:47+00:00\" \/>\n<meta property=\"og:image\" content=\"https:\/\/skaitytaknyga.lt\/wp-content\/uploads\/2025\/10\/Kate-vyras-ir-dvi-moterys-1.webp\" \/>\n\t<meta property=\"og:image:width\" content=\"300\" \/>\n\t<meta property=\"og:image:height\" content=\"496\" \/>\n\t<meta property=\"og:image:type\" content=\"image\/webp\" \/>\n<meta name=\"twitter:card\" content=\"summary_large_image\" \/>\n<meta name=\"twitter:label1\" content=\"Estimated reading time\" \/>\n\t<meta name=\"twitter:data1\" content=\"1 minute\" \/>\n<script type=\"application\/ld+json\" class=\"yoast-schema-graph\">{\"@context\":\"https:\/\/schema.org\",\"@graph\":[{\"@type\":\"WebPage\",\"@id\":\"https:\/\/skaitytaknyga.lt\/produktas\/kate-vyras-ir-dvi-moterys\/\",\"url\":\"https:\/\/skaitytaknyga.lt\/produktas\/kate-vyras-ir-dvi-moterys\/\",\"name\":\"Kat\u0117, vyras ir dvi moterys\",\"isPartOf\":{\"@id\":\"https:\/\/skaitytaknyga.lt\/#website\"},\"primaryImageOfPage\":{\"@id\":\"https:\/\/skaitytaknyga.lt\/produktas\/kate-vyras-ir-dvi-moterys\/#primaryimage\"},\"image\":{\"@id\":\"https:\/\/skaitytaknyga.lt\/produktas\/kate-vyras-ir-dvi-moterys\/#primaryimage\"},\"thumbnailUrl\":\"https:\/\/skaitytaknyga.lt\/wp-content\/uploads\/2025\/10\/Kate-vyras-ir-dvi-moterys-1.webp\",\"datePublished\":\"2025-10-05T16:01:38+00:00\",\"dateModified\":\"2025-10-06T07:58:47+00:00\",\"description\":\"Jun\u2019ichiro Tanizaki (1886\u20131965) - vienas i\u0161kiliausi\u0173 dvide\u0161imto am\u017eiaus japon\u0173 ra\u0161ytoj\u0173, kurio k\u016bryba pasi\u017eymi eroti\u0161kumu ir ironi\u0161ku s\u0105moju. Japoni\u0161k\u0173\",\"breadcrumb\":{\"@id\":\"https:\/\/skaitytaknyga.lt\/produktas\/kate-vyras-ir-dvi-moterys\/#breadcrumb\"},\"inLanguage\":\"en-GB\",\"potentialAction\":[{\"@type\":\"ReadAction\",\"target\":[\"https:\/\/skaitytaknyga.lt\/produktas\/kate-vyras-ir-dvi-moterys\/\"]}]},{\"@type\":\"ImageObject\",\"inLanguage\":\"en-GB\",\"@id\":\"https:\/\/skaitytaknyga.lt\/produktas\/kate-vyras-ir-dvi-moterys\/#primaryimage\",\"url\":\"https:\/\/skaitytaknyga.lt\/wp-content\/uploads\/2025\/10\/Kate-vyras-ir-dvi-moterys-1.webp\",\"contentUrl\":\"https:\/\/skaitytaknyga.lt\/wp-content\/uploads\/2025\/10\/Kate-vyras-ir-dvi-moterys-1.webp\",\"width\":300,\"height\":496,\"caption\":\"Kat\u0117, vyras ir dvi moterys\"},{\"@type\":\"BreadcrumbList\",\"@id\":\"https:\/\/skaitytaknyga.lt\/produktas\/kate-vyras-ir-dvi-moterys\/#breadcrumb\",\"itemListElement\":[{\"@type\":\"ListItem\",\"position\":1,\"name\":\"Home\",\"item\":\"https:\/\/skaitytaknyga.lt\/\"},{\"@type\":\"ListItem\",\"position\":2,\"name\":\"Parduotuv\u0117\",\"item\":\"https:\/\/skaitytaknyga.lt\/knygu-parduotuve\/\"},{\"@type\":\"ListItem\",\"position\":3,\"name\":\"Kat\u0117, vyras ir dvi moterys\"}]},{\"@type\":\"WebSite\",\"@id\":\"https:\/\/skaitytaknyga.lt\/#website\",\"url\":\"https:\/\/skaitytaknyga.lt\/\",\"name\":\"skaitytaknyga.lt\",\"description\":\"Skaitytaknyga.lt \u2013 tai ma\u017eas \u0161eimos verslas, kuris prasid\u0117jo nuo meil\u0117s knygoms ir siekio i\u0161gelb\u0117ti knygas nuo likimo prie konteinerio. Kas vienam nereikalingas daiktas \u2013 kitam lobis, o mes esame tarpininkai, kurie padeda abiems tapti laimingesniems ???? \u017dinome kaip nelengva i\u0161gyventi ma\u017eiems verslams, tad nuo \u0161iol, \u010dia rasite ir kit\u0173, ma\u017e\u0173 \u0161eim\u0173 versl\u0173, rank\u0173 darbo, dovan\u0173 sau ir artimiesiems.\",\"publisher\":{\"@id\":\"https:\/\/skaitytaknyga.lt\/#organization\"},\"potentialAction\":[{\"@type\":\"SearchAction\",\"target\":{\"@type\":\"EntryPoint\",\"urlTemplate\":\"https:\/\/skaitytaknyga.lt\/?s={search_term_string}\"},\"query-input\":{\"@type\":\"PropertyValueSpecification\",\"valueRequired\":true,\"valueName\":\"search_term_string\"}}],\"inLanguage\":\"en-GB\"},{\"@type\":\"Organization\",\"@id\":\"https:\/\/skaitytaknyga.lt\/#organization\",\"name\":\"skaitytaknyga.lt\",\"url\":\"https:\/\/skaitytaknyga.lt\/\",\"logo\":{\"@type\":\"ImageObject\",\"inLanguage\":\"en-GB\",\"@id\":\"https:\/\/skaitytaknyga.lt\/#\/schema\/logo\/image\/\",\"url\":\"https:\/\/skaitytaknyga.lt\/wp-content\/uploads\/2024\/05\/cropped-cropped-cropped-02_00843_jt3bggkj1j3HLc7SyY6rEUpg.jpeg\",\"contentUrl\":\"https:\/\/skaitytaknyga.lt\/wp-content\/uploads\/2024\/05\/cropped-cropped-cropped-02_00843_jt3bggkj1j3HLc7SyY6rEUpg.jpeg\",\"width\":1600,\"height\":1600,\"caption\":\"skaitytaknyga.lt\"},\"image\":{\"@id\":\"https:\/\/skaitytaknyga.lt\/#\/schema\/logo\/image\/\"},\"sameAs\":[\"https:\/\/www.facebook.com\/skaitytaknyga\/\"]}]}<\/script>\n<!-- \/ Yoast SEO plugin. -->","yoast_head_json":{"title":"Kat\u0117, vyras ir dvi moterys","description":"Jun\u2019ichiro Tanizaki (1886\u20131965) - vienas i\u0161kiliausi\u0173 dvide\u0161imto am\u017eiaus japon\u0173 ra\u0161ytoj\u0173, kurio k\u016bryba pasi\u017eymi eroti\u0161kumu ir ironi\u0161ku s\u0105moju. Japoni\u0161k\u0173","robots":{"index":"index","follow":"follow","max-snippet":"max-snippet:-1","max-image-preview":"max-image-preview:large","max-video-preview":"max-video-preview:-1"},"canonical":"https:\/\/skaitytaknyga.lt\/en\/produktas\/kate-vyras-ir-dvi-moterys\/","og_locale":"en_GB","og_type":"article","og_title":"[:lt]Kat\u0117, vyras ir dvi moterys[:] - Skaitytaknyga","og_description":"Jun\u2019ichiro Tanizaki (1886\u20131965) - vienas i\u0161kiliausi\u0173 dvide\u0161imto am\u017eiaus japon\u0173 ra\u0161ytoj\u0173, kurio k\u016bryba pasi\u017eymi eroti\u0161kumu ir ironi\u0161ku s\u0105moju. Japoni\u0161k\u0173","og_url":"https:\/\/skaitytaknyga.lt\/en\/produktas\/kate-vyras-ir-dvi-moterys\/","og_site_name":"Skaitytaknyga","article_publisher":"https:\/\/www.facebook.com\/skaitytaknyga\/","article_modified_time":"2025-10-06T07:58:47+00:00","og_image":[{"width":300,"height":496,"url":"https:\/\/skaitytaknyga.lt\/wp-content\/uploads\/2025\/10\/Kate-vyras-ir-dvi-moterys-1.webp","type":"image\/webp"}],"twitter_card":"summary_large_image","twitter_misc":{"Estimated reading time":"1 minute"},"schema":{"@context":"https:\/\/schema.org","@graph":[{"@type":"WebPage","@id":"https:\/\/skaitytaknyga.lt\/produktas\/kate-vyras-ir-dvi-moterys\/","url":"https:\/\/skaitytaknyga.lt\/produktas\/kate-vyras-ir-dvi-moterys\/","name":"Kat\u0117, vyras ir dvi moterys","isPartOf":{"@id":"https:\/\/skaitytaknyga.lt\/#website"},"primaryImageOfPage":{"@id":"https:\/\/skaitytaknyga.lt\/produktas\/kate-vyras-ir-dvi-moterys\/#primaryimage"},"image":{"@id":"https:\/\/skaitytaknyga.lt\/produktas\/kate-vyras-ir-dvi-moterys\/#primaryimage"},"thumbnailUrl":"https:\/\/skaitytaknyga.lt\/wp-content\/uploads\/2025\/10\/Kate-vyras-ir-dvi-moterys-1.webp","datePublished":"2025-10-05T16:01:38+00:00","dateModified":"2025-10-06T07:58:47+00:00","description":"Jun\u2019ichiro Tanizaki (1886\u20131965) - vienas i\u0161kiliausi\u0173 dvide\u0161imto am\u017eiaus japon\u0173 ra\u0161ytoj\u0173, kurio k\u016bryba pasi\u017eymi eroti\u0161kumu ir ironi\u0161ku s\u0105moju. Japoni\u0161k\u0173","breadcrumb":{"@id":"https:\/\/skaitytaknyga.lt\/produktas\/kate-vyras-ir-dvi-moterys\/#breadcrumb"},"inLanguage":"en-GB","potentialAction":[{"@type":"ReadAction","target":["https:\/\/skaitytaknyga.lt\/produktas\/kate-vyras-ir-dvi-moterys\/"]}]},{"@type":"ImageObject","inLanguage":"en-GB","@id":"https:\/\/skaitytaknyga.lt\/produktas\/kate-vyras-ir-dvi-moterys\/#primaryimage","url":"https:\/\/skaitytaknyga.lt\/wp-content\/uploads\/2025\/10\/Kate-vyras-ir-dvi-moterys-1.webp","contentUrl":"https:\/\/skaitytaknyga.lt\/wp-content\/uploads\/2025\/10\/Kate-vyras-ir-dvi-moterys-1.webp","width":300,"height":496,"caption":"Kat\u0117, vyras ir dvi moterys"},{"@type":"BreadcrumbList","@id":"https:\/\/skaitytaknyga.lt\/produktas\/kate-vyras-ir-dvi-moterys\/#breadcrumb","itemListElement":[{"@type":"ListItem","position":1,"name":"Home","item":"https:\/\/skaitytaknyga.lt\/"},{"@type":"ListItem","position":2,"name":"Parduotuv\u0117","item":"https:\/\/skaitytaknyga.lt\/knygu-parduotuve\/"},{"@type":"ListItem","position":3,"name":"Kat\u0117, vyras ir dvi moterys"}]},{"@type":"WebSite","@id":"https:\/\/skaitytaknyga.lt\/#website","url":"https:\/\/skaitytaknyga.lt\/","name":"skaitytaknyga.lt","description":"Skaitytaknyga.lt \u2013 tai ma\u017eas \u0161eimos verslas, kuris prasid\u0117jo nuo meil\u0117s knygoms ir siekio i\u0161gelb\u0117ti knygas nuo likimo prie konteinerio. Kas vienam nereikalingas daiktas \u2013 kitam lobis, o mes esame tarpininkai, kurie padeda abiems tapti laimingesniems ???? \u017dinome kaip nelengva i\u0161gyventi ma\u017eiems verslams, tad nuo \u0161iol, \u010dia rasite ir kit\u0173, ma\u017e\u0173 \u0161eim\u0173 versl\u0173, rank\u0173 darbo, dovan\u0173 sau ir artimiesiems.","publisher":{"@id":"https:\/\/skaitytaknyga.lt\/#organization"},"potentialAction":[{"@type":"SearchAction","target":{"@type":"EntryPoint","urlTemplate":"https:\/\/skaitytaknyga.lt\/?s={search_term_string}"},"query-input":{"@type":"PropertyValueSpecification","valueRequired":true,"valueName":"search_term_string"}}],"inLanguage":"en-GB"},{"@type":"Organization","@id":"https:\/\/skaitytaknyga.lt\/#organization","name":"skaitytaknyga.lt","url":"https:\/\/skaitytaknyga.lt\/","logo":{"@type":"ImageObject","inLanguage":"en-GB","@id":"https:\/\/skaitytaknyga.lt\/#\/schema\/logo\/image\/","url":"https:\/\/skaitytaknyga.lt\/wp-content\/uploads\/2024\/05\/cropped-cropped-cropped-02_00843_jt3bggkj1j3HLc7SyY6rEUpg.jpeg","contentUrl":"https:\/\/skaitytaknyga.lt\/wp-content\/uploads\/2024\/05\/cropped-cropped-cropped-02_00843_jt3bggkj1j3HLc7SyY6rEUpg.jpeg","width":1600,"height":1600,"caption":"skaitytaknyga.lt"},"image":{"@id":"https:\/\/skaitytaknyga.lt\/#\/schema\/logo\/image\/"},"sameAs":["https:\/\/www.facebook.com\/skaitytaknyga\/"]}]}},"_links":{"self":[{"href":"https:\/\/skaitytaknyga.lt\/en\/wp-json\/wp\/v2\/product\/21278","targetHints":{"allow":["GET"]}}],"collection":[{"href":"https:\/\/skaitytaknyga.lt\/en\/wp-json\/wp\/v2\/product"}],"about":[{"href":"https:\/\/skaitytaknyga.lt\/en\/wp-json\/wp\/v2\/types\/product"}],"replies":[{"embeddable":true,"href":"https:\/\/skaitytaknyga.lt\/en\/wp-json\/wp\/v2\/comments?post=21278"}],"wp:featuredmedia":[{"embeddable":true,"href":"https:\/\/skaitytaknyga.lt\/en\/wp-json\/wp\/v2\/media\/21279"}],"wp:attachment":[{"href":"https:\/\/skaitytaknyga.lt\/en\/wp-json\/wp\/v2\/media?parent=21278"}],"wp:term":[{"taxonomy":"product_brand","embeddable":true,"href":"https:\/\/skaitytaknyga.lt\/en\/wp-json\/wp\/v2\/product_brand?post=21278"},{"taxonomy":"product_cat","embeddable":true,"href":"https:\/\/skaitytaknyga.lt\/en\/wp-json\/wp\/v2\/product_cat?post=21278"},{"taxonomy":"product_tag","embeddable":true,"href":"https:\/\/skaitytaknyga.lt\/en\/wp-json\/wp\/v2\/product_tag?post=21278"}],"curies":[{"name":"wp","href":"https:\/\/api.w.org\/{rel}","templated":true}]}}