{"id":21271,"date":"2025-10-05T18:19:14","date_gmt":"2025-10-05T15:19:14","guid":{"rendered":"https:\/\/skaitytaknyga.lt\/?post_type=product&#038;p=21271"},"modified":"2025-10-06T11:02:11","modified_gmt":"2025-10-06T08:02:11","slug":"havana-feelings-senosios-kubos-magija","status":"publish","type":"product","link":"https:\/\/skaitytaknyga.lt\/en\/produktas\/havana-feelings-senosios-kubos-magija\/","title":{"rendered":"Havana Feelings. Senosios kubos magija"},"content":{"rendered":"<p>Remdamasi garsaus \u017eurnalisto prisiminimais ir straipsniais apie sen\u0105j\u0105 ikirevoliucin\u0119 Kub\u0105, vokie\u010di\u0173 ra\u0161ytoja kuria ry\u0161iaspalv\u012f \u012fstabaus miesto &#8211; Havanos- paveiksl\u0105. Havana iki 1959 m.revoliucijos:kerinti, spalvinga, pavojinga, perkama ir eroti\u0161ka. \u010cia susitikdavo visi: dailininkai, ra\u0161ytojaio, kino \u017evaig\u017ed\u0117s, gangsteriai, muzikantai ir pab\u0117g\u0117liai i\u0161 Europos prie\u0161 kar\u0105 ir po jo. Knygoje daugiau nei 70 nuotrauk\u0173.<\/p>\n","protected":false},"excerpt":{"rendered":"<p>Remdamasi garsaus \u017eurnalisto prisiminimais ir straipsniais apie sen\u0105j\u0105 ikirevoliucin\u0119 Kub\u0105, vokie\u010di\u0173 ra\u0161ytoja kuria ry\u0161iaspalv\u012f \u012fstabaus miesto &#8211; Havanos- paveiksl\u0105. Havana iki 1959 m.revoliucijos:kerinti, spalvinga, pavojinga, perkama ir eroti\u0161ka. \u010cia susitikdavo visi: dailininkai, ra\u0161ytojaio, kino \u017evaig\u017ed\u0117s, gangsteriai, muzikantai ir pab\u0117g\u0117liai i\u0161 Europos prie\u0161 kar\u0105 ir po jo. Knygoje daugiau nei 70 nuotrauk\u0173.<\/p>\n","protected":false},"featured_media":21276,"comment_status":"open","ping_status":"closed","template":"","meta":{"_acf_changed":false,"site-sidebar-layout":"default","site-content-layout":"","ast-site-content-layout":"default","site-content-style":"default","site-sidebar-style":"default","ast-global-header-display":"","ast-banner-title-visibility":"","ast-main-header-display":"","ast-hfb-above-header-display":"","ast-hfb-below-header-display":"","ast-hfb-mobile-header-display":"","site-post-title":"","ast-breadcrumbs-content":"","ast-featured-img":"","footer-sml-layout":"","ast-disable-related-posts":"","theme-transparent-header-meta":"","adv-header-id-meta":"","stick-header-meta":"","header-above-stick-meta":"","header-main-stick-meta":"","header-below-stick-meta":"","astra-migrate-meta-layouts":"default","ast-page-background-enabled":"default","ast-page-background-meta":{"desktop":{"background-color":"","background-image":"","background-repeat":"repeat","background-position":"center center","background-size":"auto","background-attachment":"scroll","background-type":"","background-media":"","overlay-type":"","overlay-color":"","overlay-opacity":"","overlay-gradient":""},"tablet":{"background-color":"","background-image":"","background-repeat":"repeat","background-position":"center center","background-size":"auto","background-attachment":"scroll","background-type":"","background-media":"","overlay-type":"","overlay-color":"","overlay-opacity":"","overlay-gradient":""},"mobile":{"background-color":"","background-image":"","background-repeat":"repeat","background-position":"center center","background-size":"auto","background-attachment":"scroll","background-type":"","background-media":"","overlay-type":"","overlay-color":"","overlay-opacity":"","overlay-gradient":""}},"ast-content-background-meta":{"desktop":{"background-color":"var(--ast-global-color-4)","background-image":"","background-repeat":"repeat","background-position":"center center","background-size":"auto","background-attachment":"scroll","background-type":"","background-media":"","overlay-type":"","overlay-color":"","overlay-opacity":"","overlay-gradient":""},"tablet":{"background-color":"var(--ast-global-color-4)","background-image":"","background-repeat":"repeat","background-position":"center center","background-size":"auto","background-attachment":"scroll","background-type":"","background-media":"","overlay-type":"","overlay-color":"","overlay-opacity":"","overlay-gradient":""},"mobile":{"background-color":"var(--ast-global-color-4)","background-image":"","background-repeat":"repeat","background-position":"center center","background-size":"auto","background-attachment":"scroll","background-type":"","background-media":"","overlay-type":"","overlay-color":"","overlay-opacity":"","overlay-gradient":""}}},"product_brand":[],"product_cat":[31],"product_tag":[3147,8341,2224,8340,5054,2376,1227],"class_list":{"0":"post-21271","1":"product","2":"type-product","3":"status-publish","4":"has-post-thumbnail","6":"product_cat-grozine-literatura","7":"product_tag-fotografija","8":"product_tag-havana","9":"product_tag-istorija","10":"product_tag-jeanette-erazo-heufelder","11":"product_tag-kuba","12":"product_tag-kultura","13":"product_tag-memuarai","14":"desktop-align-left","15":"tablet-align-left","16":"mobile-align-left","18":"first","19":"instock","20":"shipping-taxable","21":"purchasable","22":"product-type-simple"},"acf":[],"yoast_head":"<!-- This site is optimized with the Yoast SEO plugin v27.0 - https:\/\/yoast.com\/product\/yoast-seo-wordpress\/ -->\n<title>Havana Feelings. Senosios kubos magija<\/title>\n<meta name=\"description\" content=\"Remdamasi garsaus \u017eurnalisto prisiminimais ir straipsniais apie sen\u0105j\u0105 ikirevoliucin\u0119 Kub\u0105, vokie\u010di\u0173 ra\u0161ytoja kuria ry\u0161iaspalv\u012f \u012fstabaus miesto - Havanos-\" \/>\n<meta name=\"robots\" content=\"index, follow, max-snippet:-1, max-image-preview:large, max-video-preview:-1\" \/>\n<link rel=\"canonical\" href=\"https:\/\/skaitytaknyga.lt\/en\/produktas\/havana-feelings-senosios-kubos-magija\/\" \/>\n<meta property=\"og:locale\" content=\"en_GB\" \/>\n<meta property=\"og:locale:alternate\" content=\"lt_LT\" \/>\n<meta property=\"og:type\" content=\"article\" \/>\n<meta property=\"og:title\" content=\"Havana Feelings. Senosios kubos magija\" \/>\n<meta property=\"og:description\" content=\"Remdamasi garsaus \u017eurnalisto prisiminimais ir straipsniais apie sen\u0105j\u0105 ikirevoliucin\u0119 Kub\u0105, vokie\u010di\u0173 ra\u0161ytoja kuria ry\u0161iaspalv\u012f \u012fstabaus miesto - Havanos-\" \/>\n<meta property=\"og:url\" content=\"https:\/\/skaitytaknyga.lt\/en\/produktas\/havana-feelings-senosios-kubos-magija\/\" \/>\n<meta property=\"og:site_name\" content=\"Skaitytaknyga\" \/>\n<meta property=\"article:publisher\" content=\"https:\/\/www.facebook.com\/skaitytaknyga\/\" \/>\n<meta property=\"article:modified_time\" content=\"2025-10-06T08:02:11+00:00\" \/>\n<meta property=\"og:image\" content=\"https:\/\/skaitytaknyga.lt\/wp-content\/uploads\/2025\/10\/Havana-Feelings.-Senosios-kubos-magija-1.webp\" \/>\n\t<meta property=\"og:image:width\" content=\"300\" \/>\n\t<meta property=\"og:image:height\" content=\"439\" \/>\n\t<meta property=\"og:image:type\" content=\"image\/webp\" \/>\n<meta name=\"twitter:card\" content=\"summary_large_image\" \/>\n<script type=\"application\/ld+json\" class=\"yoast-schema-graph\">{\"@context\":\"https:\/\/schema.org\",\"@graph\":[{\"@type\":\"WebPage\",\"@id\":\"https:\/\/skaitytaknyga.lt\/produktas\/havana-feelings-senosios-kubos-magija\/\",\"url\":\"https:\/\/skaitytaknyga.lt\/produktas\/havana-feelings-senosios-kubos-magija\/\",\"name\":\"Havana Feelings. Senosios kubos magija\",\"isPartOf\":{\"@id\":\"https:\/\/skaitytaknyga.lt\/#website\"},\"primaryImageOfPage\":{\"@id\":\"https:\/\/skaitytaknyga.lt\/produktas\/havana-feelings-senosios-kubos-magija\/#primaryimage\"},\"image\":{\"@id\":\"https:\/\/skaitytaknyga.lt\/produktas\/havana-feelings-senosios-kubos-magija\/#primaryimage\"},\"thumbnailUrl\":\"https:\/\/skaitytaknyga.lt\/wp-content\/uploads\/2025\/10\/Havana-Feelings.-Senosios-kubos-magija-1.webp\",\"datePublished\":\"2025-10-05T15:19:14+00:00\",\"dateModified\":\"2025-10-06T08:02:11+00:00\",\"description\":\"Remdamasi garsaus \u017eurnalisto prisiminimais ir straipsniais apie sen\u0105j\u0105 ikirevoliucin\u0119 Kub\u0105, vokie\u010di\u0173 ra\u0161ytoja kuria ry\u0161iaspalv\u012f \u012fstabaus miesto - Havanos-\",\"breadcrumb\":{\"@id\":\"https:\/\/skaitytaknyga.lt\/produktas\/havana-feelings-senosios-kubos-magija\/#breadcrumb\"},\"inLanguage\":\"en-GB\",\"potentialAction\":[{\"@type\":\"ReadAction\",\"target\":[\"https:\/\/skaitytaknyga.lt\/produktas\/havana-feelings-senosios-kubos-magija\/\"]}]},{\"@type\":\"ImageObject\",\"inLanguage\":\"en-GB\",\"@id\":\"https:\/\/skaitytaknyga.lt\/produktas\/havana-feelings-senosios-kubos-magija\/#primaryimage\",\"url\":\"https:\/\/skaitytaknyga.lt\/wp-content\/uploads\/2025\/10\/Havana-Feelings.-Senosios-kubos-magija-1.webp\",\"contentUrl\":\"https:\/\/skaitytaknyga.lt\/wp-content\/uploads\/2025\/10\/Havana-Feelings.-Senosios-kubos-magija-1.webp\",\"width\":300,\"height\":439,\"caption\":\"Havana Feelings. Senosios kubos magija\"},{\"@type\":\"BreadcrumbList\",\"@id\":\"https:\/\/skaitytaknyga.lt\/produktas\/havana-feelings-senosios-kubos-magija\/#breadcrumb\",\"itemListElement\":[{\"@type\":\"ListItem\",\"position\":1,\"name\":\"Home\",\"item\":\"https:\/\/skaitytaknyga.lt\/\"},{\"@type\":\"ListItem\",\"position\":2,\"name\":\"Parduotuv\u0117\",\"item\":\"https:\/\/skaitytaknyga.lt\/knygu-parduotuve\/\"},{\"@type\":\"ListItem\",\"position\":3,\"name\":\"Havana Feelings. Senosios kubos magija\"}]},{\"@type\":\"WebSite\",\"@id\":\"https:\/\/skaitytaknyga.lt\/#website\",\"url\":\"https:\/\/skaitytaknyga.lt\/\",\"name\":\"skaitytaknyga.lt\",\"description\":\"Skaitytaknyga.lt \u2013 tai ma\u017eas \u0161eimos verslas, kuris prasid\u0117jo nuo meil\u0117s knygoms ir siekio i\u0161gelb\u0117ti knygas nuo likimo prie konteinerio. Kas vienam nereikalingas daiktas \u2013 kitam lobis, o mes esame tarpininkai, kurie padeda abiems tapti laimingesniems ???? \u017dinome kaip nelengva i\u0161gyventi ma\u017eiems verslams, tad nuo \u0161iol, \u010dia rasite ir kit\u0173, ma\u017e\u0173 \u0161eim\u0173 versl\u0173, rank\u0173 darbo, dovan\u0173 sau ir artimiesiems.\",\"publisher\":{\"@id\":\"https:\/\/skaitytaknyga.lt\/#organization\"},\"potentialAction\":[{\"@type\":\"SearchAction\",\"target\":{\"@type\":\"EntryPoint\",\"urlTemplate\":\"https:\/\/skaitytaknyga.lt\/?s={search_term_string}\"},\"query-input\":{\"@type\":\"PropertyValueSpecification\",\"valueRequired\":true,\"valueName\":\"search_term_string\"}}],\"inLanguage\":\"en-GB\"},{\"@type\":\"Organization\",\"@id\":\"https:\/\/skaitytaknyga.lt\/#organization\",\"name\":\"skaitytaknyga.lt\",\"url\":\"https:\/\/skaitytaknyga.lt\/\",\"logo\":{\"@type\":\"ImageObject\",\"inLanguage\":\"en-GB\",\"@id\":\"https:\/\/skaitytaknyga.lt\/#\/schema\/logo\/image\/\",\"url\":\"https:\/\/skaitytaknyga.lt\/wp-content\/uploads\/2024\/05\/cropped-cropped-cropped-02_00843_jt3bggkj1j3HLc7SyY6rEUpg.jpeg\",\"contentUrl\":\"https:\/\/skaitytaknyga.lt\/wp-content\/uploads\/2024\/05\/cropped-cropped-cropped-02_00843_jt3bggkj1j3HLc7SyY6rEUpg.jpeg\",\"width\":1600,\"height\":1600,\"caption\":\"skaitytaknyga.lt\"},\"image\":{\"@id\":\"https:\/\/skaitytaknyga.lt\/#\/schema\/logo\/image\/\"},\"sameAs\":[\"https:\/\/www.facebook.com\/skaitytaknyga\/\"]}]}<\/script>\n<!-- \/ Yoast SEO plugin. -->","yoast_head_json":{"title":"Havana Feelings. Senosios kubos magija","description":"Remdamasi garsaus \u017eurnalisto prisiminimais ir straipsniais apie sen\u0105j\u0105 ikirevoliucin\u0119 Kub\u0105, vokie\u010di\u0173 ra\u0161ytoja kuria ry\u0161iaspalv\u012f \u012fstabaus miesto - Havanos-","robots":{"index":"index","follow":"follow","max-snippet":"max-snippet:-1","max-image-preview":"max-image-preview:large","max-video-preview":"max-video-preview:-1"},"canonical":"https:\/\/skaitytaknyga.lt\/en\/produktas\/havana-feelings-senosios-kubos-magija\/","og_locale":"en_GB","og_type":"article","og_title":"[:lt]Havana Feelings. Senosios kubos magija[:] - Skaitytaknyga","og_description":"Remdamasi garsaus \u017eurnalisto prisiminimais ir straipsniais apie sen\u0105j\u0105 ikirevoliucin\u0119 Kub\u0105, vokie\u010di\u0173 ra\u0161ytoja kuria ry\u0161iaspalv\u012f \u012fstabaus miesto - Havanos-","og_url":"https:\/\/skaitytaknyga.lt\/en\/produktas\/havana-feelings-senosios-kubos-magija\/","og_site_name":"Skaitytaknyga","article_publisher":"https:\/\/www.facebook.com\/skaitytaknyga\/","article_modified_time":"2025-10-06T08:02:11+00:00","og_image":[{"width":300,"height":439,"url":"https:\/\/skaitytaknyga.lt\/wp-content\/uploads\/2025\/10\/Havana-Feelings.-Senosios-kubos-magija-1.webp","type":"image\/webp"}],"twitter_card":"summary_large_image","schema":{"@context":"https:\/\/schema.org","@graph":[{"@type":"WebPage","@id":"https:\/\/skaitytaknyga.lt\/produktas\/havana-feelings-senosios-kubos-magija\/","url":"https:\/\/skaitytaknyga.lt\/produktas\/havana-feelings-senosios-kubos-magija\/","name":"Havana Feelings. Senosios kubos magija","isPartOf":{"@id":"https:\/\/skaitytaknyga.lt\/#website"},"primaryImageOfPage":{"@id":"https:\/\/skaitytaknyga.lt\/produktas\/havana-feelings-senosios-kubos-magija\/#primaryimage"},"image":{"@id":"https:\/\/skaitytaknyga.lt\/produktas\/havana-feelings-senosios-kubos-magija\/#primaryimage"},"thumbnailUrl":"https:\/\/skaitytaknyga.lt\/wp-content\/uploads\/2025\/10\/Havana-Feelings.-Senosios-kubos-magija-1.webp","datePublished":"2025-10-05T15:19:14+00:00","dateModified":"2025-10-06T08:02:11+00:00","description":"Remdamasi garsaus \u017eurnalisto prisiminimais ir straipsniais apie sen\u0105j\u0105 ikirevoliucin\u0119 Kub\u0105, vokie\u010di\u0173 ra\u0161ytoja kuria ry\u0161iaspalv\u012f \u012fstabaus miesto - Havanos-","breadcrumb":{"@id":"https:\/\/skaitytaknyga.lt\/produktas\/havana-feelings-senosios-kubos-magija\/#breadcrumb"},"inLanguage":"en-GB","potentialAction":[{"@type":"ReadAction","target":["https:\/\/skaitytaknyga.lt\/produktas\/havana-feelings-senosios-kubos-magija\/"]}]},{"@type":"ImageObject","inLanguage":"en-GB","@id":"https:\/\/skaitytaknyga.lt\/produktas\/havana-feelings-senosios-kubos-magija\/#primaryimage","url":"https:\/\/skaitytaknyga.lt\/wp-content\/uploads\/2025\/10\/Havana-Feelings.-Senosios-kubos-magija-1.webp","contentUrl":"https:\/\/skaitytaknyga.lt\/wp-content\/uploads\/2025\/10\/Havana-Feelings.-Senosios-kubos-magija-1.webp","width":300,"height":439,"caption":"Havana Feelings. Senosios kubos magija"},{"@type":"BreadcrumbList","@id":"https:\/\/skaitytaknyga.lt\/produktas\/havana-feelings-senosios-kubos-magija\/#breadcrumb","itemListElement":[{"@type":"ListItem","position":1,"name":"Home","item":"https:\/\/skaitytaknyga.lt\/"},{"@type":"ListItem","position":2,"name":"Parduotuv\u0117","item":"https:\/\/skaitytaknyga.lt\/knygu-parduotuve\/"},{"@type":"ListItem","position":3,"name":"Havana Feelings. Senosios kubos magija"}]},{"@type":"WebSite","@id":"https:\/\/skaitytaknyga.lt\/#website","url":"https:\/\/skaitytaknyga.lt\/","name":"skaitytaknyga.lt","description":"Skaitytaknyga.lt \u2013 tai ma\u017eas \u0161eimos verslas, kuris prasid\u0117jo nuo meil\u0117s knygoms ir siekio i\u0161gelb\u0117ti knygas nuo likimo prie konteinerio. Kas vienam nereikalingas daiktas \u2013 kitam lobis, o mes esame tarpininkai, kurie padeda abiems tapti laimingesniems ???? \u017dinome kaip nelengva i\u0161gyventi ma\u017eiems verslams, tad nuo \u0161iol, \u010dia rasite ir kit\u0173, ma\u017e\u0173 \u0161eim\u0173 versl\u0173, rank\u0173 darbo, dovan\u0173 sau ir artimiesiems.","publisher":{"@id":"https:\/\/skaitytaknyga.lt\/#organization"},"potentialAction":[{"@type":"SearchAction","target":{"@type":"EntryPoint","urlTemplate":"https:\/\/skaitytaknyga.lt\/?s={search_term_string}"},"query-input":{"@type":"PropertyValueSpecification","valueRequired":true,"valueName":"search_term_string"}}],"inLanguage":"en-GB"},{"@type":"Organization","@id":"https:\/\/skaitytaknyga.lt\/#organization","name":"skaitytaknyga.lt","url":"https:\/\/skaitytaknyga.lt\/","logo":{"@type":"ImageObject","inLanguage":"en-GB","@id":"https:\/\/skaitytaknyga.lt\/#\/schema\/logo\/image\/","url":"https:\/\/skaitytaknyga.lt\/wp-content\/uploads\/2024\/05\/cropped-cropped-cropped-02_00843_jt3bggkj1j3HLc7SyY6rEUpg.jpeg","contentUrl":"https:\/\/skaitytaknyga.lt\/wp-content\/uploads\/2024\/05\/cropped-cropped-cropped-02_00843_jt3bggkj1j3HLc7SyY6rEUpg.jpeg","width":1600,"height":1600,"caption":"skaitytaknyga.lt"},"image":{"@id":"https:\/\/skaitytaknyga.lt\/#\/schema\/logo\/image\/"},"sameAs":["https:\/\/www.facebook.com\/skaitytaknyga\/"]}]}},"_links":{"self":[{"href":"https:\/\/skaitytaknyga.lt\/en\/wp-json\/wp\/v2\/product\/21271","targetHints":{"allow":["GET"]}}],"collection":[{"href":"https:\/\/skaitytaknyga.lt\/en\/wp-json\/wp\/v2\/product"}],"about":[{"href":"https:\/\/skaitytaknyga.lt\/en\/wp-json\/wp\/v2\/types\/product"}],"replies":[{"embeddable":true,"href":"https:\/\/skaitytaknyga.lt\/en\/wp-json\/wp\/v2\/comments?post=21271"}],"wp:featuredmedia":[{"embeddable":true,"href":"https:\/\/skaitytaknyga.lt\/en\/wp-json\/wp\/v2\/media\/21276"}],"wp:attachment":[{"href":"https:\/\/skaitytaknyga.lt\/en\/wp-json\/wp\/v2\/media?parent=21271"}],"wp:term":[{"taxonomy":"product_brand","embeddable":true,"href":"https:\/\/skaitytaknyga.lt\/en\/wp-json\/wp\/v2\/product_brand?post=21271"},{"taxonomy":"product_cat","embeddable":true,"href":"https:\/\/skaitytaknyga.lt\/en\/wp-json\/wp\/v2\/product_cat?post=21271"},{"taxonomy":"product_tag","embeddable":true,"href":"https:\/\/skaitytaknyga.lt\/en\/wp-json\/wp\/v2\/product_tag?post=21271"}],"curies":[{"name":"wp","href":"https:\/\/api.w.org\/{rel}","templated":true}]}}