{"id":21269,"date":"2025-10-05T18:19:13","date_gmt":"2025-10-05T15:19:13","guid":{"rendered":"https:\/\/skaitytaknyga.lt\/?post_type=product&#038;p=21269"},"modified":"2025-10-06T11:02:11","modified_gmt":"2025-10-06T08:02:11","slug":"strekaza","status":"publish","type":"product","link":"https:\/\/skaitytaknyga.lt\/en\/produktas\/strekaza\/","title":{"rendered":"Strekaza"},"content":{"rendered":"<p>\u201eStrekaza\u201c \u2013 juodojo humoro ir juodojo li\u016bdesio romanas, pirmas Undin\u0117s Radzevi\u010di\u016bt\u0117s k\u016brinys. Knygos heroj\u0117 gydosi nuo mizantropijos ir m\u0117gaujasi televizijos filmais bei vienatve nuomojamajame bute. M\u0117gautis vienatve trukdo darbas radijo stotyje ir kaimynai. Vien\u0105 dien\u0105 \u012f nam\u0105 atsikrausto naujas gyventojas\u2026 Jei skaitysite labai \u012fd\u0117miai, galite \u012f\u017ei\u016br\u0117ti ir detektyv\u0105.<\/p>\n<p>Eta kniga pro bezischodnost<br \/>\nGaliu t\u0105 pat\u012f para\u0161yti ir lietuvi\u0161kai, bet atrodys daug blogiau. Niekada nemyl\u0117jau l. kalbos d\u0117l jos agrari\u0161kumo. Kaip niekada nemyl\u0117jau savo senelio, para\u0161iusio disertacij\u0105 apie pievas. (Su\u017einojau tai tik prie jo kapo duob\u0117s ir labai juokiausi. Ir sugadinau visas laidotuves, jei jas i\u0161vis \u012fmanoma sugadinti.)<br \/>\nTikrasis knygos pavadinimas yra ne \u201eStrekaza\u201c, o \u201eStrekaza ble\u201c, tik kilo gr\u0117sm\u0117, kad kalbos komisija tam nepritatrs. Kalbos komisijos a\u0161 irgi niekada nemyl\u0117jau, negerbiau ir nevertinau jos darbo.<br \/>\nPrie\u0161 tai, kai \u201eStrekaza ble\u201c tapo oficialiai i\u0161leista knyga, j\u0105 skait\u0117 ir vyrai ir moterys. Vyrams buvo li\u016bdna, baisu ir ni\u016bru.<br \/>\nJei perskaitysite iki galo, paai\u0161k\u0117s kod\u0117l.<br \/>\nMoterys labai juok\u0117si ir po kelet\u0105 kart\u0173 band\u0117 perpasakoti man geriausi\u0173 viet\u0173 turin\u012f.<br \/>\n\u0160i knyga skirta ne moterims.<br \/>\nIr moterys niekada jos nesupras. (I\u0161did\u017eiai galiu neapkabinti \u0161ios fraz\u0117s kabut\u0117mis, nes pati prie\u0161 kelet\u0105 met\u0173 j\u0105 para\u0161iau.)<br \/>\nNenor\u0117\u010diau, kad mano knyg\u0105 skaityt\u0173 \u017emon\u0117s, pasiry\u017e\u0119 d\u0117l kit\u0173 gerov\u0117s paaukoti savo asmeninius interesus ir turintys diding\u0173 tiksl\u0173. Taip pat knyga n\u0117ra skirta darbinink\u0173 klasei. A\u0161 jai nera\u0161au.<br \/>\nUndin\u0117 Radzevi\u010di\u016bt\u0117.<\/p>\n","protected":false},"excerpt":{"rendered":"<p>\u201eStrekaza\u201c \u2013 juodojo humoro ir juodojo li\u016bdesio romanas, pirmas Undin\u0117s Radzevi\u010di\u016bt\u0117s k\u016brinys. Knygos heroj\u0117 gydosi nuo mizantropijos ir m\u0117gaujasi televizijos filmais bei vienatve nuomojamajame bute. M\u0117gautis vienatve trukdo darbas radijo stotyje ir kaimynai. Vien\u0105 dien\u0105 \u012f nam\u0105 atsikrausto naujas gyventojas\u2026 Jei skaitysite labai \u012fd\u0117miai, galite \u012f\u017ei\u016br\u0117ti ir detektyv\u0105. Eta kniga pro bezischodnost Galiu t\u0105 pat\u012f para\u0161yti ir lietuvi\u0161kai, bet atrodys daug blogiau. Niekada nemyl\u0117jau l. kalbos d\u0117l jos agrari\u0161kumo. Kaip niekada nemyl\u0117jau savo senelio, para\u0161iusio disertacij\u0105 apie pievas. (Su\u017einojau tai tik prie jo kapo duob\u0117s ir labai juokiausi. Ir sugadinau visas laidotuves, jei jas i\u0161vis \u012fmanoma sugadinti.) Tikrasis knygos pavadinimas yra ne \u201eStrekaza\u201c, o \u201eStrekaza ble\u201c, tik kilo gr\u0117sm\u0117, kad kalbos komisija tam nepritatrs. Kalbos komisijos a\u0161 irgi niekada nemyl\u0117jau, negerbiau ir nevertinau jos darbo. Prie\u0161 tai, kai \u201eStrekaza ble\u201c tapo oficialiai i\u0161leista knyga, j\u0105 skait\u0117 ir vyrai ir moterys. Vyrams buvo li\u016bdna, baisu ir ni\u016bru. Jei perskaitysite iki galo, paai\u0161k\u0117s kod\u0117l. Moterys labai juok\u0117si ir po kelet\u0105 kart\u0173 band\u0117 perpasakoti man geriausi\u0173 viet\u0173 turin\u012f. \u0160i knyga skirta ne moterims. Ir moterys niekada jos nesupras. (I\u0161did\u017eiai galiu neapkabinti \u0161ios fraz\u0117s kabut\u0117mis, nes pati prie\u0161 kelet\u0105 met\u0173 j\u0105 para\u0161iau.) Nenor\u0117\u010diau, kad mano knyg\u0105 skaityt\u0173 \u017emon\u0117s, pasiry\u017e\u0119 d\u0117l kit\u0173 gerov\u0117s paaukoti savo asmeninius interesus ir turintys diding\u0173 tiksl\u0173. Taip pat knyga n\u0117ra skirta darbinink\u0173 klasei. A\u0161 jai nera\u0161au. Undin\u0117 Radzevi\u010di\u016bt\u0117.<\/p>\n","protected":false},"featured_media":21274,"comment_status":"open","ping_status":"closed","template":"","meta":{"_acf_changed":false,"site-sidebar-layout":"default","site-content-layout":"","ast-site-content-layout":"default","site-content-style":"default","site-sidebar-style":"default","ast-global-header-display":"","ast-banner-title-visibility":"","ast-main-header-display":"","ast-hfb-above-header-display":"","ast-hfb-below-header-display":"","ast-hfb-mobile-header-display":"","site-post-title":"","ast-breadcrumbs-content":"","ast-featured-img":"","footer-sml-layout":"","ast-disable-related-posts":"","theme-transparent-header-meta":"","adv-header-id-meta":"","stick-header-meta":"","header-above-stick-meta":"","header-main-stick-meta":"","header-below-stick-meta":"","astra-migrate-meta-layouts":"default","ast-page-background-enabled":"default","ast-page-background-meta":{"desktop":{"background-color":"","background-image":"","background-repeat":"repeat","background-position":"center center","background-size":"auto","background-attachment":"scroll","background-type":"","background-media":"","overlay-type":"","overlay-color":"","overlay-opacity":"","overlay-gradient":""},"tablet":{"background-color":"","background-image":"","background-repeat":"repeat","background-position":"center center","background-size":"auto","background-attachment":"scroll","background-type":"","background-media":"","overlay-type":"","overlay-color":"","overlay-opacity":"","overlay-gradient":""},"mobile":{"background-color":"","background-image":"","background-repeat":"repeat","background-position":"center center","background-size":"auto","background-attachment":"scroll","background-type":"","background-media":"","overlay-type":"","overlay-color":"","overlay-opacity":"","overlay-gradient":""}},"ast-content-background-meta":{"desktop":{"background-color":"var(--ast-global-color-4)","background-image":"","background-repeat":"repeat","background-position":"center center","background-size":"auto","background-attachment":"scroll","background-type":"","background-media":"","overlay-type":"","overlay-color":"","overlay-opacity":"","overlay-gradient":""},"tablet":{"background-color":"var(--ast-global-color-4)","background-image":"","background-repeat":"repeat","background-position":"center center","background-size":"auto","background-attachment":"scroll","background-type":"","background-media":"","overlay-type":"","overlay-color":"","overlay-opacity":"","overlay-gradient":""},"mobile":{"background-color":"var(--ast-global-color-4)","background-image":"","background-repeat":"repeat","background-position":"center center","background-size":"auto","background-attachment":"scroll","background-type":"","background-media":"","overlay-type":"","overlay-color":"","overlay-opacity":"","overlay-gradient":""}}},"product_brand":[],"product_cat":[31],"product_tag":[1721,1744,8338,1745,8337,3241],"class_list":{"0":"post-21269","1":"product","2":"type-product","3":"status-publish","4":"has-post-thumbnail","6":"product_cat-grozine-literatura","7":"product_tag-juodasis-humoras","8":"product_tag-lietuviu-literatura","9":"product_tag-mizantropija","10":"product_tag-romanas","11":"product_tag-undine-radzeviciute","12":"product_tag-vienatve","13":"desktop-align-left","14":"tablet-align-left","15":"mobile-align-left","17":"first","18":"instock","19":"shipping-taxable","20":"purchasable","21":"product-type-simple"},"acf":[],"yoast_head":"<!-- This site is optimized with the Yoast SEO plugin v27.0 - https:\/\/yoast.com\/product\/yoast-seo-wordpress\/ -->\n<title>Strekaza<\/title>\n<meta name=\"description\" content=\"\u201eStrekaza\u201c \u2013 juodojo humoro ir juodojo li\u016bdesio romanas, pirmas Undin\u0117s Radzevi\u010di\u016bt\u0117s k\u016brinys. Knygos heroj\u0117 gydosi nuo mizantropijos ir m\u0117gaujasi\" \/>\n<meta name=\"robots\" content=\"index, follow, max-snippet:-1, max-image-preview:large, max-video-preview:-1\" \/>\n<link rel=\"canonical\" href=\"https:\/\/skaitytaknyga.lt\/en\/produktas\/strekaza\/\" \/>\n<meta property=\"og:locale\" content=\"en_GB\" \/>\n<meta property=\"og:locale:alternate\" content=\"lt_LT\" \/>\n<meta property=\"og:type\" content=\"article\" \/>\n<meta property=\"og:title\" content=\"Strekaza\" \/>\n<meta property=\"og:description\" content=\"\u201eStrekaza\u201c \u2013 juodojo humoro ir juodojo li\u016bdesio romanas, pirmas Undin\u0117s Radzevi\u010di\u016bt\u0117s k\u016brinys. Knygos heroj\u0117 gydosi nuo mizantropijos ir m\u0117gaujasi\" \/>\n<meta property=\"og:url\" content=\"https:\/\/skaitytaknyga.lt\/en\/produktas\/strekaza\/\" \/>\n<meta property=\"og:site_name\" content=\"Skaitytaknyga\" \/>\n<meta property=\"article:publisher\" content=\"https:\/\/www.facebook.com\/skaitytaknyga\/\" \/>\n<meta property=\"article:modified_time\" content=\"2025-10-06T08:02:11+00:00\" \/>\n<meta property=\"og:image\" content=\"https:\/\/skaitytaknyga.lt\/wp-content\/uploads\/2025\/10\/Strekaza-1.webp\" \/>\n\t<meta property=\"og:image:width\" content=\"300\" \/>\n\t<meta property=\"og:image:height\" content=\"436\" \/>\n\t<meta property=\"og:image:type\" content=\"image\/webp\" \/>\n<meta name=\"twitter:card\" content=\"summary_large_image\" \/>\n<meta name=\"twitter:label1\" content=\"Estimated reading time\" \/>\n\t<meta name=\"twitter:data1\" content=\"1 minute\" \/>\n<script type=\"application\/ld+json\" class=\"yoast-schema-graph\">{\"@context\":\"https:\/\/schema.org\",\"@graph\":[{\"@type\":\"WebPage\",\"@id\":\"https:\/\/skaitytaknyga.lt\/produktas\/strekaza\/\",\"url\":\"https:\/\/skaitytaknyga.lt\/produktas\/strekaza\/\",\"name\":\"Strekaza\",\"isPartOf\":{\"@id\":\"https:\/\/skaitytaknyga.lt\/#website\"},\"primaryImageOfPage\":{\"@id\":\"https:\/\/skaitytaknyga.lt\/produktas\/strekaza\/#primaryimage\"},\"image\":{\"@id\":\"https:\/\/skaitytaknyga.lt\/produktas\/strekaza\/#primaryimage\"},\"thumbnailUrl\":\"https:\/\/skaitytaknyga.lt\/wp-content\/uploads\/2025\/10\/Strekaza-1.webp\",\"datePublished\":\"2025-10-05T15:19:13+00:00\",\"dateModified\":\"2025-10-06T08:02:11+00:00\",\"description\":\"\u201eStrekaza\u201c \u2013 juodojo humoro ir juodojo li\u016bdesio romanas, pirmas Undin\u0117s Radzevi\u010di\u016bt\u0117s k\u016brinys. Knygos heroj\u0117 gydosi nuo mizantropijos ir m\u0117gaujasi\",\"breadcrumb\":{\"@id\":\"https:\/\/skaitytaknyga.lt\/produktas\/strekaza\/#breadcrumb\"},\"inLanguage\":\"en-GB\",\"potentialAction\":[{\"@type\":\"ReadAction\",\"target\":[\"https:\/\/skaitytaknyga.lt\/produktas\/strekaza\/\"]}]},{\"@type\":\"ImageObject\",\"inLanguage\":\"en-GB\",\"@id\":\"https:\/\/skaitytaknyga.lt\/produktas\/strekaza\/#primaryimage\",\"url\":\"https:\/\/skaitytaknyga.lt\/wp-content\/uploads\/2025\/10\/Strekaza-1.webp\",\"contentUrl\":\"https:\/\/skaitytaknyga.lt\/wp-content\/uploads\/2025\/10\/Strekaza-1.webp\",\"width\":300,\"height\":436},{\"@type\":\"BreadcrumbList\",\"@id\":\"https:\/\/skaitytaknyga.lt\/produktas\/strekaza\/#breadcrumb\",\"itemListElement\":[{\"@type\":\"ListItem\",\"position\":1,\"name\":\"Home\",\"item\":\"https:\/\/skaitytaknyga.lt\/\"},{\"@type\":\"ListItem\",\"position\":2,\"name\":\"Parduotuv\u0117\",\"item\":\"https:\/\/skaitytaknyga.lt\/knygu-parduotuve\/\"},{\"@type\":\"ListItem\",\"position\":3,\"name\":\"Strekaza\"}]},{\"@type\":\"WebSite\",\"@id\":\"https:\/\/skaitytaknyga.lt\/#website\",\"url\":\"https:\/\/skaitytaknyga.lt\/\",\"name\":\"skaitytaknyga.lt\",\"description\":\"Skaitytaknyga.lt \u2013 tai ma\u017eas \u0161eimos verslas, kuris prasid\u0117jo nuo meil\u0117s knygoms ir siekio i\u0161gelb\u0117ti knygas nuo likimo prie konteinerio. Kas vienam nereikalingas daiktas \u2013 kitam lobis, o mes esame tarpininkai, kurie padeda abiems tapti laimingesniems ???? \u017dinome kaip nelengva i\u0161gyventi ma\u017eiems verslams, tad nuo \u0161iol, \u010dia rasite ir kit\u0173, ma\u017e\u0173 \u0161eim\u0173 versl\u0173, rank\u0173 darbo, dovan\u0173 sau ir artimiesiems.\",\"publisher\":{\"@id\":\"https:\/\/skaitytaknyga.lt\/#organization\"},\"potentialAction\":[{\"@type\":\"SearchAction\",\"target\":{\"@type\":\"EntryPoint\",\"urlTemplate\":\"https:\/\/skaitytaknyga.lt\/?s={search_term_string}\"},\"query-input\":{\"@type\":\"PropertyValueSpecification\",\"valueRequired\":true,\"valueName\":\"search_term_string\"}}],\"inLanguage\":\"en-GB\"},{\"@type\":\"Organization\",\"@id\":\"https:\/\/skaitytaknyga.lt\/#organization\",\"name\":\"skaitytaknyga.lt\",\"url\":\"https:\/\/skaitytaknyga.lt\/\",\"logo\":{\"@type\":\"ImageObject\",\"inLanguage\":\"en-GB\",\"@id\":\"https:\/\/skaitytaknyga.lt\/#\/schema\/logo\/image\/\",\"url\":\"https:\/\/skaitytaknyga.lt\/wp-content\/uploads\/2024\/05\/cropped-cropped-cropped-02_00843_jt3bggkj1j3HLc7SyY6rEUpg.jpeg\",\"contentUrl\":\"https:\/\/skaitytaknyga.lt\/wp-content\/uploads\/2024\/05\/cropped-cropped-cropped-02_00843_jt3bggkj1j3HLc7SyY6rEUpg.jpeg\",\"width\":1600,\"height\":1600,\"caption\":\"skaitytaknyga.lt\"},\"image\":{\"@id\":\"https:\/\/skaitytaknyga.lt\/#\/schema\/logo\/image\/\"},\"sameAs\":[\"https:\/\/www.facebook.com\/skaitytaknyga\/\"]}]}<\/script>\n<!-- \/ Yoast SEO plugin. -->","yoast_head_json":{"title":"Strekaza","description":"\u201eStrekaza\u201c \u2013 juodojo humoro ir juodojo li\u016bdesio romanas, pirmas Undin\u0117s Radzevi\u010di\u016bt\u0117s k\u016brinys. Knygos heroj\u0117 gydosi nuo mizantropijos ir m\u0117gaujasi","robots":{"index":"index","follow":"follow","max-snippet":"max-snippet:-1","max-image-preview":"max-image-preview:large","max-video-preview":"max-video-preview:-1"},"canonical":"https:\/\/skaitytaknyga.lt\/en\/produktas\/strekaza\/","og_locale":"en_GB","og_type":"article","og_title":"[:lt]Strekaza[:] - Skaitytaknyga","og_description":"\u201eStrekaza\u201c \u2013 juodojo humoro ir juodojo li\u016bdesio romanas, pirmas Undin\u0117s Radzevi\u010di\u016bt\u0117s k\u016brinys. Knygos heroj\u0117 gydosi nuo mizantropijos ir m\u0117gaujasi","og_url":"https:\/\/skaitytaknyga.lt\/en\/produktas\/strekaza\/","og_site_name":"Skaitytaknyga","article_publisher":"https:\/\/www.facebook.com\/skaitytaknyga\/","article_modified_time":"2025-10-06T08:02:11+00:00","og_image":[{"width":300,"height":436,"url":"https:\/\/skaitytaknyga.lt\/wp-content\/uploads\/2025\/10\/Strekaza-1.webp","type":"image\/webp"}],"twitter_card":"summary_large_image","twitter_misc":{"Estimated reading time":"1 minute"},"schema":{"@context":"https:\/\/schema.org","@graph":[{"@type":"WebPage","@id":"https:\/\/skaitytaknyga.lt\/produktas\/strekaza\/","url":"https:\/\/skaitytaknyga.lt\/produktas\/strekaza\/","name":"Strekaza","isPartOf":{"@id":"https:\/\/skaitytaknyga.lt\/#website"},"primaryImageOfPage":{"@id":"https:\/\/skaitytaknyga.lt\/produktas\/strekaza\/#primaryimage"},"image":{"@id":"https:\/\/skaitytaknyga.lt\/produktas\/strekaza\/#primaryimage"},"thumbnailUrl":"https:\/\/skaitytaknyga.lt\/wp-content\/uploads\/2025\/10\/Strekaza-1.webp","datePublished":"2025-10-05T15:19:13+00:00","dateModified":"2025-10-06T08:02:11+00:00","description":"\u201eStrekaza\u201c \u2013 juodojo humoro ir juodojo li\u016bdesio romanas, pirmas Undin\u0117s Radzevi\u010di\u016bt\u0117s k\u016brinys. Knygos heroj\u0117 gydosi nuo mizantropijos ir m\u0117gaujasi","breadcrumb":{"@id":"https:\/\/skaitytaknyga.lt\/produktas\/strekaza\/#breadcrumb"},"inLanguage":"en-GB","potentialAction":[{"@type":"ReadAction","target":["https:\/\/skaitytaknyga.lt\/produktas\/strekaza\/"]}]},{"@type":"ImageObject","inLanguage":"en-GB","@id":"https:\/\/skaitytaknyga.lt\/produktas\/strekaza\/#primaryimage","url":"https:\/\/skaitytaknyga.lt\/wp-content\/uploads\/2025\/10\/Strekaza-1.webp","contentUrl":"https:\/\/skaitytaknyga.lt\/wp-content\/uploads\/2025\/10\/Strekaza-1.webp","width":300,"height":436},{"@type":"BreadcrumbList","@id":"https:\/\/skaitytaknyga.lt\/produktas\/strekaza\/#breadcrumb","itemListElement":[{"@type":"ListItem","position":1,"name":"Home","item":"https:\/\/skaitytaknyga.lt\/"},{"@type":"ListItem","position":2,"name":"Parduotuv\u0117","item":"https:\/\/skaitytaknyga.lt\/knygu-parduotuve\/"},{"@type":"ListItem","position":3,"name":"Strekaza"}]},{"@type":"WebSite","@id":"https:\/\/skaitytaknyga.lt\/#website","url":"https:\/\/skaitytaknyga.lt\/","name":"skaitytaknyga.lt","description":"Skaitytaknyga.lt \u2013 tai ma\u017eas \u0161eimos verslas, kuris prasid\u0117jo nuo meil\u0117s knygoms ir siekio i\u0161gelb\u0117ti knygas nuo likimo prie konteinerio. Kas vienam nereikalingas daiktas \u2013 kitam lobis, o mes esame tarpininkai, kurie padeda abiems tapti laimingesniems ???? \u017dinome kaip nelengva i\u0161gyventi ma\u017eiems verslams, tad nuo \u0161iol, \u010dia rasite ir kit\u0173, ma\u017e\u0173 \u0161eim\u0173 versl\u0173, rank\u0173 darbo, dovan\u0173 sau ir artimiesiems.","publisher":{"@id":"https:\/\/skaitytaknyga.lt\/#organization"},"potentialAction":[{"@type":"SearchAction","target":{"@type":"EntryPoint","urlTemplate":"https:\/\/skaitytaknyga.lt\/?s={search_term_string}"},"query-input":{"@type":"PropertyValueSpecification","valueRequired":true,"valueName":"search_term_string"}}],"inLanguage":"en-GB"},{"@type":"Organization","@id":"https:\/\/skaitytaknyga.lt\/#organization","name":"skaitytaknyga.lt","url":"https:\/\/skaitytaknyga.lt\/","logo":{"@type":"ImageObject","inLanguage":"en-GB","@id":"https:\/\/skaitytaknyga.lt\/#\/schema\/logo\/image\/","url":"https:\/\/skaitytaknyga.lt\/wp-content\/uploads\/2024\/05\/cropped-cropped-cropped-02_00843_jt3bggkj1j3HLc7SyY6rEUpg.jpeg","contentUrl":"https:\/\/skaitytaknyga.lt\/wp-content\/uploads\/2024\/05\/cropped-cropped-cropped-02_00843_jt3bggkj1j3HLc7SyY6rEUpg.jpeg","width":1600,"height":1600,"caption":"skaitytaknyga.lt"},"image":{"@id":"https:\/\/skaitytaknyga.lt\/#\/schema\/logo\/image\/"},"sameAs":["https:\/\/www.facebook.com\/skaitytaknyga\/"]}]}},"_links":{"self":[{"href":"https:\/\/skaitytaknyga.lt\/en\/wp-json\/wp\/v2\/product\/21269","targetHints":{"allow":["GET"]}}],"collection":[{"href":"https:\/\/skaitytaknyga.lt\/en\/wp-json\/wp\/v2\/product"}],"about":[{"href":"https:\/\/skaitytaknyga.lt\/en\/wp-json\/wp\/v2\/types\/product"}],"replies":[{"embeddable":true,"href":"https:\/\/skaitytaknyga.lt\/en\/wp-json\/wp\/v2\/comments?post=21269"}],"wp:featuredmedia":[{"embeddable":true,"href":"https:\/\/skaitytaknyga.lt\/en\/wp-json\/wp\/v2\/media\/21274"}],"wp:attachment":[{"href":"https:\/\/skaitytaknyga.lt\/en\/wp-json\/wp\/v2\/media?parent=21269"}],"wp:term":[{"taxonomy":"product_brand","embeddable":true,"href":"https:\/\/skaitytaknyga.lt\/en\/wp-json\/wp\/v2\/product_brand?post=21269"},{"taxonomy":"product_cat","embeddable":true,"href":"https:\/\/skaitytaknyga.lt\/en\/wp-json\/wp\/v2\/product_cat?post=21269"},{"taxonomy":"product_tag","embeddable":true,"href":"https:\/\/skaitytaknyga.lt\/en\/wp-json\/wp\/v2\/product_tag?post=21269"}],"curies":[{"name":"wp","href":"https:\/\/api.w.org\/{rel}","templated":true}]}}