{"id":21258,"date":"2025-10-05T17:44:57","date_gmt":"2025-10-05T14:44:57","guid":{"rendered":"https:\/\/skaitytaknyga.lt\/?post_type=product&#038;p=21258"},"modified":"2025-10-30T19:58:06","modified_gmt":"2025-10-30T17:58:06","slug":"kokybes-vadybos-metodai-ir-modeliai","status":"publish","type":"product","link":"https:\/\/skaitytaknyga.lt\/en\/produktas\/kokybes-vadybos-metodai-ir-modeliai\/","title":{"rendered":"Kokyb\u0117s vadybos metodai ir modeliai"},"content":{"rendered":"<p>Vadov\u0117lis parengtas remiantis 2005 m. gruod\u017eio 29 d. Vilniaus universiteto Ekono mikos fakulteto atvirame tarybos pos\u0117dyje apgintai habilitacijai &#8220;Kokyb\u0117s vadybo s modeliai ir j\u0173 taikymas verslo internacionalizavimo s\u0105lygomis&#8221; teikt\u0173 mokslo d arb\u0173 ir naujausi\u0173 tyrim\u0173 rezultatais bei autoriaus konsultacinio darbo ir darbuo toj\u0173 mokymo verslo ir vie\u0161ojo sektoriaus organizacijose patirtimi.<br \/>\nKnyga skiriama vadybos ir ekonomikos kryp\u010di\u0173 bakalaurams ir magistrantams, studi juojantiems Kokyb\u0117s vadybos, Visuotin\u0117s kokyb\u0117s vadybos, Strateginio valdymo, Ko kyb\u0117s vadybos metod\u0173, Kvalitologijos, Aplinkosaugos vadybos, Preki\u0173 mokslo, Proj ekt\u0173 valdymo ir kitus vadybos kursus. Ja b\u016bt\u0173 pravartu naudotis ir ne ekonomini\u0173 specialybi\u0173 studentams, siekiantiems savo b\u016bsimos veiklos komercializavimo, kok yb\u0117s ir veiksmingumo gerinimo, taip pat u\u017esienio \u0161ali\u0173 studentams, Vilniaus univ ersitete studijuojantiems kokyb\u0117s vadybos disciplinas. \u0160iuo tikslu dalis origina li\u0173 kokyb\u0117s vadybos modeli\u0173 ir kit\u0173 priemoni\u0173 iliustracij\u0173, taip pat leidinio i\u0161 pl\u0117stin\u0117 santrauka knygoje yra teikiami ir u\u017esienio kalbomis.<br \/>\n\u0160i knyga gali b\u016bti taip pat naudinga \u012fmoni\u0173 vadovams ir vadybininkams, ie\u0161kantie ms nauj\u0173 strateginio valdymo instrument\u0173, ketinantiems diegti ar tobulinti kokyb \u0117s, aplinkosaugos, produkt\u0173 saugos bei kitas \u0161iuolaikines vadybos sistemas ir mo delius bei taikyti kokyb\u0117s vadybos metodus ir modelius organizacijos veiklos vei ksmingumui gerinti.<\/p>\n","protected":false},"excerpt":{"rendered":"<p>Vadov\u0117lis parengtas remiantis 2005 m. gruod\u017eio 29 d. Vilniaus universiteto Ekono mikos fakulteto atvirame tarybos pos\u0117dyje apgintai habilitacijai &#8220;Kokyb\u0117s vadybo s modeliai ir j\u0173 taikymas verslo internacionalizavimo s\u0105lygomis&#8221; teikt\u0173 mokslo d arb\u0173 ir naujausi\u0173 tyrim\u0173 rezultatais bei autoriaus konsultacinio darbo ir darbuo toj\u0173 mokymo verslo ir vie\u0161ojo sektoriaus organizacijose patirtimi. Knyga skiriama vadybos ir ekonomikos kryp\u010di\u0173 bakalaurams ir magistrantams, studi juojantiems Kokyb\u0117s vadybos, Visuotin\u0117s kokyb\u0117s vadybos, Strateginio valdymo, Ko kyb\u0117s vadybos metod\u0173, Kvalitologijos, Aplinkosaugos vadybos, Preki\u0173 mokslo, Proj ekt\u0173 valdymo ir kitus vadybos kursus. Ja b\u016bt\u0173 pravartu naudotis ir ne ekonomini\u0173 specialybi\u0173 studentams, siekiantiems savo b\u016bsimos veiklos komercializavimo, kok yb\u0117s ir veiksmingumo gerinimo, taip pat u\u017esienio \u0161ali\u0173 studentams, Vilniaus univ ersitete studijuojantiems kokyb\u0117s vadybos disciplinas. \u0160iuo tikslu dalis origina li\u0173 kokyb\u0117s vadybos modeli\u0173 ir kit\u0173 priemoni\u0173 iliustracij\u0173, taip pat leidinio i\u0161 pl\u0117stin\u0117 santrauka knygoje yra teikiami ir u\u017esienio kalbomis. \u0160i knyga gali b\u016bti taip pat naudinga \u012fmoni\u0173 vadovams ir vadybininkams, ie\u0161kantie ms nauj\u0173 strateginio valdymo instrument\u0173, ketinantiems diegti ar tobulinti kokyb \u0117s, aplinkosaugos, produkt\u0173 saugos bei kitas \u0161iuolaikines vadybos sistemas ir mo delius bei taikyti kokyb\u0117s vadybos metodus ir modelius organizacijos veiklos vei ksmingumui gerinti.<\/p>\n","protected":false},"featured_media":21264,"comment_status":"open","ping_status":"closed","template":"","meta":{"_acf_changed":false,"site-sidebar-layout":"default","site-content-layout":"","ast-site-content-layout":"default","site-content-style":"default","site-sidebar-style":"default","ast-global-header-display":"","ast-banner-title-visibility":"","ast-main-header-display":"","ast-hfb-above-header-display":"","ast-hfb-below-header-display":"","ast-hfb-mobile-header-display":"","site-post-title":"","ast-breadcrumbs-content":"","ast-featured-img":"","footer-sml-layout":"","ast-disable-related-posts":"","theme-transparent-header-meta":"","adv-header-id-meta":"","stick-header-meta":"","header-above-stick-meta":"","header-main-stick-meta":"","header-below-stick-meta":"","astra-migrate-meta-layouts":"default","ast-page-background-enabled":"default","ast-page-background-meta":{"desktop":{"background-color":"","background-image":"","background-repeat":"repeat","background-position":"center center","background-size":"auto","background-attachment":"scroll","background-type":"","background-media":"","overlay-type":"","overlay-color":"","overlay-opacity":"","overlay-gradient":""},"tablet":{"background-color":"","background-image":"","background-repeat":"repeat","background-position":"center center","background-size":"auto","background-attachment":"scroll","background-type":"","background-media":"","overlay-type":"","overlay-color":"","overlay-opacity":"","overlay-gradient":""},"mobile":{"background-color":"","background-image":"","background-repeat":"repeat","background-position":"center center","background-size":"auto","background-attachment":"scroll","background-type":"","background-media":"","overlay-type":"","overlay-color":"","overlay-opacity":"","overlay-gradient":""}},"ast-content-background-meta":{"desktop":{"background-color":"var(--ast-global-color-4)","background-image":"","background-repeat":"repeat","background-position":"center center","background-size":"auto","background-attachment":"scroll","background-type":"","background-media":"","overlay-type":"","overlay-color":"","overlay-opacity":"","overlay-gradient":""},"tablet":{"background-color":"var(--ast-global-color-4)","background-image":"","background-repeat":"repeat","background-position":"center center","background-size":"auto","background-attachment":"scroll","background-type":"","background-media":"","overlay-type":"","overlay-color":"","overlay-opacity":"","overlay-gradient":""},"mobile":{"background-color":"var(--ast-global-color-4)","background-image":"","background-repeat":"repeat","background-position":"center center","background-size":"auto","background-attachment":"scroll","background-type":"","background-media":"","overlay-type":"","overlay-color":"","overlay-opacity":"","overlay-gradient":""}}},"product_brand":[],"product_cat":[26],"product_tag":[8314,1529,8323,8324,7457,8325,2356],"class_list":{"0":"post-21258","1":"product","2":"type-product","3":"status-publish","4":"has-post-thumbnail","6":"product_cat-verslas-vadyba-ir-finansai","7":"product_tag-akademine-literatura","8":"product_tag-ekonomika","9":"product_tag-juozas-ruzevicius","10":"product_tag-kokybes-vadyba","11":"product_tag-strateginis-valdymas","12":"product_tag-vadybos-metodai","13":"product_tag-verslas","14":"desktop-align-left","15":"tablet-align-left","16":"mobile-align-left","18":"first","19":"outofstock","20":"shipping-taxable","21":"purchasable","22":"product-type-simple"},"acf":[],"yoast_head":"<!-- This site is optimized with the Yoast SEO plugin v27.0 - https:\/\/yoast.com\/product\/yoast-seo-wordpress\/ -->\n<title>Kokyb\u0117s vadybos metodai ir modeliai<\/title>\n<meta name=\"description\" content=\"Vadov\u0117lis parengtas remiantis 2005 m. gruod\u017eio 29 d. Vilniaus universiteto Ekono mikos fakulteto atvirame tarybos pos\u0117dyje apgintai habilitacijai &quot;Kokyb\u0117s\" \/>\n<meta name=\"robots\" content=\"index, follow, max-snippet:-1, max-image-preview:large, max-video-preview:-1\" \/>\n<link rel=\"canonical\" href=\"https:\/\/skaitytaknyga.lt\/en\/produktas\/kokybes-vadybos-metodai-ir-modeliai\/\" \/>\n<meta property=\"og:locale\" content=\"en_GB\" \/>\n<meta property=\"og:locale:alternate\" content=\"lt_LT\" \/>\n<meta property=\"og:type\" content=\"article\" \/>\n<meta property=\"og:title\" content=\"Kokyb\u0117s vadybos metodai ir modeliai\" \/>\n<meta property=\"og:description\" content=\"Vadov\u0117lis parengtas remiantis 2005 m. gruod\u017eio 29 d. Vilniaus universiteto Ekono mikos fakulteto atvirame tarybos pos\u0117dyje apgintai habilitacijai &quot;Kokyb\u0117s\" \/>\n<meta property=\"og:url\" content=\"https:\/\/skaitytaknyga.lt\/en\/produktas\/kokybes-vadybos-metodai-ir-modeliai\/\" \/>\n<meta property=\"og:site_name\" content=\"Skaitytaknyga\" \/>\n<meta property=\"article:publisher\" content=\"https:\/\/www.facebook.com\/skaitytaknyga\/\" \/>\n<meta property=\"article:modified_time\" content=\"2025-10-30T17:58:06+00:00\" \/>\n<meta property=\"og:image\" content=\"https:\/\/skaitytaknyga.lt\/wp-content\/uploads\/2025\/10\/100548-20230207-122447-kokybes-vadybos-metodai-ir-modeliai-e1759675737641.jpg\" \/>\n\t<meta property=\"og:image:width\" content=\"361\" \/>\n\t<meta property=\"og:image:height\" content=\"491\" \/>\n\t<meta property=\"og:image:type\" content=\"image\/jpeg\" \/>\n<meta name=\"twitter:card\" content=\"summary_large_image\" \/>\n<meta name=\"twitter:label1\" content=\"Estimated reading time\" \/>\n\t<meta name=\"twitter:data1\" content=\"1 minute\" \/>\n<script type=\"application\/ld+json\" class=\"yoast-schema-graph\">{\"@context\":\"https:\/\/schema.org\",\"@graph\":[{\"@type\":\"WebPage\",\"@id\":\"https:\/\/skaitytaknyga.lt\/produktas\/kokybes-vadybos-metodai-ir-modeliai\/\",\"url\":\"https:\/\/skaitytaknyga.lt\/produktas\/kokybes-vadybos-metodai-ir-modeliai\/\",\"name\":\"Kokyb\u0117s vadybos metodai ir modeliai\",\"isPartOf\":{\"@id\":\"https:\/\/skaitytaknyga.lt\/#website\"},\"primaryImageOfPage\":{\"@id\":\"https:\/\/skaitytaknyga.lt\/produktas\/kokybes-vadybos-metodai-ir-modeliai\/#primaryimage\"},\"image\":{\"@id\":\"https:\/\/skaitytaknyga.lt\/produktas\/kokybes-vadybos-metodai-ir-modeliai\/#primaryimage\"},\"thumbnailUrl\":\"https:\/\/skaitytaknyga.lt\/wp-content\/uploads\/2025\/10\/100548-20230207-122447-kokybes-vadybos-metodai-ir-modeliai-e1759675737641.jpg\",\"datePublished\":\"2025-10-05T14:44:57+00:00\",\"dateModified\":\"2025-10-30T17:58:06+00:00\",\"description\":\"Vadov\u0117lis parengtas remiantis 2005 m. gruod\u017eio 29 d. Vilniaus universiteto Ekono mikos fakulteto atvirame tarybos pos\u0117dyje apgintai habilitacijai \\\"Kokyb\u0117s\",\"breadcrumb\":{\"@id\":\"https:\/\/skaitytaknyga.lt\/produktas\/kokybes-vadybos-metodai-ir-modeliai\/#breadcrumb\"},\"inLanguage\":\"en-GB\",\"potentialAction\":[{\"@type\":\"ReadAction\",\"target\":[\"https:\/\/skaitytaknyga.lt\/produktas\/kokybes-vadybos-metodai-ir-modeliai\/\"]}]},{\"@type\":\"ImageObject\",\"inLanguage\":\"en-GB\",\"@id\":\"https:\/\/skaitytaknyga.lt\/produktas\/kokybes-vadybos-metodai-ir-modeliai\/#primaryimage\",\"url\":\"https:\/\/skaitytaknyga.lt\/wp-content\/uploads\/2025\/10\/100548-20230207-122447-kokybes-vadybos-metodai-ir-modeliai-e1759675737641.jpg\",\"contentUrl\":\"https:\/\/skaitytaknyga.lt\/wp-content\/uploads\/2025\/10\/100548-20230207-122447-kokybes-vadybos-metodai-ir-modeliai-e1759675737641.jpg\",\"width\":361,\"height\":491,\"caption\":\"Kokyb\u0117s vadybos metodai ir modeliai\"},{\"@type\":\"BreadcrumbList\",\"@id\":\"https:\/\/skaitytaknyga.lt\/produktas\/kokybes-vadybos-metodai-ir-modeliai\/#breadcrumb\",\"itemListElement\":[{\"@type\":\"ListItem\",\"position\":1,\"name\":\"Home\",\"item\":\"https:\/\/skaitytaknyga.lt\/\"},{\"@type\":\"ListItem\",\"position\":2,\"name\":\"Parduotuv\u0117\",\"item\":\"https:\/\/skaitytaknyga.lt\/knygu-parduotuve\/\"},{\"@type\":\"ListItem\",\"position\":3,\"name\":\"Kokyb\u0117s vadybos metodai ir modeliai\"}]},{\"@type\":\"WebSite\",\"@id\":\"https:\/\/skaitytaknyga.lt\/#website\",\"url\":\"https:\/\/skaitytaknyga.lt\/\",\"name\":\"skaitytaknyga.lt\",\"description\":\"Skaitytaknyga.lt \u2013 tai ma\u017eas \u0161eimos verslas, kuris prasid\u0117jo nuo meil\u0117s knygoms ir siekio i\u0161gelb\u0117ti knygas nuo likimo prie konteinerio. Kas vienam nereikalingas daiktas \u2013 kitam lobis, o mes esame tarpininkai, kurie padeda abiems tapti laimingesniems ???? \u017dinome kaip nelengva i\u0161gyventi ma\u017eiems verslams, tad nuo \u0161iol, \u010dia rasite ir kit\u0173, ma\u017e\u0173 \u0161eim\u0173 versl\u0173, rank\u0173 darbo, dovan\u0173 sau ir artimiesiems.\",\"publisher\":{\"@id\":\"https:\/\/skaitytaknyga.lt\/#organization\"},\"potentialAction\":[{\"@type\":\"SearchAction\",\"target\":{\"@type\":\"EntryPoint\",\"urlTemplate\":\"https:\/\/skaitytaknyga.lt\/?s={search_term_string}\"},\"query-input\":{\"@type\":\"PropertyValueSpecification\",\"valueRequired\":true,\"valueName\":\"search_term_string\"}}],\"inLanguage\":\"en-GB\"},{\"@type\":\"Organization\",\"@id\":\"https:\/\/skaitytaknyga.lt\/#organization\",\"name\":\"skaitytaknyga.lt\",\"url\":\"https:\/\/skaitytaknyga.lt\/\",\"logo\":{\"@type\":\"ImageObject\",\"inLanguage\":\"en-GB\",\"@id\":\"https:\/\/skaitytaknyga.lt\/#\/schema\/logo\/image\/\",\"url\":\"https:\/\/skaitytaknyga.lt\/wp-content\/uploads\/2024\/05\/cropped-cropped-cropped-02_00843_jt3bggkj1j3HLc7SyY6rEUpg.jpeg\",\"contentUrl\":\"https:\/\/skaitytaknyga.lt\/wp-content\/uploads\/2024\/05\/cropped-cropped-cropped-02_00843_jt3bggkj1j3HLc7SyY6rEUpg.jpeg\",\"width\":1600,\"height\":1600,\"caption\":\"skaitytaknyga.lt\"},\"image\":{\"@id\":\"https:\/\/skaitytaknyga.lt\/#\/schema\/logo\/image\/\"},\"sameAs\":[\"https:\/\/www.facebook.com\/skaitytaknyga\/\"]}]}<\/script>\n<!-- \/ Yoast SEO plugin. -->","yoast_head_json":{"title":"Kokyb\u0117s vadybos metodai ir modeliai","description":"Vadov\u0117lis parengtas remiantis 2005 m. gruod\u017eio 29 d. Vilniaus universiteto Ekono mikos fakulteto atvirame tarybos pos\u0117dyje apgintai habilitacijai \"Kokyb\u0117s","robots":{"index":"index","follow":"follow","max-snippet":"max-snippet:-1","max-image-preview":"max-image-preview:large","max-video-preview":"max-video-preview:-1"},"canonical":"https:\/\/skaitytaknyga.lt\/en\/produktas\/kokybes-vadybos-metodai-ir-modeliai\/","og_locale":"en_GB","og_type":"article","og_title":"[:lt]Kokyb\u0117s vadybos metodai ir modeliai[:] - Skaitytaknyga","og_description":"Vadov\u0117lis parengtas remiantis 2005 m. gruod\u017eio 29 d. Vilniaus universiteto Ekono mikos fakulteto atvirame tarybos pos\u0117dyje apgintai habilitacijai \"Kokyb\u0117s","og_url":"https:\/\/skaitytaknyga.lt\/en\/produktas\/kokybes-vadybos-metodai-ir-modeliai\/","og_site_name":"Skaitytaknyga","article_publisher":"https:\/\/www.facebook.com\/skaitytaknyga\/","article_modified_time":"2025-10-30T17:58:06+00:00","og_image":[{"width":361,"height":491,"url":"https:\/\/skaitytaknyga.lt\/wp-content\/uploads\/2025\/10\/100548-20230207-122447-kokybes-vadybos-metodai-ir-modeliai-e1759675737641.jpg","type":"image\/jpeg"}],"twitter_card":"summary_large_image","twitter_misc":{"Estimated reading time":"1 minute"},"schema":{"@context":"https:\/\/schema.org","@graph":[{"@type":"WebPage","@id":"https:\/\/skaitytaknyga.lt\/produktas\/kokybes-vadybos-metodai-ir-modeliai\/","url":"https:\/\/skaitytaknyga.lt\/produktas\/kokybes-vadybos-metodai-ir-modeliai\/","name":"Kokyb\u0117s vadybos metodai ir modeliai","isPartOf":{"@id":"https:\/\/skaitytaknyga.lt\/#website"},"primaryImageOfPage":{"@id":"https:\/\/skaitytaknyga.lt\/produktas\/kokybes-vadybos-metodai-ir-modeliai\/#primaryimage"},"image":{"@id":"https:\/\/skaitytaknyga.lt\/produktas\/kokybes-vadybos-metodai-ir-modeliai\/#primaryimage"},"thumbnailUrl":"https:\/\/skaitytaknyga.lt\/wp-content\/uploads\/2025\/10\/100548-20230207-122447-kokybes-vadybos-metodai-ir-modeliai-e1759675737641.jpg","datePublished":"2025-10-05T14:44:57+00:00","dateModified":"2025-10-30T17:58:06+00:00","description":"Vadov\u0117lis parengtas remiantis 2005 m. gruod\u017eio 29 d. Vilniaus universiteto Ekono mikos fakulteto atvirame tarybos pos\u0117dyje apgintai habilitacijai \"Kokyb\u0117s","breadcrumb":{"@id":"https:\/\/skaitytaknyga.lt\/produktas\/kokybes-vadybos-metodai-ir-modeliai\/#breadcrumb"},"inLanguage":"en-GB","potentialAction":[{"@type":"ReadAction","target":["https:\/\/skaitytaknyga.lt\/produktas\/kokybes-vadybos-metodai-ir-modeliai\/"]}]},{"@type":"ImageObject","inLanguage":"en-GB","@id":"https:\/\/skaitytaknyga.lt\/produktas\/kokybes-vadybos-metodai-ir-modeliai\/#primaryimage","url":"https:\/\/skaitytaknyga.lt\/wp-content\/uploads\/2025\/10\/100548-20230207-122447-kokybes-vadybos-metodai-ir-modeliai-e1759675737641.jpg","contentUrl":"https:\/\/skaitytaknyga.lt\/wp-content\/uploads\/2025\/10\/100548-20230207-122447-kokybes-vadybos-metodai-ir-modeliai-e1759675737641.jpg","width":361,"height":491,"caption":"Kokyb\u0117s vadybos metodai ir modeliai"},{"@type":"BreadcrumbList","@id":"https:\/\/skaitytaknyga.lt\/produktas\/kokybes-vadybos-metodai-ir-modeliai\/#breadcrumb","itemListElement":[{"@type":"ListItem","position":1,"name":"Home","item":"https:\/\/skaitytaknyga.lt\/"},{"@type":"ListItem","position":2,"name":"Parduotuv\u0117","item":"https:\/\/skaitytaknyga.lt\/knygu-parduotuve\/"},{"@type":"ListItem","position":3,"name":"Kokyb\u0117s vadybos metodai ir modeliai"}]},{"@type":"WebSite","@id":"https:\/\/skaitytaknyga.lt\/#website","url":"https:\/\/skaitytaknyga.lt\/","name":"skaitytaknyga.lt","description":"Skaitytaknyga.lt \u2013 tai ma\u017eas \u0161eimos verslas, kuris prasid\u0117jo nuo meil\u0117s knygoms ir siekio i\u0161gelb\u0117ti knygas nuo likimo prie konteinerio. Kas vienam nereikalingas daiktas \u2013 kitam lobis, o mes esame tarpininkai, kurie padeda abiems tapti laimingesniems ???? \u017dinome kaip nelengva i\u0161gyventi ma\u017eiems verslams, tad nuo \u0161iol, \u010dia rasite ir kit\u0173, ma\u017e\u0173 \u0161eim\u0173 versl\u0173, rank\u0173 darbo, dovan\u0173 sau ir artimiesiems.","publisher":{"@id":"https:\/\/skaitytaknyga.lt\/#organization"},"potentialAction":[{"@type":"SearchAction","target":{"@type":"EntryPoint","urlTemplate":"https:\/\/skaitytaknyga.lt\/?s={search_term_string}"},"query-input":{"@type":"PropertyValueSpecification","valueRequired":true,"valueName":"search_term_string"}}],"inLanguage":"en-GB"},{"@type":"Organization","@id":"https:\/\/skaitytaknyga.lt\/#organization","name":"skaitytaknyga.lt","url":"https:\/\/skaitytaknyga.lt\/","logo":{"@type":"ImageObject","inLanguage":"en-GB","@id":"https:\/\/skaitytaknyga.lt\/#\/schema\/logo\/image\/","url":"https:\/\/skaitytaknyga.lt\/wp-content\/uploads\/2024\/05\/cropped-cropped-cropped-02_00843_jt3bggkj1j3HLc7SyY6rEUpg.jpeg","contentUrl":"https:\/\/skaitytaknyga.lt\/wp-content\/uploads\/2024\/05\/cropped-cropped-cropped-02_00843_jt3bggkj1j3HLc7SyY6rEUpg.jpeg","width":1600,"height":1600,"caption":"skaitytaknyga.lt"},"image":{"@id":"https:\/\/skaitytaknyga.lt\/#\/schema\/logo\/image\/"},"sameAs":["https:\/\/www.facebook.com\/skaitytaknyga\/"]}]}},"_links":{"self":[{"href":"https:\/\/skaitytaknyga.lt\/en\/wp-json\/wp\/v2\/product\/21258","targetHints":{"allow":["GET"]}}],"collection":[{"href":"https:\/\/skaitytaknyga.lt\/en\/wp-json\/wp\/v2\/product"}],"about":[{"href":"https:\/\/skaitytaknyga.lt\/en\/wp-json\/wp\/v2\/types\/product"}],"replies":[{"embeddable":true,"href":"https:\/\/skaitytaknyga.lt\/en\/wp-json\/wp\/v2\/comments?post=21258"}],"wp:featuredmedia":[{"embeddable":true,"href":"https:\/\/skaitytaknyga.lt\/en\/wp-json\/wp\/v2\/media\/21264"}],"wp:attachment":[{"href":"https:\/\/skaitytaknyga.lt\/en\/wp-json\/wp\/v2\/media?parent=21258"}],"wp:term":[{"taxonomy":"product_brand","embeddable":true,"href":"https:\/\/skaitytaknyga.lt\/en\/wp-json\/wp\/v2\/product_brand?post=21258"},{"taxonomy":"product_cat","embeddable":true,"href":"https:\/\/skaitytaknyga.lt\/en\/wp-json\/wp\/v2\/product_cat?post=21258"},{"taxonomy":"product_tag","embeddable":true,"href":"https:\/\/skaitytaknyga.lt\/en\/wp-json\/wp\/v2\/product_tag?post=21258"}],"curies":[{"name":"wp","href":"https:\/\/api.w.org\/{rel}","templated":true}]}}