{"id":21250,"date":"2025-10-05T17:22:44","date_gmt":"2025-10-05T14:22:44","guid":{"rendered":"https:\/\/skaitytaknyga.lt\/?post_type=product&#038;p=21250"},"modified":"2025-10-06T11:02:01","modified_gmt":"2025-10-06T08:02:01","slug":"pirmoji-lietuviska-knyga-ir-jos-kulturinis-kontekstas","status":"publish","type":"product","link":"https:\/\/skaitytaknyga.lt\/en\/produktas\/pirmoji-lietuviska-knyga-ir-jos-kulturinis-kontekstas\/","title":{"rendered":"Pirmoji lietuvi\u0161ka knyga ir jos kult\u016brinis kontekstas9"},"content":{"rendered":"<p>\u0160iame lietuvi\u0173 literat\u016bros istorijos s\u0105siuvinyje bandoma derinti kelet\u0105 po\u017ei\u016bri\u0173 \u012f literat\u016br\u0105: siekiama pateikti istorin\u012f-kult\u016brin\u012f aptariamo teksto komentar\u0105 ir kartu atid\u017eiai perskaityti, interpretuoti pat\u012f tekst\u0105 ar jo fragmentus.<\/p>\n","protected":false},"excerpt":{"rendered":"<p>\u0160iame lietuvi\u0173 literat\u016bros istorijos s\u0105siuvinyje bandoma derinti kelet\u0105 po\u017ei\u016bri\u0173 \u012f literat\u016br\u0105: siekiama pateikti istorin\u012f-kult\u016brin\u012f aptariamo teksto komentar\u0105 ir kartu atid\u017eiai perskaityti, interpretuoti pat\u012f tekst\u0105 ar jo fragmentus.<\/p>\n","protected":false},"featured_media":21256,"comment_status":"open","ping_status":"closed","template":"","meta":{"_acf_changed":false,"site-sidebar-layout":"default","site-content-layout":"","ast-site-content-layout":"default","site-content-style":"default","site-sidebar-style":"default","ast-global-header-display":"","ast-banner-title-visibility":"","ast-main-header-display":"","ast-hfb-above-header-display":"","ast-hfb-below-header-display":"","ast-hfb-mobile-header-display":"","site-post-title":"","ast-breadcrumbs-content":"","ast-featured-img":"","footer-sml-layout":"","ast-disable-related-posts":"","theme-transparent-header-meta":"","adv-header-id-meta":"","stick-header-meta":"","header-above-stick-meta":"","header-main-stick-meta":"","header-below-stick-meta":"","astra-migrate-meta-layouts":"default","ast-page-background-enabled":"default","ast-page-background-meta":{"desktop":{"background-color":"","background-image":"","background-repeat":"repeat","background-position":"center center","background-size":"auto","background-attachment":"scroll","background-type":"","background-media":"","overlay-type":"","overlay-color":"","overlay-opacity":"","overlay-gradient":""},"tablet":{"background-color":"","background-image":"","background-repeat":"repeat","background-position":"center center","background-size":"auto","background-attachment":"scroll","background-type":"","background-media":"","overlay-type":"","overlay-color":"","overlay-opacity":"","overlay-gradient":""},"mobile":{"background-color":"","background-image":"","background-repeat":"repeat","background-position":"center center","background-size":"auto","background-attachment":"scroll","background-type":"","background-media":"","overlay-type":"","overlay-color":"","overlay-opacity":"","overlay-gradient":""}},"ast-content-background-meta":{"desktop":{"background-color":"var(--ast-global-color-4)","background-image":"","background-repeat":"repeat","background-position":"center center","background-size":"auto","background-attachment":"scroll","background-type":"","background-media":"","overlay-type":"","overlay-color":"","overlay-opacity":"","overlay-gradient":""},"tablet":{"background-color":"var(--ast-global-color-4)","background-image":"","background-repeat":"repeat","background-position":"center center","background-size":"auto","background-attachment":"scroll","background-type":"","background-media":"","overlay-type":"","overlay-color":"","overlay-opacity":"","overlay-gradient":""},"mobile":{"background-color":"var(--ast-global-color-4)","background-image":"","background-repeat":"repeat","background-position":"center center","background-size":"auto","background-attachment":"scroll","background-type":"","background-media":"","overlay-type":"","overlay-color":"","overlay-opacity":"","overlay-gradient":""}}},"product_brand":[],"product_cat":[2836],"product_tag":[8313,8318,2649,1744,8319,8317],"class_list":{"0":"post-21250","1":"product","2":"type-product","3":"status-publish","4":"has-post-thumbnail","6":"product_cat-kalba-kalbotyra-zodynai-2","7":"product_tag-humanitariniai-mokslai","8":"product_tag-knygotyra","9":"product_tag-kulturos-istorija","10":"product_tag-lietuviu-literatura","11":"product_tag-pirmoji-lietuviska-knyga","12":"product_tag-saulius-zukas","13":"desktop-align-left","14":"tablet-align-left","15":"mobile-align-left","17":"first","18":"instock","19":"shipping-taxable","20":"purchasable","21":"product-type-simple"},"acf":[],"yoast_head":"<!-- This site is optimized with the Yoast SEO plugin v27.0 - https:\/\/yoast.com\/product\/yoast-seo-wordpress\/ -->\n<title>Pirmoji lietuvi\u0161ka knyga ir jos kult\u016brinis kontekstas9<\/title>\n<meta name=\"description\" content=\"\u0160iame lietuvi\u0173 literat\u016bros istorijos s\u0105siuvinyje bandoma derinti kelet\u0105 po\u017ei\u016bri\u0173 \u012f literat\u016br\u0105: siekiama pateikti istorin\u012f-kult\u016brin\u012f aptariamo teksto\" \/>\n<meta name=\"robots\" content=\"index, follow, max-snippet:-1, max-image-preview:large, max-video-preview:-1\" \/>\n<link rel=\"canonical\" href=\"https:\/\/skaitytaknyga.lt\/en\/produktas\/pirmoji-lietuviska-knyga-ir-jos-kulturinis-kontekstas\/\" \/>\n<meta property=\"og:locale\" content=\"en_GB\" \/>\n<meta property=\"og:locale:alternate\" content=\"lt_LT\" \/>\n<meta property=\"og:type\" content=\"article\" \/>\n<meta property=\"og:title\" content=\"Pirmoji lietuvi\u0161ka knyga ir jos kult\u016brinis kontekstas9\" \/>\n<meta property=\"og:description\" content=\"\u0160iame lietuvi\u0173 literat\u016bros istorijos s\u0105siuvinyje bandoma derinti kelet\u0105 po\u017ei\u016bri\u0173 \u012f literat\u016br\u0105: siekiama pateikti istorin\u012f-kult\u016brin\u012f aptariamo teksto\" \/>\n<meta property=\"og:url\" content=\"https:\/\/skaitytaknyga.lt\/en\/produktas\/pirmoji-lietuviska-knyga-ir-jos-kulturinis-kontekstas\/\" \/>\n<meta property=\"og:site_name\" content=\"Skaitytaknyga\" \/>\n<meta property=\"article:publisher\" content=\"https:\/\/www.facebook.com\/skaitytaknyga\/\" \/>\n<meta property=\"article:modified_time\" content=\"2025-10-06T08:02:01+00:00\" \/>\n<meta property=\"og:image\" content=\"https:\/\/skaitytaknyga.lt\/wp-content\/uploads\/2025\/10\/Pirmoji-lietuviska-knyga-ir-jos-kulturinis-kontekstas.webp\" \/>\n\t<meta property=\"og:image:width\" content=\"300\" \/>\n\t<meta property=\"og:image:height\" content=\"413\" \/>\n\t<meta property=\"og:image:type\" content=\"image\/webp\" \/>\n<meta name=\"twitter:card\" content=\"summary_large_image\" \/>\n<script type=\"application\/ld+json\" class=\"yoast-schema-graph\">{\"@context\":\"https:\/\/schema.org\",\"@graph\":[{\"@type\":\"WebPage\",\"@id\":\"https:\/\/skaitytaknyga.lt\/produktas\/pirmoji-lietuviska-knyga-ir-jos-kulturinis-kontekstas\/\",\"url\":\"https:\/\/skaitytaknyga.lt\/produktas\/pirmoji-lietuviska-knyga-ir-jos-kulturinis-kontekstas\/\",\"name\":\"Pirmoji lietuvi\u0161ka knyga ir jos kult\u016brinis kontekstas9\",\"isPartOf\":{\"@id\":\"https:\/\/skaitytaknyga.lt\/#website\"},\"primaryImageOfPage\":{\"@id\":\"https:\/\/skaitytaknyga.lt\/produktas\/pirmoji-lietuviska-knyga-ir-jos-kulturinis-kontekstas\/#primaryimage\"},\"image\":{\"@id\":\"https:\/\/skaitytaknyga.lt\/produktas\/pirmoji-lietuviska-knyga-ir-jos-kulturinis-kontekstas\/#primaryimage\"},\"thumbnailUrl\":\"https:\/\/skaitytaknyga.lt\/wp-content\/uploads\/2025\/10\/Pirmoji-lietuviska-knyga-ir-jos-kulturinis-kontekstas.webp\",\"datePublished\":\"2025-10-05T14:22:44+00:00\",\"dateModified\":\"2025-10-06T08:02:01+00:00\",\"description\":\"\u0160iame lietuvi\u0173 literat\u016bros istorijos s\u0105siuvinyje bandoma derinti kelet\u0105 po\u017ei\u016bri\u0173 \u012f literat\u016br\u0105: siekiama pateikti istorin\u012f-kult\u016brin\u012f aptariamo teksto\",\"breadcrumb\":{\"@id\":\"https:\/\/skaitytaknyga.lt\/produktas\/pirmoji-lietuviska-knyga-ir-jos-kulturinis-kontekstas\/#breadcrumb\"},\"inLanguage\":\"en-GB\",\"potentialAction\":[{\"@type\":\"ReadAction\",\"target\":[\"https:\/\/skaitytaknyga.lt\/produktas\/pirmoji-lietuviska-knyga-ir-jos-kulturinis-kontekstas\/\"]}]},{\"@type\":\"ImageObject\",\"inLanguage\":\"en-GB\",\"@id\":\"https:\/\/skaitytaknyga.lt\/produktas\/pirmoji-lietuviska-knyga-ir-jos-kulturinis-kontekstas\/#primaryimage\",\"url\":\"https:\/\/skaitytaknyga.lt\/wp-content\/uploads\/2025\/10\/Pirmoji-lietuviska-knyga-ir-jos-kulturinis-kontekstas.webp\",\"contentUrl\":\"https:\/\/skaitytaknyga.lt\/wp-content\/uploads\/2025\/10\/Pirmoji-lietuviska-knyga-ir-jos-kulturinis-kontekstas.webp\",\"width\":300,\"height\":413,\"caption\":\"Pirmoji lietuvi\u0161ka knyga ir jos kult\u016brinis kontekstas\"},{\"@type\":\"BreadcrumbList\",\"@id\":\"https:\/\/skaitytaknyga.lt\/produktas\/pirmoji-lietuviska-knyga-ir-jos-kulturinis-kontekstas\/#breadcrumb\",\"itemListElement\":[{\"@type\":\"ListItem\",\"position\":1,\"name\":\"Home\",\"item\":\"https:\/\/skaitytaknyga.lt\/\"},{\"@type\":\"ListItem\",\"position\":2,\"name\":\"Parduotuv\u0117\",\"item\":\"https:\/\/skaitytaknyga.lt\/knygu-parduotuve\/\"},{\"@type\":\"ListItem\",\"position\":3,\"name\":\"Pirmoji lietuvi\u0161ka knyga ir jos kult\u016brinis kontekstas9\"}]},{\"@type\":\"WebSite\",\"@id\":\"https:\/\/skaitytaknyga.lt\/#website\",\"url\":\"https:\/\/skaitytaknyga.lt\/\",\"name\":\"skaitytaknyga.lt\",\"description\":\"Skaitytaknyga.lt \u2013 tai ma\u017eas \u0161eimos verslas, kuris prasid\u0117jo nuo meil\u0117s knygoms ir siekio i\u0161gelb\u0117ti knygas nuo likimo prie konteinerio. Kas vienam nereikalingas daiktas \u2013 kitam lobis, o mes esame tarpininkai, kurie padeda abiems tapti laimingesniems ???? \u017dinome kaip nelengva i\u0161gyventi ma\u017eiems verslams, tad nuo \u0161iol, \u010dia rasite ir kit\u0173, ma\u017e\u0173 \u0161eim\u0173 versl\u0173, rank\u0173 darbo, dovan\u0173 sau ir artimiesiems.\",\"publisher\":{\"@id\":\"https:\/\/skaitytaknyga.lt\/#organization\"},\"potentialAction\":[{\"@type\":\"SearchAction\",\"target\":{\"@type\":\"EntryPoint\",\"urlTemplate\":\"https:\/\/skaitytaknyga.lt\/?s={search_term_string}\"},\"query-input\":{\"@type\":\"PropertyValueSpecification\",\"valueRequired\":true,\"valueName\":\"search_term_string\"}}],\"inLanguage\":\"en-GB\"},{\"@type\":\"Organization\",\"@id\":\"https:\/\/skaitytaknyga.lt\/#organization\",\"name\":\"skaitytaknyga.lt\",\"url\":\"https:\/\/skaitytaknyga.lt\/\",\"logo\":{\"@type\":\"ImageObject\",\"inLanguage\":\"en-GB\",\"@id\":\"https:\/\/skaitytaknyga.lt\/#\/schema\/logo\/image\/\",\"url\":\"https:\/\/skaitytaknyga.lt\/wp-content\/uploads\/2024\/05\/cropped-cropped-cropped-02_00843_jt3bggkj1j3HLc7SyY6rEUpg.jpeg\",\"contentUrl\":\"https:\/\/skaitytaknyga.lt\/wp-content\/uploads\/2024\/05\/cropped-cropped-cropped-02_00843_jt3bggkj1j3HLc7SyY6rEUpg.jpeg\",\"width\":1600,\"height\":1600,\"caption\":\"skaitytaknyga.lt\"},\"image\":{\"@id\":\"https:\/\/skaitytaknyga.lt\/#\/schema\/logo\/image\/\"},\"sameAs\":[\"https:\/\/www.facebook.com\/skaitytaknyga\/\"]}]}<\/script>\n<!-- \/ Yoast SEO plugin. -->","yoast_head_json":{"title":"Pirmoji lietuvi\u0161ka knyga ir jos kult\u016brinis kontekstas9","description":"\u0160iame lietuvi\u0173 literat\u016bros istorijos s\u0105siuvinyje bandoma derinti kelet\u0105 po\u017ei\u016bri\u0173 \u012f literat\u016br\u0105: siekiama pateikti istorin\u012f-kult\u016brin\u012f aptariamo teksto","robots":{"index":"index","follow":"follow","max-snippet":"max-snippet:-1","max-image-preview":"max-image-preview:large","max-video-preview":"max-video-preview:-1"},"canonical":"https:\/\/skaitytaknyga.lt\/en\/produktas\/pirmoji-lietuviska-knyga-ir-jos-kulturinis-kontekstas\/","og_locale":"en_GB","og_type":"article","og_title":"[:lt]Pirmoji lietuvi\u0161ka knyga ir jos kult\u016brinis kontekstas9[:] - Skaitytaknyga","og_description":"\u0160iame lietuvi\u0173 literat\u016bros istorijos s\u0105siuvinyje bandoma derinti kelet\u0105 po\u017ei\u016bri\u0173 \u012f literat\u016br\u0105: siekiama pateikti istorin\u012f-kult\u016brin\u012f aptariamo teksto","og_url":"https:\/\/skaitytaknyga.lt\/en\/produktas\/pirmoji-lietuviska-knyga-ir-jos-kulturinis-kontekstas\/","og_site_name":"Skaitytaknyga","article_publisher":"https:\/\/www.facebook.com\/skaitytaknyga\/","article_modified_time":"2025-10-06T08:02:01+00:00","og_image":[{"width":300,"height":413,"url":"https:\/\/skaitytaknyga.lt\/wp-content\/uploads\/2025\/10\/Pirmoji-lietuviska-knyga-ir-jos-kulturinis-kontekstas.webp","type":"image\/webp"}],"twitter_card":"summary_large_image","schema":{"@context":"https:\/\/schema.org","@graph":[{"@type":"WebPage","@id":"https:\/\/skaitytaknyga.lt\/produktas\/pirmoji-lietuviska-knyga-ir-jos-kulturinis-kontekstas\/","url":"https:\/\/skaitytaknyga.lt\/produktas\/pirmoji-lietuviska-knyga-ir-jos-kulturinis-kontekstas\/","name":"Pirmoji lietuvi\u0161ka knyga ir jos kult\u016brinis kontekstas9","isPartOf":{"@id":"https:\/\/skaitytaknyga.lt\/#website"},"primaryImageOfPage":{"@id":"https:\/\/skaitytaknyga.lt\/produktas\/pirmoji-lietuviska-knyga-ir-jos-kulturinis-kontekstas\/#primaryimage"},"image":{"@id":"https:\/\/skaitytaknyga.lt\/produktas\/pirmoji-lietuviska-knyga-ir-jos-kulturinis-kontekstas\/#primaryimage"},"thumbnailUrl":"https:\/\/skaitytaknyga.lt\/wp-content\/uploads\/2025\/10\/Pirmoji-lietuviska-knyga-ir-jos-kulturinis-kontekstas.webp","datePublished":"2025-10-05T14:22:44+00:00","dateModified":"2025-10-06T08:02:01+00:00","description":"\u0160iame lietuvi\u0173 literat\u016bros istorijos s\u0105siuvinyje bandoma derinti kelet\u0105 po\u017ei\u016bri\u0173 \u012f literat\u016br\u0105: siekiama pateikti istorin\u012f-kult\u016brin\u012f aptariamo teksto","breadcrumb":{"@id":"https:\/\/skaitytaknyga.lt\/produktas\/pirmoji-lietuviska-knyga-ir-jos-kulturinis-kontekstas\/#breadcrumb"},"inLanguage":"en-GB","potentialAction":[{"@type":"ReadAction","target":["https:\/\/skaitytaknyga.lt\/produktas\/pirmoji-lietuviska-knyga-ir-jos-kulturinis-kontekstas\/"]}]},{"@type":"ImageObject","inLanguage":"en-GB","@id":"https:\/\/skaitytaknyga.lt\/produktas\/pirmoji-lietuviska-knyga-ir-jos-kulturinis-kontekstas\/#primaryimage","url":"https:\/\/skaitytaknyga.lt\/wp-content\/uploads\/2025\/10\/Pirmoji-lietuviska-knyga-ir-jos-kulturinis-kontekstas.webp","contentUrl":"https:\/\/skaitytaknyga.lt\/wp-content\/uploads\/2025\/10\/Pirmoji-lietuviska-knyga-ir-jos-kulturinis-kontekstas.webp","width":300,"height":413,"caption":"Pirmoji lietuvi\u0161ka knyga ir jos kult\u016brinis kontekstas"},{"@type":"BreadcrumbList","@id":"https:\/\/skaitytaknyga.lt\/produktas\/pirmoji-lietuviska-knyga-ir-jos-kulturinis-kontekstas\/#breadcrumb","itemListElement":[{"@type":"ListItem","position":1,"name":"Home","item":"https:\/\/skaitytaknyga.lt\/"},{"@type":"ListItem","position":2,"name":"Parduotuv\u0117","item":"https:\/\/skaitytaknyga.lt\/knygu-parduotuve\/"},{"@type":"ListItem","position":3,"name":"Pirmoji lietuvi\u0161ka knyga ir jos kult\u016brinis kontekstas9"}]},{"@type":"WebSite","@id":"https:\/\/skaitytaknyga.lt\/#website","url":"https:\/\/skaitytaknyga.lt\/","name":"skaitytaknyga.lt","description":"Skaitytaknyga.lt \u2013 tai ma\u017eas \u0161eimos verslas, kuris prasid\u0117jo nuo meil\u0117s knygoms ir siekio i\u0161gelb\u0117ti knygas nuo likimo prie konteinerio. Kas vienam nereikalingas daiktas \u2013 kitam lobis, o mes esame tarpininkai, kurie padeda abiems tapti laimingesniems ???? \u017dinome kaip nelengva i\u0161gyventi ma\u017eiems verslams, tad nuo \u0161iol, \u010dia rasite ir kit\u0173, ma\u017e\u0173 \u0161eim\u0173 versl\u0173, rank\u0173 darbo, dovan\u0173 sau ir artimiesiems.","publisher":{"@id":"https:\/\/skaitytaknyga.lt\/#organization"},"potentialAction":[{"@type":"SearchAction","target":{"@type":"EntryPoint","urlTemplate":"https:\/\/skaitytaknyga.lt\/?s={search_term_string}"},"query-input":{"@type":"PropertyValueSpecification","valueRequired":true,"valueName":"search_term_string"}}],"inLanguage":"en-GB"},{"@type":"Organization","@id":"https:\/\/skaitytaknyga.lt\/#organization","name":"skaitytaknyga.lt","url":"https:\/\/skaitytaknyga.lt\/","logo":{"@type":"ImageObject","inLanguage":"en-GB","@id":"https:\/\/skaitytaknyga.lt\/#\/schema\/logo\/image\/","url":"https:\/\/skaitytaknyga.lt\/wp-content\/uploads\/2024\/05\/cropped-cropped-cropped-02_00843_jt3bggkj1j3HLc7SyY6rEUpg.jpeg","contentUrl":"https:\/\/skaitytaknyga.lt\/wp-content\/uploads\/2024\/05\/cropped-cropped-cropped-02_00843_jt3bggkj1j3HLc7SyY6rEUpg.jpeg","width":1600,"height":1600,"caption":"skaitytaknyga.lt"},"image":{"@id":"https:\/\/skaitytaknyga.lt\/#\/schema\/logo\/image\/"},"sameAs":["https:\/\/www.facebook.com\/skaitytaknyga\/"]}]}},"_links":{"self":[{"href":"https:\/\/skaitytaknyga.lt\/en\/wp-json\/wp\/v2\/product\/21250","targetHints":{"allow":["GET"]}}],"collection":[{"href":"https:\/\/skaitytaknyga.lt\/en\/wp-json\/wp\/v2\/product"}],"about":[{"href":"https:\/\/skaitytaknyga.lt\/en\/wp-json\/wp\/v2\/types\/product"}],"replies":[{"embeddable":true,"href":"https:\/\/skaitytaknyga.lt\/en\/wp-json\/wp\/v2\/comments?post=21250"}],"wp:featuredmedia":[{"embeddable":true,"href":"https:\/\/skaitytaknyga.lt\/en\/wp-json\/wp\/v2\/media\/21256"}],"wp:attachment":[{"href":"https:\/\/skaitytaknyga.lt\/en\/wp-json\/wp\/v2\/media?parent=21250"}],"wp:term":[{"taxonomy":"product_brand","embeddable":true,"href":"https:\/\/skaitytaknyga.lt\/en\/wp-json\/wp\/v2\/product_brand?post=21250"},{"taxonomy":"product_cat","embeddable":true,"href":"https:\/\/skaitytaknyga.lt\/en\/wp-json\/wp\/v2\/product_cat?post=21250"},{"taxonomy":"product_tag","embeddable":true,"href":"https:\/\/skaitytaknyga.lt\/en\/wp-json\/wp\/v2\/product_tag?post=21250"}],"curies":[{"name":"wp","href":"https:\/\/api.w.org\/{rel}","templated":true}]}}