{"id":21249,"date":"2025-10-05T17:22:44","date_gmt":"2025-10-05T14:22:44","guid":{"rendered":"https:\/\/skaitytaknyga.lt\/?post_type=product&#038;p=21249"},"modified":"2026-03-18T20:03:22","modified_gmt":"2026-03-18T18:03:22","slug":"senoji-lietuviu-skulptura","status":"publish","type":"product","link":"https:\/\/skaitytaknyga.lt\/en\/produktas\/senoji-lietuviu-skulptura\/","title":{"rendered":"Senoji lietuvi\u0173 skulpt\u016bra"},"content":{"rendered":"<p>\u0160vent\u0173j\u0173 statul\u0117les laukuose, kiemuose, kapin\u0117se, \u0161ventoriuose plak\u0117 lietus, puol\u0117 kerp\u0117s, ai\u017e\u0117 laikas, dau\u017e\u0117 vandalai&#8230; Skilin\u0117jo mediena, byr\u0117jo da\u017eai, r\u016bdijo kar\u016bnos, bet gra\u017e\u0117jo veidai, vis labiau pana\u0161\u0117dami \u012f tuos, kurie juos suk\u016br\u0117 ir kurie su jais kalb\u0117davosi, pra\u0161\u0117 sveikatos ir s\u0117km\u0117s, gero derliaus, am\u017einojo gyvenimo. Dievuk\u0173 akimis prareg\u0117jo lietuvi\u0173 garbintas, \u0161ventu laikytas medis.<\/p>\n","protected":false},"excerpt":{"rendered":"<p>\u0160vent\u0173j\u0173 statul\u0117les laukuose, kiemuose, kapin\u0117se, \u0161ventoriuose plak\u0117 lietus, puol\u0117 kerp\u0117s, ai\u017e\u0117 laikas, dau\u017e\u0117 vandalai&#8230; Skilin\u0117jo mediena, byr\u0117jo da\u017eai, r\u016bdijo kar\u016bnos, bet gra\u017e\u0117jo veidai, vis labiau pana\u0161\u0117dami \u012f tuos, kurie juos suk\u016br\u0117 ir kurie su jais kalb\u0117davosi, pra\u0161\u0117 sveikatos ir s\u0117km\u0117s, gero derliaus, am\u017einojo gyvenimo. Dievuk\u0173 akimis prareg\u0117jo lietuvi\u0173 garbintas, \u0161ventu laikytas medis.<\/p>\n","protected":false},"featured_media":21255,"comment_status":"open","ping_status":"closed","template":"","meta":{"_acf_changed":false,"site-sidebar-layout":"default","site-content-layout":"","ast-site-content-layout":"default","site-content-style":"default","site-sidebar-style":"default","ast-global-header-display":"","ast-banner-title-visibility":"","ast-main-header-display":"","ast-hfb-above-header-display":"","ast-hfb-below-header-display":"","ast-hfb-mobile-header-display":"","site-post-title":"","ast-breadcrumbs-content":"","ast-featured-img":"","footer-sml-layout":"","ast-disable-related-posts":"","theme-transparent-header-meta":"","adv-header-id-meta":"","stick-header-meta":"","header-above-stick-meta":"","header-main-stick-meta":"","header-below-stick-meta":"","astra-migrate-meta-layouts":"default","ast-page-background-enabled":"default","ast-page-background-meta":{"desktop":{"background-color":"","background-image":"","background-repeat":"repeat","background-position":"center center","background-size":"auto","background-attachment":"scroll","background-type":"","background-media":"","overlay-type":"","overlay-color":"","overlay-opacity":"","overlay-gradient":""},"tablet":{"background-color":"","background-image":"","background-repeat":"repeat","background-position":"center center","background-size":"auto","background-attachment":"scroll","background-type":"","background-media":"","overlay-type":"","overlay-color":"","overlay-opacity":"","overlay-gradient":""},"mobile":{"background-color":"","background-image":"","background-repeat":"repeat","background-position":"center center","background-size":"auto","background-attachment":"scroll","background-type":"","background-media":"","overlay-type":"","overlay-color":"","overlay-opacity":"","overlay-gradient":""}},"ast-content-background-meta":{"desktop":{"background-color":"var(--ast-global-color-4)","background-image":"","background-repeat":"repeat","background-position":"center center","background-size":"auto","background-attachment":"scroll","background-type":"","background-media":"","overlay-type":"","overlay-color":"","overlay-opacity":"","overlay-gradient":""},"tablet":{"background-color":"var(--ast-global-color-4)","background-image":"","background-repeat":"repeat","background-position":"center center","background-size":"auto","background-attachment":"scroll","background-type":"","background-media":"","overlay-type":"","overlay-color":"","overlay-opacity":"","overlay-gradient":""},"mobile":{"background-color":"var(--ast-global-color-4)","background-image":"","background-repeat":"repeat","background-position":"center center","background-size":"auto","background-attachment":"scroll","background-type":"","background-media":"","overlay-type":"","overlay-color":"","overlay-opacity":"","overlay-gradient":""}}},"product_brand":[],"product_cat":[57],"product_tag":[8316,2647,6597,2651,3781,8315,6996],"class_list":{"0":"post-21249","1":"product","2":"type-product","3":"status-publish","4":"has-post-thumbnail","6":"product_cat-menas-ir-albumai","7":"product_tag-dievukai","8":"product_tag-liaudies-menas","9":"product_tag-lietuviu-kultura","10":"product_tag-medzio-drozyba","11":"product_tag-paveldas","12":"product_tag-religinis-menas","13":"product_tag-skulptura","14":"desktop-align-left","15":"tablet-align-left","16":"mobile-align-left","18":"first","19":"instock","20":"shipping-taxable","21":"purchasable","22":"product-type-simple"},"acf":[],"yoast_head":"<!-- This site is optimized with the Yoast SEO plugin v27.0 - https:\/\/yoast.com\/product\/yoast-seo-wordpress\/ -->\n<title>Senoji lietuvi\u0173 skulpt\u016bra<\/title>\n<meta name=\"description\" content=\"\u0160vent\u0173j\u0173 statul\u0117les laukuose, kiemuose, kapin\u0117se, \u0161ventoriuose plak\u0117 lietus, puol\u0117 kerp\u0117s, ai\u017e\u0117 laikas, dau\u017e\u0117 vandalai... Skilin\u0117jo mediena, byr\u0117jo da\u017eai,\" \/>\n<meta name=\"robots\" content=\"index, follow, max-snippet:-1, max-image-preview:large, max-video-preview:-1\" \/>\n<link rel=\"canonical\" href=\"https:\/\/skaitytaknyga.lt\/en\/produktas\/senoji-lietuviu-skulptura\/\" \/>\n<meta property=\"og:locale\" content=\"en_GB\" \/>\n<meta property=\"og:locale:alternate\" content=\"lt_LT\" \/>\n<meta property=\"og:type\" content=\"article\" \/>\n<meta property=\"og:title\" content=\"Senoji lietuvi\u0173 skulpt\u016bra\" \/>\n<meta property=\"og:description\" content=\"\u0160vent\u0173j\u0173 statul\u0117les laukuose, kiemuose, kapin\u0117se, \u0161ventoriuose plak\u0117 lietus, puol\u0117 kerp\u0117s, ai\u017e\u0117 laikas, dau\u017e\u0117 vandalai... Skilin\u0117jo mediena, byr\u0117jo da\u017eai,\" \/>\n<meta property=\"og:url\" content=\"https:\/\/skaitytaknyga.lt\/en\/produktas\/senoji-lietuviu-skulptura\/\" \/>\n<meta property=\"og:site_name\" content=\"Skaitytaknyga\" \/>\n<meta property=\"article:publisher\" content=\"https:\/\/www.facebook.com\/skaitytaknyga\/\" \/>\n<meta property=\"article:modified_time\" content=\"2026-03-18T18:03:22+00:00\" \/>\n<meta property=\"og:image\" content=\"https:\/\/skaitytaknyga.lt\/wp-content\/uploads\/2025\/10\/Senoji-lietuviu-skulptura.webp\" \/>\n\t<meta property=\"og:image:width\" content=\"399\" \/>\n\t<meta property=\"og:image:height\" content=\"583\" \/>\n\t<meta property=\"og:image:type\" content=\"image\/webp\" \/>\n<meta name=\"twitter:card\" content=\"summary_large_image\" \/>\n<script type=\"application\/ld+json\" class=\"yoast-schema-graph\">{\"@context\":\"https:\/\/schema.org\",\"@graph\":[{\"@type\":\"WebPage\",\"@id\":\"https:\/\/skaitytaknyga.lt\/produktas\/senoji-lietuviu-skulptura\/\",\"url\":\"https:\/\/skaitytaknyga.lt\/produktas\/senoji-lietuviu-skulptura\/\",\"name\":\"Senoji lietuvi\u0173 skulpt\u016bra\",\"isPartOf\":{\"@id\":\"https:\/\/skaitytaknyga.lt\/#website\"},\"primaryImageOfPage\":{\"@id\":\"https:\/\/skaitytaknyga.lt\/produktas\/senoji-lietuviu-skulptura\/#primaryimage\"},\"image\":{\"@id\":\"https:\/\/skaitytaknyga.lt\/produktas\/senoji-lietuviu-skulptura\/#primaryimage\"},\"thumbnailUrl\":\"https:\/\/skaitytaknyga.lt\/wp-content\/uploads\/2025\/10\/Senoji-lietuviu-skulptura.webp\",\"datePublished\":\"2025-10-05T14:22:44+00:00\",\"dateModified\":\"2026-03-18T18:03:22+00:00\",\"description\":\"\u0160vent\u0173j\u0173 statul\u0117les laukuose, kiemuose, kapin\u0117se, \u0161ventoriuose plak\u0117 lietus, puol\u0117 kerp\u0117s, ai\u017e\u0117 laikas, dau\u017e\u0117 vandalai... Skilin\u0117jo mediena, byr\u0117jo da\u017eai,\",\"breadcrumb\":{\"@id\":\"https:\/\/skaitytaknyga.lt\/produktas\/senoji-lietuviu-skulptura\/#breadcrumb\"},\"inLanguage\":\"en-GB\",\"potentialAction\":[{\"@type\":\"ReadAction\",\"target\":[\"https:\/\/skaitytaknyga.lt\/produktas\/senoji-lietuviu-skulptura\/\"]}]},{\"@type\":\"ImageObject\",\"inLanguage\":\"en-GB\",\"@id\":\"https:\/\/skaitytaknyga.lt\/produktas\/senoji-lietuviu-skulptura\/#primaryimage\",\"url\":\"https:\/\/skaitytaknyga.lt\/wp-content\/uploads\/2025\/10\/Senoji-lietuviu-skulptura.webp\",\"contentUrl\":\"https:\/\/skaitytaknyga.lt\/wp-content\/uploads\/2025\/10\/Senoji-lietuviu-skulptura.webp\",\"width\":399,\"height\":583,\"caption\":\"Senoji lietuvi\u0173 skulpt\u016bra\"},{\"@type\":\"BreadcrumbList\",\"@id\":\"https:\/\/skaitytaknyga.lt\/produktas\/senoji-lietuviu-skulptura\/#breadcrumb\",\"itemListElement\":[{\"@type\":\"ListItem\",\"position\":1,\"name\":\"Home\",\"item\":\"https:\/\/skaitytaknyga.lt\/\"},{\"@type\":\"ListItem\",\"position\":2,\"name\":\"Parduotuv\u0117\",\"item\":\"https:\/\/skaitytaknyga.lt\/knygu-parduotuve\/\"},{\"@type\":\"ListItem\",\"position\":3,\"name\":\"Senoji lietuvi\u0173 skulpt\u016bra\"}]},{\"@type\":\"WebSite\",\"@id\":\"https:\/\/skaitytaknyga.lt\/#website\",\"url\":\"https:\/\/skaitytaknyga.lt\/\",\"name\":\"skaitytaknyga.lt\",\"description\":\"Skaitytaknyga.lt \u2013 tai ma\u017eas \u0161eimos verslas, kuris prasid\u0117jo nuo meil\u0117s knygoms ir siekio i\u0161gelb\u0117ti knygas nuo likimo prie konteinerio. Kas vienam nereikalingas daiktas \u2013 kitam lobis, o mes esame tarpininkai, kurie padeda abiems tapti laimingesniems ???? \u017dinome kaip nelengva i\u0161gyventi ma\u017eiems verslams, tad nuo \u0161iol, \u010dia rasite ir kit\u0173, ma\u017e\u0173 \u0161eim\u0173 versl\u0173, rank\u0173 darbo, dovan\u0173 sau ir artimiesiems.\",\"publisher\":{\"@id\":\"https:\/\/skaitytaknyga.lt\/#organization\"},\"potentialAction\":[{\"@type\":\"SearchAction\",\"target\":{\"@type\":\"EntryPoint\",\"urlTemplate\":\"https:\/\/skaitytaknyga.lt\/?s={search_term_string}\"},\"query-input\":{\"@type\":\"PropertyValueSpecification\",\"valueRequired\":true,\"valueName\":\"search_term_string\"}}],\"inLanguage\":\"en-GB\"},{\"@type\":\"Organization\",\"@id\":\"https:\/\/skaitytaknyga.lt\/#organization\",\"name\":\"skaitytaknyga.lt\",\"url\":\"https:\/\/skaitytaknyga.lt\/\",\"logo\":{\"@type\":\"ImageObject\",\"inLanguage\":\"en-GB\",\"@id\":\"https:\/\/skaitytaknyga.lt\/#\/schema\/logo\/image\/\",\"url\":\"https:\/\/skaitytaknyga.lt\/wp-content\/uploads\/2024\/05\/cropped-cropped-cropped-02_00843_jt3bggkj1j3HLc7SyY6rEUpg.jpeg\",\"contentUrl\":\"https:\/\/skaitytaknyga.lt\/wp-content\/uploads\/2024\/05\/cropped-cropped-cropped-02_00843_jt3bggkj1j3HLc7SyY6rEUpg.jpeg\",\"width\":1600,\"height\":1600,\"caption\":\"skaitytaknyga.lt\"},\"image\":{\"@id\":\"https:\/\/skaitytaknyga.lt\/#\/schema\/logo\/image\/\"},\"sameAs\":[\"https:\/\/www.facebook.com\/skaitytaknyga\/\"]}]}<\/script>\n<!-- \/ Yoast SEO plugin. -->","yoast_head_json":{"title":"Senoji lietuvi\u0173 skulpt\u016bra","description":"\u0160vent\u0173j\u0173 statul\u0117les laukuose, kiemuose, kapin\u0117se, \u0161ventoriuose plak\u0117 lietus, puol\u0117 kerp\u0117s, ai\u017e\u0117 laikas, dau\u017e\u0117 vandalai... Skilin\u0117jo mediena, byr\u0117jo da\u017eai,","robots":{"index":"index","follow":"follow","max-snippet":"max-snippet:-1","max-image-preview":"max-image-preview:large","max-video-preview":"max-video-preview:-1"},"canonical":"https:\/\/skaitytaknyga.lt\/en\/produktas\/senoji-lietuviu-skulptura\/","og_locale":"en_GB","og_type":"article","og_title":"[:lt]Senoji lietuvi\u0173 skulpt\u016bra[:] - Skaitytaknyga","og_description":"\u0160vent\u0173j\u0173 statul\u0117les laukuose, kiemuose, kapin\u0117se, \u0161ventoriuose plak\u0117 lietus, puol\u0117 kerp\u0117s, ai\u017e\u0117 laikas, dau\u017e\u0117 vandalai... Skilin\u0117jo mediena, byr\u0117jo da\u017eai,","og_url":"https:\/\/skaitytaknyga.lt\/en\/produktas\/senoji-lietuviu-skulptura\/","og_site_name":"Skaitytaknyga","article_publisher":"https:\/\/www.facebook.com\/skaitytaknyga\/","article_modified_time":"2026-03-18T18:03:22+00:00","og_image":[{"width":399,"height":583,"url":"https:\/\/skaitytaknyga.lt\/wp-content\/uploads\/2025\/10\/Senoji-lietuviu-skulptura.webp","type":"image\/webp"}],"twitter_card":"summary_large_image","schema":{"@context":"https:\/\/schema.org","@graph":[{"@type":"WebPage","@id":"https:\/\/skaitytaknyga.lt\/produktas\/senoji-lietuviu-skulptura\/","url":"https:\/\/skaitytaknyga.lt\/produktas\/senoji-lietuviu-skulptura\/","name":"Senoji lietuvi\u0173 skulpt\u016bra","isPartOf":{"@id":"https:\/\/skaitytaknyga.lt\/#website"},"primaryImageOfPage":{"@id":"https:\/\/skaitytaknyga.lt\/produktas\/senoji-lietuviu-skulptura\/#primaryimage"},"image":{"@id":"https:\/\/skaitytaknyga.lt\/produktas\/senoji-lietuviu-skulptura\/#primaryimage"},"thumbnailUrl":"https:\/\/skaitytaknyga.lt\/wp-content\/uploads\/2025\/10\/Senoji-lietuviu-skulptura.webp","datePublished":"2025-10-05T14:22:44+00:00","dateModified":"2026-03-18T18:03:22+00:00","description":"\u0160vent\u0173j\u0173 statul\u0117les laukuose, kiemuose, kapin\u0117se, \u0161ventoriuose plak\u0117 lietus, puol\u0117 kerp\u0117s, ai\u017e\u0117 laikas, dau\u017e\u0117 vandalai... Skilin\u0117jo mediena, byr\u0117jo da\u017eai,","breadcrumb":{"@id":"https:\/\/skaitytaknyga.lt\/produktas\/senoji-lietuviu-skulptura\/#breadcrumb"},"inLanguage":"en-GB","potentialAction":[{"@type":"ReadAction","target":["https:\/\/skaitytaknyga.lt\/produktas\/senoji-lietuviu-skulptura\/"]}]},{"@type":"ImageObject","inLanguage":"en-GB","@id":"https:\/\/skaitytaknyga.lt\/produktas\/senoji-lietuviu-skulptura\/#primaryimage","url":"https:\/\/skaitytaknyga.lt\/wp-content\/uploads\/2025\/10\/Senoji-lietuviu-skulptura.webp","contentUrl":"https:\/\/skaitytaknyga.lt\/wp-content\/uploads\/2025\/10\/Senoji-lietuviu-skulptura.webp","width":399,"height":583,"caption":"Senoji lietuvi\u0173 skulpt\u016bra"},{"@type":"BreadcrumbList","@id":"https:\/\/skaitytaknyga.lt\/produktas\/senoji-lietuviu-skulptura\/#breadcrumb","itemListElement":[{"@type":"ListItem","position":1,"name":"Home","item":"https:\/\/skaitytaknyga.lt\/"},{"@type":"ListItem","position":2,"name":"Parduotuv\u0117","item":"https:\/\/skaitytaknyga.lt\/knygu-parduotuve\/"},{"@type":"ListItem","position":3,"name":"Senoji lietuvi\u0173 skulpt\u016bra"}]},{"@type":"WebSite","@id":"https:\/\/skaitytaknyga.lt\/#website","url":"https:\/\/skaitytaknyga.lt\/","name":"skaitytaknyga.lt","description":"Skaitytaknyga.lt \u2013 tai ma\u017eas \u0161eimos verslas, kuris prasid\u0117jo nuo meil\u0117s knygoms ir siekio i\u0161gelb\u0117ti knygas nuo likimo prie konteinerio. Kas vienam nereikalingas daiktas \u2013 kitam lobis, o mes esame tarpininkai, kurie padeda abiems tapti laimingesniems ???? \u017dinome kaip nelengva i\u0161gyventi ma\u017eiems verslams, tad nuo \u0161iol, \u010dia rasite ir kit\u0173, ma\u017e\u0173 \u0161eim\u0173 versl\u0173, rank\u0173 darbo, dovan\u0173 sau ir artimiesiems.","publisher":{"@id":"https:\/\/skaitytaknyga.lt\/#organization"},"potentialAction":[{"@type":"SearchAction","target":{"@type":"EntryPoint","urlTemplate":"https:\/\/skaitytaknyga.lt\/?s={search_term_string}"},"query-input":{"@type":"PropertyValueSpecification","valueRequired":true,"valueName":"search_term_string"}}],"inLanguage":"en-GB"},{"@type":"Organization","@id":"https:\/\/skaitytaknyga.lt\/#organization","name":"skaitytaknyga.lt","url":"https:\/\/skaitytaknyga.lt\/","logo":{"@type":"ImageObject","inLanguage":"en-GB","@id":"https:\/\/skaitytaknyga.lt\/#\/schema\/logo\/image\/","url":"https:\/\/skaitytaknyga.lt\/wp-content\/uploads\/2024\/05\/cropped-cropped-cropped-02_00843_jt3bggkj1j3HLc7SyY6rEUpg.jpeg","contentUrl":"https:\/\/skaitytaknyga.lt\/wp-content\/uploads\/2024\/05\/cropped-cropped-cropped-02_00843_jt3bggkj1j3HLc7SyY6rEUpg.jpeg","width":1600,"height":1600,"caption":"skaitytaknyga.lt"},"image":{"@id":"https:\/\/skaitytaknyga.lt\/#\/schema\/logo\/image\/"},"sameAs":["https:\/\/www.facebook.com\/skaitytaknyga\/"]}]}},"_links":{"self":[{"href":"https:\/\/skaitytaknyga.lt\/en\/wp-json\/wp\/v2\/product\/21249","targetHints":{"allow":["GET"]}}],"collection":[{"href":"https:\/\/skaitytaknyga.lt\/en\/wp-json\/wp\/v2\/product"}],"about":[{"href":"https:\/\/skaitytaknyga.lt\/en\/wp-json\/wp\/v2\/types\/product"}],"replies":[{"embeddable":true,"href":"https:\/\/skaitytaknyga.lt\/en\/wp-json\/wp\/v2\/comments?post=21249"}],"wp:featuredmedia":[{"embeddable":true,"href":"https:\/\/skaitytaknyga.lt\/en\/wp-json\/wp\/v2\/media\/21255"}],"wp:attachment":[{"href":"https:\/\/skaitytaknyga.lt\/en\/wp-json\/wp\/v2\/media?parent=21249"}],"wp:term":[{"taxonomy":"product_brand","embeddable":true,"href":"https:\/\/skaitytaknyga.lt\/en\/wp-json\/wp\/v2\/product_brand?post=21249"},{"taxonomy":"product_cat","embeddable":true,"href":"https:\/\/skaitytaknyga.lt\/en\/wp-json\/wp\/v2\/product_cat?post=21249"},{"taxonomy":"product_tag","embeddable":true,"href":"https:\/\/skaitytaknyga.lt\/en\/wp-json\/wp\/v2\/product_tag?post=21249"}],"curies":[{"name":"wp","href":"https:\/\/api.w.org\/{rel}","templated":true}]}}