{"id":21247,"date":"2025-10-05T17:22:44","date_gmt":"2025-10-05T14:22:44","guid":{"rendered":"https:\/\/skaitytaknyga.lt\/?post_type=product&#038;p=21247"},"modified":"2025-10-06T11:02:01","modified_gmt":"2025-10-06T08:02:01","slug":"teisingumo-teorijos-i-tomas-socialinio-teisingumo-traktatas","status":"publish","type":"product","link":"https:\/\/skaitytaknyga.lt\/en\/produktas\/teisingumo-teorijos-i-tomas-socialinio-teisingumo-traktatas\/","title":{"rendered":"Teisingumo teorijos I tomas. Socialinio teisingumo traktatas"},"content":{"rendered":"<p>\u0160ioje politin\u0117s filosofijos knygoje teisingumas suvokiamas kaip racionali\u0173 egoist\u0173 paktas, kurio stabilumas priklauso nuo j\u0117g\u0173 pusiausvyros ir aplinkybi\u0173 pastovumo. (Bene geriausi\u0105 \u0161ios sampratos formuluot\u0119 pateikia Glaukonas Platono Valstyb\u0117s 2 knygos prad\u017eioje. &#8230; Naujaisiais laikais pagrindiniai \u0161ios sampratos elementai rafinuotesniu pavidalu pasirodo Hobbeso Leviatane ir Hume&#8217;o Traktate apie \u017emogaus prigimt\u012f.) Nors mano koncepcija turi s\u0105saj\u0173 su \u0161ia tradicija ir jos naujausiu variantu &#8211; lo\u0161im\u0173 teorija, ta\u010diau skiriasi nuo jos keliais svarbiais aspektais.<\/p>\n","protected":false},"excerpt":{"rendered":"<p>\u0160ioje politin\u0117s filosofijos knygoje teisingumas suvokiamas kaip racionali\u0173 egoist\u0173 paktas, kurio stabilumas priklauso nuo j\u0117g\u0173 pusiausvyros ir aplinkybi\u0173 pastovumo. (Bene geriausi\u0105 \u0161ios sampratos formuluot\u0119 pateikia Glaukonas Platono Valstyb\u0117s 2 knygos prad\u017eioje. &#8230; Naujaisiais laikais pagrindiniai \u0161ios sampratos elementai rafinuotesniu pavidalu pasirodo Hobbeso Leviatane ir Hume&#8217;o Traktate apie \u017emogaus prigimt\u012f.) Nors mano koncepcija turi s\u0105saj\u0173 su \u0161ia tradicija ir jos naujausiu variantu &#8211; lo\u0161im\u0173 teorija, ta\u010diau skiriasi nuo jos keliais svarbiais aspektais.<\/p>\n","protected":false},"featured_media":21253,"comment_status":"open","ping_status":"closed","template":"","meta":{"_acf_changed":false,"site-sidebar-layout":"default","site-content-layout":"","ast-site-content-layout":"default","site-content-style":"default","site-sidebar-style":"default","ast-global-header-display":"","ast-banner-title-visibility":"","ast-main-header-display":"","ast-hfb-above-header-display":"","ast-hfb-below-header-display":"","ast-hfb-mobile-header-display":"","site-post-title":"","ast-breadcrumbs-content":"","ast-featured-img":"","footer-sml-layout":"","ast-disable-related-posts":"","theme-transparent-header-meta":"","adv-header-id-meta":"","stick-header-meta":"","header-above-stick-meta":"","header-main-stick-meta":"","header-below-stick-meta":"","astra-migrate-meta-layouts":"default","ast-page-background-enabled":"default","ast-page-background-meta":{"desktop":{"background-color":"","background-image":"","background-repeat":"repeat","background-position":"center center","background-size":"auto","background-attachment":"scroll","background-type":"","background-media":"","overlay-type":"","overlay-color":"","overlay-opacity":"","overlay-gradient":""},"tablet":{"background-color":"","background-image":"","background-repeat":"repeat","background-position":"center center","background-size":"auto","background-attachment":"scroll","background-type":"","background-media":"","overlay-type":"","overlay-color":"","overlay-opacity":"","overlay-gradient":""},"mobile":{"background-color":"","background-image":"","background-repeat":"repeat","background-position":"center center","background-size":"auto","background-attachment":"scroll","background-type":"","background-media":"","overlay-type":"","overlay-color":"","overlay-opacity":"","overlay-gradient":""}},"ast-content-background-meta":{"desktop":{"background-color":"var(--ast-global-color-4)","background-image":"","background-repeat":"repeat","background-position":"center center","background-size":"auto","background-attachment":"scroll","background-type":"","background-media":"","overlay-type":"","overlay-color":"","overlay-opacity":"","overlay-gradient":""},"tablet":{"background-color":"var(--ast-global-color-4)","background-image":"","background-repeat":"repeat","background-position":"center center","background-size":"auto","background-attachment":"scroll","background-type":"","background-media":"","overlay-type":"","overlay-color":"","overlay-opacity":"","overlay-gradient":""},"mobile":{"background-color":"var(--ast-global-color-4)","background-image":"","background-repeat":"repeat","background-position":"center center","background-size":"auto","background-attachment":"scroll","background-type":"","background-media":"","overlay-type":"","overlay-color":"","overlay-opacity":"","overlay-gradient":""}}},"product_brand":[],"product_cat":[174],"product_tag":[8308,1467,7807,8311,8310,8309],"class_list":{"0":"post-21247","1":"product","2":"type-product","3":"status-publish","4":"has-post-thumbnail","6":"product_cat-istorija-ir-politologija","7":"product_tag-brian-barry","8":"product_tag-filosofija","9":"product_tag-politine-filosofija","10":"product_tag-politologija","11":"product_tag-socialinis-teisingumas","12":"product_tag-teisingumo-teorija","13":"desktop-align-left","14":"tablet-align-left","15":"mobile-align-left","17":"first","18":"instock","19":"shipping-taxable","20":"purchasable","21":"product-type-simple"},"acf":[],"yoast_head":"<!-- This site is optimized with the Yoast SEO plugin v27.0 - https:\/\/yoast.com\/product\/yoast-seo-wordpress\/ -->\n<title>Teisingumo teorijos I tomas. Socialinio teisingumo traktatas<\/title>\n<meta name=\"description\" content=\"\u0160ioje politin\u0117s filosofijos knygoje teisingumas suvokiamas kaip racionali\u0173 egoist\u0173 paktas, kurio stabilumas priklauso nuo j\u0117g\u0173 pusiausvyros ir aplinkybi\u0173\" \/>\n<meta name=\"robots\" content=\"index, follow, max-snippet:-1, max-image-preview:large, max-video-preview:-1\" \/>\n<link rel=\"canonical\" href=\"https:\/\/skaitytaknyga.lt\/en\/produktas\/teisingumo-teorijos-i-tomas-socialinio-teisingumo-traktatas\/\" \/>\n<meta property=\"og:locale\" content=\"en_GB\" \/>\n<meta property=\"og:locale:alternate\" content=\"lt_LT\" \/>\n<meta property=\"og:type\" content=\"article\" \/>\n<meta property=\"og:title\" content=\"Teisingumo teorijos I tomas. Socialinio teisingumo traktatas\" \/>\n<meta property=\"og:description\" content=\"\u0160ioje politin\u0117s filosofijos knygoje teisingumas suvokiamas kaip racionali\u0173 egoist\u0173 paktas, kurio stabilumas priklauso nuo j\u0117g\u0173 pusiausvyros ir aplinkybi\u0173\" \/>\n<meta property=\"og:url\" content=\"https:\/\/skaitytaknyga.lt\/en\/produktas\/teisingumo-teorijos-i-tomas-socialinio-teisingumo-traktatas\/\" \/>\n<meta property=\"og:site_name\" content=\"Skaitytaknyga\" \/>\n<meta property=\"article:publisher\" content=\"https:\/\/www.facebook.com\/skaitytaknyga\/\" \/>\n<meta property=\"article:modified_time\" content=\"2025-10-06T08:02:01+00:00\" \/>\n<meta property=\"og:image\" content=\"https:\/\/skaitytaknyga.lt\/wp-content\/uploads\/2025\/10\/Teisingumo-teorijos-I-tomas.-Socialinio-teisingumo-traktatas-1.webp\" \/>\n\t<meta property=\"og:image:width\" content=\"300\" \/>\n\t<meta property=\"og:image:height\" content=\"462\" \/>\n\t<meta property=\"og:image:type\" content=\"image\/webp\" \/>\n<meta name=\"twitter:card\" content=\"summary_large_image\" \/>\n<script type=\"application\/ld+json\" class=\"yoast-schema-graph\">{\"@context\":\"https:\/\/schema.org\",\"@graph\":[{\"@type\":\"WebPage\",\"@id\":\"https:\/\/skaitytaknyga.lt\/produktas\/teisingumo-teorijos-i-tomas-socialinio-teisingumo-traktatas\/\",\"url\":\"https:\/\/skaitytaknyga.lt\/produktas\/teisingumo-teorijos-i-tomas-socialinio-teisingumo-traktatas\/\",\"name\":\"Teisingumo teorijos I tomas. Socialinio teisingumo traktatas\",\"isPartOf\":{\"@id\":\"https:\/\/skaitytaknyga.lt\/#website\"},\"primaryImageOfPage\":{\"@id\":\"https:\/\/skaitytaknyga.lt\/produktas\/teisingumo-teorijos-i-tomas-socialinio-teisingumo-traktatas\/#primaryimage\"},\"image\":{\"@id\":\"https:\/\/skaitytaknyga.lt\/produktas\/teisingumo-teorijos-i-tomas-socialinio-teisingumo-traktatas\/#primaryimage\"},\"thumbnailUrl\":\"https:\/\/skaitytaknyga.lt\/wp-content\/uploads\/2025\/10\/Teisingumo-teorijos-I-tomas.-Socialinio-teisingumo-traktatas-1.webp\",\"datePublished\":\"2025-10-05T14:22:44+00:00\",\"dateModified\":\"2025-10-06T08:02:01+00:00\",\"description\":\"\u0160ioje politin\u0117s filosofijos knygoje teisingumas suvokiamas kaip racionali\u0173 egoist\u0173 paktas, kurio stabilumas priklauso nuo j\u0117g\u0173 pusiausvyros ir aplinkybi\u0173\",\"breadcrumb\":{\"@id\":\"https:\/\/skaitytaknyga.lt\/produktas\/teisingumo-teorijos-i-tomas-socialinio-teisingumo-traktatas\/#breadcrumb\"},\"inLanguage\":\"en-GB\",\"potentialAction\":[{\"@type\":\"ReadAction\",\"target\":[\"https:\/\/skaitytaknyga.lt\/produktas\/teisingumo-teorijos-i-tomas-socialinio-teisingumo-traktatas\/\"]}]},{\"@type\":\"ImageObject\",\"inLanguage\":\"en-GB\",\"@id\":\"https:\/\/skaitytaknyga.lt\/produktas\/teisingumo-teorijos-i-tomas-socialinio-teisingumo-traktatas\/#primaryimage\",\"url\":\"https:\/\/skaitytaknyga.lt\/wp-content\/uploads\/2025\/10\/Teisingumo-teorijos-I-tomas.-Socialinio-teisingumo-traktatas-1.webp\",\"contentUrl\":\"https:\/\/skaitytaknyga.lt\/wp-content\/uploads\/2025\/10\/Teisingumo-teorijos-I-tomas.-Socialinio-teisingumo-traktatas-1.webp\",\"width\":300,\"height\":462,\"caption\":\"Teisingumo teorijos I tomas. Socialinio teisingumo traktatas\"},{\"@type\":\"BreadcrumbList\",\"@id\":\"https:\/\/skaitytaknyga.lt\/produktas\/teisingumo-teorijos-i-tomas-socialinio-teisingumo-traktatas\/#breadcrumb\",\"itemListElement\":[{\"@type\":\"ListItem\",\"position\":1,\"name\":\"Home\",\"item\":\"https:\/\/skaitytaknyga.lt\/\"},{\"@type\":\"ListItem\",\"position\":2,\"name\":\"Parduotuv\u0117\",\"item\":\"https:\/\/skaitytaknyga.lt\/knygu-parduotuve\/\"},{\"@type\":\"ListItem\",\"position\":3,\"name\":\"Teisingumo teorijos I tomas. Socialinio teisingumo traktatas\"}]},{\"@type\":\"WebSite\",\"@id\":\"https:\/\/skaitytaknyga.lt\/#website\",\"url\":\"https:\/\/skaitytaknyga.lt\/\",\"name\":\"skaitytaknyga.lt\",\"description\":\"Skaitytaknyga.lt \u2013 tai ma\u017eas \u0161eimos verslas, kuris prasid\u0117jo nuo meil\u0117s knygoms ir siekio i\u0161gelb\u0117ti knygas nuo likimo prie konteinerio. Kas vienam nereikalingas daiktas \u2013 kitam lobis, o mes esame tarpininkai, kurie padeda abiems tapti laimingesniems ???? \u017dinome kaip nelengva i\u0161gyventi ma\u017eiems verslams, tad nuo \u0161iol, \u010dia rasite ir kit\u0173, ma\u017e\u0173 \u0161eim\u0173 versl\u0173, rank\u0173 darbo, dovan\u0173 sau ir artimiesiems.\",\"publisher\":{\"@id\":\"https:\/\/skaitytaknyga.lt\/#organization\"},\"potentialAction\":[{\"@type\":\"SearchAction\",\"target\":{\"@type\":\"EntryPoint\",\"urlTemplate\":\"https:\/\/skaitytaknyga.lt\/?s={search_term_string}\"},\"query-input\":{\"@type\":\"PropertyValueSpecification\",\"valueRequired\":true,\"valueName\":\"search_term_string\"}}],\"inLanguage\":\"en-GB\"},{\"@type\":\"Organization\",\"@id\":\"https:\/\/skaitytaknyga.lt\/#organization\",\"name\":\"skaitytaknyga.lt\",\"url\":\"https:\/\/skaitytaknyga.lt\/\",\"logo\":{\"@type\":\"ImageObject\",\"inLanguage\":\"en-GB\",\"@id\":\"https:\/\/skaitytaknyga.lt\/#\/schema\/logo\/image\/\",\"url\":\"https:\/\/skaitytaknyga.lt\/wp-content\/uploads\/2024\/05\/cropped-cropped-cropped-02_00843_jt3bggkj1j3HLc7SyY6rEUpg.jpeg\",\"contentUrl\":\"https:\/\/skaitytaknyga.lt\/wp-content\/uploads\/2024\/05\/cropped-cropped-cropped-02_00843_jt3bggkj1j3HLc7SyY6rEUpg.jpeg\",\"width\":1600,\"height\":1600,\"caption\":\"skaitytaknyga.lt\"},\"image\":{\"@id\":\"https:\/\/skaitytaknyga.lt\/#\/schema\/logo\/image\/\"},\"sameAs\":[\"https:\/\/www.facebook.com\/skaitytaknyga\/\"]}]}<\/script>\n<!-- \/ Yoast SEO plugin. -->","yoast_head_json":{"title":"Teisingumo teorijos I tomas. Socialinio teisingumo traktatas","description":"\u0160ioje politin\u0117s filosofijos knygoje teisingumas suvokiamas kaip racionali\u0173 egoist\u0173 paktas, kurio stabilumas priklauso nuo j\u0117g\u0173 pusiausvyros ir aplinkybi\u0173","robots":{"index":"index","follow":"follow","max-snippet":"max-snippet:-1","max-image-preview":"max-image-preview:large","max-video-preview":"max-video-preview:-1"},"canonical":"https:\/\/skaitytaknyga.lt\/en\/produktas\/teisingumo-teorijos-i-tomas-socialinio-teisingumo-traktatas\/","og_locale":"en_GB","og_type":"article","og_title":"[:lt]Teisingumo teorijos I tomas. Socialinio teisingumo traktatas[:] - Skaitytaknyga","og_description":"\u0160ioje politin\u0117s filosofijos knygoje teisingumas suvokiamas kaip racionali\u0173 egoist\u0173 paktas, kurio stabilumas priklauso nuo j\u0117g\u0173 pusiausvyros ir aplinkybi\u0173","og_url":"https:\/\/skaitytaknyga.lt\/en\/produktas\/teisingumo-teorijos-i-tomas-socialinio-teisingumo-traktatas\/","og_site_name":"Skaitytaknyga","article_publisher":"https:\/\/www.facebook.com\/skaitytaknyga\/","article_modified_time":"2025-10-06T08:02:01+00:00","og_image":[{"width":300,"height":462,"url":"https:\/\/skaitytaknyga.lt\/wp-content\/uploads\/2025\/10\/Teisingumo-teorijos-I-tomas.-Socialinio-teisingumo-traktatas-1.webp","type":"image\/webp"}],"twitter_card":"summary_large_image","schema":{"@context":"https:\/\/schema.org","@graph":[{"@type":"WebPage","@id":"https:\/\/skaitytaknyga.lt\/produktas\/teisingumo-teorijos-i-tomas-socialinio-teisingumo-traktatas\/","url":"https:\/\/skaitytaknyga.lt\/produktas\/teisingumo-teorijos-i-tomas-socialinio-teisingumo-traktatas\/","name":"Teisingumo teorijos I tomas. Socialinio teisingumo traktatas","isPartOf":{"@id":"https:\/\/skaitytaknyga.lt\/#website"},"primaryImageOfPage":{"@id":"https:\/\/skaitytaknyga.lt\/produktas\/teisingumo-teorijos-i-tomas-socialinio-teisingumo-traktatas\/#primaryimage"},"image":{"@id":"https:\/\/skaitytaknyga.lt\/produktas\/teisingumo-teorijos-i-tomas-socialinio-teisingumo-traktatas\/#primaryimage"},"thumbnailUrl":"https:\/\/skaitytaknyga.lt\/wp-content\/uploads\/2025\/10\/Teisingumo-teorijos-I-tomas.-Socialinio-teisingumo-traktatas-1.webp","datePublished":"2025-10-05T14:22:44+00:00","dateModified":"2025-10-06T08:02:01+00:00","description":"\u0160ioje politin\u0117s filosofijos knygoje teisingumas suvokiamas kaip racionali\u0173 egoist\u0173 paktas, kurio stabilumas priklauso nuo j\u0117g\u0173 pusiausvyros ir aplinkybi\u0173","breadcrumb":{"@id":"https:\/\/skaitytaknyga.lt\/produktas\/teisingumo-teorijos-i-tomas-socialinio-teisingumo-traktatas\/#breadcrumb"},"inLanguage":"en-GB","potentialAction":[{"@type":"ReadAction","target":["https:\/\/skaitytaknyga.lt\/produktas\/teisingumo-teorijos-i-tomas-socialinio-teisingumo-traktatas\/"]}]},{"@type":"ImageObject","inLanguage":"en-GB","@id":"https:\/\/skaitytaknyga.lt\/produktas\/teisingumo-teorijos-i-tomas-socialinio-teisingumo-traktatas\/#primaryimage","url":"https:\/\/skaitytaknyga.lt\/wp-content\/uploads\/2025\/10\/Teisingumo-teorijos-I-tomas.-Socialinio-teisingumo-traktatas-1.webp","contentUrl":"https:\/\/skaitytaknyga.lt\/wp-content\/uploads\/2025\/10\/Teisingumo-teorijos-I-tomas.-Socialinio-teisingumo-traktatas-1.webp","width":300,"height":462,"caption":"Teisingumo teorijos I tomas. Socialinio teisingumo traktatas"},{"@type":"BreadcrumbList","@id":"https:\/\/skaitytaknyga.lt\/produktas\/teisingumo-teorijos-i-tomas-socialinio-teisingumo-traktatas\/#breadcrumb","itemListElement":[{"@type":"ListItem","position":1,"name":"Home","item":"https:\/\/skaitytaknyga.lt\/"},{"@type":"ListItem","position":2,"name":"Parduotuv\u0117","item":"https:\/\/skaitytaknyga.lt\/knygu-parduotuve\/"},{"@type":"ListItem","position":3,"name":"Teisingumo teorijos I tomas. Socialinio teisingumo traktatas"}]},{"@type":"WebSite","@id":"https:\/\/skaitytaknyga.lt\/#website","url":"https:\/\/skaitytaknyga.lt\/","name":"skaitytaknyga.lt","description":"Skaitytaknyga.lt \u2013 tai ma\u017eas \u0161eimos verslas, kuris prasid\u0117jo nuo meil\u0117s knygoms ir siekio i\u0161gelb\u0117ti knygas nuo likimo prie konteinerio. Kas vienam nereikalingas daiktas \u2013 kitam lobis, o mes esame tarpininkai, kurie padeda abiems tapti laimingesniems ???? \u017dinome kaip nelengva i\u0161gyventi ma\u017eiems verslams, tad nuo \u0161iol, \u010dia rasite ir kit\u0173, ma\u017e\u0173 \u0161eim\u0173 versl\u0173, rank\u0173 darbo, dovan\u0173 sau ir artimiesiems.","publisher":{"@id":"https:\/\/skaitytaknyga.lt\/#organization"},"potentialAction":[{"@type":"SearchAction","target":{"@type":"EntryPoint","urlTemplate":"https:\/\/skaitytaknyga.lt\/?s={search_term_string}"},"query-input":{"@type":"PropertyValueSpecification","valueRequired":true,"valueName":"search_term_string"}}],"inLanguage":"en-GB"},{"@type":"Organization","@id":"https:\/\/skaitytaknyga.lt\/#organization","name":"skaitytaknyga.lt","url":"https:\/\/skaitytaknyga.lt\/","logo":{"@type":"ImageObject","inLanguage":"en-GB","@id":"https:\/\/skaitytaknyga.lt\/#\/schema\/logo\/image\/","url":"https:\/\/skaitytaknyga.lt\/wp-content\/uploads\/2024\/05\/cropped-cropped-cropped-02_00843_jt3bggkj1j3HLc7SyY6rEUpg.jpeg","contentUrl":"https:\/\/skaitytaknyga.lt\/wp-content\/uploads\/2024\/05\/cropped-cropped-cropped-02_00843_jt3bggkj1j3HLc7SyY6rEUpg.jpeg","width":1600,"height":1600,"caption":"skaitytaknyga.lt"},"image":{"@id":"https:\/\/skaitytaknyga.lt\/#\/schema\/logo\/image\/"},"sameAs":["https:\/\/www.facebook.com\/skaitytaknyga\/"]}]}},"_links":{"self":[{"href":"https:\/\/skaitytaknyga.lt\/en\/wp-json\/wp\/v2\/product\/21247","targetHints":{"allow":["GET"]}}],"collection":[{"href":"https:\/\/skaitytaknyga.lt\/en\/wp-json\/wp\/v2\/product"}],"about":[{"href":"https:\/\/skaitytaknyga.lt\/en\/wp-json\/wp\/v2\/types\/product"}],"replies":[{"embeddable":true,"href":"https:\/\/skaitytaknyga.lt\/en\/wp-json\/wp\/v2\/comments?post=21247"}],"wp:featuredmedia":[{"embeddable":true,"href":"https:\/\/skaitytaknyga.lt\/en\/wp-json\/wp\/v2\/media\/21253"}],"wp:attachment":[{"href":"https:\/\/skaitytaknyga.lt\/en\/wp-json\/wp\/v2\/media?parent=21247"}],"wp:term":[{"taxonomy":"product_brand","embeddable":true,"href":"https:\/\/skaitytaknyga.lt\/en\/wp-json\/wp\/v2\/product_brand?post=21247"},{"taxonomy":"product_cat","embeddable":true,"href":"https:\/\/skaitytaknyga.lt\/en\/wp-json\/wp\/v2\/product_cat?post=21247"},{"taxonomy":"product_tag","embeddable":true,"href":"https:\/\/skaitytaknyga.lt\/en\/wp-json\/wp\/v2\/product_tag?post=21247"}],"curies":[{"name":"wp","href":"https:\/\/api.w.org\/{rel}","templated":true}]}}