{"id":21237,"date":"2025-10-04T19:45:03","date_gmt":"2025-10-04T16:45:03","guid":{"rendered":"https:\/\/skaitytaknyga.lt\/?post_type=product&#038;p=21237"},"modified":"2025-10-06T11:02:51","modified_gmt":"2025-10-06T08:02:51","slug":"cakona-uzmario-slenio-kalnai-ir-xxx-viziju","status":"publish","type":"product","link":"https:\/\/skaitytaknyga.lt\/en\/produktas\/cakona-uzmario-slenio-kalnai-ir-xxx-viziju\/","title":{"rendered":"\u010cakona. U\u017emario sl\u0117nio kalnai ir XXX vizij\u0173"},"content":{"rendered":"<p>\u201e\u010cakona\u201c \u2013 knyga apie Nering\u0105. Joje rasime vis\u0173 apie \u0161\u012f \u017eem\u0117s lopin\u0117l\u012f ra\u0161iusi\u0173 mintis. Kartu tai ir filosofin\u0117 knyga apie ypating\u0105 mitin\u0119 Lietuvos \u017eem\u0119, su kuria susij\u0119 visi, kas galvojo apie lietuvio pasaul\u0117jaut\u0105, apie vanden\u012f, ugn\u012f, kas gird\u0117jo negirdima. Tai autoriaus individualyb\u0117s, jo ilg\u0173 kelioni\u0173 su dvasios did\u017eiaisiais k\u016brybos knyga.<\/p>\n<p>Be J\u016brat\u0117s Stauskait\u0117s \u2013 dailinink\u0117s \u2013 knyga netur\u0117t\u0173 savo nam\u0173, savo r\u016bbo, teksto nelyd\u0117t\u0173 vizualin\u0117s pauz\u0117s \u2013 iliustracijos. Knygoje yra ir autenti\u0161k\u0173 sen\u0173 \u017eem\u0117lapi\u0173.<\/p>\n","protected":false},"excerpt":{"rendered":"<p>\u201e\u010cakona\u201c \u2013 knyga apie Nering\u0105. Joje rasime vis\u0173 apie \u0161\u012f \u017eem\u0117s lopin\u0117l\u012f ra\u0161iusi\u0173 mintis. Kartu tai ir filosofin\u0117 knyga apie ypating\u0105 mitin\u0119 Lietuvos \u017eem\u0119, su kuria susij\u0119 visi, kas galvojo apie lietuvio pasaul\u0117jaut\u0105, apie vanden\u012f, ugn\u012f, kas gird\u0117jo negirdima. Tai autoriaus individualyb\u0117s, jo ilg\u0173 kelioni\u0173 su dvasios did\u017eiaisiais k\u016brybos knyga. Be J\u016brat\u0117s Stauskait\u0117s \u2013 dailinink\u0117s \u2013 knyga netur\u0117t\u0173 savo nam\u0173, savo r\u016bbo, teksto nelyd\u0117t\u0173 vizualin\u0117s pauz\u0117s \u2013 iliustracijos. Knygoje yra ir autenti\u0161k\u0173 sen\u0173 \u017eem\u0117lapi\u0173.<\/p>\n","protected":false},"featured_media":21242,"comment_status":"open","ping_status":"closed","template":"","meta":{"_acf_changed":false,"site-sidebar-layout":"default","site-content-layout":"","ast-site-content-layout":"default","site-content-style":"default","site-sidebar-style":"default","ast-global-header-display":"","ast-banner-title-visibility":"","ast-main-header-display":"","ast-hfb-above-header-display":"","ast-hfb-below-header-display":"","ast-hfb-mobile-header-display":"","site-post-title":"","ast-breadcrumbs-content":"","ast-featured-img":"","footer-sml-layout":"","ast-disable-related-posts":"","theme-transparent-header-meta":"","adv-header-id-meta":"","stick-header-meta":"","header-above-stick-meta":"","header-main-stick-meta":"","header-below-stick-meta":"","astra-migrate-meta-layouts":"default","ast-page-background-enabled":"default","ast-page-background-meta":{"desktop":{"background-color":"","background-image":"","background-repeat":"repeat","background-position":"center center","background-size":"auto","background-attachment":"scroll","background-type":"","background-media":"","overlay-type":"","overlay-color":"","overlay-opacity":"","overlay-gradient":""},"tablet":{"background-color":"","background-image":"","background-repeat":"repeat","background-position":"center center","background-size":"auto","background-attachment":"scroll","background-type":"","background-media":"","overlay-type":"","overlay-color":"","overlay-opacity":"","overlay-gradient":""},"mobile":{"background-color":"","background-image":"","background-repeat":"repeat","background-position":"center center","background-size":"auto","background-attachment":"scroll","background-type":"","background-media":"","overlay-type":"","overlay-color":"","overlay-opacity":"","overlay-gradient":""}},"ast-content-background-meta":{"desktop":{"background-color":"var(--ast-global-color-4)","background-image":"","background-repeat":"repeat","background-position":"center center","background-size":"auto","background-attachment":"scroll","background-type":"","background-media":"","overlay-type":"","overlay-color":"","overlay-opacity":"","overlay-gradient":""},"tablet":{"background-color":"var(--ast-global-color-4)","background-image":"","background-repeat":"repeat","background-position":"center center","background-size":"auto","background-attachment":"scroll","background-type":"","background-media":"","overlay-type":"","overlay-color":"","overlay-opacity":"","overlay-gradient":""},"mobile":{"background-color":"var(--ast-global-color-4)","background-image":"","background-repeat":"repeat","background-position":"center center","background-size":"auto","background-attachment":"scroll","background-type":"","background-media":"","overlay-type":"","overlay-color":"","overlay-opacity":"","overlay-gradient":""}}},"product_brand":[],"product_cat":[31],"product_tag":[8372,1467,1982,8375,8374,2899,1115,8373,6237],"class_list":{"0":"post-21237","1":"product","2":"type-product","3":"status-publish","4":"has-post-thumbnail","6":"product_cat-grozine-literatura","7":"product_tag-cakona","8":"product_tag-filosofija","9":"product_tag-iliustracijos","10":"product_tag-jurate-stauskaite","11":"product_tag-krastovaizdis","12":"product_tag-lietuvos-kultura","13":"product_tag-mitologija","14":"product_tag-neringa","15":"product_tag-zemelapiai","16":"desktop-align-left","17":"tablet-align-left","18":"mobile-align-left","20":"first","21":"instock","22":"shipping-taxable","23":"purchasable","24":"product-type-simple"},"acf":[],"yoast_head":"<!-- This site is optimized with the Yoast SEO plugin v27.4 - https:\/\/yoast.com\/product\/yoast-seo-wordpress\/ -->\n<title>\u010cakona. U\u017emario sl\u0117nio kalnai ir XXX vizij\u0173<\/title>\n<meta name=\"description\" content=\"\u201e\u010cakona\u201c \u2013 knyga apie Nering\u0105. Joje rasime vis\u0173 apie \u0161\u012f \u017eem\u0117s lopin\u0117l\u012f ra\u0161iusi\u0173 mintis. Kartu tai ir filosofin\u0117 knyga apie ypating\u0105 mitin\u0119 Lietuvos \u017eem\u0119,\" \/>\n<meta name=\"robots\" content=\"index, follow, max-snippet:-1, max-image-preview:large, max-video-preview:-1\" \/>\n<link rel=\"canonical\" href=\"https:\/\/skaitytaknyga.lt\/en\/produktas\/cakona-uzmario-slenio-kalnai-ir-xxx-viziju\/\" \/>\n<meta property=\"og:locale\" content=\"en_GB\" \/>\n<meta property=\"og:locale:alternate\" content=\"lt_LT\" \/>\n<meta property=\"og:type\" content=\"article\" \/>\n<meta property=\"og:title\" content=\"\u010cakona. U\u017emario sl\u0117nio kalnai ir XXX vizij\u0173\" \/>\n<meta property=\"og:description\" content=\"\u201e\u010cakona\u201c \u2013 knyga apie Nering\u0105. Joje rasime vis\u0173 apie \u0161\u012f \u017eem\u0117s lopin\u0117l\u012f ra\u0161iusi\u0173 mintis. Kartu tai ir filosofin\u0117 knyga apie ypating\u0105 mitin\u0119 Lietuvos \u017eem\u0119,\" \/>\n<meta property=\"og:url\" content=\"https:\/\/skaitytaknyga.lt\/en\/produktas\/cakona-uzmario-slenio-kalnai-ir-xxx-viziju\/\" \/>\n<meta property=\"og:site_name\" content=\"Skaitytaknyga\" \/>\n<meta property=\"article:publisher\" content=\"https:\/\/www.facebook.com\/skaitytaknyga\/\" \/>\n<meta property=\"article:modified_time\" content=\"2025-10-06T08:02:51+00:00\" \/>\n<meta property=\"og:image\" content=\"https:\/\/skaitytaknyga.lt\/wp-content\/uploads\/2025\/10\/Cakona.-Uzmario-slenio-kalnai-ir-XXX-viziju-1.webp\" \/>\n\t<meta property=\"og:image:width\" content=\"300\" \/>\n\t<meta property=\"og:image:height\" content=\"425\" \/>\n\t<meta property=\"og:image:type\" content=\"image\/webp\" \/>\n<meta name=\"twitter:card\" content=\"summary_large_image\" \/>\n<script type=\"application\/ld+json\" class=\"yoast-schema-graph\">{\"@context\":\"https:\\\/\\\/schema.org\",\"@graph\":[{\"@type\":\"WebPage\",\"@id\":\"https:\\\/\\\/skaitytaknyga.lt\\\/produktas\\\/cakona-uzmario-slenio-kalnai-ir-xxx-viziju\\\/\",\"url\":\"https:\\\/\\\/skaitytaknyga.lt\\\/produktas\\\/cakona-uzmario-slenio-kalnai-ir-xxx-viziju\\\/\",\"name\":\"\u010cakona. U\u017emario sl\u0117nio kalnai ir XXX vizij\u0173\",\"isPartOf\":{\"@id\":\"https:\\\/\\\/skaitytaknyga.lt\\\/#website\"},\"primaryImageOfPage\":{\"@id\":\"https:\\\/\\\/skaitytaknyga.lt\\\/produktas\\\/cakona-uzmario-slenio-kalnai-ir-xxx-viziju\\\/#primaryimage\"},\"image\":{\"@id\":\"https:\\\/\\\/skaitytaknyga.lt\\\/produktas\\\/cakona-uzmario-slenio-kalnai-ir-xxx-viziju\\\/#primaryimage\"},\"thumbnailUrl\":\"https:\\\/\\\/skaitytaknyga.lt\\\/wp-content\\\/uploads\\\/2025\\\/10\\\/Cakona.-Uzmario-slenio-kalnai-ir-XXX-viziju-1.webp\",\"datePublished\":\"2025-10-04T16:45:03+00:00\",\"dateModified\":\"2025-10-06T08:02:51+00:00\",\"description\":\"\u201e\u010cakona\u201c \u2013 knyga apie Nering\u0105. Joje rasime vis\u0173 apie \u0161\u012f \u017eem\u0117s lopin\u0117l\u012f ra\u0161iusi\u0173 mintis. Kartu tai ir filosofin\u0117 knyga apie ypating\u0105 mitin\u0119 Lietuvos \u017eem\u0119,\",\"breadcrumb\":{\"@id\":\"https:\\\/\\\/skaitytaknyga.lt\\\/produktas\\\/cakona-uzmario-slenio-kalnai-ir-xxx-viziju\\\/#breadcrumb\"},\"inLanguage\":\"en-GB\",\"potentialAction\":[{\"@type\":\"ReadAction\",\"target\":[\"https:\\\/\\\/skaitytaknyga.lt\\\/produktas\\\/cakona-uzmario-slenio-kalnai-ir-xxx-viziju\\\/\"]}]},{\"@type\":\"ImageObject\",\"inLanguage\":\"en-GB\",\"@id\":\"https:\\\/\\\/skaitytaknyga.lt\\\/produktas\\\/cakona-uzmario-slenio-kalnai-ir-xxx-viziju\\\/#primaryimage\",\"url\":\"https:\\\/\\\/skaitytaknyga.lt\\\/wp-content\\\/uploads\\\/2025\\\/10\\\/Cakona.-Uzmario-slenio-kalnai-ir-XXX-viziju-1.webp\",\"contentUrl\":\"https:\\\/\\\/skaitytaknyga.lt\\\/wp-content\\\/uploads\\\/2025\\\/10\\\/Cakona.-Uzmario-slenio-kalnai-ir-XXX-viziju-1.webp\",\"width\":300,\"height\":425,\"caption\":\"\u010cakona. U\u017emario sl\u0117nio kalnai ir XXX vizij\u0173\"},{\"@type\":\"BreadcrumbList\",\"@id\":\"https:\\\/\\\/skaitytaknyga.lt\\\/produktas\\\/cakona-uzmario-slenio-kalnai-ir-xxx-viziju\\\/#breadcrumb\",\"itemListElement\":[{\"@type\":\"ListItem\",\"position\":1,\"name\":\"Home\",\"item\":\"https:\\\/\\\/skaitytaknyga.lt\\\/\"},{\"@type\":\"ListItem\",\"position\":2,\"name\":\"Parduotuv\u0117\",\"item\":\"https:\\\/\\\/skaitytaknyga.lt\\\/knygu-parduotuve\\\/\"},{\"@type\":\"ListItem\",\"position\":3,\"name\":\"\u010cakona. U\u017emario sl\u0117nio kalnai ir XXX vizij\u0173\"}]},{\"@type\":\"WebSite\",\"@id\":\"https:\\\/\\\/skaitytaknyga.lt\\\/#website\",\"url\":\"https:\\\/\\\/skaitytaknyga.lt\\\/\",\"name\":\"skaitytaknyga.lt\",\"description\":\"Skaitytaknyga.lt \u2013 tai ma\u017eas \u0161eimos verslas, kuris prasid\u0117jo nuo meil\u0117s knygoms ir siekio i\u0161gelb\u0117ti knygas nuo likimo prie konteinerio. Kas vienam nereikalingas daiktas \u2013 kitam lobis, o mes esame tarpininkai, kurie padeda abiems tapti laimingesniems ???? \u017dinome kaip nelengva i\u0161gyventi ma\u017eiems verslams, tad nuo \u0161iol, \u010dia rasite ir kit\u0173, ma\u017e\u0173 \u0161eim\u0173 versl\u0173, rank\u0173 darbo, dovan\u0173 sau ir artimiesiems.\",\"publisher\":{\"@id\":\"https:\\\/\\\/skaitytaknyga.lt\\\/#organization\"},\"potentialAction\":[{\"@type\":\"SearchAction\",\"target\":{\"@type\":\"EntryPoint\",\"urlTemplate\":\"https:\\\/\\\/skaitytaknyga.lt\\\/?s={search_term_string}\"},\"query-input\":{\"@type\":\"PropertyValueSpecification\",\"valueRequired\":true,\"valueName\":\"search_term_string\"}}],\"inLanguage\":\"en-GB\"},{\"@type\":\"Organization\",\"@id\":\"https:\\\/\\\/skaitytaknyga.lt\\\/#organization\",\"name\":\"skaitytaknyga.lt\",\"url\":\"https:\\\/\\\/skaitytaknyga.lt\\\/\",\"logo\":{\"@type\":\"ImageObject\",\"inLanguage\":\"en-GB\",\"@id\":\"https:\\\/\\\/skaitytaknyga.lt\\\/#\\\/schema\\\/logo\\\/image\\\/\",\"url\":\"https:\\\/\\\/skaitytaknyga.lt\\\/wp-content\\\/uploads\\\/2024\\\/05\\\/cropped-cropped-cropped-02_00843_jt3bggkj1j3HLc7SyY6rEUpg.jpeg\",\"contentUrl\":\"https:\\\/\\\/skaitytaknyga.lt\\\/wp-content\\\/uploads\\\/2024\\\/05\\\/cropped-cropped-cropped-02_00843_jt3bggkj1j3HLc7SyY6rEUpg.jpeg\",\"width\":1600,\"height\":1600,\"caption\":\"skaitytaknyga.lt\"},\"image\":{\"@id\":\"https:\\\/\\\/skaitytaknyga.lt\\\/#\\\/schema\\\/logo\\\/image\\\/\"},\"sameAs\":[\"https:\\\/\\\/www.facebook.com\\\/skaitytaknyga\\\/\"]}]}<\/script>\n<!-- \/ Yoast SEO plugin. -->","yoast_head_json":{"title":"\u010cakona. U\u017emario sl\u0117nio kalnai ir XXX vizij\u0173","description":"\u201e\u010cakona\u201c \u2013 knyga apie Nering\u0105. Joje rasime vis\u0173 apie \u0161\u012f \u017eem\u0117s lopin\u0117l\u012f ra\u0161iusi\u0173 mintis. Kartu tai ir filosofin\u0117 knyga apie ypating\u0105 mitin\u0119 Lietuvos \u017eem\u0119,","robots":{"index":"index","follow":"follow","max-snippet":"max-snippet:-1","max-image-preview":"max-image-preview:large","max-video-preview":"max-video-preview:-1"},"canonical":"https:\/\/skaitytaknyga.lt\/en\/produktas\/cakona-uzmario-slenio-kalnai-ir-xxx-viziju\/","og_locale":"en_GB","og_type":"article","og_title":"[:lt]\u010cakona. U\u017emario sl\u0117nio kalnai ir XXX vizij\u0173[:] - Skaitytaknyga","og_description":"\u201e\u010cakona\u201c \u2013 knyga apie Nering\u0105. Joje rasime vis\u0173 apie \u0161\u012f \u017eem\u0117s lopin\u0117l\u012f ra\u0161iusi\u0173 mintis. Kartu tai ir filosofin\u0117 knyga apie ypating\u0105 mitin\u0119 Lietuvos \u017eem\u0119,","og_url":"https:\/\/skaitytaknyga.lt\/en\/produktas\/cakona-uzmario-slenio-kalnai-ir-xxx-viziju\/","og_site_name":"Skaitytaknyga","article_publisher":"https:\/\/www.facebook.com\/skaitytaknyga\/","article_modified_time":"2025-10-06T08:02:51+00:00","og_image":[{"width":300,"height":425,"url":"https:\/\/skaitytaknyga.lt\/wp-content\/uploads\/2025\/10\/Cakona.-Uzmario-slenio-kalnai-ir-XXX-viziju-1.webp","type":"image\/webp"}],"twitter_card":"summary_large_image","schema":{"@context":"https:\/\/schema.org","@graph":[{"@type":"WebPage","@id":"https:\/\/skaitytaknyga.lt\/produktas\/cakona-uzmario-slenio-kalnai-ir-xxx-viziju\/","url":"https:\/\/skaitytaknyga.lt\/produktas\/cakona-uzmario-slenio-kalnai-ir-xxx-viziju\/","name":"\u010cakona. U\u017emario sl\u0117nio kalnai ir XXX vizij\u0173","isPartOf":{"@id":"https:\/\/skaitytaknyga.lt\/#website"},"primaryImageOfPage":{"@id":"https:\/\/skaitytaknyga.lt\/produktas\/cakona-uzmario-slenio-kalnai-ir-xxx-viziju\/#primaryimage"},"image":{"@id":"https:\/\/skaitytaknyga.lt\/produktas\/cakona-uzmario-slenio-kalnai-ir-xxx-viziju\/#primaryimage"},"thumbnailUrl":"https:\/\/skaitytaknyga.lt\/wp-content\/uploads\/2025\/10\/Cakona.-Uzmario-slenio-kalnai-ir-XXX-viziju-1.webp","datePublished":"2025-10-04T16:45:03+00:00","dateModified":"2025-10-06T08:02:51+00:00","description":"\u201e\u010cakona\u201c \u2013 knyga apie Nering\u0105. Joje rasime vis\u0173 apie \u0161\u012f \u017eem\u0117s lopin\u0117l\u012f ra\u0161iusi\u0173 mintis. Kartu tai ir filosofin\u0117 knyga apie ypating\u0105 mitin\u0119 Lietuvos \u017eem\u0119,","breadcrumb":{"@id":"https:\/\/skaitytaknyga.lt\/produktas\/cakona-uzmario-slenio-kalnai-ir-xxx-viziju\/#breadcrumb"},"inLanguage":"en-GB","potentialAction":[{"@type":"ReadAction","target":["https:\/\/skaitytaknyga.lt\/produktas\/cakona-uzmario-slenio-kalnai-ir-xxx-viziju\/"]}]},{"@type":"ImageObject","inLanguage":"en-GB","@id":"https:\/\/skaitytaknyga.lt\/produktas\/cakona-uzmario-slenio-kalnai-ir-xxx-viziju\/#primaryimage","url":"https:\/\/skaitytaknyga.lt\/wp-content\/uploads\/2025\/10\/Cakona.-Uzmario-slenio-kalnai-ir-XXX-viziju-1.webp","contentUrl":"https:\/\/skaitytaknyga.lt\/wp-content\/uploads\/2025\/10\/Cakona.-Uzmario-slenio-kalnai-ir-XXX-viziju-1.webp","width":300,"height":425,"caption":"\u010cakona. U\u017emario sl\u0117nio kalnai ir XXX vizij\u0173"},{"@type":"BreadcrumbList","@id":"https:\/\/skaitytaknyga.lt\/produktas\/cakona-uzmario-slenio-kalnai-ir-xxx-viziju\/#breadcrumb","itemListElement":[{"@type":"ListItem","position":1,"name":"Home","item":"https:\/\/skaitytaknyga.lt\/"},{"@type":"ListItem","position":2,"name":"Parduotuv\u0117","item":"https:\/\/skaitytaknyga.lt\/knygu-parduotuve\/"},{"@type":"ListItem","position":3,"name":"\u010cakona. U\u017emario sl\u0117nio kalnai ir XXX vizij\u0173"}]},{"@type":"WebSite","@id":"https:\/\/skaitytaknyga.lt\/#website","url":"https:\/\/skaitytaknyga.lt\/","name":"skaitytaknyga.lt","description":"Skaitytaknyga.lt \u2013 tai ma\u017eas \u0161eimos verslas, kuris prasid\u0117jo nuo meil\u0117s knygoms ir siekio i\u0161gelb\u0117ti knygas nuo likimo prie konteinerio. Kas vienam nereikalingas daiktas \u2013 kitam lobis, o mes esame tarpininkai, kurie padeda abiems tapti laimingesniems ???? \u017dinome kaip nelengva i\u0161gyventi ma\u017eiems verslams, tad nuo \u0161iol, \u010dia rasite ir kit\u0173, ma\u017e\u0173 \u0161eim\u0173 versl\u0173, rank\u0173 darbo, dovan\u0173 sau ir artimiesiems.","publisher":{"@id":"https:\/\/skaitytaknyga.lt\/#organization"},"potentialAction":[{"@type":"SearchAction","target":{"@type":"EntryPoint","urlTemplate":"https:\/\/skaitytaknyga.lt\/?s={search_term_string}"},"query-input":{"@type":"PropertyValueSpecification","valueRequired":true,"valueName":"search_term_string"}}],"inLanguage":"en-GB"},{"@type":"Organization","@id":"https:\/\/skaitytaknyga.lt\/#organization","name":"skaitytaknyga.lt","url":"https:\/\/skaitytaknyga.lt\/","logo":{"@type":"ImageObject","inLanguage":"en-GB","@id":"https:\/\/skaitytaknyga.lt\/#\/schema\/logo\/image\/","url":"https:\/\/skaitytaknyga.lt\/wp-content\/uploads\/2024\/05\/cropped-cropped-cropped-02_00843_jt3bggkj1j3HLc7SyY6rEUpg.jpeg","contentUrl":"https:\/\/skaitytaknyga.lt\/wp-content\/uploads\/2024\/05\/cropped-cropped-cropped-02_00843_jt3bggkj1j3HLc7SyY6rEUpg.jpeg","width":1600,"height":1600,"caption":"skaitytaknyga.lt"},"image":{"@id":"https:\/\/skaitytaknyga.lt\/#\/schema\/logo\/image\/"},"sameAs":["https:\/\/www.facebook.com\/skaitytaknyga\/"]}]}},"_links":{"self":[{"href":"https:\/\/skaitytaknyga.lt\/en\/wp-json\/wp\/v2\/product\/21237","targetHints":{"allow":["GET"]}}],"collection":[{"href":"https:\/\/skaitytaknyga.lt\/en\/wp-json\/wp\/v2\/product"}],"about":[{"href":"https:\/\/skaitytaknyga.lt\/en\/wp-json\/wp\/v2\/types\/product"}],"replies":[{"embeddable":true,"href":"https:\/\/skaitytaknyga.lt\/en\/wp-json\/wp\/v2\/comments?post=21237"}],"wp:featuredmedia":[{"embeddable":true,"href":"https:\/\/skaitytaknyga.lt\/en\/wp-json\/wp\/v2\/media\/21242"}],"wp:attachment":[{"href":"https:\/\/skaitytaknyga.lt\/en\/wp-json\/wp\/v2\/media?parent=21237"}],"wp:term":[{"taxonomy":"product_brand","embeddable":true,"href":"https:\/\/skaitytaknyga.lt\/en\/wp-json\/wp\/v2\/product_brand?post=21237"},{"taxonomy":"product_cat","embeddable":true,"href":"https:\/\/skaitytaknyga.lt\/en\/wp-json\/wp\/v2\/product_cat?post=21237"},{"taxonomy":"product_tag","embeddable":true,"href":"https:\/\/skaitytaknyga.lt\/en\/wp-json\/wp\/v2\/product_tag?post=21237"}],"curies":[{"name":"wp","href":"https:\/\/api.w.org\/{rel}","templated":true}]}}