{"id":21236,"date":"2025-10-04T19:45:03","date_gmt":"2025-10-04T16:45:03","guid":{"rendered":"https:\/\/skaitytaknyga.lt\/?post_type=product&#038;p=21236"},"modified":"2025-10-06T11:02:51","modified_gmt":"2025-10-06T08:02:51","slug":"ir-takse-devi-prada","status":"publish","type":"product","link":"https:\/\/skaitytaknyga.lt\/en\/produktas\/ir-takse-devi-prada\/","title":{"rendered":"Ir taks\u0117 d\u0117vi Prada"},"content":{"rendered":"<p>\u201eJausmus \u017eadinanti, \u017eavi ir mielai seksuali knyga.\u201c \u2013 USA TODAY bestseleri\u0173 autor\u0117 Tawna Fenske<\/p>\n<p>Kaip prad\u0117ti visk\u0105 i\u0161 naujo, kai did\u017eiausia gyvenimo klaida susilaukia daugiau nei milijono per\u017ei\u016br\u0173?<\/p>\n<p>Ail\u0105 vis dar kamuoja ko\u0161marai apie t\u0105 vakar\u0105, kai sugriov\u0117 svetim\u0105 karjer\u0105, o pati tapo ma\u017eiausiai pageidaujama nuomon\u0117s formuotoja visame Manhatane. Ta\u010diau jai reikia pasir\u016bpinti seserimi, tod\u0117l neturi prabangos sl\u0117ptis, kol instagramas j\u0105 pamir\u0161. Taigi, Aila imasi pirmo pasitaikiusio darbo: r\u016bpintis siaubingo charakterio takse, kurios \u0161eimininkas \u2013 at\u0161iaurus atsiskyr\u0117lis Teo, gyvenantis \u0161altos prabangos pasaulyje.<\/p>\n<p>Ved\u017eiojant taksiuk\u0119 Kamil\u0105 pa\u017eaisti ir konsultuotis pas augintini\u0173 ateities prana\u0161autojus, Aila ima \u012ftarti, kad kalyt\u0117 tik loja, bet nekanda. Visai kaip jos ypa\u010d patrauklus ir kasdien vis mielesnis ir \u017eavesnis \u0161eimininkas Teo. Aila netur\u0117t\u0173 \u017evelgti \u012f j\u012f kaip \u012f k\u0105 nors daugiau nei darbo u\u017emokes\u010dio \u010dekius pasira\u0161ant\u012f vyr\u0105. Ta\u010diau kas svarbiau: rinktis tai, kas saugu, ar sekti \u0161irdimi ir svajon\u0117mis, nepaisant rizikos?<\/p>\n<p>\u201eJei Kerei Bred\u0161ou labai patikt\u0173 \u0161unys ir ji ra\u0161yt\u0173 roman\u0105, tai b\u016bt\u0173 b\u016btent \u0161is romanas.\u201c \u2013 USA TODAY perkamiausi\u0173 knyg\u0173 autor\u0117 Teri Wilson<\/p>\n","protected":false},"excerpt":{"rendered":"<p>\u201eJausmus \u017eadinanti, \u017eavi ir mielai seksuali knyga.\u201c \u2013 USA TODAY bestseleri\u0173 autor\u0117 Tawna Fenske Kaip prad\u0117ti visk\u0105 i\u0161 naujo, kai did\u017eiausia gyvenimo klaida susilaukia daugiau nei milijono per\u017ei\u016br\u0173? Ail\u0105 vis dar kamuoja ko\u0161marai apie t\u0105 vakar\u0105, kai sugriov\u0117 svetim\u0105 karjer\u0105, o pati tapo ma\u017eiausiai pageidaujama nuomon\u0117s formuotoja visame Manhatane. Ta\u010diau jai reikia pasir\u016bpinti seserimi, tod\u0117l neturi prabangos sl\u0117ptis, kol instagramas j\u0105 pamir\u0161. Taigi, Aila imasi pirmo pasitaikiusio darbo: r\u016bpintis siaubingo charakterio takse, kurios \u0161eimininkas \u2013 at\u0161iaurus atsiskyr\u0117lis Teo, gyvenantis \u0161altos prabangos pasaulyje. Ved\u017eiojant taksiuk\u0119 Kamil\u0105 pa\u017eaisti ir konsultuotis pas augintini\u0173 ateities prana\u0161autojus, Aila ima \u012ftarti, kad kalyt\u0117 tik loja, bet nekanda. Visai kaip jos ypa\u010d patrauklus ir kasdien vis mielesnis ir \u017eavesnis \u0161eimininkas Teo. Aila netur\u0117t\u0173 \u017evelgti \u012f j\u012f kaip \u012f k\u0105 nors daugiau nei darbo u\u017emokes\u010dio \u010dekius pasira\u0161ant\u012f vyr\u0105. Ta\u010diau kas svarbiau: rinktis tai, kas saugu, ar sekti \u0161irdimi ir svajon\u0117mis, nepaisant rizikos? \u201eJei Kerei Bred\u0161ou labai patikt\u0173 \u0161unys ir ji ra\u0161yt\u0173 roman\u0105, tai b\u016bt\u0173 b\u016btent \u0161is romanas.\u201c \u2013 USA TODAY perkamiausi\u0173 knyg\u0173 autor\u0117 Teri Wilson<\/p>\n","protected":false},"featured_media":21241,"comment_status":"open","ping_status":"closed","template":"","meta":{"_acf_changed":false,"site-sidebar-layout":"default","site-content-layout":"","ast-site-content-layout":"default","site-content-style":"default","site-sidebar-style":"default","ast-global-header-display":"","ast-banner-title-visibility":"","ast-main-header-display":"","ast-hfb-above-header-display":"","ast-hfb-below-header-display":"","ast-hfb-mobile-header-display":"","site-post-title":"","ast-breadcrumbs-content":"","ast-featured-img":"","footer-sml-layout":"","ast-disable-related-posts":"","theme-transparent-header-meta":"","adv-header-id-meta":"","stick-header-meta":"","header-above-stick-meta":"","header-main-stick-meta":"","header-below-stick-meta":"","astra-migrate-meta-layouts":"default","ast-page-background-enabled":"default","ast-page-background-meta":{"desktop":{"background-color":"","background-image":"","background-repeat":"repeat","background-position":"center center","background-size":"auto","background-attachment":"scroll","background-type":"","background-media":"","overlay-type":"","overlay-color":"","overlay-opacity":"","overlay-gradient":""},"tablet":{"background-color":"","background-image":"","background-repeat":"repeat","background-position":"center center","background-size":"auto","background-attachment":"scroll","background-type":"","background-media":"","overlay-type":"","overlay-color":"","overlay-opacity":"","overlay-gradient":""},"mobile":{"background-color":"","background-image":"","background-repeat":"repeat","background-position":"center center","background-size":"auto","background-attachment":"scroll","background-type":"","background-media":"","overlay-type":"","overlay-color":"","overlay-opacity":"","overlay-gradient":""}},"ast-content-background-meta":{"desktop":{"background-color":"var(--ast-global-color-4)","background-image":"","background-repeat":"repeat","background-position":"center center","background-size":"auto","background-attachment":"scroll","background-type":"","background-media":"","overlay-type":"","overlay-color":"","overlay-opacity":"","overlay-gradient":""},"tablet":{"background-color":"var(--ast-global-color-4)","background-image":"","background-repeat":"repeat","background-position":"center center","background-size":"auto","background-attachment":"scroll","background-type":"","background-media":"","overlay-type":"","overlay-color":"","overlay-opacity":"","overlay-gradient":""},"mobile":{"background-color":"var(--ast-global-color-4)","background-image":"","background-repeat":"repeat","background-position":"center center","background-size":"auto","background-attachment":"scroll","background-type":"","background-media":"","overlay-type":"","overlay-color":"","overlay-opacity":"","overlay-gradient":""}}},"product_brand":[],"product_cat":[31],"product_tag":[2054,8371,2014,1705,4144,1422,5620],"class_list":{"0":"post-21236","1":"product","2":"type-product","3":"status-publish","4":"has-post-thumbnail","6":"product_cat-grozine-literatura","7":"product_tag-gyvunai","8":"product_tag-humoristine-romantika","9":"product_tag-meiles-romanas","10":"product_tag-niujorkas","11":"product_tag-siuolaikine-literatura","12":"product_tag-socialiniai-tinklai","13":"product_tag-stefanie-london","14":"desktop-align-left","15":"tablet-align-left","16":"mobile-align-left","18":"first","19":"instock","20":"shipping-taxable","21":"purchasable","22":"product-type-simple"},"acf":[],"yoast_head":"<!-- This site is optimized with the Yoast SEO plugin v27.0 - https:\/\/yoast.com\/product\/yoast-seo-wordpress\/ -->\n<title>Ir taks\u0117 d\u0117vi Prada<\/title>\n<meta name=\"description\" content=\"\u201eJausmus \u017eadinanti, \u017eavi ir mielai seksuali knyga.\u201c \u2013 USA TODAY bestseleri\u0173 autor\u0117 Tawna Fenske Kaip prad\u0117ti visk\u0105 i\u0161 naujo, kai did\u017eiausia gyvenimo\" \/>\n<meta name=\"robots\" content=\"index, follow, max-snippet:-1, max-image-preview:large, max-video-preview:-1\" \/>\n<link rel=\"canonical\" href=\"https:\/\/skaitytaknyga.lt\/en\/produktas\/ir-takse-devi-prada\/\" \/>\n<meta property=\"og:locale\" content=\"en_GB\" \/>\n<meta property=\"og:locale:alternate\" content=\"lt_LT\" \/>\n<meta property=\"og:type\" content=\"article\" \/>\n<meta property=\"og:title\" content=\"Ir taks\u0117 d\u0117vi Prada\" \/>\n<meta property=\"og:description\" content=\"\u201eJausmus \u017eadinanti, \u017eavi ir mielai seksuali knyga.\u201c \u2013 USA TODAY bestseleri\u0173 autor\u0117 Tawna Fenske Kaip prad\u0117ti visk\u0105 i\u0161 naujo, kai did\u017eiausia gyvenimo\" \/>\n<meta property=\"og:url\" content=\"https:\/\/skaitytaknyga.lt\/en\/produktas\/ir-takse-devi-prada\/\" \/>\n<meta property=\"og:site_name\" content=\"Skaitytaknyga\" \/>\n<meta property=\"article:publisher\" content=\"https:\/\/www.facebook.com\/skaitytaknyga\/\" \/>\n<meta property=\"article:modified_time\" content=\"2025-10-06T08:02:51+00:00\" \/>\n<meta property=\"og:image\" content=\"https:\/\/skaitytaknyga.lt\/wp-content\/uploads\/2025\/10\/Ir-takse-devi-Prada-1.webp\" \/>\n\t<meta property=\"og:image:width\" content=\"300\" \/>\n\t<meta property=\"og:image:height\" content=\"450\" \/>\n\t<meta property=\"og:image:type\" content=\"image\/webp\" \/>\n<meta name=\"twitter:card\" content=\"summary_large_image\" \/>\n<meta name=\"twitter:label1\" content=\"Estimated reading time\" \/>\n\t<meta name=\"twitter:data1\" content=\"1 minute\" \/>\n<script type=\"application\/ld+json\" class=\"yoast-schema-graph\">{\"@context\":\"https:\/\/schema.org\",\"@graph\":[{\"@type\":\"WebPage\",\"@id\":\"https:\/\/skaitytaknyga.lt\/produktas\/ir-takse-devi-prada\/\",\"url\":\"https:\/\/skaitytaknyga.lt\/produktas\/ir-takse-devi-prada\/\",\"name\":\"Ir taks\u0117 d\u0117vi Prada\",\"isPartOf\":{\"@id\":\"https:\/\/skaitytaknyga.lt\/#website\"},\"primaryImageOfPage\":{\"@id\":\"https:\/\/skaitytaknyga.lt\/produktas\/ir-takse-devi-prada\/#primaryimage\"},\"image\":{\"@id\":\"https:\/\/skaitytaknyga.lt\/produktas\/ir-takse-devi-prada\/#primaryimage\"},\"thumbnailUrl\":\"https:\/\/skaitytaknyga.lt\/wp-content\/uploads\/2025\/10\/Ir-takse-devi-Prada-1.webp\",\"datePublished\":\"2025-10-04T16:45:03+00:00\",\"dateModified\":\"2025-10-06T08:02:51+00:00\",\"description\":\"\u201eJausmus \u017eadinanti, \u017eavi ir mielai seksuali knyga.\u201c \u2013 USA TODAY bestseleri\u0173 autor\u0117 Tawna Fenske Kaip prad\u0117ti visk\u0105 i\u0161 naujo, kai did\u017eiausia gyvenimo\",\"breadcrumb\":{\"@id\":\"https:\/\/skaitytaknyga.lt\/produktas\/ir-takse-devi-prada\/#breadcrumb\"},\"inLanguage\":\"en-GB\",\"potentialAction\":[{\"@type\":\"ReadAction\",\"target\":[\"https:\/\/skaitytaknyga.lt\/produktas\/ir-takse-devi-prada\/\"]}]},{\"@type\":\"ImageObject\",\"inLanguage\":\"en-GB\",\"@id\":\"https:\/\/skaitytaknyga.lt\/produktas\/ir-takse-devi-prada\/#primaryimage\",\"url\":\"https:\/\/skaitytaknyga.lt\/wp-content\/uploads\/2025\/10\/Ir-takse-devi-Prada-1.webp\",\"contentUrl\":\"https:\/\/skaitytaknyga.lt\/wp-content\/uploads\/2025\/10\/Ir-takse-devi-Prada-1.webp\",\"width\":300,\"height\":450,\"caption\":\"Ir taks\u0117 d\u0117vi Prada\"},{\"@type\":\"BreadcrumbList\",\"@id\":\"https:\/\/skaitytaknyga.lt\/produktas\/ir-takse-devi-prada\/#breadcrumb\",\"itemListElement\":[{\"@type\":\"ListItem\",\"position\":1,\"name\":\"Home\",\"item\":\"https:\/\/skaitytaknyga.lt\/\"},{\"@type\":\"ListItem\",\"position\":2,\"name\":\"Parduotuv\u0117\",\"item\":\"https:\/\/skaitytaknyga.lt\/knygu-parduotuve\/\"},{\"@type\":\"ListItem\",\"position\":3,\"name\":\"Ir taks\u0117 d\u0117vi Prada\"}]},{\"@type\":\"WebSite\",\"@id\":\"https:\/\/skaitytaknyga.lt\/#website\",\"url\":\"https:\/\/skaitytaknyga.lt\/\",\"name\":\"skaitytaknyga.lt\",\"description\":\"Skaitytaknyga.lt \u2013 tai ma\u017eas \u0161eimos verslas, kuris prasid\u0117jo nuo meil\u0117s knygoms ir siekio i\u0161gelb\u0117ti knygas nuo likimo prie konteinerio. Kas vienam nereikalingas daiktas \u2013 kitam lobis, o mes esame tarpininkai, kurie padeda abiems tapti laimingesniems ???? \u017dinome kaip nelengva i\u0161gyventi ma\u017eiems verslams, tad nuo \u0161iol, \u010dia rasite ir kit\u0173, ma\u017e\u0173 \u0161eim\u0173 versl\u0173, rank\u0173 darbo, dovan\u0173 sau ir artimiesiems.\",\"publisher\":{\"@id\":\"https:\/\/skaitytaknyga.lt\/#organization\"},\"potentialAction\":[{\"@type\":\"SearchAction\",\"target\":{\"@type\":\"EntryPoint\",\"urlTemplate\":\"https:\/\/skaitytaknyga.lt\/?s={search_term_string}\"},\"query-input\":{\"@type\":\"PropertyValueSpecification\",\"valueRequired\":true,\"valueName\":\"search_term_string\"}}],\"inLanguage\":\"en-GB\"},{\"@type\":\"Organization\",\"@id\":\"https:\/\/skaitytaknyga.lt\/#organization\",\"name\":\"skaitytaknyga.lt\",\"url\":\"https:\/\/skaitytaknyga.lt\/\",\"logo\":{\"@type\":\"ImageObject\",\"inLanguage\":\"en-GB\",\"@id\":\"https:\/\/skaitytaknyga.lt\/#\/schema\/logo\/image\/\",\"url\":\"https:\/\/skaitytaknyga.lt\/wp-content\/uploads\/2024\/05\/cropped-cropped-cropped-02_00843_jt3bggkj1j3HLc7SyY6rEUpg.jpeg\",\"contentUrl\":\"https:\/\/skaitytaknyga.lt\/wp-content\/uploads\/2024\/05\/cropped-cropped-cropped-02_00843_jt3bggkj1j3HLc7SyY6rEUpg.jpeg\",\"width\":1600,\"height\":1600,\"caption\":\"skaitytaknyga.lt\"},\"image\":{\"@id\":\"https:\/\/skaitytaknyga.lt\/#\/schema\/logo\/image\/\"},\"sameAs\":[\"https:\/\/www.facebook.com\/skaitytaknyga\/\"]}]}<\/script>\n<!-- \/ Yoast SEO plugin. -->","yoast_head_json":{"title":"Ir taks\u0117 d\u0117vi Prada","description":"\u201eJausmus \u017eadinanti, \u017eavi ir mielai seksuali knyga.\u201c \u2013 USA TODAY bestseleri\u0173 autor\u0117 Tawna Fenske Kaip prad\u0117ti visk\u0105 i\u0161 naujo, kai did\u017eiausia gyvenimo","robots":{"index":"index","follow":"follow","max-snippet":"max-snippet:-1","max-image-preview":"max-image-preview:large","max-video-preview":"max-video-preview:-1"},"canonical":"https:\/\/skaitytaknyga.lt\/en\/produktas\/ir-takse-devi-prada\/","og_locale":"en_GB","og_type":"article","og_title":"[:lt]Ir taks\u0117 d\u0117vi Prada[:] - Skaitytaknyga","og_description":"\u201eJausmus \u017eadinanti, \u017eavi ir mielai seksuali knyga.\u201c \u2013 USA TODAY bestseleri\u0173 autor\u0117 Tawna Fenske Kaip prad\u0117ti visk\u0105 i\u0161 naujo, kai did\u017eiausia gyvenimo","og_url":"https:\/\/skaitytaknyga.lt\/en\/produktas\/ir-takse-devi-prada\/","og_site_name":"Skaitytaknyga","article_publisher":"https:\/\/www.facebook.com\/skaitytaknyga\/","article_modified_time":"2025-10-06T08:02:51+00:00","og_image":[{"width":300,"height":450,"url":"https:\/\/skaitytaknyga.lt\/wp-content\/uploads\/2025\/10\/Ir-takse-devi-Prada-1.webp","type":"image\/webp"}],"twitter_card":"summary_large_image","twitter_misc":{"Estimated reading time":"1 minute"},"schema":{"@context":"https:\/\/schema.org","@graph":[{"@type":"WebPage","@id":"https:\/\/skaitytaknyga.lt\/produktas\/ir-takse-devi-prada\/","url":"https:\/\/skaitytaknyga.lt\/produktas\/ir-takse-devi-prada\/","name":"Ir taks\u0117 d\u0117vi Prada","isPartOf":{"@id":"https:\/\/skaitytaknyga.lt\/#website"},"primaryImageOfPage":{"@id":"https:\/\/skaitytaknyga.lt\/produktas\/ir-takse-devi-prada\/#primaryimage"},"image":{"@id":"https:\/\/skaitytaknyga.lt\/produktas\/ir-takse-devi-prada\/#primaryimage"},"thumbnailUrl":"https:\/\/skaitytaknyga.lt\/wp-content\/uploads\/2025\/10\/Ir-takse-devi-Prada-1.webp","datePublished":"2025-10-04T16:45:03+00:00","dateModified":"2025-10-06T08:02:51+00:00","description":"\u201eJausmus \u017eadinanti, \u017eavi ir mielai seksuali knyga.\u201c \u2013 USA TODAY bestseleri\u0173 autor\u0117 Tawna Fenske Kaip prad\u0117ti visk\u0105 i\u0161 naujo, kai did\u017eiausia gyvenimo","breadcrumb":{"@id":"https:\/\/skaitytaknyga.lt\/produktas\/ir-takse-devi-prada\/#breadcrumb"},"inLanguage":"en-GB","potentialAction":[{"@type":"ReadAction","target":["https:\/\/skaitytaknyga.lt\/produktas\/ir-takse-devi-prada\/"]}]},{"@type":"ImageObject","inLanguage":"en-GB","@id":"https:\/\/skaitytaknyga.lt\/produktas\/ir-takse-devi-prada\/#primaryimage","url":"https:\/\/skaitytaknyga.lt\/wp-content\/uploads\/2025\/10\/Ir-takse-devi-Prada-1.webp","contentUrl":"https:\/\/skaitytaknyga.lt\/wp-content\/uploads\/2025\/10\/Ir-takse-devi-Prada-1.webp","width":300,"height":450,"caption":"Ir taks\u0117 d\u0117vi Prada"},{"@type":"BreadcrumbList","@id":"https:\/\/skaitytaknyga.lt\/produktas\/ir-takse-devi-prada\/#breadcrumb","itemListElement":[{"@type":"ListItem","position":1,"name":"Home","item":"https:\/\/skaitytaknyga.lt\/"},{"@type":"ListItem","position":2,"name":"Parduotuv\u0117","item":"https:\/\/skaitytaknyga.lt\/knygu-parduotuve\/"},{"@type":"ListItem","position":3,"name":"Ir taks\u0117 d\u0117vi Prada"}]},{"@type":"WebSite","@id":"https:\/\/skaitytaknyga.lt\/#website","url":"https:\/\/skaitytaknyga.lt\/","name":"skaitytaknyga.lt","description":"Skaitytaknyga.lt \u2013 tai ma\u017eas \u0161eimos verslas, kuris prasid\u0117jo nuo meil\u0117s knygoms ir siekio i\u0161gelb\u0117ti knygas nuo likimo prie konteinerio. Kas vienam nereikalingas daiktas \u2013 kitam lobis, o mes esame tarpininkai, kurie padeda abiems tapti laimingesniems ???? \u017dinome kaip nelengva i\u0161gyventi ma\u017eiems verslams, tad nuo \u0161iol, \u010dia rasite ir kit\u0173, ma\u017e\u0173 \u0161eim\u0173 versl\u0173, rank\u0173 darbo, dovan\u0173 sau ir artimiesiems.","publisher":{"@id":"https:\/\/skaitytaknyga.lt\/#organization"},"potentialAction":[{"@type":"SearchAction","target":{"@type":"EntryPoint","urlTemplate":"https:\/\/skaitytaknyga.lt\/?s={search_term_string}"},"query-input":{"@type":"PropertyValueSpecification","valueRequired":true,"valueName":"search_term_string"}}],"inLanguage":"en-GB"},{"@type":"Organization","@id":"https:\/\/skaitytaknyga.lt\/#organization","name":"skaitytaknyga.lt","url":"https:\/\/skaitytaknyga.lt\/","logo":{"@type":"ImageObject","inLanguage":"en-GB","@id":"https:\/\/skaitytaknyga.lt\/#\/schema\/logo\/image\/","url":"https:\/\/skaitytaknyga.lt\/wp-content\/uploads\/2024\/05\/cropped-cropped-cropped-02_00843_jt3bggkj1j3HLc7SyY6rEUpg.jpeg","contentUrl":"https:\/\/skaitytaknyga.lt\/wp-content\/uploads\/2024\/05\/cropped-cropped-cropped-02_00843_jt3bggkj1j3HLc7SyY6rEUpg.jpeg","width":1600,"height":1600,"caption":"skaitytaknyga.lt"},"image":{"@id":"https:\/\/skaitytaknyga.lt\/#\/schema\/logo\/image\/"},"sameAs":["https:\/\/www.facebook.com\/skaitytaknyga\/"]}]}},"_links":{"self":[{"href":"https:\/\/skaitytaknyga.lt\/en\/wp-json\/wp\/v2\/product\/21236","targetHints":{"allow":["GET"]}}],"collection":[{"href":"https:\/\/skaitytaknyga.lt\/en\/wp-json\/wp\/v2\/product"}],"about":[{"href":"https:\/\/skaitytaknyga.lt\/en\/wp-json\/wp\/v2\/types\/product"}],"replies":[{"embeddable":true,"href":"https:\/\/skaitytaknyga.lt\/en\/wp-json\/wp\/v2\/comments?post=21236"}],"wp:featuredmedia":[{"embeddable":true,"href":"https:\/\/skaitytaknyga.lt\/en\/wp-json\/wp\/v2\/media\/21241"}],"wp:attachment":[{"href":"https:\/\/skaitytaknyga.lt\/en\/wp-json\/wp\/v2\/media?parent=21236"}],"wp:term":[{"taxonomy":"product_brand","embeddable":true,"href":"https:\/\/skaitytaknyga.lt\/en\/wp-json\/wp\/v2\/product_brand?post=21236"},{"taxonomy":"product_cat","embeddable":true,"href":"https:\/\/skaitytaknyga.lt\/en\/wp-json\/wp\/v2\/product_cat?post=21236"},{"taxonomy":"product_tag","embeddable":true,"href":"https:\/\/skaitytaknyga.lt\/en\/wp-json\/wp\/v2\/product_tag?post=21236"}],"curies":[{"name":"wp","href":"https:\/\/api.w.org\/{rel}","templated":true}]}}