{"id":21234,"date":"2025-10-04T19:45:03","date_gmt":"2025-10-04T16:45:03","guid":{"rendered":"https:\/\/skaitytaknyga.lt\/?post_type=product&#038;p=21234"},"modified":"2026-02-26T10:10:27","modified_gmt":"2026-02-26T08:10:27","slug":"monsinjoras-kazimieras-vasiliauskas-sviesi-vilties-zvaigzde","status":"publish","type":"product","link":"https:\/\/skaitytaknyga.lt\/en\/produktas\/monsinjoras-kazimieras-vasiliauskas-sviesi-vilties-zvaigzde\/","title":{"rendered":"Monsinjoras Kazimieras Vasiliauskas. \u0160viesi vilties \u017evaig\u017ed\u0117"},"content":{"rendered":"<p>\u0160ioje knygoje \u2013 \u0161viesios atminties monsinjoro K. Vasiliausko pamokslai, sakyti 1982\u20131990 m. \u012fvairiose ba\u017eny\u010diose \u012fvairi\u0173 \u0161ven\u010di\u0173, jubiliej\u0173 ir kt. progomis.<\/p>\n","protected":false},"excerpt":{"rendered":"<p>\u0160ioje knygoje \u2013 \u0161viesios atminties monsinjoro K. Vasiliausko pamokslai, sakyti 1982\u20131990 m. \u012fvairiose ba\u017eny\u010diose \u012fvairi\u0173 \u0161ven\u010di\u0173, jubiliej\u0173 ir kt. progomis.<\/p>\n","protected":false},"featured_media":21239,"comment_status":"open","ping_status":"closed","template":"","meta":{"_acf_changed":false,"site-sidebar-layout":"default","site-content-layout":"","ast-site-content-layout":"default","site-content-style":"default","site-sidebar-style":"default","ast-global-header-display":"","ast-banner-title-visibility":"","ast-main-header-display":"","ast-hfb-above-header-display":"","ast-hfb-below-header-display":"","ast-hfb-mobile-header-display":"","site-post-title":"","ast-breadcrumbs-content":"","ast-featured-img":"","footer-sml-layout":"","ast-disable-related-posts":"","theme-transparent-header-meta":"","adv-header-id-meta":"","stick-header-meta":"","header-above-stick-meta":"","header-main-stick-meta":"","header-below-stick-meta":"","astra-migrate-meta-layouts":"default","ast-page-background-enabled":"default","ast-page-background-meta":{"desktop":{"background-color":"","background-image":"","background-repeat":"repeat","background-position":"center center","background-size":"auto","background-attachment":"scroll","background-type":"","background-media":"","overlay-type":"","overlay-color":"","overlay-opacity":"","overlay-gradient":""},"tablet":{"background-color":"","background-image":"","background-repeat":"repeat","background-position":"center center","background-size":"auto","background-attachment":"scroll","background-type":"","background-media":"","overlay-type":"","overlay-color":"","overlay-opacity":"","overlay-gradient":""},"mobile":{"background-color":"","background-image":"","background-repeat":"repeat","background-position":"center center","background-size":"auto","background-attachment":"scroll","background-type":"","background-media":"","overlay-type":"","overlay-color":"","overlay-opacity":"","overlay-gradient":""}},"ast-content-background-meta":{"desktop":{"background-color":"var(--ast-global-color-4)","background-image":"","background-repeat":"repeat","background-position":"center center","background-size":"auto","background-attachment":"scroll","background-type":"","background-media":"","overlay-type":"","overlay-color":"","overlay-opacity":"","overlay-gradient":""},"tablet":{"background-color":"var(--ast-global-color-4)","background-image":"","background-repeat":"repeat","background-position":"center center","background-size":"auto","background-attachment":"scroll","background-type":"","background-media":"","overlay-type":"","overlay-color":"","overlay-opacity":"","overlay-gradient":""},"mobile":{"background-color":"var(--ast-global-color-4)","background-image":"","background-repeat":"repeat","background-position":"center center","background-size":"auto","background-attachment":"scroll","background-type":"","background-media":"","overlay-type":"","overlay-color":"","overlay-opacity":"","overlay-gradient":""}}},"product_brand":[],"product_cat":[165],"product_tag":[2972,1942,8368,3915,1581,2034],"class_list":{"0":"post-21234","1":"product","2":"type-product","3":"status-publish","4":"has-post-thumbnail","6":"product_cat-religija-filosofija-ir-ezoterika","7":"product_tag-kazimieras-vasiliauskas","8":"product_tag-krikscionybe","9":"product_tag-lietuviu-dvasine-literatura","10":"product_tag-pamokslai","11":"product_tag-tikejimas","12":"product_tag-viltis","13":"desktop-align-left","14":"tablet-align-left","15":"mobile-align-left","17":"first","18":"instock","19":"shipping-taxable","20":"purchasable","21":"product-type-simple"},"acf":[],"yoast_head":"<!-- This site is optimized with the Yoast SEO plugin v27.0 - https:\/\/yoast.com\/product\/yoast-seo-wordpress\/ -->\n<title>Monsinjoras Kazimieras Vasiliauskas. \u0160viesi vilties \u017evaig\u017ed\u0117<\/title>\n<meta name=\"description\" content=\"\u0160ioje knygoje \u2013 \u0161viesios atminties monsinjoro K. Vasiliausko pamokslai, sakyti 1982\u20131990 m. \u012fvairiose ba\u017eny\u010diose \u012fvairi\u0173 \u0161ven\u010di\u0173, jubiliej\u0173 ir kt. progomis.\" \/>\n<meta name=\"robots\" content=\"index, follow, max-snippet:-1, max-image-preview:large, max-video-preview:-1\" \/>\n<link rel=\"canonical\" href=\"https:\/\/skaitytaknyga.lt\/en\/produktas\/monsinjoras-kazimieras-vasiliauskas-sviesi-vilties-zvaigzde\/\" \/>\n<meta property=\"og:locale\" content=\"en_GB\" \/>\n<meta property=\"og:locale:alternate\" content=\"lt_LT\" \/>\n<meta property=\"og:type\" content=\"article\" \/>\n<meta property=\"og:title\" content=\"Monsinjoras Kazimieras Vasiliauskas. \u0160viesi vilties \u017evaig\u017ed\u0117\" \/>\n<meta property=\"og:description\" content=\"\u0160ioje knygoje \u2013 \u0161viesios atminties monsinjoro K. Vasiliausko pamokslai, sakyti 1982\u20131990 m. \u012fvairiose ba\u017eny\u010diose \u012fvairi\u0173 \u0161ven\u010di\u0173, jubiliej\u0173 ir kt. progomis.\" \/>\n<meta property=\"og:url\" content=\"https:\/\/skaitytaknyga.lt\/en\/produktas\/monsinjoras-kazimieras-vasiliauskas-sviesi-vilties-zvaigzde\/\" \/>\n<meta property=\"og:site_name\" content=\"Skaitytaknyga\" \/>\n<meta property=\"article:publisher\" content=\"https:\/\/www.facebook.com\/skaitytaknyga\/\" \/>\n<meta property=\"article:modified_time\" content=\"2026-02-26T08:10:27+00:00\" \/>\n<meta property=\"og:image\" content=\"https:\/\/skaitytaknyga.lt\/wp-content\/uploads\/2025\/10\/Monsinjoras-Kazimieras-Vasiliauskas.-Sviesi-vilties-zvaigzde-1.webp\" \/>\n\t<meta property=\"og:image:width\" content=\"300\" \/>\n\t<meta property=\"og:image:height\" content=\"492\" \/>\n\t<meta property=\"og:image:type\" content=\"image\/webp\" \/>\n<meta name=\"twitter:card\" content=\"summary_large_image\" \/>\n<script type=\"application\/ld+json\" class=\"yoast-schema-graph\">{\"@context\":\"https:\/\/schema.org\",\"@graph\":[{\"@type\":\"WebPage\",\"@id\":\"https:\/\/skaitytaknyga.lt\/produktas\/monsinjoras-kazimieras-vasiliauskas-sviesi-vilties-zvaigzde\/\",\"url\":\"https:\/\/skaitytaknyga.lt\/produktas\/monsinjoras-kazimieras-vasiliauskas-sviesi-vilties-zvaigzde\/\",\"name\":\"Monsinjoras Kazimieras Vasiliauskas. \u0160viesi vilties \u017evaig\u017ed\u0117\",\"isPartOf\":{\"@id\":\"https:\/\/skaitytaknyga.lt\/#website\"},\"primaryImageOfPage\":{\"@id\":\"https:\/\/skaitytaknyga.lt\/produktas\/monsinjoras-kazimieras-vasiliauskas-sviesi-vilties-zvaigzde\/#primaryimage\"},\"image\":{\"@id\":\"https:\/\/skaitytaknyga.lt\/produktas\/monsinjoras-kazimieras-vasiliauskas-sviesi-vilties-zvaigzde\/#primaryimage\"},\"thumbnailUrl\":\"https:\/\/skaitytaknyga.lt\/wp-content\/uploads\/2025\/10\/Monsinjoras-Kazimieras-Vasiliauskas.-Sviesi-vilties-zvaigzde-1.webp\",\"datePublished\":\"2025-10-04T16:45:03+00:00\",\"dateModified\":\"2026-02-26T08:10:27+00:00\",\"description\":\"\u0160ioje knygoje \u2013 \u0161viesios atminties monsinjoro K. Vasiliausko pamokslai, sakyti 1982\u20131990 m. \u012fvairiose ba\u017eny\u010diose \u012fvairi\u0173 \u0161ven\u010di\u0173, jubiliej\u0173 ir kt. progomis.\",\"breadcrumb\":{\"@id\":\"https:\/\/skaitytaknyga.lt\/produktas\/monsinjoras-kazimieras-vasiliauskas-sviesi-vilties-zvaigzde\/#breadcrumb\"},\"inLanguage\":\"en-GB\",\"potentialAction\":[{\"@type\":\"ReadAction\",\"target\":[\"https:\/\/skaitytaknyga.lt\/produktas\/monsinjoras-kazimieras-vasiliauskas-sviesi-vilties-zvaigzde\/\"]}]},{\"@type\":\"ImageObject\",\"inLanguage\":\"en-GB\",\"@id\":\"https:\/\/skaitytaknyga.lt\/produktas\/monsinjoras-kazimieras-vasiliauskas-sviesi-vilties-zvaigzde\/#primaryimage\",\"url\":\"https:\/\/skaitytaknyga.lt\/wp-content\/uploads\/2025\/10\/Monsinjoras-Kazimieras-Vasiliauskas.-Sviesi-vilties-zvaigzde-1.webp\",\"contentUrl\":\"https:\/\/skaitytaknyga.lt\/wp-content\/uploads\/2025\/10\/Monsinjoras-Kazimieras-Vasiliauskas.-Sviesi-vilties-zvaigzde-1.webp\",\"width\":300,\"height\":492,\"caption\":\"Monsinjoras Kazimieras Vasiliauskas. \u0160viesi vilties \u017evaig\u017ed\u0117\"},{\"@type\":\"BreadcrumbList\",\"@id\":\"https:\/\/skaitytaknyga.lt\/produktas\/monsinjoras-kazimieras-vasiliauskas-sviesi-vilties-zvaigzde\/#breadcrumb\",\"itemListElement\":[{\"@type\":\"ListItem\",\"position\":1,\"name\":\"Home\",\"item\":\"https:\/\/skaitytaknyga.lt\/\"},{\"@type\":\"ListItem\",\"position\":2,\"name\":\"Parduotuv\u0117\",\"item\":\"https:\/\/skaitytaknyga.lt\/knygu-parduotuve\/\"},{\"@type\":\"ListItem\",\"position\":3,\"name\":\"Monsinjoras Kazimieras Vasiliauskas. \u0160viesi vilties \u017evaig\u017ed\u0117\"}]},{\"@type\":\"WebSite\",\"@id\":\"https:\/\/skaitytaknyga.lt\/#website\",\"url\":\"https:\/\/skaitytaknyga.lt\/\",\"name\":\"skaitytaknyga.lt\",\"description\":\"Skaitytaknyga.lt \u2013 tai ma\u017eas \u0161eimos verslas, kuris prasid\u0117jo nuo meil\u0117s knygoms ir siekio i\u0161gelb\u0117ti knygas nuo likimo prie konteinerio. Kas vienam nereikalingas daiktas \u2013 kitam lobis, o mes esame tarpininkai, kurie padeda abiems tapti laimingesniems ???? \u017dinome kaip nelengva i\u0161gyventi ma\u017eiems verslams, tad nuo \u0161iol, \u010dia rasite ir kit\u0173, ma\u017e\u0173 \u0161eim\u0173 versl\u0173, rank\u0173 darbo, dovan\u0173 sau ir artimiesiems.\",\"publisher\":{\"@id\":\"https:\/\/skaitytaknyga.lt\/#organization\"},\"potentialAction\":[{\"@type\":\"SearchAction\",\"target\":{\"@type\":\"EntryPoint\",\"urlTemplate\":\"https:\/\/skaitytaknyga.lt\/?s={search_term_string}\"},\"query-input\":{\"@type\":\"PropertyValueSpecification\",\"valueRequired\":true,\"valueName\":\"search_term_string\"}}],\"inLanguage\":\"en-GB\"},{\"@type\":\"Organization\",\"@id\":\"https:\/\/skaitytaknyga.lt\/#organization\",\"name\":\"skaitytaknyga.lt\",\"url\":\"https:\/\/skaitytaknyga.lt\/\",\"logo\":{\"@type\":\"ImageObject\",\"inLanguage\":\"en-GB\",\"@id\":\"https:\/\/skaitytaknyga.lt\/#\/schema\/logo\/image\/\",\"url\":\"https:\/\/skaitytaknyga.lt\/wp-content\/uploads\/2024\/05\/cropped-cropped-cropped-02_00843_jt3bggkj1j3HLc7SyY6rEUpg.jpeg\",\"contentUrl\":\"https:\/\/skaitytaknyga.lt\/wp-content\/uploads\/2024\/05\/cropped-cropped-cropped-02_00843_jt3bggkj1j3HLc7SyY6rEUpg.jpeg\",\"width\":1600,\"height\":1600,\"caption\":\"skaitytaknyga.lt\"},\"image\":{\"@id\":\"https:\/\/skaitytaknyga.lt\/#\/schema\/logo\/image\/\"},\"sameAs\":[\"https:\/\/www.facebook.com\/skaitytaknyga\/\"]}]}<\/script>\n<!-- \/ Yoast SEO plugin. -->","yoast_head_json":{"title":"Monsinjoras Kazimieras Vasiliauskas. \u0160viesi vilties \u017evaig\u017ed\u0117","description":"\u0160ioje knygoje \u2013 \u0161viesios atminties monsinjoro K. Vasiliausko pamokslai, sakyti 1982\u20131990 m. \u012fvairiose ba\u017eny\u010diose \u012fvairi\u0173 \u0161ven\u010di\u0173, jubiliej\u0173 ir kt. progomis.","robots":{"index":"index","follow":"follow","max-snippet":"max-snippet:-1","max-image-preview":"max-image-preview:large","max-video-preview":"max-video-preview:-1"},"canonical":"https:\/\/skaitytaknyga.lt\/en\/produktas\/monsinjoras-kazimieras-vasiliauskas-sviesi-vilties-zvaigzde\/","og_locale":"en_GB","og_type":"article","og_title":"[:lt]Monsinjoras Kazimieras Vasiliauskas. \u0160viesi vilties \u017evaig\u017ed\u0117[:] - Skaitytaknyga","og_description":"\u0160ioje knygoje \u2013 \u0161viesios atminties monsinjoro K. Vasiliausko pamokslai, sakyti 1982\u20131990 m. \u012fvairiose ba\u017eny\u010diose \u012fvairi\u0173 \u0161ven\u010di\u0173, jubiliej\u0173 ir kt. progomis.","og_url":"https:\/\/skaitytaknyga.lt\/en\/produktas\/monsinjoras-kazimieras-vasiliauskas-sviesi-vilties-zvaigzde\/","og_site_name":"Skaitytaknyga","article_publisher":"https:\/\/www.facebook.com\/skaitytaknyga\/","article_modified_time":"2026-02-26T08:10:27+00:00","og_image":[{"width":300,"height":492,"url":"https:\/\/skaitytaknyga.lt\/wp-content\/uploads\/2025\/10\/Monsinjoras-Kazimieras-Vasiliauskas.-Sviesi-vilties-zvaigzde-1.webp","type":"image\/webp"}],"twitter_card":"summary_large_image","schema":{"@context":"https:\/\/schema.org","@graph":[{"@type":"WebPage","@id":"https:\/\/skaitytaknyga.lt\/produktas\/monsinjoras-kazimieras-vasiliauskas-sviesi-vilties-zvaigzde\/","url":"https:\/\/skaitytaknyga.lt\/produktas\/monsinjoras-kazimieras-vasiliauskas-sviesi-vilties-zvaigzde\/","name":"Monsinjoras Kazimieras Vasiliauskas. \u0160viesi vilties \u017evaig\u017ed\u0117","isPartOf":{"@id":"https:\/\/skaitytaknyga.lt\/#website"},"primaryImageOfPage":{"@id":"https:\/\/skaitytaknyga.lt\/produktas\/monsinjoras-kazimieras-vasiliauskas-sviesi-vilties-zvaigzde\/#primaryimage"},"image":{"@id":"https:\/\/skaitytaknyga.lt\/produktas\/monsinjoras-kazimieras-vasiliauskas-sviesi-vilties-zvaigzde\/#primaryimage"},"thumbnailUrl":"https:\/\/skaitytaknyga.lt\/wp-content\/uploads\/2025\/10\/Monsinjoras-Kazimieras-Vasiliauskas.-Sviesi-vilties-zvaigzde-1.webp","datePublished":"2025-10-04T16:45:03+00:00","dateModified":"2026-02-26T08:10:27+00:00","description":"\u0160ioje knygoje \u2013 \u0161viesios atminties monsinjoro K. Vasiliausko pamokslai, sakyti 1982\u20131990 m. \u012fvairiose ba\u017eny\u010diose \u012fvairi\u0173 \u0161ven\u010di\u0173, jubiliej\u0173 ir kt. progomis.","breadcrumb":{"@id":"https:\/\/skaitytaknyga.lt\/produktas\/monsinjoras-kazimieras-vasiliauskas-sviesi-vilties-zvaigzde\/#breadcrumb"},"inLanguage":"en-GB","potentialAction":[{"@type":"ReadAction","target":["https:\/\/skaitytaknyga.lt\/produktas\/monsinjoras-kazimieras-vasiliauskas-sviesi-vilties-zvaigzde\/"]}]},{"@type":"ImageObject","inLanguage":"en-GB","@id":"https:\/\/skaitytaknyga.lt\/produktas\/monsinjoras-kazimieras-vasiliauskas-sviesi-vilties-zvaigzde\/#primaryimage","url":"https:\/\/skaitytaknyga.lt\/wp-content\/uploads\/2025\/10\/Monsinjoras-Kazimieras-Vasiliauskas.-Sviesi-vilties-zvaigzde-1.webp","contentUrl":"https:\/\/skaitytaknyga.lt\/wp-content\/uploads\/2025\/10\/Monsinjoras-Kazimieras-Vasiliauskas.-Sviesi-vilties-zvaigzde-1.webp","width":300,"height":492,"caption":"Monsinjoras Kazimieras Vasiliauskas. \u0160viesi vilties \u017evaig\u017ed\u0117"},{"@type":"BreadcrumbList","@id":"https:\/\/skaitytaknyga.lt\/produktas\/monsinjoras-kazimieras-vasiliauskas-sviesi-vilties-zvaigzde\/#breadcrumb","itemListElement":[{"@type":"ListItem","position":1,"name":"Home","item":"https:\/\/skaitytaknyga.lt\/"},{"@type":"ListItem","position":2,"name":"Parduotuv\u0117","item":"https:\/\/skaitytaknyga.lt\/knygu-parduotuve\/"},{"@type":"ListItem","position":3,"name":"Monsinjoras Kazimieras Vasiliauskas. \u0160viesi vilties \u017evaig\u017ed\u0117"}]},{"@type":"WebSite","@id":"https:\/\/skaitytaknyga.lt\/#website","url":"https:\/\/skaitytaknyga.lt\/","name":"skaitytaknyga.lt","description":"Skaitytaknyga.lt \u2013 tai ma\u017eas \u0161eimos verslas, kuris prasid\u0117jo nuo meil\u0117s knygoms ir siekio i\u0161gelb\u0117ti knygas nuo likimo prie konteinerio. Kas vienam nereikalingas daiktas \u2013 kitam lobis, o mes esame tarpininkai, kurie padeda abiems tapti laimingesniems ???? \u017dinome kaip nelengva i\u0161gyventi ma\u017eiems verslams, tad nuo \u0161iol, \u010dia rasite ir kit\u0173, ma\u017e\u0173 \u0161eim\u0173 versl\u0173, rank\u0173 darbo, dovan\u0173 sau ir artimiesiems.","publisher":{"@id":"https:\/\/skaitytaknyga.lt\/#organization"},"potentialAction":[{"@type":"SearchAction","target":{"@type":"EntryPoint","urlTemplate":"https:\/\/skaitytaknyga.lt\/?s={search_term_string}"},"query-input":{"@type":"PropertyValueSpecification","valueRequired":true,"valueName":"search_term_string"}}],"inLanguage":"en-GB"},{"@type":"Organization","@id":"https:\/\/skaitytaknyga.lt\/#organization","name":"skaitytaknyga.lt","url":"https:\/\/skaitytaknyga.lt\/","logo":{"@type":"ImageObject","inLanguage":"en-GB","@id":"https:\/\/skaitytaknyga.lt\/#\/schema\/logo\/image\/","url":"https:\/\/skaitytaknyga.lt\/wp-content\/uploads\/2024\/05\/cropped-cropped-cropped-02_00843_jt3bggkj1j3HLc7SyY6rEUpg.jpeg","contentUrl":"https:\/\/skaitytaknyga.lt\/wp-content\/uploads\/2024\/05\/cropped-cropped-cropped-02_00843_jt3bggkj1j3HLc7SyY6rEUpg.jpeg","width":1600,"height":1600,"caption":"skaitytaknyga.lt"},"image":{"@id":"https:\/\/skaitytaknyga.lt\/#\/schema\/logo\/image\/"},"sameAs":["https:\/\/www.facebook.com\/skaitytaknyga\/"]}]}},"_links":{"self":[{"href":"https:\/\/skaitytaknyga.lt\/en\/wp-json\/wp\/v2\/product\/21234","targetHints":{"allow":["GET"]}}],"collection":[{"href":"https:\/\/skaitytaknyga.lt\/en\/wp-json\/wp\/v2\/product"}],"about":[{"href":"https:\/\/skaitytaknyga.lt\/en\/wp-json\/wp\/v2\/types\/product"}],"replies":[{"embeddable":true,"href":"https:\/\/skaitytaknyga.lt\/en\/wp-json\/wp\/v2\/comments?post=21234"}],"wp:featuredmedia":[{"embeddable":true,"href":"https:\/\/skaitytaknyga.lt\/en\/wp-json\/wp\/v2\/media\/21239"}],"wp:attachment":[{"href":"https:\/\/skaitytaknyga.lt\/en\/wp-json\/wp\/v2\/media?parent=21234"}],"wp:term":[{"taxonomy":"product_brand","embeddable":true,"href":"https:\/\/skaitytaknyga.lt\/en\/wp-json\/wp\/v2\/product_brand?post=21234"},{"taxonomy":"product_cat","embeddable":true,"href":"https:\/\/skaitytaknyga.lt\/en\/wp-json\/wp\/v2\/product_cat?post=21234"},{"taxonomy":"product_tag","embeddable":true,"href":"https:\/\/skaitytaknyga.lt\/en\/wp-json\/wp\/v2\/product_tag?post=21234"}],"curies":[{"name":"wp","href":"https:\/\/api.w.org\/{rel}","templated":true}]}}