{"id":21228,"date":"2025-10-04T19:33:43","date_gmt":"2025-10-04T16:33:43","guid":{"rendered":"https:\/\/skaitytaknyga.lt\/?post_type=product&#038;p=21228"},"modified":"2025-10-06T11:02:51","modified_gmt":"2025-10-06T08:02:51","slug":"kitu-salis","status":"publish","type":"product","link":"https:\/\/skaitytaknyga.lt\/en\/produktas\/kitu-salis\/","title":{"rendered":"Kit\u0173 \u0161alis"},"content":{"rendered":"<p>1944-aisiais elzasiet\u0117 pamilsta marokiet\u012f, pranc\u016bz\u0173 dalinio kar\u012f, ir jaunoji pora i\u0161vyksta \u012f Maroko naujakuri\u0173 miest\u0105 Meknes\u0105. Kol Aminas bando \u012fdirbti akmening\u0105 ir bevais\u012f \u017eem\u0117s sklyp\u0105, prisl\u0117gta Matilda per dien\u0173 dienas su dviem vaikais tvarkosi atkampiame \u016bkyje. Jaun\u0105 moter\u012f trikdo vietini\u0173 nepasitik\u0117jimas, j\u0105 kamuoja pinig\u0173 stygius ir bl\u0117stantis vyro d\u0117mesys. I\u0161 t\u0117v\u0173 nam\u0173 patekusi \u012f sutuoktinio namus Matilda netapo nei labiau nepriklausoma, nei \u012ftakingesn\u0117. O jis, deja, neturi nei laiko, nei geb\u0117jim\u0173 j\u0105 paguosti.<\/p>\n<p>Ar i\u0161 esm\u0117s svetimas pasaulis gali tapti savas? Ar atsipirks poros tri\u016bsas? Ar pavyks susvetim\u0117jusiems \u017emon\u0117ms atgaivinti meil\u0119?<\/p>\n<p>Visi \u0161io romano veik\u0117jai gyvena \u201ekit\u0173 \u0161alyje&#8221; \u2013 kolonistai ir vietiniai, kariai ir \u017eemdirbiai. O ypa\u010d moterys, vyr\u0173 \u0161alyje be paliovos ie\u0161kan\u010dios sau vietos. Talentingoji romanist\u0117 \u0161ioje margoje freskoje atkuria epochos \u012ftampas su did\u017eiule empatija, tiksliai ir subtiliai pasakodama veik\u0117j\u0173 istorijas.<\/p>\n<p>Romane \u201eKit\u0173 \u0161alis&#8221; (Les pays des autres) Le\u00efla Slimani, per\u017eengdama epochas ir \u0161ali\u0173 sienas, pasakoja savo \u0161eimos istorij\u0105. 2020 m. liepos 2-\u0105j\u0105 L. Slimani u\u017e \u0161\u012f roman\u0105 buvo apdovanota Did\u017eiuoju Madam Figaro prizu (Le Grand Prix de l&#8217;H\u00e9ro\u00efne Madame Figaro 2020).<\/p>\n","protected":false},"excerpt":{"rendered":"<p>1944-aisiais elzasiet\u0117 pamilsta marokiet\u012f, pranc\u016bz\u0173 dalinio kar\u012f, ir jaunoji pora i\u0161vyksta \u012f Maroko naujakuri\u0173 miest\u0105 Meknes\u0105. Kol Aminas bando \u012fdirbti akmening\u0105 ir bevais\u012f \u017eem\u0117s sklyp\u0105, prisl\u0117gta Matilda per dien\u0173 dienas su dviem vaikais tvarkosi atkampiame \u016bkyje. Jaun\u0105 moter\u012f trikdo vietini\u0173 nepasitik\u0117jimas, j\u0105 kamuoja pinig\u0173 stygius ir bl\u0117stantis vyro d\u0117mesys. I\u0161 t\u0117v\u0173 nam\u0173 patekusi \u012f sutuoktinio namus Matilda netapo nei labiau nepriklausoma, nei \u012ftakingesn\u0117. O jis, deja, neturi nei laiko, nei geb\u0117jim\u0173 j\u0105 paguosti. Ar i\u0161 esm\u0117s svetimas pasaulis gali tapti savas? Ar atsipirks poros tri\u016bsas? Ar pavyks susvetim\u0117jusiems \u017emon\u0117ms atgaivinti meil\u0119? Visi \u0161io romano veik\u0117jai gyvena \u201ekit\u0173 \u0161alyje&#8221; \u2013 kolonistai ir vietiniai, kariai ir \u017eemdirbiai. O ypa\u010d moterys, vyr\u0173 \u0161alyje be paliovos ie\u0161kan\u010dios sau vietos. Talentingoji romanist\u0117 \u0161ioje margoje freskoje atkuria epochos \u012ftampas su did\u017eiule empatija, tiksliai ir subtiliai pasakodama veik\u0117j\u0173 istorijas. Romane \u201eKit\u0173 \u0161alis&#8221; (Les pays des autres) Le\u00efla Slimani, per\u017eengdama epochas ir \u0161ali\u0173 sienas, pasakoja savo \u0161eimos istorij\u0105. 2020 m. liepos 2-\u0105j\u0105 L. Slimani u\u017e \u0161\u012f roman\u0105 buvo apdovanota Did\u017eiuoju Madam Figaro prizu (Le Grand Prix de l&#8217;H\u00e9ro\u00efne Madame Figaro 2020).<\/p>\n","protected":false},"featured_media":21233,"comment_status":"open","ping_status":"closed","template":"","meta":{"_acf_changed":false,"site-sidebar-layout":"default","site-content-layout":"","ast-site-content-layout":"default","site-content-style":"default","site-sidebar-style":"default","ast-global-header-display":"","ast-banner-title-visibility":"","ast-main-header-display":"","ast-hfb-above-header-display":"","ast-hfb-below-header-display":"","ast-hfb-mobile-header-display":"","site-post-title":"","ast-breadcrumbs-content":"","ast-featured-img":"","footer-sml-layout":"","ast-disable-related-posts":"","theme-transparent-header-meta":"","adv-header-id-meta":"","stick-header-meta":"","header-above-stick-meta":"","header-main-stick-meta":"","header-below-stick-meta":"","astra-migrate-meta-layouts":"default","ast-page-background-enabled":"default","ast-page-background-meta":{"desktop":{"background-color":"","background-image":"","background-repeat":"repeat","background-position":"center center","background-size":"auto","background-attachment":"scroll","background-type":"","background-media":"","overlay-type":"","overlay-color":"","overlay-opacity":"","overlay-gradient":""},"tablet":{"background-color":"","background-image":"","background-repeat":"repeat","background-position":"center center","background-size":"auto","background-attachment":"scroll","background-type":"","background-media":"","overlay-type":"","overlay-color":"","overlay-opacity":"","overlay-gradient":""},"mobile":{"background-color":"","background-image":"","background-repeat":"repeat","background-position":"center center","background-size":"auto","background-attachment":"scroll","background-type":"","background-media":"","overlay-type":"","overlay-color":"","overlay-opacity":"","overlay-gradient":""}},"ast-content-background-meta":{"desktop":{"background-color":"var(--ast-global-color-4)","background-image":"","background-repeat":"repeat","background-position":"center center","background-size":"auto","background-attachment":"scroll","background-type":"","background-media":"","overlay-type":"","overlay-color":"","overlay-opacity":"","overlay-gradient":""},"tablet":{"background-color":"var(--ast-global-color-4)","background-image":"","background-repeat":"repeat","background-position":"center center","background-size":"auto","background-attachment":"scroll","background-type":"","background-media":"","overlay-type":"","overlay-color":"","overlay-opacity":"","overlay-gradient":""},"mobile":{"background-color":"var(--ast-global-color-4)","background-image":"","background-repeat":"repeat","background-position":"center center","background-size":"auto","background-attachment":"scroll","background-type":"","background-media":"","overlay-type":"","overlay-color":"","overlay-opacity":"","overlay-gradient":""}}},"product_brand":[],"product_cat":[31],"product_tag":[3037,8367,8365,8366,1748,2582,2831,1745],"class_list":{"0":"post-21228","1":"product","2":"type-product","3":"status-publish","4":"has-post-thumbnail","6":"product_cat-grozine-literatura","7":"product_tag-istorine-proza","8":"product_tag-kolonializmas","9":"product_tag-leila-slimani","10":"product_tag-marokas","11":"product_tag-meiles-istorija","12":"product_tag-moterys","13":"product_tag-prancuzija","14":"product_tag-romanas","15":"desktop-align-left","16":"tablet-align-left","17":"mobile-align-left","19":"first","20":"instock","21":"shipping-taxable","22":"purchasable","23":"product-type-simple"},"acf":[],"yoast_head":"<!-- This site is optimized with the Yoast SEO plugin v27.4 - https:\/\/yoast.com\/product\/yoast-seo-wordpress\/ -->\n<title>Kit\u0173 \u0161alis<\/title>\n<meta name=\"description\" content=\"1944-aisiais elzasiet\u0117 pamilsta marokiet\u012f, pranc\u016bz\u0173 dalinio kar\u012f, ir jaunoji pora i\u0161vyksta \u012f Maroko naujakuri\u0173 miest\u0105 Meknes\u0105. Kol Aminas bando \u012fdirbti\" \/>\n<meta name=\"robots\" content=\"index, follow, max-snippet:-1, max-image-preview:large, max-video-preview:-1\" \/>\n<link rel=\"canonical\" href=\"https:\/\/skaitytaknyga.lt\/en\/produktas\/kitu-salis\/\" \/>\n<meta property=\"og:locale\" content=\"en_GB\" \/>\n<meta property=\"og:locale:alternate\" content=\"lt_LT\" \/>\n<meta property=\"og:type\" content=\"article\" \/>\n<meta property=\"og:title\" content=\"Kit\u0173 \u0161alis\" \/>\n<meta property=\"og:description\" content=\"1944-aisiais elzasiet\u0117 pamilsta marokiet\u012f, pranc\u016bz\u0173 dalinio kar\u012f, ir jaunoji pora i\u0161vyksta \u012f Maroko naujakuri\u0173 miest\u0105 Meknes\u0105. Kol Aminas bando \u012fdirbti\" \/>\n<meta property=\"og:url\" content=\"https:\/\/skaitytaknyga.lt\/en\/produktas\/kitu-salis\/\" \/>\n<meta property=\"og:site_name\" content=\"Skaitytaknyga\" \/>\n<meta property=\"article:publisher\" content=\"https:\/\/www.facebook.com\/skaitytaknyga\/\" \/>\n<meta property=\"article:modified_time\" content=\"2025-10-06T08:02:51+00:00\" \/>\n<meta property=\"og:image\" content=\"https:\/\/skaitytaknyga.lt\/wp-content\/uploads\/2025\/10\/Kitu-salis-1.webp\" \/>\n\t<meta property=\"og:image:width\" content=\"300\" \/>\n\t<meta property=\"og:image:height\" content=\"450\" \/>\n\t<meta property=\"og:image:type\" content=\"image\/webp\" \/>\n<meta name=\"twitter:card\" content=\"summary_large_image\" \/>\n<meta name=\"twitter:label1\" content=\"Estimated reading time\" \/>\n\t<meta name=\"twitter:data1\" content=\"1 minute\" \/>\n<script type=\"application\/ld+json\" class=\"yoast-schema-graph\">{\"@context\":\"https:\\\/\\\/schema.org\",\"@graph\":[{\"@type\":\"WebPage\",\"@id\":\"https:\\\/\\\/skaitytaknyga.lt\\\/produktas\\\/kitu-salis\\\/\",\"url\":\"https:\\\/\\\/skaitytaknyga.lt\\\/produktas\\\/kitu-salis\\\/\",\"name\":\"Kit\u0173 \u0161alis\",\"isPartOf\":{\"@id\":\"https:\\\/\\\/skaitytaknyga.lt\\\/#website\"},\"primaryImageOfPage\":{\"@id\":\"https:\\\/\\\/skaitytaknyga.lt\\\/produktas\\\/kitu-salis\\\/#primaryimage\"},\"image\":{\"@id\":\"https:\\\/\\\/skaitytaknyga.lt\\\/produktas\\\/kitu-salis\\\/#primaryimage\"},\"thumbnailUrl\":\"https:\\\/\\\/skaitytaknyga.lt\\\/wp-content\\\/uploads\\\/2025\\\/10\\\/Kitu-salis-1.webp\",\"datePublished\":\"2025-10-04T16:33:43+00:00\",\"dateModified\":\"2025-10-06T08:02:51+00:00\",\"description\":\"1944-aisiais elzasiet\u0117 pamilsta marokiet\u012f, pranc\u016bz\u0173 dalinio kar\u012f, ir jaunoji pora i\u0161vyksta \u012f Maroko naujakuri\u0173 miest\u0105 Meknes\u0105. Kol Aminas bando \u012fdirbti\",\"breadcrumb\":{\"@id\":\"https:\\\/\\\/skaitytaknyga.lt\\\/produktas\\\/kitu-salis\\\/#breadcrumb\"},\"inLanguage\":\"en-GB\",\"potentialAction\":[{\"@type\":\"ReadAction\",\"target\":[\"https:\\\/\\\/skaitytaknyga.lt\\\/produktas\\\/kitu-salis\\\/\"]}]},{\"@type\":\"ImageObject\",\"inLanguage\":\"en-GB\",\"@id\":\"https:\\\/\\\/skaitytaknyga.lt\\\/produktas\\\/kitu-salis\\\/#primaryimage\",\"url\":\"https:\\\/\\\/skaitytaknyga.lt\\\/wp-content\\\/uploads\\\/2025\\\/10\\\/Kitu-salis-1.webp\",\"contentUrl\":\"https:\\\/\\\/skaitytaknyga.lt\\\/wp-content\\\/uploads\\\/2025\\\/10\\\/Kitu-salis-1.webp\",\"width\":300,\"height\":450},{\"@type\":\"BreadcrumbList\",\"@id\":\"https:\\\/\\\/skaitytaknyga.lt\\\/produktas\\\/kitu-salis\\\/#breadcrumb\",\"itemListElement\":[{\"@type\":\"ListItem\",\"position\":1,\"name\":\"Home\",\"item\":\"https:\\\/\\\/skaitytaknyga.lt\\\/\"},{\"@type\":\"ListItem\",\"position\":2,\"name\":\"Parduotuv\u0117\",\"item\":\"https:\\\/\\\/skaitytaknyga.lt\\\/knygu-parduotuve\\\/\"},{\"@type\":\"ListItem\",\"position\":3,\"name\":\"Kit\u0173 \u0161alis\"}]},{\"@type\":\"WebSite\",\"@id\":\"https:\\\/\\\/skaitytaknyga.lt\\\/#website\",\"url\":\"https:\\\/\\\/skaitytaknyga.lt\\\/\",\"name\":\"skaitytaknyga.lt\",\"description\":\"Skaitytaknyga.lt \u2013 tai ma\u017eas \u0161eimos verslas, kuris prasid\u0117jo nuo meil\u0117s knygoms ir siekio i\u0161gelb\u0117ti knygas nuo likimo prie konteinerio. Kas vienam nereikalingas daiktas \u2013 kitam lobis, o mes esame tarpininkai, kurie padeda abiems tapti laimingesniems ???? \u017dinome kaip nelengva i\u0161gyventi ma\u017eiems verslams, tad nuo \u0161iol, \u010dia rasite ir kit\u0173, ma\u017e\u0173 \u0161eim\u0173 versl\u0173, rank\u0173 darbo, dovan\u0173 sau ir artimiesiems.\",\"publisher\":{\"@id\":\"https:\\\/\\\/skaitytaknyga.lt\\\/#organization\"},\"potentialAction\":[{\"@type\":\"SearchAction\",\"target\":{\"@type\":\"EntryPoint\",\"urlTemplate\":\"https:\\\/\\\/skaitytaknyga.lt\\\/?s={search_term_string}\"},\"query-input\":{\"@type\":\"PropertyValueSpecification\",\"valueRequired\":true,\"valueName\":\"search_term_string\"}}],\"inLanguage\":\"en-GB\"},{\"@type\":\"Organization\",\"@id\":\"https:\\\/\\\/skaitytaknyga.lt\\\/#organization\",\"name\":\"skaitytaknyga.lt\",\"url\":\"https:\\\/\\\/skaitytaknyga.lt\\\/\",\"logo\":{\"@type\":\"ImageObject\",\"inLanguage\":\"en-GB\",\"@id\":\"https:\\\/\\\/skaitytaknyga.lt\\\/#\\\/schema\\\/logo\\\/image\\\/\",\"url\":\"https:\\\/\\\/skaitytaknyga.lt\\\/wp-content\\\/uploads\\\/2024\\\/05\\\/cropped-cropped-cropped-02_00843_jt3bggkj1j3HLc7SyY6rEUpg.jpeg\",\"contentUrl\":\"https:\\\/\\\/skaitytaknyga.lt\\\/wp-content\\\/uploads\\\/2024\\\/05\\\/cropped-cropped-cropped-02_00843_jt3bggkj1j3HLc7SyY6rEUpg.jpeg\",\"width\":1600,\"height\":1600,\"caption\":\"skaitytaknyga.lt\"},\"image\":{\"@id\":\"https:\\\/\\\/skaitytaknyga.lt\\\/#\\\/schema\\\/logo\\\/image\\\/\"},\"sameAs\":[\"https:\\\/\\\/www.facebook.com\\\/skaitytaknyga\\\/\"]}]}<\/script>\n<!-- \/ Yoast SEO plugin. -->","yoast_head_json":{"title":"Kit\u0173 \u0161alis","description":"1944-aisiais elzasiet\u0117 pamilsta marokiet\u012f, pranc\u016bz\u0173 dalinio kar\u012f, ir jaunoji pora i\u0161vyksta \u012f Maroko naujakuri\u0173 miest\u0105 Meknes\u0105. Kol Aminas bando \u012fdirbti","robots":{"index":"index","follow":"follow","max-snippet":"max-snippet:-1","max-image-preview":"max-image-preview:large","max-video-preview":"max-video-preview:-1"},"canonical":"https:\/\/skaitytaknyga.lt\/en\/produktas\/kitu-salis\/","og_locale":"en_GB","og_type":"article","og_title":"[:lt]Kit\u0173 \u0161alis[:] - Skaitytaknyga","og_description":"1944-aisiais elzasiet\u0117 pamilsta marokiet\u012f, pranc\u016bz\u0173 dalinio kar\u012f, ir jaunoji pora i\u0161vyksta \u012f Maroko naujakuri\u0173 miest\u0105 Meknes\u0105. Kol Aminas bando \u012fdirbti","og_url":"https:\/\/skaitytaknyga.lt\/en\/produktas\/kitu-salis\/","og_site_name":"Skaitytaknyga","article_publisher":"https:\/\/www.facebook.com\/skaitytaknyga\/","article_modified_time":"2025-10-06T08:02:51+00:00","og_image":[{"width":300,"height":450,"url":"https:\/\/skaitytaknyga.lt\/wp-content\/uploads\/2025\/10\/Kitu-salis-1.webp","type":"image\/webp"}],"twitter_card":"summary_large_image","twitter_misc":{"Estimated reading time":"1 minute"},"schema":{"@context":"https:\/\/schema.org","@graph":[{"@type":"WebPage","@id":"https:\/\/skaitytaknyga.lt\/produktas\/kitu-salis\/","url":"https:\/\/skaitytaknyga.lt\/produktas\/kitu-salis\/","name":"Kit\u0173 \u0161alis","isPartOf":{"@id":"https:\/\/skaitytaknyga.lt\/#website"},"primaryImageOfPage":{"@id":"https:\/\/skaitytaknyga.lt\/produktas\/kitu-salis\/#primaryimage"},"image":{"@id":"https:\/\/skaitytaknyga.lt\/produktas\/kitu-salis\/#primaryimage"},"thumbnailUrl":"https:\/\/skaitytaknyga.lt\/wp-content\/uploads\/2025\/10\/Kitu-salis-1.webp","datePublished":"2025-10-04T16:33:43+00:00","dateModified":"2025-10-06T08:02:51+00:00","description":"1944-aisiais elzasiet\u0117 pamilsta marokiet\u012f, pranc\u016bz\u0173 dalinio kar\u012f, ir jaunoji pora i\u0161vyksta \u012f Maroko naujakuri\u0173 miest\u0105 Meknes\u0105. Kol Aminas bando \u012fdirbti","breadcrumb":{"@id":"https:\/\/skaitytaknyga.lt\/produktas\/kitu-salis\/#breadcrumb"},"inLanguage":"en-GB","potentialAction":[{"@type":"ReadAction","target":["https:\/\/skaitytaknyga.lt\/produktas\/kitu-salis\/"]}]},{"@type":"ImageObject","inLanguage":"en-GB","@id":"https:\/\/skaitytaknyga.lt\/produktas\/kitu-salis\/#primaryimage","url":"https:\/\/skaitytaknyga.lt\/wp-content\/uploads\/2025\/10\/Kitu-salis-1.webp","contentUrl":"https:\/\/skaitytaknyga.lt\/wp-content\/uploads\/2025\/10\/Kitu-salis-1.webp","width":300,"height":450},{"@type":"BreadcrumbList","@id":"https:\/\/skaitytaknyga.lt\/produktas\/kitu-salis\/#breadcrumb","itemListElement":[{"@type":"ListItem","position":1,"name":"Home","item":"https:\/\/skaitytaknyga.lt\/"},{"@type":"ListItem","position":2,"name":"Parduotuv\u0117","item":"https:\/\/skaitytaknyga.lt\/knygu-parduotuve\/"},{"@type":"ListItem","position":3,"name":"Kit\u0173 \u0161alis"}]},{"@type":"WebSite","@id":"https:\/\/skaitytaknyga.lt\/#website","url":"https:\/\/skaitytaknyga.lt\/","name":"skaitytaknyga.lt","description":"Skaitytaknyga.lt \u2013 tai ma\u017eas \u0161eimos verslas, kuris prasid\u0117jo nuo meil\u0117s knygoms ir siekio i\u0161gelb\u0117ti knygas nuo likimo prie konteinerio. Kas vienam nereikalingas daiktas \u2013 kitam lobis, o mes esame tarpininkai, kurie padeda abiems tapti laimingesniems ???? \u017dinome kaip nelengva i\u0161gyventi ma\u017eiems verslams, tad nuo \u0161iol, \u010dia rasite ir kit\u0173, ma\u017e\u0173 \u0161eim\u0173 versl\u0173, rank\u0173 darbo, dovan\u0173 sau ir artimiesiems.","publisher":{"@id":"https:\/\/skaitytaknyga.lt\/#organization"},"potentialAction":[{"@type":"SearchAction","target":{"@type":"EntryPoint","urlTemplate":"https:\/\/skaitytaknyga.lt\/?s={search_term_string}"},"query-input":{"@type":"PropertyValueSpecification","valueRequired":true,"valueName":"search_term_string"}}],"inLanguage":"en-GB"},{"@type":"Organization","@id":"https:\/\/skaitytaknyga.lt\/#organization","name":"skaitytaknyga.lt","url":"https:\/\/skaitytaknyga.lt\/","logo":{"@type":"ImageObject","inLanguage":"en-GB","@id":"https:\/\/skaitytaknyga.lt\/#\/schema\/logo\/image\/","url":"https:\/\/skaitytaknyga.lt\/wp-content\/uploads\/2024\/05\/cropped-cropped-cropped-02_00843_jt3bggkj1j3HLc7SyY6rEUpg.jpeg","contentUrl":"https:\/\/skaitytaknyga.lt\/wp-content\/uploads\/2024\/05\/cropped-cropped-cropped-02_00843_jt3bggkj1j3HLc7SyY6rEUpg.jpeg","width":1600,"height":1600,"caption":"skaitytaknyga.lt"},"image":{"@id":"https:\/\/skaitytaknyga.lt\/#\/schema\/logo\/image\/"},"sameAs":["https:\/\/www.facebook.com\/skaitytaknyga\/"]}]}},"_links":{"self":[{"href":"https:\/\/skaitytaknyga.lt\/en\/wp-json\/wp\/v2\/product\/21228","targetHints":{"allow":["GET"]}}],"collection":[{"href":"https:\/\/skaitytaknyga.lt\/en\/wp-json\/wp\/v2\/product"}],"about":[{"href":"https:\/\/skaitytaknyga.lt\/en\/wp-json\/wp\/v2\/types\/product"}],"replies":[{"embeddable":true,"href":"https:\/\/skaitytaknyga.lt\/en\/wp-json\/wp\/v2\/comments?post=21228"}],"wp:featuredmedia":[{"embeddable":true,"href":"https:\/\/skaitytaknyga.lt\/en\/wp-json\/wp\/v2\/media\/21233"}],"wp:attachment":[{"href":"https:\/\/skaitytaknyga.lt\/en\/wp-json\/wp\/v2\/media?parent=21228"}],"wp:term":[{"taxonomy":"product_brand","embeddable":true,"href":"https:\/\/skaitytaknyga.lt\/en\/wp-json\/wp\/v2\/product_brand?post=21228"},{"taxonomy":"product_cat","embeddable":true,"href":"https:\/\/skaitytaknyga.lt\/en\/wp-json\/wp\/v2\/product_cat?post=21228"},{"taxonomy":"product_tag","embeddable":true,"href":"https:\/\/skaitytaknyga.lt\/en\/wp-json\/wp\/v2\/product_tag?post=21228"}],"curies":[{"name":"wp","href":"https:\/\/api.w.org\/{rel}","templated":true}]}}