{"id":21226,"date":"2025-10-04T19:33:42","date_gmt":"2025-10-04T16:33:42","guid":{"rendered":"https:\/\/skaitytaknyga.lt\/?post_type=product&#038;p=21226"},"modified":"2025-10-06T11:02:51","modified_gmt":"2025-10-06T08:02:51","slug":"vienos-vasaros-emigrantai","status":"publish","type":"product","link":"https:\/\/skaitytaknyga.lt\/en\/produktas\/vienos-vasaros-emigrantai\/","title":{"rendered":"Vienos vasaros emigrantai"},"content":{"rendered":"<p>\u012e i\u0161svajot\u0105 Pary\u017ei\u0173 i\u0161 u\u017e sugriuvusios gele\u017ein\u0117s u\u017edangos atvyk\u0119s jaunas lietuvis trok\u0161ta i\u0161silaisvinti i\u0161 slegian\u010dios praeities, \u012fsilieti \u012f marg\u0105 didmies\u010dio gyvenim\u0105, tapti savu tarp svetim\u0173. Sutikti persona\u017eai, siejami vienatv\u0117s baim\u0117s ir baim\u0117s netekti vienatv\u0117s, moko j\u012f \u012fvairi\u0173 kasdienos banalyb\u0117s u\u017ekalb\u0117jimo taktik\u0173. Paker\u0117tas Senos pakran\u010di\u0173 madonos, paslaptingos klo\u0161ar\u0117s Nathalie, \u012fsimyl\u0117j\u0119s nutr\u016bktgalv\u0119 artist\u0119 Melanie ir tap\u0119s Tilto kompanijos \u2013 laisvamani\u0173 meninink\u0173 grup\u0117s \u2013 dalimi, jis pasineria \u012f \u017eai\u017earuojant\u012f, tamtam\u0173 ritmu pulsuojant\u012f miesto gyvenim\u0105.<\/p>\n<p>I\u0161skirtinis Valdo Papievio stilius, u\u017eburianti sakini\u0173 ritmika veda \u012f subtiliomis metaforomis tapom\u0105 miest\u0105, atveria po buities r\u016bpes\u010diais pasl\u0117ptus jausmus, i\u0161laisvina vaizduot\u0119 ir i\u0161 ties\u0173 akimirkai sustabdo laik\u0105.<\/p>\n<p>\u201eVienos vasaros emigrantai\u201c \u2013 Valdo Papievio romanas apie klaj\u016bni\u0161k\u0105 gyvenim\u0105 Pranc\u016bzijoje, pirm\u0105 kart\u0105 i\u0161leistas 2003 metais. Ra\u0161ytoj\u0105 i\u0161garsin\u0119 v\u0117lesni romanai tarsi prat\u0119sia \u0161ioje knygoje pasakojam\u0105 autobiografiniais motyvais paremt\u0105 istorij\u0105, kurioje pl\u0117tojamos ra\u0161ytojui r\u016bpimos laiko, atminties, tapatyb\u0117s, santyki\u0173 su \u017emon\u0117mis ir aplinkos \u017eenklais temos.<\/p>\n","protected":false},"excerpt":{"rendered":"<p>\u012e i\u0161svajot\u0105 Pary\u017ei\u0173 i\u0161 u\u017e sugriuvusios gele\u017ein\u0117s u\u017edangos atvyk\u0119s jaunas lietuvis trok\u0161ta i\u0161silaisvinti i\u0161 slegian\u010dios praeities, \u012fsilieti \u012f marg\u0105 didmies\u010dio gyvenim\u0105, tapti savu tarp svetim\u0173. Sutikti persona\u017eai, siejami vienatv\u0117s baim\u0117s ir baim\u0117s netekti vienatv\u0117s, moko j\u012f \u012fvairi\u0173 kasdienos banalyb\u0117s u\u017ekalb\u0117jimo taktik\u0173. Paker\u0117tas Senos pakran\u010di\u0173 madonos, paslaptingos klo\u0161ar\u0117s Nathalie, \u012fsimyl\u0117j\u0119s nutr\u016bktgalv\u0119 artist\u0119 Melanie ir tap\u0119s Tilto kompanijos \u2013 laisvamani\u0173 meninink\u0173 grup\u0117s \u2013 dalimi, jis pasineria \u012f \u017eai\u017earuojant\u012f, tamtam\u0173 ritmu pulsuojant\u012f miesto gyvenim\u0105. I\u0161skirtinis Valdo Papievio stilius, u\u017eburianti sakini\u0173 ritmika veda \u012f subtiliomis metaforomis tapom\u0105 miest\u0105, atveria po buities r\u016bpes\u010diais pasl\u0117ptus jausmus, i\u0161laisvina vaizduot\u0119 ir i\u0161 ties\u0173 akimirkai sustabdo laik\u0105. \u201eVienos vasaros emigrantai\u201c \u2013 Valdo Papievio romanas apie klaj\u016bni\u0161k\u0105 gyvenim\u0105 Pranc\u016bzijoje, pirm\u0105 kart\u0105 i\u0161leistas 2003 metais. Ra\u0161ytoj\u0105 i\u0161garsin\u0119 v\u0117lesni romanai tarsi prat\u0119sia \u0161ioje knygoje pasakojam\u0105 autobiografiniais motyvais paremt\u0105 istorij\u0105, kurioje pl\u0117tojamos ra\u0161ytojui r\u016bpimos laiko, atminties, tapatyb\u0117s, santyki\u0173 su \u017emon\u0117mis ir aplinkos \u017eenklais temos.<\/p>\n","protected":false},"featured_media":21231,"comment_status":"open","ping_status":"closed","template":"","meta":{"_acf_changed":false,"site-sidebar-layout":"default","site-content-layout":"","ast-site-content-layout":"default","site-content-style":"default","site-sidebar-style":"default","ast-global-header-display":"","ast-banner-title-visibility":"","ast-main-header-display":"","ast-hfb-above-header-display":"","ast-hfb-below-header-display":"","ast-hfb-mobile-header-display":"","site-post-title":"","ast-breadcrumbs-content":"","ast-featured-img":"","footer-sml-layout":"","ast-disable-related-posts":"","theme-transparent-header-meta":"","adv-header-id-meta":"","stick-header-meta":"","header-above-stick-meta":"","header-main-stick-meta":"","header-below-stick-meta":"","astra-migrate-meta-layouts":"default","ast-page-background-enabled":"default","ast-page-background-meta":{"desktop":{"background-color":"","background-image":"","background-repeat":"repeat","background-position":"center center","background-size":"auto","background-attachment":"scroll","background-type":"","background-media":"","overlay-type":"","overlay-color":"","overlay-opacity":"","overlay-gradient":""},"tablet":{"background-color":"","background-image":"","background-repeat":"repeat","background-position":"center center","background-size":"auto","background-attachment":"scroll","background-type":"","background-media":"","overlay-type":"","overlay-color":"","overlay-opacity":"","overlay-gradient":""},"mobile":{"background-color":"","background-image":"","background-repeat":"repeat","background-position":"center center","background-size":"auto","background-attachment":"scroll","background-type":"","background-media":"","overlay-type":"","overlay-color":"","overlay-opacity":"","overlay-gradient":""}},"ast-content-background-meta":{"desktop":{"background-color":"var(--ast-global-color-4)","background-image":"","background-repeat":"repeat","background-position":"center center","background-size":"auto","background-attachment":"scroll","background-type":"","background-media":"","overlay-type":"","overlay-color":"","overlay-opacity":"","overlay-gradient":""},"tablet":{"background-color":"var(--ast-global-color-4)","background-image":"","background-repeat":"repeat","background-position":"center center","background-size":"auto","background-attachment":"scroll","background-type":"","background-media":"","overlay-type":"","overlay-color":"","overlay-opacity":"","overlay-gradient":""},"mobile":{"background-color":"var(--ast-global-color-4)","background-image":"","background-repeat":"repeat","background-position":"center center","background-size":"auto","background-attachment":"scroll","background-type":"","background-media":"","overlay-type":"","overlay-color":"","overlay-opacity":"","overlay-gradient":""}}},"product_brand":[],"product_cat":[31],"product_tag":[4158,2455,1744,3671,1764,1745,1479,5833],"class_list":{"0":"post-21226","1":"product","2":"type-product","3":"status-publish","4":"has-post-thumbnail","6":"product_cat-grozine-literatura","7":"product_tag-atmintis","8":"product_tag-emigracija","9":"product_tag-lietuviu-literatura","10":"product_tag-menininkai","11":"product_tag-paryzius","12":"product_tag-romanas","13":"product_tag-tapatybe","14":"product_tag-valdas-papievis","15":"desktop-align-left","16":"tablet-align-left","17":"mobile-align-left","19":"first","20":"instock","21":"shipping-taxable","22":"purchasable","23":"product-type-simple"},"acf":[],"yoast_head":"<!-- This site is optimized with the Yoast SEO plugin v27.4 - https:\/\/yoast.com\/product\/yoast-seo-wordpress\/ -->\n<title>Vienos vasaros emigrantai<\/title>\n<meta name=\"description\" content=\"\u012e i\u0161svajot\u0105 Pary\u017ei\u0173 i\u0161 u\u017e sugriuvusios gele\u017ein\u0117s u\u017edangos atvyk\u0119s jaunas lietuvis trok\u0161ta i\u0161silaisvinti i\u0161 slegian\u010dios praeities, \u012fsilieti \u012f marg\u0105\" \/>\n<meta name=\"robots\" content=\"index, follow, max-snippet:-1, max-image-preview:large, max-video-preview:-1\" \/>\n<link rel=\"canonical\" href=\"https:\/\/skaitytaknyga.lt\/en\/produktas\/vienos-vasaros-emigrantai\/\" \/>\n<meta property=\"og:locale\" content=\"en_GB\" \/>\n<meta property=\"og:locale:alternate\" content=\"lt_LT\" \/>\n<meta property=\"og:type\" content=\"article\" \/>\n<meta property=\"og:title\" content=\"Vienos vasaros emigrantai\" \/>\n<meta property=\"og:description\" content=\"\u012e i\u0161svajot\u0105 Pary\u017ei\u0173 i\u0161 u\u017e sugriuvusios gele\u017ein\u0117s u\u017edangos atvyk\u0119s jaunas lietuvis trok\u0161ta i\u0161silaisvinti i\u0161 slegian\u010dios praeities, \u012fsilieti \u012f marg\u0105\" \/>\n<meta property=\"og:url\" content=\"https:\/\/skaitytaknyga.lt\/en\/produktas\/vienos-vasaros-emigrantai\/\" \/>\n<meta property=\"og:site_name\" content=\"Skaitytaknyga\" \/>\n<meta property=\"article:publisher\" content=\"https:\/\/www.facebook.com\/skaitytaknyga\/\" \/>\n<meta property=\"article:modified_time\" content=\"2025-10-06T08:02:51+00:00\" \/>\n<meta property=\"og:image\" content=\"https:\/\/skaitytaknyga.lt\/wp-content\/uploads\/2025\/10\/Vienos-vasaros-emigrantai-1.webp\" \/>\n\t<meta property=\"og:image:width\" content=\"300\" \/>\n\t<meta property=\"og:image:height\" content=\"440\" \/>\n\t<meta property=\"og:image:type\" content=\"image\/webp\" \/>\n<meta name=\"twitter:card\" content=\"summary_large_image\" \/>\n<meta name=\"twitter:label1\" content=\"Estimated reading time\" \/>\n\t<meta name=\"twitter:data1\" content=\"1 minute\" \/>\n<script type=\"application\/ld+json\" class=\"yoast-schema-graph\">{\"@context\":\"https:\\\/\\\/schema.org\",\"@graph\":[{\"@type\":\"WebPage\",\"@id\":\"https:\\\/\\\/skaitytaknyga.lt\\\/produktas\\\/vienos-vasaros-emigrantai\\\/\",\"url\":\"https:\\\/\\\/skaitytaknyga.lt\\\/produktas\\\/vienos-vasaros-emigrantai\\\/\",\"name\":\"Vienos vasaros emigrantai\",\"isPartOf\":{\"@id\":\"https:\\\/\\\/skaitytaknyga.lt\\\/#website\"},\"primaryImageOfPage\":{\"@id\":\"https:\\\/\\\/skaitytaknyga.lt\\\/produktas\\\/vienos-vasaros-emigrantai\\\/#primaryimage\"},\"image\":{\"@id\":\"https:\\\/\\\/skaitytaknyga.lt\\\/produktas\\\/vienos-vasaros-emigrantai\\\/#primaryimage\"},\"thumbnailUrl\":\"https:\\\/\\\/skaitytaknyga.lt\\\/wp-content\\\/uploads\\\/2025\\\/10\\\/Vienos-vasaros-emigrantai-1.webp\",\"datePublished\":\"2025-10-04T16:33:42+00:00\",\"dateModified\":\"2025-10-06T08:02:51+00:00\",\"description\":\"\u012e i\u0161svajot\u0105 Pary\u017ei\u0173 i\u0161 u\u017e sugriuvusios gele\u017ein\u0117s u\u017edangos atvyk\u0119s jaunas lietuvis trok\u0161ta i\u0161silaisvinti i\u0161 slegian\u010dios praeities, \u012fsilieti \u012f marg\u0105\",\"breadcrumb\":{\"@id\":\"https:\\\/\\\/skaitytaknyga.lt\\\/produktas\\\/vienos-vasaros-emigrantai\\\/#breadcrumb\"},\"inLanguage\":\"en-GB\",\"potentialAction\":[{\"@type\":\"ReadAction\",\"target\":[\"https:\\\/\\\/skaitytaknyga.lt\\\/produktas\\\/vienos-vasaros-emigrantai\\\/\"]}]},{\"@type\":\"ImageObject\",\"inLanguage\":\"en-GB\",\"@id\":\"https:\\\/\\\/skaitytaknyga.lt\\\/produktas\\\/vienos-vasaros-emigrantai\\\/#primaryimage\",\"url\":\"https:\\\/\\\/skaitytaknyga.lt\\\/wp-content\\\/uploads\\\/2025\\\/10\\\/Vienos-vasaros-emigrantai-1.webp\",\"contentUrl\":\"https:\\\/\\\/skaitytaknyga.lt\\\/wp-content\\\/uploads\\\/2025\\\/10\\\/Vienos-vasaros-emigrantai-1.webp\",\"width\":300,\"height\":440,\"caption\":\"Vienos vasaros emigrantai\"},{\"@type\":\"BreadcrumbList\",\"@id\":\"https:\\\/\\\/skaitytaknyga.lt\\\/produktas\\\/vienos-vasaros-emigrantai\\\/#breadcrumb\",\"itemListElement\":[{\"@type\":\"ListItem\",\"position\":1,\"name\":\"Home\",\"item\":\"https:\\\/\\\/skaitytaknyga.lt\\\/\"},{\"@type\":\"ListItem\",\"position\":2,\"name\":\"Parduotuv\u0117\",\"item\":\"https:\\\/\\\/skaitytaknyga.lt\\\/knygu-parduotuve\\\/\"},{\"@type\":\"ListItem\",\"position\":3,\"name\":\"Vienos vasaros emigrantai\"}]},{\"@type\":\"WebSite\",\"@id\":\"https:\\\/\\\/skaitytaknyga.lt\\\/#website\",\"url\":\"https:\\\/\\\/skaitytaknyga.lt\\\/\",\"name\":\"skaitytaknyga.lt\",\"description\":\"Skaitytaknyga.lt \u2013 tai ma\u017eas \u0161eimos verslas, kuris prasid\u0117jo nuo meil\u0117s knygoms ir siekio i\u0161gelb\u0117ti knygas nuo likimo prie konteinerio. Kas vienam nereikalingas daiktas \u2013 kitam lobis, o mes esame tarpininkai, kurie padeda abiems tapti laimingesniems ???? \u017dinome kaip nelengva i\u0161gyventi ma\u017eiems verslams, tad nuo \u0161iol, \u010dia rasite ir kit\u0173, ma\u017e\u0173 \u0161eim\u0173 versl\u0173, rank\u0173 darbo, dovan\u0173 sau ir artimiesiems.\",\"publisher\":{\"@id\":\"https:\\\/\\\/skaitytaknyga.lt\\\/#organization\"},\"potentialAction\":[{\"@type\":\"SearchAction\",\"target\":{\"@type\":\"EntryPoint\",\"urlTemplate\":\"https:\\\/\\\/skaitytaknyga.lt\\\/?s={search_term_string}\"},\"query-input\":{\"@type\":\"PropertyValueSpecification\",\"valueRequired\":true,\"valueName\":\"search_term_string\"}}],\"inLanguage\":\"en-GB\"},{\"@type\":\"Organization\",\"@id\":\"https:\\\/\\\/skaitytaknyga.lt\\\/#organization\",\"name\":\"skaitytaknyga.lt\",\"url\":\"https:\\\/\\\/skaitytaknyga.lt\\\/\",\"logo\":{\"@type\":\"ImageObject\",\"inLanguage\":\"en-GB\",\"@id\":\"https:\\\/\\\/skaitytaknyga.lt\\\/#\\\/schema\\\/logo\\\/image\\\/\",\"url\":\"https:\\\/\\\/skaitytaknyga.lt\\\/wp-content\\\/uploads\\\/2024\\\/05\\\/cropped-cropped-cropped-02_00843_jt3bggkj1j3HLc7SyY6rEUpg.jpeg\",\"contentUrl\":\"https:\\\/\\\/skaitytaknyga.lt\\\/wp-content\\\/uploads\\\/2024\\\/05\\\/cropped-cropped-cropped-02_00843_jt3bggkj1j3HLc7SyY6rEUpg.jpeg\",\"width\":1600,\"height\":1600,\"caption\":\"skaitytaknyga.lt\"},\"image\":{\"@id\":\"https:\\\/\\\/skaitytaknyga.lt\\\/#\\\/schema\\\/logo\\\/image\\\/\"},\"sameAs\":[\"https:\\\/\\\/www.facebook.com\\\/skaitytaknyga\\\/\"]}]}<\/script>\n<!-- \/ Yoast SEO plugin. -->","yoast_head_json":{"title":"Vienos vasaros emigrantai","description":"\u012e i\u0161svajot\u0105 Pary\u017ei\u0173 i\u0161 u\u017e sugriuvusios gele\u017ein\u0117s u\u017edangos atvyk\u0119s jaunas lietuvis trok\u0161ta i\u0161silaisvinti i\u0161 slegian\u010dios praeities, \u012fsilieti \u012f marg\u0105","robots":{"index":"index","follow":"follow","max-snippet":"max-snippet:-1","max-image-preview":"max-image-preview:large","max-video-preview":"max-video-preview:-1"},"canonical":"https:\/\/skaitytaknyga.lt\/en\/produktas\/vienos-vasaros-emigrantai\/","og_locale":"en_GB","og_type":"article","og_title":"[:lt]Vienos vasaros emigrantai[:] - Skaitytaknyga","og_description":"\u012e i\u0161svajot\u0105 Pary\u017ei\u0173 i\u0161 u\u017e sugriuvusios gele\u017ein\u0117s u\u017edangos atvyk\u0119s jaunas lietuvis trok\u0161ta i\u0161silaisvinti i\u0161 slegian\u010dios praeities, \u012fsilieti \u012f marg\u0105","og_url":"https:\/\/skaitytaknyga.lt\/en\/produktas\/vienos-vasaros-emigrantai\/","og_site_name":"Skaitytaknyga","article_publisher":"https:\/\/www.facebook.com\/skaitytaknyga\/","article_modified_time":"2025-10-06T08:02:51+00:00","og_image":[{"width":300,"height":440,"url":"https:\/\/skaitytaknyga.lt\/wp-content\/uploads\/2025\/10\/Vienos-vasaros-emigrantai-1.webp","type":"image\/webp"}],"twitter_card":"summary_large_image","twitter_misc":{"Estimated reading time":"1 minute"},"schema":{"@context":"https:\/\/schema.org","@graph":[{"@type":"WebPage","@id":"https:\/\/skaitytaknyga.lt\/produktas\/vienos-vasaros-emigrantai\/","url":"https:\/\/skaitytaknyga.lt\/produktas\/vienos-vasaros-emigrantai\/","name":"Vienos vasaros emigrantai","isPartOf":{"@id":"https:\/\/skaitytaknyga.lt\/#website"},"primaryImageOfPage":{"@id":"https:\/\/skaitytaknyga.lt\/produktas\/vienos-vasaros-emigrantai\/#primaryimage"},"image":{"@id":"https:\/\/skaitytaknyga.lt\/produktas\/vienos-vasaros-emigrantai\/#primaryimage"},"thumbnailUrl":"https:\/\/skaitytaknyga.lt\/wp-content\/uploads\/2025\/10\/Vienos-vasaros-emigrantai-1.webp","datePublished":"2025-10-04T16:33:42+00:00","dateModified":"2025-10-06T08:02:51+00:00","description":"\u012e i\u0161svajot\u0105 Pary\u017ei\u0173 i\u0161 u\u017e sugriuvusios gele\u017ein\u0117s u\u017edangos atvyk\u0119s jaunas lietuvis trok\u0161ta i\u0161silaisvinti i\u0161 slegian\u010dios praeities, \u012fsilieti \u012f marg\u0105","breadcrumb":{"@id":"https:\/\/skaitytaknyga.lt\/produktas\/vienos-vasaros-emigrantai\/#breadcrumb"},"inLanguage":"en-GB","potentialAction":[{"@type":"ReadAction","target":["https:\/\/skaitytaknyga.lt\/produktas\/vienos-vasaros-emigrantai\/"]}]},{"@type":"ImageObject","inLanguage":"en-GB","@id":"https:\/\/skaitytaknyga.lt\/produktas\/vienos-vasaros-emigrantai\/#primaryimage","url":"https:\/\/skaitytaknyga.lt\/wp-content\/uploads\/2025\/10\/Vienos-vasaros-emigrantai-1.webp","contentUrl":"https:\/\/skaitytaknyga.lt\/wp-content\/uploads\/2025\/10\/Vienos-vasaros-emigrantai-1.webp","width":300,"height":440,"caption":"Vienos vasaros emigrantai"},{"@type":"BreadcrumbList","@id":"https:\/\/skaitytaknyga.lt\/produktas\/vienos-vasaros-emigrantai\/#breadcrumb","itemListElement":[{"@type":"ListItem","position":1,"name":"Home","item":"https:\/\/skaitytaknyga.lt\/"},{"@type":"ListItem","position":2,"name":"Parduotuv\u0117","item":"https:\/\/skaitytaknyga.lt\/knygu-parduotuve\/"},{"@type":"ListItem","position":3,"name":"Vienos vasaros emigrantai"}]},{"@type":"WebSite","@id":"https:\/\/skaitytaknyga.lt\/#website","url":"https:\/\/skaitytaknyga.lt\/","name":"skaitytaknyga.lt","description":"Skaitytaknyga.lt \u2013 tai ma\u017eas \u0161eimos verslas, kuris prasid\u0117jo nuo meil\u0117s knygoms ir siekio i\u0161gelb\u0117ti knygas nuo likimo prie konteinerio. Kas vienam nereikalingas daiktas \u2013 kitam lobis, o mes esame tarpininkai, kurie padeda abiems tapti laimingesniems ???? \u017dinome kaip nelengva i\u0161gyventi ma\u017eiems verslams, tad nuo \u0161iol, \u010dia rasite ir kit\u0173, ma\u017e\u0173 \u0161eim\u0173 versl\u0173, rank\u0173 darbo, dovan\u0173 sau ir artimiesiems.","publisher":{"@id":"https:\/\/skaitytaknyga.lt\/#organization"},"potentialAction":[{"@type":"SearchAction","target":{"@type":"EntryPoint","urlTemplate":"https:\/\/skaitytaknyga.lt\/?s={search_term_string}"},"query-input":{"@type":"PropertyValueSpecification","valueRequired":true,"valueName":"search_term_string"}}],"inLanguage":"en-GB"},{"@type":"Organization","@id":"https:\/\/skaitytaknyga.lt\/#organization","name":"skaitytaknyga.lt","url":"https:\/\/skaitytaknyga.lt\/","logo":{"@type":"ImageObject","inLanguage":"en-GB","@id":"https:\/\/skaitytaknyga.lt\/#\/schema\/logo\/image\/","url":"https:\/\/skaitytaknyga.lt\/wp-content\/uploads\/2024\/05\/cropped-cropped-cropped-02_00843_jt3bggkj1j3HLc7SyY6rEUpg.jpeg","contentUrl":"https:\/\/skaitytaknyga.lt\/wp-content\/uploads\/2024\/05\/cropped-cropped-cropped-02_00843_jt3bggkj1j3HLc7SyY6rEUpg.jpeg","width":1600,"height":1600,"caption":"skaitytaknyga.lt"},"image":{"@id":"https:\/\/skaitytaknyga.lt\/#\/schema\/logo\/image\/"},"sameAs":["https:\/\/www.facebook.com\/skaitytaknyga\/"]}]}},"_links":{"self":[{"href":"https:\/\/skaitytaknyga.lt\/en\/wp-json\/wp\/v2\/product\/21226","targetHints":{"allow":["GET"]}}],"collection":[{"href":"https:\/\/skaitytaknyga.lt\/en\/wp-json\/wp\/v2\/product"}],"about":[{"href":"https:\/\/skaitytaknyga.lt\/en\/wp-json\/wp\/v2\/types\/product"}],"replies":[{"embeddable":true,"href":"https:\/\/skaitytaknyga.lt\/en\/wp-json\/wp\/v2\/comments?post=21226"}],"wp:featuredmedia":[{"embeddable":true,"href":"https:\/\/skaitytaknyga.lt\/en\/wp-json\/wp\/v2\/media\/21231"}],"wp:attachment":[{"href":"https:\/\/skaitytaknyga.lt\/en\/wp-json\/wp\/v2\/media?parent=21226"}],"wp:term":[{"taxonomy":"product_brand","embeddable":true,"href":"https:\/\/skaitytaknyga.lt\/en\/wp-json\/wp\/v2\/product_brand?post=21226"},{"taxonomy":"product_cat","embeddable":true,"href":"https:\/\/skaitytaknyga.lt\/en\/wp-json\/wp\/v2\/product_cat?post=21226"},{"taxonomy":"product_tag","embeddable":true,"href":"https:\/\/skaitytaknyga.lt\/en\/wp-json\/wp\/v2\/product_tag?post=21226"}],"curies":[{"name":"wp","href":"https:\/\/api.w.org\/{rel}","templated":true}]}}