{"id":21225,"date":"2025-10-04T19:33:42","date_gmt":"2025-10-04T16:33:42","guid":{"rendered":"https:\/\/skaitytaknyga.lt\/?post_type=product&#038;p=21225"},"modified":"2025-10-06T11:02:40","modified_gmt":"2025-10-06T08:02:40","slug":"ramunes-ir-edelveisai","status":"publish","type":"product","link":"https:\/\/skaitytaknyga.lt\/en\/produktas\/ramunes-ir-edelveisai\/","title":{"rendered":"Ramun\u0117s ir edelveisai"},"content":{"rendered":"<p>Jonas Plankis-Snaig\u0117 \u2013 m\u016bs\u0173 poezijoje iki \u0161iol ne\u017einomas autorius. Dar 1940 metais i\u0161leistas kuklus tomelis \u201eG\u0117l\u0117s ant sniego\u201c.<\/p>\n<p>Jaunas literatas ir kunigas, paskirtas \u012f Maironio t\u0117vonij\u0105 \u2013 Betygalos parapij\u0105, pasiry\u017e\u0119s t\u0119sti patriotines tradicijas, neu\u017eilgo turi praeiti visus pragaro ratus, priver\u010diamas palikti T\u0117vyn\u0119. Svarbiausia poetas gr\u012f\u017eo \u2013 nepaklydo.<\/p>\n","protected":false},"excerpt":{"rendered":"<p>Jonas Plankis-Snaig\u0117 \u2013 m\u016bs\u0173 poezijoje iki \u0161iol ne\u017einomas autorius. Dar 1940 metais i\u0161leistas kuklus tomelis \u201eG\u0117l\u0117s ant sniego\u201c. Jaunas literatas ir kunigas, paskirtas \u012f Maironio t\u0117vonij\u0105 \u2013 Betygalos parapij\u0105, pasiry\u017e\u0119s t\u0119sti patriotines tradicijas, neu\u017eilgo turi praeiti visus pragaro ratus, priver\u010diamas palikti T\u0117vyn\u0119. Svarbiausia poetas gr\u012f\u017eo \u2013 nepaklydo.<\/p>\n","protected":false},"featured_media":21230,"comment_status":"open","ping_status":"closed","template":"","meta":{"_acf_changed":false,"site-sidebar-layout":"default","site-content-layout":"","ast-site-content-layout":"default","site-content-style":"default","site-sidebar-style":"default","ast-global-header-display":"","ast-banner-title-visibility":"","ast-main-header-display":"","ast-hfb-above-header-display":"","ast-hfb-below-header-display":"","ast-hfb-mobile-header-display":"","site-post-title":"","ast-breadcrumbs-content":"","ast-featured-img":"","footer-sml-layout":"","ast-disable-related-posts":"","theme-transparent-header-meta":"","adv-header-id-meta":"","stick-header-meta":"","header-above-stick-meta":"","header-main-stick-meta":"","header-below-stick-meta":"","astra-migrate-meta-layouts":"default","ast-page-background-enabled":"default","ast-page-background-meta":{"desktop":{"background-color":"","background-image":"","background-repeat":"repeat","background-position":"center center","background-size":"auto","background-attachment":"scroll","background-type":"","background-media":"","overlay-type":"","overlay-color":"","overlay-opacity":"","overlay-gradient":""},"tablet":{"background-color":"","background-image":"","background-repeat":"repeat","background-position":"center center","background-size":"auto","background-attachment":"scroll","background-type":"","background-media":"","overlay-type":"","overlay-color":"","overlay-opacity":"","overlay-gradient":""},"mobile":{"background-color":"","background-image":"","background-repeat":"repeat","background-position":"center center","background-size":"auto","background-attachment":"scroll","background-type":"","background-media":"","overlay-type":"","overlay-color":"","overlay-opacity":"","overlay-gradient":""}},"ast-content-background-meta":{"desktop":{"background-color":"var(--ast-global-color-4)","background-image":"","background-repeat":"repeat","background-position":"center center","background-size":"auto","background-attachment":"scroll","background-type":"","background-media":"","overlay-type":"","overlay-color":"","overlay-opacity":"","overlay-gradient":""},"tablet":{"background-color":"var(--ast-global-color-4)","background-image":"","background-repeat":"repeat","background-position":"center center","background-size":"auto","background-attachment":"scroll","background-type":"","background-media":"","overlay-type":"","overlay-color":"","overlay-opacity":"","overlay-gradient":""},"mobile":{"background-color":"var(--ast-global-color-4)","background-image":"","background-repeat":"repeat","background-position":"center center","background-size":"auto","background-attachment":"scroll","background-type":"","background-media":"","overlay-type":"","overlay-color":"","overlay-opacity":"","overlay-gradient":""}}},"product_brand":[],"product_cat":[1085],"product_tag":[8363,8362,1744,2444,1809],"class_list":{"0":"post-21225","1":"product","2":"type-product","3":"status-publish","4":"has-post-thumbnail","6":"product_cat-poezija","7":"product_tag-istorine-patirtis","8":"product_tag-jonas-plankis-snaige","9":"product_tag-lietuviu-literatura","10":"product_tag-patriotizmas","11":"product_tag-poezija","12":"desktop-align-left","13":"tablet-align-left","14":"mobile-align-left","16":"first","17":"instock","18":"shipping-taxable","19":"purchasable","20":"product-type-simple"},"acf":[],"yoast_head":"<!-- This site is optimized with the Yoast SEO plugin v27.0 - https:\/\/yoast.com\/product\/yoast-seo-wordpress\/ -->\n<title>Ramun\u0117s ir edelveisai<\/title>\n<meta name=\"description\" content=\"Jonas Plankis-Snaig\u0117 \u2013 m\u016bs\u0173 poezijoje iki \u0161iol ne\u017einomas autorius. Dar 1940 metais i\u0161leistas kuklus tomelis \u201eG\u0117l\u0117s ant sniego\u201c. Jaunas literatas ir\" \/>\n<meta name=\"robots\" content=\"index, follow, max-snippet:-1, max-image-preview:large, max-video-preview:-1\" \/>\n<link rel=\"canonical\" href=\"https:\/\/skaitytaknyga.lt\/en\/produktas\/ramunes-ir-edelveisai\/\" \/>\n<meta property=\"og:locale\" content=\"en_GB\" \/>\n<meta property=\"og:locale:alternate\" content=\"lt_LT\" \/>\n<meta property=\"og:type\" content=\"article\" \/>\n<meta property=\"og:title\" content=\"Ramun\u0117s ir edelveisai\" \/>\n<meta property=\"og:description\" content=\"Jonas Plankis-Snaig\u0117 \u2013 m\u016bs\u0173 poezijoje iki \u0161iol ne\u017einomas autorius. Dar 1940 metais i\u0161leistas kuklus tomelis \u201eG\u0117l\u0117s ant sniego\u201c. Jaunas literatas ir\" \/>\n<meta property=\"og:url\" content=\"https:\/\/skaitytaknyga.lt\/en\/produktas\/ramunes-ir-edelveisai\/\" \/>\n<meta property=\"og:site_name\" content=\"Skaitytaknyga\" \/>\n<meta property=\"article:publisher\" content=\"https:\/\/www.facebook.com\/skaitytaknyga\/\" \/>\n<meta property=\"article:modified_time\" content=\"2025-10-06T08:02:40+00:00\" \/>\n<meta property=\"og:image\" content=\"https:\/\/skaitytaknyga.lt\/wp-content\/uploads\/2025\/10\/Ramunes-ir-edelveisai-e1759595709595.webp\" \/>\n\t<meta property=\"og:image:width\" content=\"277\" \/>\n\t<meta property=\"og:image:height\" content=\"519\" \/>\n\t<meta property=\"og:image:type\" content=\"image\/webp\" \/>\n<meta name=\"twitter:card\" content=\"summary_large_image\" \/>\n<script type=\"application\/ld+json\" class=\"yoast-schema-graph\">{\"@context\":\"https:\/\/schema.org\",\"@graph\":[{\"@type\":\"WebPage\",\"@id\":\"https:\/\/skaitytaknyga.lt\/produktas\/ramunes-ir-edelveisai\/\",\"url\":\"https:\/\/skaitytaknyga.lt\/produktas\/ramunes-ir-edelveisai\/\",\"name\":\"Ramun\u0117s ir edelveisai\",\"isPartOf\":{\"@id\":\"https:\/\/skaitytaknyga.lt\/#website\"},\"primaryImageOfPage\":{\"@id\":\"https:\/\/skaitytaknyga.lt\/produktas\/ramunes-ir-edelveisai\/#primaryimage\"},\"image\":{\"@id\":\"https:\/\/skaitytaknyga.lt\/produktas\/ramunes-ir-edelveisai\/#primaryimage\"},\"thumbnailUrl\":\"https:\/\/skaitytaknyga.lt\/wp-content\/uploads\/2025\/10\/Ramunes-ir-edelveisai-e1759595709595.webp\",\"datePublished\":\"2025-10-04T16:33:42+00:00\",\"dateModified\":\"2025-10-06T08:02:40+00:00\",\"description\":\"Jonas Plankis-Snaig\u0117 \u2013 m\u016bs\u0173 poezijoje iki \u0161iol ne\u017einomas autorius. Dar 1940 metais i\u0161leistas kuklus tomelis \u201eG\u0117l\u0117s ant sniego\u201c. Jaunas literatas ir\",\"breadcrumb\":{\"@id\":\"https:\/\/skaitytaknyga.lt\/produktas\/ramunes-ir-edelveisai\/#breadcrumb\"},\"inLanguage\":\"en-GB\",\"potentialAction\":[{\"@type\":\"ReadAction\",\"target\":[\"https:\/\/skaitytaknyga.lt\/produktas\/ramunes-ir-edelveisai\/\"]}]},{\"@type\":\"ImageObject\",\"inLanguage\":\"en-GB\",\"@id\":\"https:\/\/skaitytaknyga.lt\/produktas\/ramunes-ir-edelveisai\/#primaryimage\",\"url\":\"https:\/\/skaitytaknyga.lt\/wp-content\/uploads\/2025\/10\/Ramunes-ir-edelveisai-e1759595709595.webp\",\"contentUrl\":\"https:\/\/skaitytaknyga.lt\/wp-content\/uploads\/2025\/10\/Ramunes-ir-edelveisai-e1759595709595.webp\",\"width\":277,\"height\":519,\"caption\":\"Ramun\u0117s ir edelveisai\"},{\"@type\":\"BreadcrumbList\",\"@id\":\"https:\/\/skaitytaknyga.lt\/produktas\/ramunes-ir-edelveisai\/#breadcrumb\",\"itemListElement\":[{\"@type\":\"ListItem\",\"position\":1,\"name\":\"Home\",\"item\":\"https:\/\/skaitytaknyga.lt\/\"},{\"@type\":\"ListItem\",\"position\":2,\"name\":\"Parduotuv\u0117\",\"item\":\"https:\/\/skaitytaknyga.lt\/knygu-parduotuve\/\"},{\"@type\":\"ListItem\",\"position\":3,\"name\":\"Ramun\u0117s ir edelveisai\"}]},{\"@type\":\"WebSite\",\"@id\":\"https:\/\/skaitytaknyga.lt\/#website\",\"url\":\"https:\/\/skaitytaknyga.lt\/\",\"name\":\"skaitytaknyga.lt\",\"description\":\"Skaitytaknyga.lt \u2013 tai ma\u017eas \u0161eimos verslas, kuris prasid\u0117jo nuo meil\u0117s knygoms ir siekio i\u0161gelb\u0117ti knygas nuo likimo prie konteinerio. Kas vienam nereikalingas daiktas \u2013 kitam lobis, o mes esame tarpininkai, kurie padeda abiems tapti laimingesniems ???? \u017dinome kaip nelengva i\u0161gyventi ma\u017eiems verslams, tad nuo \u0161iol, \u010dia rasite ir kit\u0173, ma\u017e\u0173 \u0161eim\u0173 versl\u0173, rank\u0173 darbo, dovan\u0173 sau ir artimiesiems.\",\"publisher\":{\"@id\":\"https:\/\/skaitytaknyga.lt\/#organization\"},\"potentialAction\":[{\"@type\":\"SearchAction\",\"target\":{\"@type\":\"EntryPoint\",\"urlTemplate\":\"https:\/\/skaitytaknyga.lt\/?s={search_term_string}\"},\"query-input\":{\"@type\":\"PropertyValueSpecification\",\"valueRequired\":true,\"valueName\":\"search_term_string\"}}],\"inLanguage\":\"en-GB\"},{\"@type\":\"Organization\",\"@id\":\"https:\/\/skaitytaknyga.lt\/#organization\",\"name\":\"skaitytaknyga.lt\",\"url\":\"https:\/\/skaitytaknyga.lt\/\",\"logo\":{\"@type\":\"ImageObject\",\"inLanguage\":\"en-GB\",\"@id\":\"https:\/\/skaitytaknyga.lt\/#\/schema\/logo\/image\/\",\"url\":\"https:\/\/skaitytaknyga.lt\/wp-content\/uploads\/2024\/05\/cropped-cropped-cropped-02_00843_jt3bggkj1j3HLc7SyY6rEUpg.jpeg\",\"contentUrl\":\"https:\/\/skaitytaknyga.lt\/wp-content\/uploads\/2024\/05\/cropped-cropped-cropped-02_00843_jt3bggkj1j3HLc7SyY6rEUpg.jpeg\",\"width\":1600,\"height\":1600,\"caption\":\"skaitytaknyga.lt\"},\"image\":{\"@id\":\"https:\/\/skaitytaknyga.lt\/#\/schema\/logo\/image\/\"},\"sameAs\":[\"https:\/\/www.facebook.com\/skaitytaknyga\/\"]}]}<\/script>\n<!-- \/ Yoast SEO plugin. -->","yoast_head_json":{"title":"Ramun\u0117s ir edelveisai","description":"Jonas Plankis-Snaig\u0117 \u2013 m\u016bs\u0173 poezijoje iki \u0161iol ne\u017einomas autorius. Dar 1940 metais i\u0161leistas kuklus tomelis \u201eG\u0117l\u0117s ant sniego\u201c. Jaunas literatas ir","robots":{"index":"index","follow":"follow","max-snippet":"max-snippet:-1","max-image-preview":"max-image-preview:large","max-video-preview":"max-video-preview:-1"},"canonical":"https:\/\/skaitytaknyga.lt\/en\/produktas\/ramunes-ir-edelveisai\/","og_locale":"en_GB","og_type":"article","og_title":"[:lt]Ramun\u0117s ir edelveisai[:] - Skaitytaknyga","og_description":"Jonas Plankis-Snaig\u0117 \u2013 m\u016bs\u0173 poezijoje iki \u0161iol ne\u017einomas autorius. Dar 1940 metais i\u0161leistas kuklus tomelis \u201eG\u0117l\u0117s ant sniego\u201c. Jaunas literatas ir","og_url":"https:\/\/skaitytaknyga.lt\/en\/produktas\/ramunes-ir-edelveisai\/","og_site_name":"Skaitytaknyga","article_publisher":"https:\/\/www.facebook.com\/skaitytaknyga\/","article_modified_time":"2025-10-06T08:02:40+00:00","og_image":[{"width":277,"height":519,"url":"https:\/\/skaitytaknyga.lt\/wp-content\/uploads\/2025\/10\/Ramunes-ir-edelveisai-e1759595709595.webp","type":"image\/webp"}],"twitter_card":"summary_large_image","schema":{"@context":"https:\/\/schema.org","@graph":[{"@type":"WebPage","@id":"https:\/\/skaitytaknyga.lt\/produktas\/ramunes-ir-edelveisai\/","url":"https:\/\/skaitytaknyga.lt\/produktas\/ramunes-ir-edelveisai\/","name":"Ramun\u0117s ir edelveisai","isPartOf":{"@id":"https:\/\/skaitytaknyga.lt\/#website"},"primaryImageOfPage":{"@id":"https:\/\/skaitytaknyga.lt\/produktas\/ramunes-ir-edelveisai\/#primaryimage"},"image":{"@id":"https:\/\/skaitytaknyga.lt\/produktas\/ramunes-ir-edelveisai\/#primaryimage"},"thumbnailUrl":"https:\/\/skaitytaknyga.lt\/wp-content\/uploads\/2025\/10\/Ramunes-ir-edelveisai-e1759595709595.webp","datePublished":"2025-10-04T16:33:42+00:00","dateModified":"2025-10-06T08:02:40+00:00","description":"Jonas Plankis-Snaig\u0117 \u2013 m\u016bs\u0173 poezijoje iki \u0161iol ne\u017einomas autorius. Dar 1940 metais i\u0161leistas kuklus tomelis \u201eG\u0117l\u0117s ant sniego\u201c. Jaunas literatas ir","breadcrumb":{"@id":"https:\/\/skaitytaknyga.lt\/produktas\/ramunes-ir-edelveisai\/#breadcrumb"},"inLanguage":"en-GB","potentialAction":[{"@type":"ReadAction","target":["https:\/\/skaitytaknyga.lt\/produktas\/ramunes-ir-edelveisai\/"]}]},{"@type":"ImageObject","inLanguage":"en-GB","@id":"https:\/\/skaitytaknyga.lt\/produktas\/ramunes-ir-edelveisai\/#primaryimage","url":"https:\/\/skaitytaknyga.lt\/wp-content\/uploads\/2025\/10\/Ramunes-ir-edelveisai-e1759595709595.webp","contentUrl":"https:\/\/skaitytaknyga.lt\/wp-content\/uploads\/2025\/10\/Ramunes-ir-edelveisai-e1759595709595.webp","width":277,"height":519,"caption":"Ramun\u0117s ir edelveisai"},{"@type":"BreadcrumbList","@id":"https:\/\/skaitytaknyga.lt\/produktas\/ramunes-ir-edelveisai\/#breadcrumb","itemListElement":[{"@type":"ListItem","position":1,"name":"Home","item":"https:\/\/skaitytaknyga.lt\/"},{"@type":"ListItem","position":2,"name":"Parduotuv\u0117","item":"https:\/\/skaitytaknyga.lt\/knygu-parduotuve\/"},{"@type":"ListItem","position":3,"name":"Ramun\u0117s ir edelveisai"}]},{"@type":"WebSite","@id":"https:\/\/skaitytaknyga.lt\/#website","url":"https:\/\/skaitytaknyga.lt\/","name":"skaitytaknyga.lt","description":"Skaitytaknyga.lt \u2013 tai ma\u017eas \u0161eimos verslas, kuris prasid\u0117jo nuo meil\u0117s knygoms ir siekio i\u0161gelb\u0117ti knygas nuo likimo prie konteinerio. Kas vienam nereikalingas daiktas \u2013 kitam lobis, o mes esame tarpininkai, kurie padeda abiems tapti laimingesniems ???? \u017dinome kaip nelengva i\u0161gyventi ma\u017eiems verslams, tad nuo \u0161iol, \u010dia rasite ir kit\u0173, ma\u017e\u0173 \u0161eim\u0173 versl\u0173, rank\u0173 darbo, dovan\u0173 sau ir artimiesiems.","publisher":{"@id":"https:\/\/skaitytaknyga.lt\/#organization"},"potentialAction":[{"@type":"SearchAction","target":{"@type":"EntryPoint","urlTemplate":"https:\/\/skaitytaknyga.lt\/?s={search_term_string}"},"query-input":{"@type":"PropertyValueSpecification","valueRequired":true,"valueName":"search_term_string"}}],"inLanguage":"en-GB"},{"@type":"Organization","@id":"https:\/\/skaitytaknyga.lt\/#organization","name":"skaitytaknyga.lt","url":"https:\/\/skaitytaknyga.lt\/","logo":{"@type":"ImageObject","inLanguage":"en-GB","@id":"https:\/\/skaitytaknyga.lt\/#\/schema\/logo\/image\/","url":"https:\/\/skaitytaknyga.lt\/wp-content\/uploads\/2024\/05\/cropped-cropped-cropped-02_00843_jt3bggkj1j3HLc7SyY6rEUpg.jpeg","contentUrl":"https:\/\/skaitytaknyga.lt\/wp-content\/uploads\/2024\/05\/cropped-cropped-cropped-02_00843_jt3bggkj1j3HLc7SyY6rEUpg.jpeg","width":1600,"height":1600,"caption":"skaitytaknyga.lt"},"image":{"@id":"https:\/\/skaitytaknyga.lt\/#\/schema\/logo\/image\/"},"sameAs":["https:\/\/www.facebook.com\/skaitytaknyga\/"]}]}},"_links":{"self":[{"href":"https:\/\/skaitytaknyga.lt\/en\/wp-json\/wp\/v2\/product\/21225","targetHints":{"allow":["GET"]}}],"collection":[{"href":"https:\/\/skaitytaknyga.lt\/en\/wp-json\/wp\/v2\/product"}],"about":[{"href":"https:\/\/skaitytaknyga.lt\/en\/wp-json\/wp\/v2\/types\/product"}],"replies":[{"embeddable":true,"href":"https:\/\/skaitytaknyga.lt\/en\/wp-json\/wp\/v2\/comments?post=21225"}],"wp:featuredmedia":[{"embeddable":true,"href":"https:\/\/skaitytaknyga.lt\/en\/wp-json\/wp\/v2\/media\/21230"}],"wp:attachment":[{"href":"https:\/\/skaitytaknyga.lt\/en\/wp-json\/wp\/v2\/media?parent=21225"}],"wp:term":[{"taxonomy":"product_brand","embeddable":true,"href":"https:\/\/skaitytaknyga.lt\/en\/wp-json\/wp\/v2\/product_brand?post=21225"},{"taxonomy":"product_cat","embeddable":true,"href":"https:\/\/skaitytaknyga.lt\/en\/wp-json\/wp\/v2\/product_cat?post=21225"},{"taxonomy":"product_tag","embeddable":true,"href":"https:\/\/skaitytaknyga.lt\/en\/wp-json\/wp\/v2\/product_tag?post=21225"}],"curies":[{"name":"wp","href":"https:\/\/api.w.org\/{rel}","templated":true}]}}