{"id":21218,"date":"2025-10-04T19:17:22","date_gmt":"2025-10-04T16:17:22","guid":{"rendered":"https:\/\/skaitytaknyga.lt\/?post_type=product&#038;p=21218"},"modified":"2026-03-18T11:04:14","modified_gmt":"2026-03-18T09:04:14","slug":"kaukiu-balius-nedidelis-virselio-defektas","status":"publish","type":"product","link":"https:\/\/skaitytaknyga.lt\/en\/produktas\/kaukiu-balius-nedidelis-virselio-defektas\/","title":{"rendered":"Kauki\u0173 balius (nedidelis vir\u0161elio defektas)"},"content":{"rendered":"<p>Bedli Komptono miestelyje kai kas vyksta. Flep\u0117 Skot But, miestelio dorov\u0117s kompasas ir karalien\u0117, ruo\u0161iasi tai i\u0161tirti. \u012e miestel\u012f k\u0105 tik atsikraus\u010diusi jauna, \u017eavi porel\u0117 i\u0161 Londono ba\u017eny\u010dioje u\u017et\u016bp\u0117 Flep\u0117s ir jos vyro vietas. Kas geriau juos pamokys elgesio taisykli\u0173 \u0161ioje glaud\u017eius ry\u0161ius puosel\u0117jan\u010dioje bendruomen\u0117je, jei ne Flep\u0117?<\/p>\n<p>\u017dinoma, ji turi ir kit\u0173 reikal\u0173. Kiek daug j\u0117g\u0173 atima mintys apie aistring\u0105 gerb\u0117j\u0105, ji trok\u0161ta per pa\u010dios rengiam\u0105 Nauj\u0173j\u0173 Met\u0173 pokyl\u012f ir v\u0117l pasirodyti i\u0161skirtinai! O kur dar k\u0105 tik i\u0161 Australijos su pretenzinga \u017emona ir dviem nesuvaldomais s\u016bneliais gimtin\u0117n gr\u012f\u017e\u0119s s\u016bnus D\u017easperas, \u017eavinga asmenyb\u0117, vis d\u0117lto stokojanti didesni\u0173 ambicij\u0173 bei pol\u0117kio. Flep\u0117, uoliai ai\u0161kindamasi jaun\u0173 atvyk\u0117li\u0173 tarpusavio santykius ir kartais darydama klaidingas i\u0161vadas, patiria did\u017eiul\u0119 \u012ftamp\u0105.<\/p>\n","protected":false},"excerpt":{"rendered":"<p>Bedli Komptono miestelyje kai kas vyksta. Flep\u0117 Skot But, miestelio dorov\u0117s kompasas ir karalien\u0117, ruo\u0161iasi tai i\u0161tirti. \u012e miestel\u012f k\u0105 tik atsikraus\u010diusi jauna, \u017eavi porel\u0117 i\u0161 Londono ba\u017eny\u010dioje u\u017et\u016bp\u0117 Flep\u0117s ir jos vyro vietas. Kas geriau juos pamokys elgesio taisykli\u0173 \u0161ioje glaud\u017eius ry\u0161ius puosel\u0117jan\u010dioje bendruomen\u0117je, jei ne Flep\u0117? \u017dinoma, ji turi ir kit\u0173 reikal\u0173. Kiek daug j\u0117g\u0173 atima mintys apie aistring\u0105 gerb\u0117j\u0105, ji trok\u0161ta per pa\u010dios rengiam\u0105 Nauj\u0173j\u0173 Met\u0173 pokyl\u012f ir v\u0117l pasirodyti i\u0161skirtinai! O kur dar k\u0105 tik i\u0161 Australijos su pretenzinga \u017emona ir dviem nesuvaldomais s\u016bneliais gimtin\u0117n gr\u012f\u017e\u0119s s\u016bnus D\u017easperas, \u017eavinga asmenyb\u0117, vis d\u0117lto stokojanti didesni\u0173 ambicij\u0173 bei pol\u0117kio. Flep\u0117, uoliai ai\u0161kindamasi jaun\u0173 atvyk\u0117li\u0173 tarpusavio santykius ir kartais darydama klaidingas i\u0161vadas, patiria did\u017eiul\u0119 \u012ftamp\u0105.<\/p>\n","protected":false},"featured_media":21223,"comment_status":"open","ping_status":"closed","template":"","meta":{"_acf_changed":false,"site-sidebar-layout":"default","site-content-layout":"","ast-site-content-layout":"default","site-content-style":"default","site-sidebar-style":"default","ast-global-header-display":"","ast-banner-title-visibility":"","ast-main-header-display":"","ast-hfb-above-header-display":"","ast-hfb-below-header-display":"","ast-hfb-mobile-header-display":"","site-post-title":"","ast-breadcrumbs-content":"","ast-featured-img":"","footer-sml-layout":"","ast-disable-related-posts":"","theme-transparent-header-meta":"","adv-header-id-meta":"","stick-header-meta":"","header-above-stick-meta":"","header-main-stick-meta":"","header-below-stick-meta":"","astra-migrate-meta-layouts":"default","ast-page-background-enabled":"default","ast-page-background-meta":{"desktop":{"background-color":"","background-image":"","background-repeat":"repeat","background-position":"center center","background-size":"auto","background-attachment":"scroll","background-type":"","background-media":"","overlay-type":"","overlay-color":"","overlay-opacity":"","overlay-gradient":""},"tablet":{"background-color":"","background-image":"","background-repeat":"repeat","background-position":"center center","background-size":"auto","background-attachment":"scroll","background-type":"","background-media":"","overlay-type":"","overlay-color":"","overlay-opacity":"","overlay-gradient":""},"mobile":{"background-color":"","background-image":"","background-repeat":"repeat","background-position":"center center","background-size":"auto","background-attachment":"scroll","background-type":"","background-media":"","overlay-type":"","overlay-color":"","overlay-opacity":"","overlay-gradient":""}},"ast-content-background-meta":{"desktop":{"background-color":"var(--ast-global-color-4)","background-image":"","background-repeat":"repeat","background-position":"center center","background-size":"auto","background-attachment":"scroll","background-type":"","background-media":"","overlay-type":"","overlay-color":"","overlay-opacity":"","overlay-gradient":""},"tablet":{"background-color":"var(--ast-global-color-4)","background-image":"","background-repeat":"repeat","background-position":"center center","background-size":"auto","background-attachment":"scroll","background-type":"","background-media":"","overlay-type":"","overlay-color":"","overlay-opacity":"","overlay-gradient":""},"mobile":{"background-color":"var(--ast-global-color-4)","background-image":"","background-repeat":"repeat","background-position":"center center","background-size":"auto","background-attachment":"scroll","background-type":"","background-media":"","overlay-type":"","overlay-color":"","overlay-opacity":"","overlay-gradient":""}}},"product_brand":[],"product_cat":[9734],"product_tag":[2392,2632,1748,8356,1745,4824,1646],"class_list":{"0":"post-21218","1":"product","2":"type-product","3":"status-publish","4":"has-post-thumbnail","6":"product_cat-romanai","7":"product_tag-britu-literatura","8":"product_tag-intrigos","9":"product_tag-meiles-istorija","10":"product_tag-miestelio-gyvenimas","11":"product_tag-romanas","12":"product_tag-santa-montefiore","13":"product_tag-seima","14":"desktop-align-left","15":"tablet-align-left","16":"mobile-align-left","18":"first","19":"instock","20":"shipping-taxable","21":"purchasable","22":"product-type-simple"},"acf":[],"yoast_head":"<!-- This site is optimized with the Yoast SEO plugin v27.0 - https:\/\/yoast.com\/product\/yoast-seo-wordpress\/ -->\n<title>Kauki\u0173 balius (nedidelis vir\u0161elio defektas)<\/title>\n<meta name=\"description\" content=\"Bedli Komptono miestelyje kai kas vyksta. Flep\u0117 Skot But, miestelio dorov\u0117s kompasas ir karalien\u0117, ruo\u0161iasi tai i\u0161tirti. \u012e miestel\u012f k\u0105 tik atsikraus\u010diusi\" \/>\n<meta name=\"robots\" content=\"index, follow, max-snippet:-1, max-image-preview:large, max-video-preview:-1\" \/>\n<link rel=\"canonical\" href=\"https:\/\/skaitytaknyga.lt\/en\/produktas\/kaukiu-balius-nedidelis-virselio-defektas\/\" \/>\n<meta property=\"og:locale\" content=\"en_GB\" \/>\n<meta property=\"og:locale:alternate\" content=\"lt_LT\" \/>\n<meta property=\"og:type\" content=\"article\" \/>\n<meta property=\"og:title\" content=\"Kauki\u0173 balius (nedidelis vir\u0161elio defektas)\" \/>\n<meta property=\"og:description\" content=\"Bedli Komptono miestelyje kai kas vyksta. Flep\u0117 Skot But, miestelio dorov\u0117s kompasas ir karalien\u0117, ruo\u0161iasi tai i\u0161tirti. \u012e miestel\u012f k\u0105 tik atsikraus\u010diusi\" \/>\n<meta property=\"og:url\" content=\"https:\/\/skaitytaknyga.lt\/en\/produktas\/kaukiu-balius-nedidelis-virselio-defektas\/\" \/>\n<meta property=\"og:site_name\" content=\"Skaitytaknyga\" \/>\n<meta property=\"article:publisher\" content=\"https:\/\/www.facebook.com\/skaitytaknyga\/\" \/>\n<meta property=\"article:modified_time\" content=\"2026-03-18T09:04:14+00:00\" \/>\n<meta property=\"og:image\" content=\"https:\/\/skaitytaknyga.lt\/wp-content\/uploads\/2025\/10\/Kaukiu-balius-1.webp\" \/>\n\t<meta property=\"og:image:width\" content=\"300\" \/>\n\t<meta property=\"og:image:height\" content=\"453\" \/>\n\t<meta property=\"og:image:type\" content=\"image\/webp\" \/>\n<meta name=\"twitter:card\" content=\"summary_large_image\" \/>\n<meta name=\"twitter:label1\" content=\"Estimated reading time\" \/>\n\t<meta name=\"twitter:data1\" content=\"1 minute\" \/>\n<script type=\"application\/ld+json\" class=\"yoast-schema-graph\">{\"@context\":\"https:\/\/schema.org\",\"@graph\":[{\"@type\":\"WebPage\",\"@id\":\"https:\/\/skaitytaknyga.lt\/produktas\/kaukiu-balius-nedidelis-virselio-defektas\/\",\"url\":\"https:\/\/skaitytaknyga.lt\/produktas\/kaukiu-balius-nedidelis-virselio-defektas\/\",\"name\":\"Kauki\u0173 balius (nedidelis vir\u0161elio defektas)\",\"isPartOf\":{\"@id\":\"https:\/\/skaitytaknyga.lt\/#website\"},\"primaryImageOfPage\":{\"@id\":\"https:\/\/skaitytaknyga.lt\/produktas\/kaukiu-balius-nedidelis-virselio-defektas\/#primaryimage\"},\"image\":{\"@id\":\"https:\/\/skaitytaknyga.lt\/produktas\/kaukiu-balius-nedidelis-virselio-defektas\/#primaryimage\"},\"thumbnailUrl\":\"https:\/\/skaitytaknyga.lt\/wp-content\/uploads\/2025\/10\/Kaukiu-balius-1.webp\",\"datePublished\":\"2025-10-04T16:17:22+00:00\",\"dateModified\":\"2026-03-18T09:04:14+00:00\",\"description\":\"Bedli Komptono miestelyje kai kas vyksta. Flep\u0117 Skot But, miestelio dorov\u0117s kompasas ir karalien\u0117, ruo\u0161iasi tai i\u0161tirti. \u012e miestel\u012f k\u0105 tik atsikraus\u010diusi\",\"breadcrumb\":{\"@id\":\"https:\/\/skaitytaknyga.lt\/produktas\/kaukiu-balius-nedidelis-virselio-defektas\/#breadcrumb\"},\"inLanguage\":\"en-GB\",\"potentialAction\":[{\"@type\":\"ReadAction\",\"target\":[\"https:\/\/skaitytaknyga.lt\/produktas\/kaukiu-balius-nedidelis-virselio-defektas\/\"]}]},{\"@type\":\"ImageObject\",\"inLanguage\":\"en-GB\",\"@id\":\"https:\/\/skaitytaknyga.lt\/produktas\/kaukiu-balius-nedidelis-virselio-defektas\/#primaryimage\",\"url\":\"https:\/\/skaitytaknyga.lt\/wp-content\/uploads\/2025\/10\/Kaukiu-balius-1.webp\",\"contentUrl\":\"https:\/\/skaitytaknyga.lt\/wp-content\/uploads\/2025\/10\/Kaukiu-balius-1.webp\",\"width\":300,\"height\":453,\"caption\":\"Kauki\u0173 balius\"},{\"@type\":\"BreadcrumbList\",\"@id\":\"https:\/\/skaitytaknyga.lt\/produktas\/kaukiu-balius-nedidelis-virselio-defektas\/#breadcrumb\",\"itemListElement\":[{\"@type\":\"ListItem\",\"position\":1,\"name\":\"Home\",\"item\":\"https:\/\/skaitytaknyga.lt\/\"},{\"@type\":\"ListItem\",\"position\":2,\"name\":\"Parduotuv\u0117\",\"item\":\"https:\/\/skaitytaknyga.lt\/knygu-parduotuve\/\"},{\"@type\":\"ListItem\",\"position\":3,\"name\":\"Kauki\u0173 balius (nedidelis vir\u0161elio defektas)\"}]},{\"@type\":\"WebSite\",\"@id\":\"https:\/\/skaitytaknyga.lt\/#website\",\"url\":\"https:\/\/skaitytaknyga.lt\/\",\"name\":\"skaitytaknyga.lt\",\"description\":\"Skaitytaknyga.lt \u2013 tai ma\u017eas \u0161eimos verslas, kuris prasid\u0117jo nuo meil\u0117s knygoms ir siekio i\u0161gelb\u0117ti knygas nuo likimo prie konteinerio. Kas vienam nereikalingas daiktas \u2013 kitam lobis, o mes esame tarpininkai, kurie padeda abiems tapti laimingesniems ???? \u017dinome kaip nelengva i\u0161gyventi ma\u017eiems verslams, tad nuo \u0161iol, \u010dia rasite ir kit\u0173, ma\u017e\u0173 \u0161eim\u0173 versl\u0173, rank\u0173 darbo, dovan\u0173 sau ir artimiesiems.\",\"publisher\":{\"@id\":\"https:\/\/skaitytaknyga.lt\/#organization\"},\"potentialAction\":[{\"@type\":\"SearchAction\",\"target\":{\"@type\":\"EntryPoint\",\"urlTemplate\":\"https:\/\/skaitytaknyga.lt\/?s={search_term_string}\"},\"query-input\":{\"@type\":\"PropertyValueSpecification\",\"valueRequired\":true,\"valueName\":\"search_term_string\"}}],\"inLanguage\":\"en-GB\"},{\"@type\":\"Organization\",\"@id\":\"https:\/\/skaitytaknyga.lt\/#organization\",\"name\":\"skaitytaknyga.lt\",\"url\":\"https:\/\/skaitytaknyga.lt\/\",\"logo\":{\"@type\":\"ImageObject\",\"inLanguage\":\"en-GB\",\"@id\":\"https:\/\/skaitytaknyga.lt\/#\/schema\/logo\/image\/\",\"url\":\"https:\/\/skaitytaknyga.lt\/wp-content\/uploads\/2024\/05\/cropped-cropped-cropped-02_00843_jt3bggkj1j3HLc7SyY6rEUpg.jpeg\",\"contentUrl\":\"https:\/\/skaitytaknyga.lt\/wp-content\/uploads\/2024\/05\/cropped-cropped-cropped-02_00843_jt3bggkj1j3HLc7SyY6rEUpg.jpeg\",\"width\":1600,\"height\":1600,\"caption\":\"skaitytaknyga.lt\"},\"image\":{\"@id\":\"https:\/\/skaitytaknyga.lt\/#\/schema\/logo\/image\/\"},\"sameAs\":[\"https:\/\/www.facebook.com\/skaitytaknyga\/\"]}]}<\/script>\n<!-- \/ Yoast SEO plugin. -->","yoast_head_json":{"title":"Kauki\u0173 balius (nedidelis vir\u0161elio defektas)","description":"Bedli Komptono miestelyje kai kas vyksta. Flep\u0117 Skot But, miestelio dorov\u0117s kompasas ir karalien\u0117, ruo\u0161iasi tai i\u0161tirti. \u012e miestel\u012f k\u0105 tik atsikraus\u010diusi","robots":{"index":"index","follow":"follow","max-snippet":"max-snippet:-1","max-image-preview":"max-image-preview:large","max-video-preview":"max-video-preview:-1"},"canonical":"https:\/\/skaitytaknyga.lt\/en\/produktas\/kaukiu-balius-nedidelis-virselio-defektas\/","og_locale":"en_GB","og_type":"article","og_title":"[:lt]Kauki\u0173 balius (nedidelis vir\u0161elio defektas)[:] - Skaitytaknyga","og_description":"Bedli Komptono miestelyje kai kas vyksta. Flep\u0117 Skot But, miestelio dorov\u0117s kompasas ir karalien\u0117, ruo\u0161iasi tai i\u0161tirti. \u012e miestel\u012f k\u0105 tik atsikraus\u010diusi","og_url":"https:\/\/skaitytaknyga.lt\/en\/produktas\/kaukiu-balius-nedidelis-virselio-defektas\/","og_site_name":"Skaitytaknyga","article_publisher":"https:\/\/www.facebook.com\/skaitytaknyga\/","article_modified_time":"2026-03-18T09:04:14+00:00","og_image":[{"width":300,"height":453,"url":"https:\/\/skaitytaknyga.lt\/wp-content\/uploads\/2025\/10\/Kaukiu-balius-1.webp","type":"image\/webp"}],"twitter_card":"summary_large_image","twitter_misc":{"Estimated reading time":"1 minute"},"schema":{"@context":"https:\/\/schema.org","@graph":[{"@type":"WebPage","@id":"https:\/\/skaitytaknyga.lt\/produktas\/kaukiu-balius-nedidelis-virselio-defektas\/","url":"https:\/\/skaitytaknyga.lt\/produktas\/kaukiu-balius-nedidelis-virselio-defektas\/","name":"Kauki\u0173 balius (nedidelis vir\u0161elio defektas)","isPartOf":{"@id":"https:\/\/skaitytaknyga.lt\/#website"},"primaryImageOfPage":{"@id":"https:\/\/skaitytaknyga.lt\/produktas\/kaukiu-balius-nedidelis-virselio-defektas\/#primaryimage"},"image":{"@id":"https:\/\/skaitytaknyga.lt\/produktas\/kaukiu-balius-nedidelis-virselio-defektas\/#primaryimage"},"thumbnailUrl":"https:\/\/skaitytaknyga.lt\/wp-content\/uploads\/2025\/10\/Kaukiu-balius-1.webp","datePublished":"2025-10-04T16:17:22+00:00","dateModified":"2026-03-18T09:04:14+00:00","description":"Bedli Komptono miestelyje kai kas vyksta. Flep\u0117 Skot But, miestelio dorov\u0117s kompasas ir karalien\u0117, ruo\u0161iasi tai i\u0161tirti. \u012e miestel\u012f k\u0105 tik atsikraus\u010diusi","breadcrumb":{"@id":"https:\/\/skaitytaknyga.lt\/produktas\/kaukiu-balius-nedidelis-virselio-defektas\/#breadcrumb"},"inLanguage":"en-GB","potentialAction":[{"@type":"ReadAction","target":["https:\/\/skaitytaknyga.lt\/produktas\/kaukiu-balius-nedidelis-virselio-defektas\/"]}]},{"@type":"ImageObject","inLanguage":"en-GB","@id":"https:\/\/skaitytaknyga.lt\/produktas\/kaukiu-balius-nedidelis-virselio-defektas\/#primaryimage","url":"https:\/\/skaitytaknyga.lt\/wp-content\/uploads\/2025\/10\/Kaukiu-balius-1.webp","contentUrl":"https:\/\/skaitytaknyga.lt\/wp-content\/uploads\/2025\/10\/Kaukiu-balius-1.webp","width":300,"height":453,"caption":"Kauki\u0173 balius"},{"@type":"BreadcrumbList","@id":"https:\/\/skaitytaknyga.lt\/produktas\/kaukiu-balius-nedidelis-virselio-defektas\/#breadcrumb","itemListElement":[{"@type":"ListItem","position":1,"name":"Home","item":"https:\/\/skaitytaknyga.lt\/"},{"@type":"ListItem","position":2,"name":"Parduotuv\u0117","item":"https:\/\/skaitytaknyga.lt\/knygu-parduotuve\/"},{"@type":"ListItem","position":3,"name":"Kauki\u0173 balius (nedidelis vir\u0161elio defektas)"}]},{"@type":"WebSite","@id":"https:\/\/skaitytaknyga.lt\/#website","url":"https:\/\/skaitytaknyga.lt\/","name":"skaitytaknyga.lt","description":"Skaitytaknyga.lt \u2013 tai ma\u017eas \u0161eimos verslas, kuris prasid\u0117jo nuo meil\u0117s knygoms ir siekio i\u0161gelb\u0117ti knygas nuo likimo prie konteinerio. Kas vienam nereikalingas daiktas \u2013 kitam lobis, o mes esame tarpininkai, kurie padeda abiems tapti laimingesniems ???? \u017dinome kaip nelengva i\u0161gyventi ma\u017eiems verslams, tad nuo \u0161iol, \u010dia rasite ir kit\u0173, ma\u017e\u0173 \u0161eim\u0173 versl\u0173, rank\u0173 darbo, dovan\u0173 sau ir artimiesiems.","publisher":{"@id":"https:\/\/skaitytaknyga.lt\/#organization"},"potentialAction":[{"@type":"SearchAction","target":{"@type":"EntryPoint","urlTemplate":"https:\/\/skaitytaknyga.lt\/?s={search_term_string}"},"query-input":{"@type":"PropertyValueSpecification","valueRequired":true,"valueName":"search_term_string"}}],"inLanguage":"en-GB"},{"@type":"Organization","@id":"https:\/\/skaitytaknyga.lt\/#organization","name":"skaitytaknyga.lt","url":"https:\/\/skaitytaknyga.lt\/","logo":{"@type":"ImageObject","inLanguage":"en-GB","@id":"https:\/\/skaitytaknyga.lt\/#\/schema\/logo\/image\/","url":"https:\/\/skaitytaknyga.lt\/wp-content\/uploads\/2024\/05\/cropped-cropped-cropped-02_00843_jt3bggkj1j3HLc7SyY6rEUpg.jpeg","contentUrl":"https:\/\/skaitytaknyga.lt\/wp-content\/uploads\/2024\/05\/cropped-cropped-cropped-02_00843_jt3bggkj1j3HLc7SyY6rEUpg.jpeg","width":1600,"height":1600,"caption":"skaitytaknyga.lt"},"image":{"@id":"https:\/\/skaitytaknyga.lt\/#\/schema\/logo\/image\/"},"sameAs":["https:\/\/www.facebook.com\/skaitytaknyga\/"]}]}},"_links":{"self":[{"href":"https:\/\/skaitytaknyga.lt\/en\/wp-json\/wp\/v2\/product\/21218","targetHints":{"allow":["GET"]}}],"collection":[{"href":"https:\/\/skaitytaknyga.lt\/en\/wp-json\/wp\/v2\/product"}],"about":[{"href":"https:\/\/skaitytaknyga.lt\/en\/wp-json\/wp\/v2\/types\/product"}],"replies":[{"embeddable":true,"href":"https:\/\/skaitytaknyga.lt\/en\/wp-json\/wp\/v2\/comments?post=21218"}],"wp:featuredmedia":[{"embeddable":true,"href":"https:\/\/skaitytaknyga.lt\/en\/wp-json\/wp\/v2\/media\/21223"}],"wp:attachment":[{"href":"https:\/\/skaitytaknyga.lt\/en\/wp-json\/wp\/v2\/media?parent=21218"}],"wp:term":[{"taxonomy":"product_brand","embeddable":true,"href":"https:\/\/skaitytaknyga.lt\/en\/wp-json\/wp\/v2\/product_brand?post=21218"},{"taxonomy":"product_cat","embeddable":true,"href":"https:\/\/skaitytaknyga.lt\/en\/wp-json\/wp\/v2\/product_cat?post=21218"},{"taxonomy":"product_tag","embeddable":true,"href":"https:\/\/skaitytaknyga.lt\/en\/wp-json\/wp\/v2\/product_tag?post=21218"}],"curies":[{"name":"wp","href":"https:\/\/api.w.org\/{rel}","templated":true}]}}