{"id":21214,"date":"2025-10-04T19:17:22","date_gmt":"2025-10-04T16:17:22","guid":{"rendered":"https:\/\/skaitytaknyga.lt\/?post_type=product&#038;p=21214"},"modified":"2025-10-06T11:02:40","modified_gmt":"2025-10-06T08:02:40","slug":"filipinai-ugnies-ziedo-kerai","status":"publish","type":"product","link":"https:\/\/skaitytaknyga.lt\/en\/produktas\/filipinai-ugnies-ziedo-kerai\/","title":{"rendered":"Filipinai. Ugnies \u017eiedo kerai"},"content":{"rendered":"<p>Knygoje \u201eFilipinai. Ugnies \u017eiedo kerai\u201c autorius ra\u0161o apie savo keliones po Filipinus. Tai ne tik kelioni\u0173 dienora\u0161tis, bet ir puikus kelioni\u0173 vadovas. Autorius pateikia svarbiausi\u0105 informacij\u0105 apie \u0161al\u012f, pa\u012fvairindamas j\u0105 savo patirtimi. Dainius pasakoja ne apie prabangius vie\u0161bu\u010dius ar restoranus, bet apie nuo\u0161ird\u017eius ir laimingus filipinie\u010dius, sud\u0117tingas \u0161alies gamtos s\u0105lygas, d\u0117l j\u0173 kylan\u010dius pavojus vietiniams gyventojams ir apie paprastus j\u0173 kasdienius d\u017eiaugsmus.<\/p>\n<p>Knygos autorius \u2013 \u017einomas keliautojas Dainius Kinderis, peln\u0119s Met\u0173 keliautojo rinkim\u0173 pagrindin\u0119 nominacij\u0105 \u2013 buvo i\u0161rinktas Lietuvos Magelanu.<\/p>\n","protected":false},"excerpt":{"rendered":"<p>Knygoje \u201eFilipinai. Ugnies \u017eiedo kerai\u201c autorius ra\u0161o apie savo keliones po Filipinus. Tai ne tik kelioni\u0173 dienora\u0161tis, bet ir puikus kelioni\u0173 vadovas. Autorius pateikia svarbiausi\u0105 informacij\u0105 apie \u0161al\u012f, pa\u012fvairindamas j\u0105 savo patirtimi. Dainius pasakoja ne apie prabangius vie\u0161bu\u010dius ar restoranus, bet apie nuo\u0161ird\u017eius ir laimingus filipinie\u010dius, sud\u0117tingas \u0161alies gamtos s\u0105lygas, d\u0117l j\u0173 kylan\u010dius pavojus vietiniams gyventojams ir apie paprastus j\u0173 kasdienius d\u017eiaugsmus. Knygos autorius \u2013 \u017einomas keliautojas Dainius Kinderis, peln\u0119s Met\u0173 keliautojo rinkim\u0173 pagrindin\u0119 nominacij\u0105 \u2013 buvo i\u0161rinktas Lietuvos Magelanu.<\/p>\n","protected":false},"featured_media":21219,"comment_status":"open","ping_status":"closed","template":"","meta":{"_acf_changed":false,"site-sidebar-layout":"default","site-content-layout":"","ast-site-content-layout":"default","site-content-style":"default","site-sidebar-style":"default","ast-global-header-display":"","ast-banner-title-visibility":"","ast-main-header-display":"","ast-hfb-above-header-display":"","ast-hfb-below-header-display":"","ast-hfb-mobile-header-display":"","site-post-title":"","ast-breadcrumbs-content":"","ast-featured-img":"","footer-sml-layout":"","ast-disable-related-posts":"","theme-transparent-header-meta":"","adv-header-id-meta":"","stick-header-meta":"","header-above-stick-meta":"","header-main-stick-meta":"","header-below-stick-meta":"","astra-migrate-meta-layouts":"default","ast-page-background-enabled":"default","ast-page-background-meta":{"desktop":{"background-color":"","background-image":"","background-repeat":"repeat","background-position":"center center","background-size":"auto","background-attachment":"scroll","background-type":"","background-media":"","overlay-type":"","overlay-color":"","overlay-opacity":"","overlay-gradient":""},"tablet":{"background-color":"","background-image":"","background-repeat":"repeat","background-position":"center center","background-size":"auto","background-attachment":"scroll","background-type":"","background-media":"","overlay-type":"","overlay-color":"","overlay-opacity":"","overlay-gradient":""},"mobile":{"background-color":"","background-image":"","background-repeat":"repeat","background-position":"center center","background-size":"auto","background-attachment":"scroll","background-type":"","background-media":"","overlay-type":"","overlay-color":"","overlay-opacity":"","overlay-gradient":""}},"ast-content-background-meta":{"desktop":{"background-color":"var(--ast-global-color-4)","background-image":"","background-repeat":"repeat","background-position":"center center","background-size":"auto","background-attachment":"scroll","background-type":"","background-media":"","overlay-type":"","overlay-color":"","overlay-opacity":"","overlay-gradient":""},"tablet":{"background-color":"var(--ast-global-color-4)","background-image":"","background-repeat":"repeat","background-position":"center center","background-size":"auto","background-attachment":"scroll","background-type":"","background-media":"","overlay-type":"","overlay-color":"","overlay-opacity":"","overlay-gradient":""},"mobile":{"background-color":"var(--ast-global-color-4)","background-image":"","background-repeat":"repeat","background-position":"center center","background-size":"auto","background-attachment":"scroll","background-type":"","background-media":"","overlay-type":"","overlay-color":"","overlay-opacity":"","overlay-gradient":""}}},"product_brand":[],"product_cat":[15],"product_tag":[8344,3916,8345,1802,1445,2376,8346],"class_list":{"0":"post-21214","1":"product","2":"type-product","3":"status-publish","4":"has-post-thumbnail","6":"product_cat-uncategorized","7":"product_tag-dainius-kinderis","8":"product_tag-dienorastis","9":"product_tag-filipinai","10":"product_tag-gamta","11":"product_tag-keliones","12":"product_tag-kultura","13":"product_tag-lietuviu-keliautojai","14":"desktop-align-left","15":"tablet-align-left","16":"mobile-align-left","18":"first","19":"instock","20":"shipping-taxable","21":"purchasable","22":"product-type-simple"},"acf":[],"yoast_head":"<!-- This site is optimized with the Yoast SEO plugin v27.4 - https:\/\/yoast.com\/product\/yoast-seo-wordpress\/ -->\n<title>Filipinai. Ugnies \u017eiedo kerai<\/title>\n<meta name=\"description\" content=\"Knygoje \u201eFilipinai. Ugnies \u017eiedo kerai\u201c autorius ra\u0161o apie savo keliones po Filipinus. Tai ne tik kelioni\u0173 dienora\u0161tis, bet ir puikus kelioni\u0173 vadovas.\" \/>\n<meta name=\"robots\" content=\"index, follow, max-snippet:-1, max-image-preview:large, max-video-preview:-1\" \/>\n<link rel=\"canonical\" href=\"https:\/\/skaitytaknyga.lt\/en\/produktas\/filipinai-ugnies-ziedo-kerai\/\" \/>\n<meta property=\"og:locale\" content=\"en_GB\" \/>\n<meta property=\"og:locale:alternate\" content=\"lt_LT\" \/>\n<meta property=\"og:type\" content=\"article\" \/>\n<meta property=\"og:title\" content=\"Filipinai. Ugnies \u017eiedo kerai\" \/>\n<meta property=\"og:description\" content=\"Knygoje \u201eFilipinai. Ugnies \u017eiedo kerai\u201c autorius ra\u0161o apie savo keliones po Filipinus. Tai ne tik kelioni\u0173 dienora\u0161tis, bet ir puikus kelioni\u0173 vadovas.\" \/>\n<meta property=\"og:url\" content=\"https:\/\/skaitytaknyga.lt\/en\/produktas\/filipinai-ugnies-ziedo-kerai\/\" \/>\n<meta property=\"og:site_name\" content=\"Skaitytaknyga\" \/>\n<meta property=\"article:publisher\" content=\"https:\/\/www.facebook.com\/skaitytaknyga\/\" \/>\n<meta property=\"article:modified_time\" content=\"2025-10-06T08:02:40+00:00\" \/>\n<meta property=\"og:image\" content=\"https:\/\/skaitytaknyga.lt\/wp-content\/uploads\/2025\/10\/Filipinai.-Ugnies-ziedo-kerai-1.webp\" \/>\n\t<meta property=\"og:image:width\" content=\"300\" \/>\n\t<meta property=\"og:image:height\" content=\"429\" \/>\n\t<meta property=\"og:image:type\" content=\"image\/webp\" \/>\n<meta name=\"twitter:card\" content=\"summary_large_image\" \/>\n<script type=\"application\/ld+json\" class=\"yoast-schema-graph\">{\"@context\":\"https:\\\/\\\/schema.org\",\"@graph\":[{\"@type\":\"WebPage\",\"@id\":\"https:\\\/\\\/skaitytaknyga.lt\\\/produktas\\\/filipinai-ugnies-ziedo-kerai\\\/\",\"url\":\"https:\\\/\\\/skaitytaknyga.lt\\\/produktas\\\/filipinai-ugnies-ziedo-kerai\\\/\",\"name\":\"Filipinai. Ugnies \u017eiedo kerai\",\"isPartOf\":{\"@id\":\"https:\\\/\\\/skaitytaknyga.lt\\\/#website\"},\"primaryImageOfPage\":{\"@id\":\"https:\\\/\\\/skaitytaknyga.lt\\\/produktas\\\/filipinai-ugnies-ziedo-kerai\\\/#primaryimage\"},\"image\":{\"@id\":\"https:\\\/\\\/skaitytaknyga.lt\\\/produktas\\\/filipinai-ugnies-ziedo-kerai\\\/#primaryimage\"},\"thumbnailUrl\":\"https:\\\/\\\/skaitytaknyga.lt\\\/wp-content\\\/uploads\\\/2025\\\/10\\\/Filipinai.-Ugnies-ziedo-kerai-1.webp\",\"datePublished\":\"2025-10-04T16:17:22+00:00\",\"dateModified\":\"2025-10-06T08:02:40+00:00\",\"description\":\"Knygoje \u201eFilipinai. Ugnies \u017eiedo kerai\u201c autorius ra\u0161o apie savo keliones po Filipinus. Tai ne tik kelioni\u0173 dienora\u0161tis, bet ir puikus kelioni\u0173 vadovas.\",\"breadcrumb\":{\"@id\":\"https:\\\/\\\/skaitytaknyga.lt\\\/produktas\\\/filipinai-ugnies-ziedo-kerai\\\/#breadcrumb\"},\"inLanguage\":\"en-GB\",\"potentialAction\":[{\"@type\":\"ReadAction\",\"target\":[\"https:\\\/\\\/skaitytaknyga.lt\\\/produktas\\\/filipinai-ugnies-ziedo-kerai\\\/\"]}]},{\"@type\":\"ImageObject\",\"inLanguage\":\"en-GB\",\"@id\":\"https:\\\/\\\/skaitytaknyga.lt\\\/produktas\\\/filipinai-ugnies-ziedo-kerai\\\/#primaryimage\",\"url\":\"https:\\\/\\\/skaitytaknyga.lt\\\/wp-content\\\/uploads\\\/2025\\\/10\\\/Filipinai.-Ugnies-ziedo-kerai-1.webp\",\"contentUrl\":\"https:\\\/\\\/skaitytaknyga.lt\\\/wp-content\\\/uploads\\\/2025\\\/10\\\/Filipinai.-Ugnies-ziedo-kerai-1.webp\",\"width\":300,\"height\":429,\"caption\":\"Filipinai. Ugnies \u017eiedo kerai\"},{\"@type\":\"BreadcrumbList\",\"@id\":\"https:\\\/\\\/skaitytaknyga.lt\\\/produktas\\\/filipinai-ugnies-ziedo-kerai\\\/#breadcrumb\",\"itemListElement\":[{\"@type\":\"ListItem\",\"position\":1,\"name\":\"Home\",\"item\":\"https:\\\/\\\/skaitytaknyga.lt\\\/\"},{\"@type\":\"ListItem\",\"position\":2,\"name\":\"Parduotuv\u0117\",\"item\":\"https:\\\/\\\/skaitytaknyga.lt\\\/knygu-parduotuve\\\/\"},{\"@type\":\"ListItem\",\"position\":3,\"name\":\"Filipinai. Ugnies \u017eiedo kerai\"}]},{\"@type\":\"WebSite\",\"@id\":\"https:\\\/\\\/skaitytaknyga.lt\\\/#website\",\"url\":\"https:\\\/\\\/skaitytaknyga.lt\\\/\",\"name\":\"skaitytaknyga.lt\",\"description\":\"Skaitytaknyga.lt \u2013 tai ma\u017eas \u0161eimos verslas, kuris prasid\u0117jo nuo meil\u0117s knygoms ir siekio i\u0161gelb\u0117ti knygas nuo likimo prie konteinerio. Kas vienam nereikalingas daiktas \u2013 kitam lobis, o mes esame tarpininkai, kurie padeda abiems tapti laimingesniems ???? \u017dinome kaip nelengva i\u0161gyventi ma\u017eiems verslams, tad nuo \u0161iol, \u010dia rasite ir kit\u0173, ma\u017e\u0173 \u0161eim\u0173 versl\u0173, rank\u0173 darbo, dovan\u0173 sau ir artimiesiems.\",\"publisher\":{\"@id\":\"https:\\\/\\\/skaitytaknyga.lt\\\/#organization\"},\"potentialAction\":[{\"@type\":\"SearchAction\",\"target\":{\"@type\":\"EntryPoint\",\"urlTemplate\":\"https:\\\/\\\/skaitytaknyga.lt\\\/?s={search_term_string}\"},\"query-input\":{\"@type\":\"PropertyValueSpecification\",\"valueRequired\":true,\"valueName\":\"search_term_string\"}}],\"inLanguage\":\"en-GB\"},{\"@type\":\"Organization\",\"@id\":\"https:\\\/\\\/skaitytaknyga.lt\\\/#organization\",\"name\":\"skaitytaknyga.lt\",\"url\":\"https:\\\/\\\/skaitytaknyga.lt\\\/\",\"logo\":{\"@type\":\"ImageObject\",\"inLanguage\":\"en-GB\",\"@id\":\"https:\\\/\\\/skaitytaknyga.lt\\\/#\\\/schema\\\/logo\\\/image\\\/\",\"url\":\"https:\\\/\\\/skaitytaknyga.lt\\\/wp-content\\\/uploads\\\/2024\\\/05\\\/cropped-cropped-cropped-02_00843_jt3bggkj1j3HLc7SyY6rEUpg.jpeg\",\"contentUrl\":\"https:\\\/\\\/skaitytaknyga.lt\\\/wp-content\\\/uploads\\\/2024\\\/05\\\/cropped-cropped-cropped-02_00843_jt3bggkj1j3HLc7SyY6rEUpg.jpeg\",\"width\":1600,\"height\":1600,\"caption\":\"skaitytaknyga.lt\"},\"image\":{\"@id\":\"https:\\\/\\\/skaitytaknyga.lt\\\/#\\\/schema\\\/logo\\\/image\\\/\"},\"sameAs\":[\"https:\\\/\\\/www.facebook.com\\\/skaitytaknyga\\\/\"]}]}<\/script>\n<!-- \/ Yoast SEO plugin. -->","yoast_head_json":{"title":"Filipinai. Ugnies \u017eiedo kerai","description":"Knygoje \u201eFilipinai. Ugnies \u017eiedo kerai\u201c autorius ra\u0161o apie savo keliones po Filipinus. Tai ne tik kelioni\u0173 dienora\u0161tis, bet ir puikus kelioni\u0173 vadovas.","robots":{"index":"index","follow":"follow","max-snippet":"max-snippet:-1","max-image-preview":"max-image-preview:large","max-video-preview":"max-video-preview:-1"},"canonical":"https:\/\/skaitytaknyga.lt\/en\/produktas\/filipinai-ugnies-ziedo-kerai\/","og_locale":"en_GB","og_type":"article","og_title":"[:lt]Filipinai. Ugnies \u017eiedo kerai[:] - Skaitytaknyga","og_description":"Knygoje \u201eFilipinai. Ugnies \u017eiedo kerai\u201c autorius ra\u0161o apie savo keliones po Filipinus. Tai ne tik kelioni\u0173 dienora\u0161tis, bet ir puikus kelioni\u0173 vadovas.","og_url":"https:\/\/skaitytaknyga.lt\/en\/produktas\/filipinai-ugnies-ziedo-kerai\/","og_site_name":"Skaitytaknyga","article_publisher":"https:\/\/www.facebook.com\/skaitytaknyga\/","article_modified_time":"2025-10-06T08:02:40+00:00","og_image":[{"width":300,"height":429,"url":"https:\/\/skaitytaknyga.lt\/wp-content\/uploads\/2025\/10\/Filipinai.-Ugnies-ziedo-kerai-1.webp","type":"image\/webp"}],"twitter_card":"summary_large_image","schema":{"@context":"https:\/\/schema.org","@graph":[{"@type":"WebPage","@id":"https:\/\/skaitytaknyga.lt\/produktas\/filipinai-ugnies-ziedo-kerai\/","url":"https:\/\/skaitytaknyga.lt\/produktas\/filipinai-ugnies-ziedo-kerai\/","name":"Filipinai. Ugnies \u017eiedo kerai","isPartOf":{"@id":"https:\/\/skaitytaknyga.lt\/#website"},"primaryImageOfPage":{"@id":"https:\/\/skaitytaknyga.lt\/produktas\/filipinai-ugnies-ziedo-kerai\/#primaryimage"},"image":{"@id":"https:\/\/skaitytaknyga.lt\/produktas\/filipinai-ugnies-ziedo-kerai\/#primaryimage"},"thumbnailUrl":"https:\/\/skaitytaknyga.lt\/wp-content\/uploads\/2025\/10\/Filipinai.-Ugnies-ziedo-kerai-1.webp","datePublished":"2025-10-04T16:17:22+00:00","dateModified":"2025-10-06T08:02:40+00:00","description":"Knygoje \u201eFilipinai. Ugnies \u017eiedo kerai\u201c autorius ra\u0161o apie savo keliones po Filipinus. Tai ne tik kelioni\u0173 dienora\u0161tis, bet ir puikus kelioni\u0173 vadovas.","breadcrumb":{"@id":"https:\/\/skaitytaknyga.lt\/produktas\/filipinai-ugnies-ziedo-kerai\/#breadcrumb"},"inLanguage":"en-GB","potentialAction":[{"@type":"ReadAction","target":["https:\/\/skaitytaknyga.lt\/produktas\/filipinai-ugnies-ziedo-kerai\/"]}]},{"@type":"ImageObject","inLanguage":"en-GB","@id":"https:\/\/skaitytaknyga.lt\/produktas\/filipinai-ugnies-ziedo-kerai\/#primaryimage","url":"https:\/\/skaitytaknyga.lt\/wp-content\/uploads\/2025\/10\/Filipinai.-Ugnies-ziedo-kerai-1.webp","contentUrl":"https:\/\/skaitytaknyga.lt\/wp-content\/uploads\/2025\/10\/Filipinai.-Ugnies-ziedo-kerai-1.webp","width":300,"height":429,"caption":"Filipinai. Ugnies \u017eiedo kerai"},{"@type":"BreadcrumbList","@id":"https:\/\/skaitytaknyga.lt\/produktas\/filipinai-ugnies-ziedo-kerai\/#breadcrumb","itemListElement":[{"@type":"ListItem","position":1,"name":"Home","item":"https:\/\/skaitytaknyga.lt\/"},{"@type":"ListItem","position":2,"name":"Parduotuv\u0117","item":"https:\/\/skaitytaknyga.lt\/knygu-parduotuve\/"},{"@type":"ListItem","position":3,"name":"Filipinai. Ugnies \u017eiedo kerai"}]},{"@type":"WebSite","@id":"https:\/\/skaitytaknyga.lt\/#website","url":"https:\/\/skaitytaknyga.lt\/","name":"skaitytaknyga.lt","description":"Skaitytaknyga.lt \u2013 tai ma\u017eas \u0161eimos verslas, kuris prasid\u0117jo nuo meil\u0117s knygoms ir siekio i\u0161gelb\u0117ti knygas nuo likimo prie konteinerio. Kas vienam nereikalingas daiktas \u2013 kitam lobis, o mes esame tarpininkai, kurie padeda abiems tapti laimingesniems ???? \u017dinome kaip nelengva i\u0161gyventi ma\u017eiems verslams, tad nuo \u0161iol, \u010dia rasite ir kit\u0173, ma\u017e\u0173 \u0161eim\u0173 versl\u0173, rank\u0173 darbo, dovan\u0173 sau ir artimiesiems.","publisher":{"@id":"https:\/\/skaitytaknyga.lt\/#organization"},"potentialAction":[{"@type":"SearchAction","target":{"@type":"EntryPoint","urlTemplate":"https:\/\/skaitytaknyga.lt\/?s={search_term_string}"},"query-input":{"@type":"PropertyValueSpecification","valueRequired":true,"valueName":"search_term_string"}}],"inLanguage":"en-GB"},{"@type":"Organization","@id":"https:\/\/skaitytaknyga.lt\/#organization","name":"skaitytaknyga.lt","url":"https:\/\/skaitytaknyga.lt\/","logo":{"@type":"ImageObject","inLanguage":"en-GB","@id":"https:\/\/skaitytaknyga.lt\/#\/schema\/logo\/image\/","url":"https:\/\/skaitytaknyga.lt\/wp-content\/uploads\/2024\/05\/cropped-cropped-cropped-02_00843_jt3bggkj1j3HLc7SyY6rEUpg.jpeg","contentUrl":"https:\/\/skaitytaknyga.lt\/wp-content\/uploads\/2024\/05\/cropped-cropped-cropped-02_00843_jt3bggkj1j3HLc7SyY6rEUpg.jpeg","width":1600,"height":1600,"caption":"skaitytaknyga.lt"},"image":{"@id":"https:\/\/skaitytaknyga.lt\/#\/schema\/logo\/image\/"},"sameAs":["https:\/\/www.facebook.com\/skaitytaknyga\/"]}]}},"_links":{"self":[{"href":"https:\/\/skaitytaknyga.lt\/en\/wp-json\/wp\/v2\/product\/21214","targetHints":{"allow":["GET"]}}],"collection":[{"href":"https:\/\/skaitytaknyga.lt\/en\/wp-json\/wp\/v2\/product"}],"about":[{"href":"https:\/\/skaitytaknyga.lt\/en\/wp-json\/wp\/v2\/types\/product"}],"replies":[{"embeddable":true,"href":"https:\/\/skaitytaknyga.lt\/en\/wp-json\/wp\/v2\/comments?post=21214"}],"wp:featuredmedia":[{"embeddable":true,"href":"https:\/\/skaitytaknyga.lt\/en\/wp-json\/wp\/v2\/media\/21219"}],"wp:attachment":[{"href":"https:\/\/skaitytaknyga.lt\/en\/wp-json\/wp\/v2\/media?parent=21214"}],"wp:term":[{"taxonomy":"product_brand","embeddable":true,"href":"https:\/\/skaitytaknyga.lt\/en\/wp-json\/wp\/v2\/product_brand?post=21214"},{"taxonomy":"product_cat","embeddable":true,"href":"https:\/\/skaitytaknyga.lt\/en\/wp-json\/wp\/v2\/product_cat?post=21214"},{"taxonomy":"product_tag","embeddable":true,"href":"https:\/\/skaitytaknyga.lt\/en\/wp-json\/wp\/v2\/product_tag?post=21214"}],"curies":[{"name":"wp","href":"https:\/\/api.w.org\/{rel}","templated":true}]}}