{"id":21206,"date":"2025-10-04T19:00:39","date_gmt":"2025-10-04T16:00:39","guid":{"rendered":"https:\/\/skaitytaknyga.lt\/?post_type=product&#038;p=21206"},"modified":"2025-10-06T11:02:40","modified_gmt":"2025-10-06T08:02:40","slug":"cigones-kerai","status":"publish","type":"product","link":"https:\/\/skaitytaknyga.lt\/en\/produktas\/cigones-kerai\/","title":{"rendered":"\u010cigon\u0117s kerai"},"content":{"rendered":"<p>\u017dinojau, kad ten mano namai. \u017dinojau, kad ten mano prieglobstis. N\u0117 ne\u012fsivaizdavau, kur tai yra.<\/p>\n<p>Raudonplauk\u0117 Meridon vis\u0105 laik\u0105 jau\u010dia, kad likimas jai buvo numat\u0119s kit\u0105 gyvenim\u0105\u2026 U\u017eaugusi pas \u010digonus, pasmerkta am\u017einam klajokl\u0117s gyvenimui, ji nepraranda vilties surasti tikr\u0105j\u0105 savo viet\u0105 \u0161iame pasaulyje \u2013 viet\u0105, kuri\u0105 regi nuolat pasikartojan\u010diame sapne\u2026<\/p>\n<p>Ar kur nors tikrai egzistuoja namai, kuriuose ji vadinama ne Meridon, o Sara Leis? Ar jai i\u0161 ties\u0173 lemta tapti turtinga ir paveld\u0117ti paslapting\u0105 \u017eem\u0119, vadinama Pla\u010dialaukiu?<\/p>\n<p>Meridon istorija \u2013 tai universali kiekvienos moters istorija. Kasdien svajojusi apie gyvenim\u0105, kurio nusipeln\u0117, vos nepraradusi visko d\u0117l vyro, kuris nebuvo jos vertas, Meridon galiausiai suvoks, kad kilm\u0117 nesvarbu, nes vis tiek pats esi savo gyvenimo kalvis\u2026<\/p>\n","protected":false},"excerpt":{"rendered":"<p>\u017dinojau, kad ten mano namai. \u017dinojau, kad ten mano prieglobstis. N\u0117 ne\u012fsivaizdavau, kur tai yra. Raudonplauk\u0117 Meridon vis\u0105 laik\u0105 jau\u010dia, kad likimas jai buvo numat\u0119s kit\u0105 gyvenim\u0105\u2026 U\u017eaugusi pas \u010digonus, pasmerkta am\u017einam klajokl\u0117s gyvenimui, ji nepraranda vilties surasti tikr\u0105j\u0105 savo viet\u0105 \u0161iame pasaulyje \u2013 viet\u0105, kuri\u0105 regi nuolat pasikartojan\u010diame sapne\u2026 Ar kur nors tikrai egzistuoja namai, kuriuose ji vadinama ne Meridon, o Sara Leis? Ar jai i\u0161 ties\u0173 lemta tapti turtinga ir paveld\u0117ti paslapting\u0105 \u017eem\u0119, vadinama Pla\u010dialaukiu? Meridon istorija \u2013 tai universali kiekvienos moters istorija. Kasdien svajojusi apie gyvenim\u0105, kurio nusipeln\u0117, vos nepraradusi visko d\u0117l vyro, kuris nebuvo jos vertas, Meridon galiausiai suvoks, kad kilm\u0117 nesvarbu, nes vis tiek pats esi savo gyvenimo kalvis\u2026<\/p>\n","protected":false},"featured_media":21213,"comment_status":"open","ping_status":"closed","template":"","meta":{"_acf_changed":false,"site-sidebar-layout":"default","site-content-layout":"","ast-site-content-layout":"default","site-content-style":"default","site-sidebar-style":"default","ast-global-header-display":"","ast-banner-title-visibility":"","ast-main-header-display":"","ast-hfb-above-header-display":"","ast-hfb-below-header-display":"","ast-hfb-mobile-header-display":"","site-post-title":"","ast-breadcrumbs-content":"","ast-featured-img":"","footer-sml-layout":"","ast-disable-related-posts":"","theme-transparent-header-meta":"","adv-header-id-meta":"","stick-header-meta":"","header-above-stick-meta":"","header-main-stick-meta":"","header-below-stick-meta":"","astra-migrate-meta-layouts":"default","ast-page-background-enabled":"default","ast-page-background-meta":{"desktop":{"background-color":"","background-image":"","background-repeat":"repeat","background-position":"center center","background-size":"auto","background-attachment":"scroll","background-type":"","background-media":"","overlay-type":"","overlay-color":"","overlay-opacity":"","overlay-gradient":""},"tablet":{"background-color":"","background-image":"","background-repeat":"repeat","background-position":"center center","background-size":"auto","background-attachment":"scroll","background-type":"","background-media":"","overlay-type":"","overlay-color":"","overlay-opacity":"","overlay-gradient":""},"mobile":{"background-color":"","background-image":"","background-repeat":"repeat","background-position":"center center","background-size":"auto","background-attachment":"scroll","background-type":"","background-media":"","overlay-type":"","overlay-color":"","overlay-opacity":"","overlay-gradient":""}},"ast-content-background-meta":{"desktop":{"background-color":"var(--ast-global-color-4)","background-image":"","background-repeat":"repeat","background-position":"center center","background-size":"auto","background-attachment":"scroll","background-type":"","background-media":"","overlay-type":"","overlay-color":"","overlay-opacity":"","overlay-gradient":""},"tablet":{"background-color":"var(--ast-global-color-4)","background-image":"","background-repeat":"repeat","background-position":"center center","background-size":"auto","background-attachment":"scroll","background-type":"","background-media":"","overlay-type":"","overlay-color":"","overlay-opacity":"","overlay-gradient":""},"mobile":{"background-color":"var(--ast-global-color-4)","background-image":"","background-repeat":"repeat","background-position":"center center","background-size":"auto","background-attachment":"scroll","background-type":"","background-media":"","overlay-type":"","overlay-color":"","overlay-opacity":"","overlay-gradient":""}}},"product_brand":[],"product_cat":[31],"product_tag":[8342,3037,3065,1748,8343,1253,1745,1646],"class_list":{"0":"post-21206","1":"product","2":"type-product","3":"status-publish","4":"has-post-thumbnail","6":"product_cat-grozine-literatura","7":"product_tag-cigonai","8":"product_tag-istorine-proza","9":"product_tag-likimas","10":"product_tag-meiles-istorija","11":"product_tag-moteru-gyvenimai","12":"product_tag-philippa-gregory","13":"product_tag-romanas","14":"product_tag-seima","15":"desktop-align-left","16":"tablet-align-left","17":"mobile-align-left","19":"first","20":"instock","21":"shipping-taxable","22":"purchasable","23":"product-type-simple"},"acf":[],"yoast_head":"<!-- This site is optimized with the Yoast SEO plugin v27.0 - https:\/\/yoast.com\/product\/yoast-seo-wordpress\/ -->\n<title>\u010cigon\u0117s kerai<\/title>\n<meta name=\"description\" content=\"\u017dinojau, kad ten mano namai. \u017dinojau, kad ten mano prieglobstis. N\u0117 ne\u012fsivaizdavau, kur tai yra. Raudonplauk\u0117 Meridon vis\u0105 laik\u0105 jau\u010dia, kad likimas jai\" \/>\n<meta name=\"robots\" content=\"index, follow, max-snippet:-1, max-image-preview:large, max-video-preview:-1\" \/>\n<link rel=\"canonical\" href=\"https:\/\/skaitytaknyga.lt\/en\/produktas\/cigones-kerai\/\" \/>\n<meta property=\"og:locale\" content=\"en_GB\" \/>\n<meta property=\"og:locale:alternate\" content=\"lt_LT\" \/>\n<meta property=\"og:type\" content=\"article\" \/>\n<meta property=\"og:title\" content=\"\u010cigon\u0117s kerai\" \/>\n<meta property=\"og:description\" content=\"\u017dinojau, kad ten mano namai. \u017dinojau, kad ten mano prieglobstis. N\u0117 ne\u012fsivaizdavau, kur tai yra. Raudonplauk\u0117 Meridon vis\u0105 laik\u0105 jau\u010dia, kad likimas jai\" \/>\n<meta property=\"og:url\" content=\"https:\/\/skaitytaknyga.lt\/en\/produktas\/cigones-kerai\/\" \/>\n<meta property=\"og:site_name\" content=\"Skaitytaknyga\" \/>\n<meta property=\"article:publisher\" content=\"https:\/\/www.facebook.com\/skaitytaknyga\/\" \/>\n<meta property=\"article:modified_time\" content=\"2025-10-06T08:02:40+00:00\" \/>\n<meta property=\"og:image\" content=\"https:\/\/skaitytaknyga.lt\/wp-content\/uploads\/2025\/10\/Cigones-kerai.webp\" \/>\n\t<meta property=\"og:image:width\" content=\"295\" \/>\n\t<meta property=\"og:image:height\" content=\"465\" \/>\n\t<meta property=\"og:image:type\" content=\"image\/webp\" \/>\n<meta name=\"twitter:card\" content=\"summary_large_image\" \/>\n<meta name=\"twitter:label1\" content=\"Estimated reading time\" \/>\n\t<meta name=\"twitter:data1\" content=\"1 minute\" \/>\n<script type=\"application\/ld+json\" class=\"yoast-schema-graph\">{\"@context\":\"https:\/\/schema.org\",\"@graph\":[{\"@type\":\"WebPage\",\"@id\":\"https:\/\/skaitytaknyga.lt\/produktas\/cigones-kerai\/\",\"url\":\"https:\/\/skaitytaknyga.lt\/produktas\/cigones-kerai\/\",\"name\":\"\u010cigon\u0117s kerai\",\"isPartOf\":{\"@id\":\"https:\/\/skaitytaknyga.lt\/#website\"},\"primaryImageOfPage\":{\"@id\":\"https:\/\/skaitytaknyga.lt\/produktas\/cigones-kerai\/#primaryimage\"},\"image\":{\"@id\":\"https:\/\/skaitytaknyga.lt\/produktas\/cigones-kerai\/#primaryimage\"},\"thumbnailUrl\":\"https:\/\/skaitytaknyga.lt\/wp-content\/uploads\/2025\/10\/Cigones-kerai.webp\",\"datePublished\":\"2025-10-04T16:00:39+00:00\",\"dateModified\":\"2025-10-06T08:02:40+00:00\",\"description\":\"\u017dinojau, kad ten mano namai. \u017dinojau, kad ten mano prieglobstis. N\u0117 ne\u012fsivaizdavau, kur tai yra. Raudonplauk\u0117 Meridon vis\u0105 laik\u0105 jau\u010dia, kad likimas jai\",\"breadcrumb\":{\"@id\":\"https:\/\/skaitytaknyga.lt\/produktas\/cigones-kerai\/#breadcrumb\"},\"inLanguage\":\"en-GB\",\"potentialAction\":[{\"@type\":\"ReadAction\",\"target\":[\"https:\/\/skaitytaknyga.lt\/produktas\/cigones-kerai\/\"]}]},{\"@type\":\"ImageObject\",\"inLanguage\":\"en-GB\",\"@id\":\"https:\/\/skaitytaknyga.lt\/produktas\/cigones-kerai\/#primaryimage\",\"url\":\"https:\/\/skaitytaknyga.lt\/wp-content\/uploads\/2025\/10\/Cigones-kerai.webp\",\"contentUrl\":\"https:\/\/skaitytaknyga.lt\/wp-content\/uploads\/2025\/10\/Cigones-kerai.webp\",\"width\":295,\"height\":465,\"caption\":\"\u010cigon\u0117s kerai\"},{\"@type\":\"BreadcrumbList\",\"@id\":\"https:\/\/skaitytaknyga.lt\/produktas\/cigones-kerai\/#breadcrumb\",\"itemListElement\":[{\"@type\":\"ListItem\",\"position\":1,\"name\":\"Home\",\"item\":\"https:\/\/skaitytaknyga.lt\/\"},{\"@type\":\"ListItem\",\"position\":2,\"name\":\"Parduotuv\u0117\",\"item\":\"https:\/\/skaitytaknyga.lt\/knygu-parduotuve\/\"},{\"@type\":\"ListItem\",\"position\":3,\"name\":\"\u010cigon\u0117s kerai\"}]},{\"@type\":\"WebSite\",\"@id\":\"https:\/\/skaitytaknyga.lt\/#website\",\"url\":\"https:\/\/skaitytaknyga.lt\/\",\"name\":\"skaitytaknyga.lt\",\"description\":\"Skaitytaknyga.lt \u2013 tai ma\u017eas \u0161eimos verslas, kuris prasid\u0117jo nuo meil\u0117s knygoms ir siekio i\u0161gelb\u0117ti knygas nuo likimo prie konteinerio. Kas vienam nereikalingas daiktas \u2013 kitam lobis, o mes esame tarpininkai, kurie padeda abiems tapti laimingesniems ???? \u017dinome kaip nelengva i\u0161gyventi ma\u017eiems verslams, tad nuo \u0161iol, \u010dia rasite ir kit\u0173, ma\u017e\u0173 \u0161eim\u0173 versl\u0173, rank\u0173 darbo, dovan\u0173 sau ir artimiesiems.\",\"publisher\":{\"@id\":\"https:\/\/skaitytaknyga.lt\/#organization\"},\"potentialAction\":[{\"@type\":\"SearchAction\",\"target\":{\"@type\":\"EntryPoint\",\"urlTemplate\":\"https:\/\/skaitytaknyga.lt\/?s={search_term_string}\"},\"query-input\":{\"@type\":\"PropertyValueSpecification\",\"valueRequired\":true,\"valueName\":\"search_term_string\"}}],\"inLanguage\":\"en-GB\"},{\"@type\":\"Organization\",\"@id\":\"https:\/\/skaitytaknyga.lt\/#organization\",\"name\":\"skaitytaknyga.lt\",\"url\":\"https:\/\/skaitytaknyga.lt\/\",\"logo\":{\"@type\":\"ImageObject\",\"inLanguage\":\"en-GB\",\"@id\":\"https:\/\/skaitytaknyga.lt\/#\/schema\/logo\/image\/\",\"url\":\"https:\/\/skaitytaknyga.lt\/wp-content\/uploads\/2024\/05\/cropped-cropped-cropped-02_00843_jt3bggkj1j3HLc7SyY6rEUpg.jpeg\",\"contentUrl\":\"https:\/\/skaitytaknyga.lt\/wp-content\/uploads\/2024\/05\/cropped-cropped-cropped-02_00843_jt3bggkj1j3HLc7SyY6rEUpg.jpeg\",\"width\":1600,\"height\":1600,\"caption\":\"skaitytaknyga.lt\"},\"image\":{\"@id\":\"https:\/\/skaitytaknyga.lt\/#\/schema\/logo\/image\/\"},\"sameAs\":[\"https:\/\/www.facebook.com\/skaitytaknyga\/\"]}]}<\/script>\n<!-- \/ Yoast SEO plugin. -->","yoast_head_json":{"title":"\u010cigon\u0117s kerai","description":"\u017dinojau, kad ten mano namai. \u017dinojau, kad ten mano prieglobstis. N\u0117 ne\u012fsivaizdavau, kur tai yra. Raudonplauk\u0117 Meridon vis\u0105 laik\u0105 jau\u010dia, kad likimas jai","robots":{"index":"index","follow":"follow","max-snippet":"max-snippet:-1","max-image-preview":"max-image-preview:large","max-video-preview":"max-video-preview:-1"},"canonical":"https:\/\/skaitytaknyga.lt\/en\/produktas\/cigones-kerai\/","og_locale":"en_GB","og_type":"article","og_title":"[:lt]\u010cigon\u0117s kerai[:] - Skaitytaknyga","og_description":"\u017dinojau, kad ten mano namai. \u017dinojau, kad ten mano prieglobstis. N\u0117 ne\u012fsivaizdavau, kur tai yra. Raudonplauk\u0117 Meridon vis\u0105 laik\u0105 jau\u010dia, kad likimas jai","og_url":"https:\/\/skaitytaknyga.lt\/en\/produktas\/cigones-kerai\/","og_site_name":"Skaitytaknyga","article_publisher":"https:\/\/www.facebook.com\/skaitytaknyga\/","article_modified_time":"2025-10-06T08:02:40+00:00","og_image":[{"width":295,"height":465,"url":"https:\/\/skaitytaknyga.lt\/wp-content\/uploads\/2025\/10\/Cigones-kerai.webp","type":"image\/webp"}],"twitter_card":"summary_large_image","twitter_misc":{"Estimated reading time":"1 minute"},"schema":{"@context":"https:\/\/schema.org","@graph":[{"@type":"WebPage","@id":"https:\/\/skaitytaknyga.lt\/produktas\/cigones-kerai\/","url":"https:\/\/skaitytaknyga.lt\/produktas\/cigones-kerai\/","name":"\u010cigon\u0117s kerai","isPartOf":{"@id":"https:\/\/skaitytaknyga.lt\/#website"},"primaryImageOfPage":{"@id":"https:\/\/skaitytaknyga.lt\/produktas\/cigones-kerai\/#primaryimage"},"image":{"@id":"https:\/\/skaitytaknyga.lt\/produktas\/cigones-kerai\/#primaryimage"},"thumbnailUrl":"https:\/\/skaitytaknyga.lt\/wp-content\/uploads\/2025\/10\/Cigones-kerai.webp","datePublished":"2025-10-04T16:00:39+00:00","dateModified":"2025-10-06T08:02:40+00:00","description":"\u017dinojau, kad ten mano namai. \u017dinojau, kad ten mano prieglobstis. N\u0117 ne\u012fsivaizdavau, kur tai yra. Raudonplauk\u0117 Meridon vis\u0105 laik\u0105 jau\u010dia, kad likimas jai","breadcrumb":{"@id":"https:\/\/skaitytaknyga.lt\/produktas\/cigones-kerai\/#breadcrumb"},"inLanguage":"en-GB","potentialAction":[{"@type":"ReadAction","target":["https:\/\/skaitytaknyga.lt\/produktas\/cigones-kerai\/"]}]},{"@type":"ImageObject","inLanguage":"en-GB","@id":"https:\/\/skaitytaknyga.lt\/produktas\/cigones-kerai\/#primaryimage","url":"https:\/\/skaitytaknyga.lt\/wp-content\/uploads\/2025\/10\/Cigones-kerai.webp","contentUrl":"https:\/\/skaitytaknyga.lt\/wp-content\/uploads\/2025\/10\/Cigones-kerai.webp","width":295,"height":465,"caption":"\u010cigon\u0117s kerai"},{"@type":"BreadcrumbList","@id":"https:\/\/skaitytaknyga.lt\/produktas\/cigones-kerai\/#breadcrumb","itemListElement":[{"@type":"ListItem","position":1,"name":"Home","item":"https:\/\/skaitytaknyga.lt\/"},{"@type":"ListItem","position":2,"name":"Parduotuv\u0117","item":"https:\/\/skaitytaknyga.lt\/knygu-parduotuve\/"},{"@type":"ListItem","position":3,"name":"\u010cigon\u0117s kerai"}]},{"@type":"WebSite","@id":"https:\/\/skaitytaknyga.lt\/#website","url":"https:\/\/skaitytaknyga.lt\/","name":"skaitytaknyga.lt","description":"Skaitytaknyga.lt \u2013 tai ma\u017eas \u0161eimos verslas, kuris prasid\u0117jo nuo meil\u0117s knygoms ir siekio i\u0161gelb\u0117ti knygas nuo likimo prie konteinerio. Kas vienam nereikalingas daiktas \u2013 kitam lobis, o mes esame tarpininkai, kurie padeda abiems tapti laimingesniems ???? \u017dinome kaip nelengva i\u0161gyventi ma\u017eiems verslams, tad nuo \u0161iol, \u010dia rasite ir kit\u0173, ma\u017e\u0173 \u0161eim\u0173 versl\u0173, rank\u0173 darbo, dovan\u0173 sau ir artimiesiems.","publisher":{"@id":"https:\/\/skaitytaknyga.lt\/#organization"},"potentialAction":[{"@type":"SearchAction","target":{"@type":"EntryPoint","urlTemplate":"https:\/\/skaitytaknyga.lt\/?s={search_term_string}"},"query-input":{"@type":"PropertyValueSpecification","valueRequired":true,"valueName":"search_term_string"}}],"inLanguage":"en-GB"},{"@type":"Organization","@id":"https:\/\/skaitytaknyga.lt\/#organization","name":"skaitytaknyga.lt","url":"https:\/\/skaitytaknyga.lt\/","logo":{"@type":"ImageObject","inLanguage":"en-GB","@id":"https:\/\/skaitytaknyga.lt\/#\/schema\/logo\/image\/","url":"https:\/\/skaitytaknyga.lt\/wp-content\/uploads\/2024\/05\/cropped-cropped-cropped-02_00843_jt3bggkj1j3HLc7SyY6rEUpg.jpeg","contentUrl":"https:\/\/skaitytaknyga.lt\/wp-content\/uploads\/2024\/05\/cropped-cropped-cropped-02_00843_jt3bggkj1j3HLc7SyY6rEUpg.jpeg","width":1600,"height":1600,"caption":"skaitytaknyga.lt"},"image":{"@id":"https:\/\/skaitytaknyga.lt\/#\/schema\/logo\/image\/"},"sameAs":["https:\/\/www.facebook.com\/skaitytaknyga\/"]}]}},"_links":{"self":[{"href":"https:\/\/skaitytaknyga.lt\/en\/wp-json\/wp\/v2\/product\/21206","targetHints":{"allow":["GET"]}}],"collection":[{"href":"https:\/\/skaitytaknyga.lt\/en\/wp-json\/wp\/v2\/product"}],"about":[{"href":"https:\/\/skaitytaknyga.lt\/en\/wp-json\/wp\/v2\/types\/product"}],"replies":[{"embeddable":true,"href":"https:\/\/skaitytaknyga.lt\/en\/wp-json\/wp\/v2\/comments?post=21206"}],"wp:featuredmedia":[{"embeddable":true,"href":"https:\/\/skaitytaknyga.lt\/en\/wp-json\/wp\/v2\/media\/21213"}],"wp:attachment":[{"href":"https:\/\/skaitytaknyga.lt\/en\/wp-json\/wp\/v2\/media?parent=21206"}],"wp:term":[{"taxonomy":"product_brand","embeddable":true,"href":"https:\/\/skaitytaknyga.lt\/en\/wp-json\/wp\/v2\/product_brand?post=21206"},{"taxonomy":"product_cat","embeddable":true,"href":"https:\/\/skaitytaknyga.lt\/en\/wp-json\/wp\/v2\/product_cat?post=21206"},{"taxonomy":"product_tag","embeddable":true,"href":"https:\/\/skaitytaknyga.lt\/en\/wp-json\/wp\/v2\/product_tag?post=21206"}],"curies":[{"name":"wp","href":"https:\/\/api.w.org\/{rel}","templated":true}]}}