{"id":21205,"date":"2025-10-04T19:00:39","date_gmt":"2025-10-04T16:00:39","guid":{"rendered":"https:\/\/skaitytaknyga.lt\/?post_type=product&#038;p=21205"},"modified":"2026-03-05T12:59:00","modified_gmt":"2026-03-05T10:59:00","slug":"apgaule-pagelte-lapai","status":"publish","type":"product","link":"https:\/\/skaitytaknyga.lt\/en\/produktas\/apgaule-pagelte-lapai\/","title":{"rendered":"Apgaul\u0117 (pagelt\u0119 lapai)"},"content":{"rendered":"<p>\u012eTRAUKIANTIS IR ATMINTIN \u012eSTRINGANTIS TRILERIS. KAIP PA\u0160\u0116L\u0118S PASIVA\u017dIN\u0116JIMAS AMERIKIETI\u0160KAISIAIS KALNELIAIS.<\/p>\n<p>\u017dinau, kad nesi D\u017eein\u0117 Hjus&#8230;<\/p>\n<p>D\u017eein\u0117 Hjus turi mylint\u012f draug\u0105, darb\u0105 gyv\u016bn\u0173 prieglaudoje ir nediduk\u0105 namel\u012f viename Velso miestelyje. \u010cia ji jau\u010diasi laimingesn\u0117 nei kada nors anks\u010diau, nors gyvena pramanyt\u0105 gyvenim\u0105. Mat D\u017eein\u0117 Hjus i\u0161 tikr\u0173j\u0173 neegzistuoja.<\/p>\n<p>Prie\u0161 penkerius metus geriausi\u0173 draugi\u0173 kompanija i\u0161vyko \u012f kelion\u0119, ta\u010diau tur\u0117jusios b\u016bti \u012fsimintiniausios gyvenimo atostogos netruko virsti ko\u0161maru.<\/p>\n<p>D\u017eein\u0117 stengiasi atsikratyti praeities \u0161e\u0161\u0117li\u0173, bet netik\u0117tai pasirodo \u017emogus, \u017ein\u0105s, kas anuomet kelion\u0117je \u012fvyko i\u0161 tikr\u0173j\u0173. Ir, atrodo, tas \u017emogus pasiry\u017e\u0119s sunaikinti D\u017eein\u0119 ir visk\u0105, kas jai brangu<\/p>\n","protected":false},"excerpt":{"rendered":"<p>\u012eTRAUKIANTIS IR ATMINTIN \u012eSTRINGANTIS TRILERIS. KAIP PA\u0160\u0116L\u0118S PASIVA\u017dIN\u0116JIMAS AMERIKIETI\u0160KAISIAIS KALNELIAIS. \u017dinau, kad nesi D\u017eein\u0117 Hjus&#8230; D\u017eein\u0117 Hjus turi mylint\u012f draug\u0105, darb\u0105 gyv\u016bn\u0173 prieglaudoje ir nediduk\u0105 namel\u012f viename Velso miestelyje. \u010cia ji jau\u010diasi laimingesn\u0117 nei kada nors anks\u010diau, nors gyvena pramanyt\u0105 gyvenim\u0105. Mat D\u017eein\u0117 Hjus i\u0161 tikr\u0173j\u0173 neegzistuoja. Prie\u0161 penkerius metus geriausi\u0173 draugi\u0173 kompanija i\u0161vyko \u012f kelion\u0119, ta\u010diau tur\u0117jusios b\u016bti \u012fsimintiniausios gyvenimo atostogos netruko virsti ko\u0161maru. D\u017eein\u0117 stengiasi atsikratyti praeities \u0161e\u0161\u0117li\u0173, bet netik\u0117tai pasirodo \u017emogus, \u017ein\u0105s, kas anuomet kelion\u0117je \u012fvyko i\u0161 tikr\u0173j\u0173. Ir, atrodo, tas \u017emogus pasiry\u017e\u0119s sunaikinti D\u017eein\u0119 ir visk\u0105, kas jai brangu<\/p>\n","protected":false},"featured_media":21212,"comment_status":"open","ping_status":"closed","template":"","meta":{"_acf_changed":false,"site-sidebar-layout":"default","site-content-layout":"","ast-site-content-layout":"default","site-content-style":"default","site-sidebar-style":"default","ast-global-header-display":"","ast-banner-title-visibility":"","ast-main-header-display":"","ast-hfb-above-header-display":"","ast-hfb-below-header-display":"","ast-hfb-mobile-header-display":"","site-post-title":"","ast-breadcrumbs-content":"","ast-featured-img":"","footer-sml-layout":"","ast-disable-related-posts":"","theme-transparent-header-meta":"","adv-header-id-meta":"","stick-header-meta":"","header-above-stick-meta":"","header-main-stick-meta":"","header-below-stick-meta":"","astra-migrate-meta-layouts":"default","ast-page-background-enabled":"default","ast-page-background-meta":{"desktop":{"background-color":"","background-image":"","background-repeat":"repeat","background-position":"center center","background-size":"auto","background-attachment":"scroll","background-type":"","background-media":"","overlay-type":"","overlay-color":"","overlay-opacity":"","overlay-gradient":""},"tablet":{"background-color":"","background-image":"","background-repeat":"repeat","background-position":"center center","background-size":"auto","background-attachment":"scroll","background-type":"","background-media":"","overlay-type":"","overlay-color":"","overlay-opacity":"","overlay-gradient":""},"mobile":{"background-color":"","background-image":"","background-repeat":"repeat","background-position":"center center","background-size":"auto","background-attachment":"scroll","background-type":"","background-media":"","overlay-type":"","overlay-color":"","overlay-opacity":"","overlay-gradient":""}},"ast-content-background-meta":{"desktop":{"background-color":"var(--ast-global-color-4)","background-image":"","background-repeat":"repeat","background-position":"center center","background-size":"auto","background-attachment":"scroll","background-type":"","background-media":"","overlay-type":"","overlay-color":"","overlay-opacity":"","overlay-gradient":""},"tablet":{"background-color":"var(--ast-global-color-4)","background-image":"","background-repeat":"repeat","background-position":"center center","background-size":"auto","background-attachment":"scroll","background-type":"","background-media":"","overlay-type":"","overlay-color":"","overlay-opacity":"","overlay-gradient":""},"mobile":{"background-color":"var(--ast-global-color-4)","background-image":"","background-repeat":"repeat","background-position":"center center","background-size":"auto","background-attachment":"scroll","background-type":"","background-media":"","overlay-type":"","overlay-color":"","overlay-opacity":"","overlay-gradient":""}}},"product_brand":[],"product_cat":[9580],"product_tag":[8410,8409,1647,1590,2312,1478,2155,1587,8411],"class_list":{"0":"post-21205","1":"product","2":"type-product","3":"status-publish","4":"has-post-thumbnail","6":"product_cat-psichologiniai-detektyvai","7":"product_tag-apgaule","8":"product_tag-c-l-taylor","9":"product_tag-draugyste","10":"product_tag-itampa","11":"product_tag-nusikaltimas","12":"product_tag-paslaptys","13":"product_tag-psichologinis-trileris","14":"product_tag-trileris","15":"product_tag-velso-miestelis","16":"desktop-align-left","17":"tablet-align-left","18":"mobile-align-left","20":"first","21":"instock","22":"shipping-taxable","23":"purchasable","24":"product-type-simple"},"acf":[],"yoast_head":"<!-- This site is optimized with the Yoast SEO plugin v27.0 - https:\/\/yoast.com\/product\/yoast-seo-wordpress\/ -->\n<title>Apgaul\u0117 (pagelt\u0119 lapai)<\/title>\n<meta name=\"description\" content=\"\u012eTRAUKIANTIS IR ATMINTIN \u012eSTRINGANTIS TRILERIS. KAIP PA\u0160\u0116L\u0118S PASIVA\u017dIN\u0116JIMAS AMERIKIETI\u0160KAISIAIS KALNELIAIS. \u017dinau, kad nesi D\u017eein\u0117 Hjus... D\u017eein\u0117 Hjus\" \/>\n<meta name=\"robots\" content=\"index, follow, max-snippet:-1, max-image-preview:large, max-video-preview:-1\" \/>\n<link rel=\"canonical\" href=\"https:\/\/skaitytaknyga.lt\/en\/produktas\/apgaule-pagelte-lapai\/\" \/>\n<meta property=\"og:locale\" content=\"en_GB\" \/>\n<meta property=\"og:locale:alternate\" content=\"lt_LT\" \/>\n<meta property=\"og:type\" content=\"article\" \/>\n<meta property=\"og:title\" content=\"Apgaul\u0117 (pagelt\u0119 lapai)\" \/>\n<meta property=\"og:description\" content=\"\u012eTRAUKIANTIS IR ATMINTIN \u012eSTRINGANTIS TRILERIS. KAIP PA\u0160\u0116L\u0118S PASIVA\u017dIN\u0116JIMAS AMERIKIETI\u0160KAISIAIS KALNELIAIS. \u017dinau, kad nesi D\u017eein\u0117 Hjus... D\u017eein\u0117 Hjus\" \/>\n<meta property=\"og:url\" content=\"https:\/\/skaitytaknyga.lt\/en\/produktas\/apgaule-pagelte-lapai\/\" \/>\n<meta property=\"og:site_name\" content=\"Skaitytaknyga\" \/>\n<meta property=\"article:publisher\" content=\"https:\/\/www.facebook.com\/skaitytaknyga\/\" \/>\n<meta property=\"article:modified_time\" content=\"2026-03-05T10:59:00+00:00\" \/>\n<meta property=\"og:image\" content=\"https:\/\/skaitytaknyga.lt\/wp-content\/uploads\/2025\/10\/Apgaule-1.webp\" \/>\n\t<meta property=\"og:image:width\" content=\"300\" \/>\n\t<meta property=\"og:image:height\" content=\"457\" \/>\n\t<meta property=\"og:image:type\" content=\"image\/webp\" \/>\n<meta name=\"twitter:card\" content=\"summary_large_image\" \/>\n<meta name=\"twitter:label1\" content=\"Estimated reading time\" \/>\n\t<meta name=\"twitter:data1\" content=\"1 minute\" \/>\n<script type=\"application\/ld+json\" class=\"yoast-schema-graph\">{\"@context\":\"https:\/\/schema.org\",\"@graph\":[{\"@type\":\"WebPage\",\"@id\":\"https:\/\/skaitytaknyga.lt\/produktas\/apgaule-pagelte-lapai\/\",\"url\":\"https:\/\/skaitytaknyga.lt\/produktas\/apgaule-pagelte-lapai\/\",\"name\":\"Apgaul\u0117 (pagelt\u0119 lapai)\",\"isPartOf\":{\"@id\":\"https:\/\/skaitytaknyga.lt\/#website\"},\"primaryImageOfPage\":{\"@id\":\"https:\/\/skaitytaknyga.lt\/produktas\/apgaule-pagelte-lapai\/#primaryimage\"},\"image\":{\"@id\":\"https:\/\/skaitytaknyga.lt\/produktas\/apgaule-pagelte-lapai\/#primaryimage\"},\"thumbnailUrl\":\"https:\/\/skaitytaknyga.lt\/wp-content\/uploads\/2025\/10\/Apgaule-1.webp\",\"datePublished\":\"2025-10-04T16:00:39+00:00\",\"dateModified\":\"2026-03-05T10:59:00+00:00\",\"description\":\"\u012eTRAUKIANTIS IR ATMINTIN \u012eSTRINGANTIS TRILERIS. KAIP PA\u0160\u0116L\u0118S PASIVA\u017dIN\u0116JIMAS AMERIKIETI\u0160KAISIAIS KALNELIAIS. \u017dinau, kad nesi D\u017eein\u0117 Hjus... D\u017eein\u0117 Hjus\",\"breadcrumb\":{\"@id\":\"https:\/\/skaitytaknyga.lt\/produktas\/apgaule-pagelte-lapai\/#breadcrumb\"},\"inLanguage\":\"en-GB\",\"potentialAction\":[{\"@type\":\"ReadAction\",\"target\":[\"https:\/\/skaitytaknyga.lt\/produktas\/apgaule-pagelte-lapai\/\"]}]},{\"@type\":\"ImageObject\",\"inLanguage\":\"en-GB\",\"@id\":\"https:\/\/skaitytaknyga.lt\/produktas\/apgaule-pagelte-lapai\/#primaryimage\",\"url\":\"https:\/\/skaitytaknyga.lt\/wp-content\/uploads\/2025\/10\/Apgaule-1.webp\",\"contentUrl\":\"https:\/\/skaitytaknyga.lt\/wp-content\/uploads\/2025\/10\/Apgaule-1.webp\",\"width\":300,\"height\":457},{\"@type\":\"BreadcrumbList\",\"@id\":\"https:\/\/skaitytaknyga.lt\/produktas\/apgaule-pagelte-lapai\/#breadcrumb\",\"itemListElement\":[{\"@type\":\"ListItem\",\"position\":1,\"name\":\"Home\",\"item\":\"https:\/\/skaitytaknyga.lt\/\"},{\"@type\":\"ListItem\",\"position\":2,\"name\":\"Parduotuv\u0117\",\"item\":\"https:\/\/skaitytaknyga.lt\/knygu-parduotuve\/\"},{\"@type\":\"ListItem\",\"position\":3,\"name\":\"Apgaul\u0117 (pagelt\u0119 lapai)\"}]},{\"@type\":\"WebSite\",\"@id\":\"https:\/\/skaitytaknyga.lt\/#website\",\"url\":\"https:\/\/skaitytaknyga.lt\/\",\"name\":\"skaitytaknyga.lt\",\"description\":\"Skaitytaknyga.lt \u2013 tai ma\u017eas \u0161eimos verslas, kuris prasid\u0117jo nuo meil\u0117s knygoms ir siekio i\u0161gelb\u0117ti knygas nuo likimo prie konteinerio. Kas vienam nereikalingas daiktas \u2013 kitam lobis, o mes esame tarpininkai, kurie padeda abiems tapti laimingesniems ???? \u017dinome kaip nelengva i\u0161gyventi ma\u017eiems verslams, tad nuo \u0161iol, \u010dia rasite ir kit\u0173, ma\u017e\u0173 \u0161eim\u0173 versl\u0173, rank\u0173 darbo, dovan\u0173 sau ir artimiesiems.\",\"publisher\":{\"@id\":\"https:\/\/skaitytaknyga.lt\/#organization\"},\"potentialAction\":[{\"@type\":\"SearchAction\",\"target\":{\"@type\":\"EntryPoint\",\"urlTemplate\":\"https:\/\/skaitytaknyga.lt\/?s={search_term_string}\"},\"query-input\":{\"@type\":\"PropertyValueSpecification\",\"valueRequired\":true,\"valueName\":\"search_term_string\"}}],\"inLanguage\":\"en-GB\"},{\"@type\":\"Organization\",\"@id\":\"https:\/\/skaitytaknyga.lt\/#organization\",\"name\":\"skaitytaknyga.lt\",\"url\":\"https:\/\/skaitytaknyga.lt\/\",\"logo\":{\"@type\":\"ImageObject\",\"inLanguage\":\"en-GB\",\"@id\":\"https:\/\/skaitytaknyga.lt\/#\/schema\/logo\/image\/\",\"url\":\"https:\/\/skaitytaknyga.lt\/wp-content\/uploads\/2024\/05\/cropped-cropped-cropped-02_00843_jt3bggkj1j3HLc7SyY6rEUpg.jpeg\",\"contentUrl\":\"https:\/\/skaitytaknyga.lt\/wp-content\/uploads\/2024\/05\/cropped-cropped-cropped-02_00843_jt3bggkj1j3HLc7SyY6rEUpg.jpeg\",\"width\":1600,\"height\":1600,\"caption\":\"skaitytaknyga.lt\"},\"image\":{\"@id\":\"https:\/\/skaitytaknyga.lt\/#\/schema\/logo\/image\/\"},\"sameAs\":[\"https:\/\/www.facebook.com\/skaitytaknyga\/\"]}]}<\/script>\n<!-- \/ Yoast SEO plugin. -->","yoast_head_json":{"title":"Apgaul\u0117 (pagelt\u0119 lapai)","description":"\u012eTRAUKIANTIS IR ATMINTIN \u012eSTRINGANTIS TRILERIS. KAIP PA\u0160\u0116L\u0118S PASIVA\u017dIN\u0116JIMAS AMERIKIETI\u0160KAISIAIS KALNELIAIS. \u017dinau, kad nesi D\u017eein\u0117 Hjus... D\u017eein\u0117 Hjus","robots":{"index":"index","follow":"follow","max-snippet":"max-snippet:-1","max-image-preview":"max-image-preview:large","max-video-preview":"max-video-preview:-1"},"canonical":"https:\/\/skaitytaknyga.lt\/en\/produktas\/apgaule-pagelte-lapai\/","og_locale":"en_GB","og_type":"article","og_title":"[:lt]Apgaul\u0117 (pagelt\u0119 lapai)[:] - Skaitytaknyga","og_description":"\u012eTRAUKIANTIS IR ATMINTIN \u012eSTRINGANTIS TRILERIS. KAIP PA\u0160\u0116L\u0118S PASIVA\u017dIN\u0116JIMAS AMERIKIETI\u0160KAISIAIS KALNELIAIS. \u017dinau, kad nesi D\u017eein\u0117 Hjus... D\u017eein\u0117 Hjus","og_url":"https:\/\/skaitytaknyga.lt\/en\/produktas\/apgaule-pagelte-lapai\/","og_site_name":"Skaitytaknyga","article_publisher":"https:\/\/www.facebook.com\/skaitytaknyga\/","article_modified_time":"2026-03-05T10:59:00+00:00","og_image":[{"width":300,"height":457,"url":"https:\/\/skaitytaknyga.lt\/wp-content\/uploads\/2025\/10\/Apgaule-1.webp","type":"image\/webp"}],"twitter_card":"summary_large_image","twitter_misc":{"Estimated reading time":"1 minute"},"schema":{"@context":"https:\/\/schema.org","@graph":[{"@type":"WebPage","@id":"https:\/\/skaitytaknyga.lt\/produktas\/apgaule-pagelte-lapai\/","url":"https:\/\/skaitytaknyga.lt\/produktas\/apgaule-pagelte-lapai\/","name":"Apgaul\u0117 (pagelt\u0119 lapai)","isPartOf":{"@id":"https:\/\/skaitytaknyga.lt\/#website"},"primaryImageOfPage":{"@id":"https:\/\/skaitytaknyga.lt\/produktas\/apgaule-pagelte-lapai\/#primaryimage"},"image":{"@id":"https:\/\/skaitytaknyga.lt\/produktas\/apgaule-pagelte-lapai\/#primaryimage"},"thumbnailUrl":"https:\/\/skaitytaknyga.lt\/wp-content\/uploads\/2025\/10\/Apgaule-1.webp","datePublished":"2025-10-04T16:00:39+00:00","dateModified":"2026-03-05T10:59:00+00:00","description":"\u012eTRAUKIANTIS IR ATMINTIN \u012eSTRINGANTIS TRILERIS. KAIP PA\u0160\u0116L\u0118S PASIVA\u017dIN\u0116JIMAS AMERIKIETI\u0160KAISIAIS KALNELIAIS. \u017dinau, kad nesi D\u017eein\u0117 Hjus... D\u017eein\u0117 Hjus","breadcrumb":{"@id":"https:\/\/skaitytaknyga.lt\/produktas\/apgaule-pagelte-lapai\/#breadcrumb"},"inLanguage":"en-GB","potentialAction":[{"@type":"ReadAction","target":["https:\/\/skaitytaknyga.lt\/produktas\/apgaule-pagelte-lapai\/"]}]},{"@type":"ImageObject","inLanguage":"en-GB","@id":"https:\/\/skaitytaknyga.lt\/produktas\/apgaule-pagelte-lapai\/#primaryimage","url":"https:\/\/skaitytaknyga.lt\/wp-content\/uploads\/2025\/10\/Apgaule-1.webp","contentUrl":"https:\/\/skaitytaknyga.lt\/wp-content\/uploads\/2025\/10\/Apgaule-1.webp","width":300,"height":457},{"@type":"BreadcrumbList","@id":"https:\/\/skaitytaknyga.lt\/produktas\/apgaule-pagelte-lapai\/#breadcrumb","itemListElement":[{"@type":"ListItem","position":1,"name":"Home","item":"https:\/\/skaitytaknyga.lt\/"},{"@type":"ListItem","position":2,"name":"Parduotuv\u0117","item":"https:\/\/skaitytaknyga.lt\/knygu-parduotuve\/"},{"@type":"ListItem","position":3,"name":"Apgaul\u0117 (pagelt\u0119 lapai)"}]},{"@type":"WebSite","@id":"https:\/\/skaitytaknyga.lt\/#website","url":"https:\/\/skaitytaknyga.lt\/","name":"skaitytaknyga.lt","description":"Skaitytaknyga.lt \u2013 tai ma\u017eas \u0161eimos verslas, kuris prasid\u0117jo nuo meil\u0117s knygoms ir siekio i\u0161gelb\u0117ti knygas nuo likimo prie konteinerio. Kas vienam nereikalingas daiktas \u2013 kitam lobis, o mes esame tarpininkai, kurie padeda abiems tapti laimingesniems ???? \u017dinome kaip nelengva i\u0161gyventi ma\u017eiems verslams, tad nuo \u0161iol, \u010dia rasite ir kit\u0173, ma\u017e\u0173 \u0161eim\u0173 versl\u0173, rank\u0173 darbo, dovan\u0173 sau ir artimiesiems.","publisher":{"@id":"https:\/\/skaitytaknyga.lt\/#organization"},"potentialAction":[{"@type":"SearchAction","target":{"@type":"EntryPoint","urlTemplate":"https:\/\/skaitytaknyga.lt\/?s={search_term_string}"},"query-input":{"@type":"PropertyValueSpecification","valueRequired":true,"valueName":"search_term_string"}}],"inLanguage":"en-GB"},{"@type":"Organization","@id":"https:\/\/skaitytaknyga.lt\/#organization","name":"skaitytaknyga.lt","url":"https:\/\/skaitytaknyga.lt\/","logo":{"@type":"ImageObject","inLanguage":"en-GB","@id":"https:\/\/skaitytaknyga.lt\/#\/schema\/logo\/image\/","url":"https:\/\/skaitytaknyga.lt\/wp-content\/uploads\/2024\/05\/cropped-cropped-cropped-02_00843_jt3bggkj1j3HLc7SyY6rEUpg.jpeg","contentUrl":"https:\/\/skaitytaknyga.lt\/wp-content\/uploads\/2024\/05\/cropped-cropped-cropped-02_00843_jt3bggkj1j3HLc7SyY6rEUpg.jpeg","width":1600,"height":1600,"caption":"skaitytaknyga.lt"},"image":{"@id":"https:\/\/skaitytaknyga.lt\/#\/schema\/logo\/image\/"},"sameAs":["https:\/\/www.facebook.com\/skaitytaknyga\/"]}]}},"_links":{"self":[{"href":"https:\/\/skaitytaknyga.lt\/en\/wp-json\/wp\/v2\/product\/21205","targetHints":{"allow":["GET"]}}],"collection":[{"href":"https:\/\/skaitytaknyga.lt\/en\/wp-json\/wp\/v2\/product"}],"about":[{"href":"https:\/\/skaitytaknyga.lt\/en\/wp-json\/wp\/v2\/types\/product"}],"replies":[{"embeddable":true,"href":"https:\/\/skaitytaknyga.lt\/en\/wp-json\/wp\/v2\/comments?post=21205"}],"wp:featuredmedia":[{"embeddable":true,"href":"https:\/\/skaitytaknyga.lt\/en\/wp-json\/wp\/v2\/media\/21212"}],"wp:attachment":[{"href":"https:\/\/skaitytaknyga.lt\/en\/wp-json\/wp\/v2\/media?parent=21205"}],"wp:term":[{"taxonomy":"product_brand","embeddable":true,"href":"https:\/\/skaitytaknyga.lt\/en\/wp-json\/wp\/v2\/product_brand?post=21205"},{"taxonomy":"product_cat","embeddable":true,"href":"https:\/\/skaitytaknyga.lt\/en\/wp-json\/wp\/v2\/product_cat?post=21205"},{"taxonomy":"product_tag","embeddable":true,"href":"https:\/\/skaitytaknyga.lt\/en\/wp-json\/wp\/v2\/product_tag?post=21205"}],"curies":[{"name":"wp","href":"https:\/\/api.w.org\/{rel}","templated":true}]}}