{"id":21204,"date":"2025-10-04T19:00:39","date_gmt":"2025-10-04T16:00:39","guid":{"rendered":"https:\/\/skaitytaknyga.lt\/?post_type=product&#038;p=21204"},"modified":"2025-10-06T11:04:20","modified_gmt":"2025-10-06T08:04:20","slug":"ledi-afrika","status":"publish","type":"product","link":"https:\/\/skaitytaknyga.lt\/en\/produktas\/ledi-afrika\/","title":{"rendered":"Ledi Afrika"},"content":{"rendered":"<p>Afrika. Svaig\u016bs brit\u0173 kolonijinio spindesio laikai. Stulbinamas laukin\u0117s Kenijos gamtos gro\u017eis mainosi su Nairobio klub\u0173 prabanga, d\u017einas liejasi upeliais, \u017eaibi\u0161kai u\u017esimezga ir skandalingai baigiasi romanai&#8230; \u0160io s\u016bkurio centre \u2013 Beril\u0117 Markam, meil\u0117s trikampio heroj\u0117, kurios laisv\u0117s tro\u0161kimas negailestingai grumiasi su aistra vyrui ir aistra skraidyti. Moteris, kuria ne\u012fmanoma nesi\u017eav\u0117ti. Moteris, kurios ne\u012fmanoma pamir\u0161ti. Moteris, kuriai pakluso dangus ir Afrika, o ji pati nepakluso niekam.<\/p>\n<p>Beril\u0117 u\u017eaugo Kenijoje. U\u017euot \u012fgijusi b\u016bsimai damai tinkam\u0173 \u017eini\u0173 apie puo\u0161nias sukneles ir elgesio visuomen\u0117je subtilybes, ji visk\u0105 \u017einojo apie \u017eirg\u0173 auginim\u0105 ir kari\u0173 moran\u0173 gyvenim\u0105. Ta\u010diau afrikieti\u0161ka idil\u0117 truko neilgai. Sulaukusi vos \u0161e\u0161iolikos, Beril\u0117 sta\u010dia galva \u012fpuol\u0117 \u012f santuok\u0105 ir tu\u010dtuojau suprato, kad tai \u2013 tikra katastrofa. Bet grau\u017etis, pasiduoti ir kent\u0117ti \u2013 ne jai. I\u0161 santuokos griuv\u0117si\u0173 \u0161i laisvos dvasios moteris pakyla vedama vienos minties: dabar ji savo likimo \u0161eiminink\u0117. Tik tre\u010diajame de\u0161imtmetyje Nairobio auk\u0161tuomen\u0117je tokiai dr\u0105siai ir savaranki\u0161kai moteriai surasti savo viet\u0105 ne taip jau paprasta. Kol ji sutinka sielos ses\u0119 ir likimo draug\u0119 \u2013 ra\u0161ytoj\u0105 Karen Bliksen. Ir \u0161ios mylim\u0105j\u012f lak\u016bn\u0105 ir med\u017eiotoj\u0105 Den\u012f \u2013 netik\u0117tai tapsiant\u012f ne tik Karen, bet ir Beril\u0117s did\u017ei\u0105ja gyvenimo meile&#8230;<\/p>\n","protected":false},"excerpt":{"rendered":"<p>Afrika. Svaig\u016bs brit\u0173 kolonijinio spindesio laikai. Stulbinamas laukin\u0117s Kenijos gamtos gro\u017eis mainosi su Nairobio klub\u0173 prabanga, d\u017einas liejasi upeliais, \u017eaibi\u0161kai u\u017esimezga ir skandalingai baigiasi romanai&#8230; \u0160io s\u016bkurio centre \u2013 Beril\u0117 Markam, meil\u0117s trikampio heroj\u0117, kurios laisv\u0117s tro\u0161kimas negailestingai grumiasi su aistra vyrui ir aistra skraidyti. Moteris, kuria ne\u012fmanoma nesi\u017eav\u0117ti. Moteris, kurios ne\u012fmanoma pamir\u0161ti. Moteris, kuriai pakluso dangus ir Afrika, o ji pati nepakluso niekam. Beril\u0117 u\u017eaugo Kenijoje. U\u017euot \u012fgijusi b\u016bsimai damai tinkam\u0173 \u017eini\u0173 apie puo\u0161nias sukneles ir elgesio visuomen\u0117je subtilybes, ji visk\u0105 \u017einojo apie \u017eirg\u0173 auginim\u0105 ir kari\u0173 moran\u0173 gyvenim\u0105. Ta\u010diau afrikieti\u0161ka idil\u0117 truko neilgai. Sulaukusi vos \u0161e\u0161iolikos, Beril\u0117 sta\u010dia galva \u012fpuol\u0117 \u012f santuok\u0105 ir tu\u010dtuojau suprato, kad tai \u2013 tikra katastrofa. Bet grau\u017etis, pasiduoti ir kent\u0117ti \u2013 ne jai. I\u0161 santuokos griuv\u0117si\u0173 \u0161i laisvos dvasios moteris pakyla vedama vienos minties: dabar ji savo likimo \u0161eiminink\u0117. Tik tre\u010diajame de\u0161imtmetyje Nairobio auk\u0161tuomen\u0117je tokiai dr\u0105siai ir savaranki\u0161kai moteriai surasti savo viet\u0105 ne taip jau paprasta. Kol ji sutinka sielos ses\u0119 ir likimo draug\u0119 \u2013 ra\u0161ytoj\u0105 Karen Bliksen. Ir \u0161ios mylim\u0105j\u012f lak\u016bn\u0105 ir med\u017eiotoj\u0105 Den\u012f \u2013 netik\u0117tai tapsiant\u012f ne tik Karen, bet ir Beril\u0117s did\u017ei\u0105ja gyvenimo meile&#8230;<\/p>\n","protected":false},"featured_media":21211,"comment_status":"open","ping_status":"closed","template":"","meta":{"_acf_changed":false,"site-sidebar-layout":"default","site-content-layout":"","ast-site-content-layout":"default","site-content-style":"default","site-sidebar-style":"default","ast-global-header-display":"","ast-banner-title-visibility":"","ast-main-header-display":"","ast-hfb-above-header-display":"","ast-hfb-below-header-display":"","ast-hfb-mobile-header-display":"","site-post-title":"","ast-breadcrumbs-content":"","ast-featured-img":"","footer-sml-layout":"","ast-disable-related-posts":"","theme-transparent-header-meta":"","adv-header-id-meta":"","stick-header-meta":"","header-above-stick-meta":"","header-main-stick-meta":"","header-below-stick-meta":"","astra-migrate-meta-layouts":"default","ast-page-background-enabled":"default","ast-page-background-meta":{"desktop":{"background-color":"","background-image":"","background-repeat":"repeat","background-position":"center center","background-size":"auto","background-attachment":"scroll","background-type":"","background-media":"","overlay-type":"","overlay-color":"","overlay-opacity":"","overlay-gradient":""},"tablet":{"background-color":"","background-image":"","background-repeat":"repeat","background-position":"center center","background-size":"auto","background-attachment":"scroll","background-type":"","background-media":"","overlay-type":"","overlay-color":"","overlay-opacity":"","overlay-gradient":""},"mobile":{"background-color":"","background-image":"","background-repeat":"repeat","background-position":"center center","background-size":"auto","background-attachment":"scroll","background-type":"","background-media":"","overlay-type":"","overlay-color":"","overlay-opacity":"","overlay-gradient":""}},"ast-content-background-meta":{"desktop":{"background-color":"var(--ast-global-color-4)","background-image":"","background-repeat":"repeat","background-position":"center center","background-size":"auto","background-attachment":"scroll","background-type":"","background-media":"","overlay-type":"","overlay-color":"","overlay-opacity":"","overlay-gradient":""},"tablet":{"background-color":"var(--ast-global-color-4)","background-image":"","background-repeat":"repeat","background-position":"center center","background-size":"auto","background-attachment":"scroll","background-type":"","background-media":"","overlay-type":"","overlay-color":"","overlay-opacity":"","overlay-gradient":""},"mobile":{"background-color":"var(--ast-global-color-4)","background-image":"","background-repeat":"repeat","background-position":"center center","background-size":"auto","background-attachment":"scroll","background-type":"","background-media":"","overlay-type":"","overlay-color":"","overlay-opacity":"","overlay-gradient":""}}},"product_brand":[],"product_cat":[31],"product_tag":[5568,3037,8408,5567,4467,2815,8406,1745,8407],"class_list":{"0":"post-21204","1":"product","2":"type-product","3":"status-publish","4":"has-post-thumbnail","6":"product_cat-grozine-literatura","7":"product_tag-afrika","8":"product_tag-istorine-proza","9":"product_tag-karen-bliksen","10":"product_tag-kenija","11":"product_tag-meiles-trikampis","12":"product_tag-moteru-likimai","13":"product_tag-paula-mclain","14":"product_tag-romanas","15":"product_tag-skraidymas","16":"desktop-align-left","17":"tablet-align-left","18":"mobile-align-left","20":"first","21":"instock","22":"shipping-taxable","23":"purchasable","24":"product-type-simple"},"acf":[],"yoast_head":"<!-- This site is optimized with the Yoast SEO plugin v27.0 - https:\/\/yoast.com\/product\/yoast-seo-wordpress\/ -->\n<title>Ledi Afrika<\/title>\n<meta name=\"description\" content=\"Afrika. Svaig\u016bs brit\u0173 kolonijinio spindesio laikai. Stulbinamas laukin\u0117s Kenijos gamtos gro\u017eis mainosi su Nairobio klub\u0173 prabanga, d\u017einas liejasi\" \/>\n<meta name=\"robots\" content=\"index, follow, max-snippet:-1, max-image-preview:large, max-video-preview:-1\" \/>\n<link rel=\"canonical\" href=\"https:\/\/skaitytaknyga.lt\/en\/produktas\/ledi-afrika\/\" \/>\n<meta property=\"og:locale\" content=\"en_GB\" \/>\n<meta property=\"og:locale:alternate\" content=\"lt_LT\" \/>\n<meta property=\"og:type\" content=\"article\" \/>\n<meta property=\"og:title\" content=\"Ledi Afrika\" \/>\n<meta property=\"og:description\" content=\"Afrika. Svaig\u016bs brit\u0173 kolonijinio spindesio laikai. Stulbinamas laukin\u0117s Kenijos gamtos gro\u017eis mainosi su Nairobio klub\u0173 prabanga, d\u017einas liejasi\" \/>\n<meta property=\"og:url\" content=\"https:\/\/skaitytaknyga.lt\/en\/produktas\/ledi-afrika\/\" \/>\n<meta property=\"og:site_name\" content=\"Skaitytaknyga\" \/>\n<meta property=\"article:publisher\" content=\"https:\/\/www.facebook.com\/skaitytaknyga\/\" \/>\n<meta property=\"article:modified_time\" content=\"2025-10-06T08:04:20+00:00\" \/>\n<meta property=\"og:image\" content=\"https:\/\/skaitytaknyga.lt\/wp-content\/uploads\/2025\/10\/Ledi-Afrika-1.webp\" \/>\n\t<meta property=\"og:image:width\" content=\"300\" \/>\n\t<meta property=\"og:image:height\" content=\"450\" \/>\n\t<meta property=\"og:image:type\" content=\"image\/webp\" \/>\n<meta name=\"twitter:card\" content=\"summary_large_image\" \/>\n<meta name=\"twitter:label1\" content=\"Estimated reading time\" \/>\n\t<meta name=\"twitter:data1\" content=\"1 minute\" \/>\n<script type=\"application\/ld+json\" class=\"yoast-schema-graph\">{\"@context\":\"https:\/\/schema.org\",\"@graph\":[{\"@type\":\"WebPage\",\"@id\":\"https:\/\/skaitytaknyga.lt\/produktas\/ledi-afrika\/\",\"url\":\"https:\/\/skaitytaknyga.lt\/produktas\/ledi-afrika\/\",\"name\":\"Ledi Afrika\",\"isPartOf\":{\"@id\":\"https:\/\/skaitytaknyga.lt\/#website\"},\"primaryImageOfPage\":{\"@id\":\"https:\/\/skaitytaknyga.lt\/produktas\/ledi-afrika\/#primaryimage\"},\"image\":{\"@id\":\"https:\/\/skaitytaknyga.lt\/produktas\/ledi-afrika\/#primaryimage\"},\"thumbnailUrl\":\"https:\/\/skaitytaknyga.lt\/wp-content\/uploads\/2025\/10\/Ledi-Afrika-1.webp\",\"datePublished\":\"2025-10-04T16:00:39+00:00\",\"dateModified\":\"2025-10-06T08:04:20+00:00\",\"description\":\"Afrika. Svaig\u016bs brit\u0173 kolonijinio spindesio laikai. Stulbinamas laukin\u0117s Kenijos gamtos gro\u017eis mainosi su Nairobio klub\u0173 prabanga, d\u017einas liejasi\",\"breadcrumb\":{\"@id\":\"https:\/\/skaitytaknyga.lt\/produktas\/ledi-afrika\/#breadcrumb\"},\"inLanguage\":\"en-GB\",\"potentialAction\":[{\"@type\":\"ReadAction\",\"target\":[\"https:\/\/skaitytaknyga.lt\/produktas\/ledi-afrika\/\"]}]},{\"@type\":\"ImageObject\",\"inLanguage\":\"en-GB\",\"@id\":\"https:\/\/skaitytaknyga.lt\/produktas\/ledi-afrika\/#primaryimage\",\"url\":\"https:\/\/skaitytaknyga.lt\/wp-content\/uploads\/2025\/10\/Ledi-Afrika-1.webp\",\"contentUrl\":\"https:\/\/skaitytaknyga.lt\/wp-content\/uploads\/2025\/10\/Ledi-Afrika-1.webp\",\"width\":300,\"height\":450,\"caption\":\"Ledi Afrika\"},{\"@type\":\"BreadcrumbList\",\"@id\":\"https:\/\/skaitytaknyga.lt\/produktas\/ledi-afrika\/#breadcrumb\",\"itemListElement\":[{\"@type\":\"ListItem\",\"position\":1,\"name\":\"Home\",\"item\":\"https:\/\/skaitytaknyga.lt\/\"},{\"@type\":\"ListItem\",\"position\":2,\"name\":\"Parduotuv\u0117\",\"item\":\"https:\/\/skaitytaknyga.lt\/knygu-parduotuve\/\"},{\"@type\":\"ListItem\",\"position\":3,\"name\":\"Ledi Afrika\"}]},{\"@type\":\"WebSite\",\"@id\":\"https:\/\/skaitytaknyga.lt\/#website\",\"url\":\"https:\/\/skaitytaknyga.lt\/\",\"name\":\"skaitytaknyga.lt\",\"description\":\"Skaitytaknyga.lt \u2013 tai ma\u017eas \u0161eimos verslas, kuris prasid\u0117jo nuo meil\u0117s knygoms ir siekio i\u0161gelb\u0117ti knygas nuo likimo prie konteinerio. Kas vienam nereikalingas daiktas \u2013 kitam lobis, o mes esame tarpininkai, kurie padeda abiems tapti laimingesniems ???? \u017dinome kaip nelengva i\u0161gyventi ma\u017eiems verslams, tad nuo \u0161iol, \u010dia rasite ir kit\u0173, ma\u017e\u0173 \u0161eim\u0173 versl\u0173, rank\u0173 darbo, dovan\u0173 sau ir artimiesiems.\",\"publisher\":{\"@id\":\"https:\/\/skaitytaknyga.lt\/#organization\"},\"potentialAction\":[{\"@type\":\"SearchAction\",\"target\":{\"@type\":\"EntryPoint\",\"urlTemplate\":\"https:\/\/skaitytaknyga.lt\/?s={search_term_string}\"},\"query-input\":{\"@type\":\"PropertyValueSpecification\",\"valueRequired\":true,\"valueName\":\"search_term_string\"}}],\"inLanguage\":\"en-GB\"},{\"@type\":\"Organization\",\"@id\":\"https:\/\/skaitytaknyga.lt\/#organization\",\"name\":\"skaitytaknyga.lt\",\"url\":\"https:\/\/skaitytaknyga.lt\/\",\"logo\":{\"@type\":\"ImageObject\",\"inLanguage\":\"en-GB\",\"@id\":\"https:\/\/skaitytaknyga.lt\/#\/schema\/logo\/image\/\",\"url\":\"https:\/\/skaitytaknyga.lt\/wp-content\/uploads\/2024\/05\/cropped-cropped-cropped-02_00843_jt3bggkj1j3HLc7SyY6rEUpg.jpeg\",\"contentUrl\":\"https:\/\/skaitytaknyga.lt\/wp-content\/uploads\/2024\/05\/cropped-cropped-cropped-02_00843_jt3bggkj1j3HLc7SyY6rEUpg.jpeg\",\"width\":1600,\"height\":1600,\"caption\":\"skaitytaknyga.lt\"},\"image\":{\"@id\":\"https:\/\/skaitytaknyga.lt\/#\/schema\/logo\/image\/\"},\"sameAs\":[\"https:\/\/www.facebook.com\/skaitytaknyga\/\"]}]}<\/script>\n<!-- \/ Yoast SEO plugin. -->","yoast_head_json":{"title":"Ledi Afrika","description":"Afrika. Svaig\u016bs brit\u0173 kolonijinio spindesio laikai. Stulbinamas laukin\u0117s Kenijos gamtos gro\u017eis mainosi su Nairobio klub\u0173 prabanga, d\u017einas liejasi","robots":{"index":"index","follow":"follow","max-snippet":"max-snippet:-1","max-image-preview":"max-image-preview:large","max-video-preview":"max-video-preview:-1"},"canonical":"https:\/\/skaitytaknyga.lt\/en\/produktas\/ledi-afrika\/","og_locale":"en_GB","og_type":"article","og_title":"[:lt]Ledi Afrika[:] - Skaitytaknyga","og_description":"Afrika. Svaig\u016bs brit\u0173 kolonijinio spindesio laikai. Stulbinamas laukin\u0117s Kenijos gamtos gro\u017eis mainosi su Nairobio klub\u0173 prabanga, d\u017einas liejasi","og_url":"https:\/\/skaitytaknyga.lt\/en\/produktas\/ledi-afrika\/","og_site_name":"Skaitytaknyga","article_publisher":"https:\/\/www.facebook.com\/skaitytaknyga\/","article_modified_time":"2025-10-06T08:04:20+00:00","og_image":[{"width":300,"height":450,"url":"https:\/\/skaitytaknyga.lt\/wp-content\/uploads\/2025\/10\/Ledi-Afrika-1.webp","type":"image\/webp"}],"twitter_card":"summary_large_image","twitter_misc":{"Estimated reading time":"1 minute"},"schema":{"@context":"https:\/\/schema.org","@graph":[{"@type":"WebPage","@id":"https:\/\/skaitytaknyga.lt\/produktas\/ledi-afrika\/","url":"https:\/\/skaitytaknyga.lt\/produktas\/ledi-afrika\/","name":"Ledi Afrika","isPartOf":{"@id":"https:\/\/skaitytaknyga.lt\/#website"},"primaryImageOfPage":{"@id":"https:\/\/skaitytaknyga.lt\/produktas\/ledi-afrika\/#primaryimage"},"image":{"@id":"https:\/\/skaitytaknyga.lt\/produktas\/ledi-afrika\/#primaryimage"},"thumbnailUrl":"https:\/\/skaitytaknyga.lt\/wp-content\/uploads\/2025\/10\/Ledi-Afrika-1.webp","datePublished":"2025-10-04T16:00:39+00:00","dateModified":"2025-10-06T08:04:20+00:00","description":"Afrika. Svaig\u016bs brit\u0173 kolonijinio spindesio laikai. Stulbinamas laukin\u0117s Kenijos gamtos gro\u017eis mainosi su Nairobio klub\u0173 prabanga, d\u017einas liejasi","breadcrumb":{"@id":"https:\/\/skaitytaknyga.lt\/produktas\/ledi-afrika\/#breadcrumb"},"inLanguage":"en-GB","potentialAction":[{"@type":"ReadAction","target":["https:\/\/skaitytaknyga.lt\/produktas\/ledi-afrika\/"]}]},{"@type":"ImageObject","inLanguage":"en-GB","@id":"https:\/\/skaitytaknyga.lt\/produktas\/ledi-afrika\/#primaryimage","url":"https:\/\/skaitytaknyga.lt\/wp-content\/uploads\/2025\/10\/Ledi-Afrika-1.webp","contentUrl":"https:\/\/skaitytaknyga.lt\/wp-content\/uploads\/2025\/10\/Ledi-Afrika-1.webp","width":300,"height":450,"caption":"Ledi Afrika"},{"@type":"BreadcrumbList","@id":"https:\/\/skaitytaknyga.lt\/produktas\/ledi-afrika\/#breadcrumb","itemListElement":[{"@type":"ListItem","position":1,"name":"Home","item":"https:\/\/skaitytaknyga.lt\/"},{"@type":"ListItem","position":2,"name":"Parduotuv\u0117","item":"https:\/\/skaitytaknyga.lt\/knygu-parduotuve\/"},{"@type":"ListItem","position":3,"name":"Ledi Afrika"}]},{"@type":"WebSite","@id":"https:\/\/skaitytaknyga.lt\/#website","url":"https:\/\/skaitytaknyga.lt\/","name":"skaitytaknyga.lt","description":"Skaitytaknyga.lt \u2013 tai ma\u017eas \u0161eimos verslas, kuris prasid\u0117jo nuo meil\u0117s knygoms ir siekio i\u0161gelb\u0117ti knygas nuo likimo prie konteinerio. Kas vienam nereikalingas daiktas \u2013 kitam lobis, o mes esame tarpininkai, kurie padeda abiems tapti laimingesniems ???? \u017dinome kaip nelengva i\u0161gyventi ma\u017eiems verslams, tad nuo \u0161iol, \u010dia rasite ir kit\u0173, ma\u017e\u0173 \u0161eim\u0173 versl\u0173, rank\u0173 darbo, dovan\u0173 sau ir artimiesiems.","publisher":{"@id":"https:\/\/skaitytaknyga.lt\/#organization"},"potentialAction":[{"@type":"SearchAction","target":{"@type":"EntryPoint","urlTemplate":"https:\/\/skaitytaknyga.lt\/?s={search_term_string}"},"query-input":{"@type":"PropertyValueSpecification","valueRequired":true,"valueName":"search_term_string"}}],"inLanguage":"en-GB"},{"@type":"Organization","@id":"https:\/\/skaitytaknyga.lt\/#organization","name":"skaitytaknyga.lt","url":"https:\/\/skaitytaknyga.lt\/","logo":{"@type":"ImageObject","inLanguage":"en-GB","@id":"https:\/\/skaitytaknyga.lt\/#\/schema\/logo\/image\/","url":"https:\/\/skaitytaknyga.lt\/wp-content\/uploads\/2024\/05\/cropped-cropped-cropped-02_00843_jt3bggkj1j3HLc7SyY6rEUpg.jpeg","contentUrl":"https:\/\/skaitytaknyga.lt\/wp-content\/uploads\/2024\/05\/cropped-cropped-cropped-02_00843_jt3bggkj1j3HLc7SyY6rEUpg.jpeg","width":1600,"height":1600,"caption":"skaitytaknyga.lt"},"image":{"@id":"https:\/\/skaitytaknyga.lt\/#\/schema\/logo\/image\/"},"sameAs":["https:\/\/www.facebook.com\/skaitytaknyga\/"]}]}},"_links":{"self":[{"href":"https:\/\/skaitytaknyga.lt\/en\/wp-json\/wp\/v2\/product\/21204","targetHints":{"allow":["GET"]}}],"collection":[{"href":"https:\/\/skaitytaknyga.lt\/en\/wp-json\/wp\/v2\/product"}],"about":[{"href":"https:\/\/skaitytaknyga.lt\/en\/wp-json\/wp\/v2\/types\/product"}],"replies":[{"embeddable":true,"href":"https:\/\/skaitytaknyga.lt\/en\/wp-json\/wp\/v2\/comments?post=21204"}],"wp:featuredmedia":[{"embeddable":true,"href":"https:\/\/skaitytaknyga.lt\/en\/wp-json\/wp\/v2\/media\/21211"}],"wp:attachment":[{"href":"https:\/\/skaitytaknyga.lt\/en\/wp-json\/wp\/v2\/media?parent=21204"}],"wp:term":[{"taxonomy":"product_brand","embeddable":true,"href":"https:\/\/skaitytaknyga.lt\/en\/wp-json\/wp\/v2\/product_brand?post=21204"},{"taxonomy":"product_cat","embeddable":true,"href":"https:\/\/skaitytaknyga.lt\/en\/wp-json\/wp\/v2\/product_cat?post=21204"},{"taxonomy":"product_tag","embeddable":true,"href":"https:\/\/skaitytaknyga.lt\/en\/wp-json\/wp\/v2\/product_tag?post=21204"}],"curies":[{"name":"wp","href":"https:\/\/api.w.org\/{rel}","templated":true}]}}