{"id":21203,"date":"2025-10-04T19:00:39","date_gmt":"2025-10-04T16:00:39","guid":{"rendered":"https:\/\/skaitytaknyga.lt\/?post_type=product&#038;p=21203"},"modified":"2025-10-06T11:04:20","modified_gmt":"2025-10-06T08:04:20","slug":"merginu-miestas-pagelte-lapai","status":"publish","type":"product","link":"https:\/\/skaitytaknyga.lt\/en\/produktas\/merginu-miestas-pagelte-lapai\/","title":{"rendered":"Mergin\u0173 miestas (pagelt\u0119 lapai)"},"content":{"rendered":"<p>Gyvenimas \u2013 trumpas ir pavojingas, tod\u0117l riboti malonum\u0173 ir b\u016bti tuo, kas nesi, n\u0117ra prasm\u0117s.<\/p>\n<p>Elizabeth Gilbert gr\u012f\u017eta su unikalia meil\u0117s istorija, vykusia Niujorko teatro pasaulyje penktajame de\u0161imtmetyje. I\u0161 garbaus am\u017eiaus moters perspektyvos, su malonumu ir tam tikrais apgailestavimais prisimenant jaunyst\u0119, papasakotas Mergin\u0173 miestas gilinasi \u012f moters seksualumo, laisv\u0117s ir nuotyki\u0173, o kartu \u012f tikrosios meil\u0117s dovanos temas.<\/p>\n<p>1940-aisiais devyniolikmet\u0117 Viviana Moris i\u0161metama i\u0161 Vasaro koled\u017eo d\u0117l prast\u0173 pirm\u0173j\u0173 studij\u0173 met\u0173 rezultat\u0173. Pasiturintys t\u0117vai i\u0161siun\u010dia j\u0105 \u012f Manhatan\u0105 pas tet\u0105 Peg\u0119, kuriai priklauso bohemi\u0161kas ir laisvamani\u0161kas Lelijos teatras. \u010cia Vivianai tenka pa\u017einti \u017eaving\u0173 ir net labai spalving\u0173 persona\u017e\u0173, ta\u010diau kart\u0105, \u012fsiv\u0117lus \u012f skandal\u0105, jos pasaulis apsiver\u010dia auk\u0161tyn kojomis. Prireikia daugyb\u0117s met\u0173 susivokti, kokio gyvenimo ir kokios laisv\u0117s ji trok\u0161ta; nors ir vingiuotas, kelias j\u0105 nuveda pas tikr\u0105j\u0105 meil\u0119. <\/p>\n<p>Gilios i\u0161minties apie \u017emogi\u0161kuosius tro\u0161kimus ir tarpusavio ry\u0161ius kupinas Elizabeth Gilbert romanas Mergin\u0173 miestas \u2013 meil\u0117s istorija, nepana\u0161i \u012f joki\u0105 kit\u0105.<\/p>\n","protected":false},"excerpt":{"rendered":"<p>Gyvenimas \u2013 trumpas ir pavojingas, tod\u0117l riboti malonum\u0173 ir b\u016bti tuo, kas nesi, n\u0117ra prasm\u0117s. Elizabeth Gilbert gr\u012f\u017eta su unikalia meil\u0117s istorija, vykusia Niujorko teatro pasaulyje penktajame de\u0161imtmetyje. I\u0161 garbaus am\u017eiaus moters perspektyvos, su malonumu ir tam tikrais apgailestavimais prisimenant jaunyst\u0119, papasakotas Mergin\u0173 miestas gilinasi \u012f moters seksualumo, laisv\u0117s ir nuotyki\u0173, o kartu \u012f tikrosios meil\u0117s dovanos temas. 1940-aisiais devyniolikmet\u0117 Viviana Moris i\u0161metama i\u0161 Vasaro koled\u017eo d\u0117l prast\u0173 pirm\u0173j\u0173 studij\u0173 met\u0173 rezultat\u0173. Pasiturintys t\u0117vai i\u0161siun\u010dia j\u0105 \u012f Manhatan\u0105 pas tet\u0105 Peg\u0119, kuriai priklauso bohemi\u0161kas ir laisvamani\u0161kas Lelijos teatras. \u010cia Vivianai tenka pa\u017einti \u017eaving\u0173 ir net labai spalving\u0173 persona\u017e\u0173, ta\u010diau kart\u0105, \u012fsiv\u0117lus \u012f skandal\u0105, jos pasaulis apsiver\u010dia auk\u0161tyn kojomis. Prireikia daugyb\u0117s met\u0173 susivokti, kokio gyvenimo ir kokios laisv\u0117s ji trok\u0161ta; nors ir vingiuotas, kelias j\u0105 nuveda pas tikr\u0105j\u0105 meil\u0119. Gilios i\u0161minties apie \u017emogi\u0161kuosius tro\u0161kimus ir tarpusavio ry\u0161ius kupinas Elizabeth Gilbert romanas Mergin\u0173 miestas \u2013 meil\u0117s istorija, nepana\u0161i \u012f joki\u0105 kit\u0105.<\/p>\n","protected":false},"featured_media":21210,"comment_status":"open","ping_status":"closed","template":"","meta":{"_acf_changed":false,"site-sidebar-layout":"default","site-content-layout":"","ast-site-content-layout":"default","site-content-style":"default","site-sidebar-style":"default","ast-global-header-display":"","ast-banner-title-visibility":"","ast-main-header-display":"","ast-hfb-above-header-display":"","ast-hfb-below-header-display":"","ast-hfb-mobile-header-display":"","site-post-title":"","ast-breadcrumbs-content":"","ast-featured-img":"","footer-sml-layout":"","ast-disable-related-posts":"","theme-transparent-header-meta":"","adv-header-id-meta":"","stick-header-meta":"","header-above-stick-meta":"","header-main-stick-meta":"","header-below-stick-meta":"","astra-migrate-meta-layouts":"default","ast-page-background-enabled":"default","ast-page-background-meta":{"desktop":{"background-color":"","background-image":"","background-repeat":"repeat","background-position":"center center","background-size":"auto","background-attachment":"scroll","background-type":"","background-media":"","overlay-type":"","overlay-color":"","overlay-opacity":"","overlay-gradient":""},"tablet":{"background-color":"","background-image":"","background-repeat":"repeat","background-position":"center center","background-size":"auto","background-attachment":"scroll","background-type":"","background-media":"","overlay-type":"","overlay-color":"","overlay-opacity":"","overlay-gradient":""},"mobile":{"background-color":"","background-image":"","background-repeat":"repeat","background-position":"center center","background-size":"auto","background-attachment":"scroll","background-type":"","background-media":"","overlay-type":"","overlay-color":"","overlay-opacity":"","overlay-gradient":""}},"ast-content-background-meta":{"desktop":{"background-color":"var(--ast-global-color-4)","background-image":"","background-repeat":"repeat","background-position":"center center","background-size":"auto","background-attachment":"scroll","background-type":"","background-media":"","overlay-type":"","overlay-color":"","overlay-opacity":"","overlay-gradient":""},"tablet":{"background-color":"var(--ast-global-color-4)","background-image":"","background-repeat":"repeat","background-position":"center center","background-size":"auto","background-attachment":"scroll","background-type":"","background-media":"","overlay-type":"","overlay-color":"","overlay-opacity":"","overlay-gradient":""},"mobile":{"background-color":"var(--ast-global-color-4)","background-image":"","background-repeat":"repeat","background-position":"center center","background-size":"auto","background-attachment":"scroll","background-type":"","background-media":"","overlay-type":"","overlay-color":"","overlay-opacity":"","overlay-gradient":""}}},"product_brand":[],"product_cat":[31],"product_tag":[8405,3058,8404,3558,1748,2454,1705,1745,3002],"class_list":{"0":"post-21203","1":"product","2":"type-product","3":"status-publish","4":"has-post-thumbnail","6":"product_cat-grozine-literatura","7":"product_tag-1940-ieji","8":"product_tag-bohema","9":"product_tag-elizabeth-gilbert","10":"product_tag-laisve","11":"product_tag-meiles-istorija","12":"product_tag-moters-gyvenimas","13":"product_tag-niujorkas","14":"product_tag-romanas","15":"product_tag-teatras","16":"desktop-align-left","17":"tablet-align-left","18":"mobile-align-left","20":"first","21":"instock","22":"shipping-taxable","23":"purchasable","24":"product-type-simple"},"acf":[],"yoast_head":"<!-- This site is optimized with the Yoast SEO plugin v27.0 - https:\/\/yoast.com\/product\/yoast-seo-wordpress\/ -->\n<title>Mergin\u0173 miestas (pagelt\u0119 lapai)<\/title>\n<meta name=\"description\" content=\"Gyvenimas \u2013 trumpas ir pavojingas, tod\u0117l riboti malonum\u0173 ir b\u016bti tuo, kas nesi, n\u0117ra prasm\u0117s. Elizabeth Gilbert gr\u012f\u017eta su unikalia meil\u0117s istorija,\" \/>\n<meta name=\"robots\" content=\"index, follow, max-snippet:-1, max-image-preview:large, max-video-preview:-1\" \/>\n<link rel=\"canonical\" href=\"https:\/\/skaitytaknyga.lt\/en\/produktas\/merginu-miestas-pagelte-lapai\/\" \/>\n<meta property=\"og:locale\" content=\"en_GB\" \/>\n<meta property=\"og:locale:alternate\" content=\"lt_LT\" \/>\n<meta property=\"og:type\" content=\"article\" \/>\n<meta property=\"og:title\" content=\"Mergin\u0173 miestas (pagelt\u0119 lapai)\" \/>\n<meta property=\"og:description\" content=\"Gyvenimas \u2013 trumpas ir pavojingas, tod\u0117l riboti malonum\u0173 ir b\u016bti tuo, kas nesi, n\u0117ra prasm\u0117s. Elizabeth Gilbert gr\u012f\u017eta su unikalia meil\u0117s istorija,\" \/>\n<meta property=\"og:url\" content=\"https:\/\/skaitytaknyga.lt\/en\/produktas\/merginu-miestas-pagelte-lapai\/\" \/>\n<meta property=\"og:site_name\" content=\"Skaitytaknyga\" \/>\n<meta property=\"article:publisher\" content=\"https:\/\/www.facebook.com\/skaitytaknyga\/\" \/>\n<meta property=\"article:modified_time\" content=\"2025-10-06T08:04:20+00:00\" \/>\n<meta property=\"og:image\" content=\"https:\/\/skaitytaknyga.lt\/wp-content\/uploads\/2025\/10\/Merginu-miestas.webp\" \/>\n\t<meta property=\"og:image:width\" content=\"300\" \/>\n\t<meta property=\"og:image:height\" content=\"381\" \/>\n\t<meta property=\"og:image:type\" content=\"image\/webp\" \/>\n<meta name=\"twitter:card\" content=\"summary_large_image\" \/>\n<meta name=\"twitter:label1\" content=\"Estimated reading time\" \/>\n\t<meta name=\"twitter:data1\" content=\"1 minute\" \/>\n<script type=\"application\/ld+json\" class=\"yoast-schema-graph\">{\"@context\":\"https:\/\/schema.org\",\"@graph\":[{\"@type\":\"WebPage\",\"@id\":\"https:\/\/skaitytaknyga.lt\/produktas\/merginu-miestas-pagelte-lapai\/\",\"url\":\"https:\/\/skaitytaknyga.lt\/produktas\/merginu-miestas-pagelte-lapai\/\",\"name\":\"Mergin\u0173 miestas (pagelt\u0119 lapai)\",\"isPartOf\":{\"@id\":\"https:\/\/skaitytaknyga.lt\/#website\"},\"primaryImageOfPage\":{\"@id\":\"https:\/\/skaitytaknyga.lt\/produktas\/merginu-miestas-pagelte-lapai\/#primaryimage\"},\"image\":{\"@id\":\"https:\/\/skaitytaknyga.lt\/produktas\/merginu-miestas-pagelte-lapai\/#primaryimage\"},\"thumbnailUrl\":\"https:\/\/skaitytaknyga.lt\/wp-content\/uploads\/2025\/10\/Merginu-miestas.webp\",\"datePublished\":\"2025-10-04T16:00:39+00:00\",\"dateModified\":\"2025-10-06T08:04:20+00:00\",\"description\":\"Gyvenimas \u2013 trumpas ir pavojingas, tod\u0117l riboti malonum\u0173 ir b\u016bti tuo, kas nesi, n\u0117ra prasm\u0117s. Elizabeth Gilbert gr\u012f\u017eta su unikalia meil\u0117s istorija,\",\"breadcrumb\":{\"@id\":\"https:\/\/skaitytaknyga.lt\/produktas\/merginu-miestas-pagelte-lapai\/#breadcrumb\"},\"inLanguage\":\"en-GB\",\"potentialAction\":[{\"@type\":\"ReadAction\",\"target\":[\"https:\/\/skaitytaknyga.lt\/produktas\/merginu-miestas-pagelte-lapai\/\"]}]},{\"@type\":\"ImageObject\",\"inLanguage\":\"en-GB\",\"@id\":\"https:\/\/skaitytaknyga.lt\/produktas\/merginu-miestas-pagelte-lapai\/#primaryimage\",\"url\":\"https:\/\/skaitytaknyga.lt\/wp-content\/uploads\/2025\/10\/Merginu-miestas.webp\",\"contentUrl\":\"https:\/\/skaitytaknyga.lt\/wp-content\/uploads\/2025\/10\/Merginu-miestas.webp\",\"width\":300,\"height\":381},{\"@type\":\"BreadcrumbList\",\"@id\":\"https:\/\/skaitytaknyga.lt\/produktas\/merginu-miestas-pagelte-lapai\/#breadcrumb\",\"itemListElement\":[{\"@type\":\"ListItem\",\"position\":1,\"name\":\"Home\",\"item\":\"https:\/\/skaitytaknyga.lt\/\"},{\"@type\":\"ListItem\",\"position\":2,\"name\":\"Parduotuv\u0117\",\"item\":\"https:\/\/skaitytaknyga.lt\/knygu-parduotuve\/\"},{\"@type\":\"ListItem\",\"position\":3,\"name\":\"Mergin\u0173 miestas (pagelt\u0119 lapai)\"}]},{\"@type\":\"WebSite\",\"@id\":\"https:\/\/skaitytaknyga.lt\/#website\",\"url\":\"https:\/\/skaitytaknyga.lt\/\",\"name\":\"skaitytaknyga.lt\",\"description\":\"Skaitytaknyga.lt \u2013 tai ma\u017eas \u0161eimos verslas, kuris prasid\u0117jo nuo meil\u0117s knygoms ir siekio i\u0161gelb\u0117ti knygas nuo likimo prie konteinerio. Kas vienam nereikalingas daiktas \u2013 kitam lobis, o mes esame tarpininkai, kurie padeda abiems tapti laimingesniems ???? \u017dinome kaip nelengva i\u0161gyventi ma\u017eiems verslams, tad nuo \u0161iol, \u010dia rasite ir kit\u0173, ma\u017e\u0173 \u0161eim\u0173 versl\u0173, rank\u0173 darbo, dovan\u0173 sau ir artimiesiems.\",\"publisher\":{\"@id\":\"https:\/\/skaitytaknyga.lt\/#organization\"},\"potentialAction\":[{\"@type\":\"SearchAction\",\"target\":{\"@type\":\"EntryPoint\",\"urlTemplate\":\"https:\/\/skaitytaknyga.lt\/?s={search_term_string}\"},\"query-input\":{\"@type\":\"PropertyValueSpecification\",\"valueRequired\":true,\"valueName\":\"search_term_string\"}}],\"inLanguage\":\"en-GB\"},{\"@type\":\"Organization\",\"@id\":\"https:\/\/skaitytaknyga.lt\/#organization\",\"name\":\"skaitytaknyga.lt\",\"url\":\"https:\/\/skaitytaknyga.lt\/\",\"logo\":{\"@type\":\"ImageObject\",\"inLanguage\":\"en-GB\",\"@id\":\"https:\/\/skaitytaknyga.lt\/#\/schema\/logo\/image\/\",\"url\":\"https:\/\/skaitytaknyga.lt\/wp-content\/uploads\/2024\/05\/cropped-cropped-cropped-02_00843_jt3bggkj1j3HLc7SyY6rEUpg.jpeg\",\"contentUrl\":\"https:\/\/skaitytaknyga.lt\/wp-content\/uploads\/2024\/05\/cropped-cropped-cropped-02_00843_jt3bggkj1j3HLc7SyY6rEUpg.jpeg\",\"width\":1600,\"height\":1600,\"caption\":\"skaitytaknyga.lt\"},\"image\":{\"@id\":\"https:\/\/skaitytaknyga.lt\/#\/schema\/logo\/image\/\"},\"sameAs\":[\"https:\/\/www.facebook.com\/skaitytaknyga\/\"]}]}<\/script>\n<!-- \/ Yoast SEO plugin. -->","yoast_head_json":{"title":"Mergin\u0173 miestas (pagelt\u0119 lapai)","description":"Gyvenimas \u2013 trumpas ir pavojingas, tod\u0117l riboti malonum\u0173 ir b\u016bti tuo, kas nesi, n\u0117ra prasm\u0117s. Elizabeth Gilbert gr\u012f\u017eta su unikalia meil\u0117s istorija,","robots":{"index":"index","follow":"follow","max-snippet":"max-snippet:-1","max-image-preview":"max-image-preview:large","max-video-preview":"max-video-preview:-1"},"canonical":"https:\/\/skaitytaknyga.lt\/en\/produktas\/merginu-miestas-pagelte-lapai\/","og_locale":"en_GB","og_type":"article","og_title":"[:lt]Mergin\u0173 miestas (pagelt\u0119 lapai)[:] - Skaitytaknyga","og_description":"Gyvenimas \u2013 trumpas ir pavojingas, tod\u0117l riboti malonum\u0173 ir b\u016bti tuo, kas nesi, n\u0117ra prasm\u0117s. Elizabeth Gilbert gr\u012f\u017eta su unikalia meil\u0117s istorija,","og_url":"https:\/\/skaitytaknyga.lt\/en\/produktas\/merginu-miestas-pagelte-lapai\/","og_site_name":"Skaitytaknyga","article_publisher":"https:\/\/www.facebook.com\/skaitytaknyga\/","article_modified_time":"2025-10-06T08:04:20+00:00","og_image":[{"width":300,"height":381,"url":"https:\/\/skaitytaknyga.lt\/wp-content\/uploads\/2025\/10\/Merginu-miestas.webp","type":"image\/webp"}],"twitter_card":"summary_large_image","twitter_misc":{"Estimated reading time":"1 minute"},"schema":{"@context":"https:\/\/schema.org","@graph":[{"@type":"WebPage","@id":"https:\/\/skaitytaknyga.lt\/produktas\/merginu-miestas-pagelte-lapai\/","url":"https:\/\/skaitytaknyga.lt\/produktas\/merginu-miestas-pagelte-lapai\/","name":"Mergin\u0173 miestas (pagelt\u0119 lapai)","isPartOf":{"@id":"https:\/\/skaitytaknyga.lt\/#website"},"primaryImageOfPage":{"@id":"https:\/\/skaitytaknyga.lt\/produktas\/merginu-miestas-pagelte-lapai\/#primaryimage"},"image":{"@id":"https:\/\/skaitytaknyga.lt\/produktas\/merginu-miestas-pagelte-lapai\/#primaryimage"},"thumbnailUrl":"https:\/\/skaitytaknyga.lt\/wp-content\/uploads\/2025\/10\/Merginu-miestas.webp","datePublished":"2025-10-04T16:00:39+00:00","dateModified":"2025-10-06T08:04:20+00:00","description":"Gyvenimas \u2013 trumpas ir pavojingas, tod\u0117l riboti malonum\u0173 ir b\u016bti tuo, kas nesi, n\u0117ra prasm\u0117s. Elizabeth Gilbert gr\u012f\u017eta su unikalia meil\u0117s istorija,","breadcrumb":{"@id":"https:\/\/skaitytaknyga.lt\/produktas\/merginu-miestas-pagelte-lapai\/#breadcrumb"},"inLanguage":"en-GB","potentialAction":[{"@type":"ReadAction","target":["https:\/\/skaitytaknyga.lt\/produktas\/merginu-miestas-pagelte-lapai\/"]}]},{"@type":"ImageObject","inLanguage":"en-GB","@id":"https:\/\/skaitytaknyga.lt\/produktas\/merginu-miestas-pagelte-lapai\/#primaryimage","url":"https:\/\/skaitytaknyga.lt\/wp-content\/uploads\/2025\/10\/Merginu-miestas.webp","contentUrl":"https:\/\/skaitytaknyga.lt\/wp-content\/uploads\/2025\/10\/Merginu-miestas.webp","width":300,"height":381},{"@type":"BreadcrumbList","@id":"https:\/\/skaitytaknyga.lt\/produktas\/merginu-miestas-pagelte-lapai\/#breadcrumb","itemListElement":[{"@type":"ListItem","position":1,"name":"Home","item":"https:\/\/skaitytaknyga.lt\/"},{"@type":"ListItem","position":2,"name":"Parduotuv\u0117","item":"https:\/\/skaitytaknyga.lt\/knygu-parduotuve\/"},{"@type":"ListItem","position":3,"name":"Mergin\u0173 miestas (pagelt\u0119 lapai)"}]},{"@type":"WebSite","@id":"https:\/\/skaitytaknyga.lt\/#website","url":"https:\/\/skaitytaknyga.lt\/","name":"skaitytaknyga.lt","description":"Skaitytaknyga.lt \u2013 tai ma\u017eas \u0161eimos verslas, kuris prasid\u0117jo nuo meil\u0117s knygoms ir siekio i\u0161gelb\u0117ti knygas nuo likimo prie konteinerio. Kas vienam nereikalingas daiktas \u2013 kitam lobis, o mes esame tarpininkai, kurie padeda abiems tapti laimingesniems ???? \u017dinome kaip nelengva i\u0161gyventi ma\u017eiems verslams, tad nuo \u0161iol, \u010dia rasite ir kit\u0173, ma\u017e\u0173 \u0161eim\u0173 versl\u0173, rank\u0173 darbo, dovan\u0173 sau ir artimiesiems.","publisher":{"@id":"https:\/\/skaitytaknyga.lt\/#organization"},"potentialAction":[{"@type":"SearchAction","target":{"@type":"EntryPoint","urlTemplate":"https:\/\/skaitytaknyga.lt\/?s={search_term_string}"},"query-input":{"@type":"PropertyValueSpecification","valueRequired":true,"valueName":"search_term_string"}}],"inLanguage":"en-GB"},{"@type":"Organization","@id":"https:\/\/skaitytaknyga.lt\/#organization","name":"skaitytaknyga.lt","url":"https:\/\/skaitytaknyga.lt\/","logo":{"@type":"ImageObject","inLanguage":"en-GB","@id":"https:\/\/skaitytaknyga.lt\/#\/schema\/logo\/image\/","url":"https:\/\/skaitytaknyga.lt\/wp-content\/uploads\/2024\/05\/cropped-cropped-cropped-02_00843_jt3bggkj1j3HLc7SyY6rEUpg.jpeg","contentUrl":"https:\/\/skaitytaknyga.lt\/wp-content\/uploads\/2024\/05\/cropped-cropped-cropped-02_00843_jt3bggkj1j3HLc7SyY6rEUpg.jpeg","width":1600,"height":1600,"caption":"skaitytaknyga.lt"},"image":{"@id":"https:\/\/skaitytaknyga.lt\/#\/schema\/logo\/image\/"},"sameAs":["https:\/\/www.facebook.com\/skaitytaknyga\/"]}]}},"_links":{"self":[{"href":"https:\/\/skaitytaknyga.lt\/en\/wp-json\/wp\/v2\/product\/21203","targetHints":{"allow":["GET"]}}],"collection":[{"href":"https:\/\/skaitytaknyga.lt\/en\/wp-json\/wp\/v2\/product"}],"about":[{"href":"https:\/\/skaitytaknyga.lt\/en\/wp-json\/wp\/v2\/types\/product"}],"replies":[{"embeddable":true,"href":"https:\/\/skaitytaknyga.lt\/en\/wp-json\/wp\/v2\/comments?post=21203"}],"wp:featuredmedia":[{"embeddable":true,"href":"https:\/\/skaitytaknyga.lt\/en\/wp-json\/wp\/v2\/media\/21210"}],"wp:attachment":[{"href":"https:\/\/skaitytaknyga.lt\/en\/wp-json\/wp\/v2\/media?parent=21203"}],"wp:term":[{"taxonomy":"product_brand","embeddable":true,"href":"https:\/\/skaitytaknyga.lt\/en\/wp-json\/wp\/v2\/product_brand?post=21203"},{"taxonomy":"product_cat","embeddable":true,"href":"https:\/\/skaitytaknyga.lt\/en\/wp-json\/wp\/v2\/product_cat?post=21203"},{"taxonomy":"product_tag","embeddable":true,"href":"https:\/\/skaitytaknyga.lt\/en\/wp-json\/wp\/v2\/product_tag?post=21203"}],"curies":[{"name":"wp","href":"https:\/\/api.w.org\/{rel}","templated":true}]}}