{"id":21202,"date":"2025-10-04T19:00:39","date_gmt":"2025-10-04T16:00:39","guid":{"rendered":"https:\/\/skaitytaknyga.lt\/?post_type=product&#038;p=21202"},"modified":"2025-10-06T11:04:20","modified_gmt":"2025-10-06T08:04:20","slug":"jaunyste","status":"publish","type":"product","link":"https:\/\/skaitytaknyga.lt\/en\/produktas\/jaunyste\/","title":{"rendered":"Jaunyst\u0117"},"content":{"rendered":"<p>\u201e\u017dinau, kad dabar \u017emon\u0117s perka knygas, kurios jiems pasako, kur eiti, k\u0105 daryti, kaip myl\u0117ti&#8230;<br \/>\nBet a\u0161 ne\u017einau nieko. Ir nelabai noriu \u017einoti.<br \/>\n\u0160iuo metu a\u0161 tik pildau pra\u0161ym\u0105 pristatyti knyg\u0105 ant galinio jos vir\u0161elio&#8230;<br \/>\nBet a\u0161 jau prista\u010diau de\u0161imtame knygos puslapyje&#8230;<br \/>\nO \u0161iaip, apkeliavau didel\u0119 dal\u012f pasaulio, sutikau mil\u017ein\u0173, nyk\u0161tuk\u0173, skraidan\u010di\u0173 drakon\u0173, ta\u010diau sisiodamas vis dar pataikau ant kra\u0161t\u0173.\u201c<br \/>\nMarius Lucka<\/p>\n<p>\u0160i knyga \u2013 dekadenti\u0161kas, i\u0161grynintas, sarkazmu ir ironija persmelktas pasakojimas apie keliones. Jos kupinos jaunatvi\u0161ko avanti\u016brizmo ir tokios nerealios, kad kartais sunku suvokti protu. Kam reikia per 60 dien\u0173 \u012fveikti 1000 km p\u0117s\u010diomis per Ispanij\u0105 ir Portugalij\u0105 arba keliauti per pus\u0119 Indijos ir vienam, be \u0161erp\u0173 pagalbos, pam\u0117ginti u\u017ekopti \u012f bazin\u0119 Everesto stovykl\u0105? Kam rizikuoti ir belstis per pus\u0119 Juodojo \u017eemyno arba kokie tur\u0117t\u0173 u\u017epl\u016bsti jausmai i\u0161vydus \u017eydr\u0105j\u012f bangin\u012f? Turb\u016bt mus visus labiausiai svaigina ir supurto kelion\u0117se i\u0161gyventos ribin\u0117s patirtys. Bet vis\u0173 \u0161i\u0173 kelioni\u0173 galutinis tikslas \u2013 Antazav\u0117, nes kelion\u0117 be galimyb\u0117s gr\u012f\u017eti namo \u2013 tik betikslis, klaj\u016bni\u0161kas bla\u0161kymasis po pasaul\u012f.<br \/>\nTik skersai i\u0161ilgai i\u0161mai\u0161\u0119s pasaul\u012f, atrandi galimyb\u0119 pa\u017einti save.<\/p>\n","protected":false},"excerpt":{"rendered":"<p>\u201e\u017dinau, kad dabar \u017emon\u0117s perka knygas, kurios jiems pasako, kur eiti, k\u0105 daryti, kaip myl\u0117ti&#8230; Bet a\u0161 ne\u017einau nieko. Ir nelabai noriu \u017einoti. \u0160iuo metu a\u0161 tik pildau pra\u0161ym\u0105 pristatyti knyg\u0105 ant galinio jos vir\u0161elio&#8230; Bet a\u0161 jau prista\u010diau de\u0161imtame knygos puslapyje&#8230; O \u0161iaip, apkeliavau didel\u0119 dal\u012f pasaulio, sutikau mil\u017ein\u0173, nyk\u0161tuk\u0173, skraidan\u010di\u0173 drakon\u0173, ta\u010diau sisiodamas vis dar pataikau ant kra\u0161t\u0173.\u201c Marius Lucka \u0160i knyga \u2013 dekadenti\u0161kas, i\u0161grynintas, sarkazmu ir ironija persmelktas pasakojimas apie keliones. Jos kupinos jaunatvi\u0161ko avanti\u016brizmo ir tokios nerealios, kad kartais sunku suvokti protu. Kam reikia per 60 dien\u0173 \u012fveikti 1000 km p\u0117s\u010diomis per Ispanij\u0105 ir Portugalij\u0105 arba keliauti per pus\u0119 Indijos ir vienam, be \u0161erp\u0173 pagalbos, pam\u0117ginti u\u017ekopti \u012f bazin\u0119 Everesto stovykl\u0105? Kam rizikuoti ir belstis per pus\u0119 Juodojo \u017eemyno arba kokie tur\u0117t\u0173 u\u017epl\u016bsti jausmai i\u0161vydus \u017eydr\u0105j\u012f bangin\u012f? Turb\u016bt mus visus labiausiai svaigina ir supurto kelion\u0117se i\u0161gyventos ribin\u0117s patirtys. Bet vis\u0173 \u0161i\u0173 kelioni\u0173 galutinis tikslas \u2013 Antazav\u0117, nes kelion\u0117 be galimyb\u0117s gr\u012f\u017eti namo \u2013 tik betikslis, klaj\u016bni\u0161kas bla\u0161kymasis po pasaul\u012f. Tik skersai i\u0161ilgai i\u0161mai\u0161\u0119s pasaul\u012f, atrandi galimyb\u0119 pa\u017einti save.<\/p>\n","protected":false},"featured_media":21207,"comment_status":"open","ping_status":"closed","template":"","meta":{"_acf_changed":false,"site-sidebar-layout":"default","site-content-layout":"","ast-site-content-layout":"default","site-content-style":"default","site-sidebar-style":"default","ast-global-header-display":"","ast-banner-title-visibility":"","ast-main-header-display":"","ast-hfb-above-header-display":"","ast-hfb-below-header-display":"","ast-hfb-mobile-header-display":"","site-post-title":"","ast-breadcrumbs-content":"","ast-featured-img":"","footer-sml-layout":"","ast-disable-related-posts":"","theme-transparent-header-meta":"","adv-header-id-meta":"","stick-header-meta":"","header-above-stick-meta":"","header-main-stick-meta":"","header-below-stick-meta":"","astra-migrate-meta-layouts":"default","ast-page-background-enabled":"default","ast-page-background-meta":{"desktop":{"background-color":"","background-image":"","background-repeat":"repeat","background-position":"center center","background-size":"auto","background-attachment":"scroll","background-type":"","background-media":"","overlay-type":"","overlay-color":"","overlay-opacity":"","overlay-gradient":""},"tablet":{"background-color":"","background-image":"","background-repeat":"repeat","background-position":"center center","background-size":"auto","background-attachment":"scroll","background-type":"","background-media":"","overlay-type":"","overlay-color":"","overlay-opacity":"","overlay-gradient":""},"mobile":{"background-color":"","background-image":"","background-repeat":"repeat","background-position":"center center","background-size":"auto","background-attachment":"scroll","background-type":"","background-media":"","overlay-type":"","overlay-color":"","overlay-opacity":"","overlay-gradient":""}},"ast-content-background-meta":{"desktop":{"background-color":"var(--ast-global-color-4)","background-image":"","background-repeat":"repeat","background-position":"center center","background-size":"auto","background-attachment":"scroll","background-type":"","background-media":"","overlay-type":"","overlay-color":"","overlay-opacity":"","overlay-gradient":""},"tablet":{"background-color":"var(--ast-global-color-4)","background-image":"","background-repeat":"repeat","background-position":"center center","background-size":"auto","background-attachment":"scroll","background-type":"","background-media":"","overlay-type":"","overlay-color":"","overlay-opacity":"","overlay-gradient":""},"mobile":{"background-color":"var(--ast-global-color-4)","background-image":"","background-repeat":"repeat","background-position":"center center","background-size":"auto","background-attachment":"scroll","background-type":"","background-media":"","overlay-type":"","overlay-color":"","overlay-opacity":"","overlay-gradient":""}}},"product_brand":[],"product_cat":[31],"product_tag":[2450,8402,8403,4085,8401,1445,1744,8400,1745,4086],"class_list":{"0":"post-21202","1":"product","2":"type-product","3":"status-publish","4":"has-post-thumbnail","6":"product_cat-grozine-literatura","7":"product_tag-antazave","8":"product_tag-dekadansas","9":"product_tag-everestas","10":"product_tag-ironija","11":"product_tag-jaunyste","12":"product_tag-keliones","13":"product_tag-lietuviu-literatura","14":"product_tag-marius-lucka","15":"product_tag-romanas","16":"product_tag-sarkazmas","17":"desktop-align-left","18":"tablet-align-left","19":"mobile-align-left","21":"first","22":"instock","23":"shipping-taxable","24":"purchasable","25":"product-type-simple"},"acf":[],"yoast_head":"<!-- This site is optimized with the Yoast SEO plugin v27.0 - https:\/\/yoast.com\/product\/yoast-seo-wordpress\/ -->\n<title>Jaunyst\u0117<\/title>\n<meta name=\"description\" content=\"\u201e\u017dinau, kad dabar \u017emon\u0117s perka knygas, kurios jiems pasako, kur eiti, k\u0105 daryti, kaip myl\u0117ti... Bet a\u0161 ne\u017einau nieko. Ir nelabai noriu \u017einoti. \u0160iuo metu\" \/>\n<meta name=\"robots\" content=\"index, follow, max-snippet:-1, max-image-preview:large, max-video-preview:-1\" \/>\n<link rel=\"canonical\" href=\"https:\/\/skaitytaknyga.lt\/en\/produktas\/jaunyste\/\" \/>\n<meta property=\"og:locale\" content=\"en_GB\" \/>\n<meta property=\"og:locale:alternate\" content=\"lt_LT\" \/>\n<meta property=\"og:type\" content=\"article\" \/>\n<meta property=\"og:title\" content=\"Jaunyst\u0117\" \/>\n<meta property=\"og:description\" content=\"\u201e\u017dinau, kad dabar \u017emon\u0117s perka knygas, kurios jiems pasako, kur eiti, k\u0105 daryti, kaip myl\u0117ti... Bet a\u0161 ne\u017einau nieko. Ir nelabai noriu \u017einoti. \u0160iuo metu\" \/>\n<meta property=\"og:url\" content=\"https:\/\/skaitytaknyga.lt\/en\/produktas\/jaunyste\/\" \/>\n<meta property=\"og:site_name\" content=\"Skaitytaknyga\" \/>\n<meta property=\"article:publisher\" content=\"https:\/\/www.facebook.com\/skaitytaknyga\/\" \/>\n<meta property=\"article:modified_time\" content=\"2025-10-06T08:04:20+00:00\" \/>\n<meta property=\"og:image\" content=\"https:\/\/skaitytaknyga.lt\/wp-content\/uploads\/2025\/10\/Jaunyste.webp\" \/>\n\t<meta property=\"og:image:width\" content=\"379\" \/>\n\t<meta property=\"og:image:height\" content=\"600\" \/>\n\t<meta property=\"og:image:type\" content=\"image\/webp\" \/>\n<meta name=\"twitter:card\" content=\"summary_large_image\" \/>\n<meta name=\"twitter:label1\" content=\"Estimated reading time\" \/>\n\t<meta name=\"twitter:data1\" content=\"1 minute\" \/>\n<script type=\"application\/ld+json\" class=\"yoast-schema-graph\">{\"@context\":\"https:\/\/schema.org\",\"@graph\":[{\"@type\":\"WebPage\",\"@id\":\"https:\/\/skaitytaknyga.lt\/produktas\/jaunyste\/\",\"url\":\"https:\/\/skaitytaknyga.lt\/produktas\/jaunyste\/\",\"name\":\"Jaunyst\u0117\",\"isPartOf\":{\"@id\":\"https:\/\/skaitytaknyga.lt\/#website\"},\"primaryImageOfPage\":{\"@id\":\"https:\/\/skaitytaknyga.lt\/produktas\/jaunyste\/#primaryimage\"},\"image\":{\"@id\":\"https:\/\/skaitytaknyga.lt\/produktas\/jaunyste\/#primaryimage\"},\"thumbnailUrl\":\"https:\/\/skaitytaknyga.lt\/wp-content\/uploads\/2025\/10\/Jaunyste.webp\",\"datePublished\":\"2025-10-04T16:00:39+00:00\",\"dateModified\":\"2025-10-06T08:04:20+00:00\",\"description\":\"\u201e\u017dinau, kad dabar \u017emon\u0117s perka knygas, kurios jiems pasako, kur eiti, k\u0105 daryti, kaip myl\u0117ti... Bet a\u0161 ne\u017einau nieko. Ir nelabai noriu \u017einoti. \u0160iuo metu\",\"breadcrumb\":{\"@id\":\"https:\/\/skaitytaknyga.lt\/produktas\/jaunyste\/#breadcrumb\"},\"inLanguage\":\"en-GB\",\"potentialAction\":[{\"@type\":\"ReadAction\",\"target\":[\"https:\/\/skaitytaknyga.lt\/produktas\/jaunyste\/\"]}]},{\"@type\":\"ImageObject\",\"inLanguage\":\"en-GB\",\"@id\":\"https:\/\/skaitytaknyga.lt\/produktas\/jaunyste\/#primaryimage\",\"url\":\"https:\/\/skaitytaknyga.lt\/wp-content\/uploads\/2025\/10\/Jaunyste.webp\",\"contentUrl\":\"https:\/\/skaitytaknyga.lt\/wp-content\/uploads\/2025\/10\/Jaunyste.webp\",\"width\":379,\"height\":600},{\"@type\":\"BreadcrumbList\",\"@id\":\"https:\/\/skaitytaknyga.lt\/produktas\/jaunyste\/#breadcrumb\",\"itemListElement\":[{\"@type\":\"ListItem\",\"position\":1,\"name\":\"Home\",\"item\":\"https:\/\/skaitytaknyga.lt\/\"},{\"@type\":\"ListItem\",\"position\":2,\"name\":\"Parduotuv\u0117\",\"item\":\"https:\/\/skaitytaknyga.lt\/knygu-parduotuve\/\"},{\"@type\":\"ListItem\",\"position\":3,\"name\":\"Jaunyst\u0117\"}]},{\"@type\":\"WebSite\",\"@id\":\"https:\/\/skaitytaknyga.lt\/#website\",\"url\":\"https:\/\/skaitytaknyga.lt\/\",\"name\":\"skaitytaknyga.lt\",\"description\":\"Skaitytaknyga.lt \u2013 tai ma\u017eas \u0161eimos verslas, kuris prasid\u0117jo nuo meil\u0117s knygoms ir siekio i\u0161gelb\u0117ti knygas nuo likimo prie konteinerio. Kas vienam nereikalingas daiktas \u2013 kitam lobis, o mes esame tarpininkai, kurie padeda abiems tapti laimingesniems ???? \u017dinome kaip nelengva i\u0161gyventi ma\u017eiems verslams, tad nuo \u0161iol, \u010dia rasite ir kit\u0173, ma\u017e\u0173 \u0161eim\u0173 versl\u0173, rank\u0173 darbo, dovan\u0173 sau ir artimiesiems.\",\"publisher\":{\"@id\":\"https:\/\/skaitytaknyga.lt\/#organization\"},\"potentialAction\":[{\"@type\":\"SearchAction\",\"target\":{\"@type\":\"EntryPoint\",\"urlTemplate\":\"https:\/\/skaitytaknyga.lt\/?s={search_term_string}\"},\"query-input\":{\"@type\":\"PropertyValueSpecification\",\"valueRequired\":true,\"valueName\":\"search_term_string\"}}],\"inLanguage\":\"en-GB\"},{\"@type\":\"Organization\",\"@id\":\"https:\/\/skaitytaknyga.lt\/#organization\",\"name\":\"skaitytaknyga.lt\",\"url\":\"https:\/\/skaitytaknyga.lt\/\",\"logo\":{\"@type\":\"ImageObject\",\"inLanguage\":\"en-GB\",\"@id\":\"https:\/\/skaitytaknyga.lt\/#\/schema\/logo\/image\/\",\"url\":\"https:\/\/skaitytaknyga.lt\/wp-content\/uploads\/2024\/05\/cropped-cropped-cropped-02_00843_jt3bggkj1j3HLc7SyY6rEUpg.jpeg\",\"contentUrl\":\"https:\/\/skaitytaknyga.lt\/wp-content\/uploads\/2024\/05\/cropped-cropped-cropped-02_00843_jt3bggkj1j3HLc7SyY6rEUpg.jpeg\",\"width\":1600,\"height\":1600,\"caption\":\"skaitytaknyga.lt\"},\"image\":{\"@id\":\"https:\/\/skaitytaknyga.lt\/#\/schema\/logo\/image\/\"},\"sameAs\":[\"https:\/\/www.facebook.com\/skaitytaknyga\/\"]}]}<\/script>\n<!-- \/ Yoast SEO plugin. -->","yoast_head_json":{"title":"Jaunyst\u0117","description":"\u201e\u017dinau, kad dabar \u017emon\u0117s perka knygas, kurios jiems pasako, kur eiti, k\u0105 daryti, kaip myl\u0117ti... Bet a\u0161 ne\u017einau nieko. Ir nelabai noriu \u017einoti. \u0160iuo metu","robots":{"index":"index","follow":"follow","max-snippet":"max-snippet:-1","max-image-preview":"max-image-preview:large","max-video-preview":"max-video-preview:-1"},"canonical":"https:\/\/skaitytaknyga.lt\/en\/produktas\/jaunyste\/","og_locale":"en_GB","og_type":"article","og_title":"[:lt]Jaunyst\u0117[:] - Skaitytaknyga","og_description":"\u201e\u017dinau, kad dabar \u017emon\u0117s perka knygas, kurios jiems pasako, kur eiti, k\u0105 daryti, kaip myl\u0117ti... Bet a\u0161 ne\u017einau nieko. Ir nelabai noriu \u017einoti. \u0160iuo metu","og_url":"https:\/\/skaitytaknyga.lt\/en\/produktas\/jaunyste\/","og_site_name":"Skaitytaknyga","article_publisher":"https:\/\/www.facebook.com\/skaitytaknyga\/","article_modified_time":"2025-10-06T08:04:20+00:00","og_image":[{"width":379,"height":600,"url":"https:\/\/skaitytaknyga.lt\/wp-content\/uploads\/2025\/10\/Jaunyste.webp","type":"image\/webp"}],"twitter_card":"summary_large_image","twitter_misc":{"Estimated reading time":"1 minute"},"schema":{"@context":"https:\/\/schema.org","@graph":[{"@type":"WebPage","@id":"https:\/\/skaitytaknyga.lt\/produktas\/jaunyste\/","url":"https:\/\/skaitytaknyga.lt\/produktas\/jaunyste\/","name":"Jaunyst\u0117","isPartOf":{"@id":"https:\/\/skaitytaknyga.lt\/#website"},"primaryImageOfPage":{"@id":"https:\/\/skaitytaknyga.lt\/produktas\/jaunyste\/#primaryimage"},"image":{"@id":"https:\/\/skaitytaknyga.lt\/produktas\/jaunyste\/#primaryimage"},"thumbnailUrl":"https:\/\/skaitytaknyga.lt\/wp-content\/uploads\/2025\/10\/Jaunyste.webp","datePublished":"2025-10-04T16:00:39+00:00","dateModified":"2025-10-06T08:04:20+00:00","description":"\u201e\u017dinau, kad dabar \u017emon\u0117s perka knygas, kurios jiems pasako, kur eiti, k\u0105 daryti, kaip myl\u0117ti... Bet a\u0161 ne\u017einau nieko. Ir nelabai noriu \u017einoti. \u0160iuo metu","breadcrumb":{"@id":"https:\/\/skaitytaknyga.lt\/produktas\/jaunyste\/#breadcrumb"},"inLanguage":"en-GB","potentialAction":[{"@type":"ReadAction","target":["https:\/\/skaitytaknyga.lt\/produktas\/jaunyste\/"]}]},{"@type":"ImageObject","inLanguage":"en-GB","@id":"https:\/\/skaitytaknyga.lt\/produktas\/jaunyste\/#primaryimage","url":"https:\/\/skaitytaknyga.lt\/wp-content\/uploads\/2025\/10\/Jaunyste.webp","contentUrl":"https:\/\/skaitytaknyga.lt\/wp-content\/uploads\/2025\/10\/Jaunyste.webp","width":379,"height":600},{"@type":"BreadcrumbList","@id":"https:\/\/skaitytaknyga.lt\/produktas\/jaunyste\/#breadcrumb","itemListElement":[{"@type":"ListItem","position":1,"name":"Home","item":"https:\/\/skaitytaknyga.lt\/"},{"@type":"ListItem","position":2,"name":"Parduotuv\u0117","item":"https:\/\/skaitytaknyga.lt\/knygu-parduotuve\/"},{"@type":"ListItem","position":3,"name":"Jaunyst\u0117"}]},{"@type":"WebSite","@id":"https:\/\/skaitytaknyga.lt\/#website","url":"https:\/\/skaitytaknyga.lt\/","name":"skaitytaknyga.lt","description":"Skaitytaknyga.lt \u2013 tai ma\u017eas \u0161eimos verslas, kuris prasid\u0117jo nuo meil\u0117s knygoms ir siekio i\u0161gelb\u0117ti knygas nuo likimo prie konteinerio. Kas vienam nereikalingas daiktas \u2013 kitam lobis, o mes esame tarpininkai, kurie padeda abiems tapti laimingesniems ???? \u017dinome kaip nelengva i\u0161gyventi ma\u017eiems verslams, tad nuo \u0161iol, \u010dia rasite ir kit\u0173, ma\u017e\u0173 \u0161eim\u0173 versl\u0173, rank\u0173 darbo, dovan\u0173 sau ir artimiesiems.","publisher":{"@id":"https:\/\/skaitytaknyga.lt\/#organization"},"potentialAction":[{"@type":"SearchAction","target":{"@type":"EntryPoint","urlTemplate":"https:\/\/skaitytaknyga.lt\/?s={search_term_string}"},"query-input":{"@type":"PropertyValueSpecification","valueRequired":true,"valueName":"search_term_string"}}],"inLanguage":"en-GB"},{"@type":"Organization","@id":"https:\/\/skaitytaknyga.lt\/#organization","name":"skaitytaknyga.lt","url":"https:\/\/skaitytaknyga.lt\/","logo":{"@type":"ImageObject","inLanguage":"en-GB","@id":"https:\/\/skaitytaknyga.lt\/#\/schema\/logo\/image\/","url":"https:\/\/skaitytaknyga.lt\/wp-content\/uploads\/2024\/05\/cropped-cropped-cropped-02_00843_jt3bggkj1j3HLc7SyY6rEUpg.jpeg","contentUrl":"https:\/\/skaitytaknyga.lt\/wp-content\/uploads\/2024\/05\/cropped-cropped-cropped-02_00843_jt3bggkj1j3HLc7SyY6rEUpg.jpeg","width":1600,"height":1600,"caption":"skaitytaknyga.lt"},"image":{"@id":"https:\/\/skaitytaknyga.lt\/#\/schema\/logo\/image\/"},"sameAs":["https:\/\/www.facebook.com\/skaitytaknyga\/"]}]}},"_links":{"self":[{"href":"https:\/\/skaitytaknyga.lt\/en\/wp-json\/wp\/v2\/product\/21202","targetHints":{"allow":["GET"]}}],"collection":[{"href":"https:\/\/skaitytaknyga.lt\/en\/wp-json\/wp\/v2\/product"}],"about":[{"href":"https:\/\/skaitytaknyga.lt\/en\/wp-json\/wp\/v2\/types\/product"}],"replies":[{"embeddable":true,"href":"https:\/\/skaitytaknyga.lt\/en\/wp-json\/wp\/v2\/comments?post=21202"}],"wp:featuredmedia":[{"embeddable":true,"href":"https:\/\/skaitytaknyga.lt\/en\/wp-json\/wp\/v2\/media\/21207"}],"wp:attachment":[{"href":"https:\/\/skaitytaknyga.lt\/en\/wp-json\/wp\/v2\/media?parent=21202"}],"wp:term":[{"taxonomy":"product_brand","embeddable":true,"href":"https:\/\/skaitytaknyga.lt\/en\/wp-json\/wp\/v2\/product_brand?post=21202"},{"taxonomy":"product_cat","embeddable":true,"href":"https:\/\/skaitytaknyga.lt\/en\/wp-json\/wp\/v2\/product_cat?post=21202"},{"taxonomy":"product_tag","embeddable":true,"href":"https:\/\/skaitytaknyga.lt\/en\/wp-json\/wp\/v2\/product_tag?post=21202"}],"curies":[{"name":"wp","href":"https:\/\/api.w.org\/{rel}","templated":true}]}}