{"id":21193,"date":"2025-10-03T11:14:23","date_gmt":"2025-10-03T08:14:23","guid":{"rendered":"https:\/\/skaitytaknyga.lt\/?post_type=product&#038;p=21193"},"modified":"2025-10-06T11:04:20","modified_gmt":"2025-10-06T08:04:20","slug":"kambario-622-paslaptis","status":"publish","type":"product","link":"https:\/\/skaitytaknyga.lt\/en\/produktas\/kambario-622-paslaptis\/","title":{"rendered":"Kambario 622 paslaptis"},"content":{"rendered":"<p>K\u016brybin\u0119 kriz\u0119 i\u0161gyvenantis ra\u0161ytojas \u017doelis Dikeris nusprend\u017eia pakeisti aplink\u0105 ir i\u0161vyksta pails\u0117ti \u012f prabang\u0173 \u0160veicarijos vie\u0161but\u012f. I\u0161gyvendamas d\u0117l nutr\u016bkusi\u0173 santyki\u0173 ir savo mylimo leid\u0117jo mirties \u017doelis tikisi, kad grynas Alpi\u0173 oras, nauja aplinka pad\u0117s prasibla\u0161kyti ir suteiks id\u0117j\u0173 naujai knygai. Ta\u010diau jo rami\u0173 atostog\u0173 planams i\u0161sipildyti nelemta. <\/p>\n<p>Kartu su \u017eavia vie\u0161bu\u010dio kaimyne \u2013 brit\u0173 aristokrate Skarlet \u2013 \u017doelis netrukus pastebi keist\u0105 dalyk\u0105: vie\u0161butyje n\u0117ra 622 kambario. Ra\u0161ytojui ai\u0161kinantis dingusio kambario paslapt\u012f paai\u0161k\u0117ja, kad prie\u0161 kelet\u0105 met\u0173 622 kambaryje \u012fvyko iki \u0161iol nei\u0161ai\u0161kinta \u017emog\u017eudyst\u0117. \u017doelis su Skarlet \u012fsivelia \u012f pavojing\u0105 intrig\u0173 ir galios \u017eaidim\u0173 tinkl\u0105.<\/p>\n<p>Romanas \u201eKambario 622 paslaptis\u201c yra tikras netik\u0117tum\u0173, staigmen\u0173 ir svaiginan\u010di\u0173 siu\u017eeto pos\u016bki\u0173 labirintas, tap\u0119s bestseleriu Pranc\u016bzijoje ir tikru fenomenu visoje Europoje. \u0160veicari\u0161ko laikrod\u017eio tikslumu sukonstruotas siu\u017eetas skaitytoj\u0105 sugriebs ir nepaleis iki paskutinio puslapio.<\/p>\n","protected":false},"excerpt":{"rendered":"<p>K\u016brybin\u0119 kriz\u0119 i\u0161gyvenantis ra\u0161ytojas \u017doelis Dikeris nusprend\u017eia pakeisti aplink\u0105 ir i\u0161vyksta pails\u0117ti \u012f prabang\u0173 \u0160veicarijos vie\u0161but\u012f. I\u0161gyvendamas d\u0117l nutr\u016bkusi\u0173 santyki\u0173 ir savo mylimo leid\u0117jo mirties \u017doelis tikisi, kad grynas Alpi\u0173 oras, nauja aplinka pad\u0117s prasibla\u0161kyti ir suteiks id\u0117j\u0173 naujai knygai. Ta\u010diau jo rami\u0173 atostog\u0173 planams i\u0161sipildyti nelemta. Kartu su \u017eavia vie\u0161bu\u010dio kaimyne \u2013 brit\u0173 aristokrate Skarlet \u2013 \u017doelis netrukus pastebi keist\u0105 dalyk\u0105: vie\u0161butyje n\u0117ra 622 kambario. Ra\u0161ytojui ai\u0161kinantis dingusio kambario paslapt\u012f paai\u0161k\u0117ja, kad prie\u0161 kelet\u0105 met\u0173 622 kambaryje \u012fvyko iki \u0161iol nei\u0161ai\u0161kinta \u017emog\u017eudyst\u0117. \u017doelis su Skarlet \u012fsivelia \u012f pavojing\u0105 intrig\u0173 ir galios \u017eaidim\u0173 tinkl\u0105. Romanas \u201eKambario 622 paslaptis\u201c yra tikras netik\u0117tum\u0173, staigmen\u0173 ir svaiginan\u010di\u0173 siu\u017eeto pos\u016bki\u0173 labirintas, tap\u0119s bestseleriu Pranc\u016bzijoje ir tikru fenomenu visoje Europoje. \u0160veicari\u0161ko laikrod\u017eio tikslumu sukonstruotas siu\u017eetas skaitytoj\u0105 sugriebs ir nepaleis iki paskutinio puslapio.<\/p>\n","protected":false},"featured_media":21201,"comment_status":"open","ping_status":"closed","template":"","meta":{"_acf_changed":false,"site-sidebar-layout":"default","site-content-layout":"","ast-site-content-layout":"default","site-content-style":"default","site-sidebar-style":"default","ast-global-header-display":"","ast-banner-title-visibility":"","ast-main-header-display":"","ast-hfb-above-header-display":"","ast-hfb-below-header-display":"","ast-hfb-mobile-header-display":"","site-post-title":"","ast-breadcrumbs-content":"","ast-featured-img":"","footer-sml-layout":"","ast-disable-related-posts":"","theme-transparent-header-meta":"","adv-header-id-meta":"","stick-header-meta":"","header-above-stick-meta":"","header-main-stick-meta":"","header-below-stick-meta":"","astra-migrate-meta-layouts":"default","ast-page-background-enabled":"default","ast-page-background-meta":{"desktop":{"background-color":"","background-image":"","background-repeat":"repeat","background-position":"center center","background-size":"auto","background-attachment":"scroll","background-type":"","background-media":"","overlay-type":"","overlay-color":"","overlay-opacity":"","overlay-gradient":""},"tablet":{"background-color":"","background-image":"","background-repeat":"repeat","background-position":"center center","background-size":"auto","background-attachment":"scroll","background-type":"","background-media":"","overlay-type":"","overlay-color":"","overlay-opacity":"","overlay-gradient":""},"mobile":{"background-color":"","background-image":"","background-repeat":"repeat","background-position":"center center","background-size":"auto","background-attachment":"scroll","background-type":"","background-media":"","overlay-type":"","overlay-color":"","overlay-opacity":"","overlay-gradient":""}},"ast-content-background-meta":{"desktop":{"background-color":"var(--ast-global-color-4)","background-image":"","background-repeat":"repeat","background-position":"center center","background-size":"auto","background-attachment":"scroll","background-type":"","background-media":"","overlay-type":"","overlay-color":"","overlay-opacity":"","overlay-gradient":""},"tablet":{"background-color":"var(--ast-global-color-4)","background-image":"","background-repeat":"repeat","background-position":"center center","background-size":"auto","background-attachment":"scroll","background-type":"","background-media":"","overlay-type":"","overlay-color":"","overlay-opacity":"","overlay-gradient":""},"mobile":{"background-color":"var(--ast-global-color-4)","background-image":"","background-repeat":"repeat","background-position":"center center","background-size":"auto","background-attachment":"scroll","background-type":"","background-media":"","overlay-type":"","overlay-color":"","overlay-opacity":"","overlay-gradient":""}}},"product_brand":[],"product_cat":[31],"product_tag":[3298,1476,2632,8397,1478,1745,8398,1587,8399,1772],"class_list":{"0":"post-21193","1":"product","2":"type-product","3":"status-publish","4":"has-post-thumbnail","6":"product_cat-grozine-literatura","7":"product_tag-bestseleris","8":"product_tag-detektyvas","9":"product_tag-intrigos","10":"product_tag-joel-dicker","11":"product_tag-paslaptys","12":"product_tag-romanas","13":"product_tag-sveicarija","14":"product_tag-trileris","15":"product_tag-viesbutis","16":"product_tag-zmogzudyste","17":"desktop-align-left","18":"tablet-align-left","19":"mobile-align-left","21":"first","22":"instock","23":"shipping-taxable","24":"purchasable","25":"product-type-simple"},"acf":[],"yoast_head":"<!-- This site is optimized with the Yoast SEO plugin v27.0 - https:\/\/yoast.com\/product\/yoast-seo-wordpress\/ -->\n<title>Kambario 622 paslaptis<\/title>\n<meta name=\"description\" content=\"K\u016brybin\u0119 kriz\u0119 i\u0161gyvenantis ra\u0161ytojas \u017doelis Dikeris nusprend\u017eia pakeisti aplink\u0105 ir i\u0161vyksta pails\u0117ti \u012f prabang\u0173 \u0160veicarijos vie\u0161but\u012f. I\u0161gyvendamas d\u0117l\" \/>\n<meta name=\"robots\" content=\"index, follow, max-snippet:-1, max-image-preview:large, max-video-preview:-1\" \/>\n<link rel=\"canonical\" href=\"https:\/\/skaitytaknyga.lt\/en\/produktas\/kambario-622-paslaptis\/\" \/>\n<meta property=\"og:locale\" content=\"en_GB\" \/>\n<meta property=\"og:locale:alternate\" content=\"lt_LT\" \/>\n<meta property=\"og:type\" content=\"article\" \/>\n<meta property=\"og:title\" content=\"Kambario 622 paslaptis\" \/>\n<meta property=\"og:description\" content=\"K\u016brybin\u0119 kriz\u0119 i\u0161gyvenantis ra\u0161ytojas \u017doelis Dikeris nusprend\u017eia pakeisti aplink\u0105 ir i\u0161vyksta pails\u0117ti \u012f prabang\u0173 \u0160veicarijos vie\u0161but\u012f. I\u0161gyvendamas d\u0117l\" \/>\n<meta property=\"og:url\" content=\"https:\/\/skaitytaknyga.lt\/en\/produktas\/kambario-622-paslaptis\/\" \/>\n<meta property=\"og:site_name\" content=\"Skaitytaknyga\" \/>\n<meta property=\"article:publisher\" content=\"https:\/\/www.facebook.com\/skaitytaknyga\/\" \/>\n<meta property=\"article:modified_time\" content=\"2025-10-06T08:04:20+00:00\" \/>\n<meta property=\"og:image\" content=\"https:\/\/skaitytaknyga.lt\/wp-content\/uploads\/2025\/10\/Kambario-622-paslaptis-1.webp\" \/>\n\t<meta property=\"og:image:width\" content=\"300\" \/>\n\t<meta property=\"og:image:height\" content=\"448\" \/>\n\t<meta property=\"og:image:type\" content=\"image\/webp\" \/>\n<meta name=\"twitter:card\" content=\"summary_large_image\" \/>\n<meta name=\"twitter:label1\" content=\"Estimated reading time\" \/>\n\t<meta name=\"twitter:data1\" content=\"1 minute\" \/>\n<script type=\"application\/ld+json\" class=\"yoast-schema-graph\">{\"@context\":\"https:\/\/schema.org\",\"@graph\":[{\"@type\":\"WebPage\",\"@id\":\"https:\/\/skaitytaknyga.lt\/produktas\/kambario-622-paslaptis\/\",\"url\":\"https:\/\/skaitytaknyga.lt\/produktas\/kambario-622-paslaptis\/\",\"name\":\"Kambario 622 paslaptis\",\"isPartOf\":{\"@id\":\"https:\/\/skaitytaknyga.lt\/#website\"},\"primaryImageOfPage\":{\"@id\":\"https:\/\/skaitytaknyga.lt\/produktas\/kambario-622-paslaptis\/#primaryimage\"},\"image\":{\"@id\":\"https:\/\/skaitytaknyga.lt\/produktas\/kambario-622-paslaptis\/#primaryimage\"},\"thumbnailUrl\":\"https:\/\/skaitytaknyga.lt\/wp-content\/uploads\/2025\/10\/Kambario-622-paslaptis-1.webp\",\"datePublished\":\"2025-10-03T08:14:23+00:00\",\"dateModified\":\"2025-10-06T08:04:20+00:00\",\"description\":\"K\u016brybin\u0119 kriz\u0119 i\u0161gyvenantis ra\u0161ytojas \u017doelis Dikeris nusprend\u017eia pakeisti aplink\u0105 ir i\u0161vyksta pails\u0117ti \u012f prabang\u0173 \u0160veicarijos vie\u0161but\u012f. I\u0161gyvendamas d\u0117l\",\"breadcrumb\":{\"@id\":\"https:\/\/skaitytaknyga.lt\/produktas\/kambario-622-paslaptis\/#breadcrumb\"},\"inLanguage\":\"en-GB\",\"potentialAction\":[{\"@type\":\"ReadAction\",\"target\":[\"https:\/\/skaitytaknyga.lt\/produktas\/kambario-622-paslaptis\/\"]}]},{\"@type\":\"ImageObject\",\"inLanguage\":\"en-GB\",\"@id\":\"https:\/\/skaitytaknyga.lt\/produktas\/kambario-622-paslaptis\/#primaryimage\",\"url\":\"https:\/\/skaitytaknyga.lt\/wp-content\/uploads\/2025\/10\/Kambario-622-paslaptis-1.webp\",\"contentUrl\":\"https:\/\/skaitytaknyga.lt\/wp-content\/uploads\/2025\/10\/Kambario-622-paslaptis-1.webp\",\"width\":300,\"height\":448,\"caption\":\"Kambario 622 paslaptis\"},{\"@type\":\"BreadcrumbList\",\"@id\":\"https:\/\/skaitytaknyga.lt\/produktas\/kambario-622-paslaptis\/#breadcrumb\",\"itemListElement\":[{\"@type\":\"ListItem\",\"position\":1,\"name\":\"Home\",\"item\":\"https:\/\/skaitytaknyga.lt\/\"},{\"@type\":\"ListItem\",\"position\":2,\"name\":\"Parduotuv\u0117\",\"item\":\"https:\/\/skaitytaknyga.lt\/knygu-parduotuve\/\"},{\"@type\":\"ListItem\",\"position\":3,\"name\":\"Kambario 622 paslaptis\"}]},{\"@type\":\"WebSite\",\"@id\":\"https:\/\/skaitytaknyga.lt\/#website\",\"url\":\"https:\/\/skaitytaknyga.lt\/\",\"name\":\"skaitytaknyga.lt\",\"description\":\"Skaitytaknyga.lt \u2013 tai ma\u017eas \u0161eimos verslas, kuris prasid\u0117jo nuo meil\u0117s knygoms ir siekio i\u0161gelb\u0117ti knygas nuo likimo prie konteinerio. Kas vienam nereikalingas daiktas \u2013 kitam lobis, o mes esame tarpininkai, kurie padeda abiems tapti laimingesniems ???? \u017dinome kaip nelengva i\u0161gyventi ma\u017eiems verslams, tad nuo \u0161iol, \u010dia rasite ir kit\u0173, ma\u017e\u0173 \u0161eim\u0173 versl\u0173, rank\u0173 darbo, dovan\u0173 sau ir artimiesiems.\",\"publisher\":{\"@id\":\"https:\/\/skaitytaknyga.lt\/#organization\"},\"potentialAction\":[{\"@type\":\"SearchAction\",\"target\":{\"@type\":\"EntryPoint\",\"urlTemplate\":\"https:\/\/skaitytaknyga.lt\/?s={search_term_string}\"},\"query-input\":{\"@type\":\"PropertyValueSpecification\",\"valueRequired\":true,\"valueName\":\"search_term_string\"}}],\"inLanguage\":\"en-GB\"},{\"@type\":\"Organization\",\"@id\":\"https:\/\/skaitytaknyga.lt\/#organization\",\"name\":\"skaitytaknyga.lt\",\"url\":\"https:\/\/skaitytaknyga.lt\/\",\"logo\":{\"@type\":\"ImageObject\",\"inLanguage\":\"en-GB\",\"@id\":\"https:\/\/skaitytaknyga.lt\/#\/schema\/logo\/image\/\",\"url\":\"https:\/\/skaitytaknyga.lt\/wp-content\/uploads\/2024\/05\/cropped-cropped-cropped-02_00843_jt3bggkj1j3HLc7SyY6rEUpg.jpeg\",\"contentUrl\":\"https:\/\/skaitytaknyga.lt\/wp-content\/uploads\/2024\/05\/cropped-cropped-cropped-02_00843_jt3bggkj1j3HLc7SyY6rEUpg.jpeg\",\"width\":1600,\"height\":1600,\"caption\":\"skaitytaknyga.lt\"},\"image\":{\"@id\":\"https:\/\/skaitytaknyga.lt\/#\/schema\/logo\/image\/\"},\"sameAs\":[\"https:\/\/www.facebook.com\/skaitytaknyga\/\"]}]}<\/script>\n<!-- \/ Yoast SEO plugin. -->","yoast_head_json":{"title":"Kambario 622 paslaptis","description":"K\u016brybin\u0119 kriz\u0119 i\u0161gyvenantis ra\u0161ytojas \u017doelis Dikeris nusprend\u017eia pakeisti aplink\u0105 ir i\u0161vyksta pails\u0117ti \u012f prabang\u0173 \u0160veicarijos vie\u0161but\u012f. I\u0161gyvendamas d\u0117l","robots":{"index":"index","follow":"follow","max-snippet":"max-snippet:-1","max-image-preview":"max-image-preview:large","max-video-preview":"max-video-preview:-1"},"canonical":"https:\/\/skaitytaknyga.lt\/en\/produktas\/kambario-622-paslaptis\/","og_locale":"en_GB","og_type":"article","og_title":"[:lt]Kambario 622 paslaptis[:] - Skaitytaknyga","og_description":"K\u016brybin\u0119 kriz\u0119 i\u0161gyvenantis ra\u0161ytojas \u017doelis Dikeris nusprend\u017eia pakeisti aplink\u0105 ir i\u0161vyksta pails\u0117ti \u012f prabang\u0173 \u0160veicarijos vie\u0161but\u012f. I\u0161gyvendamas d\u0117l","og_url":"https:\/\/skaitytaknyga.lt\/en\/produktas\/kambario-622-paslaptis\/","og_site_name":"Skaitytaknyga","article_publisher":"https:\/\/www.facebook.com\/skaitytaknyga\/","article_modified_time":"2025-10-06T08:04:20+00:00","og_image":[{"width":300,"height":448,"url":"https:\/\/skaitytaknyga.lt\/wp-content\/uploads\/2025\/10\/Kambario-622-paslaptis-1.webp","type":"image\/webp"}],"twitter_card":"summary_large_image","twitter_misc":{"Estimated reading time":"1 minute"},"schema":{"@context":"https:\/\/schema.org","@graph":[{"@type":"WebPage","@id":"https:\/\/skaitytaknyga.lt\/produktas\/kambario-622-paslaptis\/","url":"https:\/\/skaitytaknyga.lt\/produktas\/kambario-622-paslaptis\/","name":"Kambario 622 paslaptis","isPartOf":{"@id":"https:\/\/skaitytaknyga.lt\/#website"},"primaryImageOfPage":{"@id":"https:\/\/skaitytaknyga.lt\/produktas\/kambario-622-paslaptis\/#primaryimage"},"image":{"@id":"https:\/\/skaitytaknyga.lt\/produktas\/kambario-622-paslaptis\/#primaryimage"},"thumbnailUrl":"https:\/\/skaitytaknyga.lt\/wp-content\/uploads\/2025\/10\/Kambario-622-paslaptis-1.webp","datePublished":"2025-10-03T08:14:23+00:00","dateModified":"2025-10-06T08:04:20+00:00","description":"K\u016brybin\u0119 kriz\u0119 i\u0161gyvenantis ra\u0161ytojas \u017doelis Dikeris nusprend\u017eia pakeisti aplink\u0105 ir i\u0161vyksta pails\u0117ti \u012f prabang\u0173 \u0160veicarijos vie\u0161but\u012f. I\u0161gyvendamas d\u0117l","breadcrumb":{"@id":"https:\/\/skaitytaknyga.lt\/produktas\/kambario-622-paslaptis\/#breadcrumb"},"inLanguage":"en-GB","potentialAction":[{"@type":"ReadAction","target":["https:\/\/skaitytaknyga.lt\/produktas\/kambario-622-paslaptis\/"]}]},{"@type":"ImageObject","inLanguage":"en-GB","@id":"https:\/\/skaitytaknyga.lt\/produktas\/kambario-622-paslaptis\/#primaryimage","url":"https:\/\/skaitytaknyga.lt\/wp-content\/uploads\/2025\/10\/Kambario-622-paslaptis-1.webp","contentUrl":"https:\/\/skaitytaknyga.lt\/wp-content\/uploads\/2025\/10\/Kambario-622-paslaptis-1.webp","width":300,"height":448,"caption":"Kambario 622 paslaptis"},{"@type":"BreadcrumbList","@id":"https:\/\/skaitytaknyga.lt\/produktas\/kambario-622-paslaptis\/#breadcrumb","itemListElement":[{"@type":"ListItem","position":1,"name":"Home","item":"https:\/\/skaitytaknyga.lt\/"},{"@type":"ListItem","position":2,"name":"Parduotuv\u0117","item":"https:\/\/skaitytaknyga.lt\/knygu-parduotuve\/"},{"@type":"ListItem","position":3,"name":"Kambario 622 paslaptis"}]},{"@type":"WebSite","@id":"https:\/\/skaitytaknyga.lt\/#website","url":"https:\/\/skaitytaknyga.lt\/","name":"skaitytaknyga.lt","description":"Skaitytaknyga.lt \u2013 tai ma\u017eas \u0161eimos verslas, kuris prasid\u0117jo nuo meil\u0117s knygoms ir siekio i\u0161gelb\u0117ti knygas nuo likimo prie konteinerio. Kas vienam nereikalingas daiktas \u2013 kitam lobis, o mes esame tarpininkai, kurie padeda abiems tapti laimingesniems ???? \u017dinome kaip nelengva i\u0161gyventi ma\u017eiems verslams, tad nuo \u0161iol, \u010dia rasite ir kit\u0173, ma\u017e\u0173 \u0161eim\u0173 versl\u0173, rank\u0173 darbo, dovan\u0173 sau ir artimiesiems.","publisher":{"@id":"https:\/\/skaitytaknyga.lt\/#organization"},"potentialAction":[{"@type":"SearchAction","target":{"@type":"EntryPoint","urlTemplate":"https:\/\/skaitytaknyga.lt\/?s={search_term_string}"},"query-input":{"@type":"PropertyValueSpecification","valueRequired":true,"valueName":"search_term_string"}}],"inLanguage":"en-GB"},{"@type":"Organization","@id":"https:\/\/skaitytaknyga.lt\/#organization","name":"skaitytaknyga.lt","url":"https:\/\/skaitytaknyga.lt\/","logo":{"@type":"ImageObject","inLanguage":"en-GB","@id":"https:\/\/skaitytaknyga.lt\/#\/schema\/logo\/image\/","url":"https:\/\/skaitytaknyga.lt\/wp-content\/uploads\/2024\/05\/cropped-cropped-cropped-02_00843_jt3bggkj1j3HLc7SyY6rEUpg.jpeg","contentUrl":"https:\/\/skaitytaknyga.lt\/wp-content\/uploads\/2024\/05\/cropped-cropped-cropped-02_00843_jt3bggkj1j3HLc7SyY6rEUpg.jpeg","width":1600,"height":1600,"caption":"skaitytaknyga.lt"},"image":{"@id":"https:\/\/skaitytaknyga.lt\/#\/schema\/logo\/image\/"},"sameAs":["https:\/\/www.facebook.com\/skaitytaknyga\/"]}]}},"_links":{"self":[{"href":"https:\/\/skaitytaknyga.lt\/en\/wp-json\/wp\/v2\/product\/21193","targetHints":{"allow":["GET"]}}],"collection":[{"href":"https:\/\/skaitytaknyga.lt\/en\/wp-json\/wp\/v2\/product"}],"about":[{"href":"https:\/\/skaitytaknyga.lt\/en\/wp-json\/wp\/v2\/types\/product"}],"replies":[{"embeddable":true,"href":"https:\/\/skaitytaknyga.lt\/en\/wp-json\/wp\/v2\/comments?post=21193"}],"wp:featuredmedia":[{"embeddable":true,"href":"https:\/\/skaitytaknyga.lt\/en\/wp-json\/wp\/v2\/media\/21201"}],"wp:attachment":[{"href":"https:\/\/skaitytaknyga.lt\/en\/wp-json\/wp\/v2\/media?parent=21193"}],"wp:term":[{"taxonomy":"product_brand","embeddable":true,"href":"https:\/\/skaitytaknyga.lt\/en\/wp-json\/wp\/v2\/product_brand?post=21193"},{"taxonomy":"product_cat","embeddable":true,"href":"https:\/\/skaitytaknyga.lt\/en\/wp-json\/wp\/v2\/product_cat?post=21193"},{"taxonomy":"product_tag","embeddable":true,"href":"https:\/\/skaitytaknyga.lt\/en\/wp-json\/wp\/v2\/product_tag?post=21193"}],"curies":[{"name":"wp","href":"https:\/\/api.w.org\/{rel}","templated":true}]}}