{"id":21192,"date":"2025-10-03T11:14:23","date_gmt":"2025-10-03T08:14:23","guid":{"rendered":"https:\/\/skaitytaknyga.lt\/?post_type=product&#038;p=21192"},"modified":"2026-03-18T11:04:14","modified_gmt":"2026-03-18T09:04:14","slug":"maistingi-troskimai","status":"publish","type":"product","link":"https:\/\/skaitytaknyga.lt\/en\/produktas\/maistingi-troskimai\/","title":{"rendered":"Mai\u0161tingi tro\u0161kimai"},"content":{"rendered":"<p>\u201eMai\u0161tingi tro\u0161kimai\u201c \u2013 klasikin\u0117 meil\u0117s istorija, para\u0161yta tikros jausm\u0173 roman\u0173 karalien\u0117s!<\/p>\n<p>I\u0161 vis\u0173 Anglijos hercog\u0173 D\u017eeredas Markusas Bentonas, hercogas Bradfordas, yra turtingiausias, i\u0161vaizd\u017eiausias&#8230; ir aroganti\u0161kiausias. I\u0161 vis\u0173 Londono dam\u0173 \u0161velni\u0173 meil\u0117s jausm\u0173 jis trok\u0161ta tik i\u0161 vienos \u2013 Karolinos Ri\u010dmond.<\/p>\n<p>\u0160ios \u017eavingos amerikiet\u0117s praeitis paslaptinga, o b\u016bdas kar\u0161tas. Susidom\u0117jusi galinguoju hercogu, nepab\u016bgusi valdingos jo laikysenos, Karolina nusprend\u017eia laim\u0117ti vyro meil\u0119. Bradfordas nelink\u0119s nusileisti&#8230; ta\u010diau stipresn\u0117s j\u0117gos suveda juos draug\u0117n. Tik susivienij\u0119 prie\u0161 bendr\u0105 prie\u0161\u0105 jie supras, kokia stipri yra pavojaus akivaizdoje \u012fsiplieskusi aistra \u2013 jai lemta kurstyti tikr\u0105 meil\u0119!<\/p>\n<p>Julie Garwood roman\u0173 veik\u0117jai \u2013 nepalenkiami, galingi vyrai ir jausmingos, mai\u0161tingos tuos vyrus mylin\u010dios moterys \u2013 \u012fra\u0161\u0117 autor\u0117s pavard\u0119 tarp geriausi\u0173 romantin\u0117s literat\u016bros k\u016br\u0117j\u0173 pavard\u017ei\u0173.<\/p>\n","protected":false},"excerpt":{"rendered":"<p>\u201eMai\u0161tingi tro\u0161kimai\u201c \u2013 klasikin\u0117 meil\u0117s istorija, para\u0161yta tikros jausm\u0173 roman\u0173 karalien\u0117s! I\u0161 vis\u0173 Anglijos hercog\u0173 D\u017eeredas Markusas Bentonas, hercogas Bradfordas, yra turtingiausias, i\u0161vaizd\u017eiausias&#8230; ir aroganti\u0161kiausias. I\u0161 vis\u0173 Londono dam\u0173 \u0161velni\u0173 meil\u0117s jausm\u0173 jis trok\u0161ta tik i\u0161 vienos \u2013 Karolinos Ri\u010dmond. \u0160ios \u017eavingos amerikiet\u0117s praeitis paslaptinga, o b\u016bdas kar\u0161tas. Susidom\u0117jusi galinguoju hercogu, nepab\u016bgusi valdingos jo laikysenos, Karolina nusprend\u017eia laim\u0117ti vyro meil\u0119. Bradfordas nelink\u0119s nusileisti&#8230; ta\u010diau stipresn\u0117s j\u0117gos suveda juos draug\u0117n. Tik susivienij\u0119 prie\u0161 bendr\u0105 prie\u0161\u0105 jie supras, kokia stipri yra pavojaus akivaizdoje \u012fsiplieskusi aistra \u2013 jai lemta kurstyti tikr\u0105 meil\u0119! Julie Garwood roman\u0173 veik\u0117jai \u2013 nepalenkiami, galingi vyrai ir jausmingos, mai\u0161tingos tuos vyrus mylin\u010dios moterys \u2013 \u012fra\u0161\u0117 autor\u0117s pavard\u0119 tarp geriausi\u0173 romantin\u0117s literat\u016bros k\u016br\u0117j\u0173 pavard\u017ei\u0173.<\/p>\n","protected":false},"featured_media":21200,"comment_status":"open","ping_status":"closed","template":"","meta":{"_acf_changed":false,"site-sidebar-layout":"default","site-content-layout":"","ast-site-content-layout":"default","site-content-style":"default","site-sidebar-style":"default","ast-global-header-display":"","ast-banner-title-visibility":"","ast-main-header-display":"","ast-hfb-above-header-display":"","ast-hfb-below-header-display":"","ast-hfb-mobile-header-display":"","site-post-title":"","ast-breadcrumbs-content":"","ast-featured-img":"","footer-sml-layout":"","ast-disable-related-posts":"","theme-transparent-header-meta":"","adv-header-id-meta":"","stick-header-meta":"","header-above-stick-meta":"","header-main-stick-meta":"","header-below-stick-meta":"","astra-migrate-meta-layouts":"default","ast-page-background-enabled":"default","ast-page-background-meta":{"desktop":{"background-color":"","background-image":"","background-repeat":"repeat","background-position":"center center","background-size":"auto","background-attachment":"scroll","background-type":"","background-media":"","overlay-type":"","overlay-color":"","overlay-opacity":"","overlay-gradient":""},"tablet":{"background-color":"","background-image":"","background-repeat":"repeat","background-position":"center center","background-size":"auto","background-attachment":"scroll","background-type":"","background-media":"","overlay-type":"","overlay-color":"","overlay-opacity":"","overlay-gradient":""},"mobile":{"background-color":"","background-image":"","background-repeat":"repeat","background-position":"center center","background-size":"auto","background-attachment":"scroll","background-type":"","background-media":"","overlay-type":"","overlay-color":"","overlay-opacity":"","overlay-gradient":""}},"ast-content-background-meta":{"desktop":{"background-color":"var(--ast-global-color-4)","background-image":"","background-repeat":"repeat","background-position":"center center","background-size":"auto","background-attachment":"scroll","background-type":"","background-media":"","overlay-type":"","overlay-color":"","overlay-opacity":"","overlay-gradient":""},"tablet":{"background-color":"var(--ast-global-color-4)","background-image":"","background-repeat":"repeat","background-position":"center center","background-size":"auto","background-attachment":"scroll","background-type":"","background-media":"","overlay-type":"","overlay-color":"","overlay-opacity":"","overlay-gradient":""},"mobile":{"background-color":"var(--ast-global-color-4)","background-image":"","background-repeat":"repeat","background-position":"center center","background-size":"auto","background-attachment":"scroll","background-type":"","background-media":"","overlay-type":"","overlay-color":"","overlay-opacity":"","overlay-gradient":""}}},"product_brand":[],"product_cat":[9618],"product_tag":[2015,4509,2775,2632,3037,1790,8396,1748,1745],"class_list":{"0":"post-21192","1":"product","2":"type-product","3":"status-publish","4":"has-post-thumbnail","6":"product_cat-istoriniai-romanai","7":"product_tag-aistra","8":"product_tag-anglija","9":"product_tag-aristokratija","10":"product_tag-intrigos","11":"product_tag-istorine-proza","12":"product_tag-jausmai","13":"product_tag-julie-garwood","14":"product_tag-meiles-istorija","15":"product_tag-romanas","16":"desktop-align-left","17":"tablet-align-left","18":"mobile-align-left","20":"first","21":"instock","22":"shipping-taxable","23":"purchasable","24":"product-type-simple"},"acf":[],"yoast_head":"<!-- This site is optimized with the Yoast SEO plugin v27.4 - https:\/\/yoast.com\/product\/yoast-seo-wordpress\/ -->\n<title>Mai\u0161tingi tro\u0161kimai<\/title>\n<meta name=\"description\" content=\"\u201eMai\u0161tingi tro\u0161kimai\u201c \u2013 klasikin\u0117 meil\u0117s istorija, para\u0161yta tikros jausm\u0173 roman\u0173 karalien\u0117s! I\u0161 vis\u0173 Anglijos hercog\u0173 D\u017eeredas Markusas Bentonas, hercogas\" \/>\n<meta name=\"robots\" content=\"index, follow, max-snippet:-1, max-image-preview:large, max-video-preview:-1\" \/>\n<link rel=\"canonical\" href=\"https:\/\/skaitytaknyga.lt\/en\/produktas\/maistingi-troskimai\/\" \/>\n<meta property=\"og:locale\" content=\"en_GB\" \/>\n<meta property=\"og:locale:alternate\" content=\"lt_LT\" \/>\n<meta property=\"og:type\" content=\"article\" \/>\n<meta property=\"og:title\" content=\"Mai\u0161tingi tro\u0161kimai\" \/>\n<meta property=\"og:description\" content=\"\u201eMai\u0161tingi tro\u0161kimai\u201c \u2013 klasikin\u0117 meil\u0117s istorija, para\u0161yta tikros jausm\u0173 roman\u0173 karalien\u0117s! I\u0161 vis\u0173 Anglijos hercog\u0173 D\u017eeredas Markusas Bentonas, hercogas\" \/>\n<meta property=\"og:url\" content=\"https:\/\/skaitytaknyga.lt\/en\/produktas\/maistingi-troskimai\/\" \/>\n<meta property=\"og:site_name\" content=\"Skaitytaknyga\" \/>\n<meta property=\"article:publisher\" content=\"https:\/\/www.facebook.com\/skaitytaknyga\/\" \/>\n<meta property=\"article:modified_time\" content=\"2026-03-18T09:04:14+00:00\" \/>\n<meta property=\"og:image\" content=\"https:\/\/skaitytaknyga.lt\/wp-content\/uploads\/2025\/10\/Maistingi-troskimai-1-e1759593302649.webp\" \/>\n\t<meta property=\"og:image:width\" content=\"270\" \/>\n\t<meta property=\"og:image:height\" content=\"389\" \/>\n\t<meta property=\"og:image:type\" content=\"image\/webp\" \/>\n<meta name=\"twitter:card\" content=\"summary_large_image\" \/>\n<meta name=\"twitter:label1\" content=\"Estimated reading time\" \/>\n\t<meta name=\"twitter:data1\" content=\"1 minute\" \/>\n<script type=\"application\/ld+json\" class=\"yoast-schema-graph\">{\"@context\":\"https:\\\/\\\/schema.org\",\"@graph\":[{\"@type\":\"WebPage\",\"@id\":\"https:\\\/\\\/skaitytaknyga.lt\\\/produktas\\\/maistingi-troskimai\\\/\",\"url\":\"https:\\\/\\\/skaitytaknyga.lt\\\/produktas\\\/maistingi-troskimai\\\/\",\"name\":\"Mai\u0161tingi tro\u0161kimai\",\"isPartOf\":{\"@id\":\"https:\\\/\\\/skaitytaknyga.lt\\\/#website\"},\"primaryImageOfPage\":{\"@id\":\"https:\\\/\\\/skaitytaknyga.lt\\\/produktas\\\/maistingi-troskimai\\\/#primaryimage\"},\"image\":{\"@id\":\"https:\\\/\\\/skaitytaknyga.lt\\\/produktas\\\/maistingi-troskimai\\\/#primaryimage\"},\"thumbnailUrl\":\"https:\\\/\\\/skaitytaknyga.lt\\\/wp-content\\\/uploads\\\/2025\\\/10\\\/Maistingi-troskimai-1-e1759593302649.webp\",\"datePublished\":\"2025-10-03T08:14:23+00:00\",\"dateModified\":\"2026-03-18T09:04:14+00:00\",\"description\":\"\u201eMai\u0161tingi tro\u0161kimai\u201c \u2013 klasikin\u0117 meil\u0117s istorija, para\u0161yta tikros jausm\u0173 roman\u0173 karalien\u0117s! I\u0161 vis\u0173 Anglijos hercog\u0173 D\u017eeredas Markusas Bentonas, hercogas\",\"breadcrumb\":{\"@id\":\"https:\\\/\\\/skaitytaknyga.lt\\\/produktas\\\/maistingi-troskimai\\\/#breadcrumb\"},\"inLanguage\":\"en-GB\",\"potentialAction\":[{\"@type\":\"ReadAction\",\"target\":[\"https:\\\/\\\/skaitytaknyga.lt\\\/produktas\\\/maistingi-troskimai\\\/\"]}]},{\"@type\":\"ImageObject\",\"inLanguage\":\"en-GB\",\"@id\":\"https:\\\/\\\/skaitytaknyga.lt\\\/produktas\\\/maistingi-troskimai\\\/#primaryimage\",\"url\":\"https:\\\/\\\/skaitytaknyga.lt\\\/wp-content\\\/uploads\\\/2025\\\/10\\\/Maistingi-troskimai-1-e1759593302649.webp\",\"contentUrl\":\"https:\\\/\\\/skaitytaknyga.lt\\\/wp-content\\\/uploads\\\/2025\\\/10\\\/Maistingi-troskimai-1-e1759593302649.webp\",\"width\":270,\"height\":389,\"caption\":\"Mai\u0161tingi tro\u0161kimai\"},{\"@type\":\"BreadcrumbList\",\"@id\":\"https:\\\/\\\/skaitytaknyga.lt\\\/produktas\\\/maistingi-troskimai\\\/#breadcrumb\",\"itemListElement\":[{\"@type\":\"ListItem\",\"position\":1,\"name\":\"Home\",\"item\":\"https:\\\/\\\/skaitytaknyga.lt\\\/\"},{\"@type\":\"ListItem\",\"position\":2,\"name\":\"Parduotuv\u0117\",\"item\":\"https:\\\/\\\/skaitytaknyga.lt\\\/knygu-parduotuve\\\/\"},{\"@type\":\"ListItem\",\"position\":3,\"name\":\"Mai\u0161tingi tro\u0161kimai\"}]},{\"@type\":\"WebSite\",\"@id\":\"https:\\\/\\\/skaitytaknyga.lt\\\/#website\",\"url\":\"https:\\\/\\\/skaitytaknyga.lt\\\/\",\"name\":\"skaitytaknyga.lt\",\"description\":\"Skaitytaknyga.lt \u2013 tai ma\u017eas \u0161eimos verslas, kuris prasid\u0117jo nuo meil\u0117s knygoms ir siekio i\u0161gelb\u0117ti knygas nuo likimo prie konteinerio. Kas vienam nereikalingas daiktas \u2013 kitam lobis, o mes esame tarpininkai, kurie padeda abiems tapti laimingesniems ???? \u017dinome kaip nelengva i\u0161gyventi ma\u017eiems verslams, tad nuo \u0161iol, \u010dia rasite ir kit\u0173, ma\u017e\u0173 \u0161eim\u0173 versl\u0173, rank\u0173 darbo, dovan\u0173 sau ir artimiesiems.\",\"publisher\":{\"@id\":\"https:\\\/\\\/skaitytaknyga.lt\\\/#organization\"},\"potentialAction\":[{\"@type\":\"SearchAction\",\"target\":{\"@type\":\"EntryPoint\",\"urlTemplate\":\"https:\\\/\\\/skaitytaknyga.lt\\\/?s={search_term_string}\"},\"query-input\":{\"@type\":\"PropertyValueSpecification\",\"valueRequired\":true,\"valueName\":\"search_term_string\"}}],\"inLanguage\":\"en-GB\"},{\"@type\":\"Organization\",\"@id\":\"https:\\\/\\\/skaitytaknyga.lt\\\/#organization\",\"name\":\"skaitytaknyga.lt\",\"url\":\"https:\\\/\\\/skaitytaknyga.lt\\\/\",\"logo\":{\"@type\":\"ImageObject\",\"inLanguage\":\"en-GB\",\"@id\":\"https:\\\/\\\/skaitytaknyga.lt\\\/#\\\/schema\\\/logo\\\/image\\\/\",\"url\":\"https:\\\/\\\/skaitytaknyga.lt\\\/wp-content\\\/uploads\\\/2024\\\/05\\\/cropped-cropped-cropped-02_00843_jt3bggkj1j3HLc7SyY6rEUpg.jpeg\",\"contentUrl\":\"https:\\\/\\\/skaitytaknyga.lt\\\/wp-content\\\/uploads\\\/2024\\\/05\\\/cropped-cropped-cropped-02_00843_jt3bggkj1j3HLc7SyY6rEUpg.jpeg\",\"width\":1600,\"height\":1600,\"caption\":\"skaitytaknyga.lt\"},\"image\":{\"@id\":\"https:\\\/\\\/skaitytaknyga.lt\\\/#\\\/schema\\\/logo\\\/image\\\/\"},\"sameAs\":[\"https:\\\/\\\/www.facebook.com\\\/skaitytaknyga\\\/\"]}]}<\/script>\n<!-- \/ Yoast SEO plugin. -->","yoast_head_json":{"title":"Mai\u0161tingi tro\u0161kimai","description":"\u201eMai\u0161tingi tro\u0161kimai\u201c \u2013 klasikin\u0117 meil\u0117s istorija, para\u0161yta tikros jausm\u0173 roman\u0173 karalien\u0117s! I\u0161 vis\u0173 Anglijos hercog\u0173 D\u017eeredas Markusas Bentonas, hercogas","robots":{"index":"index","follow":"follow","max-snippet":"max-snippet:-1","max-image-preview":"max-image-preview:large","max-video-preview":"max-video-preview:-1"},"canonical":"https:\/\/skaitytaknyga.lt\/en\/produktas\/maistingi-troskimai\/","og_locale":"en_GB","og_type":"article","og_title":"[:lt]Mai\u0161tingi tro\u0161kimai[:] - Skaitytaknyga","og_description":"\u201eMai\u0161tingi tro\u0161kimai\u201c \u2013 klasikin\u0117 meil\u0117s istorija, para\u0161yta tikros jausm\u0173 roman\u0173 karalien\u0117s! I\u0161 vis\u0173 Anglijos hercog\u0173 D\u017eeredas Markusas Bentonas, hercogas","og_url":"https:\/\/skaitytaknyga.lt\/en\/produktas\/maistingi-troskimai\/","og_site_name":"Skaitytaknyga","article_publisher":"https:\/\/www.facebook.com\/skaitytaknyga\/","article_modified_time":"2026-03-18T09:04:14+00:00","og_image":[{"width":270,"height":389,"url":"https:\/\/skaitytaknyga.lt\/wp-content\/uploads\/2025\/10\/Maistingi-troskimai-1-e1759593302649.webp","type":"image\/webp"}],"twitter_card":"summary_large_image","twitter_misc":{"Estimated reading time":"1 minute"},"schema":{"@context":"https:\/\/schema.org","@graph":[{"@type":"WebPage","@id":"https:\/\/skaitytaknyga.lt\/produktas\/maistingi-troskimai\/","url":"https:\/\/skaitytaknyga.lt\/produktas\/maistingi-troskimai\/","name":"Mai\u0161tingi tro\u0161kimai","isPartOf":{"@id":"https:\/\/skaitytaknyga.lt\/#website"},"primaryImageOfPage":{"@id":"https:\/\/skaitytaknyga.lt\/produktas\/maistingi-troskimai\/#primaryimage"},"image":{"@id":"https:\/\/skaitytaknyga.lt\/produktas\/maistingi-troskimai\/#primaryimage"},"thumbnailUrl":"https:\/\/skaitytaknyga.lt\/wp-content\/uploads\/2025\/10\/Maistingi-troskimai-1-e1759593302649.webp","datePublished":"2025-10-03T08:14:23+00:00","dateModified":"2026-03-18T09:04:14+00:00","description":"\u201eMai\u0161tingi tro\u0161kimai\u201c \u2013 klasikin\u0117 meil\u0117s istorija, para\u0161yta tikros jausm\u0173 roman\u0173 karalien\u0117s! I\u0161 vis\u0173 Anglijos hercog\u0173 D\u017eeredas Markusas Bentonas, hercogas","breadcrumb":{"@id":"https:\/\/skaitytaknyga.lt\/produktas\/maistingi-troskimai\/#breadcrumb"},"inLanguage":"en-GB","potentialAction":[{"@type":"ReadAction","target":["https:\/\/skaitytaknyga.lt\/produktas\/maistingi-troskimai\/"]}]},{"@type":"ImageObject","inLanguage":"en-GB","@id":"https:\/\/skaitytaknyga.lt\/produktas\/maistingi-troskimai\/#primaryimage","url":"https:\/\/skaitytaknyga.lt\/wp-content\/uploads\/2025\/10\/Maistingi-troskimai-1-e1759593302649.webp","contentUrl":"https:\/\/skaitytaknyga.lt\/wp-content\/uploads\/2025\/10\/Maistingi-troskimai-1-e1759593302649.webp","width":270,"height":389,"caption":"Mai\u0161tingi tro\u0161kimai"},{"@type":"BreadcrumbList","@id":"https:\/\/skaitytaknyga.lt\/produktas\/maistingi-troskimai\/#breadcrumb","itemListElement":[{"@type":"ListItem","position":1,"name":"Home","item":"https:\/\/skaitytaknyga.lt\/"},{"@type":"ListItem","position":2,"name":"Parduotuv\u0117","item":"https:\/\/skaitytaknyga.lt\/knygu-parduotuve\/"},{"@type":"ListItem","position":3,"name":"Mai\u0161tingi tro\u0161kimai"}]},{"@type":"WebSite","@id":"https:\/\/skaitytaknyga.lt\/#website","url":"https:\/\/skaitytaknyga.lt\/","name":"skaitytaknyga.lt","description":"Skaitytaknyga.lt \u2013 tai ma\u017eas \u0161eimos verslas, kuris prasid\u0117jo nuo meil\u0117s knygoms ir siekio i\u0161gelb\u0117ti knygas nuo likimo prie konteinerio. Kas vienam nereikalingas daiktas \u2013 kitam lobis, o mes esame tarpininkai, kurie padeda abiems tapti laimingesniems ???? \u017dinome kaip nelengva i\u0161gyventi ma\u017eiems verslams, tad nuo \u0161iol, \u010dia rasite ir kit\u0173, ma\u017e\u0173 \u0161eim\u0173 versl\u0173, rank\u0173 darbo, dovan\u0173 sau ir artimiesiems.","publisher":{"@id":"https:\/\/skaitytaknyga.lt\/#organization"},"potentialAction":[{"@type":"SearchAction","target":{"@type":"EntryPoint","urlTemplate":"https:\/\/skaitytaknyga.lt\/?s={search_term_string}"},"query-input":{"@type":"PropertyValueSpecification","valueRequired":true,"valueName":"search_term_string"}}],"inLanguage":"en-GB"},{"@type":"Organization","@id":"https:\/\/skaitytaknyga.lt\/#organization","name":"skaitytaknyga.lt","url":"https:\/\/skaitytaknyga.lt\/","logo":{"@type":"ImageObject","inLanguage":"en-GB","@id":"https:\/\/skaitytaknyga.lt\/#\/schema\/logo\/image\/","url":"https:\/\/skaitytaknyga.lt\/wp-content\/uploads\/2024\/05\/cropped-cropped-cropped-02_00843_jt3bggkj1j3HLc7SyY6rEUpg.jpeg","contentUrl":"https:\/\/skaitytaknyga.lt\/wp-content\/uploads\/2024\/05\/cropped-cropped-cropped-02_00843_jt3bggkj1j3HLc7SyY6rEUpg.jpeg","width":1600,"height":1600,"caption":"skaitytaknyga.lt"},"image":{"@id":"https:\/\/skaitytaknyga.lt\/#\/schema\/logo\/image\/"},"sameAs":["https:\/\/www.facebook.com\/skaitytaknyga\/"]}]}},"_links":{"self":[{"href":"https:\/\/skaitytaknyga.lt\/en\/wp-json\/wp\/v2\/product\/21192","targetHints":{"allow":["GET"]}}],"collection":[{"href":"https:\/\/skaitytaknyga.lt\/en\/wp-json\/wp\/v2\/product"}],"about":[{"href":"https:\/\/skaitytaknyga.lt\/en\/wp-json\/wp\/v2\/types\/product"}],"replies":[{"embeddable":true,"href":"https:\/\/skaitytaknyga.lt\/en\/wp-json\/wp\/v2\/comments?post=21192"}],"wp:featuredmedia":[{"embeddable":true,"href":"https:\/\/skaitytaknyga.lt\/en\/wp-json\/wp\/v2\/media\/21200"}],"wp:attachment":[{"href":"https:\/\/skaitytaknyga.lt\/en\/wp-json\/wp\/v2\/media?parent=21192"}],"wp:term":[{"taxonomy":"product_brand","embeddable":true,"href":"https:\/\/skaitytaknyga.lt\/en\/wp-json\/wp\/v2\/product_brand?post=21192"},{"taxonomy":"product_cat","embeddable":true,"href":"https:\/\/skaitytaknyga.lt\/en\/wp-json\/wp\/v2\/product_cat?post=21192"},{"taxonomy":"product_tag","embeddable":true,"href":"https:\/\/skaitytaknyga.lt\/en\/wp-json\/wp\/v2\/product_tag?post=21192"}],"curies":[{"name":"wp","href":"https:\/\/api.w.org\/{rel}","templated":true}]}}