{"id":21191,"date":"2025-10-03T11:14:22","date_gmt":"2025-10-03T08:14:22","guid":{"rendered":"https:\/\/skaitytaknyga.lt\/?post_type=product&#038;p=21191"},"modified":"2025-10-06T11:04:20","modified_gmt":"2025-10-06T08:04:20","slug":"makiazas-per-5-10-15-minuciu","status":"publish","type":"product","link":"https:\/\/skaitytaknyga.lt\/en\/produktas\/makiazas-per-5-10-15-minuciu\/","title":{"rendered":"Makia\u017eas per 5\/10\/15 minu\u010di\u0173"},"content":{"rendered":"<p>\u201eRobertas turi dovan\u0105 pad\u0117ti moterims atrodyti ir jaustis gra\u017eioms. Jo sugeb\u0117jimas parinkti tinkamas spalvas ir meistri\u0161kai jas naudoti \u2013 tai tobula formul\u0117 i\u0161ry\u0161kinti vidin\u012f kiekvienos moters gro\u017e\u012f.\u201c<\/p>\n<p>\u2013 Rhonda Shasteen, rinkodaros vadov\u0117, Mary Kay Inc.<\/p>\n<p>Pasaulyje pripa\u017eintas viza\u017eistas Robertas Jonesas atskleid\u017eia, kaip tapti gra\u017eiai, nesvarbu, kiek turite minu\u010di\u0173 \u2013 5 ar 20!<\/p>\n<p>Perkamiausi\u0173 knyg\u0173 autorius si\u016blo daugyb\u0119 makia\u017eo b\u016bd\u0173 skuban\u010dioms moterims. Patarimai, technikos ir reikalingi \u012frankiai \u2013 \u010dia rasite visk\u0105, ko reikia, kad i\u0161moktum\u0117te dailiai atrodyti kiekviena proga.<\/p>\n<p>Puikios spalvotos nuotraukos \u017eingsnis po \u017eingsnio atskleid\u017eia, kaip padailinti l\u016bpas, nat\u016braliai pagyvinti skruostus, i\u0161ry\u0161kinti akis, kad jos patraukt\u0173 d\u0117mes\u012f, ar suteikti spindesio odai. Rasite patarim\u0173, kas tinka kasdienai, vakarui, ir kaip pasiruo\u0161ti tam tikrai progai ar \u012fvykiui.<\/p>\n","protected":false},"excerpt":{"rendered":"<p>\u201eRobertas turi dovan\u0105 pad\u0117ti moterims atrodyti ir jaustis gra\u017eioms. Jo sugeb\u0117jimas parinkti tinkamas spalvas ir meistri\u0161kai jas naudoti \u2013 tai tobula formul\u0117 i\u0161ry\u0161kinti vidin\u012f kiekvienos moters gro\u017e\u012f.\u201c \u2013 Rhonda Shasteen, rinkodaros vadov\u0117, Mary Kay Inc. Pasaulyje pripa\u017eintas viza\u017eistas Robertas Jonesas atskleid\u017eia, kaip tapti gra\u017eiai, nesvarbu, kiek turite minu\u010di\u0173 \u2013 5 ar 20! Perkamiausi\u0173 knyg\u0173 autorius si\u016blo daugyb\u0119 makia\u017eo b\u016bd\u0173 skuban\u010dioms moterims. Patarimai, technikos ir reikalingi \u012frankiai \u2013 \u010dia rasite visk\u0105, ko reikia, kad i\u0161moktum\u0117te dailiai atrodyti kiekviena proga. Puikios spalvotos nuotraukos \u017eingsnis po \u017eingsnio atskleid\u017eia, kaip padailinti l\u016bpas, nat\u016braliai pagyvinti skruostus, i\u0161ry\u0161kinti akis, kad jos patraukt\u0173 d\u0117mes\u012f, ar suteikti spindesio odai. Rasite patarim\u0173, kas tinka kasdienai, vakarui, ir kaip pasiruo\u0161ti tam tikrai progai ar \u012fvykiui.<\/p>\n","protected":false},"featured_media":21196,"comment_status":"open","ping_status":"closed","template":"","meta":{"_acf_changed":false,"site-sidebar-layout":"default","site-content-layout":"","ast-site-content-layout":"default","site-content-style":"default","site-sidebar-style":"default","ast-global-header-display":"","ast-banner-title-visibility":"","ast-main-header-display":"","ast-hfb-above-header-display":"","ast-hfb-below-header-display":"","ast-hfb-mobile-header-display":"","site-post-title":"","ast-breadcrumbs-content":"","ast-featured-img":"","footer-sml-layout":"","ast-disable-related-posts":"","theme-transparent-header-meta":"","adv-header-id-meta":"","stick-header-meta":"","header-above-stick-meta":"","header-main-stick-meta":"","header-below-stick-meta":"","astra-migrate-meta-layouts":"default","ast-page-background-enabled":"default","ast-page-background-meta":{"desktop":{"background-color":"","background-image":"","background-repeat":"repeat","background-position":"center center","background-size":"auto","background-attachment":"scroll","background-type":"","background-media":"","overlay-type":"","overlay-color":"","overlay-opacity":"","overlay-gradient":""},"tablet":{"background-color":"","background-image":"","background-repeat":"repeat","background-position":"center center","background-size":"auto","background-attachment":"scroll","background-type":"","background-media":"","overlay-type":"","overlay-color":"","overlay-opacity":"","overlay-gradient":""},"mobile":{"background-color":"","background-image":"","background-repeat":"repeat","background-position":"center center","background-size":"auto","background-attachment":"scroll","background-type":"","background-media":"","overlay-type":"","overlay-color":"","overlay-opacity":"","overlay-gradient":""}},"ast-content-background-meta":{"desktop":{"background-color":"var(--ast-global-color-4)","background-image":"","background-repeat":"repeat","background-position":"center center","background-size":"auto","background-attachment":"scroll","background-type":"","background-media":"","overlay-type":"","overlay-color":"","overlay-opacity":"","overlay-gradient":""},"tablet":{"background-color":"var(--ast-global-color-4)","background-image":"","background-repeat":"repeat","background-position":"center center","background-size":"auto","background-attachment":"scroll","background-type":"","background-media":"","overlay-type":"","overlay-color":"","overlay-opacity":"","overlay-gradient":""},"mobile":{"background-color":"var(--ast-global-color-4)","background-image":"","background-repeat":"repeat","background-position":"center center","background-size":"auto","background-attachment":"scroll","background-type":"","background-media":"","overlay-type":"","overlay-color":"","overlay-opacity":"","overlay-gradient":""}}},"product_brand":[],"product_cat":[15],"product_tag":[5794,3883,8395,8394,6291,3432,8393,1819],"class_list":{"0":"post-21191","1":"product","2":"type-product","3":"status-publish","4":"has-post-thumbnail","6":"product_cat-uncategorized","7":"product_tag-grozis","8":"product_tag-iliustruota-knyga","9":"product_tag-kosmetika","10":"product_tag-makiazas","11":"product_tag-moterims","12":"product_tag-patarimai","13":"product_tag-robert-jones","14":"product_tag-vadovas","15":"desktop-align-left","16":"tablet-align-left","17":"mobile-align-left","19":"first","20":"instock","21":"shipping-taxable","22":"purchasable","23":"product-type-simple"},"acf":[],"yoast_head":"<!-- This site is optimized with the Yoast SEO plugin v27.0 - https:\/\/yoast.com\/product\/yoast-seo-wordpress\/ -->\n<title>Makia\u017eas per 5\/10\/15 minu\u010di\u0173<\/title>\n<meta name=\"description\" content=\"\u201eRobertas turi dovan\u0105 pad\u0117ti moterims atrodyti ir jaustis gra\u017eioms. Jo sugeb\u0117jimas parinkti tinkamas spalvas ir meistri\u0161kai jas naudoti \u2013 tai tobula\" \/>\n<meta name=\"robots\" content=\"index, follow, max-snippet:-1, max-image-preview:large, max-video-preview:-1\" \/>\n<link rel=\"canonical\" href=\"https:\/\/skaitytaknyga.lt\/en\/produktas\/makiazas-per-5-10-15-minuciu\/\" \/>\n<meta property=\"og:locale\" content=\"en_GB\" \/>\n<meta property=\"og:locale:alternate\" content=\"lt_LT\" \/>\n<meta property=\"og:type\" content=\"article\" \/>\n<meta property=\"og:title\" content=\"Makia\u017eas per 5\/10\/15 minu\u010di\u0173\" \/>\n<meta property=\"og:description\" content=\"\u201eRobertas turi dovan\u0105 pad\u0117ti moterims atrodyti ir jaustis gra\u017eioms. Jo sugeb\u0117jimas parinkti tinkamas spalvas ir meistri\u0161kai jas naudoti \u2013 tai tobula\" \/>\n<meta property=\"og:url\" content=\"https:\/\/skaitytaknyga.lt\/en\/produktas\/makiazas-per-5-10-15-minuciu\/\" \/>\n<meta property=\"og:site_name\" content=\"Skaitytaknyga\" \/>\n<meta property=\"article:publisher\" content=\"https:\/\/www.facebook.com\/skaitytaknyga\/\" \/>\n<meta property=\"article:modified_time\" content=\"2025-10-06T08:04:20+00:00\" \/>\n<meta property=\"og:image\" content=\"https:\/\/skaitytaknyga.lt\/wp-content\/uploads\/2025\/10\/Makiazas-per-5-10-15-minuciu-1.webp\" \/>\n\t<meta property=\"og:image:width\" content=\"300\" \/>\n\t<meta property=\"og:image:height\" content=\"388\" \/>\n\t<meta property=\"og:image:type\" content=\"image\/webp\" \/>\n<meta name=\"twitter:card\" content=\"summary_large_image\" \/>\n<meta name=\"twitter:label1\" content=\"Estimated reading time\" \/>\n\t<meta name=\"twitter:data1\" content=\"1 minute\" \/>\n<script type=\"application\/ld+json\" class=\"yoast-schema-graph\">{\"@context\":\"https:\/\/schema.org\",\"@graph\":[{\"@type\":\"WebPage\",\"@id\":\"https:\/\/skaitytaknyga.lt\/produktas\/makiazas-per-5-10-15-minuciu\/\",\"url\":\"https:\/\/skaitytaknyga.lt\/produktas\/makiazas-per-5-10-15-minuciu\/\",\"name\":\"Makia\u017eas per 5\/10\/15 minu\u010di\u0173\",\"isPartOf\":{\"@id\":\"https:\/\/skaitytaknyga.lt\/#website\"},\"primaryImageOfPage\":{\"@id\":\"https:\/\/skaitytaknyga.lt\/produktas\/makiazas-per-5-10-15-minuciu\/#primaryimage\"},\"image\":{\"@id\":\"https:\/\/skaitytaknyga.lt\/produktas\/makiazas-per-5-10-15-minuciu\/#primaryimage\"},\"thumbnailUrl\":\"https:\/\/skaitytaknyga.lt\/wp-content\/uploads\/2025\/10\/Makiazas-per-5-10-15-minuciu-1.webp\",\"datePublished\":\"2025-10-03T08:14:22+00:00\",\"dateModified\":\"2025-10-06T08:04:20+00:00\",\"description\":\"\u201eRobertas turi dovan\u0105 pad\u0117ti moterims atrodyti ir jaustis gra\u017eioms. Jo sugeb\u0117jimas parinkti tinkamas spalvas ir meistri\u0161kai jas naudoti \u2013 tai tobula\",\"breadcrumb\":{\"@id\":\"https:\/\/skaitytaknyga.lt\/produktas\/makiazas-per-5-10-15-minuciu\/#breadcrumb\"},\"inLanguage\":\"en-GB\",\"potentialAction\":[{\"@type\":\"ReadAction\",\"target\":[\"https:\/\/skaitytaknyga.lt\/produktas\/makiazas-per-5-10-15-minuciu\/\"]}]},{\"@type\":\"ImageObject\",\"inLanguage\":\"en-GB\",\"@id\":\"https:\/\/skaitytaknyga.lt\/produktas\/makiazas-per-5-10-15-minuciu\/#primaryimage\",\"url\":\"https:\/\/skaitytaknyga.lt\/wp-content\/uploads\/2025\/10\/Makiazas-per-5-10-15-minuciu-1.webp\",\"contentUrl\":\"https:\/\/skaitytaknyga.lt\/wp-content\/uploads\/2025\/10\/Makiazas-per-5-10-15-minuciu-1.webp\",\"width\":300,\"height\":388,\"caption\":\"Makia\u017eas per 5\/10\/15 minu\u010di\u0173\"},{\"@type\":\"BreadcrumbList\",\"@id\":\"https:\/\/skaitytaknyga.lt\/produktas\/makiazas-per-5-10-15-minuciu\/#breadcrumb\",\"itemListElement\":[{\"@type\":\"ListItem\",\"position\":1,\"name\":\"Home\",\"item\":\"https:\/\/skaitytaknyga.lt\/\"},{\"@type\":\"ListItem\",\"position\":2,\"name\":\"Parduotuv\u0117\",\"item\":\"https:\/\/skaitytaknyga.lt\/knygu-parduotuve\/\"},{\"@type\":\"ListItem\",\"position\":3,\"name\":\"Makia\u017eas per 5\/10\/15 minu\u010di\u0173\"}]},{\"@type\":\"WebSite\",\"@id\":\"https:\/\/skaitytaknyga.lt\/#website\",\"url\":\"https:\/\/skaitytaknyga.lt\/\",\"name\":\"skaitytaknyga.lt\",\"description\":\"Skaitytaknyga.lt \u2013 tai ma\u017eas \u0161eimos verslas, kuris prasid\u0117jo nuo meil\u0117s knygoms ir siekio i\u0161gelb\u0117ti knygas nuo likimo prie konteinerio. Kas vienam nereikalingas daiktas \u2013 kitam lobis, o mes esame tarpininkai, kurie padeda abiems tapti laimingesniems ???? \u017dinome kaip nelengva i\u0161gyventi ma\u017eiems verslams, tad nuo \u0161iol, \u010dia rasite ir kit\u0173, ma\u017e\u0173 \u0161eim\u0173 versl\u0173, rank\u0173 darbo, dovan\u0173 sau ir artimiesiems.\",\"publisher\":{\"@id\":\"https:\/\/skaitytaknyga.lt\/#organization\"},\"potentialAction\":[{\"@type\":\"SearchAction\",\"target\":{\"@type\":\"EntryPoint\",\"urlTemplate\":\"https:\/\/skaitytaknyga.lt\/?s={search_term_string}\"},\"query-input\":{\"@type\":\"PropertyValueSpecification\",\"valueRequired\":true,\"valueName\":\"search_term_string\"}}],\"inLanguage\":\"en-GB\"},{\"@type\":\"Organization\",\"@id\":\"https:\/\/skaitytaknyga.lt\/#organization\",\"name\":\"skaitytaknyga.lt\",\"url\":\"https:\/\/skaitytaknyga.lt\/\",\"logo\":{\"@type\":\"ImageObject\",\"inLanguage\":\"en-GB\",\"@id\":\"https:\/\/skaitytaknyga.lt\/#\/schema\/logo\/image\/\",\"url\":\"https:\/\/skaitytaknyga.lt\/wp-content\/uploads\/2024\/05\/cropped-cropped-cropped-02_00843_jt3bggkj1j3HLc7SyY6rEUpg.jpeg\",\"contentUrl\":\"https:\/\/skaitytaknyga.lt\/wp-content\/uploads\/2024\/05\/cropped-cropped-cropped-02_00843_jt3bggkj1j3HLc7SyY6rEUpg.jpeg\",\"width\":1600,\"height\":1600,\"caption\":\"skaitytaknyga.lt\"},\"image\":{\"@id\":\"https:\/\/skaitytaknyga.lt\/#\/schema\/logo\/image\/\"},\"sameAs\":[\"https:\/\/www.facebook.com\/skaitytaknyga\/\"]}]}<\/script>\n<!-- \/ Yoast SEO plugin. -->","yoast_head_json":{"title":"Makia\u017eas per 5\/10\/15 minu\u010di\u0173","description":"\u201eRobertas turi dovan\u0105 pad\u0117ti moterims atrodyti ir jaustis gra\u017eioms. Jo sugeb\u0117jimas parinkti tinkamas spalvas ir meistri\u0161kai jas naudoti \u2013 tai tobula","robots":{"index":"index","follow":"follow","max-snippet":"max-snippet:-1","max-image-preview":"max-image-preview:large","max-video-preview":"max-video-preview:-1"},"canonical":"https:\/\/skaitytaknyga.lt\/en\/produktas\/makiazas-per-5-10-15-minuciu\/","og_locale":"en_GB","og_type":"article","og_title":"[:lt]Makia\u017eas per 5\/10\/15 minu\u010di\u0173[:] - Skaitytaknyga","og_description":"\u201eRobertas turi dovan\u0105 pad\u0117ti moterims atrodyti ir jaustis gra\u017eioms. Jo sugeb\u0117jimas parinkti tinkamas spalvas ir meistri\u0161kai jas naudoti \u2013 tai tobula","og_url":"https:\/\/skaitytaknyga.lt\/en\/produktas\/makiazas-per-5-10-15-minuciu\/","og_site_name":"Skaitytaknyga","article_publisher":"https:\/\/www.facebook.com\/skaitytaknyga\/","article_modified_time":"2025-10-06T08:04:20+00:00","og_image":[{"width":300,"height":388,"url":"https:\/\/skaitytaknyga.lt\/wp-content\/uploads\/2025\/10\/Makiazas-per-5-10-15-minuciu-1.webp","type":"image\/webp"}],"twitter_card":"summary_large_image","twitter_misc":{"Estimated reading time":"1 minute"},"schema":{"@context":"https:\/\/schema.org","@graph":[{"@type":"WebPage","@id":"https:\/\/skaitytaknyga.lt\/produktas\/makiazas-per-5-10-15-minuciu\/","url":"https:\/\/skaitytaknyga.lt\/produktas\/makiazas-per-5-10-15-minuciu\/","name":"Makia\u017eas per 5\/10\/15 minu\u010di\u0173","isPartOf":{"@id":"https:\/\/skaitytaknyga.lt\/#website"},"primaryImageOfPage":{"@id":"https:\/\/skaitytaknyga.lt\/produktas\/makiazas-per-5-10-15-minuciu\/#primaryimage"},"image":{"@id":"https:\/\/skaitytaknyga.lt\/produktas\/makiazas-per-5-10-15-minuciu\/#primaryimage"},"thumbnailUrl":"https:\/\/skaitytaknyga.lt\/wp-content\/uploads\/2025\/10\/Makiazas-per-5-10-15-minuciu-1.webp","datePublished":"2025-10-03T08:14:22+00:00","dateModified":"2025-10-06T08:04:20+00:00","description":"\u201eRobertas turi dovan\u0105 pad\u0117ti moterims atrodyti ir jaustis gra\u017eioms. Jo sugeb\u0117jimas parinkti tinkamas spalvas ir meistri\u0161kai jas naudoti \u2013 tai tobula","breadcrumb":{"@id":"https:\/\/skaitytaknyga.lt\/produktas\/makiazas-per-5-10-15-minuciu\/#breadcrumb"},"inLanguage":"en-GB","potentialAction":[{"@type":"ReadAction","target":["https:\/\/skaitytaknyga.lt\/produktas\/makiazas-per-5-10-15-minuciu\/"]}]},{"@type":"ImageObject","inLanguage":"en-GB","@id":"https:\/\/skaitytaknyga.lt\/produktas\/makiazas-per-5-10-15-minuciu\/#primaryimage","url":"https:\/\/skaitytaknyga.lt\/wp-content\/uploads\/2025\/10\/Makiazas-per-5-10-15-minuciu-1.webp","contentUrl":"https:\/\/skaitytaknyga.lt\/wp-content\/uploads\/2025\/10\/Makiazas-per-5-10-15-minuciu-1.webp","width":300,"height":388,"caption":"Makia\u017eas per 5\/10\/15 minu\u010di\u0173"},{"@type":"BreadcrumbList","@id":"https:\/\/skaitytaknyga.lt\/produktas\/makiazas-per-5-10-15-minuciu\/#breadcrumb","itemListElement":[{"@type":"ListItem","position":1,"name":"Home","item":"https:\/\/skaitytaknyga.lt\/"},{"@type":"ListItem","position":2,"name":"Parduotuv\u0117","item":"https:\/\/skaitytaknyga.lt\/knygu-parduotuve\/"},{"@type":"ListItem","position":3,"name":"Makia\u017eas per 5\/10\/15 minu\u010di\u0173"}]},{"@type":"WebSite","@id":"https:\/\/skaitytaknyga.lt\/#website","url":"https:\/\/skaitytaknyga.lt\/","name":"skaitytaknyga.lt","description":"Skaitytaknyga.lt \u2013 tai ma\u017eas \u0161eimos verslas, kuris prasid\u0117jo nuo meil\u0117s knygoms ir siekio i\u0161gelb\u0117ti knygas nuo likimo prie konteinerio. Kas vienam nereikalingas daiktas \u2013 kitam lobis, o mes esame tarpininkai, kurie padeda abiems tapti laimingesniems ???? \u017dinome kaip nelengva i\u0161gyventi ma\u017eiems verslams, tad nuo \u0161iol, \u010dia rasite ir kit\u0173, ma\u017e\u0173 \u0161eim\u0173 versl\u0173, rank\u0173 darbo, dovan\u0173 sau ir artimiesiems.","publisher":{"@id":"https:\/\/skaitytaknyga.lt\/#organization"},"potentialAction":[{"@type":"SearchAction","target":{"@type":"EntryPoint","urlTemplate":"https:\/\/skaitytaknyga.lt\/?s={search_term_string}"},"query-input":{"@type":"PropertyValueSpecification","valueRequired":true,"valueName":"search_term_string"}}],"inLanguage":"en-GB"},{"@type":"Organization","@id":"https:\/\/skaitytaknyga.lt\/#organization","name":"skaitytaknyga.lt","url":"https:\/\/skaitytaknyga.lt\/","logo":{"@type":"ImageObject","inLanguage":"en-GB","@id":"https:\/\/skaitytaknyga.lt\/#\/schema\/logo\/image\/","url":"https:\/\/skaitytaknyga.lt\/wp-content\/uploads\/2024\/05\/cropped-cropped-cropped-02_00843_jt3bggkj1j3HLc7SyY6rEUpg.jpeg","contentUrl":"https:\/\/skaitytaknyga.lt\/wp-content\/uploads\/2024\/05\/cropped-cropped-cropped-02_00843_jt3bggkj1j3HLc7SyY6rEUpg.jpeg","width":1600,"height":1600,"caption":"skaitytaknyga.lt"},"image":{"@id":"https:\/\/skaitytaknyga.lt\/#\/schema\/logo\/image\/"},"sameAs":["https:\/\/www.facebook.com\/skaitytaknyga\/"]}]}},"_links":{"self":[{"href":"https:\/\/skaitytaknyga.lt\/en\/wp-json\/wp\/v2\/product\/21191","targetHints":{"allow":["GET"]}}],"collection":[{"href":"https:\/\/skaitytaknyga.lt\/en\/wp-json\/wp\/v2\/product"}],"about":[{"href":"https:\/\/skaitytaknyga.lt\/en\/wp-json\/wp\/v2\/types\/product"}],"replies":[{"embeddable":true,"href":"https:\/\/skaitytaknyga.lt\/en\/wp-json\/wp\/v2\/comments?post=21191"}],"wp:featuredmedia":[{"embeddable":true,"href":"https:\/\/skaitytaknyga.lt\/en\/wp-json\/wp\/v2\/media\/21196"}],"wp:attachment":[{"href":"https:\/\/skaitytaknyga.lt\/en\/wp-json\/wp\/v2\/media?parent=21191"}],"wp:term":[{"taxonomy":"product_brand","embeddable":true,"href":"https:\/\/skaitytaknyga.lt\/en\/wp-json\/wp\/v2\/product_brand?post=21191"},{"taxonomy":"product_cat","embeddable":true,"href":"https:\/\/skaitytaknyga.lt\/en\/wp-json\/wp\/v2\/product_cat?post=21191"},{"taxonomy":"product_tag","embeddable":true,"href":"https:\/\/skaitytaknyga.lt\/en\/wp-json\/wp\/v2\/product_tag?post=21191"}],"curies":[{"name":"wp","href":"https:\/\/api.w.org\/{rel}","templated":true}]}}