{"id":21190,"date":"2025-10-03T11:14:22","date_gmt":"2025-10-03T08:14:22","guid":{"rendered":"https:\/\/skaitytaknyga.lt\/?post_type=product&#038;p=21190"},"modified":"2025-10-08T19:39:55","modified_gmt":"2025-10-08T16:39:55","slug":"moterys-kurios-myli-per-stipriai","status":"publish","type":"product","link":"https:\/\/skaitytaknyga.lt\/en\/produktas\/moterys-kurios-myli-per-stipriai\/","title":{"rendered":"Moterys, kurios myli per stipriai"},"content":{"rendered":"<p>\u201eMoterys, kurios myli per stipriai\u201c\u2013 tai kasdien\u0117 knyga ir gydytojams, psichologams, socialiniams darbuotojams, ir pla\u010diausiam skaitytoj\u0173 ratui.<\/p>\n<p>R. Norwood knygoje \u201eMoterys, kurios myli per stipriai\u201c analizuojamas \u201eper stiprios\u201c meil\u0117s fenomenas, kaip specifini\u0173 min\u010di\u0173, jausm\u0173 ir elgesio b\u016bd\u0173 sindromas, kur\u012f autor\u0117 pirm\u0105kart atpa\u017eino padirb\u0117jusi alkoholik\u0173 ir narkoman\u0173 konsultante.<\/p>\n<p>Nelaimingi asmeniniai santykiai siejami su psichologine priklausomybe nuo kito asmens. Ji prilyginama priklausomybei nuo maisto ar narkotizuojan\u010di\u0173 med\u017eiag\u0173. Atskleid\u017eiama \u0161ios problemos kilm\u0117, raida, psichologin\u0117 \u017eala ir populiariai pateikiama ai\u0161ki bei i\u0161sami gydymosi programa.<\/p>\n","protected":false},"excerpt":{"rendered":"<p>\u201eMoterys, kurios myli per stipriai\u201c\u2013 tai kasdien\u0117 knyga ir gydytojams, psichologams, socialiniams darbuotojams, ir pla\u010diausiam skaitytoj\u0173 ratui. R. Norwood knygoje \u201eMoterys, kurios myli per stipriai\u201c analizuojamas \u201eper stiprios\u201c meil\u0117s fenomenas, kaip specifini\u0173 min\u010di\u0173, jausm\u0173 ir elgesio b\u016bd\u0173 sindromas, kur\u012f autor\u0117 pirm\u0105kart atpa\u017eino padirb\u0117jusi alkoholik\u0173 ir narkoman\u0173 konsultante. Nelaimingi asmeniniai santykiai siejami su psichologine priklausomybe nuo kito asmens. Ji prilyginama priklausomybei nuo maisto ar narkotizuojan\u010di\u0173 med\u017eiag\u0173. Atskleid\u017eiama \u0161ios problemos kilm\u0117, raida, psichologin\u0117 \u017eala ir populiariai pateikiama ai\u0161ki bei i\u0161sami gydymosi programa.<\/p>\n","protected":false},"featured_media":21195,"comment_status":"open","ping_status":"closed","template":"","meta":{"_acf_changed":false,"site-sidebar-layout":"default","site-content-layout":"","ast-site-content-layout":"default","site-content-style":"default","site-sidebar-style":"default","ast-global-header-display":"","ast-banner-title-visibility":"","ast-main-header-display":"","ast-hfb-above-header-display":"","ast-hfb-below-header-display":"","ast-hfb-mobile-header-display":"","site-post-title":"","ast-breadcrumbs-content":"","ast-featured-img":"","footer-sml-layout":"","ast-disable-related-posts":"","theme-transparent-header-meta":"","adv-header-id-meta":"","stick-header-meta":"","header-above-stick-meta":"","header-main-stick-meta":"","header-below-stick-meta":"","astra-migrate-meta-layouts":"default","ast-page-background-enabled":"default","ast-page-background-meta":{"desktop":{"background-color":"","background-image":"","background-repeat":"repeat","background-position":"center center","background-size":"auto","background-attachment":"scroll","background-type":"","background-media":"","overlay-type":"","overlay-color":"","overlay-opacity":"","overlay-gradient":""},"tablet":{"background-color":"","background-image":"","background-repeat":"repeat","background-position":"center center","background-size":"auto","background-attachment":"scroll","background-type":"","background-media":"","overlay-type":"","overlay-color":"","overlay-opacity":"","overlay-gradient":""},"mobile":{"background-color":"","background-image":"","background-repeat":"repeat","background-position":"center center","background-size":"auto","background-attachment":"scroll","background-type":"","background-media":"","overlay-type":"","overlay-color":"","overlay-opacity":"","overlay-gradient":""}},"ast-content-background-meta":{"desktop":{"background-color":"var(--ast-global-color-4)","background-image":"","background-repeat":"repeat","background-position":"center center","background-size":"auto","background-attachment":"scroll","background-type":"","background-media":"","overlay-type":"","overlay-color":"","overlay-opacity":"","overlay-gradient":""},"tablet":{"background-color":"var(--ast-global-color-4)","background-image":"","background-repeat":"repeat","background-position":"center center","background-size":"auto","background-attachment":"scroll","background-type":"","background-media":"","overlay-type":"","overlay-color":"","overlay-opacity":"","overlay-gradient":""},"mobile":{"background-color":"var(--ast-global-color-4)","background-image":"","background-repeat":"repeat","background-position":"center center","background-size":"auto","background-attachment":"scroll","background-type":"","background-media":"","overlay-type":"","overlay-color":"","overlay-opacity":"","overlay-gradient":""}}},"product_brand":[],"product_cat":[30],"product_tag":[1796,2582,5010,1668,1392,8392,1417,6270],"class_list":{"0":"post-21190","1":"product","2":"type-product","3":"status-publish","4":"has-post-thumbnail","6":"product_cat-psichologija-ir-saviugda","7":"product_tag-meile","8":"product_tag-moterys","9":"product_tag-pagalba-sau","10":"product_tag-priklausomybe","11":"product_tag-psichologija","12":"product_tag-robin-norwood","13":"product_tag-santykiai","14":"product_tag-terapija","15":"desktop-align-left","16":"tablet-align-left","17":"mobile-align-left","19":"first","20":"outofstock","21":"shipping-taxable","22":"purchasable","23":"product-type-simple"},"acf":[],"yoast_head":"<!-- This site is optimized with the Yoast SEO plugin v27.0 - https:\/\/yoast.com\/product\/yoast-seo-wordpress\/ -->\n<title>Moterys, kurios myli per stipriai<\/title>\n<meta name=\"description\" content=\"\u201eMoterys, kurios myli per stipriai\u201c\u2013 tai kasdien\u0117 knyga ir gydytojams, psichologams, socialiniams darbuotojams, ir pla\u010diausiam skaitytoj\u0173 ratui. R.\" \/>\n<meta name=\"robots\" content=\"index, follow, max-snippet:-1, max-image-preview:large, max-video-preview:-1\" \/>\n<link rel=\"canonical\" href=\"https:\/\/skaitytaknyga.lt\/en\/produktas\/moterys-kurios-myli-per-stipriai\/\" \/>\n<meta property=\"og:locale\" content=\"en_GB\" \/>\n<meta property=\"og:locale:alternate\" content=\"lt_LT\" \/>\n<meta property=\"og:type\" content=\"article\" \/>\n<meta property=\"og:title\" content=\"Moterys, kurios myli per stipriai\" \/>\n<meta property=\"og:description\" content=\"\u201eMoterys, kurios myli per stipriai\u201c\u2013 tai kasdien\u0117 knyga ir gydytojams, psichologams, socialiniams darbuotojams, ir pla\u010diausiam skaitytoj\u0173 ratui. R.\" \/>\n<meta property=\"og:url\" content=\"https:\/\/skaitytaknyga.lt\/en\/produktas\/moterys-kurios-myli-per-stipriai\/\" \/>\n<meta property=\"og:site_name\" content=\"Skaitytaknyga\" \/>\n<meta property=\"article:publisher\" content=\"https:\/\/www.facebook.com\/skaitytaknyga\/\" \/>\n<meta property=\"article:modified_time\" content=\"2025-10-08T16:39:55+00:00\" \/>\n<meta property=\"og:image\" content=\"https:\/\/skaitytaknyga.lt\/wp-content\/uploads\/2025\/10\/Moterys-kurios-myli-per-stipriai.webp\" \/>\n\t<meta property=\"og:image:width\" content=\"295\" \/>\n\t<meta property=\"og:image:height\" content=\"427\" \/>\n\t<meta property=\"og:image:type\" content=\"image\/webp\" \/>\n<meta name=\"twitter:card\" content=\"summary_large_image\" \/>\n<script type=\"application\/ld+json\" class=\"yoast-schema-graph\">{\"@context\":\"https:\/\/schema.org\",\"@graph\":[{\"@type\":\"WebPage\",\"@id\":\"https:\/\/skaitytaknyga.lt\/produktas\/moterys-kurios-myli-per-stipriai\/\",\"url\":\"https:\/\/skaitytaknyga.lt\/produktas\/moterys-kurios-myli-per-stipriai\/\",\"name\":\"Moterys, kurios myli per stipriai\",\"isPartOf\":{\"@id\":\"https:\/\/skaitytaknyga.lt\/#website\"},\"primaryImageOfPage\":{\"@id\":\"https:\/\/skaitytaknyga.lt\/produktas\/moterys-kurios-myli-per-stipriai\/#primaryimage\"},\"image\":{\"@id\":\"https:\/\/skaitytaknyga.lt\/produktas\/moterys-kurios-myli-per-stipriai\/#primaryimage\"},\"thumbnailUrl\":\"https:\/\/skaitytaknyga.lt\/wp-content\/uploads\/2025\/10\/Moterys-kurios-myli-per-stipriai.webp\",\"datePublished\":\"2025-10-03T08:14:22+00:00\",\"dateModified\":\"2025-10-08T16:39:55+00:00\",\"description\":\"\u201eMoterys, kurios myli per stipriai\u201c\u2013 tai kasdien\u0117 knyga ir gydytojams, psichologams, socialiniams darbuotojams, ir pla\u010diausiam skaitytoj\u0173 ratui. R.\",\"breadcrumb\":{\"@id\":\"https:\/\/skaitytaknyga.lt\/produktas\/moterys-kurios-myli-per-stipriai\/#breadcrumb\"},\"inLanguage\":\"en-GB\",\"potentialAction\":[{\"@type\":\"ReadAction\",\"target\":[\"https:\/\/skaitytaknyga.lt\/produktas\/moterys-kurios-myli-per-stipriai\/\"]}]},{\"@type\":\"ImageObject\",\"inLanguage\":\"en-GB\",\"@id\":\"https:\/\/skaitytaknyga.lt\/produktas\/moterys-kurios-myli-per-stipriai\/#primaryimage\",\"url\":\"https:\/\/skaitytaknyga.lt\/wp-content\/uploads\/2025\/10\/Moterys-kurios-myli-per-stipriai.webp\",\"contentUrl\":\"https:\/\/skaitytaknyga.lt\/wp-content\/uploads\/2025\/10\/Moterys-kurios-myli-per-stipriai.webp\",\"width\":295,\"height\":427},{\"@type\":\"BreadcrumbList\",\"@id\":\"https:\/\/skaitytaknyga.lt\/produktas\/moterys-kurios-myli-per-stipriai\/#breadcrumb\",\"itemListElement\":[{\"@type\":\"ListItem\",\"position\":1,\"name\":\"Home\",\"item\":\"https:\/\/skaitytaknyga.lt\/\"},{\"@type\":\"ListItem\",\"position\":2,\"name\":\"Parduotuv\u0117\",\"item\":\"https:\/\/skaitytaknyga.lt\/knygu-parduotuve\/\"},{\"@type\":\"ListItem\",\"position\":3,\"name\":\"Moterys, kurios myli per stipriai\"}]},{\"@type\":\"WebSite\",\"@id\":\"https:\/\/skaitytaknyga.lt\/#website\",\"url\":\"https:\/\/skaitytaknyga.lt\/\",\"name\":\"skaitytaknyga.lt\",\"description\":\"Skaitytaknyga.lt \u2013 tai ma\u017eas \u0161eimos verslas, kuris prasid\u0117jo nuo meil\u0117s knygoms ir siekio i\u0161gelb\u0117ti knygas nuo likimo prie konteinerio. Kas vienam nereikalingas daiktas \u2013 kitam lobis, o mes esame tarpininkai, kurie padeda abiems tapti laimingesniems ???? \u017dinome kaip nelengva i\u0161gyventi ma\u017eiems verslams, tad nuo \u0161iol, \u010dia rasite ir kit\u0173, ma\u017e\u0173 \u0161eim\u0173 versl\u0173, rank\u0173 darbo, dovan\u0173 sau ir artimiesiems.\",\"publisher\":{\"@id\":\"https:\/\/skaitytaknyga.lt\/#organization\"},\"potentialAction\":[{\"@type\":\"SearchAction\",\"target\":{\"@type\":\"EntryPoint\",\"urlTemplate\":\"https:\/\/skaitytaknyga.lt\/?s={search_term_string}\"},\"query-input\":{\"@type\":\"PropertyValueSpecification\",\"valueRequired\":true,\"valueName\":\"search_term_string\"}}],\"inLanguage\":\"en-GB\"},{\"@type\":\"Organization\",\"@id\":\"https:\/\/skaitytaknyga.lt\/#organization\",\"name\":\"skaitytaknyga.lt\",\"url\":\"https:\/\/skaitytaknyga.lt\/\",\"logo\":{\"@type\":\"ImageObject\",\"inLanguage\":\"en-GB\",\"@id\":\"https:\/\/skaitytaknyga.lt\/#\/schema\/logo\/image\/\",\"url\":\"https:\/\/skaitytaknyga.lt\/wp-content\/uploads\/2024\/05\/cropped-cropped-cropped-02_00843_jt3bggkj1j3HLc7SyY6rEUpg.jpeg\",\"contentUrl\":\"https:\/\/skaitytaknyga.lt\/wp-content\/uploads\/2024\/05\/cropped-cropped-cropped-02_00843_jt3bggkj1j3HLc7SyY6rEUpg.jpeg\",\"width\":1600,\"height\":1600,\"caption\":\"skaitytaknyga.lt\"},\"image\":{\"@id\":\"https:\/\/skaitytaknyga.lt\/#\/schema\/logo\/image\/\"},\"sameAs\":[\"https:\/\/www.facebook.com\/skaitytaknyga\/\"]}]}<\/script>\n<!-- \/ Yoast SEO plugin. -->","yoast_head_json":{"title":"Moterys, kurios myli per stipriai","description":"\u201eMoterys, kurios myli per stipriai\u201c\u2013 tai kasdien\u0117 knyga ir gydytojams, psichologams, socialiniams darbuotojams, ir pla\u010diausiam skaitytoj\u0173 ratui. R.","robots":{"index":"index","follow":"follow","max-snippet":"max-snippet:-1","max-image-preview":"max-image-preview:large","max-video-preview":"max-video-preview:-1"},"canonical":"https:\/\/skaitytaknyga.lt\/en\/produktas\/moterys-kurios-myli-per-stipriai\/","og_locale":"en_GB","og_type":"article","og_title":"[:lt]Moterys, kurios myli per stipriai[:] - Skaitytaknyga","og_description":"\u201eMoterys, kurios myli per stipriai\u201c\u2013 tai kasdien\u0117 knyga ir gydytojams, psichologams, socialiniams darbuotojams, ir pla\u010diausiam skaitytoj\u0173 ratui. R.","og_url":"https:\/\/skaitytaknyga.lt\/en\/produktas\/moterys-kurios-myli-per-stipriai\/","og_site_name":"Skaitytaknyga","article_publisher":"https:\/\/www.facebook.com\/skaitytaknyga\/","article_modified_time":"2025-10-08T16:39:55+00:00","og_image":[{"width":295,"height":427,"url":"https:\/\/skaitytaknyga.lt\/wp-content\/uploads\/2025\/10\/Moterys-kurios-myli-per-stipriai.webp","type":"image\/webp"}],"twitter_card":"summary_large_image","schema":{"@context":"https:\/\/schema.org","@graph":[{"@type":"WebPage","@id":"https:\/\/skaitytaknyga.lt\/produktas\/moterys-kurios-myli-per-stipriai\/","url":"https:\/\/skaitytaknyga.lt\/produktas\/moterys-kurios-myli-per-stipriai\/","name":"Moterys, kurios myli per stipriai","isPartOf":{"@id":"https:\/\/skaitytaknyga.lt\/#website"},"primaryImageOfPage":{"@id":"https:\/\/skaitytaknyga.lt\/produktas\/moterys-kurios-myli-per-stipriai\/#primaryimage"},"image":{"@id":"https:\/\/skaitytaknyga.lt\/produktas\/moterys-kurios-myli-per-stipriai\/#primaryimage"},"thumbnailUrl":"https:\/\/skaitytaknyga.lt\/wp-content\/uploads\/2025\/10\/Moterys-kurios-myli-per-stipriai.webp","datePublished":"2025-10-03T08:14:22+00:00","dateModified":"2025-10-08T16:39:55+00:00","description":"\u201eMoterys, kurios myli per stipriai\u201c\u2013 tai kasdien\u0117 knyga ir gydytojams, psichologams, socialiniams darbuotojams, ir pla\u010diausiam skaitytoj\u0173 ratui. R.","breadcrumb":{"@id":"https:\/\/skaitytaknyga.lt\/produktas\/moterys-kurios-myli-per-stipriai\/#breadcrumb"},"inLanguage":"en-GB","potentialAction":[{"@type":"ReadAction","target":["https:\/\/skaitytaknyga.lt\/produktas\/moterys-kurios-myli-per-stipriai\/"]}]},{"@type":"ImageObject","inLanguage":"en-GB","@id":"https:\/\/skaitytaknyga.lt\/produktas\/moterys-kurios-myli-per-stipriai\/#primaryimage","url":"https:\/\/skaitytaknyga.lt\/wp-content\/uploads\/2025\/10\/Moterys-kurios-myli-per-stipriai.webp","contentUrl":"https:\/\/skaitytaknyga.lt\/wp-content\/uploads\/2025\/10\/Moterys-kurios-myli-per-stipriai.webp","width":295,"height":427},{"@type":"BreadcrumbList","@id":"https:\/\/skaitytaknyga.lt\/produktas\/moterys-kurios-myli-per-stipriai\/#breadcrumb","itemListElement":[{"@type":"ListItem","position":1,"name":"Home","item":"https:\/\/skaitytaknyga.lt\/"},{"@type":"ListItem","position":2,"name":"Parduotuv\u0117","item":"https:\/\/skaitytaknyga.lt\/knygu-parduotuve\/"},{"@type":"ListItem","position":3,"name":"Moterys, kurios myli per stipriai"}]},{"@type":"WebSite","@id":"https:\/\/skaitytaknyga.lt\/#website","url":"https:\/\/skaitytaknyga.lt\/","name":"skaitytaknyga.lt","description":"Skaitytaknyga.lt \u2013 tai ma\u017eas \u0161eimos verslas, kuris prasid\u0117jo nuo meil\u0117s knygoms ir siekio i\u0161gelb\u0117ti knygas nuo likimo prie konteinerio. Kas vienam nereikalingas daiktas \u2013 kitam lobis, o mes esame tarpininkai, kurie padeda abiems tapti laimingesniems ???? \u017dinome kaip nelengva i\u0161gyventi ma\u017eiems verslams, tad nuo \u0161iol, \u010dia rasite ir kit\u0173, ma\u017e\u0173 \u0161eim\u0173 versl\u0173, rank\u0173 darbo, dovan\u0173 sau ir artimiesiems.","publisher":{"@id":"https:\/\/skaitytaknyga.lt\/#organization"},"potentialAction":[{"@type":"SearchAction","target":{"@type":"EntryPoint","urlTemplate":"https:\/\/skaitytaknyga.lt\/?s={search_term_string}"},"query-input":{"@type":"PropertyValueSpecification","valueRequired":true,"valueName":"search_term_string"}}],"inLanguage":"en-GB"},{"@type":"Organization","@id":"https:\/\/skaitytaknyga.lt\/#organization","name":"skaitytaknyga.lt","url":"https:\/\/skaitytaknyga.lt\/","logo":{"@type":"ImageObject","inLanguage":"en-GB","@id":"https:\/\/skaitytaknyga.lt\/#\/schema\/logo\/image\/","url":"https:\/\/skaitytaknyga.lt\/wp-content\/uploads\/2024\/05\/cropped-cropped-cropped-02_00843_jt3bggkj1j3HLc7SyY6rEUpg.jpeg","contentUrl":"https:\/\/skaitytaknyga.lt\/wp-content\/uploads\/2024\/05\/cropped-cropped-cropped-02_00843_jt3bggkj1j3HLc7SyY6rEUpg.jpeg","width":1600,"height":1600,"caption":"skaitytaknyga.lt"},"image":{"@id":"https:\/\/skaitytaknyga.lt\/#\/schema\/logo\/image\/"},"sameAs":["https:\/\/www.facebook.com\/skaitytaknyga\/"]}]}},"_links":{"self":[{"href":"https:\/\/skaitytaknyga.lt\/en\/wp-json\/wp\/v2\/product\/21190","targetHints":{"allow":["GET"]}}],"collection":[{"href":"https:\/\/skaitytaknyga.lt\/en\/wp-json\/wp\/v2\/product"}],"about":[{"href":"https:\/\/skaitytaknyga.lt\/en\/wp-json\/wp\/v2\/types\/product"}],"replies":[{"embeddable":true,"href":"https:\/\/skaitytaknyga.lt\/en\/wp-json\/wp\/v2\/comments?post=21190"}],"wp:featuredmedia":[{"embeddable":true,"href":"https:\/\/skaitytaknyga.lt\/en\/wp-json\/wp\/v2\/media\/21195"}],"wp:attachment":[{"href":"https:\/\/skaitytaknyga.lt\/en\/wp-json\/wp\/v2\/media?parent=21190"}],"wp:term":[{"taxonomy":"product_brand","embeddable":true,"href":"https:\/\/skaitytaknyga.lt\/en\/wp-json\/wp\/v2\/product_brand?post=21190"},{"taxonomy":"product_cat","embeddable":true,"href":"https:\/\/skaitytaknyga.lt\/en\/wp-json\/wp\/v2\/product_cat?post=21190"},{"taxonomy":"product_tag","embeddable":true,"href":"https:\/\/skaitytaknyga.lt\/en\/wp-json\/wp\/v2\/product_tag?post=21190"}],"curies":[{"name":"wp","href":"https:\/\/api.w.org\/{rel}","templated":true}]}}