{"id":21189,"date":"2025-10-03T11:14:22","date_gmt":"2025-10-03T08:14:22","guid":{"rendered":"https:\/\/skaitytaknyga.lt\/?post_type=product&#038;p=21189"},"modified":"2026-03-05T12:56:57","modified_gmt":"2026-03-05T10:56:57","slug":"uzverstos-kortos","status":"publish","type":"product","link":"https:\/\/skaitytaknyga.lt\/en\/produktas\/uzverstos-kortos\/","title":{"rendered":"U\u017everstos kortos"},"content":{"rendered":"<p>K\u0105 gal\u0117tum paaukoti, kad i\u0161saugotum savo tamsiausias paslaptis?<\/p>\n<p>Kai paaugl\u0117 Seid\u0117 Vinters nu\u0161oka nuo mokyklos stogo, pasklinda \u017einia, kad problemi\u0161ka mergait\u0117 nusi\u017eud\u0117. Netrukus toje pa\u010dioje mokykloje dar vien\u0105 paaugl\u012f i\u0161tinka staigi mirtis, ir detektyv\u0117 Kima Stoun neabejoja: vaikai mir\u0117 nuo \u017eudiko rankos.<\/p>\n<p>Detektyvams prad\u0117jus narplioti tams\u0173 paslap\u010di\u0173 voratinkl\u012f paai\u0161k\u0117ja, kad viena mokytoja visgi gali \u017einoti ties\u0105. Deja, mirtis ir jos neaplenkia.<\/p>\n<p>Kai nuken\u010dia dar keletas vaik\u0173, Kimai tenka svarstyti sunkiai suvokiam\u0105 dalyk\u0105: gal \u017eudikas slepiasi tarp mokini\u0173? Tyrin\u0117dama linkusi\u0173 \u017eudyti vaik\u0173 psichologij\u0105, ji kal\u0117jime v\u0117l susitiks su gydytoja Aleksandra Torn, sociopate.<\/p>\n<p>Trok\u0161dama sugauti nusikalt\u0117l\u012f detektyv\u0117 u\u017e\u010diuopia ry\u0161\u012f tarp trij\u0173 \u017emog\u017eudys\u010di\u0173 ir naujok\u0173 \u201ekrik\u0161tyn\u0173\u201c pok\u0161to, i\u0161kr\u0117sto mokykloje prie\u0161 kelet\u0105 de\u0161imtme\u010di\u0173.<\/p>\n","protected":false},"excerpt":{"rendered":"<p>K\u0105 gal\u0117tum paaukoti, kad i\u0161saugotum savo tamsiausias paslaptis? Kai paaugl\u0117 Seid\u0117 Vinters nu\u0161oka nuo mokyklos stogo, pasklinda \u017einia, kad problemi\u0161ka mergait\u0117 nusi\u017eud\u0117. Netrukus toje pa\u010dioje mokykloje dar vien\u0105 paaugl\u012f i\u0161tinka staigi mirtis, ir detektyv\u0117 Kima Stoun neabejoja: vaikai mir\u0117 nuo \u017eudiko rankos. Detektyvams prad\u0117jus narplioti tams\u0173 paslap\u010di\u0173 voratinkl\u012f paai\u0161k\u0117ja, kad viena mokytoja visgi gali \u017einoti ties\u0105. Deja, mirtis ir jos neaplenkia. Kai nuken\u010dia dar keletas vaik\u0173, Kimai tenka svarstyti sunkiai suvokiam\u0105 dalyk\u0105: gal \u017eudikas slepiasi tarp mokini\u0173? Tyrin\u0117dama linkusi\u0173 \u017eudyti vaik\u0173 psichologij\u0105, ji kal\u0117jime v\u0117l susitiks su gydytoja Aleksandra Torn, sociopate. Trok\u0161dama sugauti nusikalt\u0117l\u012f detektyv\u0117 u\u017e\u010diuopia ry\u0161\u012f tarp trij\u0173 \u017emog\u017eudys\u010di\u0173 ir naujok\u0173 \u201ekrik\u0161tyn\u0173\u201c pok\u0161to, i\u0161kr\u0117sto mokykloje prie\u0161 kelet\u0105 de\u0161imtme\u010di\u0173.<\/p>\n","protected":false},"featured_media":21194,"comment_status":"open","ping_status":"closed","template":"","meta":{"_acf_changed":false,"site-sidebar-layout":"default","site-content-layout":"","ast-site-content-layout":"default","site-content-style":"default","site-sidebar-style":"default","ast-global-header-display":"","ast-banner-title-visibility":"","ast-main-header-display":"","ast-hfb-above-header-display":"","ast-hfb-below-header-display":"","ast-hfb-mobile-header-display":"","site-post-title":"","ast-breadcrumbs-content":"","ast-featured-img":"","footer-sml-layout":"","ast-disable-related-posts":"","theme-transparent-header-meta":"","adv-header-id-meta":"","stick-header-meta":"","header-above-stick-meta":"","header-main-stick-meta":"","header-below-stick-meta":"","astra-migrate-meta-layouts":"default","ast-page-background-enabled":"default","ast-page-background-meta":{"desktop":{"background-color":"","background-image":"","background-repeat":"repeat","background-position":"center center","background-size":"auto","background-attachment":"scroll","background-type":"","background-media":"","overlay-type":"","overlay-color":"","overlay-opacity":"","overlay-gradient":""},"tablet":{"background-color":"","background-image":"","background-repeat":"repeat","background-position":"center center","background-size":"auto","background-attachment":"scroll","background-type":"","background-media":"","overlay-type":"","overlay-color":"","overlay-opacity":"","overlay-gradient":""},"mobile":{"background-color":"","background-image":"","background-repeat":"repeat","background-position":"center center","background-size":"auto","background-attachment":"scroll","background-type":"","background-media":"","overlay-type":"","overlay-color":"","overlay-opacity":"","overlay-gradient":""}},"ast-content-background-meta":{"desktop":{"background-color":"var(--ast-global-color-4)","background-image":"","background-repeat":"repeat","background-position":"center center","background-size":"auto","background-attachment":"scroll","background-type":"","background-media":"","overlay-type":"","overlay-color":"","overlay-opacity":"","overlay-gradient":""},"tablet":{"background-color":"var(--ast-global-color-4)","background-image":"","background-repeat":"repeat","background-position":"center center","background-size":"auto","background-attachment":"scroll","background-type":"","background-media":"","overlay-type":"","overlay-color":"","overlay-opacity":"","overlay-gradient":""},"mobile":{"background-color":"var(--ast-global-color-4)","background-image":"","background-repeat":"repeat","background-position":"center center","background-size":"auto","background-attachment":"scroll","background-type":"","background-media":"","overlay-type":"","overlay-color":"","overlay-opacity":"","overlay-gradient":""}}},"product_brand":[],"product_cat":[9581],"product_tag":[1586,1476,1664,3614,1478,1392,1745,8391,3305],"class_list":{"0":"post-21189","1":"product","2":"type-product","3":"status-publish","4":"has-post-thumbnail","6":"product_cat-kriminaliniai-romanai","7":"product_tag-angela-marsons","8":"product_tag-detektyvas","9":"product_tag-nusikaltimai","10":"product_tag-paaugliai","11":"product_tag-paslaptys","12":"product_tag-psichologija","13":"product_tag-romanas","14":"product_tag-serija-apie-kima-stoun","15":"product_tag-zmogzudystes","16":"desktop-align-left","17":"tablet-align-left","18":"mobile-align-left","20":"first","21":"instock","22":"shipping-taxable","23":"purchasable","24":"product-type-simple"},"acf":[],"yoast_head":"<!-- This site is optimized with the Yoast SEO plugin v27.0 - https:\/\/yoast.com\/product\/yoast-seo-wordpress\/ -->\n<title>U\u017everstos kortos<\/title>\n<meta name=\"description\" content=\"K\u0105 gal\u0117tum paaukoti, kad i\u0161saugotum savo tamsiausias paslaptis? Kai paaugl\u0117 Seid\u0117 Vinters nu\u0161oka nuo mokyklos stogo, pasklinda \u017einia, kad problemi\u0161ka\" \/>\n<meta name=\"robots\" content=\"index, follow, max-snippet:-1, max-image-preview:large, max-video-preview:-1\" \/>\n<link rel=\"canonical\" href=\"https:\/\/skaitytaknyga.lt\/en\/produktas\/uzverstos-kortos\/\" \/>\n<meta property=\"og:locale\" content=\"en_GB\" \/>\n<meta property=\"og:locale:alternate\" content=\"lt_LT\" \/>\n<meta property=\"og:type\" content=\"article\" \/>\n<meta property=\"og:title\" content=\"U\u017everstos kortos\" \/>\n<meta property=\"og:description\" content=\"K\u0105 gal\u0117tum paaukoti, kad i\u0161saugotum savo tamsiausias paslaptis? Kai paaugl\u0117 Seid\u0117 Vinters nu\u0161oka nuo mokyklos stogo, pasklinda \u017einia, kad problemi\u0161ka\" \/>\n<meta property=\"og:url\" content=\"https:\/\/skaitytaknyga.lt\/en\/produktas\/uzverstos-kortos\/\" \/>\n<meta property=\"og:site_name\" content=\"Skaitytaknyga\" \/>\n<meta property=\"article:publisher\" content=\"https:\/\/www.facebook.com\/skaitytaknyga\/\" \/>\n<meta property=\"article:modified_time\" content=\"2026-03-05T10:56:57+00:00\" \/>\n<meta property=\"og:image\" content=\"https:\/\/skaitytaknyga.lt\/wp-content\/uploads\/2025\/10\/Uzverstos-kortos-1.webp\" \/>\n\t<meta property=\"og:image:width\" content=\"300\" \/>\n\t<meta property=\"og:image:height\" content=\"450\" \/>\n\t<meta property=\"og:image:type\" content=\"image\/webp\" \/>\n<meta name=\"twitter:card\" content=\"summary_large_image\" \/>\n<meta name=\"twitter:label1\" content=\"Estimated reading time\" \/>\n\t<meta name=\"twitter:data1\" content=\"1 minute\" \/>\n<script type=\"application\/ld+json\" class=\"yoast-schema-graph\">{\"@context\":\"https:\/\/schema.org\",\"@graph\":[{\"@type\":\"WebPage\",\"@id\":\"https:\/\/skaitytaknyga.lt\/produktas\/uzverstos-kortos\/\",\"url\":\"https:\/\/skaitytaknyga.lt\/produktas\/uzverstos-kortos\/\",\"name\":\"U\u017everstos kortos\",\"isPartOf\":{\"@id\":\"https:\/\/skaitytaknyga.lt\/#website\"},\"primaryImageOfPage\":{\"@id\":\"https:\/\/skaitytaknyga.lt\/produktas\/uzverstos-kortos\/#primaryimage\"},\"image\":{\"@id\":\"https:\/\/skaitytaknyga.lt\/produktas\/uzverstos-kortos\/#primaryimage\"},\"thumbnailUrl\":\"https:\/\/skaitytaknyga.lt\/wp-content\/uploads\/2025\/10\/Uzverstos-kortos-1.webp\",\"datePublished\":\"2025-10-03T08:14:22+00:00\",\"dateModified\":\"2026-03-05T10:56:57+00:00\",\"description\":\"K\u0105 gal\u0117tum paaukoti, kad i\u0161saugotum savo tamsiausias paslaptis? Kai paaugl\u0117 Seid\u0117 Vinters nu\u0161oka nuo mokyklos stogo, pasklinda \u017einia, kad problemi\u0161ka\",\"breadcrumb\":{\"@id\":\"https:\/\/skaitytaknyga.lt\/produktas\/uzverstos-kortos\/#breadcrumb\"},\"inLanguage\":\"en-GB\",\"potentialAction\":[{\"@type\":\"ReadAction\",\"target\":[\"https:\/\/skaitytaknyga.lt\/produktas\/uzverstos-kortos\/\"]}]},{\"@type\":\"ImageObject\",\"inLanguage\":\"en-GB\",\"@id\":\"https:\/\/skaitytaknyga.lt\/produktas\/uzverstos-kortos\/#primaryimage\",\"url\":\"https:\/\/skaitytaknyga.lt\/wp-content\/uploads\/2025\/10\/Uzverstos-kortos-1.webp\",\"contentUrl\":\"https:\/\/skaitytaknyga.lt\/wp-content\/uploads\/2025\/10\/Uzverstos-kortos-1.webp\",\"width\":300,\"height\":450,\"caption\":\"U\u017everstos kortos\"},{\"@type\":\"BreadcrumbList\",\"@id\":\"https:\/\/skaitytaknyga.lt\/produktas\/uzverstos-kortos\/#breadcrumb\",\"itemListElement\":[{\"@type\":\"ListItem\",\"position\":1,\"name\":\"Home\",\"item\":\"https:\/\/skaitytaknyga.lt\/\"},{\"@type\":\"ListItem\",\"position\":2,\"name\":\"Parduotuv\u0117\",\"item\":\"https:\/\/skaitytaknyga.lt\/knygu-parduotuve\/\"},{\"@type\":\"ListItem\",\"position\":3,\"name\":\"U\u017everstos kortos\"}]},{\"@type\":\"WebSite\",\"@id\":\"https:\/\/skaitytaknyga.lt\/#website\",\"url\":\"https:\/\/skaitytaknyga.lt\/\",\"name\":\"skaitytaknyga.lt\",\"description\":\"Skaitytaknyga.lt \u2013 tai ma\u017eas \u0161eimos verslas, kuris prasid\u0117jo nuo meil\u0117s knygoms ir siekio i\u0161gelb\u0117ti knygas nuo likimo prie konteinerio. Kas vienam nereikalingas daiktas \u2013 kitam lobis, o mes esame tarpininkai, kurie padeda abiems tapti laimingesniems ???? \u017dinome kaip nelengva i\u0161gyventi ma\u017eiems verslams, tad nuo \u0161iol, \u010dia rasite ir kit\u0173, ma\u017e\u0173 \u0161eim\u0173 versl\u0173, rank\u0173 darbo, dovan\u0173 sau ir artimiesiems.\",\"publisher\":{\"@id\":\"https:\/\/skaitytaknyga.lt\/#organization\"},\"potentialAction\":[{\"@type\":\"SearchAction\",\"target\":{\"@type\":\"EntryPoint\",\"urlTemplate\":\"https:\/\/skaitytaknyga.lt\/?s={search_term_string}\"},\"query-input\":{\"@type\":\"PropertyValueSpecification\",\"valueRequired\":true,\"valueName\":\"search_term_string\"}}],\"inLanguage\":\"en-GB\"},{\"@type\":\"Organization\",\"@id\":\"https:\/\/skaitytaknyga.lt\/#organization\",\"name\":\"skaitytaknyga.lt\",\"url\":\"https:\/\/skaitytaknyga.lt\/\",\"logo\":{\"@type\":\"ImageObject\",\"inLanguage\":\"en-GB\",\"@id\":\"https:\/\/skaitytaknyga.lt\/#\/schema\/logo\/image\/\",\"url\":\"https:\/\/skaitytaknyga.lt\/wp-content\/uploads\/2024\/05\/cropped-cropped-cropped-02_00843_jt3bggkj1j3HLc7SyY6rEUpg.jpeg\",\"contentUrl\":\"https:\/\/skaitytaknyga.lt\/wp-content\/uploads\/2024\/05\/cropped-cropped-cropped-02_00843_jt3bggkj1j3HLc7SyY6rEUpg.jpeg\",\"width\":1600,\"height\":1600,\"caption\":\"skaitytaknyga.lt\"},\"image\":{\"@id\":\"https:\/\/skaitytaknyga.lt\/#\/schema\/logo\/image\/\"},\"sameAs\":[\"https:\/\/www.facebook.com\/skaitytaknyga\/\"]}]}<\/script>\n<!-- \/ Yoast SEO plugin. -->","yoast_head_json":{"title":"U\u017everstos kortos","description":"K\u0105 gal\u0117tum paaukoti, kad i\u0161saugotum savo tamsiausias paslaptis? Kai paaugl\u0117 Seid\u0117 Vinters nu\u0161oka nuo mokyklos stogo, pasklinda \u017einia, kad problemi\u0161ka","robots":{"index":"index","follow":"follow","max-snippet":"max-snippet:-1","max-image-preview":"max-image-preview:large","max-video-preview":"max-video-preview:-1"},"canonical":"https:\/\/skaitytaknyga.lt\/en\/produktas\/uzverstos-kortos\/","og_locale":"en_GB","og_type":"article","og_title":"[:lt]U\u017everstos kortos[:] - Skaitytaknyga","og_description":"K\u0105 gal\u0117tum paaukoti, kad i\u0161saugotum savo tamsiausias paslaptis? Kai paaugl\u0117 Seid\u0117 Vinters nu\u0161oka nuo mokyklos stogo, pasklinda \u017einia, kad problemi\u0161ka","og_url":"https:\/\/skaitytaknyga.lt\/en\/produktas\/uzverstos-kortos\/","og_site_name":"Skaitytaknyga","article_publisher":"https:\/\/www.facebook.com\/skaitytaknyga\/","article_modified_time":"2026-03-05T10:56:57+00:00","og_image":[{"width":300,"height":450,"url":"https:\/\/skaitytaknyga.lt\/wp-content\/uploads\/2025\/10\/Uzverstos-kortos-1.webp","type":"image\/webp"}],"twitter_card":"summary_large_image","twitter_misc":{"Estimated reading time":"1 minute"},"schema":{"@context":"https:\/\/schema.org","@graph":[{"@type":"WebPage","@id":"https:\/\/skaitytaknyga.lt\/produktas\/uzverstos-kortos\/","url":"https:\/\/skaitytaknyga.lt\/produktas\/uzverstos-kortos\/","name":"U\u017everstos kortos","isPartOf":{"@id":"https:\/\/skaitytaknyga.lt\/#website"},"primaryImageOfPage":{"@id":"https:\/\/skaitytaknyga.lt\/produktas\/uzverstos-kortos\/#primaryimage"},"image":{"@id":"https:\/\/skaitytaknyga.lt\/produktas\/uzverstos-kortos\/#primaryimage"},"thumbnailUrl":"https:\/\/skaitytaknyga.lt\/wp-content\/uploads\/2025\/10\/Uzverstos-kortos-1.webp","datePublished":"2025-10-03T08:14:22+00:00","dateModified":"2026-03-05T10:56:57+00:00","description":"K\u0105 gal\u0117tum paaukoti, kad i\u0161saugotum savo tamsiausias paslaptis? Kai paaugl\u0117 Seid\u0117 Vinters nu\u0161oka nuo mokyklos stogo, pasklinda \u017einia, kad problemi\u0161ka","breadcrumb":{"@id":"https:\/\/skaitytaknyga.lt\/produktas\/uzverstos-kortos\/#breadcrumb"},"inLanguage":"en-GB","potentialAction":[{"@type":"ReadAction","target":["https:\/\/skaitytaknyga.lt\/produktas\/uzverstos-kortos\/"]}]},{"@type":"ImageObject","inLanguage":"en-GB","@id":"https:\/\/skaitytaknyga.lt\/produktas\/uzverstos-kortos\/#primaryimage","url":"https:\/\/skaitytaknyga.lt\/wp-content\/uploads\/2025\/10\/Uzverstos-kortos-1.webp","contentUrl":"https:\/\/skaitytaknyga.lt\/wp-content\/uploads\/2025\/10\/Uzverstos-kortos-1.webp","width":300,"height":450,"caption":"U\u017everstos kortos"},{"@type":"BreadcrumbList","@id":"https:\/\/skaitytaknyga.lt\/produktas\/uzverstos-kortos\/#breadcrumb","itemListElement":[{"@type":"ListItem","position":1,"name":"Home","item":"https:\/\/skaitytaknyga.lt\/"},{"@type":"ListItem","position":2,"name":"Parduotuv\u0117","item":"https:\/\/skaitytaknyga.lt\/knygu-parduotuve\/"},{"@type":"ListItem","position":3,"name":"U\u017everstos kortos"}]},{"@type":"WebSite","@id":"https:\/\/skaitytaknyga.lt\/#website","url":"https:\/\/skaitytaknyga.lt\/","name":"skaitytaknyga.lt","description":"Skaitytaknyga.lt \u2013 tai ma\u017eas \u0161eimos verslas, kuris prasid\u0117jo nuo meil\u0117s knygoms ir siekio i\u0161gelb\u0117ti knygas nuo likimo prie konteinerio. Kas vienam nereikalingas daiktas \u2013 kitam lobis, o mes esame tarpininkai, kurie padeda abiems tapti laimingesniems ???? \u017dinome kaip nelengva i\u0161gyventi ma\u017eiems verslams, tad nuo \u0161iol, \u010dia rasite ir kit\u0173, ma\u017e\u0173 \u0161eim\u0173 versl\u0173, rank\u0173 darbo, dovan\u0173 sau ir artimiesiems.","publisher":{"@id":"https:\/\/skaitytaknyga.lt\/#organization"},"potentialAction":[{"@type":"SearchAction","target":{"@type":"EntryPoint","urlTemplate":"https:\/\/skaitytaknyga.lt\/?s={search_term_string}"},"query-input":{"@type":"PropertyValueSpecification","valueRequired":true,"valueName":"search_term_string"}}],"inLanguage":"en-GB"},{"@type":"Organization","@id":"https:\/\/skaitytaknyga.lt\/#organization","name":"skaitytaknyga.lt","url":"https:\/\/skaitytaknyga.lt\/","logo":{"@type":"ImageObject","inLanguage":"en-GB","@id":"https:\/\/skaitytaknyga.lt\/#\/schema\/logo\/image\/","url":"https:\/\/skaitytaknyga.lt\/wp-content\/uploads\/2024\/05\/cropped-cropped-cropped-02_00843_jt3bggkj1j3HLc7SyY6rEUpg.jpeg","contentUrl":"https:\/\/skaitytaknyga.lt\/wp-content\/uploads\/2024\/05\/cropped-cropped-cropped-02_00843_jt3bggkj1j3HLc7SyY6rEUpg.jpeg","width":1600,"height":1600,"caption":"skaitytaknyga.lt"},"image":{"@id":"https:\/\/skaitytaknyga.lt\/#\/schema\/logo\/image\/"},"sameAs":["https:\/\/www.facebook.com\/skaitytaknyga\/"]}]}},"_links":{"self":[{"href":"https:\/\/skaitytaknyga.lt\/en\/wp-json\/wp\/v2\/product\/21189","targetHints":{"allow":["GET"]}}],"collection":[{"href":"https:\/\/skaitytaknyga.lt\/en\/wp-json\/wp\/v2\/product"}],"about":[{"href":"https:\/\/skaitytaknyga.lt\/en\/wp-json\/wp\/v2\/types\/product"}],"replies":[{"embeddable":true,"href":"https:\/\/skaitytaknyga.lt\/en\/wp-json\/wp\/v2\/comments?post=21189"}],"wp:featuredmedia":[{"embeddable":true,"href":"https:\/\/skaitytaknyga.lt\/en\/wp-json\/wp\/v2\/media\/21194"}],"wp:attachment":[{"href":"https:\/\/skaitytaknyga.lt\/en\/wp-json\/wp\/v2\/media?parent=21189"}],"wp:term":[{"taxonomy":"product_brand","embeddable":true,"href":"https:\/\/skaitytaknyga.lt\/en\/wp-json\/wp\/v2\/product_brand?post=21189"},{"taxonomy":"product_cat","embeddable":true,"href":"https:\/\/skaitytaknyga.lt\/en\/wp-json\/wp\/v2\/product_cat?post=21189"},{"taxonomy":"product_tag","embeddable":true,"href":"https:\/\/skaitytaknyga.lt\/en\/wp-json\/wp\/v2\/product_tag?post=21189"}],"curies":[{"name":"wp","href":"https:\/\/api.w.org\/{rel}","templated":true}]}}