{"id":21182,"date":"2025-10-03T09:10:56","date_gmt":"2025-10-03T06:10:56","guid":{"rendered":"https:\/\/skaitytaknyga.lt\/?post_type=product&#038;p=21182"},"modified":"2026-02-26T10:10:27","modified_gmt":"2026-02-26T08:10:27","slug":"apie-tave-ir-tavo-zvaigzde","status":"publish","type":"product","link":"https:\/\/skaitytaknyga.lt\/en\/produktas\/apie-tave-ir-tavo-zvaigzde\/","title":{"rendered":"Apie tave ir tavo \u017evaig\u017ed\u0119"},"content":{"rendered":"<p>Per \u017evaig\u017edes \u2013 kit\u0173  ir sav\u0119s link.<br \/>\nKoks esu? Kaip atrodau kitiems? Koks nor\u0117\u010diau b\u016bti? Nuo \u0161i\u0173 klausim\u0173 prasideda kelias \u012f save.<br \/>\nTai \u017eymios astrolog\u0117s knyga ne tik&#8230; astrologijos gerb\u0117jams. Ji leis geriau pa\u017einti save ir kitus, lengviau priimti savo ir kit\u0173 savitum\u0105, skirtingum\u0105. Taigi \u2013 laisviau ir d\u017eiaugsmingiau gyventi. \u010cia rasite informacijos apie dangaus k\u016bn\u0173 poveik\u012f \u017emogui ir daugyb\u0119 prakti\u0161kai pritaikom\u0173 Vakar\u0173 bei Ryt\u0173 medicinos, \u012fskaitant psichologij\u0105, \u017eini\u0173, pad\u0117sian\u010di\u0173 b\u016bti fizi\u0161kai bei emoci\u0161kai sveikiems ir laimingiems.<br \/>\nPragmati\u0161ki \u017emon\u0117s gaus galyb\u0119 lengvai \u012fgyvendinam\u0173 gamtos moksl\u0173 daktar\u0117s patarim\u0173, kaip gyventi, k\u0105 valgyti ir gerti, kad b\u016bt\u0173 visapusi\u0161kai sveiki, o pasijut\u0119 pras\u010diau kuo grei\u010diau pasveikt\u0173. Vyrai gal\u0117s geriau pa\u017einti moteris, moterys \u2013 v yrus, t\u0117vai \u2013 vaikus, gimin\u0117s \u2013 giminai\u010dius, draugai \u2013 draugus, bendradarbiai \u2013 kolegas. O svarbiausia \u2013 kiekvienas save.<br \/>\n\u201eAr i\u0161 ties\u0173 \u0161i knyga apie TAVE? Apie Tave. Ir ne tik. \u010cia susitiksi su savo artimaisiais ir bendradarbiais, mylimaisiais ir tariamais prie\u0161ais. Jei perskait\u0119s knyg\u0105 bent \u0161iek tiek susim\u0105stysi, tapsi atlaidesnis kitiems ir reiklesnis sau, visi b\u016bsim laimingesni.\u201c<br \/>\nAngelina Zalatorien\u0117<\/p>\n<p>Angelina Zalatorien\u0117 \u2013 garsi astrolog\u0117, \u0161ios srities \u017einias siejanti su biolog\u0117s, gamtos moksl\u0173 daktar\u0117s, \u012f\u017evalgomis. Ir talentinga ra\u0161ytoja, gebanti jas gyvai, patraukliai perteikti skaitytojams. J\u0173 pra\u0161ymu ir gim\u0117 \u0161i knyga \u2013 smarkiai atnaujinta ir papildyta ankstesn\u0117s, greitai dingusios i\u0161 knygyn\u0173 lentyn\u0173, versija.<br \/>\n\u201eI\u0161eikime giedr\u0105 rugpj\u016b\u010dio nakt\u012f \u012f lauk\u0105 ir \u012fsi\u017ei\u016br\u0117kime \u012f \u017evaig\u017ed\u0117t\u0105 dang\u0173&#8230; Koks tolimas ir paslaptingas tas mirguliuojantis Kosmoso pasaulis. Argi, stov\u0117dama(s) po \u017evaig\u017ed\u0117tu dangumi, nejunti, kad esi ma\u017eut\u0117 galingos Visatos dalis? Tavo organizme taip pat viskas juda, pulsuoja, kinta&#8230; \u0160alia Tav\u0119s \u2013 taip pat. Paie\u0161kokite sav\u0119s \u0161ioje knygel\u0117je. Tikrai rasite. Patogiausi du dalykai \u2013 absoliu\u010diai viskuo abejoti arba absoliu\u010diai viskuo tik\u0117ti: ir vienu, ir kitu atveju \u017emogui lengva, nes nereikia galvoti. Ta\u010diau a\u0161 tur\u0117jau laim\u0117s bendrauti su m\u0105stan\u010diais \u017emon\u0117mis. Ir jie man labai pad\u0117jo.\u201c<\/p>\n","protected":false},"excerpt":{"rendered":"<p>Per \u017evaig\u017edes \u2013 kit\u0173 ir sav\u0119s link. Koks esu? Kaip atrodau kitiems? Koks nor\u0117\u010diau b\u016bti? Nuo \u0161i\u0173 klausim\u0173 prasideda kelias \u012f save. Tai \u017eymios astrolog\u0117s knyga ne tik&#8230; astrologijos gerb\u0117jams. Ji leis geriau pa\u017einti save ir kitus, lengviau priimti savo ir kit\u0173 savitum\u0105, skirtingum\u0105. Taigi \u2013 laisviau ir d\u017eiaugsmingiau gyventi. \u010cia rasite informacijos apie dangaus k\u016bn\u0173 poveik\u012f \u017emogui ir daugyb\u0119 prakti\u0161kai pritaikom\u0173 Vakar\u0173 bei Ryt\u0173 medicinos, \u012fskaitant psichologij\u0105, \u017eini\u0173, pad\u0117sian\u010di\u0173 b\u016bti fizi\u0161kai bei emoci\u0161kai sveikiems ir laimingiems. Pragmati\u0161ki \u017emon\u0117s gaus galyb\u0119 lengvai \u012fgyvendinam\u0173 gamtos moksl\u0173 daktar\u0117s patarim\u0173, kaip gyventi, k\u0105 valgyti ir gerti, kad b\u016bt\u0173 visapusi\u0161kai sveiki, o pasijut\u0119 pras\u010diau kuo grei\u010diau pasveikt\u0173. Vyrai gal\u0117s geriau pa\u017einti moteris, moterys \u2013 v yrus, t\u0117vai \u2013 vaikus, gimin\u0117s \u2013 giminai\u010dius, draugai \u2013 draugus, bendradarbiai \u2013 kolegas. O svarbiausia \u2013 kiekvienas save. \u201eAr i\u0161 ties\u0173 \u0161i knyga apie TAVE? Apie Tave. Ir ne tik. \u010cia susitiksi su savo artimaisiais ir bendradarbiais, mylimaisiais ir tariamais prie\u0161ais. Jei perskait\u0119s knyg\u0105 bent \u0161iek tiek susim\u0105stysi, tapsi atlaidesnis kitiems ir reiklesnis sau, visi b\u016bsim laimingesni.\u201c Angelina Zalatorien\u0117 Angelina Zalatorien\u0117 \u2013 garsi astrolog\u0117, \u0161ios srities \u017einias siejanti su biolog\u0117s, gamtos moksl\u0173 daktar\u0117s, \u012f\u017evalgomis. Ir talentinga ra\u0161ytoja, gebanti jas gyvai, patraukliai perteikti skaitytojams. J\u0173 pra\u0161ymu ir gim\u0117 \u0161i knyga \u2013 smarkiai atnaujinta ir papildyta ankstesn\u0117s, greitai dingusios i\u0161 knygyn\u0173 lentyn\u0173, versija. \u201eI\u0161eikime giedr\u0105 rugpj\u016b\u010dio nakt\u012f \u012f lauk\u0105 ir \u012fsi\u017ei\u016br\u0117kime \u012f \u017evaig\u017ed\u0117t\u0105 dang\u0173&#8230; Koks tolimas ir paslaptingas tas mirguliuojantis Kosmoso pasaulis. Argi, stov\u0117dama(s) po \u017evaig\u017ed\u0117tu dangumi, nejunti, kad esi ma\u017eut\u0117 galingos Visatos dalis? Tavo organizme taip pat viskas juda, pulsuoja, kinta&#8230; \u0160alia Tav\u0119s \u2013 taip pat. Paie\u0161kokite sav\u0119s \u0161ioje knygel\u0117je. Tikrai rasite. Patogiausi du dalykai \u2013 absoliu\u010diai viskuo abejoti arba absoliu\u010diai viskuo tik\u0117ti: ir vienu, ir kitu atveju \u017emogui lengva, nes nereikia galvoti. Ta\u010diau a\u0161 tur\u0117jau laim\u0117s bendrauti su m\u0105stan\u010diais \u017emon\u0117mis. Ir jie man labai pad\u0117jo.\u201c<\/p>\n","protected":false},"featured_media":21187,"comment_status":"open","ping_status":"closed","template":"","meta":{"_acf_changed":false,"site-sidebar-layout":"default","site-content-layout":"","ast-site-content-layout":"default","site-content-style":"default","site-sidebar-style":"default","ast-global-header-display":"","ast-banner-title-visibility":"","ast-main-header-display":"","ast-hfb-above-header-display":"","ast-hfb-below-header-display":"","ast-hfb-mobile-header-display":"","site-post-title":"","ast-breadcrumbs-content":"","ast-featured-img":"","footer-sml-layout":"","ast-disable-related-posts":"","theme-transparent-header-meta":"","adv-header-id-meta":"","stick-header-meta":"","header-above-stick-meta":"","header-main-stick-meta":"","header-below-stick-meta":"","astra-migrate-meta-layouts":"default","ast-page-background-enabled":"default","ast-page-background-meta":{"desktop":{"background-color":"","background-image":"","background-repeat":"repeat","background-position":"center center","background-size":"auto","background-attachment":"scroll","background-type":"","background-media":"","overlay-type":"","overlay-color":"","overlay-opacity":"","overlay-gradient":""},"tablet":{"background-color":"","background-image":"","background-repeat":"repeat","background-position":"center center","background-size":"auto","background-attachment":"scroll","background-type":"","background-media":"","overlay-type":"","overlay-color":"","overlay-opacity":"","overlay-gradient":""},"mobile":{"background-color":"","background-image":"","background-repeat":"repeat","background-position":"center center","background-size":"auto","background-attachment":"scroll","background-type":"","background-media":"","overlay-type":"","overlay-color":"","overlay-opacity":"","overlay-gradient":""}},"ast-content-background-meta":{"desktop":{"background-color":"var(--ast-global-color-4)","background-image":"","background-repeat":"repeat","background-position":"center center","background-size":"auto","background-attachment":"scroll","background-type":"","background-media":"","overlay-type":"","overlay-color":"","overlay-opacity":"","overlay-gradient":""},"tablet":{"background-color":"var(--ast-global-color-4)","background-image":"","background-repeat":"repeat","background-position":"center center","background-size":"auto","background-attachment":"scroll","background-type":"","background-media":"","overlay-type":"","overlay-color":"","overlay-opacity":"","overlay-gradient":""},"mobile":{"background-color":"var(--ast-global-color-4)","background-image":"","background-repeat":"repeat","background-position":"center center","background-size":"auto","background-attachment":"scroll","background-type":"","background-media":"","overlay-type":"","overlay-color":"","overlay-opacity":"","overlay-gradient":""}}},"product_brand":[],"product_cat":[165],"product_tag":[8388,4234,7731,6734,1392,1417,2561,1680],"class_list":{"0":"post-21182","1":"product","2":"type-product","3":"status-publish","4":"has-post-thumbnail","6":"product_cat-religija-filosofija-ir-ezoterika","7":"product_tag-angelina-zalatoriene","8":"product_tag-asmenybe","9":"product_tag-astrologija","10":"product_tag-dvasine-literatura","11":"product_tag-psichologija","12":"product_tag-santykiai","13":"product_tag-saves-pazinimas","14":"product_tag-sveikata","15":"desktop-align-left","16":"tablet-align-left","17":"mobile-align-left","19":"first","20":"instock","21":"shipping-taxable","22":"purchasable","23":"product-type-simple"},"acf":[],"yoast_head":"<!-- This site is optimized with the Yoast SEO plugin v27.4 - https:\/\/yoast.com\/product\/yoast-seo-wordpress\/ -->\n<title>Apie tave ir tavo \u017evaig\u017ed\u0119<\/title>\n<meta name=\"description\" content=\"Per \u017evaig\u017edes \u2013 kit\u0173 ir sav\u0119s link. Koks esu? Kaip atrodau kitiems? Koks nor\u0117\u010diau b\u016bti? Nuo \u0161i\u0173 klausim\u0173 prasideda kelias \u012f save. Tai \u017eymios astrolog\u0117s\" \/>\n<meta name=\"robots\" content=\"index, follow, max-snippet:-1, max-image-preview:large, max-video-preview:-1\" \/>\n<link rel=\"canonical\" href=\"https:\/\/skaitytaknyga.lt\/en\/produktas\/apie-tave-ir-tavo-zvaigzde\/\" \/>\n<meta property=\"og:locale\" content=\"en_GB\" \/>\n<meta property=\"og:locale:alternate\" content=\"lt_LT\" \/>\n<meta property=\"og:type\" content=\"article\" \/>\n<meta property=\"og:title\" content=\"Apie tave ir tavo \u017evaig\u017ed\u0119\" \/>\n<meta property=\"og:description\" content=\"Per \u017evaig\u017edes \u2013 kit\u0173 ir sav\u0119s link. Koks esu? Kaip atrodau kitiems? Koks nor\u0117\u010diau b\u016bti? Nuo \u0161i\u0173 klausim\u0173 prasideda kelias \u012f save. Tai \u017eymios astrolog\u0117s\" \/>\n<meta property=\"og:url\" content=\"https:\/\/skaitytaknyga.lt\/en\/produktas\/apie-tave-ir-tavo-zvaigzde\/\" \/>\n<meta property=\"og:site_name\" content=\"Skaitytaknyga\" \/>\n<meta property=\"article:publisher\" content=\"https:\/\/www.facebook.com\/skaitytaknyga\/\" \/>\n<meta property=\"article:modified_time\" content=\"2026-02-26T08:10:27+00:00\" \/>\n<meta property=\"og:image\" content=\"https:\/\/skaitytaknyga.lt\/wp-content\/uploads\/2025\/10\/Apie-tave-ir-tavo-zvaigzde-1.webp\" \/>\n\t<meta property=\"og:image:width\" content=\"300\" \/>\n\t<meta property=\"og:image:height\" content=\"440\" \/>\n\t<meta property=\"og:image:type\" content=\"image\/webp\" \/>\n<meta name=\"twitter:card\" content=\"summary_large_image\" \/>\n<meta name=\"twitter:label1\" content=\"Estimated reading time\" \/>\n\t<meta name=\"twitter:data1\" content=\"2 minutes\" \/>\n<script type=\"application\/ld+json\" class=\"yoast-schema-graph\">{\"@context\":\"https:\\\/\\\/schema.org\",\"@graph\":[{\"@type\":\"WebPage\",\"@id\":\"https:\\\/\\\/skaitytaknyga.lt\\\/produktas\\\/apie-tave-ir-tavo-zvaigzde\\\/\",\"url\":\"https:\\\/\\\/skaitytaknyga.lt\\\/produktas\\\/apie-tave-ir-tavo-zvaigzde\\\/\",\"name\":\"Apie tave ir tavo \u017evaig\u017ed\u0119\",\"isPartOf\":{\"@id\":\"https:\\\/\\\/skaitytaknyga.lt\\\/#website\"},\"primaryImageOfPage\":{\"@id\":\"https:\\\/\\\/skaitytaknyga.lt\\\/produktas\\\/apie-tave-ir-tavo-zvaigzde\\\/#primaryimage\"},\"image\":{\"@id\":\"https:\\\/\\\/skaitytaknyga.lt\\\/produktas\\\/apie-tave-ir-tavo-zvaigzde\\\/#primaryimage\"},\"thumbnailUrl\":\"https:\\\/\\\/skaitytaknyga.lt\\\/wp-content\\\/uploads\\\/2025\\\/10\\\/Apie-tave-ir-tavo-zvaigzde-1.webp\",\"datePublished\":\"2025-10-03T06:10:56+00:00\",\"dateModified\":\"2026-02-26T08:10:27+00:00\",\"description\":\"Per \u017evaig\u017edes \u2013 kit\u0173 ir sav\u0119s link. Koks esu? Kaip atrodau kitiems? Koks nor\u0117\u010diau b\u016bti? Nuo \u0161i\u0173 klausim\u0173 prasideda kelias \u012f save. Tai \u017eymios astrolog\u0117s\",\"breadcrumb\":{\"@id\":\"https:\\\/\\\/skaitytaknyga.lt\\\/produktas\\\/apie-tave-ir-tavo-zvaigzde\\\/#breadcrumb\"},\"inLanguage\":\"en-GB\",\"potentialAction\":[{\"@type\":\"ReadAction\",\"target\":[\"https:\\\/\\\/skaitytaknyga.lt\\\/produktas\\\/apie-tave-ir-tavo-zvaigzde\\\/\"]}]},{\"@type\":\"ImageObject\",\"inLanguage\":\"en-GB\",\"@id\":\"https:\\\/\\\/skaitytaknyga.lt\\\/produktas\\\/apie-tave-ir-tavo-zvaigzde\\\/#primaryimage\",\"url\":\"https:\\\/\\\/skaitytaknyga.lt\\\/wp-content\\\/uploads\\\/2025\\\/10\\\/Apie-tave-ir-tavo-zvaigzde-1.webp\",\"contentUrl\":\"https:\\\/\\\/skaitytaknyga.lt\\\/wp-content\\\/uploads\\\/2025\\\/10\\\/Apie-tave-ir-tavo-zvaigzde-1.webp\",\"width\":300,\"height\":440,\"caption\":\"Apie tave ir tavo \u017evaig\u017ed\u0119\"},{\"@type\":\"BreadcrumbList\",\"@id\":\"https:\\\/\\\/skaitytaknyga.lt\\\/produktas\\\/apie-tave-ir-tavo-zvaigzde\\\/#breadcrumb\",\"itemListElement\":[{\"@type\":\"ListItem\",\"position\":1,\"name\":\"Home\",\"item\":\"https:\\\/\\\/skaitytaknyga.lt\\\/\"},{\"@type\":\"ListItem\",\"position\":2,\"name\":\"Parduotuv\u0117\",\"item\":\"https:\\\/\\\/skaitytaknyga.lt\\\/knygu-parduotuve\\\/\"},{\"@type\":\"ListItem\",\"position\":3,\"name\":\"Apie tave ir tavo \u017evaig\u017ed\u0119\"}]},{\"@type\":\"WebSite\",\"@id\":\"https:\\\/\\\/skaitytaknyga.lt\\\/#website\",\"url\":\"https:\\\/\\\/skaitytaknyga.lt\\\/\",\"name\":\"skaitytaknyga.lt\",\"description\":\"Skaitytaknyga.lt \u2013 tai ma\u017eas \u0161eimos verslas, kuris prasid\u0117jo nuo meil\u0117s knygoms ir siekio i\u0161gelb\u0117ti knygas nuo likimo prie konteinerio. Kas vienam nereikalingas daiktas \u2013 kitam lobis, o mes esame tarpininkai, kurie padeda abiems tapti laimingesniems ???? \u017dinome kaip nelengva i\u0161gyventi ma\u017eiems verslams, tad nuo \u0161iol, \u010dia rasite ir kit\u0173, ma\u017e\u0173 \u0161eim\u0173 versl\u0173, rank\u0173 darbo, dovan\u0173 sau ir artimiesiems.\",\"publisher\":{\"@id\":\"https:\\\/\\\/skaitytaknyga.lt\\\/#organization\"},\"potentialAction\":[{\"@type\":\"SearchAction\",\"target\":{\"@type\":\"EntryPoint\",\"urlTemplate\":\"https:\\\/\\\/skaitytaknyga.lt\\\/?s={search_term_string}\"},\"query-input\":{\"@type\":\"PropertyValueSpecification\",\"valueRequired\":true,\"valueName\":\"search_term_string\"}}],\"inLanguage\":\"en-GB\"},{\"@type\":\"Organization\",\"@id\":\"https:\\\/\\\/skaitytaknyga.lt\\\/#organization\",\"name\":\"skaitytaknyga.lt\",\"url\":\"https:\\\/\\\/skaitytaknyga.lt\\\/\",\"logo\":{\"@type\":\"ImageObject\",\"inLanguage\":\"en-GB\",\"@id\":\"https:\\\/\\\/skaitytaknyga.lt\\\/#\\\/schema\\\/logo\\\/image\\\/\",\"url\":\"https:\\\/\\\/skaitytaknyga.lt\\\/wp-content\\\/uploads\\\/2024\\\/05\\\/cropped-cropped-cropped-02_00843_jt3bggkj1j3HLc7SyY6rEUpg.jpeg\",\"contentUrl\":\"https:\\\/\\\/skaitytaknyga.lt\\\/wp-content\\\/uploads\\\/2024\\\/05\\\/cropped-cropped-cropped-02_00843_jt3bggkj1j3HLc7SyY6rEUpg.jpeg\",\"width\":1600,\"height\":1600,\"caption\":\"skaitytaknyga.lt\"},\"image\":{\"@id\":\"https:\\\/\\\/skaitytaknyga.lt\\\/#\\\/schema\\\/logo\\\/image\\\/\"},\"sameAs\":[\"https:\\\/\\\/www.facebook.com\\\/skaitytaknyga\\\/\"]}]}<\/script>\n<!-- \/ Yoast SEO plugin. -->","yoast_head_json":{"title":"Apie tave ir tavo \u017evaig\u017ed\u0119","description":"Per \u017evaig\u017edes \u2013 kit\u0173 ir sav\u0119s link. Koks esu? Kaip atrodau kitiems? Koks nor\u0117\u010diau b\u016bti? Nuo \u0161i\u0173 klausim\u0173 prasideda kelias \u012f save. Tai \u017eymios astrolog\u0117s","robots":{"index":"index","follow":"follow","max-snippet":"max-snippet:-1","max-image-preview":"max-image-preview:large","max-video-preview":"max-video-preview:-1"},"canonical":"https:\/\/skaitytaknyga.lt\/en\/produktas\/apie-tave-ir-tavo-zvaigzde\/","og_locale":"en_GB","og_type":"article","og_title":"[:lt]Apie tave ir tavo \u017evaig\u017ed\u0119[:] - Skaitytaknyga","og_description":"Per \u017evaig\u017edes \u2013 kit\u0173 ir sav\u0119s link. Koks esu? Kaip atrodau kitiems? Koks nor\u0117\u010diau b\u016bti? Nuo \u0161i\u0173 klausim\u0173 prasideda kelias \u012f save. Tai \u017eymios astrolog\u0117s","og_url":"https:\/\/skaitytaknyga.lt\/en\/produktas\/apie-tave-ir-tavo-zvaigzde\/","og_site_name":"Skaitytaknyga","article_publisher":"https:\/\/www.facebook.com\/skaitytaknyga\/","article_modified_time":"2026-02-26T08:10:27+00:00","og_image":[{"width":300,"height":440,"url":"https:\/\/skaitytaknyga.lt\/wp-content\/uploads\/2025\/10\/Apie-tave-ir-tavo-zvaigzde-1.webp","type":"image\/webp"}],"twitter_card":"summary_large_image","twitter_misc":{"Estimated reading time":"2 minutes"},"schema":{"@context":"https:\/\/schema.org","@graph":[{"@type":"WebPage","@id":"https:\/\/skaitytaknyga.lt\/produktas\/apie-tave-ir-tavo-zvaigzde\/","url":"https:\/\/skaitytaknyga.lt\/produktas\/apie-tave-ir-tavo-zvaigzde\/","name":"Apie tave ir tavo \u017evaig\u017ed\u0119","isPartOf":{"@id":"https:\/\/skaitytaknyga.lt\/#website"},"primaryImageOfPage":{"@id":"https:\/\/skaitytaknyga.lt\/produktas\/apie-tave-ir-tavo-zvaigzde\/#primaryimage"},"image":{"@id":"https:\/\/skaitytaknyga.lt\/produktas\/apie-tave-ir-tavo-zvaigzde\/#primaryimage"},"thumbnailUrl":"https:\/\/skaitytaknyga.lt\/wp-content\/uploads\/2025\/10\/Apie-tave-ir-tavo-zvaigzde-1.webp","datePublished":"2025-10-03T06:10:56+00:00","dateModified":"2026-02-26T08:10:27+00:00","description":"Per \u017evaig\u017edes \u2013 kit\u0173 ir sav\u0119s link. Koks esu? Kaip atrodau kitiems? Koks nor\u0117\u010diau b\u016bti? Nuo \u0161i\u0173 klausim\u0173 prasideda kelias \u012f save. Tai \u017eymios astrolog\u0117s","breadcrumb":{"@id":"https:\/\/skaitytaknyga.lt\/produktas\/apie-tave-ir-tavo-zvaigzde\/#breadcrumb"},"inLanguage":"en-GB","potentialAction":[{"@type":"ReadAction","target":["https:\/\/skaitytaknyga.lt\/produktas\/apie-tave-ir-tavo-zvaigzde\/"]}]},{"@type":"ImageObject","inLanguage":"en-GB","@id":"https:\/\/skaitytaknyga.lt\/produktas\/apie-tave-ir-tavo-zvaigzde\/#primaryimage","url":"https:\/\/skaitytaknyga.lt\/wp-content\/uploads\/2025\/10\/Apie-tave-ir-tavo-zvaigzde-1.webp","contentUrl":"https:\/\/skaitytaknyga.lt\/wp-content\/uploads\/2025\/10\/Apie-tave-ir-tavo-zvaigzde-1.webp","width":300,"height":440,"caption":"Apie tave ir tavo \u017evaig\u017ed\u0119"},{"@type":"BreadcrumbList","@id":"https:\/\/skaitytaknyga.lt\/produktas\/apie-tave-ir-tavo-zvaigzde\/#breadcrumb","itemListElement":[{"@type":"ListItem","position":1,"name":"Home","item":"https:\/\/skaitytaknyga.lt\/"},{"@type":"ListItem","position":2,"name":"Parduotuv\u0117","item":"https:\/\/skaitytaknyga.lt\/knygu-parduotuve\/"},{"@type":"ListItem","position":3,"name":"Apie tave ir tavo \u017evaig\u017ed\u0119"}]},{"@type":"WebSite","@id":"https:\/\/skaitytaknyga.lt\/#website","url":"https:\/\/skaitytaknyga.lt\/","name":"skaitytaknyga.lt","description":"Skaitytaknyga.lt \u2013 tai ma\u017eas \u0161eimos verslas, kuris prasid\u0117jo nuo meil\u0117s knygoms ir siekio i\u0161gelb\u0117ti knygas nuo likimo prie konteinerio. Kas vienam nereikalingas daiktas \u2013 kitam lobis, o mes esame tarpininkai, kurie padeda abiems tapti laimingesniems ???? \u017dinome kaip nelengva i\u0161gyventi ma\u017eiems verslams, tad nuo \u0161iol, \u010dia rasite ir kit\u0173, ma\u017e\u0173 \u0161eim\u0173 versl\u0173, rank\u0173 darbo, dovan\u0173 sau ir artimiesiems.","publisher":{"@id":"https:\/\/skaitytaknyga.lt\/#organization"},"potentialAction":[{"@type":"SearchAction","target":{"@type":"EntryPoint","urlTemplate":"https:\/\/skaitytaknyga.lt\/?s={search_term_string}"},"query-input":{"@type":"PropertyValueSpecification","valueRequired":true,"valueName":"search_term_string"}}],"inLanguage":"en-GB"},{"@type":"Organization","@id":"https:\/\/skaitytaknyga.lt\/#organization","name":"skaitytaknyga.lt","url":"https:\/\/skaitytaknyga.lt\/","logo":{"@type":"ImageObject","inLanguage":"en-GB","@id":"https:\/\/skaitytaknyga.lt\/#\/schema\/logo\/image\/","url":"https:\/\/skaitytaknyga.lt\/wp-content\/uploads\/2024\/05\/cropped-cropped-cropped-02_00843_jt3bggkj1j3HLc7SyY6rEUpg.jpeg","contentUrl":"https:\/\/skaitytaknyga.lt\/wp-content\/uploads\/2024\/05\/cropped-cropped-cropped-02_00843_jt3bggkj1j3HLc7SyY6rEUpg.jpeg","width":1600,"height":1600,"caption":"skaitytaknyga.lt"},"image":{"@id":"https:\/\/skaitytaknyga.lt\/#\/schema\/logo\/image\/"},"sameAs":["https:\/\/www.facebook.com\/skaitytaknyga\/"]}]}},"_links":{"self":[{"href":"https:\/\/skaitytaknyga.lt\/en\/wp-json\/wp\/v2\/product\/21182","targetHints":{"allow":["GET"]}}],"collection":[{"href":"https:\/\/skaitytaknyga.lt\/en\/wp-json\/wp\/v2\/product"}],"about":[{"href":"https:\/\/skaitytaknyga.lt\/en\/wp-json\/wp\/v2\/types\/product"}],"replies":[{"embeddable":true,"href":"https:\/\/skaitytaknyga.lt\/en\/wp-json\/wp\/v2\/comments?post=21182"}],"wp:featuredmedia":[{"embeddable":true,"href":"https:\/\/skaitytaknyga.lt\/en\/wp-json\/wp\/v2\/media\/21187"}],"wp:attachment":[{"href":"https:\/\/skaitytaknyga.lt\/en\/wp-json\/wp\/v2\/media?parent=21182"}],"wp:term":[{"taxonomy":"product_brand","embeddable":true,"href":"https:\/\/skaitytaknyga.lt\/en\/wp-json\/wp\/v2\/product_brand?post=21182"},{"taxonomy":"product_cat","embeddable":true,"href":"https:\/\/skaitytaknyga.lt\/en\/wp-json\/wp\/v2\/product_cat?post=21182"},{"taxonomy":"product_tag","embeddable":true,"href":"https:\/\/skaitytaknyga.lt\/en\/wp-json\/wp\/v2\/product_tag?post=21182"}],"curies":[{"name":"wp","href":"https:\/\/api.w.org\/{rel}","templated":true}]}}