{"id":21181,"date":"2025-10-03T09:10:56","date_gmt":"2025-10-03T06:10:56","guid":{"rendered":"https:\/\/skaitytaknyga.lt\/?post_type=product&#038;p=21181"},"modified":"2026-02-09T15:48:06","modified_gmt":"2026-02-09T13:48:06","slug":"vyrai-moterys-ir-santykiai","status":"publish","type":"product","link":"https:\/\/skaitytaknyga.lt\/en\/produktas\/vyrai-moterys-ir-santykiai\/","title":{"rendered":"Vyrai, moterys ir santykiai"},"content":{"rendered":"<p>Moterys intuityviai suvokia, kad, norint ger\u0173 santyki\u0173, reikia padirb\u0117ti. Kita vertus, vyrai jau gimsta su nuostata, kad \u201edirbti reikia darbe\u201c. Eini \u012f darb\u0105, dirbi, o kai gr\u012f\u017eti namo \u2013 ilsiesi. John Gray<\/p>\n<p>\u2022 Su\u017einokite, kod\u0117l mes, vyrai ir moterys, esame tokie skirtingi.<br \/>\n\u2022 Supraskite save, savo tikruosius jausmus ir siekius.<br \/>\n\u2022 I\u0161mokite nuo\u0161ird\u017eiai i\u0161klausyti ir i\u0161girsti savo partner\u012f.<br \/>\n\u2022 Prisitaikykite prie savo antrosios pus\u0117s b\u016bdo bruo\u017e\u0173 ir i\u0161venkite nesusipratim\u0173 bei \u012ftampos santykiuose.<br \/>\n\u2022 Atsisakykite i\u0161ankstini\u0173 nuostat\u0173 ir \u017eenkite darni\u0173 santyki\u0173 link.<\/p>\n<p> turime prisiminti, kad ne\u012fmanoma pasikeisti pernakt. Kai \u017emon\u0117s klysta, jiems reikalinga dar viena proga, o ypa\u010d, kai problemos susijusios su skirtumais tarp ly\u010di\u0173. John Gray<\/p>\n<p>D\u017dONAS GR\u0116JUS (JOHN GRAY) \u2013 filosofijos moksl\u0173 daktaras, psichologas, bestselerio Vyrai kil\u0119 i\u0161 Marso, moterys \u2013 i\u0161 Veneros autorius \u0161ioje knygoje pataria, kaip suprasti savo antr\u0105j\u0105 pus\u0119, prisitaikyti vienam prie kito skirtum\u0173, i\u0161vengti bendravimo sunkum\u0173 ir pasitik\u0117ti vienas kitu.<\/p>\n","protected":false},"excerpt":{"rendered":"<p>Moterys intuityviai suvokia, kad, norint ger\u0173 santyki\u0173, reikia padirb\u0117ti. Kita vertus, vyrai jau gimsta su nuostata, kad \u201edirbti reikia darbe\u201c. Eini \u012f darb\u0105, dirbi, o kai gr\u012f\u017eti namo \u2013 ilsiesi. John Gray \u2022 Su\u017einokite, kod\u0117l mes, vyrai ir moterys, esame tokie skirtingi. \u2022 Supraskite save, savo tikruosius jausmus ir siekius. \u2022 I\u0161mokite nuo\u0161ird\u017eiai i\u0161klausyti ir i\u0161girsti savo partner\u012f. \u2022 Prisitaikykite prie savo antrosios pus\u0117s b\u016bdo bruo\u017e\u0173 ir i\u0161venkite nesusipratim\u0173 bei \u012ftampos santykiuose. \u2022 Atsisakykite i\u0161ankstini\u0173 nuostat\u0173 ir \u017eenkite darni\u0173 santyki\u0173 link. turime prisiminti, kad ne\u012fmanoma pasikeisti pernakt. Kai \u017emon\u0117s klysta, jiems reikalinga dar viena proga, o ypa\u010d, kai problemos susijusios su skirtumais tarp ly\u010di\u0173. John Gray D\u017dONAS GR\u0116JUS (JOHN GRAY) \u2013 filosofijos moksl\u0173 daktaras, psichologas, bestselerio Vyrai kil\u0119 i\u0161 Marso, moterys \u2013 i\u0161 Veneros autorius \u0161ioje knygoje pataria, kaip suprasti savo antr\u0105j\u0105 pus\u0119, prisitaikyti vienam prie kito skirtum\u0173, i\u0161vengti bendravimo sunkum\u0173 ir pasitik\u0117ti vienas kitu.<\/p>\n","protected":false},"featured_media":21186,"comment_status":"open","ping_status":"closed","template":"","meta":{"_acf_changed":false,"site-sidebar-layout":"default","site-content-layout":"","ast-site-content-layout":"default","site-content-style":"default","site-sidebar-style":"default","ast-global-header-display":"","ast-banner-title-visibility":"","ast-main-header-display":"","ast-hfb-above-header-display":"","ast-hfb-below-header-display":"","ast-hfb-mobile-header-display":"","site-post-title":"","ast-breadcrumbs-content":"","ast-featured-img":"","footer-sml-layout":"","ast-disable-related-posts":"","theme-transparent-header-meta":"","adv-header-id-meta":"","stick-header-meta":"","header-above-stick-meta":"","header-main-stick-meta":"","header-below-stick-meta":"","astra-migrate-meta-layouts":"default","ast-page-background-enabled":"default","ast-page-background-meta":{"desktop":{"background-color":"","background-image":"","background-repeat":"repeat","background-position":"center center","background-size":"auto","background-attachment":"scroll","background-type":"","background-media":"","overlay-type":"","overlay-color":"","overlay-opacity":"","overlay-gradient":""},"tablet":{"background-color":"","background-image":"","background-repeat":"repeat","background-position":"center center","background-size":"auto","background-attachment":"scroll","background-type":"","background-media":"","overlay-type":"","overlay-color":"","overlay-opacity":"","overlay-gradient":""},"mobile":{"background-color":"","background-image":"","background-repeat":"repeat","background-position":"center center","background-size":"auto","background-attachment":"scroll","background-type":"","background-media":"","overlay-type":"","overlay-color":"","overlay-opacity":"","overlay-gradient":""}},"ast-content-background-meta":{"desktop":{"background-color":"var(--ast-global-color-4)","background-image":"","background-repeat":"repeat","background-position":"center center","background-size":"auto","background-attachment":"scroll","background-type":"","background-media":"","overlay-type":"","overlay-color":"","overlay-opacity":"","overlay-gradient":""},"tablet":{"background-color":"var(--ast-global-color-4)","background-image":"","background-repeat":"repeat","background-position":"center center","background-size":"auto","background-attachment":"scroll","background-type":"","background-media":"","overlay-type":"","overlay-color":"","overlay-opacity":"","overlay-gradient":""},"mobile":{"background-color":"var(--ast-global-color-4)","background-image":"","background-repeat":"repeat","background-position":"center center","background-size":"auto","background-attachment":"scroll","background-type":"","background-media":"","overlay-type":"","overlay-color":"","overlay-opacity":"","overlay-gradient":""}}},"product_brand":[],"product_cat":[30],"product_tag":[8386,1561,1796,1392,1417,2027,1646,8387],"class_list":{"0":"post-21181","1":"product","2":"type-product","3":"status-publish","4":"has-post-thumbnail","6":"product_cat-psichologija-ir-saviugda","7":"product_tag-john-gray","8":"product_tag-komunikacija","9":"product_tag-meile","10":"product_tag-psichologija","11":"product_tag-santykiai","12":"product_tag-savipagalba","13":"product_tag-seima","14":"product_tag-vyrai-ir-moterys","15":"desktop-align-left","16":"tablet-align-left","17":"mobile-align-left","19":"first","20":"instock","21":"shipping-taxable","22":"purchasable","23":"product-type-simple"},"acf":[],"yoast_head":"<!-- This site is optimized with the Yoast SEO plugin v27.0 - https:\/\/yoast.com\/product\/yoast-seo-wordpress\/ -->\n<title>Vyrai, moterys ir santykiai<\/title>\n<meta name=\"description\" content=\"Moterys intuityviai suvokia, kad, norint ger\u0173 santyki\u0173, reikia padirb\u0117ti. Kita vertus, vyrai jau gimsta su nuostata, kad \u201edirbti reikia darbe\u201c. Eini \u012f\" \/>\n<meta name=\"robots\" content=\"index, follow, max-snippet:-1, max-image-preview:large, max-video-preview:-1\" \/>\n<link rel=\"canonical\" href=\"https:\/\/skaitytaknyga.lt\/en\/produktas\/vyrai-moterys-ir-santykiai\/\" \/>\n<meta property=\"og:locale\" content=\"en_GB\" \/>\n<meta property=\"og:locale:alternate\" content=\"lt_LT\" \/>\n<meta property=\"og:type\" content=\"article\" \/>\n<meta property=\"og:title\" content=\"Vyrai, moterys ir santykiai\" \/>\n<meta property=\"og:description\" content=\"Moterys intuityviai suvokia, kad, norint ger\u0173 santyki\u0173, reikia padirb\u0117ti. Kita vertus, vyrai jau gimsta su nuostata, kad \u201edirbti reikia darbe\u201c. Eini \u012f\" \/>\n<meta property=\"og:url\" content=\"https:\/\/skaitytaknyga.lt\/en\/produktas\/vyrai-moterys-ir-santykiai\/\" \/>\n<meta property=\"og:site_name\" content=\"Skaitytaknyga\" \/>\n<meta property=\"article:publisher\" content=\"https:\/\/www.facebook.com\/skaitytaknyga\/\" \/>\n<meta property=\"article:modified_time\" content=\"2026-02-09T13:48:06+00:00\" \/>\n<meta property=\"og:image\" content=\"https:\/\/skaitytaknyga.lt\/wp-content\/uploads\/2025\/10\/Vyrai-moterys-ir-santykiai-1.webp\" \/>\n\t<meta property=\"og:image:width\" content=\"300\" \/>\n\t<meta property=\"og:image:height\" content=\"447\" \/>\n\t<meta property=\"og:image:type\" content=\"image\/webp\" \/>\n<meta name=\"twitter:card\" content=\"summary_large_image\" \/>\n<meta name=\"twitter:label1\" content=\"Estimated reading time\" \/>\n\t<meta name=\"twitter:data1\" content=\"1 minute\" \/>\n<script type=\"application\/ld+json\" class=\"yoast-schema-graph\">{\"@context\":\"https:\/\/schema.org\",\"@graph\":[{\"@type\":\"WebPage\",\"@id\":\"https:\/\/skaitytaknyga.lt\/produktas\/vyrai-moterys-ir-santykiai\/\",\"url\":\"https:\/\/skaitytaknyga.lt\/produktas\/vyrai-moterys-ir-santykiai\/\",\"name\":\"Vyrai, moterys ir santykiai\",\"isPartOf\":{\"@id\":\"https:\/\/skaitytaknyga.lt\/#website\"},\"primaryImageOfPage\":{\"@id\":\"https:\/\/skaitytaknyga.lt\/produktas\/vyrai-moterys-ir-santykiai\/#primaryimage\"},\"image\":{\"@id\":\"https:\/\/skaitytaknyga.lt\/produktas\/vyrai-moterys-ir-santykiai\/#primaryimage\"},\"thumbnailUrl\":\"https:\/\/skaitytaknyga.lt\/wp-content\/uploads\/2025\/10\/Vyrai-moterys-ir-santykiai-1.webp\",\"datePublished\":\"2025-10-03T06:10:56+00:00\",\"dateModified\":\"2026-02-09T13:48:06+00:00\",\"description\":\"Moterys intuityviai suvokia, kad, norint ger\u0173 santyki\u0173, reikia padirb\u0117ti. Kita vertus, vyrai jau gimsta su nuostata, kad \u201edirbti reikia darbe\u201c. Eini \u012f\",\"breadcrumb\":{\"@id\":\"https:\/\/skaitytaknyga.lt\/produktas\/vyrai-moterys-ir-santykiai\/#breadcrumb\"},\"inLanguage\":\"en-GB\",\"potentialAction\":[{\"@type\":\"ReadAction\",\"target\":[\"https:\/\/skaitytaknyga.lt\/produktas\/vyrai-moterys-ir-santykiai\/\"]}]},{\"@type\":\"ImageObject\",\"inLanguage\":\"en-GB\",\"@id\":\"https:\/\/skaitytaknyga.lt\/produktas\/vyrai-moterys-ir-santykiai\/#primaryimage\",\"url\":\"https:\/\/skaitytaknyga.lt\/wp-content\/uploads\/2025\/10\/Vyrai-moterys-ir-santykiai-1.webp\",\"contentUrl\":\"https:\/\/skaitytaknyga.lt\/wp-content\/uploads\/2025\/10\/Vyrai-moterys-ir-santykiai-1.webp\",\"width\":300,\"height\":447,\"caption\":\"Vyrai, moterys ir santykiai\"},{\"@type\":\"BreadcrumbList\",\"@id\":\"https:\/\/skaitytaknyga.lt\/produktas\/vyrai-moterys-ir-santykiai\/#breadcrumb\",\"itemListElement\":[{\"@type\":\"ListItem\",\"position\":1,\"name\":\"Home\",\"item\":\"https:\/\/skaitytaknyga.lt\/\"},{\"@type\":\"ListItem\",\"position\":2,\"name\":\"Parduotuv\u0117\",\"item\":\"https:\/\/skaitytaknyga.lt\/knygu-parduotuve\/\"},{\"@type\":\"ListItem\",\"position\":3,\"name\":\"Vyrai, moterys ir santykiai\"}]},{\"@type\":\"WebSite\",\"@id\":\"https:\/\/skaitytaknyga.lt\/#website\",\"url\":\"https:\/\/skaitytaknyga.lt\/\",\"name\":\"skaitytaknyga.lt\",\"description\":\"Skaitytaknyga.lt \u2013 tai ma\u017eas \u0161eimos verslas, kuris prasid\u0117jo nuo meil\u0117s knygoms ir siekio i\u0161gelb\u0117ti knygas nuo likimo prie konteinerio. Kas vienam nereikalingas daiktas \u2013 kitam lobis, o mes esame tarpininkai, kurie padeda abiems tapti laimingesniems ???? \u017dinome kaip nelengva i\u0161gyventi ma\u017eiems verslams, tad nuo \u0161iol, \u010dia rasite ir kit\u0173, ma\u017e\u0173 \u0161eim\u0173 versl\u0173, rank\u0173 darbo, dovan\u0173 sau ir artimiesiems.\",\"publisher\":{\"@id\":\"https:\/\/skaitytaknyga.lt\/#organization\"},\"potentialAction\":[{\"@type\":\"SearchAction\",\"target\":{\"@type\":\"EntryPoint\",\"urlTemplate\":\"https:\/\/skaitytaknyga.lt\/?s={search_term_string}\"},\"query-input\":{\"@type\":\"PropertyValueSpecification\",\"valueRequired\":true,\"valueName\":\"search_term_string\"}}],\"inLanguage\":\"en-GB\"},{\"@type\":\"Organization\",\"@id\":\"https:\/\/skaitytaknyga.lt\/#organization\",\"name\":\"skaitytaknyga.lt\",\"url\":\"https:\/\/skaitytaknyga.lt\/\",\"logo\":{\"@type\":\"ImageObject\",\"inLanguage\":\"en-GB\",\"@id\":\"https:\/\/skaitytaknyga.lt\/#\/schema\/logo\/image\/\",\"url\":\"https:\/\/skaitytaknyga.lt\/wp-content\/uploads\/2024\/05\/cropped-cropped-cropped-02_00843_jt3bggkj1j3HLc7SyY6rEUpg.jpeg\",\"contentUrl\":\"https:\/\/skaitytaknyga.lt\/wp-content\/uploads\/2024\/05\/cropped-cropped-cropped-02_00843_jt3bggkj1j3HLc7SyY6rEUpg.jpeg\",\"width\":1600,\"height\":1600,\"caption\":\"skaitytaknyga.lt\"},\"image\":{\"@id\":\"https:\/\/skaitytaknyga.lt\/#\/schema\/logo\/image\/\"},\"sameAs\":[\"https:\/\/www.facebook.com\/skaitytaknyga\/\"]}]}<\/script>\n<!-- \/ Yoast SEO plugin. -->","yoast_head_json":{"title":"Vyrai, moterys ir santykiai","description":"Moterys intuityviai suvokia, kad, norint ger\u0173 santyki\u0173, reikia padirb\u0117ti. Kita vertus, vyrai jau gimsta su nuostata, kad \u201edirbti reikia darbe\u201c. Eini \u012f","robots":{"index":"index","follow":"follow","max-snippet":"max-snippet:-1","max-image-preview":"max-image-preview:large","max-video-preview":"max-video-preview:-1"},"canonical":"https:\/\/skaitytaknyga.lt\/en\/produktas\/vyrai-moterys-ir-santykiai\/","og_locale":"en_GB","og_type":"article","og_title":"[:lt]Vyrai, moterys ir santykiai[:] - Skaitytaknyga","og_description":"Moterys intuityviai suvokia, kad, norint ger\u0173 santyki\u0173, reikia padirb\u0117ti. Kita vertus, vyrai jau gimsta su nuostata, kad \u201edirbti reikia darbe\u201c. Eini \u012f","og_url":"https:\/\/skaitytaknyga.lt\/en\/produktas\/vyrai-moterys-ir-santykiai\/","og_site_name":"Skaitytaknyga","article_publisher":"https:\/\/www.facebook.com\/skaitytaknyga\/","article_modified_time":"2026-02-09T13:48:06+00:00","og_image":[{"width":300,"height":447,"url":"https:\/\/skaitytaknyga.lt\/wp-content\/uploads\/2025\/10\/Vyrai-moterys-ir-santykiai-1.webp","type":"image\/webp"}],"twitter_card":"summary_large_image","twitter_misc":{"Estimated reading time":"1 minute"},"schema":{"@context":"https:\/\/schema.org","@graph":[{"@type":"WebPage","@id":"https:\/\/skaitytaknyga.lt\/produktas\/vyrai-moterys-ir-santykiai\/","url":"https:\/\/skaitytaknyga.lt\/produktas\/vyrai-moterys-ir-santykiai\/","name":"Vyrai, moterys ir santykiai","isPartOf":{"@id":"https:\/\/skaitytaknyga.lt\/#website"},"primaryImageOfPage":{"@id":"https:\/\/skaitytaknyga.lt\/produktas\/vyrai-moterys-ir-santykiai\/#primaryimage"},"image":{"@id":"https:\/\/skaitytaknyga.lt\/produktas\/vyrai-moterys-ir-santykiai\/#primaryimage"},"thumbnailUrl":"https:\/\/skaitytaknyga.lt\/wp-content\/uploads\/2025\/10\/Vyrai-moterys-ir-santykiai-1.webp","datePublished":"2025-10-03T06:10:56+00:00","dateModified":"2026-02-09T13:48:06+00:00","description":"Moterys intuityviai suvokia, kad, norint ger\u0173 santyki\u0173, reikia padirb\u0117ti. Kita vertus, vyrai jau gimsta su nuostata, kad \u201edirbti reikia darbe\u201c. Eini \u012f","breadcrumb":{"@id":"https:\/\/skaitytaknyga.lt\/produktas\/vyrai-moterys-ir-santykiai\/#breadcrumb"},"inLanguage":"en-GB","potentialAction":[{"@type":"ReadAction","target":["https:\/\/skaitytaknyga.lt\/produktas\/vyrai-moterys-ir-santykiai\/"]}]},{"@type":"ImageObject","inLanguage":"en-GB","@id":"https:\/\/skaitytaknyga.lt\/produktas\/vyrai-moterys-ir-santykiai\/#primaryimage","url":"https:\/\/skaitytaknyga.lt\/wp-content\/uploads\/2025\/10\/Vyrai-moterys-ir-santykiai-1.webp","contentUrl":"https:\/\/skaitytaknyga.lt\/wp-content\/uploads\/2025\/10\/Vyrai-moterys-ir-santykiai-1.webp","width":300,"height":447,"caption":"Vyrai, moterys ir santykiai"},{"@type":"BreadcrumbList","@id":"https:\/\/skaitytaknyga.lt\/produktas\/vyrai-moterys-ir-santykiai\/#breadcrumb","itemListElement":[{"@type":"ListItem","position":1,"name":"Home","item":"https:\/\/skaitytaknyga.lt\/"},{"@type":"ListItem","position":2,"name":"Parduotuv\u0117","item":"https:\/\/skaitytaknyga.lt\/knygu-parduotuve\/"},{"@type":"ListItem","position":3,"name":"Vyrai, moterys ir santykiai"}]},{"@type":"WebSite","@id":"https:\/\/skaitytaknyga.lt\/#website","url":"https:\/\/skaitytaknyga.lt\/","name":"skaitytaknyga.lt","description":"Skaitytaknyga.lt \u2013 tai ma\u017eas \u0161eimos verslas, kuris prasid\u0117jo nuo meil\u0117s knygoms ir siekio i\u0161gelb\u0117ti knygas nuo likimo prie konteinerio. Kas vienam nereikalingas daiktas \u2013 kitam lobis, o mes esame tarpininkai, kurie padeda abiems tapti laimingesniems ???? \u017dinome kaip nelengva i\u0161gyventi ma\u017eiems verslams, tad nuo \u0161iol, \u010dia rasite ir kit\u0173, ma\u017e\u0173 \u0161eim\u0173 versl\u0173, rank\u0173 darbo, dovan\u0173 sau ir artimiesiems.","publisher":{"@id":"https:\/\/skaitytaknyga.lt\/#organization"},"potentialAction":[{"@type":"SearchAction","target":{"@type":"EntryPoint","urlTemplate":"https:\/\/skaitytaknyga.lt\/?s={search_term_string}"},"query-input":{"@type":"PropertyValueSpecification","valueRequired":true,"valueName":"search_term_string"}}],"inLanguage":"en-GB"},{"@type":"Organization","@id":"https:\/\/skaitytaknyga.lt\/#organization","name":"skaitytaknyga.lt","url":"https:\/\/skaitytaknyga.lt\/","logo":{"@type":"ImageObject","inLanguage":"en-GB","@id":"https:\/\/skaitytaknyga.lt\/#\/schema\/logo\/image\/","url":"https:\/\/skaitytaknyga.lt\/wp-content\/uploads\/2024\/05\/cropped-cropped-cropped-02_00843_jt3bggkj1j3HLc7SyY6rEUpg.jpeg","contentUrl":"https:\/\/skaitytaknyga.lt\/wp-content\/uploads\/2024\/05\/cropped-cropped-cropped-02_00843_jt3bggkj1j3HLc7SyY6rEUpg.jpeg","width":1600,"height":1600,"caption":"skaitytaknyga.lt"},"image":{"@id":"https:\/\/skaitytaknyga.lt\/#\/schema\/logo\/image\/"},"sameAs":["https:\/\/www.facebook.com\/skaitytaknyga\/"]}]}},"_links":{"self":[{"href":"https:\/\/skaitytaknyga.lt\/en\/wp-json\/wp\/v2\/product\/21181","targetHints":{"allow":["GET"]}}],"collection":[{"href":"https:\/\/skaitytaknyga.lt\/en\/wp-json\/wp\/v2\/product"}],"about":[{"href":"https:\/\/skaitytaknyga.lt\/en\/wp-json\/wp\/v2\/types\/product"}],"replies":[{"embeddable":true,"href":"https:\/\/skaitytaknyga.lt\/en\/wp-json\/wp\/v2\/comments?post=21181"}],"wp:featuredmedia":[{"embeddable":true,"href":"https:\/\/skaitytaknyga.lt\/en\/wp-json\/wp\/v2\/media\/21186"}],"wp:attachment":[{"href":"https:\/\/skaitytaknyga.lt\/en\/wp-json\/wp\/v2\/media?parent=21181"}],"wp:term":[{"taxonomy":"product_brand","embeddable":true,"href":"https:\/\/skaitytaknyga.lt\/en\/wp-json\/wp\/v2\/product_brand?post=21181"},{"taxonomy":"product_cat","embeddable":true,"href":"https:\/\/skaitytaknyga.lt\/en\/wp-json\/wp\/v2\/product_cat?post=21181"},{"taxonomy":"product_tag","embeddable":true,"href":"https:\/\/skaitytaknyga.lt\/en\/wp-json\/wp\/v2\/product_tag?post=21181"}],"curies":[{"name":"wp","href":"https:\/\/api.w.org\/{rel}","templated":true}]}}