{"id":21180,"date":"2025-10-03T09:10:56","date_gmt":"2025-10-03T06:10:56","guid":{"rendered":"https:\/\/skaitytaknyga.lt\/?post_type=product&#038;p=21180"},"modified":"2026-03-10T21:40:34","modified_gmt":"2026-03-10T19:40:34","slug":"psichoterapeutas","status":"publish","type":"product","link":"https:\/\/skaitytaknyga.lt\/en\/produktas\/psichoterapeutas\/","title":{"rendered":"Psichoterapeutas"},"content":{"rendered":"<p>Alisai ir Leo \u012fsikraus\u010dius \u012f k\u0105 tik renovuot\u0105 nam\u0105 Rate, \u2013 u\u017edarame neeilini\u0173 gyventoj\u0173 rajone, \u2013 galima pamanyti, kad visos poros svajon\u0117s pagaliau i\u0161sipild\u0117. Vis d\u0117lto i\u0161orinis \u012fsp\u016bdis \u2013 apgaulingas&#8230;<\/p>\n<p>Susipa\u017einusi su naujaisiais kaimynais, Alisa apie savo naujuosius namus su\u017eino siaubing\u0105 paslapt\u012f ir pajunta stipr\u0173 emocin\u012f ry\u0161\u012f su anks\u010diau \u010dia gyvenusia Nina.<\/p>\n<p>Pama\u017eu Alisa vis labiau \u012fninka \u012f dvej\u0173 met\u0173 senumo \u012fvykius. Ji po gabal\u0117l\u012f m\u0117gina sunarstyti tikr\u0105j\u012f nesenos praeities vaizd\u0105. Ta\u010diau niekas nelink\u0119s apie tai atvirauti. Kaimynai stengiasi \u017e\u016btb\u016bt i\u0161saugoti paslaptis. Visgi ima ai\u0161k\u0117ti, kad viskas \u010dia toli gra\u017eu ne taip tobula, kaip atrod\u0117 i\u0161 pirmo \u017evilgsnio.<\/p>\n","protected":false},"excerpt":{"rendered":"<p>Alisai ir Leo \u012fsikraus\u010dius \u012f k\u0105 tik renovuot\u0105 nam\u0105 Rate, \u2013 u\u017edarame neeilini\u0173 gyventoj\u0173 rajone, \u2013 galima pamanyti, kad visos poros svajon\u0117s pagaliau i\u0161sipild\u0117. Vis d\u0117lto i\u0161orinis \u012fsp\u016bdis \u2013 apgaulingas&#8230; Susipa\u017einusi su naujaisiais kaimynais, Alisa apie savo naujuosius namus su\u017eino siaubing\u0105 paslapt\u012f ir pajunta stipr\u0173 emocin\u012f ry\u0161\u012f su anks\u010diau \u010dia gyvenusia Nina. Pama\u017eu Alisa vis labiau \u012fninka \u012f dvej\u0173 met\u0173 senumo \u012fvykius. Ji po gabal\u0117l\u012f m\u0117gina sunarstyti tikr\u0105j\u012f nesenos praeities vaizd\u0105. Ta\u010diau niekas nelink\u0119s apie tai atvirauti. Kaimynai stengiasi \u017e\u016btb\u016bt i\u0161saugoti paslaptis. Visgi ima ai\u0161k\u0117ti, kad viskas \u010dia toli gra\u017eu ne taip tobula, kaip atrod\u0117 i\u0161 pirmo \u017evilgsnio.<\/p>\n","protected":false},"featured_media":21185,"comment_status":"open","ping_status":"closed","template":"","meta":{"_acf_changed":false,"site-sidebar-layout":"default","site-content-layout":"","ast-site-content-layout":"default","site-content-style":"default","site-sidebar-style":"default","ast-global-header-display":"","ast-banner-title-visibility":"","ast-main-header-display":"","ast-hfb-above-header-display":"","ast-hfb-below-header-display":"","ast-hfb-mobile-header-display":"","site-post-title":"","ast-breadcrumbs-content":"","ast-featured-img":"","footer-sml-layout":"","ast-disable-related-posts":"","theme-transparent-header-meta":"","adv-header-id-meta":"","stick-header-meta":"","header-above-stick-meta":"","header-main-stick-meta":"","header-below-stick-meta":"","astra-migrate-meta-layouts":"default","ast-page-background-enabled":"default","ast-page-background-meta":{"desktop":{"background-color":"","background-image":"","background-repeat":"repeat","background-position":"center center","background-size":"auto","background-attachment":"scroll","background-type":"","background-media":"","overlay-type":"","overlay-color":"","overlay-opacity":"","overlay-gradient":""},"tablet":{"background-color":"","background-image":"","background-repeat":"repeat","background-position":"center center","background-size":"auto","background-attachment":"scroll","background-type":"","background-media":"","overlay-type":"","overlay-color":"","overlay-opacity":"","overlay-gradient":""},"mobile":{"background-color":"","background-image":"","background-repeat":"repeat","background-position":"center center","background-size":"auto","background-attachment":"scroll","background-type":"","background-media":"","overlay-type":"","overlay-color":"","overlay-opacity":"","overlay-gradient":""}},"ast-content-background-meta":{"desktop":{"background-color":"var(--ast-global-color-4)","background-image":"","background-repeat":"repeat","background-position":"center center","background-size":"auto","background-attachment":"scroll","background-type":"","background-media":"","overlay-type":"","overlay-color":"","overlay-opacity":"","overlay-gradient":""},"tablet":{"background-color":"var(--ast-global-color-4)","background-image":"","background-repeat":"repeat","background-position":"center center","background-size":"auto","background-attachment":"scroll","background-type":"","background-media":"","overlay-type":"","overlay-color":"","overlay-opacity":"","overlay-gradient":""},"mobile":{"background-color":"var(--ast-global-color-4)","background-image":"","background-repeat":"repeat","background-position":"center center","background-size":"auto","background-attachment":"scroll","background-type":"","background-media":"","overlay-type":"","overlay-color":"","overlay-opacity":"","overlay-gradient":""}}},"product_brand":[],"product_cat":[9580],"product_tag":[1525,2632,8384,8385,1478,2155,2745,1417],"class_list":{"0":"post-21180","1":"product","2":"type-product","3":"status-publish","4":"has-post-thumbnail","6":"product_cat-psichologiniai-detektyvai","7":"product_tag-emocijos","8":"product_tag-intrigos","9":"product_tag-kaimynai","10":"product_tag-namas","11":"product_tag-paslaptys","12":"product_tag-psichologinis-trileris","13":"product_tag-santuoka","14":"product_tag-santykiai","15":"desktop-align-left","16":"tablet-align-left","17":"mobile-align-left","19":"first","20":"instock","21":"shipping-taxable","22":"purchasable","23":"product-type-simple"},"acf":[],"yoast_head":"<!-- This site is optimized with the Yoast SEO plugin v27.0 - https:\/\/yoast.com\/product\/yoast-seo-wordpress\/ -->\n<title>Psichoterapeutas<\/title>\n<meta name=\"description\" content=\"Alisai ir Leo \u012fsikraus\u010dius \u012f k\u0105 tik renovuot\u0105 nam\u0105 Rate, \u2013 u\u017edarame neeilini\u0173 gyventoj\u0173 rajone, \u2013 galima pamanyti, kad visos poros svajon\u0117s pagaliau\" \/>\n<meta name=\"robots\" content=\"index, follow, max-snippet:-1, max-image-preview:large, max-video-preview:-1\" \/>\n<link rel=\"canonical\" href=\"https:\/\/skaitytaknyga.lt\/en\/produktas\/psichoterapeutas\/\" \/>\n<meta property=\"og:locale\" content=\"en_GB\" \/>\n<meta property=\"og:locale:alternate\" content=\"lt_LT\" \/>\n<meta property=\"og:type\" content=\"article\" \/>\n<meta property=\"og:title\" content=\"Psichoterapeutas\" \/>\n<meta property=\"og:description\" content=\"Alisai ir Leo \u012fsikraus\u010dius \u012f k\u0105 tik renovuot\u0105 nam\u0105 Rate, \u2013 u\u017edarame neeilini\u0173 gyventoj\u0173 rajone, \u2013 galima pamanyti, kad visos poros svajon\u0117s pagaliau\" \/>\n<meta property=\"og:url\" content=\"https:\/\/skaitytaknyga.lt\/en\/produktas\/psichoterapeutas\/\" \/>\n<meta property=\"og:site_name\" content=\"Skaitytaknyga\" \/>\n<meta property=\"article:publisher\" content=\"https:\/\/www.facebook.com\/skaitytaknyga\/\" \/>\n<meta property=\"article:modified_time\" content=\"2026-03-10T19:40:34+00:00\" \/>\n<meta property=\"og:image\" content=\"https:\/\/skaitytaknyga.lt\/wp-content\/uploads\/2025\/10\/Psichoterapeutas-1.webp\" \/>\n\t<meta property=\"og:image:width\" content=\"300\" \/>\n\t<meta property=\"og:image:height\" content=\"451\" \/>\n\t<meta property=\"og:image:type\" content=\"image\/webp\" \/>\n<meta name=\"twitter:card\" content=\"summary_large_image\" \/>\n<meta name=\"twitter:label1\" content=\"Estimated reading time\" \/>\n\t<meta name=\"twitter:data1\" content=\"1 minute\" \/>\n<script type=\"application\/ld+json\" class=\"yoast-schema-graph\">{\"@context\":\"https:\/\/schema.org\",\"@graph\":[{\"@type\":\"WebPage\",\"@id\":\"https:\/\/skaitytaknyga.lt\/produktas\/psichoterapeutas\/\",\"url\":\"https:\/\/skaitytaknyga.lt\/produktas\/psichoterapeutas\/\",\"name\":\"Psichoterapeutas\",\"isPartOf\":{\"@id\":\"https:\/\/skaitytaknyga.lt\/#website\"},\"primaryImageOfPage\":{\"@id\":\"https:\/\/skaitytaknyga.lt\/produktas\/psichoterapeutas\/#primaryimage\"},\"image\":{\"@id\":\"https:\/\/skaitytaknyga.lt\/produktas\/psichoterapeutas\/#primaryimage\"},\"thumbnailUrl\":\"https:\/\/skaitytaknyga.lt\/wp-content\/uploads\/2025\/10\/Psichoterapeutas-1.webp\",\"datePublished\":\"2025-10-03T06:10:56+00:00\",\"dateModified\":\"2026-03-10T19:40:34+00:00\",\"description\":\"Alisai ir Leo \u012fsikraus\u010dius \u012f k\u0105 tik renovuot\u0105 nam\u0105 Rate, \u2013 u\u017edarame neeilini\u0173 gyventoj\u0173 rajone, \u2013 galima pamanyti, kad visos poros svajon\u0117s pagaliau\",\"breadcrumb\":{\"@id\":\"https:\/\/skaitytaknyga.lt\/produktas\/psichoterapeutas\/#breadcrumb\"},\"inLanguage\":\"en-GB\",\"potentialAction\":[{\"@type\":\"ReadAction\",\"target\":[\"https:\/\/skaitytaknyga.lt\/produktas\/psichoterapeutas\/\"]}]},{\"@type\":\"ImageObject\",\"inLanguage\":\"en-GB\",\"@id\":\"https:\/\/skaitytaknyga.lt\/produktas\/psichoterapeutas\/#primaryimage\",\"url\":\"https:\/\/skaitytaknyga.lt\/wp-content\/uploads\/2025\/10\/Psichoterapeutas-1.webp\",\"contentUrl\":\"https:\/\/skaitytaknyga.lt\/wp-content\/uploads\/2025\/10\/Psichoterapeutas-1.webp\",\"width\":300,\"height\":451,\"caption\":\"Psichoterapeutas\"},{\"@type\":\"BreadcrumbList\",\"@id\":\"https:\/\/skaitytaknyga.lt\/produktas\/psichoterapeutas\/#breadcrumb\",\"itemListElement\":[{\"@type\":\"ListItem\",\"position\":1,\"name\":\"Home\",\"item\":\"https:\/\/skaitytaknyga.lt\/\"},{\"@type\":\"ListItem\",\"position\":2,\"name\":\"Parduotuv\u0117\",\"item\":\"https:\/\/skaitytaknyga.lt\/knygu-parduotuve\/\"},{\"@type\":\"ListItem\",\"position\":3,\"name\":\"Psichoterapeutas\"}]},{\"@type\":\"WebSite\",\"@id\":\"https:\/\/skaitytaknyga.lt\/#website\",\"url\":\"https:\/\/skaitytaknyga.lt\/\",\"name\":\"skaitytaknyga.lt\",\"description\":\"Skaitytaknyga.lt \u2013 tai ma\u017eas \u0161eimos verslas, kuris prasid\u0117jo nuo meil\u0117s knygoms ir siekio i\u0161gelb\u0117ti knygas nuo likimo prie konteinerio. Kas vienam nereikalingas daiktas \u2013 kitam lobis, o mes esame tarpininkai, kurie padeda abiems tapti laimingesniems ???? \u017dinome kaip nelengva i\u0161gyventi ma\u017eiems verslams, tad nuo \u0161iol, \u010dia rasite ir kit\u0173, ma\u017e\u0173 \u0161eim\u0173 versl\u0173, rank\u0173 darbo, dovan\u0173 sau ir artimiesiems.\",\"publisher\":{\"@id\":\"https:\/\/skaitytaknyga.lt\/#organization\"},\"potentialAction\":[{\"@type\":\"SearchAction\",\"target\":{\"@type\":\"EntryPoint\",\"urlTemplate\":\"https:\/\/skaitytaknyga.lt\/?s={search_term_string}\"},\"query-input\":{\"@type\":\"PropertyValueSpecification\",\"valueRequired\":true,\"valueName\":\"search_term_string\"}}],\"inLanguage\":\"en-GB\"},{\"@type\":\"Organization\",\"@id\":\"https:\/\/skaitytaknyga.lt\/#organization\",\"name\":\"skaitytaknyga.lt\",\"url\":\"https:\/\/skaitytaknyga.lt\/\",\"logo\":{\"@type\":\"ImageObject\",\"inLanguage\":\"en-GB\",\"@id\":\"https:\/\/skaitytaknyga.lt\/#\/schema\/logo\/image\/\",\"url\":\"https:\/\/skaitytaknyga.lt\/wp-content\/uploads\/2024\/05\/cropped-cropped-cropped-02_00843_jt3bggkj1j3HLc7SyY6rEUpg.jpeg\",\"contentUrl\":\"https:\/\/skaitytaknyga.lt\/wp-content\/uploads\/2024\/05\/cropped-cropped-cropped-02_00843_jt3bggkj1j3HLc7SyY6rEUpg.jpeg\",\"width\":1600,\"height\":1600,\"caption\":\"skaitytaknyga.lt\"},\"image\":{\"@id\":\"https:\/\/skaitytaknyga.lt\/#\/schema\/logo\/image\/\"},\"sameAs\":[\"https:\/\/www.facebook.com\/skaitytaknyga\/\"]}]}<\/script>\n<!-- \/ Yoast SEO plugin. -->","yoast_head_json":{"title":"Psichoterapeutas","description":"Alisai ir Leo \u012fsikraus\u010dius \u012f k\u0105 tik renovuot\u0105 nam\u0105 Rate, \u2013 u\u017edarame neeilini\u0173 gyventoj\u0173 rajone, \u2013 galima pamanyti, kad visos poros svajon\u0117s pagaliau","robots":{"index":"index","follow":"follow","max-snippet":"max-snippet:-1","max-image-preview":"max-image-preview:large","max-video-preview":"max-video-preview:-1"},"canonical":"https:\/\/skaitytaknyga.lt\/en\/produktas\/psichoterapeutas\/","og_locale":"en_GB","og_type":"article","og_title":"[:lt]Psichoterapeutas[:] - Skaitytaknyga","og_description":"Alisai ir Leo \u012fsikraus\u010dius \u012f k\u0105 tik renovuot\u0105 nam\u0105 Rate, \u2013 u\u017edarame neeilini\u0173 gyventoj\u0173 rajone, \u2013 galima pamanyti, kad visos poros svajon\u0117s pagaliau","og_url":"https:\/\/skaitytaknyga.lt\/en\/produktas\/psichoterapeutas\/","og_site_name":"Skaitytaknyga","article_publisher":"https:\/\/www.facebook.com\/skaitytaknyga\/","article_modified_time":"2026-03-10T19:40:34+00:00","og_image":[{"width":300,"height":451,"url":"https:\/\/skaitytaknyga.lt\/wp-content\/uploads\/2025\/10\/Psichoterapeutas-1.webp","type":"image\/webp"}],"twitter_card":"summary_large_image","twitter_misc":{"Estimated reading time":"1 minute"},"schema":{"@context":"https:\/\/schema.org","@graph":[{"@type":"WebPage","@id":"https:\/\/skaitytaknyga.lt\/produktas\/psichoterapeutas\/","url":"https:\/\/skaitytaknyga.lt\/produktas\/psichoterapeutas\/","name":"Psichoterapeutas","isPartOf":{"@id":"https:\/\/skaitytaknyga.lt\/#website"},"primaryImageOfPage":{"@id":"https:\/\/skaitytaknyga.lt\/produktas\/psichoterapeutas\/#primaryimage"},"image":{"@id":"https:\/\/skaitytaknyga.lt\/produktas\/psichoterapeutas\/#primaryimage"},"thumbnailUrl":"https:\/\/skaitytaknyga.lt\/wp-content\/uploads\/2025\/10\/Psichoterapeutas-1.webp","datePublished":"2025-10-03T06:10:56+00:00","dateModified":"2026-03-10T19:40:34+00:00","description":"Alisai ir Leo \u012fsikraus\u010dius \u012f k\u0105 tik renovuot\u0105 nam\u0105 Rate, \u2013 u\u017edarame neeilini\u0173 gyventoj\u0173 rajone, \u2013 galima pamanyti, kad visos poros svajon\u0117s pagaliau","breadcrumb":{"@id":"https:\/\/skaitytaknyga.lt\/produktas\/psichoterapeutas\/#breadcrumb"},"inLanguage":"en-GB","potentialAction":[{"@type":"ReadAction","target":["https:\/\/skaitytaknyga.lt\/produktas\/psichoterapeutas\/"]}]},{"@type":"ImageObject","inLanguage":"en-GB","@id":"https:\/\/skaitytaknyga.lt\/produktas\/psichoterapeutas\/#primaryimage","url":"https:\/\/skaitytaknyga.lt\/wp-content\/uploads\/2025\/10\/Psichoterapeutas-1.webp","contentUrl":"https:\/\/skaitytaknyga.lt\/wp-content\/uploads\/2025\/10\/Psichoterapeutas-1.webp","width":300,"height":451,"caption":"Psichoterapeutas"},{"@type":"BreadcrumbList","@id":"https:\/\/skaitytaknyga.lt\/produktas\/psichoterapeutas\/#breadcrumb","itemListElement":[{"@type":"ListItem","position":1,"name":"Home","item":"https:\/\/skaitytaknyga.lt\/"},{"@type":"ListItem","position":2,"name":"Parduotuv\u0117","item":"https:\/\/skaitytaknyga.lt\/knygu-parduotuve\/"},{"@type":"ListItem","position":3,"name":"Psichoterapeutas"}]},{"@type":"WebSite","@id":"https:\/\/skaitytaknyga.lt\/#website","url":"https:\/\/skaitytaknyga.lt\/","name":"skaitytaknyga.lt","description":"Skaitytaknyga.lt \u2013 tai ma\u017eas \u0161eimos verslas, kuris prasid\u0117jo nuo meil\u0117s knygoms ir siekio i\u0161gelb\u0117ti knygas nuo likimo prie konteinerio. Kas vienam nereikalingas daiktas \u2013 kitam lobis, o mes esame tarpininkai, kurie padeda abiems tapti laimingesniems ???? \u017dinome kaip nelengva i\u0161gyventi ma\u017eiems verslams, tad nuo \u0161iol, \u010dia rasite ir kit\u0173, ma\u017e\u0173 \u0161eim\u0173 versl\u0173, rank\u0173 darbo, dovan\u0173 sau ir artimiesiems.","publisher":{"@id":"https:\/\/skaitytaknyga.lt\/#organization"},"potentialAction":[{"@type":"SearchAction","target":{"@type":"EntryPoint","urlTemplate":"https:\/\/skaitytaknyga.lt\/?s={search_term_string}"},"query-input":{"@type":"PropertyValueSpecification","valueRequired":true,"valueName":"search_term_string"}}],"inLanguage":"en-GB"},{"@type":"Organization","@id":"https:\/\/skaitytaknyga.lt\/#organization","name":"skaitytaknyga.lt","url":"https:\/\/skaitytaknyga.lt\/","logo":{"@type":"ImageObject","inLanguage":"en-GB","@id":"https:\/\/skaitytaknyga.lt\/#\/schema\/logo\/image\/","url":"https:\/\/skaitytaknyga.lt\/wp-content\/uploads\/2024\/05\/cropped-cropped-cropped-02_00843_jt3bggkj1j3HLc7SyY6rEUpg.jpeg","contentUrl":"https:\/\/skaitytaknyga.lt\/wp-content\/uploads\/2024\/05\/cropped-cropped-cropped-02_00843_jt3bggkj1j3HLc7SyY6rEUpg.jpeg","width":1600,"height":1600,"caption":"skaitytaknyga.lt"},"image":{"@id":"https:\/\/skaitytaknyga.lt\/#\/schema\/logo\/image\/"},"sameAs":["https:\/\/www.facebook.com\/skaitytaknyga\/"]}]}},"_links":{"self":[{"href":"https:\/\/skaitytaknyga.lt\/en\/wp-json\/wp\/v2\/product\/21180","targetHints":{"allow":["GET"]}}],"collection":[{"href":"https:\/\/skaitytaknyga.lt\/en\/wp-json\/wp\/v2\/product"}],"about":[{"href":"https:\/\/skaitytaknyga.lt\/en\/wp-json\/wp\/v2\/types\/product"}],"replies":[{"embeddable":true,"href":"https:\/\/skaitytaknyga.lt\/en\/wp-json\/wp\/v2\/comments?post=21180"}],"wp:featuredmedia":[{"embeddable":true,"href":"https:\/\/skaitytaknyga.lt\/en\/wp-json\/wp\/v2\/media\/21185"}],"wp:attachment":[{"href":"https:\/\/skaitytaknyga.lt\/en\/wp-json\/wp\/v2\/media?parent=21180"}],"wp:term":[{"taxonomy":"product_brand","embeddable":true,"href":"https:\/\/skaitytaknyga.lt\/en\/wp-json\/wp\/v2\/product_brand?post=21180"},{"taxonomy":"product_cat","embeddable":true,"href":"https:\/\/skaitytaknyga.lt\/en\/wp-json\/wp\/v2\/product_cat?post=21180"},{"taxonomy":"product_tag","embeddable":true,"href":"https:\/\/skaitytaknyga.lt\/en\/wp-json\/wp\/v2\/product_tag?post=21180"}],"curies":[{"name":"wp","href":"https:\/\/api.w.org\/{rel}","templated":true}]}}